{"id":10789,"date":"2024-05-04T15:29:12","date_gmt":"2024-05-04T07:29:12","guid":{"rendered":"https:\/\/www.omccable.com\/?post_type=product&#038;p=10789"},"modified":"2024-07-27T11:29:16","modified_gmt":"2024-07-27T03:29:16","slug":"1f-4-8mm-sm-ftth-drop-cable-lszh-double-sheath","status":"publish","type":"product","link":"https:\/\/www.omccable.com\/es\/producto\/1f-4-8mm-sm-ftth-drop-cable-lszh-double-sheath\/","title":{"rendered":"Cable de acometida 1F 4,8 mm SM FTTH LSZH -Doble funda"},"content":{"rendered":"<p>Cable de acometida SM FTTH de 1F de 4,5 mm El cable de doble funda LSZH utiliza un subcable de 2,0 mm de di\u00e1metro exterior como medio de comunicaci\u00f3n \u00f3ptica, el subcable est\u00e1 envuelto con una capa de hilo de aramida como unidad de elemento de resistencia y el cable se completa con una cubierta LSZH.<\/p>\n<p>&nbsp;<\/p>\n<p><strong><b>Normas<\/b><\/strong><\/p>\n<p>Cumple con la norma GR-409, IEC 60794-2-10\/11, cumple con los requisitos de aprobaci\u00f3n UL para OFNR y OFNP.<\/p>\n<p>&nbsp;<\/p>\n<p><strong><b>Especificaci\u00f3n<\/b><\/strong><\/p>\n<table>\n<tbody>\n<tr>\n<td colspan=\"2\" width=\"424\"><strong>Elementos<\/strong><\/td>\n<td width=\"254\"><strong>Descripci\u00f3n<\/strong><\/td>\n<\/tr>\n<tr>\n<td colspan=\"2\" width=\"424\">N\u00famero de fibras<\/td>\n<td width=\"254\">1P<\/td>\n<\/tr>\n<tr>\n<td colspan=\"2\" width=\"424\">Tipo de fibra<\/td>\n<td width=\"254\">G657A2 y G657B3<\/td>\n<\/tr>\n<tr>\n<td rowspan=\"3\" width=\"271\">Zona de influencia semiestrecha<\/td>\n<td width=\"152\">Materiales<\/td>\n<td width=\"254\">PVC y LSZH<\/td>\n<\/tr>\n<tr>\n<td width=\"152\">Di\u00e1metro<\/td>\n<td width=\"254\">0,9 \u00b1 0,05 mm<\/td>\n<\/tr>\n<tr>\n<td width=\"152\">Colores<\/td>\n<td width=\"254\">Blanco y azul<\/td>\n<\/tr>\n<tr>\n<td width=\"271\">Miembro de fuerza<\/td>\n<td width=\"152\">Materiales<\/td>\n<td width=\"254\">Hilo de aramida + hilo de vidrio E<\/td>\n<\/tr>\n<tr>\n<td rowspan=\"3\" width=\"271\">Funda interior<\/td>\n<td width=\"152\">Materiales<\/td>\n<td width=\"254\">LSZH<\/td>\n<\/tr>\n<tr>\n<td width=\"152\">Color<\/td>\n<td width=\"254\">Blanco y amarillo<\/td>\n<\/tr>\n<tr>\n<td width=\"152\">Di\u00e1metro<\/td>\n<td width=\"254\">1,8-2,0 mm<\/td>\n<\/tr>\n<tr>\n<td rowspan=\"3\" width=\"271\">Funda exterior<\/td>\n<td width=\"152\">Materiales<\/td>\n<td width=\"254\">LSZH<\/td>\n<\/tr>\n<tr>\n<td width=\"152\">Color<\/td>\n<td width=\"254\">Negro<\/td>\n<\/tr>\n<tr>\n<td width=\"152\">Di\u00e1metro<\/td>\n<td width=\"254\">4,8 \u00b1 0,2 mm<\/td>\n<\/tr>\n<tr>\n<td colspan=\"2\" width=\"424\">Peso del cable<\/td>\n<td width=\"254\">23,7 kg\/km<\/td>\n<\/tr>\n<\/tbody>\n<\/table>\n<p>&nbsp;<\/p>\n<p><strong><em><b><i>PAR\u00c1METROS MEC\u00c1NICOS DEL CABLE<\/i><\/b><\/em><\/strong><\/p>\n<table>\n<tbody>\n<tr>\n<td width=\"207\"><strong>Art\u00edculo<\/strong><\/td>\n<td width=\"216\"><strong>Contenido<\/strong><\/td>\n<td width=\"256\"><strong>Valor<\/strong><\/td>\n<\/tr>\n<tr>\n<td rowspan=\"2\" width=\"207\">Carga de tracci\u00f3n<\/td>\n<td width=\"216\">Corto plazo<\/td>\n<td width=\"256\">Deformaci\u00f3n de fibra 250N\u22640,33%<\/td>\n<\/tr>\n<tr>\n<td width=\"216\">Largo plazo<\/td>\n<td width=\"256\">100N<\/td>\n<\/tr>\n<tr>\n<td rowspan=\"2\" width=\"207\">Resistencia al aplastamiento<\/td>\n<td width=\"216\">Corto plazo<\/td>\n<td width=\"256\">500<\/td>\n<\/tr>\n<tr>\n<td width=\"216\">Largo plazo<\/td>\n<td width=\"256\">100<\/td>\n<\/tr>\n<tr>\n<td rowspan=\"2\" width=\"207\">M\u00edn. radio de curvatura<\/td>\n<td width=\"216\">Instalaci\u00f3n<\/td>\n<td width=\"256\">20 x di\u00e1metro del cable<\/td>\n<\/tr>\n<tr>\n<td width=\"216\">Operaci\u00f3n<\/td>\n<td width=\"256\">10 x di\u00e1metro del cable<\/td>\n<\/tr>\n<\/tbody>\n<\/table>\n<p><strong><em><i>\u00a0<\/i><\/em><\/strong><\/p>\n<p><strong><em><b><i>PAR\u00c1METROS AMBIENTALES<\/i><\/b><\/em><\/strong><\/p>\n<table>\n<tbody>\n<tr>\n<td width=\"168\"><strong><em><i>Art\u00edculo<\/i><\/em><\/strong><\/td>\n<td width=\"264\"><strong><em><i>Est\u00e1ndar<\/i><\/em><\/strong><\/td>\n<td width=\"257\"><strong><em><i>Especificaci\u00f3n<\/i><\/em><\/strong><\/td>\n<\/tr>\n<tr>\n<td rowspan=\"2\" width=\"168\"><em><i>Ambiental<\/i><\/em><\/td>\n<td width=\"264\"><em><i>IEC-60794-1-22-F5B<\/i><\/em><\/td>\n<td width=\"257\"><em><i>Sin penetraci\u00f3n de agua<\/i><\/em><\/td>\n<\/tr>\n<tr>\n<td width=\"264\"><em><i>IEC-60794-1-22-F9<\/i><\/em><\/td>\n<td width=\"257\"><em><i>\u22640,1 dB\/km m\u00e1x. cambio de atenuaci\u00f3n permitido<\/i><\/em><\/td>\n<\/tr>\n<tr>\n<td width=\"168\"><em><i>Rango de temperatura de aplicaci\u00f3n<\/i><\/em><\/td>\n<td width=\"264\"><em><i>Rango de temperatura de aplicaci\u00f3n<\/i><\/em><em><i>\u2103<\/i><\/em><\/td>\n<td width=\"257\"><em><i>Operaci\u00f3n:  \u2013 10<\/i><\/em><em><i>\u2103<\/i><\/em><em><i>\u00a0~ +<\/i><\/em><em><i>7<\/i><\/em><em><i>0<\/i><\/em><em><i>\u2103<\/i><\/em><\/p>\n<p><em><i>Instalaci\u00f3n: \u00a0<\/i><\/em><em><i>\u2013<\/i><\/em><em><i>4<\/i><\/em><em><i>0 \u2103<\/i><\/em><em><i>\u00a0~ +70<\/i><\/em><em><i>\u2103<\/i><\/em><\/p>\n<p><em><i>Almacenamiento\/transporte:  \u2013 <\/i><\/em><em><i>4<\/i><\/em><em><i>0<\/i><\/em><em><i>\u2103<\/i><\/em><em><i>\u00a0~ +<\/i><\/em><em><i>7<\/i><\/em><em><i>0<\/i><\/em><em><i>\u2103<\/i><\/em><\/td>\n<\/tr>\n<\/tbody>\n<\/table>\n<p>&nbsp;<\/p>\n<p><strong><em><b><i>Tipo y propiedades de fibra \u00f3ptica<\/i><\/b><\/em><\/strong><\/p>\n<table>\n<tbody>\n<tr>\n<td rowspan=\"2\" width=\"186\"><strong><em><b><i>Par\u00e1metro<\/i><\/b><\/em><\/strong><\/td>\n<td rowspan=\"2\" width=\"95\"><strong><em><b><i>Condiciones<\/i><\/b><\/em><\/strong><\/td>\n<td rowspan=\"2\" width=\"84\"><strong><em><b><i>Unidades<\/i><\/b><\/em><\/strong><\/td>\n<td colspan=\"4\" width=\"328\"><strong><em><b><i>Valor<\/i><\/b><\/em><\/strong><\/td>\n<\/tr>\n<tr>\n<td width=\"84\"><strong><em><b><i>G652D<\/i><\/b><\/em><\/strong><\/td>\n<td width=\"84\"><strong><em><b><i>G657A1<\/i><\/b><\/em><\/strong><\/td>\n<td width=\"84\"><strong><em><b><i>G657A2<\/i><\/b><\/em><\/strong><\/td>\n<td width=\"75\"><strong><em><b><i>G657B3<\/i><\/b><\/em><\/strong><\/td>\n<\/tr>\n<tr>\n<td colspan=\"3\" width=\"366\"><strong><em><b><i>Especificaci\u00f3n \u00f3ptica<\/i><\/b><\/em><\/strong><\/td>\n<td colspan=\"4\" width=\"328\"><strong><em><b><i>\u3000<\/i><\/b><\/em><\/strong><\/td>\n<\/tr>\n<tr>\n<td rowspan=\"4\" width=\"186\"><em><i>Atenuaci\u00f3n<\/i><\/em><\/td>\n<td width=\"95\"><em><i>1310 nm<\/i><\/em><\/td>\n<td width=\"84\"><em><i>dB\/km<\/i><\/em><\/td>\n<td width=\"84\"><em><i>\u22640,350<\/i><\/em><\/td>\n<td width=\"84\"><em><i>\u22640,350<\/i><\/em><\/td>\n<td width=\"84\"><em><i>\u22640,350<\/i><\/em><\/td>\n<td width=\"75\"><em><i>\u22640,350<\/i><\/em><\/td>\n<\/tr>\n<tr>\n<td width=\"95\"><em><i>1383 nm<\/i><\/em><\/td>\n<td width=\"84\"><em><i>dB\/km<\/i><\/em><\/td>\n<td width=\"84\"><em><i>\u2264<\/i><\/em><em><i>0.330<\/i><\/em><\/td>\n<td width=\"84\"><em><i>\u2264<\/i><\/em><em><i>0.350<\/i><\/em><\/td>\n<td width=\"84\"><em><i>\u2264<\/i><\/em><em><i>0.350<\/i><\/em><\/td>\n<td width=\"75\"><em><i>\u2264<\/i><\/em><em><i>0.350<\/i><\/em><\/td>\n<\/tr>\n<tr>\n<td width=\"95\"><em><i>1550 nm<\/i><\/em><\/td>\n<td width=\"84\"><em><i>dB\/km<\/i><\/em><\/td>\n<td width=\"84\"><em><i>\u2264<\/i><\/em><em><i>0.210<\/i><\/em><\/td>\n<td width=\"84\"><em><i>\u2264<\/i><\/em><em><i>0.210<\/i><\/em><\/td>\n<td width=\"84\"><em><i>\u2264<\/i><\/em><em><i>0.210<\/i><\/em><\/td>\n<td width=\"75\"><em><i>\u2264<\/i><\/em><em><i>0.210<\/i><\/em><\/td>\n<\/tr>\n<tr>\n<td width=\"95\"><em><i>1625 nan\u00f3metro<\/i><\/em><\/td>\n<td width=\"84\"><em><i>dB\/km<\/i><\/em><\/td>\n<td width=\"84\"><em><i>\u2264<\/i><\/em><em><i>0.240<\/i><\/em><\/td>\n<td width=\"84\"><em><i>\u2264<\/i><\/em><em><i>0.230<\/i><\/em><\/td>\n<td width=\"84\"><em><i>\u2264<\/i><\/em><em><i>0.230<\/i><\/em><\/td>\n<td width=\"75\"><em><i>\u2264<\/i><\/em><em><i>0.230<\/i><\/em><\/td>\n<\/tr>\n<tr>\n<td rowspan=\"3\" width=\"186\"><em><i>Atenuaci\u00f3n frente a longitud de onda<\/i><\/em><\/td>\n<td width=\"95\"><em><i>1310 nm VS. 1285-1330 nan\u00f3metro<\/i><\/em><\/td>\n<td width=\"84\"><em><i>dB\/km<\/i><\/em><\/td>\n<td width=\"84\"><em><i>\u2264<\/i><\/em><em><i>0.04<\/i><\/em><\/td>\n<td width=\"84\"><em><i>\u2264<\/i><\/em><em><i>0.04<\/i><\/em><\/td>\n<td width=\"84\"><em><i>\u2264<\/i><\/em><em><i>0.05<\/i><\/em><\/td>\n<td width=\"75\"><em><i>\u2264<\/i><\/em><em><i>0.03<\/i><\/em><\/td>\n<\/tr>\n<tr>\n<td width=\"95\"><em><i>1550 nm VS. 1525-1575 nan\u00f3metro<\/i><\/em><\/td>\n<td width=\"84\"><em><i>dB\/km<\/i><\/em><\/td>\n<td width=\"84\"><em><i>\u2264<\/i><\/em><em><i>0.03<\/i><\/em><\/td>\n<td width=\"84\"><em><i>\u2264<\/i><\/em><em><i>0.03<\/i><\/em><\/td>\n<td width=\"84\"><em><i>\u2264<\/i><\/em><em><i>0.04<\/i><\/em><\/td>\n<td width=\"75\"><em><i>\u2264<\/i><\/em><em><i>0.02<\/i><\/em><\/td>\n<\/tr>\n<tr>\n<td width=\"95\"><em><i>1550 nm VS. 1480-1580 nan\u00f3metro<\/i><\/em><\/td>\n<td width=\"84\"><em><i>dB\/km<\/i><\/em><\/td>\n<td width=\"84\"><em><i>\u2264<\/i><\/em><em><i>0.04<\/i><\/em><\/td>\n<td width=\"84\"><em><i>\u2013<\/i><\/em><\/td>\n<td width=\"84\"><em><i>\u2013<\/i><\/em><\/td>\n<td width=\"75\"><em><i>\u2013<\/i><\/em><\/td>\n<\/tr>\n<tr>\n<td width=\"186\"><em><i>Longitud de onda de dispersi\u00f3n cero<\/i><\/em><\/td>\n<td rowspan=\"2\" width=\"95\"><em><i>\\<\/i><\/em><\/td>\n<td width=\"84\"><em><i>nm<\/i><\/em><\/td>\n<td width=\"84\"><em><i>1300-1324<\/i><\/em><\/td>\n<td width=\"84\"><em><i>1300-1324<\/i><\/em><\/td>\n<td width=\"84\"><em><i>1300-1324<\/i><\/em><\/td>\n<td width=\"75\"><em><i>1300-1324<\/i><\/em><\/td>\n<\/tr>\n<tr>\n<td width=\"186\"><em><i>Pendiente de dispersi\u00f3n cero<\/i><\/em><\/td>\n<td width=\"84\"><em><i>ps\/(nm<\/i><\/em><em><sup><i>2<\/i><\/sup><\/em><em><i>\u00b7km)<\/i><\/em><\/td>\n<td width=\"84\"><em><i>0.073-0.092<\/i><\/em><\/td>\n<td width=\"84\"><em><i>0.073-0.092<\/i><\/em><\/td>\n<td width=\"84\"><em><i>0.073-0.092<\/i><\/em><\/td>\n<td width=\"75\"><em><i>\u2264<\/i><\/em><em><i>0.092<\/i><\/em><\/td>\n<\/tr>\n<tr>\n<td rowspan=\"2\" width=\"186\"><em><i>Dispersi\u00f3n<\/i><\/em><\/td>\n<td width=\"95\"><em><i>1550 nm<\/i><\/em><\/td>\n<td width=\"84\"><em><i>ps\/(nm\u00b7km)<\/i><\/em><\/td>\n<td width=\"84\"><em><i>13.3-18.6<\/i><\/em><\/td>\n<td width=\"84\"><em><i>13.3-18.6<\/i><\/em><\/td>\n<td width=\"84\"><em><i>13.3-18.6<\/i><\/em><\/td>\n<td width=\"75\"><em><i>\u3000<\/i><\/em><\/td>\n<\/tr>\n<tr>\n<td width=\"95\"><em><i>1625 nan\u00f3metro<\/i><\/em><\/td>\n<td width=\"84\"><em><i>ps\/(nm\u00b7km)<\/i><\/em><\/td>\n<td width=\"84\"><em><i>17.2-23.7<\/i><\/em><\/td>\n<td width=\"84\"><em><i>17.2-23.7<\/i><\/em><\/td>\n<td width=\"84\"><em><i>17.2-23.7<\/i><\/em><\/td>\n<td width=\"75\"><em><i>\u3000<\/i><\/em><\/td>\n<\/tr>\n<tr>\n<td colspan=\"2\" width=\"281\"><em><i>Dispersi\u00f3n del modo de polarizaci\u00f3n (PMD)<\/i><\/em><\/td>\n<td width=\"84\"><em><i>ps\/\u221akm<\/i><\/em><\/td>\n<td width=\"84\"><em><i>\u2264<\/i><\/em><em><i>0.2<\/i><\/em><\/td>\n<td width=\"84\"><em><i>\u2264<\/i><\/em><em><i>0.2<\/i><\/em><\/td>\n<td width=\"84\"><em><i>\u2264<\/i><\/em><em><i>0.2<\/i><\/em><\/td>\n<td width=\"75\"><em><i>\u2264<\/i><\/em><em><i>0.2<\/i><\/em><\/td>\n<\/tr>\n<tr>\n<td width=\"186\"><em><i>Longitud de onda de corte \u03bbcc<\/i><\/em><\/td>\n<td width=\"95\"><em><i>\u2013<\/i><\/em><\/td>\n<td width=\"84\"><em><i>nm<\/i><\/em><\/td>\n<td width=\"84\"><em><i>\u2264<\/i><\/em><em><i>1260<\/i><\/em><\/td>\n<td width=\"84\"><em><i>\u2264<\/i><\/em><em><i>1260<\/i><\/em><\/td>\n<td width=\"84\"><em><i>\u2264<\/i><\/em><em><i>1260<\/i><\/em><\/td>\n<td width=\"75\"><em><i>\u2264<\/i><\/em><em><i>1260<\/i><\/em><\/td>\n<\/tr>\n<tr>\n<td rowspan=\"2\" width=\"186\"><em><i>Di\u00e1metro de campo modal (MFD)<\/i><\/em><\/td>\n<td width=\"95\"><em><i>1310 nm<\/i><\/em><\/td>\n<td width=\"84\"><em><i>\u00b5m<\/i><\/em><\/td>\n<td width=\"84\"><em><i>9,2\u00b10,4<\/i><\/em><\/td>\n<td width=\"84\"><em><i>9,2\u00b10,4<\/i><\/em><\/td>\n<td width=\"84\"><em><i>8,6\u00b10,4<\/i><\/em><\/td>\n<td width=\"75\"><em><i>8,6\u00b10,4<\/i><\/em><\/td>\n<\/tr>\n<tr>\n<td width=\"95\"><em><i>1550 nm<\/i><\/em><\/td>\n<td width=\"84\"><em><i>\u00b5m<\/i><\/em><\/td>\n<td width=\"84\"><em><i>10,4\u00b10,5<\/i><\/em><\/td>\n<td width=\"84\"><em><i>10,4\u00b10,5<\/i><\/em><\/td>\n<td width=\"84\"><em><i>9,6\u00b10,5<\/i><\/em><\/td>\n<td width=\"75\"><em><i>9,6\u00b10,5<\/i><\/em><\/td>\n<\/tr>\n<tr>\n<td rowspan=\"2\" width=\"186\"><em><i>Discontinuidad de atenuaci\u00f3n<\/i><\/em><\/td>\n<td width=\"95\"><em><i>1310 nm<\/i><\/em><\/td>\n<td width=\"84\"><em><i>dB<\/i><\/em><\/td>\n<td width=\"84\"><em><i>\u2264<\/i><\/em><em><i>0.03<\/i><\/em><\/td>\n<td width=\"84\"><em><i>\u2264<\/i><\/em><em><i>0.03<\/i><\/em><\/td>\n<td width=\"84\"><em><i>\u2264<\/i><\/em><em><i>0.03<\/i><\/em><\/td>\n<td width=\"75\"><em><i>\u2264<\/i><\/em><em><i>0.03<\/i><\/em><\/td>\n<\/tr>\n<tr>\n<td width=\"95\"><em><i>1550 nm<\/i><\/em><\/td>\n<td width=\"84\"><em><i>dB<\/i><\/em><\/td>\n<td width=\"84\"><em><i>\u2264<\/i><\/em><em><i>0.03<\/i><\/em><\/td>\n<td width=\"84\"><em><i>\u2264<\/i><\/em><em><i>0.03<\/i><\/em><\/td>\n<td width=\"84\"><em><i>\u2264<\/i><\/em><em><i>0.03<\/i><\/em><\/td>\n<td width=\"75\"><em><i>\u2264<\/i><\/em><em><i>0.03<\/i><\/em><\/td>\n<\/tr>\n<tr>\n<td rowspan=\"2\" width=\"186\"><em><i>Atenuaci\u00f3n bidireccional<\/i><\/em><\/td>\n<td width=\"95\"><em><i>1310 nm<\/i><\/em><\/td>\n<td width=\"84\"><em><i>dB\/km<\/i><\/em><\/td>\n<td width=\"84\"><em><i>\u2264<\/i><\/em><em><i>0.04<\/i><\/em><\/td>\n<td width=\"84\"><em><i>\u3000<\/i><\/em><\/td>\n<td width=\"84\"><em><i>\u3000<\/i><\/em><\/td>\n<td width=\"75\"><em><i>\u2264<\/i><\/em><em><i>0.05<\/i><\/em><\/td>\n<\/tr>\n<tr>\n<td width=\"95\"><em><i>1550 nm<\/i><\/em><\/td>\n<td width=\"84\"><em><i>dB\/km<\/i><\/em><\/td>\n<td width=\"84\"><em><i>\u2264<\/i><\/em><em><i>0.04<\/i><\/em><\/td>\n<td width=\"84\"><em><i>\u3000<\/i><\/em><\/td>\n<td width=\"84\"><em><i>\u3000<\/i><\/em><\/td>\n<td width=\"75\"><em><i>\u2264<\/i><\/em><em><i>0.05<\/i><\/em><\/td>\n<\/tr>\n<tr>\n<td colspan=\"3\" width=\"366\"><strong><em><b><i>Geom\u00e9trico<\/i><\/b><\/em><\/strong><\/td>\n<td colspan=\"4\" width=\"328\"><em><i>\u3000<\/i><\/em><\/td>\n<\/tr>\n<tr>\n<td colspan=\"2\" width=\"281\"><em><i>Di\u00e1metro del revestimiento<\/i><\/em><\/td>\n<td width=\"84\"><em><i>\u00b5m<\/i><\/em><\/td>\n<td width=\"84\"><em><i>125\u00b10,7<\/i><\/em><\/td>\n<td width=\"84\"><em><i>125\u00b10,7<\/i><\/em><\/td>\n<td width=\"84\"><em><i>125\u00b10,7<\/i><\/em><\/td>\n<td width=\"75\"><em><i>125\u00b10,7<\/i><\/em><\/td>\n<\/tr>\n<tr>\n<td colspan=\"2\" width=\"281\"><em><i>No circularidad del revestimiento<\/i><\/em><\/td>\n<td width=\"84\"><em><i>%<\/i><\/em><\/td>\n<td width=\"84\"><em><i>\u22641,0<\/i><\/em><\/td>\n<td width=\"84\"><em><i>\u22641,0<\/i><\/em><\/td>\n<td width=\"84\"><em><i>\u22640,8<\/i><\/em><\/td>\n<td width=\"75\"><em><i>\u22640,7<\/i><\/em><\/td>\n<\/tr>\n<tr>\n<td colspan=\"2\" width=\"281\"><em><i>Error de concentricidad del n\u00facleo\/revestimiento<\/i><\/em><\/td>\n<td width=\"84\"><em><i>\u00b5m<\/i><\/em><\/td>\n<td width=\"84\"><em><i>\u22640,6<\/i><\/em><\/td>\n<td width=\"84\"><em><i>\u22640,5<\/i><\/em><\/td>\n<td width=\"84\"><em><i>\u22640,5<\/i><\/em><\/td>\n<td width=\"75\"><em><i>\u22640,5<\/i><\/em><\/td>\n<\/tr>\n<tr>\n<td colspan=\"2\" rowspan=\"2\" width=\"281\"><em><i>Di\u00e1metro del revestimiento (sin color)<\/i><\/em><\/td>\n<td width=\"84\"><em><i>\u00b5m<\/i><\/em><\/td>\n<td colspan=\"4\" width=\"328\"><em><i>242\u00b17 (est\u00e1ndar)<\/i><\/em><\/td>\n<\/tr>\n<tr>\n<td width=\"84\"><em><i>\u00b5m<\/i><\/em><\/td>\n<td colspan=\"4\" width=\"328\"><em><i>200\u00b110 (opcional)<\/i><\/em><\/td>\n<\/tr>\n<tr>\n<td colspan=\"2\" width=\"281\"><em><i>Error de concentricidad del revestimiento\/revestimiento<\/i><\/em><\/td>\n<td width=\"84\"><em><i>\u00b5m<\/i><\/em><\/td>\n<td width=\"84\"><em><i>\u226412<\/i><\/em><\/td>\n<td width=\"84\"><em><i>\u226412<\/i><\/em><\/td>\n<td width=\"84\"><em><i>\u226412<\/i><\/em><\/td>\n<td width=\"75\"><em><i>\u226412<\/i><\/em><\/td>\n<\/tr>\n<tr>\n<td colspan=\"2\" width=\"281\"><em><i>Rizado<\/i><\/em><\/td>\n<td width=\"84\"><em><i>m<\/i><\/em><\/td>\n<td width=\"84\"><em><i>\u22654<\/i><\/em><\/td>\n<td width=\"84\"><em><i>\u22654<\/i><\/em><\/td>\n<td width=\"84\"><em><i>\u22654<\/i><\/em><\/td>\n<td width=\"75\"><em><i>\u22654<\/i><\/em><\/td>\n<\/tr>\n<tr>\n<td colspan=\"3\" width=\"366\"><strong><em><b><i>Ambiental (1550 nm, 1625 nm)<\/i><\/b><\/em><\/strong><\/td>\n<td colspan=\"4\" width=\"328\"><em><i>\u3000<\/i><\/em><\/td>\n<\/tr>\n<tr>\n<td width=\"186\"><em><i>Ciclos de temperatura<\/i><\/em><\/td>\n<td width=\"95\"><em><i>-60 \u2103 a +85 \u2103<\/i><\/em><\/td>\n<td width=\"84\"><em><i>dB\/km<\/i><\/em><\/td>\n<td width=\"84\"><em><i>\u22640,03<\/i><\/em><\/td>\n<td width=\"84\"><em><i>\u22640,05<\/i><\/em><\/td>\n<td width=\"84\"><em><i>\u22640,05<\/i><\/em><\/td>\n<td width=\"75\"><em><i>\u22640,05<\/i><\/em><\/td>\n<\/tr>\n<tr>\n<td width=\"186\"><em><i>Alto<\/i><\/em><em><i>\u00a0Temperatura y<\/i><\/em><\/p>\n<p><em><i>Alto <\/i><\/em><em><i>Humedad<\/i><\/em><\/td>\n<td width=\"95\"><em><i>85 \u2103, 85% RH, 30 d\u00edas<\/i><\/em><\/td>\n<td width=\"84\"><em><i>dB\/km<\/i><\/em><\/td>\n<td width=\"84\"><em><i>\u22640,03<\/i><\/em><\/td>\n<td width=\"84\"><em><i>\u22640,05<\/i><\/em><\/td>\n<td width=\"84\"><em><i>\u22640,05<\/i><\/em><\/td>\n<td width=\"75\"><em><i>\u22640,05<\/i><\/em><\/td>\n<\/tr>\n<tr>\n<td width=\"186\"><em><i>Inmersi\u00f3n en agua<\/i><\/em><\/td>\n<td width=\"95\"><em><i>23 \u2103, 30 d\u00edas<\/i><\/em><\/td>\n<td width=\"84\"><em><i>dB\/km<\/i><\/em><\/td>\n<td width=\"84\"><em><i>\u22640,03<\/i><\/em><\/td>\n<td width=\"84\"><em><i>\u22640,05<\/i><\/em><\/td>\n<td width=\"84\"><em><i>\u22640,05<\/i><\/em><\/td>\n<td width=\"75\"><em><i>\u22640,05<\/i><\/em><\/td>\n<\/tr>\n<tr>\n<td width=\"186\"><em><i>Envejecimiento a alta temperatura<\/i><\/em><\/td>\n<td width=\"95\"><em><i>85 \u2103, 30 d\u00edas<\/i><\/em><\/td>\n<td width=\"84\"><em><i>dB\/km<\/i><\/em><\/td>\n<td width=\"84\"><em><i>\u22640,03<\/i><\/em><\/td>\n<td width=\"84\"><em><i>\u22640,05<\/i><\/em><\/td>\n<td width=\"84\"><em><i>\u22640,05<\/i><\/em><\/td>\n<td width=\"75\"><em><i>\u22640,05<\/i><\/em><\/td>\n<\/tr>\n<\/tbody>\n<\/table>","protected":false},"excerpt":{"rendered":"<p>Cable de acometida SM FTTH de 1F de 4,5 mm El cable de doble funda LSZH utiliza un subcable de 2,0 mm de di\u00e1metro exterior como medio de comunicaci\u00f3n \u00f3ptica, el subcable est\u00e1 envuelto con una capa de hilo de aramida como unidad de elemento de resistencia y el cable se completa con una cubierta LSZH.   Est\u00e1ndares Cumple con el est\u00e1ndar GR-409, IEC 60794-2-10\/11, cumple con los requisitos de aprobaci\u00f3n UL para OFNR y OFNP.   [\u2026]<\/p>","protected":false},"featured_media":10791,"comment_status":"closed","ping_status":"closed","template":"","meta":{"site-sidebar-layout":"default","site-content-layout":"","ast-site-content-layout":"default","site-content-style":"default","site-sidebar-style":"default","ast-global-header-display":"","ast-banner-title-visibility":"","ast-main-header-display":"","ast-hfb-above-header-display":"","ast-hfb-below-header-display":"","ast-hfb-mobile-header-display":"","site-post-title":"","ast-breadcrumbs-content":"","ast-featured-img":"","footer-sml-layout":"","theme-transparent-header-meta":"default","adv-header-id-meta":"","stick-header-meta":"default","header-above-stick-meta":"","header-main-stick-meta":"","header-below-stick-meta":"","astra-migrate-meta-layouts":"set","ast-page-background-enabled":"default","ast-page-background-meta":{"desktop":{"background-color":"var(--ast-global-color-4)","background-image":"","background-repeat":"repeat","background-position":"center center","background-size":"auto","background-attachment":"scroll","background-type":"","background-media":"","overlay-type":"","overlay-color":"","overlay-gradient":""},"tablet":{"background-color":"","background-image":"","background-repeat":"repeat","background-position":"center center","background-size":"auto","background-attachment":"scroll","background-type":"","background-media":"","overlay-type":"","overlay-color":"","overlay-gradient":""},"mobile":{"background-color":"","background-image":"","background-repeat":"repeat","background-position":"center center","background-size":"auto","background-attachment":"scroll","background-type":"","background-media":"","overlay-type":"","overlay-color":"","overlay-gradient":""}},"ast-content-background-meta":{"desktop":{"background-color":"var(--ast-global-color-5)","background-image":"","background-repeat":"repeat","background-position":"center center","background-size":"auto","background-attachment":"scroll","background-type":"","background-media":"","overlay-type":"","overlay-color":"","overlay-gradient":""},"tablet":{"background-color":"var(--ast-global-color-5)","background-image":"","background-repeat":"repeat","background-position":"center center","background-size":"auto","background-attachment":"scroll","background-type":"","background-media":"","overlay-type":"","overlay-color":"","overlay-gradient":""},"mobile":{"background-color":"var(--ast-global-color-5)","background-image":"","background-repeat":"repeat","background-position":"center center","background-size":"auto","background-attachment":"scroll","background-type":"","background-media":"","overlay-type":"","overlay-color":"","overlay-gradient":""}}},"product_cat":[165,122],"product_tag":[],"class_list":{"0":"post-10789","1":"product","2":"type-product","3":"status-publish","4":"has-post-thumbnail","6":"product_cat-double-sheath-ftth-drop-cable","7":"product_cat-ftth-drop-cable","8":"desktop-align-left","9":"tablet-align-left","10":"mobile-align-left","11":"ast-product-gallery-layout-horizontal-slider","12":"ast-product-tabs-layout-horizontal","14":"first","15":"instock","16":"shipping-taxable","17":"product-type-simple"},"acf":[],"_links":{"self":[{"href":"https:\/\/www.omccable.com\/es\/wp-json\/wp\/v2\/product\/10789","targetHints":{"allow":["GET"]}}],"collection":[{"href":"https:\/\/www.omccable.com\/es\/wp-json\/wp\/v2\/product"}],"about":[{"href":"https:\/\/www.omccable.com\/es\/wp-json\/wp\/v2\/types\/product"}],"replies":[{"embeddable":true,"href":"https:\/\/www.omccable.com\/es\/wp-json\/wp\/v2\/comments?post=10789"}],"version-history":[{"count":3,"href":"https:\/\/www.omccable.com\/es\/wp-json\/wp\/v2\/product\/10789\/revisions"}],"predecessor-version":[{"id":11869,"href":"https:\/\/www.omccable.com\/es\/wp-json\/wp\/v2\/product\/10789\/revisions\/11869"}],"wp:featuredmedia":[{"embeddable":true,"href":"https:\/\/www.omccable.com\/es\/wp-json\/wp\/v2\/media\/10791"}],"wp:attachment":[{"href":"https:\/\/www.omccable.com\/es\/wp-json\/wp\/v2\/media?parent=10789"}],"wp:term":[{"taxonomy":"product_cat","embeddable":true,"href":"https:\/\/www.omccable.com\/es\/wp-json\/wp\/v2\/product_cat?post=10789"},{"taxonomy":"product_tag","embeddable":true,"href":"https:\/\/www.omccable.com\/es\/wp-json\/wp\/v2\/product_tag?post=10789"}],"curies":[{"name":"wp","href":"https:\/\/api.w.org\/{rel}","templated":true}]}}