{"id":10758,"date":"2024-05-04T14:00:26","date_gmt":"2024-05-04T06:00:26","guid":{"rendered":"https:\/\/www.omccable.com\/?post_type=product&#038;p=10758"},"modified":"2024-07-27T11:21:24","modified_gmt":"2024-07-27T03:21:24","slug":"1f-4f-4-5mm-lszh-ftth-drop-cable-g657a2-1000n","status":"publish","type":"product","link":"https:\/\/www.omccable.com\/es\/producto\/1f-4f-4-5mm-lszh-ftth-drop-cable-g657a2-1000n\/","title":{"rendered":"Cable de bajada 1F-4F 4,5 mm LSZH FTTH G657A2 500N"},"content":{"rendered":"<p>Este es un cable blando redondo de 4,5 mm que se utiliza para proyectos FTTH.<\/p>\n<p>&nbsp;<\/p>\n<p><strong>Estructura y par\u00e1metro del cable<\/strong><\/p>\n<p>Nota: los tama\u00f1os y valores sin tolerancias son valores nominales<\/p>\n<table>\n<tbody>\n<tr>\n<td width=\"122\"><strong><b>Art\u00edculo<\/b><\/strong><\/td>\n<td width=\"139\"><strong><b>Contenido<\/b><\/strong><\/td>\n<td width=\"54\"><strong><b>Unidad<\/b><\/strong><\/td>\n<td colspan=\"3\" width=\"324\"><strong><b>Valor<\/b><\/strong><\/td>\n<\/tr>\n<tr>\n<td rowspan=\"3\" width=\"122\">Fibra \u00f3ptica<\/td>\n<td width=\"139\">n\u00famero de modelo<\/td>\n<td width=\"54\">\/<\/td>\n<td colspan=\"3\" width=\"324\">G657A2<\/td>\n<\/tr>\n<tr>\n<td width=\"139\">n\u00famero<\/td>\n<td width=\"54\">\/<\/td>\n<td width=\"147\">1<\/td>\n<td width=\"88\">2<\/td>\n<td width=\"88\">4<\/td>\n<\/tr>\n<tr>\n<td width=\"139\">Color<\/td>\n<td width=\"54\">\/<\/td>\n<td colspan=\"3\" width=\"324\">Naturaleza\u3001naturaleza\u3001naturaleza\u3001naturaleza<\/td>\n<\/tr>\n<tr>\n<td rowspan=\"3\" width=\"122\">Amortiguador estrecho<\/td>\n<td width=\"139\">color<\/td>\n<td width=\"54\">\/<\/td>\n<td colspan=\"3\" width=\"324\">Azul, naranja, verde, marr\u00f3n<\/td>\n<\/tr>\n<tr>\n<td width=\"139\">materiales<\/td>\n<td width=\"54\">\/<\/td>\n<td colspan=\"3\" width=\"324\">LSZH<\/td>\n<\/tr>\n<tr>\n<td width=\"139\">di\u00e1metro<\/td>\n<td width=\"54\">mil\u00edmetros<\/td>\n<td colspan=\"3\" width=\"324\">0,9\u00b10,05<\/td>\n<\/tr>\n<tr>\n<td rowspan=\"2\" width=\"122\">Miembro de fuerza<\/td>\n<td width=\"139\">Materiales<\/td>\n<td width=\"54\">1<\/td>\n<td colspan=\"3\" width=\"324\">Hilo de aramida<\/td>\n<\/tr>\n<tr>\n<td width=\"139\">Materiales<\/td>\n<td width=\"54\">2<\/td>\n<td colspan=\"3\" width=\"324\">Hilo de fibra de vidrio<\/td>\n<\/tr>\n<tr>\n<td rowspan=\"3\" width=\"122\">Chaqueta exterior<\/td>\n<td width=\"139\">Di\u00e1metro<\/td>\n<td width=\"54\">mil\u00edmetros<\/td>\n<td colspan=\"3\" width=\"324\">4,5\u00b10,3<\/td>\n<\/tr>\n<tr>\n<td width=\"139\">Materiales<\/td>\n<td width=\"54\">\/<\/td>\n<td colspan=\"3\" width=\"324\">LSZH<\/td>\n<\/tr>\n<tr>\n<td width=\"139\">Color<\/td>\n<td width=\"54\">\/<\/td>\n<td colspan=\"3\" width=\"324\">blanco<\/td>\n<\/tr>\n<tr>\n<td colspan=\"2\" width=\"262\">Atenuaci\u00f3n del cable<\/td>\n<td width=\"54\">dB\/km<\/td>\n<td colspan=\"3\" width=\"324\">\u2266 0,4 a 1310 nm, \u2266 0,3 a 1550 nm<\/td>\n<\/tr>\n<tr>\n<td colspan=\"2\" width=\"262\">Peso del cable (aprox.)<\/td>\n<td width=\"54\">kg\/km<\/td>\n<td width=\"147\">21.9<\/td>\n<td width=\"88\">23<\/td>\n<td width=\"88\">25<\/td>\n<\/tr>\n<\/tbody>\n<\/table>\n<p>&nbsp;<\/p>\n<p><strong><b>Tipo y propiedades de fibra \u00f3ptica<\/b><\/strong><\/p>\n<table>\n<tbody>\n<tr>\n<td rowspan=\"2\" width=\"186\"><strong><b>Par\u00e1metro<\/b><\/strong><\/td>\n<td rowspan=\"2\" width=\"95\"><strong><b>Condiciones<\/b><\/strong><\/td>\n<td rowspan=\"2\" width=\"84\"><strong><b>Unidades<\/b><\/strong><\/td>\n<td colspan=\"4\" width=\"328\"><strong><b>Valor<\/b><\/strong><\/td>\n<\/tr>\n<tr>\n<td width=\"84\"><strong><b>G652D<\/b><\/strong><\/td>\n<td width=\"84\"><strong><b>G657A1<\/b><\/strong><\/td>\n<td width=\"84\"><strong><b>G657A2<\/b><\/strong><\/td>\n<td width=\"75\"><strong><b>G657B3<\/b><\/strong><\/td>\n<\/tr>\n<tr>\n<td colspan=\"3\" width=\"366\"><strong><b>Especificaci\u00f3n \u00f3ptica<\/b><\/strong><\/td>\n<td colspan=\"4\" width=\"328\"><strong><b>\u3000<\/b><\/strong><\/td>\n<\/tr>\n<tr>\n<td rowspan=\"4\" width=\"186\">Atenuaci\u00f3n<\/td>\n<td width=\"95\">1310 nm<\/td>\n<td width=\"84\">dB\/km<\/td>\n<td width=\"84\">\u22640,350<\/td>\n<td width=\"84\">\u22640,350<\/td>\n<td width=\"84\">\u22640,350<\/td>\n<td width=\"75\">\u22640,350<\/td>\n<\/tr>\n<tr>\n<td width=\"95\">1383 nm<\/td>\n<td width=\"84\">dB\/km<\/td>\n<td width=\"84\">\u22640,330<\/td>\n<td width=\"84\">\u22640,350<\/td>\n<td width=\"84\">\u22640,350<\/td>\n<td width=\"75\">\u22640,350<\/td>\n<\/tr>\n<tr>\n<td width=\"95\">1550 nm<\/td>\n<td width=\"84\">dB\/km<\/td>\n<td width=\"84\">\u22640,210<\/td>\n<td width=\"84\">\u22640,210<\/td>\n<td width=\"84\">\u22640,210<\/td>\n<td width=\"75\">\u22640,210<\/td>\n<\/tr>\n<tr>\n<td width=\"95\">1625 nan\u00f3metro<\/td>\n<td width=\"84\">dB\/km<\/td>\n<td width=\"84\">\u22640,240<\/td>\n<td width=\"84\">\u22640,230<\/td>\n<td width=\"84\">\u22640,230<\/td>\n<td width=\"75\">\u22640,230<\/td>\n<\/tr>\n<tr>\n<td rowspan=\"3\" width=\"186\">Atenuaci\u00f3n frente a longitud de onda<\/td>\n<td width=\"95\">1310 nm VS. 1285-1330 nan\u00f3metro<\/td>\n<td width=\"84\">dB\/km<\/td>\n<td width=\"84\">\u22640,04<\/td>\n<td width=\"84\">\u22640,04<\/td>\n<td width=\"84\">\u22640,05<\/td>\n<td width=\"75\">\u22640,03<\/td>\n<\/tr>\n<tr>\n<td width=\"95\">1550 nm VS. 1525-1575 nan\u00f3metro<\/td>\n<td width=\"84\">dB\/km<\/td>\n<td width=\"84\">\u22640,03<\/td>\n<td width=\"84\">\u22640,03<\/td>\n<td width=\"84\">\u22640,04<\/td>\n<td width=\"75\">\u22640,02<\/td>\n<\/tr>\n<tr>\n<td width=\"95\">1550 nm VS. 1480-1580 nan\u00f3metro<\/td>\n<td width=\"84\">dB\/km<\/td>\n<td width=\"84\">\u22640,04<\/td>\n<td width=\"84\">\u2013<\/td>\n<td width=\"84\">\u2013<\/td>\n<td width=\"75\">\u2013<\/td>\n<\/tr>\n<tr>\n<td width=\"186\">Longitud de onda de dispersi\u00f3n cero<\/td>\n<td rowspan=\"2\" width=\"95\">\\<\/td>\n<td width=\"84\">nm<\/td>\n<td width=\"84\">1300-1324<\/td>\n<td width=\"84\">1300-1324<\/td>\n<td width=\"84\">1300-1324<\/td>\n<td width=\"75\">1300-1324<\/td>\n<\/tr>\n<tr>\n<td width=\"186\">Pendiente de dispersi\u00f3n cero<\/td>\n<td width=\"84\">ps\/(nm<sup>2<\/sup>\u00b7km)<\/td>\n<td width=\"84\">0.073-0.092<\/td>\n<td width=\"84\">0.073-0.092<\/td>\n<td width=\"84\">0.073-0.092<\/td>\n<td width=\"75\">\u22640,092<\/td>\n<\/tr>\n<tr>\n<td rowspan=\"2\" width=\"186\">Dispersi\u00f3n<\/td>\n<td width=\"95\">1550 nm<\/td>\n<td width=\"84\">ps\/(nm\u00b7km)<\/td>\n<td width=\"84\">13.3-18.6<\/td>\n<td width=\"84\">13.3-18.6<\/td>\n<td width=\"84\">13.3-18.6<\/td>\n<td width=\"75\">&nbsp;<\/td>\n<\/tr>\n<tr>\n<td width=\"95\">1625 nan\u00f3metro<\/td>\n<td width=\"84\">ps\/(nm\u00b7km)<\/td>\n<td width=\"84\">17.2-23.7<\/td>\n<td width=\"84\">17.2-23.7<\/td>\n<td width=\"84\">17.2-23.7<\/td>\n<td width=\"75\">&nbsp;<\/td>\n<\/tr>\n<tr>\n<td colspan=\"2\" width=\"281\">Dispersi\u00f3n del modo de polarizaci\u00f3n (PMD)<\/td>\n<td width=\"84\">ps\/\u221akm<\/td>\n<td width=\"84\">\u22640,2<\/td>\n<td width=\"84\">\u22640,2<\/td>\n<td width=\"84\">\u22640,2<\/td>\n<td width=\"75\">\u22640,2<\/td>\n<\/tr>\n<tr>\n<td width=\"186\">Longitud de onda de corte \u03bbcc<\/td>\n<td width=\"95\">\u2013<\/td>\n<td width=\"84\">nm<\/td>\n<td width=\"84\">\u22641260<\/td>\n<td width=\"84\">\u22641260<\/td>\n<td width=\"84\">\u22641260<\/td>\n<td width=\"75\">\u22641260<\/td>\n<\/tr>\n<tr>\n<td rowspan=\"2\" width=\"186\">Di\u00e1metro de campo modal (MFD)<\/td>\n<td width=\"95\">1310 nm<\/td>\n<td width=\"84\">\u00b5m<\/td>\n<td width=\"84\">9,2\u00b10,4<\/td>\n<td width=\"84\">9,2\u00b10,4<\/td>\n<td width=\"84\">8,6\u00b10,4<\/td>\n<td width=\"75\">8,6\u00b10,4<\/td>\n<\/tr>\n<tr>\n<td width=\"95\">1550 nm<\/td>\n<td width=\"84\">\u00b5m<\/td>\n<td width=\"84\">10,4\u00b10,5<\/td>\n<td width=\"84\">10,4\u00b10,5<\/td>\n<td width=\"84\">9,6\u00b10,5<\/td>\n<td width=\"75\">9,6\u00b10,5<\/td>\n<\/tr>\n<tr>\n<td rowspan=\"2\" width=\"186\">Discontinuidad de atenuaci\u00f3n<\/td>\n<td width=\"95\">1310 nm<\/td>\n<td width=\"84\">dB<\/td>\n<td width=\"84\">\u22640,03<\/td>\n<td width=\"84\">\u22640,03<\/td>\n<td width=\"84\">\u22640,03<\/td>\n<td width=\"75\">\u22640,03<\/td>\n<\/tr>\n<tr>\n<td width=\"95\">1550 nm<\/td>\n<td width=\"84\">dB<\/td>\n<td width=\"84\">\u22640,03<\/td>\n<td width=\"84\">\u22640,03<\/td>\n<td width=\"84\">\u22640,03<\/td>\n<td width=\"75\">\u22640,03<\/td>\n<\/tr>\n<tr>\n<td rowspan=\"2\" width=\"186\">Atenuaci\u00f3n bidireccional<\/td>\n<td width=\"95\">1310 nm<\/td>\n<td width=\"84\">dB\/km<\/td>\n<td width=\"84\">\u22640,04<\/td>\n<td width=\"84\">&nbsp;<\/td>\n<td width=\"84\">&nbsp;<\/td>\n<td width=\"75\">\u22640,05<\/td>\n<\/tr>\n<tr>\n<td width=\"95\">1550 nm<\/td>\n<td width=\"84\">dB\/km<\/td>\n<td width=\"84\">\u22640,04<\/td>\n<td width=\"84\">&nbsp;<\/td>\n<td width=\"84\">&nbsp;<\/td>\n<td width=\"75\">\u22640,05<\/td>\n<\/tr>\n<tr>\n<td colspan=\"3\" width=\"366\"><strong><b>Geom\u00e9trico<\/b><\/strong><\/td>\n<td colspan=\"4\" width=\"328\">&nbsp;<\/td>\n<\/tr>\n<tr>\n<td colspan=\"2\" width=\"281\">Di\u00e1metro del revestimiento<\/td>\n<td width=\"84\">\u00b5m<\/td>\n<td width=\"84\">125\u00b10,7<\/td>\n<td width=\"84\">125\u00b10,7<\/td>\n<td width=\"84\">125\u00b10,7<\/td>\n<td width=\"75\">125\u00b10,7<\/td>\n<\/tr>\n<tr>\n<td colspan=\"2\" width=\"281\">No circularidad del revestimiento<\/td>\n<td width=\"84\">%<\/td>\n<td width=\"84\">\u22641,0<\/td>\n<td width=\"84\">\u22641,0<\/td>\n<td width=\"84\">\u22640,8<\/td>\n<td width=\"75\">\u22640,7<\/td>\n<\/tr>\n<tr>\n<td colspan=\"2\" width=\"281\">Error de concentricidad del n\u00facleo\/revestimiento<\/td>\n<td width=\"84\">\u00b5m<\/td>\n<td width=\"84\">\u22640,6<\/td>\n<td width=\"84\">\u22640,5<\/td>\n<td width=\"84\">\u22640,5<\/td>\n<td width=\"75\">\u22640,5<\/td>\n<\/tr>\n<tr>\n<td colspan=\"2\" rowspan=\"2\" width=\"281\">Di\u00e1metro del revestimiento (sin color)<\/td>\n<td width=\"84\">\u00b5m<\/td>\n<td colspan=\"4\" width=\"328\">242\u00b17 (est\u00e1ndar)<\/td>\n<\/tr>\n<tr>\n<td width=\"84\">\u00b5m<\/td>\n<td colspan=\"4\" width=\"328\">200\u00b110 (opcional)<\/td>\n<\/tr>\n<tr>\n<td colspan=\"2\" width=\"281\">Error de concentricidad del revestimiento\/revestimiento<\/td>\n<td width=\"84\">\u00b5m<\/td>\n<td width=\"84\">\u226412<\/td>\n<td width=\"84\">\u226412<\/td>\n<td width=\"84\">\u226412<\/td>\n<td width=\"75\">\u226412<\/td>\n<\/tr>\n<tr>\n<td colspan=\"2\" width=\"281\">Rizado<\/td>\n<td width=\"84\">m<\/td>\n<td width=\"84\">\u22654<\/td>\n<td width=\"84\">\u22654<\/td>\n<td width=\"84\">\u22654<\/td>\n<td width=\"75\">\u22654<\/td>\n<\/tr>\n<tr>\n<td colspan=\"3\" width=\"366\"><strong><b>Ambiental (1550 nm, 1625 nm)<\/b><\/strong><\/td>\n<td colspan=\"4\" width=\"328\">&nbsp;<\/td>\n<\/tr>\n<tr>\n<td width=\"186\">Ciclos de temperatura<\/td>\n<td width=\"95\">-60 \u2103 a +85 \u2103<\/td>\n<td width=\"84\">dB\/km<\/td>\n<td width=\"84\">\u22640,03<\/td>\n<td width=\"84\">\u22640,05<\/td>\n<td width=\"84\">\u22640,05<\/td>\n<td width=\"75\">\u22640,05<\/td>\n<\/tr>\n<tr>\n<td width=\"186\">Alta temperatura y<\/p>\n<p>Alta humedad<\/td>\n<td width=\"95\">85 \u2103, 85% RH, 30 d\u00edas<\/td>\n<td width=\"84\">dB\/km<\/td>\n<td width=\"84\">\u22640,03<\/td>\n<td width=\"84\">\u22640,05<\/td>\n<td width=\"84\">\u22640,05<\/td>\n<td width=\"75\">\u22640,05<\/td>\n<\/tr>\n<tr>\n<td width=\"186\">Inmersi\u00f3n en agua<\/td>\n<td width=\"95\">23 \u2103, 30 d\u00edas<\/td>\n<td width=\"84\">dB\/km<\/td>\n<td width=\"84\">\u22640,03<\/td>\n<td width=\"84\">\u22640,05<\/td>\n<td width=\"84\">\u22640,05<\/td>\n<td width=\"75\">\u22640,05<\/td>\n<\/tr>\n<tr>\n<td width=\"186\">Envejecimiento a alta temperatura<\/td>\n<td width=\"95\">85 \u2103, 30 d\u00edas<\/td>\n<td width=\"84\">dB\/km<\/td>\n<td width=\"84\">\u22640,03<\/td>\n<td width=\"84\">\u22640,05<\/td>\n<td width=\"84\">\u22640,05<\/td>\n<td width=\"75\">\u22640,05<\/td>\n<\/tr>\n<\/tbody>\n<\/table>\n<p>&nbsp;<\/p>\n<p><strong><b>PAR\u00c1METROS MEC\u00c1NICOS DEL CABLE<\/b><\/strong><\/p>\n<table>\n<tbody>\n<tr>\n<td width=\"178\"><strong>Art\u00edculo<\/strong><\/td>\n<td width=\"216\"><strong>Contenido<\/strong><\/td>\n<td width=\"275\"><strong>Valor<\/strong><\/td>\n<\/tr>\n<tr>\n<td rowspan=\"2\" width=\"178\">Carga de tracci\u00f3n<\/td>\n<td width=\"216\">Corto plazo<\/td>\n<td width=\"275\">Deformaci\u00f3n de fibra 500N\u22640,33\uff05<\/td>\n<\/tr>\n<tr>\n<td width=\"216\">Largo plazo<\/td>\n<td width=\"275\">200N<\/td>\n<\/tr>\n<tr>\n<td rowspan=\"2\" width=\"178\">Resistencia al aplastamiento<\/td>\n<td width=\"216\">Corto plazo<\/td>\n<td width=\"275\">750<\/td>\n<\/tr>\n<tr>\n<td width=\"216\">Largo plazo<\/td>\n<td width=\"275\">300<\/td>\n<\/tr>\n<tr>\n<td rowspan=\"2\" width=\"178\">M\u00edn. radio de curvatura<\/td>\n<td width=\"216\">Instalaci\u00f3n<\/td>\n<td width=\"275\">25 x di\u00e1metro del cable<\/td>\n<\/tr>\n<tr>\n<td width=\"216\">Operaci\u00f3n<\/td>\n<td width=\"275\">12,5 x di\u00e1metro del cable<\/td>\n<\/tr>\n<\/tbody>\n<\/table>\n<p><strong>\u00a0<\/strong><\/p>\n<p><strong><b>PAR\u00c1METROS AMBIENTALES<\/b><\/strong><\/p>\n<table>\n<tbody>\n<tr>\n<td width=\"122\"><strong>Art\u00edculo<\/strong><\/td>\n<td width=\"264\"><strong>Est\u00e1ndar<\/strong><\/td>\n<td width=\"289\"><strong>Especificaci\u00f3n<\/strong><\/td>\n<\/tr>\n<tr>\n<td rowspan=\"2\" width=\"122\">Ambiental<\/td>\n<td width=\"264\">IEC-60794-1-22-F5B<\/td>\n<td width=\"289\">Sin penetraci\u00f3n de agua<\/td>\n<\/tr>\n<tr>\n<td width=\"264\">IEC-60794-1-22-F9<\/td>\n<td width=\"289\">\u22640,1 dB\/km m\u00e1x. cambio de atenuaci\u00f3n permitido<\/td>\n<\/tr>\n<tr>\n<td width=\"122\">Rango de temperatura de aplicaci\u00f3n<\/td>\n<td width=\"264\">Rango de temperatura de aplicaci\u00f3n<\/p>\n<p>\u2103<\/td>\n<td width=\"289\">Operaci\u00f3n:  \u2013 10 \u2103 ~ +70 \u2103<\/p>\n<p>Instalaci\u00f3n: -40 \u2103 ~ +70 \u2103<\/p>\n<p>Almacenamiento\/transporte:  \u2013 40 \u2103 ~ +70 \u2103<\/td>\n<\/tr>\n<\/tbody>\n<\/table>\n<p><strong>\u00a0<\/strong><\/p>\n<p><strong><b>Solicitud<\/b><\/strong><\/p>\n<p>Aplicaci\u00f3n a\u00e9rea en exteriores<\/p>\n<p>Utilizado en los proyectos FTTH<\/p>\n<p>Rutas \u00f3pticas de alta velocidad en la construcci\u00f3n<\/p>\n<p>Operaci\u00f3n de red \u00f3ptica de alto rendimiento<\/p>\n<p><strong><b>Carrete<\/b><\/strong><strong><b>\u00a0Caracter\u00edsticas<\/b><\/strong>: LOTE, MARCA, Fecha de fabricaci\u00f3n, Especificaciones del producto, Datos de pruebas de calidad<\/p>","protected":false},"excerpt":{"rendered":"<p>Este es un cable blando redondo de 4,5 mm que se utiliza para proyectos FTTH.   Estructura y par\u00e1metros del cable Nota: los tama\u00f1os y valores sin tolerancias son valores nominales Art\u00edculo Contenido Unidad Valor N\u00famero de modelo de fibra \u00f3ptica \/ N\u00famero G657A2 \/ 1 2 4 Color \/ Naturaleza, naturaleza, naturaleza, naturaleza Color de amortiguaci\u00f3n ajustada \/ Azul, naranja, verde, material marr\u00f3n \/ Di\u00e1metro LSZH mm [\u2026]<\/p>","protected":false},"featured_media":10760,"comment_status":"closed","ping_status":"closed","template":"","meta":{"site-sidebar-layout":"default","site-content-layout":"","ast-site-content-layout":"default","site-content-style":"default","site-sidebar-style":"default","ast-global-header-display":"","ast-banner-title-visibility":"","ast-main-header-display":"","ast-hfb-above-header-display":"","ast-hfb-below-header-display":"","ast-hfb-mobile-header-display":"","site-post-title":"","ast-breadcrumbs-content":"","ast-featured-img":"","footer-sml-layout":"","theme-transparent-header-meta":"default","adv-header-id-meta":"","stick-header-meta":"default","header-above-stick-meta":"","header-main-stick-meta":"","header-below-stick-meta":"","astra-migrate-meta-layouts":"set","ast-page-background-enabled":"default","ast-page-background-meta":{"desktop":{"background-color":"var(--ast-global-color-4)","background-image":"","background-repeat":"repeat","background-position":"center center","background-size":"auto","background-attachment":"scroll","background-type":"","background-media":"","overlay-type":"","overlay-color":"","overlay-gradient":""},"tablet":{"background-color":"","background-image":"","background-repeat":"repeat","background-position":"center center","background-size":"auto","background-attachment":"scroll","background-type":"","background-media":"","overlay-type":"","overlay-color":"","overlay-gradient":""},"mobile":{"background-color":"","background-image":"","background-repeat":"repeat","background-position":"center center","background-size":"auto","background-attachment":"scroll","background-type":"","background-media":"","overlay-type":"","overlay-color":"","overlay-gradient":""}},"ast-content-background-meta":{"desktop":{"background-color":"var(--ast-global-color-5)","background-image":"","background-repeat":"repeat","background-position":"center center","background-size":"auto","background-attachment":"scroll","background-type":"","background-media":"","overlay-type":"","overlay-color":"","overlay-gradient":""},"tablet":{"background-color":"var(--ast-global-color-5)","background-image":"","background-repeat":"repeat","background-position":"center center","background-size":"auto","background-attachment":"scroll","background-type":"","background-media":"","overlay-type":"","overlay-color":"","overlay-gradient":""},"mobile":{"background-color":"var(--ast-global-color-5)","background-image":"","background-repeat":"repeat","background-position":"center center","background-size":"auto","background-attachment":"scroll","background-type":"","background-media":"","overlay-type":"","overlay-color":"","overlay-gradient":""}}},"product_cat":[122,132],"product_tag":[],"class_list":{"0":"post-10758","1":"product","2":"type-product","3":"status-publish","4":"has-post-thumbnail","6":"product_cat-ftth-drop-cable","7":"product_cat-round-ftth-drop-cable","8":"desktop-align-left","9":"tablet-align-left","10":"mobile-align-left","11":"ast-product-gallery-layout-horizontal-slider","12":"ast-product-tabs-layout-horizontal","14":"first","15":"instock","16":"shipping-taxable","17":"product-type-simple"},"acf":[],"_links":{"self":[{"href":"https:\/\/www.omccable.com\/es\/wp-json\/wp\/v2\/product\/10758","targetHints":{"allow":["GET"]}}],"collection":[{"href":"https:\/\/www.omccable.com\/es\/wp-json\/wp\/v2\/product"}],"about":[{"href":"https:\/\/www.omccable.com\/es\/wp-json\/wp\/v2\/types\/product"}],"replies":[{"embeddable":true,"href":"https:\/\/www.omccable.com\/es\/wp-json\/wp\/v2\/comments?post=10758"}],"version-history":[{"count":4,"href":"https:\/\/www.omccable.com\/es\/wp-json\/wp\/v2\/product\/10758\/revisions"}],"predecessor-version":[{"id":11859,"href":"https:\/\/www.omccable.com\/es\/wp-json\/wp\/v2\/product\/10758\/revisions\/11859"}],"wp:featuredmedia":[{"embeddable":true,"href":"https:\/\/www.omccable.com\/es\/wp-json\/wp\/v2\/media\/10760"}],"wp:attachment":[{"href":"https:\/\/www.omccable.com\/es\/wp-json\/wp\/v2\/media?parent=10758"}],"wp:term":[{"taxonomy":"product_cat","embeddable":true,"href":"https:\/\/www.omccable.com\/es\/wp-json\/wp\/v2\/product_cat?post=10758"},{"taxonomy":"product_tag","embeddable":true,"href":"https:\/\/www.omccable.com\/es\/wp-json\/wp\/v2\/product_tag?post=10758"}],"curies":[{"name":"wp","href":"https:\/\/api.w.org\/{rel}","templated":true}]}}