{"id":10746,"date":"2024-05-04T10:10:03","date_gmt":"2024-05-04T02:10:03","guid":{"rendered":"https:\/\/www.omccable.com\/?post_type=product&#038;p=10746"},"modified":"2024-12-09T08:57:16","modified_gmt":"2024-12-09T00:57:16","slug":"1f-3-0mm-tpu-ftth-drop-cable-1000n","status":"publish","type":"product","link":"https:\/\/www.omccable.com\/es\/producto\/1f-3-0mm-tpu-ftth-drop-cable-1000n\/","title":{"rendered":"Cable de bajada FTTH de TPU 1F de 3,0 mm-1000N"},"content":{"rendered":"<p>Este es un cable blando redondo de 3,0 mm utilizado para proyectos FTTH.<\/p>\n<p>&nbsp;<\/p>\n<p><strong>Estructura y par\u00e1metro del cable<\/strong><\/p>\n<table>\n<tbody>\n<tr>\n<td width=\"159\"><strong>Art\u00edculo<\/strong><\/td>\n<td width=\"118\"><strong>Contenido<\/strong><\/td>\n<td width=\"75\"><strong>Unidad<\/strong><\/td>\n<td width=\"349\"><strong>V<\/strong><strong>valor<\/strong><\/td>\n<\/tr>\n<tr>\n<td width=\"159\">Fibra \u00f3ptica<\/td>\n<td width=\"118\">Recuento de fibras<\/td>\n<td width=\"75\">\/<\/td>\n<td width=\"349\">1 n\u00facleo (modo \u00fanico) G657B3<\/td>\n<\/tr>\n<tr>\n<td width=\"159\">Miembro de fuerza<\/td>\n<td width=\"118\">Materiales<\/td>\n<td width=\"75\">\/<\/td>\n<td width=\"349\">Fibra de aramida<\/td>\n<\/tr>\n<tr>\n<td rowspan=\"2\" width=\"159\">Amortiguador estrecho<\/td>\n<td width=\"118\">Materiales<\/td>\n<td width=\"75\">\/<\/td>\n<td width=\"349\">LSZH Azul<\/td>\n<\/tr>\n<tr>\n<td width=\"118\">Di\u00e1metro<\/td>\n<td width=\"75\">mil\u00edmetros<\/td>\n<td width=\"349\">0,85\u00b10,05<\/td>\n<\/tr>\n<tr>\n<td rowspan=\"3\" width=\"159\">Chaqueta exterior<\/td>\n<td width=\"118\">Di\u00e1metro<\/td>\n<td width=\"75\">mil\u00edmetros<\/td>\n<td width=\"349\">3,0\u00b10,2<\/td>\n<\/tr>\n<tr>\n<td width=\"118\">Materiales<\/td>\n<td width=\"75\">\/<\/td>\n<td width=\"349\">TPU<\/td>\n<\/tr>\n<tr>\n<td width=\"118\">Color<\/td>\n<td width=\"75\">\/<\/td>\n<td width=\"349\">Negro<\/td>\n<\/tr>\n<tr>\n<td colspan=\"2\" width=\"277\">Atenuaci\u00f3n del cable<\/td>\n<td width=\"75\">dB\/km<\/td>\n<td width=\"349\">\u2266 0,35 a 1310 nm, \u2266 0,21 a 1550 nm<\/td>\n<\/tr>\n<tr>\n<td colspan=\"2\" width=\"277\">Peso del cable (aprox.)<\/td>\n<td width=\"75\">kg\/km<\/td>\n<td width=\"349\">8.2<\/td>\n<\/tr>\n<tr>\n<td colspan=\"2\" width=\"277\">Intervalo de marcado<\/td>\n<td width=\"75\">\/<\/td>\n<td width=\"349\">Cada 1 metro<\/td>\n<\/tr>\n<tr>\n<td colspan=\"2\" width=\"277\">CUMPLIMIENTO<\/td>\n<td width=\"75\">\/<\/td>\n<td width=\"349\">UIT-T G.657A2, IEC 60794-1-21\uff1b<\/p>\n<p>IEC 60794-1-22, M\u00e9todo, F5<\/td>\n<\/tr>\n<tr>\n<td colspan=\"2\" width=\"277\">M\u00edn. radio de curvatura (sin mensajero)<\/td>\n<td width=\"75\">mil\u00edmetros<\/td>\n<td width=\"349\">Est\u00e1tica: 30 mm; Din\u00e1mico: 60 mm<\/td>\n<\/tr>\n<tr>\n<td colspan=\"2\" width=\"277\">tiempo de vida<\/td>\n<td width=\"75\">A\u00f1o<\/td>\n<td width=\"349\">25<\/td>\n<\/tr>\n<\/tbody>\n<\/table>\n<p>Nota: los tama\u00f1os y valores sin tolerancias son valores nominales<\/p>\n<p>&nbsp;<\/p>\n<p><strong><b>Tipo y propiedades de fibra \u00f3ptica<\/b><\/strong><\/p>\n<table>\n<tbody>\n<tr>\n<td colspan=\"2\" rowspan=\"2\" width=\"415\"><strong>Art\u00edculo<\/strong><\/td>\n<td rowspan=\"2\" width=\"119\"><strong>Unidad<\/strong><\/td>\n<td width=\"163\"><strong>Especificaci\u00f3n<\/strong><\/td>\n<\/tr>\n<tr>\n<td width=\"163\">G.657B3<\/td>\n<\/tr>\n<tr>\n<td rowspan=\"2\" width=\"317\">Di\u00e1metro del campo modal<\/td>\n<td width=\"97\">1310nm<\/td>\n<td width=\"119\">mil\u00edmetros<\/td>\n<td width=\"163\">8,6 \u00b1 0,4<\/td>\n<\/tr>\n<tr>\n<td width=\"97\">1550 nm<\/td>\n<td width=\"119\">mil\u00edmetros<\/td>\n<td width=\"163\">9,6 \u00b1 0,5<\/td>\n<\/tr>\n<tr>\n<td colspan=\"2\" width=\"415\">Di\u00e1metro del revestimiento<\/td>\n<td width=\"119\">mil\u00edmetros<\/td>\n<td width=\"163\">125,0 \u00b1 0,7<\/td>\n<\/tr>\n<tr>\n<td colspan=\"2\" width=\"415\">Falta de circularidad del revestimiento<\/td>\n<td width=\"119\">%<\/td>\n<td width=\"163\">\u00a31.0<\/td>\n<\/tr>\n<tr>\n<td colspan=\"2\" width=\"415\">Error de concentricidad del n\u00facleo<\/td>\n<td width=\"119\">mil\u00edmetros<\/td>\n<td width=\"163\">\u00a30.5<\/td>\n<\/tr>\n<tr>\n<td colspan=\"2\" width=\"415\">Di\u00e1metro del revestimiento<\/td>\n<td width=\"119\">mil\u00edmetros<\/td>\n<td width=\"163\">242 \u00b1 7<\/td>\n<\/tr>\n<tr>\n<td colspan=\"2\" width=\"415\">Error de concentricidad del revestimiento\/revestimiento<\/td>\n<td width=\"119\">mil\u00edmetros<\/td>\n<td width=\"163\">\u00a312<\/td>\n<\/tr>\n<tr>\n<td colspan=\"2\" width=\"415\">Longitud de onda de corte del cable<\/td>\n<td width=\"119\">nm<\/td>\n<td width=\"163\">\u00a3\u00a01260<\/td>\n<\/tr>\n<tr>\n<td colspan=\"2\" width=\"415\">\u03bb Operaci\u00f3n<\/td>\n<td width=\"119\">nm<\/td>\n<td width=\"163\">1270-1610<\/td>\n<\/tr>\n<tr>\n<td rowspan=\"4\" width=\"317\">&nbsp;<\/p>\n<p>Par\u00e1metro de dispersi\u00f3n crom\u00e1tica<\/td>\n<td width=\"97\">\u03bb0 min<\/td>\n<td width=\"119\">nm<\/td>\n<td width=\"163\">1300<\/td>\n<\/tr>\n<tr>\n<td width=\"97\">\u03bb0 m\u00e1x<\/td>\n<td width=\"119\">nm<\/td>\n<td width=\"163\">1324<\/td>\n<\/tr>\n<tr>\n<td width=\"97\">S0 min<\/td>\n<td width=\"119\">ps\/(nm\u00b2xkm)<\/td>\n<td width=\"163\">0.073<\/td>\n<\/tr>\n<tr>\n<td width=\"97\">S0 m\u00e1x.<\/td>\n<td width=\"119\">ps\/(nm\u00b2xkm)<\/td>\n<td width=\"163\">0.092<\/td>\n<\/tr>\n<tr>\n<td rowspan=\"2\" width=\"317\">Coeficiente de atenuaci\u00f3n<\/td>\n<td width=\"97\">1310nm<\/td>\n<td width=\"119\">dB\/km<\/td>\n<td width=\"163\">\u00a30.35<\/td>\n<\/tr>\n<tr>\n<td width=\"97\">1550 nm<\/td>\n<td width=\"119\">dB\/km<\/td>\n<td width=\"163\">\u00a30.21<\/td>\n<\/tr>\n<tr>\n<td rowspan=\"2\" width=\"317\">P\u00e9rdida de macroflexi\u00f3n (1 vuelta, radio de 15 mm)<\/td>\n<td width=\"97\">1550 nm<\/td>\n<td width=\"119\">dB\/km<\/td>\n<td width=\"163\">\u00a30.4<\/td>\n<\/tr>\n<tr>\n<td width=\"97\">1625nm<\/td>\n<td width=\"119\">dB\/km<\/td>\n<td width=\"163\">\u00a30.8<\/td>\n<\/tr>\n<tr>\n<td colspan=\"2\" width=\"415\">Nivel de tensi\u00f3n de prueba<\/td>\n<td width=\"119\">kpsi<\/td>\n<td width=\"163\">\u2265100<\/td>\n<\/tr>\n<\/tbody>\n<\/table>\n<p>&nbsp;<\/p>\n<p><strong><b>PAR\u00c1METROS MEC\u00c1NICOS<\/b><\/strong><\/p>\n<table>\n<tbody>\n<tr>\n<td width=\"362\"><strong><b>Elementos<\/b><\/strong><\/td>\n<td width=\"128\"><strong><b>Unirnos<\/b><\/strong><\/td>\n<td width=\"184\"><strong><b>Especificaciones<\/b><\/strong><\/td>\n<\/tr>\n<tr>\n<td width=\"362\">Tensi\u00f3n (largo plazo)<\/td>\n<td width=\"128\">N<\/td>\n<td width=\"184\">1000<\/td>\n<\/tr>\n<tr>\n<td width=\"362\">Tensi\u00f3n (corto plazo)<\/td>\n<td width=\"128\">N<\/td>\n<td width=\"184\">500<\/td>\n<\/tr>\n<tr>\n<td width=\"362\">Aplastar (largo plazo)<\/td>\n<td width=\"128\">N\/10cm<\/td>\n<td width=\"184\">250<\/td>\n<\/tr>\n<tr>\n<td width=\"362\">Aplastar (corto plazo)<\/td>\n<td width=\"128\">N\/10cm<\/td>\n<td width=\"184\">500<\/td>\n<\/tr>\n<tr>\n<td width=\"362\">M\u00edn. Radio de curvatura (din\u00e1mico)<\/td>\n<td width=\"128\">mil\u00edmetros<\/td>\n<td width=\"184\">20D<\/td>\n<\/tr>\n<tr>\n<td width=\"362\">M\u00edn. Radio de curvatura (est\u00e1tico)<\/td>\n<td width=\"128\">mil\u00edmetros<\/td>\n<td width=\"184\">10D<\/td>\n<\/tr>\n<\/tbody>\n<\/table>\n<p><strong>\u00a0<\/strong><\/p>\n<p><strong><b>PAR\u00c1METROS AMBIENTALES<\/b><\/strong><\/p>\n<table>\n<tbody>\n<tr>\n<td width=\"207\"><strong>Art\u00edculo<\/strong><\/td>\n<td width=\"207\"><strong>Est\u00e1ndar<\/strong><\/td>\n<td width=\"283\"><strong>Especificaci\u00f3n<\/strong><\/td>\n<\/tr>\n<tr>\n<td rowspan=\"2\" width=\"207\">Ambiental<\/td>\n<td width=\"207\">IEC-60794-1-22-F5B<\/td>\n<td width=\"283\">Sin penetraci\u00f3n de agua<\/td>\n<\/tr>\n<tr>\n<td width=\"207\">IEC-60794-1-22-F9<\/td>\n<td width=\"283\">\u22640,1 dB\/km m\u00e1x. cambio de atenuaci\u00f3n permitido<\/td>\n<\/tr>\n<tr>\n<td width=\"207\">Rango de temperatura de aplicaci\u00f3n<\/td>\n<td width=\"207\">Rango de temperatura de aplicaci\u00f3n \u2103<\/td>\n<td width=\"283\">Operaci\u00f3n:  \u2013 10 \u2103 ~ +70 \u2103<\/p>\n<p>Instalaci\u00f3n: -40 \u2103 ~ +70 \u2103<\/p>\n<p>Almacenamiento\/transporte:  \u2013 40 \u2103 ~ +70 \u2103<\/td>\n<\/tr>\n<\/tbody>\n<\/table>\n<p><strong><b>Cable<\/b><\/strong><strong><b>\u00a0Calificaci\u00f3n<\/b><\/strong><\/p>\n<p><strong>Marca Fecha de fabricaci\u00f3n (a\u00f1o\/tm) Modelo N\u00famero de n\u00facleos Categor\u00eda Portador N\u00famero de carretes Metros (xxxxM)<\/strong><\/p>\n<p><strong>\u00a0<\/strong><\/p>\n<p>*LA MARCA OEM EST\u00c1 DISPONIBLE. La marca se puede cambiar seg\u00fan los requisitos del cliente.<\/p>\n<p><strong>\u00a0<\/strong><\/p>\n<p><strong><b>Solicitud<\/b><\/strong><\/p>\n<p>Aplicaci\u00f3n a\u00e9rea en exteriores<\/p>\n<p>Utilizado en los proyectos FTTH<\/p>\n<p>Rutas \u00f3pticas de alta velocidad en la construcci\u00f3n<\/p>\n<p>Operaci\u00f3n de red \u00f3ptica de alto rendimiento<\/p>","protected":false},"excerpt":{"rendered":"<p>Este es un cable blando redondo de 3,0 mm utilizado para proyectos FTTH.   Estructura y par\u00e1metros del cable Art\u00edculo Contenido Unidad Valor Fibra \u00f3ptica N\u00famero de fibras \/ 1 n\u00facleo (modo \u00fanico) G657B3 Miembro de resistencia Material \/ Fibra de aramida Amortiguador apretado Material \/ LSZH Azul Di\u00e1metro mm 0,85 \u00b1 0,05 Di\u00e1metro de la cubierta exterior mm 3,0 \u00b1 0,2 Material \/ TPU Color \/ Negro Atenuaci\u00f3n del cable [\u2026]<\/p>","protected":false},"featured_media":10748,"comment_status":"closed","ping_status":"closed","template":"","meta":{"site-sidebar-layout":"default","site-content-layout":"","ast-site-content-layout":"default","site-content-style":"default","site-sidebar-style":"default","ast-global-header-display":"","ast-banner-title-visibility":"","ast-main-header-display":"","ast-hfb-above-header-display":"","ast-hfb-below-header-display":"","ast-hfb-mobile-header-display":"","site-post-title":"","ast-breadcrumbs-content":"","ast-featured-img":"","footer-sml-layout":"","theme-transparent-header-meta":"default","adv-header-id-meta":"","stick-header-meta":"default","header-above-stick-meta":"","header-main-stick-meta":"","header-below-stick-meta":"","astra-migrate-meta-layouts":"set","ast-page-background-enabled":"default","ast-page-background-meta":{"desktop":{"background-color":"var(--ast-global-color-4)","background-image":"","background-repeat":"repeat","background-position":"center center","background-size":"auto","background-attachment":"scroll","background-type":"","background-media":"","overlay-type":"","overlay-color":"","overlay-gradient":""},"tablet":{"background-color":"","background-image":"","background-repeat":"repeat","background-position":"center center","background-size":"auto","background-attachment":"scroll","background-type":"","background-media":"","overlay-type":"","overlay-color":"","overlay-gradient":""},"mobile":{"background-color":"","background-image":"","background-repeat":"repeat","background-position":"center center","background-size":"auto","background-attachment":"scroll","background-type":"","background-media":"","overlay-type":"","overlay-color":"","overlay-gradient":""}},"ast-content-background-meta":{"desktop":{"background-color":"var(--ast-global-color-5)","background-image":"","background-repeat":"repeat","background-position":"center center","background-size":"auto","background-attachment":"scroll","background-type":"","background-media":"","overlay-type":"","overlay-color":"","overlay-gradient":""},"tablet":{"background-color":"var(--ast-global-color-5)","background-image":"","background-repeat":"repeat","background-position":"center center","background-size":"auto","background-attachment":"scroll","background-type":"","background-media":"","overlay-type":"","overlay-color":"","overlay-gradient":""},"mobile":{"background-color":"var(--ast-global-color-5)","background-image":"","background-repeat":"repeat","background-position":"center center","background-size":"auto","background-attachment":"scroll","background-type":"","background-media":"","overlay-type":"","overlay-color":"","overlay-gradient":""}}},"product_cat":[122,132],"product_tag":[],"class_list":{"0":"post-10746","1":"product","2":"type-product","3":"status-publish","4":"has-post-thumbnail","6":"product_cat-ftth-drop-cable","7":"product_cat-round-ftth-drop-cable","8":"desktop-align-left","9":"tablet-align-left","10":"mobile-align-left","11":"ast-product-gallery-layout-horizontal-slider","12":"ast-product-tabs-layout-horizontal","14":"first","15":"instock","16":"shipping-taxable","17":"product-type-simple"},"acf":[],"_links":{"self":[{"href":"https:\/\/www.omccable.com\/es\/wp-json\/wp\/v2\/product\/10746","targetHints":{"allow":["GET"]}}],"collection":[{"href":"https:\/\/www.omccable.com\/es\/wp-json\/wp\/v2\/product"}],"about":[{"href":"https:\/\/www.omccable.com\/es\/wp-json\/wp\/v2\/types\/product"}],"replies":[{"embeddable":true,"href":"https:\/\/www.omccable.com\/es\/wp-json\/wp\/v2\/comments?post=10746"}],"version-history":[{"count":3,"href":"https:\/\/www.omccable.com\/es\/wp-json\/wp\/v2\/product\/10746\/revisions"}],"predecessor-version":[{"id":12786,"href":"https:\/\/www.omccable.com\/es\/wp-json\/wp\/v2\/product\/10746\/revisions\/12786"}],"wp:featuredmedia":[{"embeddable":true,"href":"https:\/\/www.omccable.com\/es\/wp-json\/wp\/v2\/media\/10748"}],"wp:attachment":[{"href":"https:\/\/www.omccable.com\/es\/wp-json\/wp\/v2\/media?parent=10746"}],"wp:term":[{"taxonomy":"product_cat","embeddable":true,"href":"https:\/\/www.omccable.com\/es\/wp-json\/wp\/v2\/product_cat?post=10746"},{"taxonomy":"product_tag","embeddable":true,"href":"https:\/\/www.omccable.com\/es\/wp-json\/wp\/v2\/product_tag?post=10746"}],"curies":[{"name":"wp","href":"https:\/\/api.w.org\/{rel}","templated":true}]}}