{"id":10727,"date":"2024-04-30T16:32:35","date_gmt":"2024-04-30T08:32:35","guid":{"rendered":"https:\/\/www.omccable.com\/?post_type=product&#038;p=10727"},"modified":"2024-07-27T11:16:15","modified_gmt":"2024-07-27T03:16:15","slug":"1f-3-0mm-lszh-ftth-drop-cable-g657a2-80n","status":"publish","type":"product","link":"https:\/\/www.omccable.com\/es\/producto\/1f-3-0mm-lszh-ftth-drop-cable-g657a2-80n\/","title":{"rendered":"Cable de bajada 1F 3,0 mm LSZH FTTH G657A2 80N"},"content":{"rendered":"<p>Este es un cable blando redondo de 3,0 mm utilizado para proyectos FTTH.<\/p>\n<p>&nbsp;<\/p>\n<p><strong>Estructura y par\u00e1metro del cable<\/strong><\/p>\n<table>\n<tbody>\n<tr>\n<td width=\"167\"><strong>Art\u00edculo<\/strong><\/td>\n<td width=\"118\"><strong>Contenido<\/strong><\/td>\n<td width=\"75\"><strong>Unidad<\/strong><\/td>\n<td width=\"318\"><strong>V<\/strong><strong>valor<\/strong><\/td>\n<\/tr>\n<tr>\n<td width=\"167\">Fibra \u00f3ptica<\/td>\n<td width=\"118\">Recuento de fibras<\/td>\n<td width=\"75\">\/<\/td>\n<td width=\"318\">1 n\u00facleo (modo \u00fanico) G657A2<\/td>\n<\/tr>\n<tr>\n<td width=\"167\">Miembro de fuerza<\/td>\n<td width=\"118\">Materiales<\/td>\n<td width=\"75\">\/<\/td>\n<td width=\"318\">Hilo de fibra de aramida<\/td>\n<\/tr>\n<tr>\n<td rowspan=\"2\" width=\"167\">Amortiguador estrecho<\/td>\n<td width=\"118\">Materiales<\/td>\n<td width=\"75\">\/<\/td>\n<td width=\"318\">LSZH Blanco<\/td>\n<\/tr>\n<tr>\n<td width=\"118\">Di\u00e1metro<\/td>\n<td width=\"75\">mil\u00edmetros<\/td>\n<td width=\"318\">0,85\u00b10,05<\/td>\n<\/tr>\n<tr>\n<td rowspan=\"3\" width=\"167\">Chaqueta exterior<\/td>\n<td width=\"118\">Di\u00e1metro<\/td>\n<td width=\"75\">mil\u00edmetros<\/td>\n<td width=\"318\">3,0\u00b10,2<\/td>\n<\/tr>\n<tr>\n<td width=\"118\">Materiales<\/td>\n<td width=\"75\">\/<\/td>\n<td width=\"318\">LSZH con protecci\u00f3n UV<\/td>\n<\/tr>\n<tr>\n<td width=\"118\">Color<\/td>\n<td width=\"75\">\/<\/td>\n<td width=\"318\">Negro<\/td>\n<\/tr>\n<tr>\n<td width=\"167\">Nivel de RCP<\/td>\n<td width=\"118\">\u2013<\/td>\n<td width=\"75\">\u2013<\/td>\n<td width=\"318\">Dca, CCa,Eca\u2026..<\/td>\n<\/tr>\n<tr>\n<td colspan=\"2\" width=\"286\">Atenuaci\u00f3n del cable<\/td>\n<td width=\"75\">dB\/km<\/td>\n<td width=\"318\">\u2266 0,35 a 1310 nm, \u2266 0,21 a 1550 nm<\/td>\n<\/tr>\n<tr>\n<td colspan=\"2\" width=\"286\">Peso del cable (aprox.)<\/td>\n<td width=\"75\">kg\/km<\/td>\n<td width=\"318\">8<\/td>\n<\/tr>\n<tr>\n<td colspan=\"2\" width=\"286\">Intervalo de marcado<\/td>\n<td width=\"75\">\/<\/td>\n<td width=\"318\">Cada 1 metro<\/td>\n<\/tr>\n<tr>\n<td colspan=\"2\" width=\"286\">CUMPLIMIENTO<\/td>\n<td width=\"75\">\/<\/td>\n<td width=\"318\">UIT-T G.657 A2, IEC 60794-1-21;<\/p>\n<p>IEC 60794-1-22, M\u00e9todo, F5<\/td>\n<\/tr>\n<tr>\n<td colspan=\"2\" width=\"286\">tiempo de vida<\/td>\n<td width=\"75\">A\u00f1o<\/td>\n<td width=\"318\">25<\/td>\n<\/tr>\n<\/tbody>\n<\/table>\n<p>Nota: los tama\u00f1os y valores sin tolerancias son valores nominales<\/p>\n<p><strong><b>\u00a0<\/b><\/strong><\/p>\n<p><strong><b>Tipo y propiedades de fibra \u00f3ptica<\/b><\/strong><\/p>\n<table>\n<tbody>\n<tr>\n<td rowspan=\"2\" width=\"107\"><strong><b>Par\u00e1metro<\/b><\/strong><\/td>\n<td rowspan=\"2\" width=\"138\"><strong><b>Condiciones<\/b><\/strong><\/td>\n<td rowspan=\"2\" width=\"90\"><strong><b>Unidades<\/b><\/strong><\/td>\n<td colspan=\"4\" width=\"344\"><strong><b>Valor<\/b><\/strong><\/td>\n<\/tr>\n<tr>\n<td width=\"87\"><strong><b>G652D<\/b><\/strong><\/td>\n<td width=\"87\"><strong><b>G657A1<\/b><\/strong><\/td>\n<td width=\"87\"><strong><b>G657A2<\/b><\/strong><\/td>\n<td width=\"80\"><strong><b>G657B3<\/b><\/strong><\/td>\n<\/tr>\n<tr>\n<td colspan=\"3\" width=\"336\"><strong><b>Especificaci\u00f3n \u00f3ptica<\/b><\/strong><\/td>\n<td colspan=\"4\" width=\"344\"><\/td>\n<\/tr>\n<tr>\n<td rowspan=\"6\" width=\"107\">Atenuaci\u00f3n<\/td>\n<td width=\"138\">850 nm<\/td>\n<td width=\"90\">dB\/km<\/td>\n<td width=\"87\">\u2013<\/td>\n<td width=\"87\">\u2013<\/td>\n<td width=\"87\">\u2013<\/td>\n<td width=\"80\">\u2013<\/td>\n<\/tr>\n<tr>\n<td width=\"138\">1300 nm<\/td>\n<td width=\"90\">dB\/km<\/td>\n<td width=\"87\">\u2013<\/td>\n<td width=\"87\">\u2013<\/td>\n<td width=\"87\">\u2013<\/td>\n<td width=\"80\">\u2013<\/td>\n<\/tr>\n<tr>\n<td width=\"138\">1310 nm<\/td>\n<td width=\"90\">dB\/km<\/td>\n<td width=\"87\">\u2264 0,350<\/td>\n<td width=\"87\">\u2264 0,350<\/td>\n<td width=\"87\">\u2264 0,350<\/td>\n<td width=\"80\">\u2264 0,350<\/td>\n<\/tr>\n<tr>\n<td width=\"138\">1383 nm<\/td>\n<td width=\"90\">dB\/km<\/td>\n<td width=\"87\">\u2264 0,330<\/td>\n<td width=\"87\">\u2264 0,350<\/td>\n<td width=\"87\">\u2264 0,350<\/td>\n<td width=\"80\">\u2264 0,350<\/td>\n<\/tr>\n<tr>\n<td width=\"138\">1550 nm<\/td>\n<td width=\"90\">dB\/km<\/td>\n<td width=\"87\">\u2264 0,210<\/td>\n<td width=\"87\">\u2264 0,210<\/td>\n<td width=\"87\">\u2264 0,210<\/td>\n<td width=\"80\">\u2264 0,210<\/td>\n<\/tr>\n<tr>\n<td width=\"138\">1625 nan\u00f3metro<\/td>\n<td width=\"90\">dB\/km<\/td>\n<td width=\"87\">\u2264 0,240<\/td>\n<td width=\"87\">\u2264 0,230<\/td>\n<td width=\"87\">\u2264 0,230<\/td>\n<td width=\"80\">\u2264 0,230<\/td>\n<\/tr>\n<tr>\n<td rowspan=\"3\" width=\"107\">Atenuaci\u00f3n frente a longitud de onda<\/td>\n<td width=\"138\">1310 nm VS. 1285-1330 nan\u00f3metro<\/td>\n<td width=\"90\">dB\/km<\/td>\n<td width=\"87\">\u2264 0,04<\/td>\n<td width=\"87\">\u2264 0,04<\/td>\n<td width=\"87\">\u2264 0,05<\/td>\n<td width=\"80\">\u2264 0,03<\/td>\n<\/tr>\n<tr>\n<td width=\"138\">1550 nm VS. 1525-1575 nan\u00f3metro<\/td>\n<td width=\"90\">dB\/km<\/td>\n<td width=\"87\">\u2264 0,03<\/td>\n<td width=\"87\">\u2264 0,03<\/td>\n<td width=\"87\">\u2264 0,04<\/td>\n<td width=\"80\">\u2264 0,02<\/td>\n<\/tr>\n<tr>\n<td width=\"138\">1550 nm VS. 1480-1580 nan\u00f3metro<\/td>\n<td width=\"90\">dB\/km<\/td>\n<td width=\"87\">\u2264 0,04<\/td>\n<td width=\"87\">\u2013<\/td>\n<td width=\"87\">\u2013<\/td>\n<td width=\"80\">\u2013<\/td>\n<\/tr>\n<tr>\n<td width=\"107\">Longitud de onda de dispersi\u00f3n cero<\/td>\n<td rowspan=\"2\" width=\"138\">\\<\/td>\n<td width=\"90\">nm<\/td>\n<td width=\"87\">1300-1324<\/td>\n<td width=\"87\">1300-1324<\/td>\n<td width=\"87\">1300-1324<\/td>\n<td width=\"80\">1300-1324<\/td>\n<\/tr>\n<tr>\n<td width=\"107\">Pendiente de dispersi\u00f3n cero<\/td>\n<td width=\"90\">ps\/(nm<sup>2<\/sup>\u00b7km)<\/td>\n<td width=\"87\">0.073-0.092<\/td>\n<td width=\"87\">0.073-0.092<\/td>\n<td width=\"87\">0.073-0.092<\/td>\n<td width=\"80\">\u2264 0,092<\/td>\n<\/tr>\n<tr>\n<td rowspan=\"2\" width=\"107\">Dispersi\u00f3n<\/td>\n<td width=\"138\">1550 nm<\/td>\n<td width=\"90\">ps\/(nm\u00b7km)<\/td>\n<td width=\"87\">13.3-18.6<\/td>\n<td width=\"87\">13.3-18.6<\/td>\n<td width=\"87\">13.3-18.6<\/td>\n<td width=\"80\"><\/td>\n<\/tr>\n<tr>\n<td width=\"138\">1625 nan\u00f3metro<\/td>\n<td width=\"90\">ps\/(nm\u00b7km)<\/td>\n<td width=\"87\">17.2-23.7<\/td>\n<td width=\"87\">17.2-23.7<\/td>\n<td width=\"87\">17.2-23.7<\/td>\n<td width=\"80\"><\/td>\n<\/tr>\n<tr>\n<td colspan=\"2\" width=\"245\">Dispersi\u00f3n del modo de polarizaci\u00f3n (PMD)<\/td>\n<td width=\"90\">ps\/\u221akm<\/td>\n<td width=\"87\">\u22640,2<\/td>\n<td width=\"87\">\u22640,2<\/td>\n<td width=\"87\">\u22640,2<\/td>\n<td width=\"80\">\u22640,2<\/td>\n<\/tr>\n<tr>\n<td width=\"107\">Longitud de onda de corte \u03bbcc<\/td>\n<td width=\"138\">\u2013<\/td>\n<td width=\"90\">nm<\/td>\n<td width=\"87\">\u22641260<\/td>\n<td width=\"87\">\u22641260<\/td>\n<td width=\"87\">\u22641260<\/td>\n<td width=\"80\">\u22641260<\/td>\n<\/tr>\n<tr>\n<td rowspan=\"2\" width=\"107\">Di\u00e1metro de campo modal (MFD)<\/td>\n<td width=\"138\">1310 nm<\/td>\n<td width=\"90\">\u00b5m<\/td>\n<td width=\"87\">9,2\u00b10,4<\/td>\n<td width=\"87\">9,2\u00b10,4<\/td>\n<td width=\"87\">8,6\u00b10,4<\/td>\n<td width=\"80\">8,6\u00b10,4<\/td>\n<\/tr>\n<tr>\n<td width=\"138\">1550 nm<\/td>\n<td width=\"90\">\u00b5m<\/td>\n<td width=\"87\">10,4\u00b10,5<\/td>\n<td width=\"87\">10,4\u00b10,5<\/td>\n<td width=\"87\">9,6\u00b10,5<\/td>\n<td width=\"80\">9,6\u00b10,5<\/td>\n<\/tr>\n<tr>\n<td rowspan=\"2\" width=\"107\">Discontinuidad de atenuaci\u00f3n<\/td>\n<td width=\"138\">1310 nm<\/td>\n<td width=\"90\">dB<\/td>\n<td width=\"87\">\u22640,03<\/td>\n<td width=\"87\">\u22640,03<\/td>\n<td width=\"87\">\u22640,03<\/td>\n<td width=\"80\">\u22640,03<\/td>\n<\/tr>\n<tr>\n<td width=\"138\">1550 nm<\/td>\n<td width=\"90\">dB<\/td>\n<td width=\"87\">\u22640,03<\/td>\n<td width=\"87\">\u22640,03<\/td>\n<td width=\"87\">\u22640,03<\/td>\n<td width=\"80\">\u22640,03<\/td>\n<\/tr>\n<tr>\n<td rowspan=\"2\" width=\"107\">Atenuaci\u00f3n bidireccional<\/td>\n<td width=\"138\">1310 nm<\/td>\n<td width=\"90\">dB\/km<\/td>\n<td width=\"87\">\u22640,04<\/td>\n<td width=\"87\"><\/td>\n<td width=\"87\"><\/td>\n<td width=\"80\">\u22640,05<\/td>\n<\/tr>\n<tr>\n<td width=\"138\">1550 nm<\/td>\n<td width=\"90\">dB\/km<\/td>\n<td width=\"87\">\u22640,04<\/td>\n<td width=\"87\"><\/td>\n<td width=\"87\"><\/td>\n<td width=\"80\">\u22640,05<\/td>\n<\/tr>\n<tr>\n<td colspan=\"3\" width=\"336\"><strong><b>Geom\u00e9trico<\/b><\/strong><\/td>\n<td colspan=\"4\" width=\"344\"><\/td>\n<\/tr>\n<tr>\n<td colspan=\"2\" width=\"245\">Di\u00e1metro del revestimiento<\/td>\n<td width=\"90\">\u00b5m<\/td>\n<td width=\"87\">125\u00b10,7<\/td>\n<td width=\"87\">125\u00b10,7<\/td>\n<td width=\"87\">125\u00b10,7<\/td>\n<td width=\"80\">125\u00b10,7<\/td>\n<\/tr>\n<tr>\n<td colspan=\"2\" width=\"245\">No circularidad del revestimiento<\/td>\n<td width=\"90\">%<\/td>\n<td width=\"87\">\u22641,0<\/td>\n<td width=\"87\">\u22641,0<\/td>\n<td width=\"87\">\u22640,8<\/td>\n<td width=\"80\">\u22640,7<\/td>\n<\/tr>\n<tr>\n<td colspan=\"2\" width=\"245\">Error de concentricidad del n\u00facleo\/revestimiento<\/td>\n<td width=\"90\">\u00b5m<\/td>\n<td width=\"87\">\u22640,6<\/td>\n<td width=\"87\">\u22640,5<\/td>\n<td width=\"87\">\u22640,5<\/td>\n<td width=\"80\">\u22640,5<\/td>\n<\/tr>\n<tr>\n<td colspan=\"2\" rowspan=\"2\" width=\"245\">Di\u00e1metro del revestimiento (sin color)<\/td>\n<td width=\"90\">\u00b5m<\/td>\n<td colspan=\"4\" width=\"344\">242\u00b17 (est\u00e1ndar)<\/td>\n<\/tr>\n<tr>\n<td width=\"90\">\u00b5m<\/td>\n<td colspan=\"4\" width=\"344\">200\u00b110 (opcional)<\/td>\n<\/tr>\n<tr>\n<td colspan=\"2\" width=\"245\">Error de concentricidad del revestimiento\/revestimiento<\/td>\n<td width=\"90\">\u00b5m<\/td>\n<td width=\"87\">\u226412<\/td>\n<td width=\"87\">\u226412<\/td>\n<td width=\"87\">\u226412<\/td>\n<td width=\"80\">\u226412<\/td>\n<\/tr>\n<tr>\n<td colspan=\"2\" width=\"245\">Rizado<\/td>\n<td width=\"90\">m<\/td>\n<td width=\"87\">\u22654<\/td>\n<td width=\"87\">\u22654<\/td>\n<td width=\"87\">\u22654<\/td>\n<td width=\"80\">\u22654<\/td>\n<\/tr>\n<tr>\n<td colspan=\"3\" width=\"336\"><strong><b>Ambiental (1550 nm, 1625 nm)<\/b><\/strong><\/td>\n<td colspan=\"4\" width=\"344\"><\/td>\n<\/tr>\n<tr>\n<td width=\"107\">Ciclos de temperatura<\/td>\n<td width=\"138\">-60 \u2103 a +85 \u2103<\/td>\n<td width=\"90\">dB\/km<\/td>\n<td width=\"87\">\u22640,03<\/td>\n<td width=\"87\">\u22640,05<\/td>\n<td width=\"87\">\u22640,05<\/td>\n<td width=\"80\">\u22640,05<\/td>\n<\/tr>\n<tr>\n<td width=\"107\">Alta temperatura y<\/p>\n<p>Alta humedad<\/td>\n<td width=\"138\">85 \u2103, 85% RH, 30 d\u00edas<\/td>\n<td width=\"90\">dB\/km<\/td>\n<td width=\"87\">\u22640,03<\/td>\n<td width=\"87\">\u22640,05<\/td>\n<td width=\"87\">\u22640,05<\/td>\n<td width=\"80\">\u22640,05<\/td>\n<\/tr>\n<tr>\n<td width=\"107\">Inmersi\u00f3n en agua<\/td>\n<td width=\"138\">23 \u2103, 30 d\u00edas<\/td>\n<td width=\"90\">dB\/km<\/td>\n<td width=\"87\">\u22640,03<\/td>\n<td width=\"87\">\u22640,05<\/td>\n<td width=\"87\">\u22640,05<\/td>\n<td width=\"80\">\u22640,05<\/td>\n<\/tr>\n<tr>\n<td width=\"107\">Envejecimiento a alta temperatura<\/td>\n<td width=\"138\">85 \u2103, 30 d\u00edas<\/td>\n<td width=\"90\">dB\/km<\/td>\n<td width=\"87\">\u22640,03<\/td>\n<td width=\"87\">\u22640,05<\/td>\n<td width=\"87\">\u22640,05<\/td>\n<td width=\"80\">\u22640,05<\/td>\n<\/tr>\n<\/tbody>\n<\/table>\n<p>&nbsp;<\/p>\n<p><strong><b>PAR\u00c1METROS MEC\u00c1NICOS DEL CABLE<\/b><\/strong><\/p>\n<table>\n<tbody>\n<tr>\n<td width=\"374\"><strong><b>Elementos<\/b><\/strong><\/td>\n<td width=\"132\"><strong><b>Unirnos<\/b><\/strong><\/td>\n<td width=\"190\"><strong><b>Especificaciones<\/b><\/strong><\/td>\n<\/tr>\n<tr>\n<td width=\"374\">Tensi\u00f3n (largo plazo)<\/td>\n<td width=\"132\">N<\/td>\n<td width=\"190\">80<\/td>\n<\/tr>\n<tr>\n<td width=\"374\">Tensi\u00f3n (corto plazo)<\/td>\n<td width=\"132\">N<\/td>\n<td width=\"190\">40<\/td>\n<\/tr>\n<tr>\n<td width=\"374\">Aplastar (largo plazo)<\/td>\n<td width=\"132\">N\/10cm<\/td>\n<td width=\"190\">100<\/td>\n<\/tr>\n<tr>\n<td width=\"374\">Aplastar (corto plazo)<\/td>\n<td width=\"132\">N\/10cm<\/td>\n<td width=\"190\">500<\/td>\n<\/tr>\n<tr>\n<td width=\"374\">M\u00edn. Radio de curvatura (din\u00e1mico)<\/td>\n<td width=\"132\">mil\u00edmetros<\/td>\n<td width=\"190\">20D<\/td>\n<\/tr>\n<tr>\n<td width=\"374\">M\u00edn. Radio de curvatura (est\u00e1tico)<\/td>\n<td width=\"132\">mil\u00edmetros<\/td>\n<td width=\"190\">10D<\/td>\n<\/tr>\n<\/tbody>\n<\/table>\n<p><strong>\u00a0<\/strong><\/p>\n<p><strong><b>PAR\u00c1METROS AMBIENTALES<\/b><\/strong><\/p>\n<table>\n<tbody>\n<tr>\n<td width=\"155\"><strong>Art\u00edculo<\/strong><\/td>\n<td width=\"213\"><strong>Est\u00e1ndar<\/strong><\/td>\n<td width=\"329\"><strong>Especificaci\u00f3n<\/strong><\/td>\n<\/tr>\n<tr>\n<td rowspan=\"2\" width=\"155\">Ambiental<\/td>\n<td width=\"213\">IEC-60794-1-22-F5B<\/td>\n<td width=\"329\">Sin penetraci\u00f3n de agua<\/td>\n<\/tr>\n<tr>\n<td width=\"213\">IEC-60794-1-22-F9<\/td>\n<td width=\"329\">\u22640,1 dB\/km m\u00e1x. cambio de atenuaci\u00f3n permitido<\/td>\n<\/tr>\n<tr>\n<td width=\"155\">Rango de temperatura de aplicaci\u00f3n<\/td>\n<td width=\"213\">Rango de temperatura de aplicaci\u00f3n<\/p>\n<p>\u2103<\/td>\n<td width=\"329\">Operaci\u00f3n:  \u2013 10 \u2103 ~ +70 \u2103<\/p>\n<p>Instalaci\u00f3n: -40 \u2103 ~ +70 \u2103<\/p>\n<p>Almacenamiento\/transporte:  \u2013 40 \u2103 ~ +70 \u2103<\/td>\n<\/tr>\n<\/tbody>\n<\/table>\n<p><strong><b>\u00a0<\/b><\/strong><\/p>\n<p><strong><b>Solicitud<\/b><\/strong><\/p>\n<p>Aplicaci\u00f3n a\u00e9rea en exteriores<\/p>\n<p>Utilizado en los proyectos FTTH<\/p>\n<p>Rutas \u00f3pticas de alta velocidad en la construcci\u00f3n<\/p>\n<p>Operaci\u00f3n de red \u00f3ptica de alto rendimiento<\/p>\n<p>&nbsp;<\/p>\n<p><strong><b>Cable<\/b><\/strong><strong><b>\u00a0Calificaci\u00f3n<\/b><\/strong><\/p>\n<p><strong>Marca Fecha de fabricaci\u00f3n (a\u00f1o\/tm) Modelo N\u00famero de n\u00facleos Categor\u00eda Portador N\u00famero de carretes Metros (xxxxM)<\/strong><\/p>\n<p>&nbsp;<\/p>\n<p>*LA MARCA OEM EST\u00c1 DISPONIBLE. La marca se puede cambiar seg\u00fan los requisitos del cliente.<\/p>","protected":false},"excerpt":{"rendered":"<p>Este es un cable blando redondo de 3,0 mm utilizado para proyectos FTTH.   Estructura y par\u00e1metros del cable Art\u00edculo Contenido Unidad Valor Fibra \u00f3ptica N\u00famero de fibras \/ 1 n\u00facleo (modo \u00fanico) G657A2 Miembro de resistencia Material \/ Fibra de aramida Hilo Amortiguador apretado Material \/ LSZH Blanco Di\u00e1metro mm 0,85 \u00b1 0,05 Di\u00e1metro de la cubierta exterior mm 3,0 \u00b1 0,2 Material \/ LSZH con protecci\u00f3n UV Color \/ [\u2026]<\/p>","protected":false},"featured_media":10728,"comment_status":"closed","ping_status":"closed","template":"","meta":{"site-sidebar-layout":"default","site-content-layout":"","ast-site-content-layout":"default","site-content-style":"default","site-sidebar-style":"default","ast-global-header-display":"","ast-banner-title-visibility":"","ast-main-header-display":"","ast-hfb-above-header-display":"","ast-hfb-below-header-display":"","ast-hfb-mobile-header-display":"","site-post-title":"","ast-breadcrumbs-content":"","ast-featured-img":"","footer-sml-layout":"","theme-transparent-header-meta":"default","adv-header-id-meta":"","stick-header-meta":"default","header-above-stick-meta":"","header-main-stick-meta":"","header-below-stick-meta":"","astra-migrate-meta-layouts":"set","ast-page-background-enabled":"default","ast-page-background-meta":{"desktop":{"background-color":"var(--ast-global-color-4)","background-image":"","background-repeat":"repeat","background-position":"center center","background-size":"auto","background-attachment":"scroll","background-type":"","background-media":"","overlay-type":"","overlay-color":"","overlay-gradient":""},"tablet":{"background-color":"","background-image":"","background-repeat":"repeat","background-position":"center center","background-size":"auto","background-attachment":"scroll","background-type":"","background-media":"","overlay-type":"","overlay-color":"","overlay-gradient":""},"mobile":{"background-color":"","background-image":"","background-repeat":"repeat","background-position":"center center","background-size":"auto","background-attachment":"scroll","background-type":"","background-media":"","overlay-type":"","overlay-color":"","overlay-gradient":""}},"ast-content-background-meta":{"desktop":{"background-color":"var(--ast-global-color-5)","background-image":"","background-repeat":"repeat","background-position":"center center","background-size":"auto","background-attachment":"scroll","background-type":"","background-media":"","overlay-type":"","overlay-color":"","overlay-gradient":""},"tablet":{"background-color":"var(--ast-global-color-5)","background-image":"","background-repeat":"repeat","background-position":"center center","background-size":"auto","background-attachment":"scroll","background-type":"","background-media":"","overlay-type":"","overlay-color":"","overlay-gradient":""},"mobile":{"background-color":"var(--ast-global-color-5)","background-image":"","background-repeat":"repeat","background-position":"center center","background-size":"auto","background-attachment":"scroll","background-type":"","background-media":"","overlay-type":"","overlay-color":"","overlay-gradient":""}}},"product_cat":[122,132],"product_tag":[],"class_list":{"0":"post-10727","1":"product","2":"type-product","3":"status-publish","4":"has-post-thumbnail","6":"product_cat-ftth-drop-cable","7":"product_cat-round-ftth-drop-cable","8":"desktop-align-left","9":"tablet-align-left","10":"mobile-align-left","11":"ast-product-gallery-layout-horizontal-slider","12":"ast-product-tabs-layout-horizontal","14":"first","15":"instock","16":"shipping-taxable","17":"product-type-simple"},"acf":[],"_links":{"self":[{"href":"https:\/\/www.omccable.com\/es\/wp-json\/wp\/v2\/product\/10727","targetHints":{"allow":["GET"]}}],"collection":[{"href":"https:\/\/www.omccable.com\/es\/wp-json\/wp\/v2\/product"}],"about":[{"href":"https:\/\/www.omccable.com\/es\/wp-json\/wp\/v2\/types\/product"}],"replies":[{"embeddable":true,"href":"https:\/\/www.omccable.com\/es\/wp-json\/wp\/v2\/comments?post=10727"}],"version-history":[{"count":4,"href":"https:\/\/www.omccable.com\/es\/wp-json\/wp\/v2\/product\/10727\/revisions"}],"predecessor-version":[{"id":11852,"href":"https:\/\/www.omccable.com\/es\/wp-json\/wp\/v2\/product\/10727\/revisions\/11852"}],"wp:featuredmedia":[{"embeddable":true,"href":"https:\/\/www.omccable.com\/es\/wp-json\/wp\/v2\/media\/10728"}],"wp:attachment":[{"href":"https:\/\/www.omccable.com\/es\/wp-json\/wp\/v2\/media?parent=10727"}],"wp:term":[{"taxonomy":"product_cat","embeddable":true,"href":"https:\/\/www.omccable.com\/es\/wp-json\/wp\/v2\/product_cat?post=10727"},{"taxonomy":"product_tag","embeddable":true,"href":"https:\/\/www.omccable.com\/es\/wp-json\/wp\/v2\/product_tag?post=10727"}],"curies":[{"name":"wp","href":"https:\/\/api.w.org\/{rel}","templated":true}]}}