{"id":10723,"date":"2024-04-30T13:29:27","date_gmt":"2024-04-30T05:29:27","guid":{"rendered":"https:\/\/www.omccable.com\/?post_type=product&#038;p=10723"},"modified":"2025-07-28T10:21:51","modified_gmt":"2025-07-28T02:21:51","slug":"1f-toneable-flat-drop-cable-4-5x10-1mm-3-0mm-unit-cable","status":"publish","type":"product","link":"https:\/\/www.omccable.com\/es\/producto\/1f-toneable-flat-drop-cable-4-5x10-1mm-3-0mm-unit-cable\/","title":{"rendered":"Cable de acometida plana tonable 1F Cable de unidad de 4,5 \u00d7 10,1 mm-3,0 mm"},"content":{"rendered":"<p>El cable de acometida plana tonable 1F de 4,5 \u00d7 10,1 mm ofrece un cable compacto, liviano pero resistente que ofrece la durabilidad necesaria para uso en plantas exteriores junto con la flexibilidad requerida para<br \/>\nCurvas cerradas dentro de las residencias. Esta construcci\u00f3n de cable comienza con un cord\u00f3n EZ-Bend resistente OFNR de 3,0 mm de fibra \u00fanica que forma el n\u00facleo de fibra. Se a\u00f1aden dos varillas de fibra de vidrio, diametralmente opuestas, a cada lado del n\u00facleo de fibra. Se alinea un cable de cobre de 24 AWG a lo largo del borde exterior de una de las varillas de fibra de vidrio para proporcionar ubicabilidad. Luego, el cable de ubicaci\u00f3n, las varillas de los elementos de resistencia y el n\u00facleo de fibra se encapsulan en una cubierta duradera de polietileno (PE) para crear una secci\u00f3n transversal de cable plano y brindar protecci\u00f3n adicional al n\u00facleo del cable.<\/p>\n<p>Este mini cable de acometida plana tonable ofrece una soluci\u00f3n de fibra \u00f3ptica compacta, duradera y f\u00e1cil de ubicar en una construcci\u00f3n de f\u00e1cil acceso. El dise\u00f1o de red del cable de fibra \u00f3ptica es para instalaciones autoportantes, enterradas directamente y en conductos. Ideal para aplicaciones de ca\u00edda, ya que ofrece f\u00e1cil acceso y f\u00e1cil instalaci\u00f3n.<\/p>\n<p>&nbsp;<\/p>\n<p><strong><b>Dise\u00f1o de doble prop\u00f3sito:<\/b><\/strong><\/p>\n<ul>\n<li>El cable completo se utiliza como bajada exterior.<\/li>\n<li>La subunidad interior es independiente de 3 mm<\/li>\n<li>Cable simplex con fibra de amortiguaci\u00f3n ajustada de 900 micras<\/li>\n<\/ul>\n<p>&nbsp;<\/p>\n<p><strong><b>Totalmente diel\u00e9ctrico o tonable<\/b><\/strong><\/p>\n<ul>\n<li>La versi\u00f3n totalmente diel\u00e9ctrica elimina la necesidad de conexi\u00f3n o conexi\u00f3n a tierra<\/li>\n<li>El cable tonal opcional de 24 AWG se separa f\u00e1cilmente del cable<\/li>\n<\/ul>\n<p>&nbsp;<\/p>\n<p><strong><b>Tecnolog\u00eda de bloqueo de agua seca<\/b><\/strong><\/p>\n<ul>\n<li>Permite una r\u00e1pida preparaci\u00f3n y terminaci\u00f3n de cables<\/li>\n<li>Los materiales que bloquean el agua se eliminan f\u00e1cilmente<\/li>\n<\/ul>\n<p>&nbsp;<\/p>\n<p><strong><b>Dise\u00f1o vers\u00e1til<\/b><\/strong><\/p>\n<ul>\n<li>El robusto cable exterior resiste las duras condiciones de la planta exterior<\/li>\n<li>El cable exterior se retira f\u00e1cilmente para los segmentos que van al interior.<\/li>\n<li>La subunidad Simplex es compacta y est\u00e1 listada por UL para uso en interiores, amortiguador herm\u00e9tico de 900 micras para una f\u00e1cil conexi\u00f3n<\/li>\n<li>Se puede utilizar de forma a\u00e9rea o en conducto<\/li>\n<\/ul>\n<p>&nbsp;<\/p>\n<p><strong><b>Dise\u00f1o de miembros de doble resistencia<\/b><\/strong><\/p>\n<ul>\n<li>Cabe en una abrazadera de cu\u00f1a est\u00e1ndar (abrazadera en P)<\/li>\n<li>Totalmente autoportante<\/li>\n<li>Una gran alternativa donde no se permiten elementos de refuerzo de acero<\/li>\n<\/ul>\n<p>&nbsp;<\/p>\n<p><strong><b>Chaqueta exterior de polietileno de densidad media<\/b><\/strong><\/p>\n<ul>\n<li>Instalaci\u00f3n de baja fricci\u00f3n<\/li>\n<li>Excelente protecci\u00f3n contra los peligros ambientales<\/li>\n<\/ul>\n<p>&nbsp;<\/p>\n<p><strong><b>Marcas de funda<\/b><\/strong><\/p>\n<ul>\n<li>Proporciona identificaci\u00f3n positiva y verificaci\u00f3n de longitud<\/li>\n<li>Impresi\u00f3n personalizada disponible<\/li>\n<\/ul>\n<p><strong><b>\u00a0<\/b><\/strong><\/p>\n<p><b><\/b><strong>Cable<\/strong><strong>estructura<\/strong><strong>\u00a0<\/strong><strong>y<\/strong><strong>\u00a0<\/strong><strong>par\u00e1metro<\/strong><\/p>\n<table>\n<tbody>\n<tr>\n<td width=\"144\">Art\u00edculo<\/td>\n<td width=\"111\">Contenido<\/td>\n<td width=\"85\">Unidad<\/td>\n<td width=\"369\">Valor<\/td>\n<\/tr>\n<tr>\n<td rowspan=\"3\" width=\"144\">&nbsp;<\/p>\n<p>Fibra \u00d3ptica<\/td>\n<td width=\"111\">n\u00famero de modelo<\/td>\n<td width=\"85\">\/<\/td>\n<td width=\"369\">G657A1\/G657A2<\/td>\n<\/tr>\n<tr>\n<td width=\"111\">n\u00famero<\/td>\n<td width=\"85\">\/<\/td>\n<td width=\"369\">1<\/td>\n<\/tr>\n<tr>\n<td width=\"111\">Color<\/td>\n<td width=\"85\">\/<\/td>\n<td width=\"369\">azul<\/td>\n<\/tr>\n<tr>\n<td rowspan=\"2\" width=\"144\">Miembro de fuerza<\/td>\n<td width=\"111\">Materiales<\/td>\n<td width=\"85\">\/<\/td>\n<td width=\"369\">FRP<\/td>\n<\/tr>\n<tr>\n<td width=\"111\">Di\u00e1metro<\/td>\n<td width=\"85\">mil\u00edmetros<\/td>\n<td width=\"369\">1.6<\/td>\n<\/tr>\n<tr>\n<td rowspan=\"3\" width=\"144\">Zona de influencia ajustada<\/td>\n<td width=\"111\">color<\/td>\n<td width=\"85\">\/<\/td>\n<td width=\"369\">Blanco<\/td>\n<\/tr>\n<tr>\n<td width=\"111\">materiales<\/td>\n<td width=\"85\">\/<\/td>\n<td width=\"369\">LSZH<\/td>\n<\/tr>\n<tr>\n<td width=\"111\">di\u00e1metro<\/td>\n<td width=\"85\">mil\u00edmetros<\/td>\n<td width=\"369\">0.9<\/td>\n<\/tr>\n<tr>\n<td rowspan=\"3\" width=\"144\">&nbsp;<\/p>\n<p>Chaqueta interior<\/td>\n<td width=\"111\">Di\u00e1metro<\/td>\n<td width=\"85\">mil\u00edmetros<\/td>\n<td width=\"369\">3,0\u00b10,1<\/td>\n<\/tr>\n<tr>\n<td width=\"111\">Materiales<\/td>\n<td width=\"85\">\/<\/td>\n<td width=\"369\">LSZH<\/td>\n<\/tr>\n<tr>\n<td width=\"111\">Color<\/td>\n<td width=\"85\">\/<\/td>\n<td width=\"369\">blanco<\/td>\n<\/tr>\n<tr>\n<td rowspan=\"3\" width=\"144\">&nbsp;<\/p>\n<p>Chaqueta exterior<\/td>\n<td width=\"111\">Di\u00e1metro<\/td>\n<td width=\"85\">mil\u00edmetros<\/td>\n<td width=\"369\">4,5\u00b10,3*10,1\u00b10,5<\/td>\n<\/tr>\n<tr>\n<td width=\"111\">Materiales<\/td>\n<td width=\"85\">\/<\/td>\n<td width=\"369\">PEAD<\/td>\n<\/tr>\n<tr>\n<td width=\"111\">Color<\/td>\n<td width=\"85\">\/<\/td>\n<td width=\"369\">Negro<\/td>\n<\/tr>\n<tr>\n<td width=\"144\">Cord\u00f3n de desgarro<\/td>\n<td width=\"111\">Materiales<\/td>\n<td width=\"85\">\/<\/td>\n<td width=\"369\">\/<\/td>\n<\/tr>\n<tr>\n<td rowspan=\"2\" width=\"144\">alambre de soporte<\/td>\n<td width=\"111\">Materiales<\/td>\n<td width=\"85\">\/<\/td>\n<td width=\"369\">conductor de cobre<\/td>\n<\/tr>\n<tr>\n<td width=\"111\">Di\u00e1metro<\/td>\n<td width=\"85\"><\/td>\n<td width=\"369\">0.5<\/td>\n<\/tr>\n<tr>\n<td rowspan=\"2\" width=\"144\">Rendimiento de tracci\u00f3n<\/td>\n<td width=\"111\">Corto plazo<\/td>\n<td width=\"85\">N<\/td>\n<td width=\"369\">1350N (deformaci\u00f3n de fibra\u22640,8%)<\/td>\n<\/tr>\n<tr>\n<td width=\"111\">Largo plazo<\/td>\n<td width=\"85\">N<\/td>\n<td width=\"369\">600<\/td>\n<\/tr>\n<tr>\n<td rowspan=\"2\" width=\"144\">Aplastar<\/td>\n<td width=\"111\">Corto plazo<\/td>\n<td width=\"85\">N\/100mm<\/td>\n<td width=\"369\">1000<\/td>\n<\/tr>\n<tr>\n<td width=\"111\">Largo plazo<\/td>\n<td width=\"85\">N\/100mm<\/td>\n<td width=\"369\">300<\/td>\n<\/tr>\n<tr>\n<td colspan=\"2\" width=\"256\">Atenuaci\u00f3n del cable<\/td>\n<td width=\"85\">dB\/km<\/td>\n<td width=\"369\">\u2266 0,4 a 1310 nm, \u2266 0,3 a 1550 nm<\/td>\n<\/tr>\n<tr>\n<td colspan=\"2\" width=\"256\">Peso del cable (aprox.)<\/td>\n<td width=\"85\">kg\/km<\/td>\n<td width=\"369\">42.3<\/td>\n<\/tr>\n<\/tbody>\n<\/table>","protected":false},"excerpt":{"rendered":"<p>El cable de acometida plana tonable 1F de 4,5 \u00d7 10,1 mm ofrece un cable compacto, liviano pero resistente que ofrece la durabilidad necesaria para uso en plantas exteriores junto con la flexibilidad requerida para curvas cerradas en el interior de residencias. Esta construcci\u00f3n de cable comienza con un cord\u00f3n EZ-Bend resistente OFNR de 3,0 mm de fibra \u00fanica que forma el n\u00facleo de fibra. Dos varillas de fibra de vidrio son [\u2026]<\/p>","protected":false},"featured_media":10725,"comment_status":"closed","ping_status":"closed","template":"","meta":{"site-sidebar-layout":"default","site-content-layout":"","ast-site-content-layout":"default","site-content-style":"default","site-sidebar-style":"default","ast-global-header-display":"","ast-banner-title-visibility":"","ast-main-header-display":"","ast-hfb-above-header-display":"","ast-hfb-below-header-display":"","ast-hfb-mobile-header-display":"","site-post-title":"","ast-breadcrumbs-content":"","ast-featured-img":"","footer-sml-layout":"","theme-transparent-header-meta":"default","adv-header-id-meta":"","stick-header-meta":"default","header-above-stick-meta":"","header-main-stick-meta":"","header-below-stick-meta":"","astra-migrate-meta-layouts":"set","ast-page-background-enabled":"default","ast-page-background-meta":{"desktop":{"background-color":"var(--ast-global-color-4)","background-image":"","background-repeat":"repeat","background-position":"center center","background-size":"auto","background-attachment":"scroll","background-type":"","background-media":"","overlay-type":"","overlay-color":"","overlay-gradient":""},"tablet":{"background-color":"","background-image":"","background-repeat":"repeat","background-position":"center center","background-size":"auto","background-attachment":"scroll","background-type":"","background-media":"","overlay-type":"","overlay-color":"","overlay-gradient":""},"mobile":{"background-color":"","background-image":"","background-repeat":"repeat","background-position":"center center","background-size":"auto","background-attachment":"scroll","background-type":"","background-media":"","overlay-type":"","overlay-color":"","overlay-gradient":""}},"ast-content-background-meta":{"desktop":{"background-color":"var(--ast-global-color-5)","background-image":"","background-repeat":"repeat","background-position":"center center","background-size":"auto","background-attachment":"scroll","background-type":"","background-media":"","overlay-type":"","overlay-color":"","overlay-gradient":""},"tablet":{"background-color":"var(--ast-global-color-5)","background-image":"","background-repeat":"repeat","background-position":"center center","background-size":"auto","background-attachment":"scroll","background-type":"","background-media":"","overlay-type":"","overlay-color":"","overlay-gradient":""},"mobile":{"background-color":"var(--ast-global-color-5)","background-image":"","background-repeat":"repeat","background-position":"center center","background-size":"auto","background-attachment":"scroll","background-type":"","background-media":"","overlay-type":"","overlay-color":"","overlay-gradient":""}}},"product_cat":[122,133],"product_tag":[],"class_list":{"0":"post-10723","1":"product","2":"type-product","3":"status-publish","4":"has-post-thumbnail","6":"product_cat-ftth-drop-cable","7":"product_cat-toneable-flat-drop-cable","8":"desktop-align-left","9":"tablet-align-left","10":"mobile-align-left","11":"ast-product-gallery-layout-horizontal-slider","12":"ast-product-tabs-layout-horizontal","14":"first","15":"instock","16":"shipping-taxable","17":"product-type-simple"},"acf":[],"_links":{"self":[{"href":"https:\/\/www.omccable.com\/es\/wp-json\/wp\/v2\/product\/10723","targetHints":{"allow":["GET"]}}],"collection":[{"href":"https:\/\/www.omccable.com\/es\/wp-json\/wp\/v2\/product"}],"about":[{"href":"https:\/\/www.omccable.com\/es\/wp-json\/wp\/v2\/types\/product"}],"replies":[{"embeddable":true,"href":"https:\/\/www.omccable.com\/es\/wp-json\/wp\/v2\/comments?post=10723"}],"version-history":[{"count":2,"href":"https:\/\/www.omccable.com\/es\/wp-json\/wp\/v2\/product\/10723\/revisions"}],"predecessor-version":[{"id":13281,"href":"https:\/\/www.omccable.com\/es\/wp-json\/wp\/v2\/product\/10723\/revisions\/13281"}],"wp:featuredmedia":[{"embeddable":true,"href":"https:\/\/www.omccable.com\/es\/wp-json\/wp\/v2\/media\/10725"}],"wp:attachment":[{"href":"https:\/\/www.omccable.com\/es\/wp-json\/wp\/v2\/media?parent=10723"}],"wp:term":[{"taxonomy":"product_cat","embeddable":true,"href":"https:\/\/www.omccable.com\/es\/wp-json\/wp\/v2\/product_cat?post=10723"},{"taxonomy":"product_tag","embeddable":true,"href":"https:\/\/www.omccable.com\/es\/wp-json\/wp\/v2\/product_tag?post=10723"}],"curies":[{"name":"wp","href":"https:\/\/api.w.org\/{rel}","templated":true}]}}