{"id":10717,"date":"2024-04-30T13:25:01","date_gmt":"2024-04-30T05:25:01","guid":{"rendered":"https:\/\/www.omccable.com\/?post_type=product&#038;p=10717"},"modified":"2024-04-30T13:27:20","modified_gmt":"2024-04-30T05:27:20","slug":"10717","status":"publish","type":"product","link":"https:\/\/www.omccable.com\/es\/producto\/10717\/","title":{"rendered":"Cable de acometida plana tonable 1-12F de 4,0 \u00d7 10,1 mm, tubo suelto"},"content":{"rendered":"<p>El cable de acometida plana tonable de OMC proporciona una f\u00e1cil instalaci\u00f3n y terminaci\u00f3n de FTTx (Fibra a The X) utilizando hardware y m\u00e9todos existentes para acometidas en hogares y empresas. Su perfil plano es compatible con abrazaderas de cu\u00f1a econ\u00f3micas para tramos a\u00e9reos autoportantes de hasta 300 pies, dependiendo de la carga ambiental. Una versi\u00f3n totalmente diel\u00e9ctrica<\/p>\n<p>elimina la necesidad de uni\u00f3n y conexi\u00f3n a tierra. Una versi\u00f3n tonable agrega un conductor de 24 AWG que brinda capacidad de ubicaci\u00f3n subterr\u00e1nea, sujeto por una red para una f\u00e1cil separaci\u00f3n del cable: la opci\u00f3n m\u00e1s popular para instalaciones subterr\u00e1neas y de usos m\u00faltiples.<\/p>\n<p><strong><b>\u00a0<\/b><\/strong><\/p>\n<p><strong><b>Dise\u00f1o de doble prop\u00f3sito:<\/b><\/strong><\/p>\n<ul>\n<li>El cable completo se utiliza como bajada exterior.<\/li>\n<li>La subunidad interior es un tubo PBT suelto de 2,0 mm<\/li>\n<li>Cable simplex con fibra de amortiguaci\u00f3n ajustada de 900 micras<\/li>\n<\/ul>\n<p>&nbsp;<\/p>\n<p><strong><b>Totalmente diel\u00e9ctrico o tonable<\/b><\/strong><\/p>\n<ul>\n<li>La versi\u00f3n totalmente diel\u00e9ctrica elimina la necesidad de conexi\u00f3n o conexi\u00f3n a tierra<\/li>\n<li>El cable tonal opcional de 24 AWG se separa f\u00e1cilmente del cable<\/li>\n<\/ul>\n<p>&nbsp;<\/p>\n<p><strong><b>Tecnolog\u00eda de bloqueo de agua seca<\/b><\/strong><\/p>\n<ul>\n<li>Permite una r\u00e1pida preparaci\u00f3n y terminaci\u00f3n de cables<\/li>\n<li>Los materiales que bloquean el agua se eliminan f\u00e1cilmente<\/li>\n<\/ul>\n<p>&nbsp;<\/p>\n<p><strong><b>Dise\u00f1o vers\u00e1til<\/b><\/strong><\/p>\n<ul>\n<li>El robusto cable exterior resiste las duras condiciones de la planta exterior<\/li>\n<li>El cable exterior se retira f\u00e1cilmente para los segmentos que van al interior.<\/li>\n<li>La subunidad Simplex es compacta y est\u00e1 listada por UL para uso en interiores, amortiguador herm\u00e9tico de 900 micras para una f\u00e1cil conexi\u00f3n<\/li>\n<li>Se puede utilizar de forma a\u00e9rea o en conducto<\/li>\n<\/ul>\n<p>&nbsp;<\/p>\n<p><strong><b>Dise\u00f1o de miembros de doble resistencia<\/b><\/strong><\/p>\n<ul>\n<li>Cabe en una abrazadera de cu\u00f1a est\u00e1ndar (abrazadera en P)<\/li>\n<li>Totalmente autoportante<\/li>\n<li>Una gran alternativa donde no se permiten elementos de refuerzo de acero<\/li>\n<\/ul>\n<p>&nbsp;<\/p>\n<p><strong><b>Chaqueta exterior de polietileno de densidad media<\/b><\/strong><\/p>\n<ul>\n<li>Instalaci\u00f3n de baja fricci\u00f3n<\/li>\n<li>Excelente protecci\u00f3n contra los peligros ambientales<\/li>\n<\/ul>\n<p>&nbsp;<\/p>\n<p><strong><b>Marcas de funda<\/b><\/strong><\/p>\n<ul>\n<li>Proporciona identificaci\u00f3n positiva y verificaci\u00f3n de longitud<\/li>\n<li>Impresi\u00f3n personalizada disponible<\/li>\n<\/ul>\n<p><strong><b>\u00a0<\/b><\/strong><\/p>\n<p><b><\/b><strong>Cable<\/strong><strong>estructura<\/strong><strong>\u00a0<\/strong><strong>y<\/strong><strong>\u00a0<\/strong><strong>par\u00e1metro<\/strong><\/p>\n<table>\n<tbody>\n<tr>\n<td width=\"144\"><strong>Art\u00edculo<\/strong><\/td>\n<td width=\"111\"><strong>Contenido<\/strong><\/td>\n<td width=\"85\"><strong>Unidad<\/strong><\/td>\n<td width=\"369\"><strong>Valor<\/strong><\/td>\n<\/tr>\n<tr>\n<td width=\"144\"><strong>\u00a0<\/strong><\/p>\n<p>Fibra \u00d3ptica<\/td>\n<td width=\"111\">n\u00famero de modelo<\/td>\n<td width=\"85\">\/<\/td>\n<td width=\"369\">G657A1\/G657A2<\/td>\n<\/tr>\n<tr>\n<td width=\"144\"><\/td>\n<td width=\"111\">n\u00famero<\/td>\n<td width=\"85\">\/<\/td>\n<td width=\"369\">1<\/td>\n<\/tr>\n<tr>\n<td width=\"144\"><\/td>\n<td width=\"111\">Color<\/td>\n<td width=\"85\">\/<\/td>\n<td width=\"369\">azul<\/td>\n<\/tr>\n<tr>\n<td width=\"144\">Miembro de fuerza<\/td>\n<td width=\"111\">Materiales<\/td>\n<td width=\"85\">\/<\/td>\n<td width=\"369\">FRP<\/td>\n<\/tr>\n<tr>\n<td width=\"144\"><\/td>\n<td width=\"111\">Di\u00e1metro<\/td>\n<td width=\"85\">mil\u00edmetros<\/td>\n<td width=\"369\">1.6<\/td>\n<\/tr>\n<tr>\n<td width=\"144\"><strong>\u00a0<\/strong><\/p>\n<p>tubo suelto<\/td>\n<td width=\"111\">Di\u00e1metro<\/td>\n<td width=\"85\">mil\u00edmetros<\/td>\n<td width=\"369\">2,0\u00b10,1<\/td>\n<\/tr>\n<tr>\n<td width=\"144\"><\/td>\n<td width=\"111\">Materiales<\/td>\n<td width=\"85\">\/<\/td>\n<td width=\"369\">PBT<\/td>\n<\/tr>\n<tr>\n<td width=\"144\"><\/td>\n<td width=\"111\">Color<\/td>\n<td width=\"85\">\/<\/td>\n<td width=\"369\">blanco<\/td>\n<\/tr>\n<tr>\n<td width=\"144\"><strong>\u00a0<\/strong><\/p>\n<p>Chaqueta exterior<\/td>\n<td width=\"111\">Di\u00e1metro<\/td>\n<td width=\"85\">mil\u00edmetros<\/td>\n<td width=\"369\">4,0\u00b10,3*10,1\u00b10,5<\/td>\n<\/tr>\n<tr>\n<td width=\"144\"><\/td>\n<td width=\"111\">Materiales<\/td>\n<td width=\"85\">\/<\/td>\n<td width=\"369\">PEAD<\/td>\n<\/tr>\n<tr>\n<td width=\"144\"><\/td>\n<td width=\"111\">Color<\/td>\n<td width=\"85\">\/<\/td>\n<td width=\"369\">Negro<\/td>\n<\/tr>\n<tr>\n<td width=\"144\">Cord\u00f3n de desgarro<\/td>\n<td width=\"111\">Materiales<\/td>\n<td width=\"85\">\/<\/td>\n<td width=\"369\">\/<\/td>\n<\/tr>\n<tr>\n<td width=\"144\">alambre de soporte<\/td>\n<td width=\"111\">Materiales<\/td>\n<td width=\"85\">\/<\/td>\n<td width=\"369\">conductor de cobre<\/td>\n<\/tr>\n<tr>\n<td width=\"144\"><\/td>\n<td width=\"111\">Di\u00e1metro<\/td>\n<td width=\"85\"><\/td>\n<td width=\"369\">0.5<\/td>\n<\/tr>\n<tr>\n<td width=\"144\">Rendimiento de tracci\u00f3n<\/td>\n<td width=\"111\">Corto plazo<\/td>\n<td width=\"85\">N<\/td>\n<td width=\"369\">1350N (deformaci\u00f3n de fibra\u22640,8%)<\/td>\n<\/tr>\n<tr>\n<td width=\"144\"><\/td>\n<td width=\"111\">Largo plazo<\/td>\n<td width=\"85\">N<\/td>\n<td width=\"369\">500<\/td>\n<\/tr>\n<tr>\n<td width=\"144\">Aplastar<\/td>\n<td width=\"111\">Corto plazo<\/td>\n<td width=\"85\">N\/100mm<\/td>\n<td width=\"369\">1000<\/td>\n<\/tr>\n<tr>\n<td width=\"144\"><\/td>\n<td width=\"111\">Largo plazo<\/td>\n<td width=\"85\">N\/100mm<\/td>\n<td width=\"369\">300<\/td>\n<\/tr>\n<tr>\n<td colspan=\"2\" width=\"256\">Atenuaci\u00f3n del cable<\/td>\n<td width=\"85\">dB\/km<\/td>\n<td width=\"369\">\u2266 0,4 a 1310 nm, \u2266 0,3 a 1550 nm<\/td>\n<\/tr>\n<tr>\n<td colspan=\"2\" width=\"256\">Peso del cable (aprox.)<\/td>\n<td width=\"85\">kg\/km<\/td>\n<td width=\"369\">42.3<\/td>\n<\/tr>\n<\/tbody>\n<\/table>","protected":false},"excerpt":{"rendered":"<p>El cable de acometida plana tonable de OMC proporciona una f\u00e1cil instalaci\u00f3n y terminaci\u00f3n de FTTx (Fibra a The X) utilizando hardware y m\u00e9todos existentes para acometidas en hogares y empresas. Su perfil plano es compatible con abrazaderas de cu\u00f1a econ\u00f3micas para tramos a\u00e9reos autoportantes de hasta 300 pies, dependiendo de la carga ambiental. Una versi\u00f3n totalmente diel\u00e9ctrica elimina la necesidad de uni\u00f3n y conexi\u00f3n a tierra. A [\u2026]<\/p>","protected":false},"featured_media":10719,"comment_status":"closed","ping_status":"closed","template":"","meta":{"site-sidebar-layout":"default","site-content-layout":"","ast-site-content-layout":"default","site-content-style":"default","site-sidebar-style":"default","ast-global-header-display":"","ast-banner-title-visibility":"","ast-main-header-display":"","ast-hfb-above-header-display":"","ast-hfb-below-header-display":"","ast-hfb-mobile-header-display":"","site-post-title":"","ast-breadcrumbs-content":"","ast-featured-img":"","footer-sml-layout":"","theme-transparent-header-meta":"default","adv-header-id-meta":"","stick-header-meta":"default","header-above-stick-meta":"","header-main-stick-meta":"","header-below-stick-meta":"","astra-migrate-meta-layouts":"set","ast-page-background-enabled":"default","ast-page-background-meta":{"desktop":{"background-color":"var(--ast-global-color-4)","background-image":"","background-repeat":"repeat","background-position":"center center","background-size":"auto","background-attachment":"scroll","background-type":"","background-media":"","overlay-type":"","overlay-color":"","overlay-gradient":""},"tablet":{"background-color":"","background-image":"","background-repeat":"repeat","background-position":"center center","background-size":"auto","background-attachment":"scroll","background-type":"","background-media":"","overlay-type":"","overlay-color":"","overlay-gradient":""},"mobile":{"background-color":"","background-image":"","background-repeat":"repeat","background-position":"center center","background-size":"auto","background-attachment":"scroll","background-type":"","background-media":"","overlay-type":"","overlay-color":"","overlay-gradient":""}},"ast-content-background-meta":{"desktop":{"background-color":"var(--ast-global-color-5)","background-image":"","background-repeat":"repeat","background-position":"center center","background-size":"auto","background-attachment":"scroll","background-type":"","background-media":"","overlay-type":"","overlay-color":"","overlay-gradient":""},"tablet":{"background-color":"var(--ast-global-color-5)","background-image":"","background-repeat":"repeat","background-position":"center center","background-size":"auto","background-attachment":"scroll","background-type":"","background-media":"","overlay-type":"","overlay-color":"","overlay-gradient":""},"mobile":{"background-color":"var(--ast-global-color-5)","background-image":"","background-repeat":"repeat","background-position":"center center","background-size":"auto","background-attachment":"scroll","background-type":"","background-media":"","overlay-type":"","overlay-color":"","overlay-gradient":""}}},"product_cat":[122,133],"product_tag":[],"class_list":{"0":"post-10717","1":"product","2":"type-product","3":"status-publish","4":"has-post-thumbnail","6":"product_cat-ftth-drop-cable","7":"product_cat-toneable-flat-drop-cable","8":"desktop-align-left","9":"tablet-align-left","10":"mobile-align-left","11":"ast-product-gallery-layout-horizontal-slider","12":"ast-product-tabs-layout-horizontal","14":"first","15":"instock","16":"shipping-taxable","17":"product-type-simple"},"acf":[],"_links":{"self":[{"href":"https:\/\/www.omccable.com\/es\/wp-json\/wp\/v2\/product\/10717","targetHints":{"allow":["GET"]}}],"collection":[{"href":"https:\/\/www.omccable.com\/es\/wp-json\/wp\/v2\/product"}],"about":[{"href":"https:\/\/www.omccable.com\/es\/wp-json\/wp\/v2\/types\/product"}],"replies":[{"embeddable":true,"href":"https:\/\/www.omccable.com\/es\/wp-json\/wp\/v2\/comments?post=10717"}],"version-history":[{"count":3,"href":"https:\/\/www.omccable.com\/es\/wp-json\/wp\/v2\/product\/10717\/revisions"}],"predecessor-version":[{"id":11783,"href":"https:\/\/www.omccable.com\/es\/wp-json\/wp\/v2\/product\/10717\/revisions\/11783"}],"wp:featuredmedia":[{"embeddable":true,"href":"https:\/\/www.omccable.com\/es\/wp-json\/wp\/v2\/media\/10719"}],"wp:attachment":[{"href":"https:\/\/www.omccable.com\/es\/wp-json\/wp\/v2\/media?parent=10717"}],"wp:term":[{"taxonomy":"product_cat","embeddable":true,"href":"https:\/\/www.omccable.com\/es\/wp-json\/wp\/v2\/product_cat?post=10717"},{"taxonomy":"product_tag","embeddable":true,"href":"https:\/\/www.omccable.com\/es\/wp-json\/wp\/v2\/product_tag?post=10717"}],"curies":[{"name":"wp","href":"https:\/\/api.w.org\/{rel}","templated":true}]}}