{"id":10712,"date":"2024-04-30T11:36:53","date_gmt":"2024-04-30T03:36:53","guid":{"rendered":"https:\/\/www.omccable.com\/?post_type=product&#038;p=10712"},"modified":"2024-07-25T11:19:19","modified_gmt":"2024-07-25T03:19:19","slug":"24f-flat-drop-cable-4-5x10-0mm-loose-tube","status":"publish","type":"product","link":"https:\/\/www.omccable.com\/es\/producto\/24f-flat-drop-cable-4-5x10-0mm-loose-tube\/","title":{"rendered":"Cable de acometida plana totalmente diel\u00e9ctrico 24F 4,5 \u00d7 10,0 mm - Tubo suelto"},"content":{"rendered":"<p><strong><b>Cable de acometida plana totalmente diel\u00e9ctrico 24F 4,5 \u00d7 10,0 mm - Tubo suelto <\/b><\/strong>utiliza una estructura plana de mariposa, cuya unidad de fibra \u00f3ptica est\u00e1 colocada en el centro del tubo de p\u00e9rdida (PBT). Se colocan dos elementos de resistencia paralelos de pl\u00e1stico reforzado con fibra (FRP) en los dos lados. Luego, el cable se completa con una funda de HDPE.<\/p>\n<p>&nbsp;<\/p>\n<p><strong>Caracter\u00edstica<\/strong><\/p>\n<ul>\n<li>Buen rendimiento a prueba de agua<\/li>\n<li>La fibra especial de baja sensibilidad a la flexi\u00f3n proporciona un gran ancho de banda y una excelente propiedad de transmisi\u00f3n de comunicaciones<\/li>\n<li>Dos miembros de resistencia paralelos de FRP garantizan un buen rendimiento de resistencia al aplastamiento para proteger la fibra<\/li>\n<li>Estructura simple, peso ligero y alta practicabilidad<\/li>\n<li>Nuevo dise\u00f1o de flauta, f\u00e1cil de pelar y empalmar, simplifica la instalaci\u00f3n y el mantenimiento<\/li>\n<li>Bajo nivel de humo, cero hal\u00f3genos y funda retardante de llama<\/li>\n<\/ul>\n<p>&nbsp;<\/p>\n<p><strong>Especificaci\u00f3n del cable<\/strong><strong>:<\/strong><\/p>\n<table>\n<tbody>\n<tr>\n<td width=\"175\"><strong>Art\u00edculo<\/strong><\/td>\n<td width=\"110\"><strong>Contenido<\/strong><\/td>\n<td width=\"103\"><strong>Unidad<\/strong><\/td>\n<td width=\"283\"><strong>Valor<\/strong><\/td>\n<\/tr>\n<tr>\n<td width=\"175\">Fibra \u00d3ptica<\/td>\n<td width=\"110\">\/<\/td>\n<td width=\"103\">\/<\/td>\n<td width=\"283\">24<\/td>\n<\/tr>\n<tr>\n<td width=\"175\">Miembro de fuerza<\/td>\n<td width=\"110\">Materiales<\/td>\n<td width=\"103\">\/<\/td>\n<td width=\"283\">2*2.0FRP<\/td>\n<\/tr>\n<tr>\n<td rowspan=\"3\" width=\"175\">Tubo suelto<\/td>\n<td width=\"110\">Di\u00e1metro<\/td>\n<td width=\"103\">mil\u00edmetros<\/td>\n<td width=\"283\">2,2 \u00b1 0,2 mm x 2<\/td>\n<\/tr>\n<tr>\n<td width=\"110\">Materiales<\/td>\n<td width=\"103\">\/<\/td>\n<td width=\"283\">PBT<\/td>\n<\/tr>\n<tr>\n<td width=\"110\">Color<\/td>\n<td width=\"103\">\/<\/td>\n<td width=\"283\">Azul y naranja<\/td>\n<\/tr>\n<tr>\n<td rowspan=\"3\" width=\"175\">Chaqueta exterior<\/td>\n<td width=\"110\">Di\u00e1metro<\/td>\n<td width=\"103\">mil\u00edmetros<\/td>\n<td width=\"283\">4.5*10.1<\/td>\n<\/tr>\n<tr>\n<td width=\"110\">Materiales<\/td>\n<td width=\"103\">\/<\/td>\n<td width=\"283\">PEAD<\/td>\n<\/tr>\n<tr>\n<td width=\"110\">Color<\/td>\n<td width=\"103\">\/<\/td>\n<td width=\"283\">Negro<\/td>\n<\/tr>\n<tr>\n<td rowspan=\"2\" width=\"175\">Rendimiento de tracci\u00f3n<\/td>\n<td width=\"110\">Corto plazo<\/td>\n<td width=\"103\">N<\/td>\n<td width=\"283\">1000<\/td>\n<\/tr>\n<tr>\n<td width=\"110\">Largo plazo<\/td>\n<td width=\"103\">N<\/td>\n<td width=\"283\">500<\/td>\n<\/tr>\n<tr>\n<td width=\"175\">Aplastar<\/td>\n<td width=\"110\">Corto plazo<\/td>\n<td width=\"103\">N\/100mm<\/td>\n<td width=\"283\">1000<\/td>\n<\/tr>\n<tr>\n<td width=\"175\">&nbsp;<\/td>\n<td width=\"110\">Largo plazo<\/td>\n<td width=\"103\">N\/100mm<\/td>\n<td width=\"283\">300<\/td>\n<\/tr>\n<tr>\n<td width=\"175\">Atenuaci\u00f3n del cable<\/td>\n<td width=\"110\">&nbsp;<\/td>\n<td width=\"103\">dB\/km<\/td>\n<td width=\"283\">SM: \u2266 0,35 a 1310 nm, \u2266 0,22 a<\/p>\n<p>1550 nm<\/td>\n<\/tr>\n<tr>\n<td width=\"175\">Peso del cable (aprox.)<\/td>\n<td width=\"110\">&nbsp;<\/td>\n<td width=\"103\">kg\/km<\/td>\n<td width=\"283\">52<\/td>\n<\/tr>\n<\/tbody>\n<\/table>\n<p><strong>\u00a0<\/strong><\/p>\n<p><strong>Principales prestaciones mec\u00e1nicas y medioambientales<\/strong><\/p>\n<table>\n<tbody>\n<tr>\n<td rowspan=\"2\" width=\"224\"><strong><b>Radio de curvatura m\u00ednimo (mm)<\/b><\/strong><\/td>\n<td width=\"187\">Largo plazo<\/td>\n<td width=\"268\">100<\/td>\n<\/tr>\n<tr>\n<td width=\"187\">Corto plazo<\/td>\n<td width=\"268\">150<\/td>\n<\/tr>\n<tr>\n<td rowspan=\"2\" width=\"224\"><strong><b>Resistencia m\u00e1xima a la tracci\u00f3n (N)<\/b><\/strong><\/td>\n<td width=\"187\">Largo plazo<\/td>\n<td width=\"268\">1000<\/td>\n<\/tr>\n<tr>\n<td width=\"187\">Corto plazo<\/td>\n<td width=\"268\">2000<\/td>\n<\/tr>\n<tr>\n<td width=\"224\"><strong><b>Carga de aplastamiento (N\/100 mm)<\/b><\/strong><\/td>\n<td colspan=\"2\" width=\"455\">Equipo corto 1200 y equipo largo 600<\/td>\n<\/tr>\n<tr>\n<td width=\"224\"><strong><b>Temperatura de funcionamiento <\/b><\/strong><strong><b>(\u2103)<\/b><\/strong><\/td>\n<td colspan=\"2\" width=\"455\">-40+60<\/td>\n<\/tr>\n<tr>\n<td width=\"224\"><strong><b>Temperatura de almacenamiento <\/b><\/strong><strong><b>(\u2103)<\/b><\/strong><\/td>\n<td colspan=\"2\" width=\"455\">-40+60<\/td>\n<\/tr>\n<\/tbody>\n<\/table>\n<p><strong>\u00a0<\/strong><\/p>\n<p><strong>Caracter\u00edstica de la fibra<\/strong><\/p>\n<table>\n<tbody>\n<tr>\n<td rowspan=\"2\" width=\"167\"><strong><b>Par\u00e1metro<\/b><\/strong><\/td>\n<td rowspan=\"2\" width=\"96\"><strong><b>Condiciones<\/b><\/strong><\/td>\n<td rowspan=\"2\" width=\"85\"><strong><b>Unidades<\/b><\/strong><\/td>\n<td colspan=\"4\" width=\"330\"><strong><b>Valor<\/b><\/strong><\/td>\n<\/tr>\n<tr>\n<td width=\"85\"><strong><b>G652D<\/b><\/strong><\/td>\n<td width=\"85\"><strong><b>G657A1<\/b><\/strong><\/td>\n<td width=\"85\"><strong><b>G657A2<\/b><\/strong><\/td>\n<td width=\"75\"><strong><b>G657B3<\/b><\/strong><\/td>\n<\/tr>\n<tr>\n<td colspan=\"3\" width=\"349\"><strong><b>Especificaci\u00f3n \u00f3ptica<\/b><\/strong><\/td>\n<td colspan=\"4\" width=\"330\"><strong><b>\u3000<\/b><\/strong><\/td>\n<\/tr>\n<tr>\n<td rowspan=\"4\" width=\"167\">Atenuaci\u00f3n<\/td>\n<td width=\"96\">1310 nm<\/td>\n<td width=\"85\">dB\/km<\/td>\n<td width=\"85\">\u22640,350<\/td>\n<td width=\"85\">\u22640,350<\/td>\n<td width=\"85\">\u22640,350<\/td>\n<td width=\"75\">\u22640,350<\/td>\n<\/tr>\n<tr>\n<td width=\"96\">1383 nm<\/td>\n<td width=\"85\">dB\/km<\/td>\n<td width=\"85\">\u22640,330<\/td>\n<td width=\"85\">\u22640,350<\/td>\n<td width=\"85\">\u22640,350<\/td>\n<td width=\"75\">\u22640,350<\/td>\n<\/tr>\n<tr>\n<td width=\"96\">1550 nm<\/td>\n<td width=\"85\">dB\/km<\/td>\n<td width=\"85\">\u22640,210<\/td>\n<td width=\"85\">\u22640,210<\/td>\n<td width=\"85\">\u22640,210<\/td>\n<td width=\"75\">\u22640,210<\/td>\n<\/tr>\n<tr>\n<td width=\"96\">1625 nan\u00f3metro<\/td>\n<td width=\"85\">dB\/km<\/td>\n<td width=\"85\">\u22640,240<\/td>\n<td width=\"85\">\u22640,230<\/td>\n<td width=\"85\">\u22640,230<\/td>\n<td width=\"75\">\u22640,230<\/td>\n<\/tr>\n<tr>\n<td rowspan=\"3\" width=\"167\">Atenuaci\u00f3n frente a longitud de onda<\/td>\n<td width=\"96\">1310 nm VS. 1285-1330 nan\u00f3metro<\/td>\n<td width=\"85\">dB\/km<\/td>\n<td width=\"85\">\u22640,04<\/td>\n<td width=\"85\">\u22640,04<\/td>\n<td width=\"85\">\u22640,05<\/td>\n<td width=\"75\">\u22640,03<\/td>\n<\/tr>\n<tr>\n<td width=\"96\">1550 nm VS. 1525-1575 nan\u00f3metro<\/td>\n<td width=\"85\">dB\/km<\/td>\n<td width=\"85\">\u22640,03<\/td>\n<td width=\"85\">\u22640,03<\/td>\n<td width=\"85\">\u22640,04<\/td>\n<td width=\"75\">\u22640,02<\/td>\n<\/tr>\n<tr>\n<td width=\"96\">1550 nm VS. 1480-1580 nan\u00f3metro<\/td>\n<td width=\"85\">dB\/km<\/td>\n<td width=\"85\">\u22640,04<\/td>\n<td width=\"85\">\u2013<\/td>\n<td width=\"85\">\u2013<\/td>\n<td width=\"75\">\u2013<\/td>\n<\/tr>\n<tr>\n<td width=\"167\">Longitud de onda de dispersi\u00f3n cero<\/td>\n<td rowspan=\"2\" width=\"96\">\\<\/td>\n<td width=\"85\">nm<\/td>\n<td width=\"85\">1300-1324<\/td>\n<td width=\"85\">1300-1324<\/td>\n<td width=\"85\">1300-1324<\/td>\n<td width=\"75\">1300-1324<\/td>\n<\/tr>\n<tr>\n<td width=\"167\">Pendiente de dispersi\u00f3n cero<\/td>\n<td width=\"85\">ps\/(nm<sup>2<\/sup>\u00b7km)<\/td>\n<td width=\"85\">0.073-0.092<\/td>\n<td width=\"85\">0.073-0.092<\/td>\n<td width=\"85\">0.073-0.092<\/td>\n<td width=\"75\">\u22640,092<\/td>\n<\/tr>\n<tr>\n<td rowspan=\"2\" width=\"167\">Dispersi\u00f3n<\/td>\n<td width=\"96\">1550 nm<\/td>\n<td width=\"85\">ps\/(nm\u00b7km)<\/td>\n<td width=\"85\">13.3-18.6<\/td>\n<td width=\"85\">13.3-18.6<\/td>\n<td width=\"85\">13.3-18.6<\/td>\n<td width=\"75\">&nbsp;<\/td>\n<\/tr>\n<tr>\n<td width=\"96\">1625 nan\u00f3metro<\/td>\n<td width=\"85\">ps\/(nm\u00b7km)<\/td>\n<td width=\"85\">17.2-23.7<\/td>\n<td width=\"85\">17.2-23.7<\/td>\n<td width=\"85\">17.2-23.7<\/td>\n<td width=\"75\">&nbsp;<\/td>\n<\/tr>\n<tr>\n<td colspan=\"2\" width=\"264\">Dispersi\u00f3n del modo de polarizaci\u00f3n (PMD)<\/td>\n<td width=\"85\">ps\/\u221akm<\/td>\n<td width=\"85\">\u22640,2<\/td>\n<td width=\"85\">\u22640,2<\/td>\n<td width=\"85\">\u22640,2<\/td>\n<td width=\"75\">\u22640,2<\/td>\n<\/tr>\n<tr>\n<td width=\"167\">Longitud de onda de corte \u03bbcc<\/td>\n<td width=\"96\">\u2013<\/td>\n<td width=\"85\">nm<\/td>\n<td width=\"85\">\u22641260<\/td>\n<td width=\"85\">\u22641260<\/td>\n<td width=\"85\">\u22641260<\/td>\n<td width=\"75\">\u22641260<\/td>\n<\/tr>\n<tr>\n<td rowspan=\"2\" width=\"167\">Di\u00e1metro de campo modal (MFD)<\/td>\n<td width=\"96\">1310 nm<\/td>\n<td width=\"85\">\u00b5m<\/td>\n<td width=\"85\">9,2\u00b10,4<\/td>\n<td width=\"85\">9,2\u00b10,4<\/td>\n<td width=\"85\">8,6\u00b10,4<\/td>\n<td width=\"75\">8,6\u00b10,4<\/td>\n<\/tr>\n<tr>\n<td width=\"96\">1550 nm<\/td>\n<td width=\"85\">\u00b5m<\/td>\n<td width=\"85\">10,4\u00b10,5<\/td>\n<td width=\"85\">10,4\u00b10,5<\/td>\n<td width=\"85\">9,6\u00b10,5<\/td>\n<td width=\"75\">9,6\u00b10,5<\/td>\n<\/tr>\n<tr>\n<td rowspan=\"2\" width=\"167\">Discontinuidad de atenuaci\u00f3n<\/td>\n<td width=\"96\">1310 nm<\/td>\n<td width=\"85\">dB<\/td>\n<td width=\"85\">\u22640,03<\/td>\n<td width=\"85\">\u22640,03<\/td>\n<td width=\"85\">\u22640,03<\/td>\n<td width=\"75\">\u22640,03<\/td>\n<\/tr>\n<tr>\n<td width=\"96\">1550 nm<\/td>\n<td width=\"85\">dB<\/td>\n<td width=\"85\">\u22640,03<\/td>\n<td width=\"85\">\u22640,03<\/td>\n<td width=\"85\">\u22640,03<\/td>\n<td width=\"75\">\u22640,03<\/td>\n<\/tr>\n<tr>\n<td rowspan=\"2\" width=\"167\">Atenuaci\u00f3n bidireccional<\/td>\n<td width=\"96\">1310 nm<\/td>\n<td width=\"85\">dB\/km<\/td>\n<td width=\"85\">\u22640,04<\/td>\n<td width=\"85\">&nbsp;<\/td>\n<td width=\"85\">&nbsp;<\/td>\n<td width=\"75\">\u22640,05<\/td>\n<\/tr>\n<tr>\n<td width=\"96\">1550 nm<\/td>\n<td width=\"85\">dB\/km<\/td>\n<td width=\"85\">\u22640,04<\/td>\n<td width=\"85\">&nbsp;<\/td>\n<td width=\"85\">&nbsp;<\/td>\n<td width=\"75\">\u22640,05<\/td>\n<\/tr>\n<tr>\n<td colspan=\"3\" width=\"349\"><strong><b>Geom\u00e9trico<\/b><\/strong><\/td>\n<td colspan=\"4\" width=\"330\">&nbsp;<\/td>\n<\/tr>\n<tr>\n<td colspan=\"2\" width=\"264\">Di\u00e1metro del revestimiento<\/td>\n<td width=\"85\">\u00b5m<\/td>\n<td width=\"85\">125\u00b10,7<\/td>\n<td width=\"85\">125\u00b10,7<\/td>\n<td width=\"85\">125\u00b10,7<\/td>\n<td width=\"75\">125\u00b10,7<\/td>\n<\/tr>\n<tr>\n<td colspan=\"2\" width=\"264\">No circularidad del revestimiento<\/td>\n<td width=\"85\">%<\/td>\n<td width=\"85\">\u22641,0<\/td>\n<td width=\"85\">\u22641,0<\/td>\n<td width=\"85\">\u22640,8<\/td>\n<td width=\"75\">\u22640,7<\/td>\n<\/tr>\n<tr>\n<td colspan=\"2\" width=\"264\">Error de concentricidad del n\u00facleo\/revestimiento<\/td>\n<td width=\"85\">\u00b5m<\/td>\n<td width=\"85\">\u22640,6<\/td>\n<td width=\"85\">\u22640,5<\/td>\n<td width=\"85\">\u22640,5<\/td>\n<td width=\"75\">\u22640,5<\/td>\n<\/tr>\n<tr>\n<td colspan=\"2\" rowspan=\"2\" width=\"264\">Di\u00e1metro del revestimiento (sin color)<\/td>\n<td width=\"85\">\u00b5m<\/td>\n<td colspan=\"4\" width=\"330\">242\u00b17 (est\u00e1ndar)<\/td>\n<\/tr>\n<tr>\n<td width=\"85\">\u00b5m<\/td>\n<td colspan=\"4\" width=\"330\">200\u00b110 (opcional)<\/td>\n<\/tr>\n<tr>\n<td colspan=\"2\" width=\"264\">Error de concentricidad del revestimiento\/revestimiento<\/td>\n<td width=\"85\">\u00b5m<\/td>\n<td width=\"85\">\u226412<\/td>\n<td width=\"85\">\u226412<\/td>\n<td width=\"85\">\u226412<\/td>\n<td width=\"75\">\u226412<\/td>\n<\/tr>\n<tr>\n<td colspan=\"2\" width=\"264\">Rizado<\/td>\n<td width=\"85\">m<\/td>\n<td width=\"85\">\u22654<\/td>\n<td width=\"85\">\u22654<\/td>\n<td width=\"85\">\u22654<\/td>\n<td width=\"75\">\u22654<\/td>\n<\/tr>\n<tr>\n<td colspan=\"3\" width=\"349\"><strong><b>Ambiental (1550 nm, 1625 nm)<\/b><\/strong><\/td>\n<td colspan=\"4\" width=\"330\">&nbsp;<\/td>\n<\/tr>\n<tr>\n<td width=\"167\">Ciclos de temperatura<\/td>\n<td width=\"96\">-60 \u2103 a +85 \u2103<\/td>\n<td width=\"85\">dB\/km<\/td>\n<td width=\"85\">\u22640,03<\/td>\n<td width=\"85\">\u22640,05<\/td>\n<td width=\"85\">\u22640,05<\/td>\n<td width=\"75\">\u22640,05<\/td>\n<\/tr>\n<tr>\n<td width=\"167\">Alta temperatura y<\/p>\n<p>Alta humedad<\/td>\n<td width=\"96\">85 \u2103, 85% RH, 30 d\u00edas<\/td>\n<td width=\"85\">dB\/km<\/td>\n<td width=\"85\">\u22640,03<\/td>\n<td width=\"85\">\u22640,05<\/td>\n<td width=\"85\">\u22640,05<\/td>\n<td width=\"75\">\u22640,05<\/td>\n<\/tr>\n<tr>\n<td width=\"167\">Inmersi\u00f3n en agua<\/td>\n<td width=\"96\">23 \u2103, 30 d\u00edas<\/td>\n<td width=\"85\">dB\/km<\/td>\n<td width=\"85\">\u22640,03<\/td>\n<td width=\"85\">\u22640,05<\/td>\n<td width=\"85\">\u22640,05<\/td>\n<td width=\"75\">\u22640,05<\/td>\n<\/tr>\n<tr>\n<td width=\"167\">Envejecimiento a alta temperatura<\/td>\n<td width=\"96\">85 \u2103, 30 d\u00edas<\/td>\n<td width=\"85\">dB\/km<\/td>\n<td width=\"85\">\u22640,03<\/td>\n<td width=\"85\">\u22640,05<\/td>\n<td width=\"85\">\u22640,05<\/td>\n<td width=\"75\">\u22640,05<\/td>\n<\/tr>\n<\/tbody>\n<\/table>\n<p>&nbsp;<\/p>\n<p><strong>Solicitud:<\/strong><\/p>\n<p>Red de acceso<\/p>\n<p>Red de \u00e1rea local (LAN)<\/p>\n<p>Cableado directo utilizado por usuarios finales<\/p>\n<p>Sistema de comunicaci\u00f3n de fibra \u00f3ptica.<\/p>\n<p>Distribuci\u00f3n y cableado interior FTTH (fibra hasta el hogar)<\/p>\n<p>&nbsp;<\/p>\n<p><strong>Uso ideal del cable de bajada FTTH plano para interiores de mariposa<\/strong><\/p>\n<p>El cable de acometida interior plano Butterfly se usa ampliamente en el sistema de red de fibra hasta el hogar (FTTH), que puede conectar directamente la l\u00ednea de comunicaci\u00f3n desde la LAN a los usuarios finales. El cable de acometida plana Butterfly utiliza fibra especial de baja sensibilidad a la curvatura para proporcionar un gran ancho de banda y una excelente transmisi\u00f3n de comunicaci\u00f3n; es muy adecuado para cableado interior, cableado directo de usuarios finales y redes de acceso.<\/p>\n<p><img fetchpriority=\"high\" decoding=\"async\" class=\"alignnone size-full wp-image-11754\" src=\"https:\/\/www.omccable.com\/wp-content\/uploads\/2024\/04\/FTTH-DROP-CABLE.png\" alt=\"FTTH DROP CABLE\" width=\"1100\" height=\"452\" srcset=\"https:\/\/www.omccable.com\/wp-content\/uploads\/2024\/04\/FTTH-DROP-CABLE.png 1100w, https:\/\/www.omccable.com\/wp-content\/uploads\/2024\/04\/FTTH-DROP-CABLE-300x123.png 300w, https:\/\/www.omccable.com\/wp-content\/uploads\/2024\/04\/FTTH-DROP-CABLE-800x329.png 800w, https:\/\/www.omccable.com\/wp-content\/uploads\/2024\/04\/FTTH-DROP-CABLE-768x316.png 768w\" sizes=\"(max-width: 1100px) 100vw, 1100px\" \/><\/p>","protected":false},"excerpt":{"rendered":"<p>Cable de acometida plana totalmente diel\u00e9ctrico 24F de 4,5 \u00d7 10,0 mm: el tubo suelto utiliza una estructura plana de mariposa, cuya unidad de fibra \u00f3ptica est\u00e1 colocada en el centro del tubo de p\u00e9rdida (PBT). Se colocan dos elementos de resistencia paralelos de pl\u00e1stico reforzado con fibra (FRP) en los dos lados. Luego, el cable se completa con una funda de HDPE.   Caracter\u00edstica Buen rendimiento a prueba de agua La fibra especial de baja sensibilidad a la flexi\u00f3n proporciona [\u2026]<\/p>","protected":false},"featured_media":10714,"comment_status":"closed","ping_status":"closed","template":"","meta":{"site-sidebar-layout":"default","site-content-layout":"","ast-site-content-layout":"default","site-content-style":"default","site-sidebar-style":"default","ast-global-header-display":"","ast-banner-title-visibility":"","ast-main-header-display":"","ast-hfb-above-header-display":"","ast-hfb-below-header-display":"","ast-hfb-mobile-header-display":"","site-post-title":"","ast-breadcrumbs-content":"","ast-featured-img":"","footer-sml-layout":"","theme-transparent-header-meta":"default","adv-header-id-meta":"","stick-header-meta":"default","header-above-stick-meta":"","header-main-stick-meta":"","header-below-stick-meta":"","astra-migrate-meta-layouts":"set","ast-page-background-enabled":"default","ast-page-background-meta":{"desktop":{"background-color":"var(--ast-global-color-4)","background-image":"","background-repeat":"repeat","background-position":"center center","background-size":"auto","background-attachment":"scroll","background-type":"","background-media":"","overlay-type":"","overlay-color":"","overlay-gradient":""},"tablet":{"background-color":"","background-image":"","background-repeat":"repeat","background-position":"center center","background-size":"auto","background-attachment":"scroll","background-type":"","background-media":"","overlay-type":"","overlay-color":"","overlay-gradient":""},"mobile":{"background-color":"","background-image":"","background-repeat":"repeat","background-position":"center center","background-size":"auto","background-attachment":"scroll","background-type":"","background-media":"","overlay-type":"","overlay-color":"","overlay-gradient":""}},"ast-content-background-meta":{"desktop":{"background-color":"var(--ast-global-color-5)","background-image":"","background-repeat":"repeat","background-position":"center center","background-size":"auto","background-attachment":"scroll","background-type":"","background-media":"","overlay-type":"","overlay-color":"","overlay-gradient":""},"tablet":{"background-color":"var(--ast-global-color-5)","background-image":"","background-repeat":"repeat","background-position":"center center","background-size":"auto","background-attachment":"scroll","background-type":"","background-media":"","overlay-type":"","overlay-color":"","overlay-gradient":""},"mobile":{"background-color":"var(--ast-global-color-5)","background-image":"","background-repeat":"repeat","background-position":"center center","background-size":"auto","background-attachment":"scroll","background-type":"","background-media":"","overlay-type":"","overlay-color":"","overlay-gradient":""}}},"product_cat":[131,122],"product_tag":[],"class_list":{"0":"post-10712","1":"product","2":"type-product","3":"status-publish","4":"has-post-thumbnail","6":"product_cat-all-dielectric-flat-drop-cable","7":"product_cat-ftth-drop-cable","8":"desktop-align-left","9":"tablet-align-left","10":"mobile-align-left","11":"ast-product-gallery-layout-horizontal-slider","12":"ast-product-tabs-layout-horizontal","14":"first","15":"instock","16":"shipping-taxable","17":"product-type-simple"},"acf":[],"_links":{"self":[{"href":"https:\/\/www.omccable.com\/es\/wp-json\/wp\/v2\/product\/10712","targetHints":{"allow":["GET"]}}],"collection":[{"href":"https:\/\/www.omccable.com\/es\/wp-json\/wp\/v2\/product"}],"about":[{"href":"https:\/\/www.omccable.com\/es\/wp-json\/wp\/v2\/types\/product"}],"replies":[{"embeddable":true,"href":"https:\/\/www.omccable.com\/es\/wp-json\/wp\/v2\/comments?post=10712"}],"version-history":[{"count":4,"href":"https:\/\/www.omccable.com\/es\/wp-json\/wp\/v2\/product\/10712\/revisions"}],"predecessor-version":[{"id":11763,"href":"https:\/\/www.omccable.com\/es\/wp-json\/wp\/v2\/product\/10712\/revisions\/11763"}],"wp:featuredmedia":[{"embeddable":true,"href":"https:\/\/www.omccable.com\/es\/wp-json\/wp\/v2\/media\/10714"}],"wp:attachment":[{"href":"https:\/\/www.omccable.com\/es\/wp-json\/wp\/v2\/media?parent=10712"}],"wp:term":[{"taxonomy":"product_cat","embeddable":true,"href":"https:\/\/www.omccable.com\/es\/wp-json\/wp\/v2\/product_cat?post=10712"},{"taxonomy":"product_tag","embeddable":true,"href":"https:\/\/www.omccable.com\/es\/wp-json\/wp\/v2\/product_tag?post=10712"}],"curies":[{"name":"wp","href":"https:\/\/api.w.org\/{rel}","templated":true}]}}