{"id":10688,"date":"2024-04-29T15:51:01","date_gmt":"2024-04-29T07:51:01","guid":{"rendered":"https:\/\/www.omccable.com\/?post_type=product&#038;p=10688"},"modified":"2024-07-25T10:43:06","modified_gmt":"2024-07-25T02:43:06","slug":"1f-flat-drop-dielectric-cable-900um-tight-buffer","status":"publish","type":"product","link":"https:\/\/www.omccable.com\/es\/producto\/1f-flat-drop-dielectric-cable-900um-tight-buffer\/","title":{"rendered":"Cable de acometida plana FTTH totalmente diel\u00e9ctrico 1F -3,0 \u00d7 5,4 mm"},"content":{"rendered":"<p><strong><b>Cable de acometida plana FTTH totalmente diel\u00e9ctrico 1F \u2013<\/b><\/strong><strong><b>3,0 \u00d7 5,4 mm<\/b><\/strong><strong><b>\u00a0<\/b><\/strong>Utiliza una estructura plana en forma de mariposa, cuya unidad de fibra \u00f3ptica est\u00e1 colocada en el centro. Se colocan dos elementos de resistencia paralelos de pl\u00e1stico reforzado con fibra (FRP) en los dos lados. Luego, el cable se completa con una funda LSZH.<\/p>\n<p>&nbsp;<\/p>\n<p><strong>Caracter\u00edsticas\u00a0<\/strong><\/p>\n<ul>\n<li>\u00a0Dise\u00f1o compacto para aplicaci\u00f3n universal<\/li>\n<li>Clasificado para instalaci\u00f3n a\u00e9rea y subterr\u00e1nea.<\/li>\n<li>(Opcional) Fibra \u00f3ptica LSZH con amortiguaci\u00f3n ajustada<\/li>\n<li>Sin herramientas especiales<\/li>\n<li>F\u00e1cil manejo y r\u00e1pida instalaci\u00f3n<\/li>\n<li>Chaqueta de PE negra duradera y resistente a los rayos UV<\/li>\n<\/ul>\n<p>&nbsp;<\/p>\n<p><strong><b>Estructura y par\u00e1metro del cable<\/b><\/strong><\/p>\n<table>\n<tbody>\n<tr>\n<td width=\"144\"><strong>Art\u00edculo<\/strong><\/td>\n<td width=\"133\"><strong>Contenido<\/strong><\/td>\n<td width=\"83\"><strong>Unidad<\/strong><\/td>\n<td width=\"350\"><strong>Valor<\/strong><\/td>\n<\/tr>\n<tr>\n<td rowspan=\"3\" width=\"144\"><strong>\u00a0<\/strong><\/p>\n<p>Fibra \u00d3ptica<\/td>\n<td width=\"133\">n\u00famero de modelo<\/td>\n<td width=\"83\">\/<\/td>\n<td width=\"350\">G652D<\/td>\n<\/tr>\n<tr>\n<td width=\"133\">n\u00famero<\/td>\n<td width=\"83\">\/<\/td>\n<td width=\"350\">1<\/td>\n<\/tr>\n<tr>\n<td width=\"133\">Color<\/td>\n<td width=\"83\">\/<\/td>\n<td width=\"350\">Naturales<\/td>\n<\/tr>\n<tr>\n<td rowspan=\"3\" width=\"144\"><strong>\u00a0<\/strong><\/p>\n<p>tubo apretado<\/td>\n<td width=\"133\">Di\u00e1metro<\/td>\n<td width=\"83\">mil\u00edmetros<\/td>\n<td width=\"350\">0,9\u00b10,05<\/td>\n<\/tr>\n<tr>\n<td width=\"133\">Materiales<\/td>\n<td width=\"83\">\/<\/td>\n<td width=\"350\">LSZH<\/td>\n<\/tr>\n<tr>\n<td width=\"133\">Color<\/td>\n<td width=\"83\">\/<\/td>\n<td width=\"350\">Azul<\/td>\n<\/tr>\n<tr>\n<td rowspan=\"2\" width=\"144\">Miembro de fuerza<\/td>\n<td width=\"133\">Materiales<\/td>\n<td width=\"83\">\/<\/td>\n<td width=\"350\">FRP<\/td>\n<\/tr>\n<tr>\n<td width=\"133\">Di\u00e1metro<\/td>\n<td width=\"83\">mil\u00edmetros<\/td>\n<td width=\"350\">1.5<\/td>\n<\/tr>\n<tr>\n<td rowspan=\"3\" width=\"144\"><strong>\u00a0<\/strong><\/p>\n<p>Chaqueta exterior<\/td>\n<td width=\"133\">Di\u00e1metro<\/td>\n<td width=\"83\">mil\u00edmetros<\/td>\n<td width=\"350\">3,0\u00b10,2*5,4\u00b10,3<\/td>\n<\/tr>\n<tr>\n<td width=\"133\">Materiales<\/td>\n<td width=\"83\">\/<\/td>\n<td width=\"350\">LSZH<\/td>\n<\/tr>\n<tr>\n<td width=\"133\">Color<\/td>\n<td width=\"83\">\/<\/td>\n<td width=\"350\">Negro<\/td>\n<\/tr>\n<tr>\n<td rowspan=\"2\" width=\"144\">Rendimiento de tracci\u00f3n<\/td>\n<td width=\"133\">Corto plazo<\/td>\n<td width=\"83\">N<\/td>\n<td width=\"350\">1000<\/td>\n<\/tr>\n<tr>\n<td width=\"133\">Largo plazo<\/td>\n<td width=\"83\">N<\/td>\n<td width=\"350\">300<\/td>\n<\/tr>\n<tr>\n<td rowspan=\"2\" width=\"144\">Aplastar<\/td>\n<td width=\"133\">Corto plazo<\/td>\n<td width=\"83\">N\/100mm<\/td>\n<td width=\"350\">800<\/td>\n<\/tr>\n<tr>\n<td width=\"133\">Largo plazo<\/td>\n<td width=\"83\">N\/100mm<\/td>\n<td width=\"350\">400<\/td>\n<\/tr>\n<tr>\n<td colspan=\"2\" width=\"277\">Atenuaci\u00f3n del cable<\/td>\n<td width=\"83\">dB\/km<\/td>\n<td width=\"350\">\u2266 0,4 a 1310 nm, \u2266 0,3 a 1550 nm<\/td>\n<\/tr>\n<tr>\n<td colspan=\"2\" width=\"277\">Peso del cable (aprox.)<\/td>\n<td width=\"83\">kg\/km<\/td>\n<td width=\"350\">19.5<\/td>\n<\/tr>\n<\/tbody>\n<\/table>\n<p>&nbsp;<\/p>\n<p><strong><b>Caracter\u00edstica del cable \u00f3ptico<\/b><\/strong><\/p>\n<ul>\n<li>radio de curvaturaEst\u00e1tico: 10 x di\u00e1metro del cable Din\u00e1mico: 20 x di\u00e1metro del cable<\/li>\n<li>Rango de temperatura de aplicaci\u00f3nOperaci\u00f3n: \u2013 40 \u2103 ~ +70 \u2103 Instalaci\u00f3n: \u2013 30 \u2103 ~ +70 \u2103 Almacenamiento\/transporte: \u2013 40 \u2103 ~ +70 \u2103<\/li>\n<\/ul>\n<p>&nbsp;<\/p>\n<p><strong><b>Par\u00e1metros t\u00e9cnicos de fibra \u00f3ptica-SM<\/b><\/strong><\/p>\n<table>\n<tbody>\n<tr>\n<td rowspan=\"2\" width=\"167\"><strong><b>Par\u00e1metro<\/b><\/strong><\/td>\n<td rowspan=\"2\" width=\"96\"><strong><b>Condiciones<\/b><\/strong><\/td>\n<td rowspan=\"2\" width=\"85\"><strong><b>Unidades<\/b><\/strong><\/td>\n<td colspan=\"4\" width=\"330\"><strong><b>Valor<\/b><\/strong><\/td>\n<\/tr>\n<tr>\n<td width=\"85\"><strong><b>G652D<\/b><\/strong><\/td>\n<td width=\"85\"><strong><b>G657A1<\/b><\/strong><\/td>\n<td width=\"85\"><strong><b>G657A2<\/b><\/strong><\/td>\n<td width=\"75\"><strong><b>G657B3<\/b><\/strong><\/td>\n<\/tr>\n<tr>\n<td colspan=\"3\" width=\"349\"><strong><b>Especificaci\u00f3n \u00f3ptica<\/b><\/strong><\/td>\n<td colspan=\"4\" width=\"330\"><strong><b>\u3000<\/b><\/strong><\/td>\n<\/tr>\n<tr>\n<td rowspan=\"4\" width=\"167\">Atenuaci\u00f3n<\/td>\n<td width=\"96\">1310 nm<\/td>\n<td width=\"85\">dB\/km<\/td>\n<td width=\"85\">\u22640,350<\/td>\n<td width=\"85\">\u22640,350<\/td>\n<td width=\"85\">\u22640,350<\/td>\n<td width=\"75\">\u22640,350<\/td>\n<\/tr>\n<tr>\n<td width=\"96\">1383 nm<\/td>\n<td width=\"85\">dB\/km<\/td>\n<td width=\"85\">\u22640,330<\/td>\n<td width=\"85\">\u22640,350<\/td>\n<td width=\"85\">\u22640,350<\/td>\n<td width=\"75\">\u22640,350<\/td>\n<\/tr>\n<tr>\n<td width=\"96\">1550 nm<\/td>\n<td width=\"85\">dB\/km<\/td>\n<td width=\"85\">\u22640,210<\/td>\n<td width=\"85\">\u22640,210<\/td>\n<td width=\"85\">\u22640,210<\/td>\n<td width=\"75\">\u22640,210<\/td>\n<\/tr>\n<tr>\n<td width=\"96\">1625 nan\u00f3metro<\/td>\n<td width=\"85\">dB\/km<\/td>\n<td width=\"85\">\u22640,240<\/td>\n<td width=\"85\">\u22640,230<\/td>\n<td width=\"85\">\u22640,230<\/td>\n<td width=\"75\">\u22640,230<\/td>\n<\/tr>\n<tr>\n<td rowspan=\"3\" width=\"167\">Atenuaci\u00f3n frente a longitud de onda<\/td>\n<td width=\"96\">1310 nm VS. 1285-1330 nan\u00f3metro<\/td>\n<td width=\"85\">dB\/km<\/td>\n<td width=\"85\">\u22640,04<\/td>\n<td width=\"85\">\u22640,04<\/td>\n<td width=\"85\">\u22640,05<\/td>\n<td width=\"75\">\u22640,03<\/td>\n<\/tr>\n<tr>\n<td width=\"96\">1550 nm VS. 1525-1575 nan\u00f3metro<\/td>\n<td width=\"85\">dB\/km<\/td>\n<td width=\"85\">\u22640,03<\/td>\n<td width=\"85\">\u22640,03<\/td>\n<td width=\"85\">\u22640,04<\/td>\n<td width=\"75\">\u22640,02<\/td>\n<\/tr>\n<tr>\n<td width=\"96\">1550 nm VS. 1480-1580 nan\u00f3metro<\/td>\n<td width=\"85\">dB\/km<\/td>\n<td width=\"85\">\u22640,04<\/td>\n<td width=\"85\">\u2013<\/td>\n<td width=\"85\">\u2013<\/td>\n<td width=\"75\">\u2013<\/td>\n<\/tr>\n<tr>\n<td width=\"167\">Longitud de onda de dispersi\u00f3n cero<\/td>\n<td rowspan=\"2\" width=\"96\">\\<\/td>\n<td width=\"85\">nm<\/td>\n<td width=\"85\">1300-1324<\/td>\n<td width=\"85\">1300-1324<\/td>\n<td width=\"85\">1300-1324<\/td>\n<td width=\"75\">1300-1324<\/td>\n<\/tr>\n<tr>\n<td width=\"167\">Pendiente de dispersi\u00f3n cero<\/td>\n<td width=\"85\">ps\/(nm<sup>2<\/sup>\u00b7km)<\/td>\n<td width=\"85\">0.073-0.092<\/td>\n<td width=\"85\">0.073-0.092<\/td>\n<td width=\"85\">0.073-0.092<\/td>\n<td width=\"75\">\u22640,092<\/td>\n<\/tr>\n<tr>\n<td rowspan=\"2\" width=\"167\">Dispersi\u00f3n<\/td>\n<td width=\"96\">1550 nm<\/td>\n<td width=\"85\">ps\/(nm\u00b7km)<\/td>\n<td width=\"85\">13.3-18.6<\/td>\n<td width=\"85\">13.3-18.6<\/td>\n<td width=\"85\">13.3-18.6<\/td>\n<td width=\"75\"><\/td>\n<\/tr>\n<tr>\n<td width=\"96\">1625 nan\u00f3metro<\/td>\n<td width=\"85\">ps\/(nm\u00b7km)<\/td>\n<td width=\"85\">17.2-23.7<\/td>\n<td width=\"85\">17.2-23.7<\/td>\n<td width=\"85\">17.2-23.7<\/td>\n<td width=\"75\"><\/td>\n<\/tr>\n<tr>\n<td colspan=\"2\" width=\"264\">Dispersi\u00f3n del modo de polarizaci\u00f3n (PMD)<\/td>\n<td width=\"85\">ps\/\u221akm<\/td>\n<td width=\"85\">\u22640,2<\/td>\n<td width=\"85\">\u22640,2<\/td>\n<td width=\"85\">\u22640,2<\/td>\n<td width=\"75\">\u22640,2<\/td>\n<\/tr>\n<tr>\n<td width=\"167\">Longitud de onda de corte \u03bbcc<\/td>\n<td width=\"96\">\u2013<\/td>\n<td width=\"85\">nm<\/td>\n<td width=\"85\">\u22641260<\/td>\n<td width=\"85\">\u22641260<\/td>\n<td width=\"85\">\u22641260<\/td>\n<td width=\"75\">\u22641260<\/td>\n<\/tr>\n<tr>\n<td rowspan=\"2\" width=\"167\">Di\u00e1metro de campo modal (MFD)<\/td>\n<td width=\"96\">1310 nm<\/td>\n<td width=\"85\">\u00b5m<\/td>\n<td width=\"85\">9,2\u00b10,4<\/td>\n<td width=\"85\">9,2\u00b10,4<\/td>\n<td width=\"85\">8,6\u00b10,4<\/td>\n<td width=\"75\">8,6\u00b10,4<\/td>\n<\/tr>\n<tr>\n<td width=\"96\">1550 nm<\/td>\n<td width=\"85\">\u00b5m<\/td>\n<td width=\"85\">10,4\u00b10,5<\/td>\n<td width=\"85\">10,4\u00b10,5<\/td>\n<td width=\"85\">9,6\u00b10,5<\/td>\n<td width=\"75\">9,6\u00b10,5<\/td>\n<\/tr>\n<tr>\n<td rowspan=\"2\" width=\"167\">Discontinuidad de atenuaci\u00f3n<\/td>\n<td width=\"96\">1310 nm<\/td>\n<td width=\"85\">dB<\/td>\n<td width=\"85\">\u22640,03<\/td>\n<td width=\"85\">\u22640,03<\/td>\n<td width=\"85\">\u22640,03<\/td>\n<td width=\"75\">\u22640,03<\/td>\n<\/tr>\n<tr>\n<td width=\"96\">1550 nm<\/td>\n<td width=\"85\">dB<\/td>\n<td width=\"85\">\u22640,03<\/td>\n<td width=\"85\">\u22640,03<\/td>\n<td width=\"85\">\u22640,03<\/td>\n<td width=\"75\">\u22640,03<\/td>\n<\/tr>\n<tr>\n<td rowspan=\"2\" width=\"167\">Atenuaci\u00f3n bidireccional<\/td>\n<td width=\"96\">1310 nm<\/td>\n<td width=\"85\">dB\/km<\/td>\n<td width=\"85\">\u22640,04<\/td>\n<td width=\"85\"><\/td>\n<td width=\"85\"><\/td>\n<td width=\"75\">\u22640,05<\/td>\n<\/tr>\n<tr>\n<td width=\"96\">1550 nm<\/td>\n<td width=\"85\">dB\/km<\/td>\n<td width=\"85\">\u22640,04<\/td>\n<td width=\"85\"><\/td>\n<td width=\"85\"><\/td>\n<td width=\"75\">\u22640,05<\/td>\n<\/tr>\n<tr>\n<td colspan=\"3\" width=\"349\"><strong><b>Geom\u00e9trico<\/b><\/strong><\/td>\n<td colspan=\"4\" width=\"330\"><\/td>\n<\/tr>\n<tr>\n<td colspan=\"2\" width=\"264\">Di\u00e1metro del revestimiento<\/td>\n<td width=\"85\">\u00b5m<\/td>\n<td width=\"85\">125\u00b10,7<\/td>\n<td width=\"85\">125\u00b10,7<\/td>\n<td width=\"85\">125\u00b10,7<\/td>\n<td width=\"75\">125\u00b10,7<\/td>\n<\/tr>\n<tr>\n<td colspan=\"2\" width=\"264\">No circularidad del revestimiento<\/td>\n<td width=\"85\">%<\/td>\n<td width=\"85\">\u22641,0<\/td>\n<td width=\"85\">\u22641,0<\/td>\n<td width=\"85\">\u22640,8<\/td>\n<td width=\"75\">\u22640,7<\/td>\n<\/tr>\n<tr>\n<td colspan=\"2\" width=\"264\">Error de concentricidad del n\u00facleo\/revestimiento<\/td>\n<td width=\"85\">\u00b5m<\/td>\n<td width=\"85\">\u22640,6<\/td>\n<td width=\"85\">\u22640,5<\/td>\n<td width=\"85\">\u22640,5<\/td>\n<td width=\"75\">\u22640,5<\/td>\n<\/tr>\n<tr>\n<td colspan=\"2\" rowspan=\"2\" width=\"264\">Di\u00e1metro del revestimiento (sin color)<\/td>\n<td width=\"85\">\u00b5m<\/td>\n<td colspan=\"4\" width=\"330\">242\u00b17 (est\u00e1ndar)<\/td>\n<\/tr>\n<tr>\n<td width=\"85\">\u00b5m<\/td>\n<td colspan=\"4\" width=\"330\">200\u00b110 (opcional)<\/td>\n<\/tr>\n<tr>\n<td colspan=\"2\" width=\"264\">Error de concentricidad del revestimiento\/revestimiento<\/td>\n<td width=\"85\">\u00b5m<\/td>\n<td width=\"85\">\u226412<\/td>\n<td width=\"85\">\u226412<\/td>\n<td width=\"85\">\u226412<\/td>\n<td width=\"75\">\u226412<\/td>\n<\/tr>\n<tr>\n<td colspan=\"2\" width=\"264\">Rizado<\/td>\n<td width=\"85\">m<\/td>\n<td width=\"85\">\u22654<\/td>\n<td width=\"85\">\u22654<\/td>\n<td width=\"85\">\u22654<\/td>\n<td width=\"75\">\u22654<\/td>\n<\/tr>\n<tr>\n<td colspan=\"3\" width=\"349\"><strong><b>Ambiental (1550 nm, 1625 nm)<\/b><\/strong><\/td>\n<td colspan=\"4\" width=\"330\"><\/td>\n<\/tr>\n<tr>\n<td width=\"167\">Ciclos de temperatura<\/td>\n<td width=\"96\">-60 \u2103 a +85 \u2103<\/td>\n<td width=\"85\">dB\/km<\/td>\n<td width=\"85\">\u22640,03<\/td>\n<td width=\"85\">\u22640,05<\/td>\n<td width=\"85\">\u22640,05<\/td>\n<td width=\"75\">\u22640,05<\/td>\n<\/tr>\n<tr>\n<td width=\"167\">Alta temperatura y<\/p>\n<p>Alta humedad<\/td>\n<td width=\"96\">85 \u2103, 85% RH, 30 d\u00edas<\/td>\n<td width=\"85\">dB\/km<\/td>\n<td width=\"85\">\u22640,03<\/td>\n<td width=\"85\">\u22640,05<\/td>\n<td width=\"85\">\u22640,05<\/td>\n<td width=\"75\">\u22640,05<\/td>\n<\/tr>\n<tr>\n<td width=\"167\">Inmersi\u00f3n en agua<\/td>\n<td width=\"96\">23 \u2103, 30 d\u00edas<\/td>\n<td width=\"85\">dB\/km<\/td>\n<td width=\"85\">\u22640,03<\/td>\n<td width=\"85\">\u22640,05<\/td>\n<td width=\"85\">\u22640,05<\/td>\n<td width=\"75\">\u22640,05<\/td>\n<\/tr>\n<tr>\n<td width=\"167\">Envejecimiento a alta temperatura<\/td>\n<td width=\"96\">85 \u2103, 30 d\u00edas<\/td>\n<td width=\"85\">dB\/km<\/td>\n<td width=\"85\">\u22640,03<\/td>\n<td width=\"85\">\u22640,05<\/td>\n<td width=\"85\">\u22640,05<\/td>\n<td width=\"75\">\u22640,05<\/td>\n<\/tr>\n<\/tbody>\n<\/table>","protected":false},"excerpt":{"rendered":"<p>El cable de acometida plana FTTH totalmente diel\u00e9ctrico 1F: 3,0 \u00d7 5,4 mm utiliza una estructura plana de mariposa, cuya unidad de fibra \u00f3ptica est\u00e1 colocada en el centro. Se colocan dos elementos de resistencia paralelos de pl\u00e1stico reforzado con fibra (FRP) en los dos lados. Luego, el cable se completa con una funda LSZH.   Caracter\u00edsticas   Dise\u00f1o compacto para aplicaci\u00f3n universal Clasificado para uso a\u00e9reo y subterr\u00e1neo [\u2026]<\/p>","protected":false},"featured_media":10690,"comment_status":"closed","ping_status":"closed","template":"","meta":{"site-sidebar-layout":"default","site-content-layout":"","ast-site-content-layout":"default","site-content-style":"default","site-sidebar-style":"default","ast-global-header-display":"","ast-banner-title-visibility":"","ast-main-header-display":"","ast-hfb-above-header-display":"","ast-hfb-below-header-display":"","ast-hfb-mobile-header-display":"","site-post-title":"","ast-breadcrumbs-content":"","ast-featured-img":"","footer-sml-layout":"","theme-transparent-header-meta":"default","adv-header-id-meta":"","stick-header-meta":"default","header-above-stick-meta":"","header-main-stick-meta":"","header-below-stick-meta":"","astra-migrate-meta-layouts":"set","ast-page-background-enabled":"default","ast-page-background-meta":{"desktop":{"background-color":"var(--ast-global-color-4)","background-image":"","background-repeat":"repeat","background-position":"center center","background-size":"auto","background-attachment":"scroll","background-type":"","background-media":"","overlay-type":"","overlay-color":"","overlay-gradient":""},"tablet":{"background-color":"","background-image":"","background-repeat":"repeat","background-position":"center center","background-size":"auto","background-attachment":"scroll","background-type":"","background-media":"","overlay-type":"","overlay-color":"","overlay-gradient":""},"mobile":{"background-color":"","background-image":"","background-repeat":"repeat","background-position":"center center","background-size":"auto","background-attachment":"scroll","background-type":"","background-media":"","overlay-type":"","overlay-color":"","overlay-gradient":""}},"ast-content-background-meta":{"desktop":{"background-color":"var(--ast-global-color-5)","background-image":"","background-repeat":"repeat","background-position":"center center","background-size":"auto","background-attachment":"scroll","background-type":"","background-media":"","overlay-type":"","overlay-color":"","overlay-gradient":""},"tablet":{"background-color":"var(--ast-global-color-5)","background-image":"","background-repeat":"repeat","background-position":"center center","background-size":"auto","background-attachment":"scroll","background-type":"","background-media":"","overlay-type":"","overlay-color":"","overlay-gradient":""},"mobile":{"background-color":"var(--ast-global-color-5)","background-image":"","background-repeat":"repeat","background-position":"center center","background-size":"auto","background-attachment":"scroll","background-type":"","background-media":"","overlay-type":"","overlay-color":"","overlay-gradient":""}}},"product_cat":[131,122],"product_tag":[],"class_list":{"0":"post-10688","1":"product","2":"type-product","3":"status-publish","4":"has-post-thumbnail","6":"product_cat-all-dielectric-flat-drop-cable","7":"product_cat-ftth-drop-cable","8":"desktop-align-left","9":"tablet-align-left","10":"mobile-align-left","11":"ast-product-gallery-layout-horizontal-slider","12":"ast-product-tabs-layout-horizontal","14":"first","15":"instock","16":"shipping-taxable","17":"product-type-simple"},"acf":[],"_links":{"self":[{"href":"https:\/\/www.omccable.com\/es\/wp-json\/wp\/v2\/product\/10688","targetHints":{"allow":["GET"]}}],"collection":[{"href":"https:\/\/www.omccable.com\/es\/wp-json\/wp\/v2\/product"}],"about":[{"href":"https:\/\/www.omccable.com\/es\/wp-json\/wp\/v2\/types\/product"}],"replies":[{"embeddable":true,"href":"https:\/\/www.omccable.com\/es\/wp-json\/wp\/v2\/comments?post=10688"}],"version-history":[{"count":4,"href":"https:\/\/www.omccable.com\/es\/wp-json\/wp\/v2\/product\/10688\/revisions"}],"predecessor-version":[{"id":11751,"href":"https:\/\/www.omccable.com\/es\/wp-json\/wp\/v2\/product\/10688\/revisions\/11751"}],"wp:featuredmedia":[{"embeddable":true,"href":"https:\/\/www.omccable.com\/es\/wp-json\/wp\/v2\/media\/10690"}],"wp:attachment":[{"href":"https:\/\/www.omccable.com\/es\/wp-json\/wp\/v2\/media?parent=10688"}],"wp:term":[{"taxonomy":"product_cat","embeddable":true,"href":"https:\/\/www.omccable.com\/es\/wp-json\/wp\/v2\/product_cat?post=10688"},{"taxonomy":"product_tag","embeddable":true,"href":"https:\/\/www.omccable.com\/es\/wp-json\/wp\/v2\/product_tag?post=10688"}],"curies":[{"name":"wp","href":"https:\/\/api.w.org\/{rel}","templated":true}]}}