{"id":10676,"date":"2024-04-29T14:33:26","date_gmt":"2024-04-29T06:33:26","guid":{"rendered":"https:\/\/www.omccable.com\/?post_type=product&#038;p=10676"},"modified":"2025-07-28T10:30:00","modified_gmt":"2025-07-28T02:30:00","slug":"1-4f-ftth-single-armored-outdoor-drop-cable","status":"publish","type":"product","link":"https:\/\/www.omccable.com\/es\/producto\/1-4f-ftth-single-armored-outdoor-drop-cable\/","title":{"rendered":"Cable de bajada para exteriores con armadura \u00fanica FTTH de 1-4F"},"content":{"rendered":"<p>El cable de bajada de conducto exterior con armadura \u00fanica FTTH, que tambi\u00e9n se denomina cable de fibra de conducto o cable de fibra subterr\u00e1neo, generalmente se implementa coloc\u00e1ndolo dentro de conductos subterr\u00e1neos, y el<br \/>\nLos conductos normalmente est\u00e1n enterrados en el suelo. Para construir el cable, se coloca un cable de bajada interior FTTH tipo arco en el medio del cable. Para que sea adecuado para la instalaci\u00f3n de conductos subterr\u00e1neos, una cinta de bloqueo de agua y un tubo blindado de aluminio cubren el cable de bajada de 2x3 mm. Finalmente, se agrega una cubierta duradera de polietileno (PE) para crear una secci\u00f3n transversal del cable redonda y brindar protecci\u00f3n adicional al n\u00facleo del cable.<\/p>\n<p><strong>\u00a0<\/strong><\/p>\n<p><strong>Caracter\u00edstica <\/strong><strong>\u00a0<\/strong><\/p>\n<ul>\n<li>Suave y flexible, buen rendimiento de flexi\u00f3n<\/li>\n<li>La cinta impermeable evita la entrada de agua en el cable<\/li>\n<li>La cinta de pl\u00e1stico AL hace que el cable sea resistente al aplastamiento y a la humedad<\/li>\n<li>El miembro de resistencia de FRP mejora la resistencia a la tracci\u00f3n, la cubierta interior y exterior ign\u00edfuga LSZH tiene un buen rendimiento ign\u00edfugo.<\/li>\n<li>La fibra especial de baja sensibilidad a la flexi\u00f3n proporciona un gran ancho de banda y una excelente propiedad de transmisi\u00f3n de comunicaciones<\/li>\n<li>Estructura simple, peso ligero y alta practicabilidad<\/li>\n<li>Nuevo dise\u00f1o de flauta, f\u00e1cil de pelar y empalmar, simplifica la instalaci\u00f3n y el mantenimiento<\/li>\n<\/ul>\n<p>&nbsp;<\/p>\n<p><strong>Datos t\u00e9cnicos del cable<\/strong><strong>:<\/strong><\/p>\n<table>\n<tbody>\n<tr>\n<td width=\"288\"><strong><b>Recuento de fibras<\/b><\/strong><\/td>\n<td width=\"142\"><strong><b>1P<\/b><\/strong><\/td>\n<td width=\"126\"><strong><b>2F<\/b><\/strong><\/td>\n<td width=\"105\"><strong><b>4F<\/b><\/strong><\/td>\n<\/tr>\n<tr>\n<td width=\"288\">Miembro de fuerza 1<\/td>\n<td colspan=\"3\" width=\"374\">PRFV\/KFRP<\/td>\n<\/tr>\n<tr>\n<td><\/td>\n<td colspan=\"3\" width=\"374\">0,5 mm<\/td>\n<\/tr>\n<tr>\n<td width=\"288\">Miembro de fuerza 2<\/td>\n<td colspan=\"3\" width=\"374\">GFRP\/KFRP\/alambre de acero s\u00f3lido<\/td>\n<\/tr>\n<tr>\n<td><\/td>\n<td width=\"142\">0,5 mm<\/td>\n<td width=\"126\">0,5 mm<\/td>\n<td width=\"105\">0,5 mm<\/td>\n<\/tr>\n<tr>\n<td width=\"288\">Di\u00e1metro del cable (mm) Aprox.<\/td>\n<td width=\"142\">7,0 \u00b1 0,4 mm<\/td>\n<td width=\"126\">7,0 \u00b1 0,4 mm<\/td>\n<td width=\"105\">7,0 \u00b1 0,4 mm<\/td>\n<\/tr>\n<tr>\n<td width=\"288\">Peso del cable (kg\/km) Aprox.<\/td>\n<td width=\"142\">40<\/td>\n<td width=\"126\">40<\/td>\n<td width=\"105\">40<\/td>\n<\/tr>\n<tr>\n<td width=\"288\">Resistencia a la tracci\u00f3n Corto\/Largo plazo(N)<\/td>\n<td colspan=\"3\" width=\"374\">1000\/500<\/td>\n<\/tr>\n<tr>\n<td width=\"288\">Resistencia al aplastamiento a corto\/largo plazo (N\/100mm)<\/td>\n<td colspan=\"3\" width=\"374\">1000\/500<\/td>\n<\/tr>\n<tr>\n<td width=\"288\">Rango de temperatura de funcionamiento (\u00b0C)<\/td>\n<td colspan=\"3\" width=\"374\">-40\u00b0C ~+70\u00b0C<\/td>\n<\/tr>\n<\/tbody>\n<\/table>\n<p>&nbsp;<\/p>\n<p><strong>Principales prestaciones mec\u00e1nicas y medioambientales<\/strong><\/p>\n<table>\n<tbody>\n<tr>\n<td width=\"159\"><strong><b>Elementos<\/b><\/strong><\/td>\n<td width=\"175\"><strong><b>Est\u00e1ndar de prueba<\/b><\/strong><\/td>\n<td width=\"160\"><strong><b>Valor especificado<\/b><\/strong><\/td>\n<td width=\"167\"><strong><b>Requisitos<\/b><\/strong><\/td>\n<\/tr>\n<tr>\n<td width=\"159\">Tensi\u00f3n<\/td>\n<td width=\"175\">CEI 60794-1-2-E1<\/td>\n<td width=\"160\">Ver Datos t\u00e9cnicos<\/td>\n<td width=\"167\">Atenuaci\u00f3n adicional:<\/p>\n<p>\u22640,4 dB despu\u00e9s de la prueba<\/td>\n<\/tr>\n<tr>\n<td width=\"159\">Aplastar<\/td>\n<td width=\"175\">CEI 60794-1-2-E3<\/td>\n<td width=\"160\">Ver Datos t\u00e9cnicos<\/td>\n<td width=\"167\">Atenuaci\u00f3n adicional:<\/p>\n<p>\u22640,4 dB despu\u00e9s de la prueba<\/td>\n<\/tr>\n<tr>\n<td width=\"159\">Impacto<\/td>\n<td width=\"175\">CEI 60794-1-2-E4<\/td>\n<td width=\"160\">R=300mm, 10Nm,<\/p>\n<p>uno en 3 lugares diferentes<\/td>\n<td width=\"167\">Atenuaci\u00f3n adicional:<\/p>\n<p>\u22640,4 dB despu\u00e9s de la prueba<\/td>\n<\/tr>\n<tr>\n<td width=\"159\">Doblado repetido<\/td>\n<td width=\"175\">CEI 60794-1-2-E6<\/td>\n<td width=\"160\">R=30H<\/td>\n<td width=\"167\">Atenuaci\u00f3n adicional:<\/p>\n<p>\u22640,4 dB despu\u00e9s de la prueba<\/td>\n<\/tr>\n<tr>\n<td width=\"159\">Ciclos de temperatura<\/td>\n<td width=\"175\">CEI 60794-1-2-F1<\/td>\n<td width=\"160\">-40\u00b0C ~+70\u00b0C<\/td>\n<td width=\"167\">Cambio de atenuaci\u00f3n:<\/p>\n<p>\u22640,4 dB\/km despu\u00e9s de la prueba<\/td>\n<\/tr>\n<\/tbody>\n<\/table>\n<p>&nbsp;<\/p>\n<p><strong><b>Par\u00e1metros t\u00e9cnicos de fibra \u00f3ptica-SM<\/b><\/strong><\/p>\n<table>\n<tbody>\n<tr>\n<td rowspan=\"2\" width=\"167\"><strong><b>Par\u00e1metro<\/b><\/strong><\/td>\n<td rowspan=\"2\" width=\"96\"><strong><b>Condiciones<\/b><\/strong><\/td>\n<td rowspan=\"2\" width=\"85\"><strong><b>Unidades<\/b><\/strong><\/td>\n<td colspan=\"4\" width=\"330\"><strong><b>Valor<\/b><\/strong><\/td>\n<\/tr>\n<tr>\n<td width=\"85\"><strong><b>G652D<\/b><\/strong><\/td>\n<td width=\"85\"><strong><b>G657A1<\/b><\/strong><\/td>\n<td width=\"85\"><strong><b>G657A2<\/b><\/strong><\/td>\n<td width=\"75\"><strong><b>G657B3<\/b><\/strong><\/td>\n<\/tr>\n<tr>\n<td colspan=\"3\" width=\"349\"><strong><b>Especificaci\u00f3n \u00f3ptica<\/b><\/strong><\/td>\n<td colspan=\"4\" width=\"330\"><strong><b>\u3000<\/b><\/strong><\/td>\n<\/tr>\n<tr>\n<td rowspan=\"4\" width=\"167\">Atenuaci\u00f3n<\/td>\n<td width=\"96\">1310 nm<\/td>\n<td width=\"85\">dB\/km<\/td>\n<td width=\"85\">\u22640,350<\/td>\n<td width=\"85\">\u22640,350<\/td>\n<td width=\"85\">\u22640,350<\/td>\n<td width=\"75\">\u22640,350<\/td>\n<\/tr>\n<tr>\n<td width=\"96\">1383 nm<\/td>\n<td width=\"85\">dB\/km<\/td>\n<td width=\"85\">\u22640,330<\/td>\n<td width=\"85\">\u22640,350<\/td>\n<td width=\"85\">\u22640,350<\/td>\n<td width=\"75\">\u22640,350<\/td>\n<\/tr>\n<tr>\n<td width=\"96\">1550 nm<\/td>\n<td width=\"85\">dB\/km<\/td>\n<td width=\"85\">\u22640,210<\/td>\n<td width=\"85\">\u22640,210<\/td>\n<td width=\"85\">\u22640,210<\/td>\n<td width=\"75\">\u22640,210<\/td>\n<\/tr>\n<tr>\n<td width=\"96\">1625 nan\u00f3metro<\/td>\n<td width=\"85\">dB\/km<\/td>\n<td width=\"85\">\u22640,240<\/td>\n<td width=\"85\">\u22640,230<\/td>\n<td width=\"85\">\u22640,230<\/td>\n<td width=\"75\">\u22640,230<\/td>\n<\/tr>\n<tr>\n<td rowspan=\"3\" width=\"167\">Atenuaci\u00f3n frente a longitud de onda<\/td>\n<td width=\"96\">1310 nm VS. 1285-1330 nan\u00f3metro<\/td>\n<td width=\"85\">dB\/km<\/td>\n<td width=\"85\">\u22640,04<\/td>\n<td width=\"85\">\u22640,04<\/td>\n<td width=\"85\">\u22640,05<\/td>\n<td width=\"75\">\u22640,03<\/td>\n<\/tr>\n<tr>\n<td width=\"96\">1550 nm VS. 1525-1575 nan\u00f3metro<\/td>\n<td width=\"85\">dB\/km<\/td>\n<td width=\"85\">\u22640,03<\/td>\n<td width=\"85\">\u22640,03<\/td>\n<td width=\"85\">\u22640,04<\/td>\n<td width=\"75\">\u22640,02<\/td>\n<\/tr>\n<tr>\n<td width=\"96\">1550 nm VS. 1480-1580 nan\u00f3metro<\/td>\n<td width=\"85\">dB\/km<\/td>\n<td width=\"85\">\u22640,04<\/td>\n<td width=\"85\">\u2013<\/td>\n<td width=\"85\">\u2013<\/td>\n<td width=\"75\">\u2013<\/td>\n<\/tr>\n<tr>\n<td width=\"167\">Longitud de onda de dispersi\u00f3n cero<\/td>\n<td rowspan=\"2\" width=\"96\">\\<\/td>\n<td width=\"85\">nm<\/td>\n<td width=\"85\">1300-1324<\/td>\n<td width=\"85\">1300-1324<\/td>\n<td width=\"85\">1300-1324<\/td>\n<td width=\"75\">1300-1324<\/td>\n<\/tr>\n<tr>\n<td width=\"167\">Pendiente de dispersi\u00f3n cero<\/td>\n<td width=\"85\">ps\/(nm<sup>2<\/sup>\u00b7km)<\/td>\n<td width=\"85\">0.073-0.092<\/td>\n<td width=\"85\">0.073-0.092<\/td>\n<td width=\"85\">0.073-0.092<\/td>\n<td width=\"75\">\u22640,092<\/td>\n<\/tr>\n<tr>\n<td rowspan=\"2\" width=\"167\">Dispersi\u00f3n<\/td>\n<td width=\"96\">1550 nm<\/td>\n<td width=\"85\">ps\/(nm\u00b7km)<\/td>\n<td width=\"85\">13.3-18.6<\/td>\n<td width=\"85\">13.3-18.6<\/td>\n<td width=\"85\">13.3-18.6<\/td>\n<td width=\"75\"><\/td>\n<\/tr>\n<tr>\n<td width=\"96\">1625 nan\u00f3metro<\/td>\n<td width=\"85\">ps\/(nm\u00b7km)<\/td>\n<td width=\"85\">17.2-23.7<\/td>\n<td width=\"85\">17.2-23.7<\/td>\n<td width=\"85\">17.2-23.7<\/td>\n<td width=\"75\"><\/td>\n<\/tr>\n<tr>\n<td colspan=\"2\" width=\"264\">Dispersi\u00f3n del modo de polarizaci\u00f3n (PMD)<\/td>\n<td width=\"85\">ps\/\u221akm<\/td>\n<td width=\"85\">\u22640,2<\/td>\n<td width=\"85\">\u22640,2<\/td>\n<td width=\"85\">\u22640,2<\/td>\n<td width=\"75\">\u22640,2<\/td>\n<\/tr>\n<tr>\n<td width=\"167\">Longitud de onda de corte \u03bbcc<\/td>\n<td width=\"96\">\u2013<\/td>\n<td width=\"85\">nm<\/td>\n<td width=\"85\">\u22641260<\/td>\n<td width=\"85\">\u22641260<\/td>\n<td width=\"85\">\u22641260<\/td>\n<td width=\"75\">\u22641260<\/td>\n<\/tr>\n<tr>\n<td rowspan=\"2\" width=\"167\">Di\u00e1metro de campo modal (MFD)<\/td>\n<td width=\"96\">1310 nm<\/td>\n<td width=\"85\">\u00b5m<\/td>\n<td width=\"85\">9,2\u00b10,4<\/td>\n<td width=\"85\">9,2\u00b10,4<\/td>\n<td width=\"85\">8,6\u00b10,4<\/td>\n<td width=\"75\">8,6\u00b10,4<\/td>\n<\/tr>\n<tr>\n<td width=\"96\">1550 nm<\/td>\n<td width=\"85\">\u00b5m<\/td>\n<td width=\"85\">10,4\u00b10,5<\/td>\n<td width=\"85\">10,4\u00b10,5<\/td>\n<td width=\"85\">9,6\u00b10,5<\/td>\n<td width=\"75\">9,6\u00b10,5<\/td>\n<\/tr>\n<tr>\n<td rowspan=\"2\" width=\"167\">Discontinuidad de atenuaci\u00f3n<\/td>\n<td width=\"96\">1310 nm<\/td>\n<td width=\"85\">dB<\/td>\n<td width=\"85\">\u22640,03<\/td>\n<td width=\"85\">\u22640,03<\/td>\n<td width=\"85\">\u22640,03<\/td>\n<td width=\"75\">\u22640,03<\/td>\n<\/tr>\n<tr>\n<td width=\"96\">1550 nm<\/td>\n<td width=\"85\">dB<\/td>\n<td width=\"85\">\u22640,03<\/td>\n<td width=\"85\">\u22640,03<\/td>\n<td width=\"85\">\u22640,03<\/td>\n<td width=\"75\">\u22640,03<\/td>\n<\/tr>\n<tr>\n<td rowspan=\"2\" width=\"167\">Atenuaci\u00f3n bidireccional<\/td>\n<td width=\"96\">1310 nm<\/td>\n<td width=\"85\">dB\/km<\/td>\n<td width=\"85\">\u22640,04<\/td>\n<td width=\"85\"><\/td>\n<td width=\"85\"><\/td>\n<td width=\"75\">\u22640,05<\/td>\n<\/tr>\n<tr>\n<td width=\"96\">1550 nm<\/td>\n<td width=\"85\">dB\/km<\/td>\n<td width=\"85\">\u22640,04<\/td>\n<td width=\"85\"><\/td>\n<td width=\"85\"><\/td>\n<td width=\"75\">\u22640,05<\/td>\n<\/tr>\n<tr>\n<td colspan=\"3\" width=\"349\"><strong><b>Geom\u00e9trico<\/b><\/strong><\/td>\n<td colspan=\"4\" width=\"330\"><\/td>\n<\/tr>\n<tr>\n<td colspan=\"2\" width=\"264\">Di\u00e1metro del revestimiento<\/td>\n<td width=\"85\">\u00b5m<\/td>\n<td width=\"85\">125\u00b10,7<\/td>\n<td width=\"85\">125\u00b10,7<\/td>\n<td width=\"85\">125\u00b10,7<\/td>\n<td width=\"75\">125\u00b10,7<\/td>\n<\/tr>\n<tr>\n<td colspan=\"2\" width=\"264\">No circularidad del revestimiento<\/td>\n<td width=\"85\">%<\/td>\n<td width=\"85\">\u22641,0<\/td>\n<td width=\"85\">\u22641,0<\/td>\n<td width=\"85\">\u22640,8<\/td>\n<td width=\"75\">\u22640,7<\/td>\n<\/tr>\n<tr>\n<td colspan=\"2\" width=\"264\">Error de concentricidad del n\u00facleo\/revestimiento<\/td>\n<td width=\"85\">\u00b5m<\/td>\n<td width=\"85\">\u22640,6<\/td>\n<td width=\"85\">\u22640,5<\/td>\n<td width=\"85\">\u22640,5<\/td>\n<td width=\"75\">\u22640,5<\/td>\n<\/tr>\n<tr>\n<td colspan=\"2\" rowspan=\"2\" width=\"264\">Di\u00e1metro del revestimiento (sin color)<\/td>\n<td width=\"85\">\u00b5m<\/td>\n<td colspan=\"4\" width=\"330\">242\u00b17 (est\u00e1ndar)<\/td>\n<\/tr>\n<tr>\n<td width=\"85\">\u00b5m<\/td>\n<td colspan=\"4\" width=\"330\">200\u00b110 (opcional)<\/td>\n<\/tr>\n<tr>\n<td colspan=\"2\" width=\"264\">Error de concentricidad del revestimiento\/revestimiento<\/td>\n<td width=\"85\">\u00b5m<\/td>\n<td width=\"85\">\u226412<\/td>\n<td width=\"85\">\u226412<\/td>\n<td width=\"85\">\u226412<\/td>\n<td width=\"75\">\u226412<\/td>\n<\/tr>\n<tr>\n<td colspan=\"2\" width=\"264\">Rizado<\/td>\n<td width=\"85\">m<\/td>\n<td width=\"85\">\u22654<\/td>\n<td width=\"85\">\u22654<\/td>\n<td width=\"85\">\u22654<\/td>\n<td width=\"75\">\u22654<\/td>\n<\/tr>\n<tr>\n<td colspan=\"3\" width=\"349\"><strong><b>Ambiental (1550 nm, 1625 nm)<\/b><\/strong><\/td>\n<td colspan=\"4\" width=\"330\"><\/td>\n<\/tr>\n<tr>\n<td width=\"167\">Ciclos de temperatura<\/td>\n<td width=\"96\">-60 \u2103 a +85 \u2103<\/td>\n<td width=\"85\">dB\/km<\/td>\n<td width=\"85\">\u22640,03<\/td>\n<td width=\"85\">\u22640,05<\/td>\n<td width=\"85\">\u22640,05<\/td>\n<td width=\"75\">\u22640,05<\/td>\n<\/tr>\n<tr>\n<td width=\"167\">Alta temperatura y<\/p>\n<p>Alta humedad<\/td>\n<td width=\"96\">85 \u2103, 85% RH, 30 d\u00edas<\/td>\n<td width=\"85\">dB\/km<\/td>\n<td width=\"85\">\u22640,03<\/td>\n<td width=\"85\">\u22640,05<\/td>\n<td width=\"85\">\u22640,05<\/td>\n<td width=\"75\">\u22640,05<\/td>\n<\/tr>\n<tr>\n<td width=\"167\">Inmersi\u00f3n en agua<\/td>\n<td width=\"96\">23 \u2103, 30 d\u00edas<\/td>\n<td width=\"85\">dB\/km<\/td>\n<td width=\"85\">\u22640,03<\/td>\n<td width=\"85\">\u22640,05<\/td>\n<td width=\"85\">\u22640,05<\/td>\n<td width=\"75\">\u22640,05<\/td>\n<\/tr>\n<tr>\n<td width=\"167\">Envejecimiento a alta temperatura<\/td>\n<td width=\"96\">85 \u2103, 30 d\u00edas<\/td>\n<td width=\"85\">dB\/km<\/td>\n<td width=\"85\">\u22640,03<\/td>\n<td width=\"85\">\u22640,05<\/td>\n<td width=\"85\">\u22640,05<\/td>\n<td width=\"75\">\u22640,05<\/td>\n<\/tr>\n<\/tbody>\n<\/table>\n<p>&nbsp;<\/p>\n<p><strong>Solicitud:<\/strong><\/p>\n<p>Utilizado en cableado de acceso a\u00e9reo y a conductos<\/p>\n<p>Se puede instalar en entornos de flexi\u00f3n peque\u00f1os<\/p>\n<p>Adecuado para la conexi\u00f3n entre interior y exterior<\/p>\n<p>Se utiliza especialmente donde se espera un buen rendimiento de aislamiento<\/p>\n<p>&nbsp;<\/p>\n<p><strong>Soluci\u00f3n ideal para el uso de cables de acometida FTTH<\/strong><\/p>\n<p>Con cubierta interior y exterior baja en humo, libre de hal\u00f3genos y retardante de llama, este cable se puede utilizar especialmente en cableado a\u00e9reo y de acceso a ductos, adecuado para la conexi\u00f3n entre interior y exterior. Tambi\u00e9n se puede terminar conectando directamente a equipos de comunicaci\u00f3n.<\/p>\n<p><img fetchpriority=\"high\" decoding=\"async\" class=\"alignnone size-full wp-image-10681\" src=\"https:\/\/www.omccable.com\/wp-content\/uploads\/2024\/04\/20161029115342_347.jpg\" alt=\"1-4F FTTH Single-Armored outdoor drop cable\" width=\"1100\" height=\"467\" srcset=\"https:\/\/www.omccable.com\/wp-content\/uploads\/2024\/04\/20161029115342_347.jpg 1100w, https:\/\/www.omccable.com\/wp-content\/uploads\/2024\/04\/20161029115342_347-300x127.jpg 300w, https:\/\/www.omccable.com\/wp-content\/uploads\/2024\/04\/20161029115342_347-800x340.jpg 800w, https:\/\/www.omccable.com\/wp-content\/uploads\/2024\/04\/20161029115342_347-768x326.jpg 768w\" sizes=\"(max-width: 1100px) 100vw, 1100px\" \/><\/p>","protected":false},"excerpt":{"rendered":"<p>El cable de acometida para conducto exterior con armadura \u00fanica FTTH, que tambi\u00e9n se denomina cable de fibra conduit o cable de fibra subterr\u00e1neo, generalmente se implementa coloc\u00e1ndolo dentro de conductos subterr\u00e1neos, y los conductos normalmente est\u00e1n enterrados en el suelo. Para construir el cable, se coloca un cable de bajada interior FTTH tipo arco en el medio del cable. Para [\u2026]<\/p>","protected":false},"featured_media":11829,"comment_status":"closed","ping_status":"closed","template":"","meta":{"site-sidebar-layout":"default","site-content-layout":"","ast-site-content-layout":"default","site-content-style":"default","site-sidebar-style":"default","ast-global-header-display":"","ast-banner-title-visibility":"","ast-main-header-display":"","ast-hfb-above-header-display":"","ast-hfb-below-header-display":"","ast-hfb-mobile-header-display":"","site-post-title":"","ast-breadcrumbs-content":"","ast-featured-img":"","footer-sml-layout":"","theme-transparent-header-meta":"default","adv-header-id-meta":"","stick-header-meta":"default","header-above-stick-meta":"","header-main-stick-meta":"","header-below-stick-meta":"","astra-migrate-meta-layouts":"set","ast-page-background-enabled":"default","ast-page-background-meta":{"desktop":{"background-color":"var(--ast-global-color-4)","background-image":"","background-repeat":"repeat","background-position":"center center","background-size":"auto","background-attachment":"scroll","background-type":"","background-media":"","overlay-type":"","overlay-color":"","overlay-gradient":""},"tablet":{"background-color":"","background-image":"","background-repeat":"repeat","background-position":"center center","background-size":"auto","background-attachment":"scroll","background-type":"","background-media":"","overlay-type":"","overlay-color":"","overlay-gradient":""},"mobile":{"background-color":"","background-image":"","background-repeat":"repeat","background-position":"center center","background-size":"auto","background-attachment":"scroll","background-type":"","background-media":"","overlay-type":"","overlay-color":"","overlay-gradient":""}},"ast-content-background-meta":{"desktop":{"background-color":"var(--ast-global-color-5)","background-image":"","background-repeat":"repeat","background-position":"center center","background-size":"auto","background-attachment":"scroll","background-type":"","background-media":"","overlay-type":"","overlay-color":"","overlay-gradient":""},"tablet":{"background-color":"var(--ast-global-color-5)","background-image":"","background-repeat":"repeat","background-position":"center center","background-size":"auto","background-attachment":"scroll","background-type":"","background-media":"","overlay-type":"","overlay-color":"","overlay-gradient":""},"mobile":{"background-color":"var(--ast-global-color-5)","background-image":"","background-repeat":"repeat","background-position":"center center","background-size":"auto","background-attachment":"scroll","background-type":"","background-media":"","overlay-type":"","overlay-color":"","overlay-gradient":""}}},"product_cat":[136,122],"product_tag":[],"class_list":{"0":"post-10676","1":"product","2":"type-product","3":"status-publish","4":"has-post-thumbnail","6":"product_cat-1-4cores-single-armored-outdoor-ftth-drop-cable","7":"product_cat-ftth-drop-cable","8":"desktop-align-left","9":"tablet-align-left","10":"mobile-align-left","11":"ast-product-gallery-layout-horizontal-slider","12":"ast-product-tabs-layout-horizontal","14":"first","15":"instock","16":"shipping-taxable","17":"product-type-simple"},"acf":[],"_links":{"self":[{"href":"https:\/\/www.omccable.com\/es\/wp-json\/wp\/v2\/product\/10676","targetHints":{"allow":["GET"]}}],"collection":[{"href":"https:\/\/www.omccable.com\/es\/wp-json\/wp\/v2\/product"}],"about":[{"href":"https:\/\/www.omccable.com\/es\/wp-json\/wp\/v2\/types\/product"}],"replies":[{"embeddable":true,"href":"https:\/\/www.omccable.com\/es\/wp-json\/wp\/v2\/comments?post=10676"}],"version-history":[{"count":7,"href":"https:\/\/www.omccable.com\/es\/wp-json\/wp\/v2\/product\/10676\/revisions"}],"predecessor-version":[{"id":13287,"href":"https:\/\/www.omccable.com\/es\/wp-json\/wp\/v2\/product\/10676\/revisions\/13287"}],"wp:featuredmedia":[{"embeddable":true,"href":"https:\/\/www.omccable.com\/es\/wp-json\/wp\/v2\/media\/11829"}],"wp:attachment":[{"href":"https:\/\/www.omccable.com\/es\/wp-json\/wp\/v2\/media?parent=10676"}],"wp:term":[{"taxonomy":"product_cat","embeddable":true,"href":"https:\/\/www.omccable.com\/es\/wp-json\/wp\/v2\/product_cat?post=10676"},{"taxonomy":"product_tag","embeddable":true,"href":"https:\/\/www.omccable.com\/es\/wp-json\/wp\/v2\/product_tag?post=10676"}],"curies":[{"name":"wp","href":"https:\/\/api.w.org\/{rel}","templated":true}]}}