{"id":10661,"date":"2024-04-29T09:44:32","date_gmt":"2024-04-29T01:44:32","guid":{"rendered":"https:\/\/www.omccable.com\/?post_type=product&#038;p=10661"},"modified":"2025-07-28T10:36:30","modified_gmt":"2025-07-28T02:36:30","slug":"6-cores-aerial-self-support-ftth-drop-cable","status":"publish","type":"product","link":"https:\/\/www.omccable.com\/es\/producto\/6-cores-aerial-self-support-ftth-drop-cable\/","title":{"rendered":"Cable de bajada FTTH a\u00e9reo autoportante de 6 n\u00facleos"},"content":{"rendered":"<p>El cable de bajada FTTH a\u00e9reo autoportante de 6 n\u00facleos es un cable de bajada FTTH para exteriores de m\u00faltiples fibras. La secci\u00f3n transversal tiene forma de mariposa. 6 fibras SM est\u00e1n ubicadas en el centro geom\u00e9trico de la forma de mariposa. El miembro de refuerzo est\u00e1 ubicado en el centro de los dos c\u00edrculos y se puede usar una estructura met\u00e1lica o no met\u00e1lica, por lo que podr\u00edan ser GFRP, KFRP o alambre de acero. Por instalaci\u00f3n a\u00e9rea. Se debe agregar un cable de mensaje de metal al cable para fines de alta resistencia. Finalmente, se agrega una cubierta LSZH duradera para crear una secci\u00f3n transversal de cable plana y brindar protecci\u00f3n adicional al n\u00facleo del cable.<\/p>\n<p>&nbsp;<\/p>\n<p><strong>Caracter\u00edsticas<\/strong><\/p>\n<p>Estructura autoportante, ligera, f\u00e1cil de instalar<\/p>\n<p>La fibra especial de baja sensibilidad a la flexi\u00f3n proporciona un gran ancho de banda y una excelente propiedad de transmisi\u00f3n de comunicaciones<\/p>\n<p>El alambre de acero como elemento de resistencia adicional tiene una alta resistencia a la tracci\u00f3n<\/p>\n<p>Dos miembros de resistencia paralelos de FRP garantizan un buen rendimiento de resistencia al aplastamiento para proteger la fibra<\/p>\n<p>Estructura simple, peso ligero y alta practicabilidad<\/p>\n<p>El n\u00famero de fibras es de 1 a 12 n\u00facleos, pueden ser otros n\u00facleos de fibra a pedido.<\/p>\n<p>Nuevo dise\u00f1o de flauta, f\u00e1cil de pelar y empalmar, simplifica la instalaci\u00f3n y el mantenimiento<\/p>\n<p>Funda LSZH duradera e ign\u00edfuga, baja emisi\u00f3n de humos y sin hal\u00f3genos.<\/p>\n<p>&nbsp;<\/p>\n<p><strong>Datos t\u00e9cnicos<\/strong><strong>:<\/strong><\/p>\n<table>\n<tbody>\n<tr>\n<td width=\"253\">Recuento de fibras<\/td>\n<td width=\"367\">6F<\/td>\n<\/tr>\n<tr>\n<td rowspan=\"2\" width=\"253\">Miembro de fuerza autoportante<\/td>\n<td width=\"367\">Alambre de acero macizo\/Alambre de acero trenzado<\/td>\n<\/tr>\n<tr>\n<td width=\"367\">1,0 mm<\/td>\n<\/tr>\n<tr>\n<td rowspan=\"2\" width=\"253\">Miembro de fuerza<\/td>\n<td width=\"367\">FRP\/KFRP\/Alambre de acero s\u00f3lido<\/td>\n<\/tr>\n<tr>\n<td width=\"367\">0,45-0,52 mm<\/td>\n<\/tr>\n<tr>\n<td width=\"253\">Di\u00e1metro del cable (mm) Aprox.<\/td>\n<td width=\"367\">2,3*6,0(\u00b10,1)<\/td>\n<\/tr>\n<tr>\n<td width=\"253\">Peso del cable (kg\/km) Aprox.<\/td>\n<td width=\"367\">20\/21.5<\/td>\n<\/tr>\n<tr>\n<td width=\"253\">Resistencia a la tracci\u00f3n Corto\/Largo plazo(N)<\/td>\n<td width=\"367\">800\/400<\/td>\n<\/tr>\n<tr>\n<td width=\"253\">Resistencia al aplastamiento a corto\/largo plazo (N\/100mm)<\/td>\n<td width=\"367\">2200\/1000<\/td>\n<\/tr>\n<tr>\n<td width=\"253\">Rango de temperatura de funcionamiento (\u00b0C)<\/td>\n<td width=\"367\">-40\u00b0C ~+70\u00b0C<\/td>\n<\/tr>\n<\/tbody>\n<\/table>\n<p>&nbsp;<\/p>\n<p><strong>Principales prestaciones mec\u00e1nicas y medioambientales<\/strong><\/p>\n<table>\n<tbody>\n<tr>\n<td width=\"139\">Elementos<\/td>\n<td width=\"151\">Est\u00e1ndar de prueba<\/td>\n<td width=\"151\">Valor especificado<\/td>\n<td width=\"160\">Requisitos<\/td>\n<\/tr>\n<tr>\n<td width=\"139\">Tensi\u00f3n<\/td>\n<td width=\"151\">CEI 60794-1-2-E1<\/td>\n<td width=\"151\">Ver Datos t\u00e9cnicos<\/td>\n<td width=\"160\">Atenuaci\u00f3n adicional:<\/p>\n<p>\u22640,4 dB despu\u00e9s de la prueba<\/td>\n<\/tr>\n<tr>\n<td width=\"139\">Aplastar<\/td>\n<td width=\"151\">CEI 60794-1-2-E3<\/td>\n<td width=\"151\">Ver Datos t\u00e9cnicos<\/td>\n<td width=\"160\">Atenuaci\u00f3n adicional:<\/p>\n<p>\u22640,4 dB despu\u00e9s de la prueba<\/td>\n<\/tr>\n<tr>\n<td width=\"139\">Impacto<\/td>\n<td width=\"151\">CEI 60794-1-2-E4<\/td>\n<td width=\"151\">R=300mm, 10Nm,<\/p>\n<p>uno en 3 lugares diferentes<\/td>\n<td width=\"160\">Atenuaci\u00f3n adicional:<\/p>\n<p>\u22640,4 dB despu\u00e9s de la prueba<\/td>\n<\/tr>\n<tr>\n<td width=\"139\">Doblado repetido<\/td>\n<td width=\"151\">CEI 60794-1-2-E6<\/td>\n<td width=\"151\">R=30H<\/td>\n<td width=\"160\">Atenuaci\u00f3n adicional:<\/p>\n<p>\u22640,4 dB despu\u00e9s de la prueba<\/td>\n<\/tr>\n<tr>\n<td width=\"139\">Ciclos de temperatura<\/td>\n<td width=\"151\">CEI 60794-1-2-F1<\/td>\n<td width=\"151\">-40\u2103~+70\u2103<\/td>\n<td width=\"160\">Cambio de atenuaci\u00f3n:<\/p>\n<p>\u22640,4 dB\/km despu\u00e9s de la prueba<\/td>\n<\/tr>\n<\/tbody>\n<\/table>\n<p>&nbsp;<\/p>\n<p><strong><b>Par\u00e1metros t\u00e9cnicos de fibra \u00f3ptica-SM<\/b><\/strong><\/p>\n<table>\n<tbody>\n<tr>\n<td rowspan=\"2\" width=\"167\"><strong><b>Par\u00e1metro<\/b><\/strong><\/td>\n<td rowspan=\"2\" width=\"96\"><strong><b>Condiciones<\/b><\/strong><\/td>\n<td rowspan=\"2\" width=\"85\"><strong><b>Unidades<\/b><\/strong><\/td>\n<td colspan=\"4\" width=\"330\"><strong><b>Valor<\/b><\/strong><\/td>\n<\/tr>\n<tr>\n<td width=\"85\"><strong><b>G652D<\/b><\/strong><\/td>\n<td width=\"85\"><strong><b>G657A1<\/b><\/strong><\/td>\n<td width=\"85\"><strong><b>G657A2<\/b><\/strong><\/td>\n<td width=\"75\"><strong><b>G657B3<\/b><\/strong><\/td>\n<\/tr>\n<tr>\n<td colspan=\"3\" width=\"349\"><strong><b>Especificaci\u00f3n \u00f3ptica<\/b><\/strong><\/td>\n<td colspan=\"4\" width=\"330\"><strong><b>\u3000<\/b><\/strong><\/td>\n<\/tr>\n<tr>\n<td rowspan=\"4\" width=\"167\">Atenuaci\u00f3n<\/td>\n<td width=\"96\">1310 nm<\/td>\n<td width=\"85\">dB\/km<\/td>\n<td width=\"85\">\u22640,350<\/td>\n<td width=\"85\">\u22640,350<\/td>\n<td width=\"85\">\u22640,350<\/td>\n<td width=\"75\">\u22640,350<\/td>\n<\/tr>\n<tr>\n<td width=\"96\">1383 nm<\/td>\n<td width=\"85\">dB\/km<\/td>\n<td width=\"85\">\u22640,330<\/td>\n<td width=\"85\">\u22640,350<\/td>\n<td width=\"85\">\u22640,350<\/td>\n<td width=\"75\">\u22640,350<\/td>\n<\/tr>\n<tr>\n<td width=\"96\">1550 nm<\/td>\n<td width=\"85\">dB\/km<\/td>\n<td width=\"85\">\u22640,210<\/td>\n<td width=\"85\">\u22640,210<\/td>\n<td width=\"85\">\u22640,210<\/td>\n<td width=\"75\">\u22640,210<\/td>\n<\/tr>\n<tr>\n<td width=\"96\">1625 nan\u00f3metro<\/td>\n<td width=\"85\">dB\/km<\/td>\n<td width=\"85\">\u22640,240<\/td>\n<td width=\"85\">\u22640,230<\/td>\n<td width=\"85\">\u22640,230<\/td>\n<td width=\"75\">\u22640,230<\/td>\n<\/tr>\n<tr>\n<td rowspan=\"3\" width=\"167\">Atenuaci\u00f3n frente a longitud de onda<\/td>\n<td width=\"96\">1310 nm VS. 1285-1330 nan\u00f3metro<\/td>\n<td width=\"85\">dB\/km<\/td>\n<td width=\"85\">\u22640,04<\/td>\n<td width=\"85\">\u22640,04<\/td>\n<td width=\"85\">\u22640,05<\/td>\n<td width=\"75\">\u22640,03<\/td>\n<\/tr>\n<tr>\n<td width=\"96\">1550 nm VS. 1525-1575 nan\u00f3metro<\/td>\n<td width=\"85\">dB\/km<\/td>\n<td width=\"85\">\u22640,03<\/td>\n<td width=\"85\">\u22640,03<\/td>\n<td width=\"85\">\u22640,04<\/td>\n<td width=\"75\">\u22640,02<\/td>\n<\/tr>\n<tr>\n<td width=\"96\">1550 nm VS. 1480-1580 nan\u00f3metro<\/td>\n<td width=\"85\">dB\/km<\/td>\n<td width=\"85\">\u22640,04<\/td>\n<td width=\"85\">\u2013<\/td>\n<td width=\"85\">\u2013<\/td>\n<td width=\"75\">\u2013<\/td>\n<\/tr>\n<tr>\n<td width=\"167\">Longitud de onda de dispersi\u00f3n cero<\/td>\n<td rowspan=\"2\" width=\"96\">\\<\/td>\n<td width=\"85\">nm<\/td>\n<td width=\"85\">1300-1324<\/td>\n<td width=\"85\">1300-1324<\/td>\n<td width=\"85\">1300-1324<\/td>\n<td width=\"75\">1300-1324<\/td>\n<\/tr>\n<tr>\n<td width=\"167\">Pendiente de dispersi\u00f3n cero<\/td>\n<td width=\"85\">ps\/(nm<sup>2<\/sup>\u00b7km)<\/td>\n<td width=\"85\">0.073-0.092<\/td>\n<td width=\"85\">0.073-0.092<\/td>\n<td width=\"85\">0.073-0.092<\/td>\n<td width=\"75\">\u22640,092<\/td>\n<\/tr>\n<tr>\n<td rowspan=\"2\" width=\"167\">Dispersi\u00f3n<\/td>\n<td width=\"96\">1550 nm<\/td>\n<td width=\"85\">ps\/(nm\u00b7km)<\/td>\n<td width=\"85\">13.3-18.6<\/td>\n<td width=\"85\">13.3-18.6<\/td>\n<td width=\"85\">13.3-18.6<\/td>\n<td width=\"75\"><\/td>\n<\/tr>\n<tr>\n<td width=\"96\">1625 nan\u00f3metro<\/td>\n<td width=\"85\">ps\/(nm\u00b7km)<\/td>\n<td width=\"85\">17.2-23.7<\/td>\n<td width=\"85\">17.2-23.7<\/td>\n<td width=\"85\">17.2-23.7<\/td>\n<td width=\"75\"><\/td>\n<\/tr>\n<tr>\n<td colspan=\"2\" width=\"264\">Dispersi\u00f3n del modo de polarizaci\u00f3n (PMD)<\/td>\n<td width=\"85\">ps\/\u221akm<\/td>\n<td width=\"85\">\u22640,2<\/td>\n<td width=\"85\">\u22640,2<\/td>\n<td width=\"85\">\u22640,2<\/td>\n<td width=\"75\">\u22640,2<\/td>\n<\/tr>\n<tr>\n<td width=\"167\">Longitud de onda de corte \u03bbcc<\/td>\n<td width=\"96\">\u2013<\/td>\n<td width=\"85\">nm<\/td>\n<td width=\"85\">\u22641260<\/td>\n<td width=\"85\">\u22641260<\/td>\n<td width=\"85\">\u22641260<\/td>\n<td width=\"75\">\u22641260<\/td>\n<\/tr>\n<tr>\n<td rowspan=\"2\" width=\"167\">Di\u00e1metro de campo modal (MFD)<\/td>\n<td width=\"96\">1310 nm<\/td>\n<td width=\"85\">\u00b5m<\/td>\n<td width=\"85\">9,2\u00b10,4<\/td>\n<td width=\"85\">9,2\u00b10,4<\/td>\n<td width=\"85\">8,6\u00b10,4<\/td>\n<td width=\"75\">8,6\u00b10,4<\/td>\n<\/tr>\n<tr>\n<td width=\"96\">1550 nm<\/td>\n<td width=\"85\">\u00b5m<\/td>\n<td width=\"85\">10,4\u00b10,5<\/td>\n<td width=\"85\">10,4\u00b10,5<\/td>\n<td width=\"85\">9,6\u00b10,5<\/td>\n<td width=\"75\">9,6\u00b10,5<\/td>\n<\/tr>\n<tr>\n<td rowspan=\"2\" width=\"167\">Discontinuidad de atenuaci\u00f3n<\/td>\n<td width=\"96\">1310 nm<\/td>\n<td width=\"85\">dB<\/td>\n<td width=\"85\">\u22640,03<\/td>\n<td width=\"85\">\u22640,03<\/td>\n<td width=\"85\">\u22640,03<\/td>\n<td width=\"75\">\u22640,03<\/td>\n<\/tr>\n<tr>\n<td width=\"96\">1550 nm<\/td>\n<td width=\"85\">dB<\/td>\n<td width=\"85\">\u22640,03<\/td>\n<td width=\"85\">\u22640,03<\/td>\n<td width=\"85\">\u22640,03<\/td>\n<td width=\"75\">\u22640,03<\/td>\n<\/tr>\n<tr>\n<td rowspan=\"2\" width=\"167\">Atenuaci\u00f3n bidireccional<\/td>\n<td width=\"96\">1310 nm<\/td>\n<td width=\"85\">dB\/km<\/td>\n<td width=\"85\">\u22640,04<\/td>\n<td width=\"85\"><\/td>\n<td width=\"85\"><\/td>\n<td width=\"75\">\u22640,05<\/td>\n<\/tr>\n<tr>\n<td width=\"96\">1550 nm<\/td>\n<td width=\"85\">dB\/km<\/td>\n<td width=\"85\">\u22640,04<\/td>\n<td width=\"85\"><\/td>\n<td width=\"85\"><\/td>\n<td width=\"75\">\u22640,05<\/td>\n<\/tr>\n<tr>\n<td colspan=\"3\" width=\"349\"><strong><b>Geom\u00e9trico<\/b><\/strong><\/td>\n<td colspan=\"4\" width=\"330\"><\/td>\n<\/tr>\n<tr>\n<td colspan=\"2\" width=\"264\">Di\u00e1metro del revestimiento<\/td>\n<td width=\"85\">\u00b5m<\/td>\n<td width=\"85\">125\u00b10,7<\/td>\n<td width=\"85\">125\u00b10,7<\/td>\n<td width=\"85\">125\u00b10,7<\/td>\n<td width=\"75\">125\u00b10,7<\/td>\n<\/tr>\n<tr>\n<td colspan=\"2\" width=\"264\">No circularidad del revestimiento<\/td>\n<td width=\"85\">%<\/td>\n<td width=\"85\">\u22641,0<\/td>\n<td width=\"85\">\u22641,0<\/td>\n<td width=\"85\">\u22640,8<\/td>\n<td width=\"75\">\u22640,7<\/td>\n<\/tr>\n<tr>\n<td colspan=\"2\" width=\"264\">Error de concentricidad del n\u00facleo\/revestimiento<\/td>\n<td width=\"85\">\u00b5m<\/td>\n<td width=\"85\">\u22640,6<\/td>\n<td width=\"85\">\u22640,5<\/td>\n<td width=\"85\">\u22640,5<\/td>\n<td width=\"75\">\u22640,5<\/td>\n<\/tr>\n<tr>\n<td colspan=\"2\" rowspan=\"2\" width=\"264\">Di\u00e1metro del revestimiento (sin color)<\/td>\n<td width=\"85\">\u00b5m<\/td>\n<td colspan=\"4\" width=\"330\">242\u00b17 (est\u00e1ndar)<\/td>\n<\/tr>\n<tr>\n<td width=\"85\">\u00b5m<\/td>\n<td colspan=\"4\" width=\"330\">200\u00b110 (opcional)<\/td>\n<\/tr>\n<tr>\n<td colspan=\"2\" width=\"264\">Error de concentricidad del revestimiento\/revestimiento<\/td>\n<td width=\"85\">\u00b5m<\/td>\n<td width=\"85\">\u226412<\/td>\n<td width=\"85\">\u226412<\/td>\n<td width=\"85\">\u226412<\/td>\n<td width=\"75\">\u226412<\/td>\n<\/tr>\n<tr>\n<td colspan=\"2\" width=\"264\">Rizado<\/td>\n<td width=\"85\">m<\/td>\n<td width=\"85\">\u22654<\/td>\n<td width=\"85\">\u22654<\/td>\n<td width=\"85\">\u22654<\/td>\n<td width=\"75\">\u22654<\/td>\n<\/tr>\n<tr>\n<td colspan=\"3\" width=\"349\"><strong><b>Ambiental (1550 nm, 1625 nm)<\/b><\/strong><\/td>\n<td colspan=\"4\" width=\"330\"><\/td>\n<\/tr>\n<tr>\n<td width=\"167\">Ciclos de temperatura<\/td>\n<td width=\"96\">-60 \u2103 a +85 \u2103<\/td>\n<td width=\"85\">dB\/km<\/td>\n<td width=\"85\">\u22640,03<\/td>\n<td width=\"85\">\u22640,05<\/td>\n<td width=\"85\">\u22640,05<\/td>\n<td width=\"75\">\u22640,05<\/td>\n<\/tr>\n<tr>\n<td width=\"167\">Alta temperatura y<\/p>\n<p>Alta humedad<\/td>\n<td width=\"96\">85 \u2103, 85% RH, 30 d\u00edas<\/td>\n<td width=\"85\">dB\/km<\/td>\n<td width=\"85\">\u22640,03<\/td>\n<td width=\"85\">\u22640,05<\/td>\n<td width=\"85\">\u22640,05<\/td>\n<td width=\"75\">\u22640,05<\/td>\n<\/tr>\n<tr>\n<td width=\"167\">Inmersi\u00f3n en agua<\/td>\n<td width=\"96\">23 \u2103, 30 d\u00edas<\/td>\n<td width=\"85\">dB\/km<\/td>\n<td width=\"85\">\u22640,03<\/td>\n<td width=\"85\">\u22640,05<\/td>\n<td width=\"85\">\u22640,05<\/td>\n<td width=\"75\">\u22640,05<\/td>\n<\/tr>\n<tr>\n<td width=\"167\">Envejecimiento a alta temperatura<\/td>\n<td width=\"96\">85 \u2103, 30 d\u00edas<\/td>\n<td width=\"85\">dB\/km<\/td>\n<td width=\"85\">\u22640,03<\/td>\n<td width=\"85\">\u22640,05<\/td>\n<td width=\"85\">\u22640,05<\/td>\n<td width=\"75\">\u22640,05<\/td>\n<\/tr>\n<\/tbody>\n<\/table>\n<p>Temperatura de almacenamiento: -20\u00b0C ~+50\u00b0C<\/p>\n<p>Otras fibras por favor contacte a nuestro representante de ventas.<\/p>\n<p>&nbsp;<\/p>\n<p><strong>Solicitud<\/strong><\/p>\n<p>Aplicaci\u00f3n a\u00e9rea en exteriores<\/p>\n<p>Utilizado en los proyectos FTTH<\/p>\n<p>Rutas \u00f3pticas de alta velocidad en la construcci\u00f3n<\/p>\n<p>Operaci\u00f3n de red \u00f3ptica de alto rendimiento<\/p>\n<p>&nbsp;<\/p>\n<p><strong>Soluci\u00f3n ideal mediante el uso de cable de bajada FTTH autoportante<\/strong><\/p>\n<p>Una red FTTH de alta capacidad le brinda oportunidades para crear una ventaja competitiva y mantener una red ecosostenible que consume menos energ\u00eda. Con una estructura simple y un peso liviano, el cable de bajada FTTH autoportante es altamente recomendado para la conexi\u00f3n de cableado exterior e interior.<\/p>\n<p><img fetchpriority=\"high\" decoding=\"async\" class=\"alignnone size-full wp-image-10662\" src=\"https:\/\/www.omccable.com\/wp-content\/uploads\/2024\/04\/20161029120811_101-6.jpg\" alt=\"6 cores FTTH Aerial Self-support Drop cable\" width=\"1100\" height=\"494\" srcset=\"https:\/\/www.omccable.com\/wp-content\/uploads\/2024\/04\/20161029120811_101-6.jpg 1100w, https:\/\/www.omccable.com\/wp-content\/uploads\/2024\/04\/20161029120811_101-6-300x135.jpg 300w, https:\/\/www.omccable.com\/wp-content\/uploads\/2024\/04\/20161029120811_101-6-800x359.jpg 800w, https:\/\/www.omccable.com\/wp-content\/uploads\/2024\/04\/20161029120811_101-6-768x345.jpg 768w\" sizes=\"(max-width: 1100px) 100vw, 1100px\" \/><\/p>","protected":false},"excerpt":{"rendered":"<p>El cable de bajada FTTH a\u00e9reo autoportante de 6 n\u00facleos es un cable de bajada FTTH para exteriores de m\u00faltiples fibras. La secci\u00f3n transversal tiene forma de mariposa. 6 fibras SM est\u00e1n ubicadas en el centro geom\u00e9trico de la forma de mariposa. El miembro de refuerzo est\u00e1 ubicado en el centro de los dos c\u00edrculos y se puede usar la estructura met\u00e1lica o no met\u00e1lica, por lo que podr\u00edan [\u2026]<\/p>","protected":false},"featured_media":10664,"comment_status":"closed","ping_status":"closed","template":"","meta":{"site-sidebar-layout":"default","site-content-layout":"","ast-site-content-layout":"default","site-content-style":"default","site-sidebar-style":"default","ast-global-header-display":"","ast-banner-title-visibility":"","ast-main-header-display":"","ast-hfb-above-header-display":"","ast-hfb-below-header-display":"","ast-hfb-mobile-header-display":"","site-post-title":"","ast-breadcrumbs-content":"","ast-featured-img":"","footer-sml-layout":"","theme-transparent-header-meta":"default","adv-header-id-meta":"","stick-header-meta":"default","header-above-stick-meta":"","header-main-stick-meta":"","header-below-stick-meta":"","astra-migrate-meta-layouts":"set","ast-page-background-enabled":"default","ast-page-background-meta":{"desktop":{"background-color":"var(--ast-global-color-4)","background-image":"","background-repeat":"repeat","background-position":"center center","background-size":"auto","background-attachment":"scroll","background-type":"","background-media":"","overlay-type":"","overlay-color":"","overlay-gradient":""},"tablet":{"background-color":"","background-image":"","background-repeat":"repeat","background-position":"center center","background-size":"auto","background-attachment":"scroll","background-type":"","background-media":"","overlay-type":"","overlay-color":"","overlay-gradient":""},"mobile":{"background-color":"","background-image":"","background-repeat":"repeat","background-position":"center center","background-size":"auto","background-attachment":"scroll","background-type":"","background-media":"","overlay-type":"","overlay-color":"","overlay-gradient":""}},"ast-content-background-meta":{"desktop":{"background-color":"var(--ast-global-color-5)","background-image":"","background-repeat":"repeat","background-position":"center center","background-size":"auto","background-attachment":"scroll","background-type":"","background-media":"","overlay-type":"","overlay-color":"","overlay-gradient":""},"tablet":{"background-color":"var(--ast-global-color-5)","background-image":"","background-repeat":"repeat","background-position":"center center","background-size":"auto","background-attachment":"scroll","background-type":"","background-media":"","overlay-type":"","overlay-color":"","overlay-gradient":""},"mobile":{"background-color":"var(--ast-global-color-5)","background-image":"","background-repeat":"repeat","background-position":"center center","background-size":"auto","background-attachment":"scroll","background-type":"","background-media":"","overlay-type":"","overlay-color":"","overlay-gradient":""}}},"product_cat":[135,122],"product_tag":[],"class_list":{"0":"post-10661","1":"product","2":"type-product","3":"status-publish","4":"has-post-thumbnail","6":"product_cat-aerial-self-support-ftth-drop-cable","7":"product_cat-ftth-drop-cable","8":"desktop-align-left","9":"tablet-align-left","10":"mobile-align-left","11":"ast-product-gallery-layout-horizontal-slider","12":"ast-product-tabs-layout-horizontal","14":"first","15":"instock","16":"shipping-taxable","17":"product-type-simple"},"acf":[],"_links":{"self":[{"href":"https:\/\/www.omccable.com\/es\/wp-json\/wp\/v2\/product\/10661","targetHints":{"allow":["GET"]}}],"collection":[{"href":"https:\/\/www.omccable.com\/es\/wp-json\/wp\/v2\/product"}],"about":[{"href":"https:\/\/www.omccable.com\/es\/wp-json\/wp\/v2\/types\/product"}],"replies":[{"embeddable":true,"href":"https:\/\/www.omccable.com\/es\/wp-json\/wp\/v2\/comments?post=10661"}],"version-history":[{"count":4,"href":"https:\/\/www.omccable.com\/es\/wp-json\/wp\/v2\/product\/10661\/revisions"}],"predecessor-version":[{"id":13292,"href":"https:\/\/www.omccable.com\/es\/wp-json\/wp\/v2\/product\/10661\/revisions\/13292"}],"wp:featuredmedia":[{"embeddable":true,"href":"https:\/\/www.omccable.com\/es\/wp-json\/wp\/v2\/media\/10664"}],"wp:attachment":[{"href":"https:\/\/www.omccable.com\/es\/wp-json\/wp\/v2\/media?parent=10661"}],"wp:term":[{"taxonomy":"product_cat","embeddable":true,"href":"https:\/\/www.omccable.com\/es\/wp-json\/wp\/v2\/product_cat?post=10661"},{"taxonomy":"product_tag","embeddable":true,"href":"https:\/\/www.omccable.com\/es\/wp-json\/wp\/v2\/product_tag?post=10661"}],"curies":[{"name":"wp","href":"https:\/\/api.w.org\/{rel}","templated":true}]}}