{"id":10615,"date":"2024-04-27T10:35:10","date_gmt":"2024-04-27T02:35:10","guid":{"rendered":"https:\/\/www.omccable.com\/?post_type=product&#038;p=10615"},"modified":"2024-04-27T10:52:49","modified_gmt":"2024-04-27T02:52:49","slug":"1f-aerial-self-support-ftth-drop-cable-solid-wire-x-3","status":"publish","type":"product","link":"https:\/\/www.omccable.com\/es\/producto\/1f-aerial-self-support-ftth-drop-cable-solid-wire-x-3\/","title":{"rendered":"Cable de bajada FTTH a\u00e9reo autoportante 1F-Cable s\u00f3lido x 3"},"content":{"rendered":"<p><b><\/b><strong>Introducci\u00f3n:<\/strong><\/p>\n<p>&nbsp;<\/p>\n<p>El cable de bajada FTTH autoportante est\u00e1 construido con una o dos fibras monomodo (G.657A1). El cable est\u00e1 protegido por un miembro de rigidez diel\u00e9ctrica hecho de pl\u00e1stico reforzado con fibra de vidrio (FRP), alambre de acero y una cubierta exterior de LSZH. Dise\u00f1ado para instalaci\u00f3n en exteriores, el cable es muy adecuado para conexiones entre el cierre del domo y unidades de vivienda peque\u00f1as\/almac\u00e9n y villas independientes.<\/p>\n<p>&nbsp;<\/p>\n<p><b><\/b><strong>Caracter\u00edsticas<\/strong><\/p>\n<p>Estructura autoportante, ligera, f\u00e1cil de instalar<\/p>\n<p>La fibra especial de baja sensibilidad a la flexi\u00f3n proporciona un gran ancho de banda y una excelente propiedad de transmisi\u00f3n de comunicaciones<\/p>\n<p>El alambre de acero como elemento de resistencia adicional tiene una alta resistencia a la tracci\u00f3n<\/p>\n<p>Dos miembros de resistencia paralelos de FRP garantizan un buen rendimiento de resistencia al aplastamiento para proteger la fibra<\/p>\n<p>Estructura simple, peso ligero y alta practicabilidad<\/p>\n<p>El n\u00famero de fibras es de 1 a 12 n\u00facleos, pueden ser otros n\u00facleos de fibra a pedido.<\/p>\n<p>Nuevo dise\u00f1o de flauta, f\u00e1cil de pelar y empalmar, simplifica la instalaci\u00f3n y el mantenimiento<\/p>\n<p>Funda LSZH duradera e ign\u00edfuga, baja emisi\u00f3n de humos y sin hal\u00f3genos.<\/p>\n<p>&nbsp;<\/p>\n<p><b><\/b><strong>Cable<\/strong><strong>estructura<\/strong><strong>\u00a0<\/strong><strong>y<\/strong><strong>\u00a0<\/strong><strong>par\u00e1metro<\/strong><\/p>\n<table>\n<tbody>\n<tr>\n<td width=\"166\"><strong>Art\u00edculo<\/strong><\/td>\n<td width=\"114\"><strong>Contenido<\/strong><\/td>\n<td width=\"85\"><strong>Unidad<\/strong><\/td>\n<td width=\"345\"><strong>Valor<\/strong><\/td>\n<\/tr>\n<tr>\n<td rowspan=\"3\" width=\"166\"><strong>\u00a0<\/strong><\/p>\n<p>Fibra \u00d3ptica<\/td>\n<td width=\"114\">n\u00famero de modelo<\/td>\n<td width=\"85\">\/<\/td>\n<td width=\"345\">G657A2<\/td>\n<\/tr>\n<tr>\n<td width=\"114\">n\u00famero<\/td>\n<td width=\"85\">\/<\/td>\n<td width=\"345\">1<\/td>\n<\/tr>\n<tr>\n<td width=\"114\">Color<\/td>\n<td width=\"85\">\/<\/td>\n<td width=\"345\">Azul<\/td>\n<\/tr>\n<tr>\n<td rowspan=\"2\" width=\"166\">Miembro de fuerza<\/td>\n<td width=\"114\">Materiales<\/td>\n<td width=\"85\">\/<\/td>\n<td width=\"345\">alambre de acero para fosfatado<\/td>\n<\/tr>\n<tr>\n<td width=\"114\">Di\u00e1metro<\/td>\n<td width=\"85\">mil\u00edmetros<\/td>\n<td width=\"345\">0.5<\/td>\n<\/tr>\n<tr>\n<td rowspan=\"2\" width=\"166\">Cable de mensajer\u00eda<\/td>\n<td width=\"114\">Materiales<\/td>\n<td width=\"85\">\/<\/td>\n<td width=\"345\">alambre de acero para fosfatado<\/td>\n<\/tr>\n<tr>\n<td width=\"114\">Di\u00e1metro<\/td>\n<td width=\"85\">mil\u00edmetros<\/td>\n<td width=\"345\">1.0<\/td>\n<\/tr>\n<tr>\n<td rowspan=\"3\" width=\"166\"><strong>\u00a0<\/strong><\/p>\n<p>Chaqueta exterior<\/td>\n<td width=\"114\">Di\u00e1metro<\/td>\n<td width=\"85\">mil\u00edmetros<\/td>\n<td width=\"345\">2,0\u00b10,1*5,0\u00b10,2<\/td>\n<\/tr>\n<tr>\n<td width=\"114\">Materiales<\/td>\n<td width=\"85\">\/<\/td>\n<td width=\"345\">LSZH<\/td>\n<\/tr>\n<tr>\n<td width=\"114\">Color<\/td>\n<td width=\"85\">\/<\/td>\n<td width=\"345\">negro<\/td>\n<\/tr>\n<tr>\n<td rowspan=\"2\" width=\"166\">Rendimiento de tracci\u00f3n<\/td>\n<td width=\"114\">Corto plazo<\/td>\n<td width=\"85\">N<\/td>\n<td width=\"345\">600 (deformaci\u00f3n de fibra\u22640.4%)<\/td>\n<\/tr>\n<tr>\n<td width=\"114\">Largo plazo<\/td>\n<td width=\"85\">N<\/td>\n<td width=\"345\">300<\/td>\n<\/tr>\n<tr>\n<td rowspan=\"2\" width=\"166\">Aplastar<\/td>\n<td width=\"114\">Corto plazo<\/td>\n<td width=\"85\">N\/100mm<\/td>\n<td width=\"345\">2200<\/td>\n<\/tr>\n<tr>\n<td width=\"114\">Largo plazo<\/td>\n<td width=\"85\">N\/100mm<\/td>\n<td width=\"345\">1000<\/td>\n<\/tr>\n<tr>\n<td colspan=\"2\" width=\"280\">Atenuaci\u00f3n del cable<\/td>\n<td width=\"85\">dB\/km<\/td>\n<td width=\"345\">\u2266 0,4 a 1310 nm, \u2266 0,3 a 1550 nm<\/td>\n<\/tr>\n<tr>\n<td colspan=\"2\" width=\"280\">Peso del cable (aprox.)\u00b110%<\/td>\n<td width=\"85\">kg\/km<\/td>\n<td width=\"345\">21<\/td>\n<\/tr>\n<\/tbody>\n<\/table>\n<p>Nota: los tama\u00f1os y valores sin tolerancias son valores nominales<\/p>\n<p>&nbsp;<\/p>\n<p><b><\/b><strong>Caracter\u00edstica<\/strong><strong>de<\/strong><strong>\u00a0<\/strong><strong>\u00d3ptico<\/strong><strong>\u00a0<\/strong><strong>Cable<\/strong><\/p>\n<ul>\n<li style=\"list-style-type: none;\">\n<ul>\n<li>Radio de curvatura (sin mensajero) Est\u00e1tico: 20 mm<\/li>\n<\/ul>\n<\/li>\n<\/ul>\n<p>Din\u00e1mico: 40 mm<\/p>\n<ul>\n<li>Rango de temperatura de aplicaci\u00f3nOperaci\u00f3n: \u2013 20 \u2103 ~ +70 \u2103 Instalaci\u00f3n: -20 \u2103 ~ +60 \u2103 Almacenamiento\/transporte: \u2013 20 \u2103 ~ +70 \u2103<\/li>\n<\/ul>\n<p>&nbsp;<\/p>\n<p><strong><b>G657A1<\/b><\/strong><strong><b>\u00a0<\/b><\/strong><strong><b>Caracter\u00edstica<\/b><\/strong><strong><b>\u00a0<\/b><\/strong><strong><b>de<\/b><\/strong><strong><b>\u00a0<\/b><\/strong><strong><b>\u00d3ptico<\/b><\/strong><strong><b>\u00a0<\/b><\/strong><strong><b>Fibra<\/b><\/strong><\/p>\n<table>\n<tbody>\n<tr>\n<td colspan=\"2\" rowspan=\"2\" width=\"457\"><strong>Art\u00edculo<\/strong><\/td>\n<td rowspan=\"2\" width=\"84\"><strong>Unidad<\/strong><\/td>\n<td width=\"169\"><strong>Especificaci\u00f3n<\/strong><\/td>\n<\/tr>\n<tr>\n<td width=\"169\">G.657A1<\/td>\n<\/tr>\n<tr>\n<td rowspan=\"2\" width=\"325\">Modo di\u00e1metro del campo<\/td>\n<td width=\"132\">1310nm<\/td>\n<td width=\"84\">mil\u00edmetros<\/td>\n<td width=\"169\">9,2 \u00b1 0,4<\/td>\n<\/tr>\n<tr>\n<td width=\"132\">1550 nm<\/td>\n<td width=\"84\">mil\u00edmetros<\/td>\n<td width=\"169\">10,4 \u00b1 0,5<\/td>\n<\/tr>\n<tr>\n<td colspan=\"2\" width=\"457\">Di\u00e1metro del revestimiento<\/td>\n<td width=\"84\">mil\u00edmetros<\/td>\n<td width=\"169\">125,0 \u00b1 0,7<\/td>\n<\/tr>\n<tr>\n<td colspan=\"2\" width=\"457\">Falta de circularidad del revestimiento<\/td>\n<td width=\"84\">%<\/td>\n<td width=\"169\">\u00a31.0<\/td>\n<\/tr>\n<tr>\n<td colspan=\"2\" width=\"457\">Error de concentricidad central<\/td>\n<td width=\"84\">mil\u00edmetros<\/td>\n<td width=\"169\">\u00a30.5<\/td>\n<\/tr>\n<tr>\n<td colspan=\"2\" width=\"457\">Di\u00e1metro del revestimiento<\/td>\n<td width=\"84\">mil\u00edmetros<\/td>\n<td width=\"169\">242 \u00b1 7<\/td>\n<\/tr>\n<tr>\n<td colspan=\"2\" width=\"457\">Error de concentricidad del revestimiento\/revestimiento<\/td>\n<td width=\"84\">mil\u00edmetros<\/td>\n<td width=\"169\">\u00a312<\/td>\n<\/tr>\n<tr>\n<td colspan=\"2\" width=\"457\">Longitud de onda de corte del cable<\/td>\n<td width=\"84\">nm<\/td>\n<td width=\"169\">\u00a3\u00a01260<\/td>\n<\/tr>\n<tr>\n<td rowspan=\"2\" width=\"325\">Atenuaci\u00f3n<\/td>\n<td width=\"132\">1310nm<\/td>\n<td width=\"84\">dB\/km<\/td>\n<td width=\"169\">\u00a30.35<\/td>\n<\/tr>\n<tr>\n<td width=\"132\">1550 nm<\/td>\n<td width=\"84\">dB\/km<\/td>\n<td width=\"169\">\u00a30.21<\/td>\n<\/tr>\n<tr>\n<td rowspan=\"2\" width=\"325\">P\u00e9rdida por macroflexi\u00f3n (\u00d820 mm\u00d71)<\/td>\n<td width=\"132\">1550 nm<\/td>\n<td width=\"84\">dB<\/td>\n<td width=\"169\">\u00a30.75<\/td>\n<\/tr>\n<tr>\n<td width=\"132\">1625nm<\/td>\n<td width=\"84\">dB<\/td>\n<td width=\"169\">\u00a31.5<\/td>\n<\/tr>\n<\/tbody>\n<\/table>\n<p>Otros par\u00e1metros cumplen con el est\u00e1ndar ITU-T G.657<\/p>\n<p>&nbsp;<\/p>\n<p><strong>Solicitud<\/strong><\/p>\n<p>Aplicaci\u00f3n a\u00e9rea en exteriores<\/p>\n<p>Utilizado en los proyectos FTTH<\/p>\n<p>Rutas \u00f3pticas de alta velocidad en la construcci\u00f3n<\/p>\n<p>Operaci\u00f3n de red \u00f3ptica de alto rendimiento<\/p>\n<p>&nbsp;<\/p>\n<p><strong>Soluci\u00f3n ideal mediante el uso de cable de bajada FTTH autoportante<\/strong><\/p>\n<p>Una red FTTH de alta capacidad le brinda oportunidades para crear una ventaja competitiva y mantener una red ecosostenible que consume menos energ\u00eda. Con una estructura simple y un peso liviano, el cable de bajada FTTH autoportante es altamente recomendado para la conexi\u00f3n de cableado exterior e interior.<\/p>\n<p><img fetchpriority=\"high\" decoding=\"async\" class=\"alignnone size-full wp-image-10619\" src=\"https:\/\/www.omccable.com\/wp-content\/uploads\/2024\/04\/20161029120811_101.jpg\" alt=\"1F Aerial Self-support FTTH Drop cable-Solid wire x 3\" width=\"1100\" height=\"494\" srcset=\"https:\/\/www.omccable.com\/wp-content\/uploads\/2024\/04\/20161029120811_101.jpg 1100w, https:\/\/www.omccable.com\/wp-content\/uploads\/2024\/04\/20161029120811_101-300x135.jpg 300w, https:\/\/www.omccable.com\/wp-content\/uploads\/2024\/04\/20161029120811_101-800x359.jpg 800w, https:\/\/www.omccable.com\/wp-content\/uploads\/2024\/04\/20161029120811_101-768x345.jpg 768w\" sizes=\"(max-width: 1100px) 100vw, 1100px\" \/><\/p>","protected":false},"excerpt":{"rendered":"<p>Introducci\u00f3n: El cable de bajada FTTH autoportante est\u00e1 construido con una o dos fibras monomodo (G.657A1). El cable est\u00e1 protegido por un miembro de rigidez diel\u00e9ctrica hecho de pl\u00e1stico reforzado con fibra de vidrio (FRP), alambre de acero y una cubierta exterior de LSZH. Dise\u00f1ado para instalaci\u00f3n en exteriores, el cable es muy adecuado para conexiones entre el cierre del domo y viviendas peque\u00f1as [\u2026]<\/p>","protected":false},"featured_media":10617,"comment_status":"closed","ping_status":"closed","template":"","meta":{"site-sidebar-layout":"default","site-content-layout":"","ast-site-content-layout":"default","site-content-style":"default","site-sidebar-style":"default","ast-global-header-display":"","ast-banner-title-visibility":"","ast-main-header-display":"","ast-hfb-above-header-display":"","ast-hfb-below-header-display":"","ast-hfb-mobile-header-display":"","site-post-title":"","ast-breadcrumbs-content":"","ast-featured-img":"","footer-sml-layout":"","theme-transparent-header-meta":"default","adv-header-id-meta":"","stick-header-meta":"default","header-above-stick-meta":"","header-main-stick-meta":"","header-below-stick-meta":"","astra-migrate-meta-layouts":"set","ast-page-background-enabled":"default","ast-page-background-meta":{"desktop":{"background-color":"var(--ast-global-color-4)","background-image":"","background-repeat":"repeat","background-position":"center center","background-size":"auto","background-attachment":"scroll","background-type":"","background-media":"","overlay-type":"","overlay-color":"","overlay-gradient":""},"tablet":{"background-color":"","background-image":"","background-repeat":"repeat","background-position":"center center","background-size":"auto","background-attachment":"scroll","background-type":"","background-media":"","overlay-type":"","overlay-color":"","overlay-gradient":""},"mobile":{"background-color":"","background-image":"","background-repeat":"repeat","background-position":"center center","background-size":"auto","background-attachment":"scroll","background-type":"","background-media":"","overlay-type":"","overlay-color":"","overlay-gradient":""}},"ast-content-background-meta":{"desktop":{"background-color":"var(--ast-global-color-5)","background-image":"","background-repeat":"repeat","background-position":"center center","background-size":"auto","background-attachment":"scroll","background-type":"","background-media":"","overlay-type":"","overlay-color":"","overlay-gradient":""},"tablet":{"background-color":"var(--ast-global-color-5)","background-image":"","background-repeat":"repeat","background-position":"center center","background-size":"auto","background-attachment":"scroll","background-type":"","background-media":"","overlay-type":"","overlay-color":"","overlay-gradient":""},"mobile":{"background-color":"var(--ast-global-color-5)","background-image":"","background-repeat":"repeat","background-position":"center center","background-size":"auto","background-attachment":"scroll","background-type":"","background-media":"","overlay-type":"","overlay-color":"","overlay-gradient":""}}},"product_cat":[135,122],"product_tag":[],"class_list":{"0":"post-10615","1":"product","2":"type-product","3":"status-publish","4":"has-post-thumbnail","6":"product_cat-aerial-self-support-ftth-drop-cable","7":"product_cat-ftth-drop-cable","8":"desktop-align-left","9":"tablet-align-left","10":"mobile-align-left","11":"ast-product-gallery-layout-horizontal-slider","12":"ast-product-tabs-layout-horizontal","14":"first","15":"instock","16":"shipping-taxable","17":"product-type-simple"},"acf":[],"_links":{"self":[{"href":"https:\/\/www.omccable.com\/es\/wp-json\/wp\/v2\/product\/10615","targetHints":{"allow":["GET"]}}],"collection":[{"href":"https:\/\/www.omccable.com\/es\/wp-json\/wp\/v2\/product"}],"about":[{"href":"https:\/\/www.omccable.com\/es\/wp-json\/wp\/v2\/types\/product"}],"replies":[{"embeddable":true,"href":"https:\/\/www.omccable.com\/es\/wp-json\/wp\/v2\/comments?post=10615"}],"version-history":[{"count":1,"href":"https:\/\/www.omccable.com\/es\/wp-json\/wp\/v2\/product\/10615\/revisions"}],"predecessor-version":[{"id":10620,"href":"https:\/\/www.omccable.com\/es\/wp-json\/wp\/v2\/product\/10615\/revisions\/10620"}],"wp:featuredmedia":[{"embeddable":true,"href":"https:\/\/www.omccable.com\/es\/wp-json\/wp\/v2\/media\/10617"}],"wp:attachment":[{"href":"https:\/\/www.omccable.com\/es\/wp-json\/wp\/v2\/media?parent=10615"}],"wp:term":[{"taxonomy":"product_cat","embeddable":true,"href":"https:\/\/www.omccable.com\/es\/wp-json\/wp\/v2\/product_cat?post=10615"},{"taxonomy":"product_tag","embeddable":true,"href":"https:\/\/www.omccable.com\/es\/wp-json\/wp\/v2\/product_tag?post=10615"}],"curies":[{"name":"wp","href":"https:\/\/api.w.org\/{rel}","templated":true}]}}