{"id":10593,"date":"2024-04-27T09:21:35","date_gmt":"2024-04-27T01:21:35","guid":{"rendered":"https:\/\/www.omccable.com\/?post_type=product&#038;p=10593"},"modified":"2025-07-28T10:25:12","modified_gmt":"2025-07-28T02:25:12","slug":"2-cores-2x3mm-butterfly-flat-ftth-drop-cable","status":"publish","type":"product","link":"https:\/\/www.omccable.com\/es\/producto\/2-cores-2x3mm-butterfly-flat-ftth-drop-cable\/","title":{"rendered":"Cable de bajada FTTH plano de mariposa de 2 n\u00facleos y 2x3 mm"},"content":{"rendered":"<p>El cable de bajada FTTH plano de mariposa de 2 n\u00facleos y 2x3 mm utiliza una estructura plana de mariposa. En el centro se colocan 2 unidades de unidades de fibra \u00f3ptica SM G657A1 o G657A2. Se colocan dos varillas paralelas de pl\u00e1stico reforzado con fibra (FRP) diametralmente opuestas a cada lado del n\u00facleo de fibra. Luego, las varillas del elemento de resistencia y el n\u00facleo de fibra se encapsulan en una cubierta duradera de LSZH para crear una secci\u00f3n transversal de cable plana y brindar protecci\u00f3n adicional al n\u00facleo del cable.<\/p>\n<p>Este cable de acometida para interiores FTTH est\u00e1 dise\u00f1ado para instalaciones de fibra en el hogar.<\/p>\n<p>&nbsp;<\/p>\n<p><strong>Estructura y par\u00e1metro del cable<\/strong><\/p>\n<table>\n<tbody>\n<tr>\n<td width=\"166\"><strong>Art\u00edculo<\/strong><\/td>\n<td width=\"103\"><strong>Contenido<\/strong><\/td>\n<td width=\"75\"><strong>Unidad<\/strong><\/td>\n<td width=\"367\"><strong>V<\/strong><strong>valor<\/strong><\/td>\n<\/tr>\n<tr>\n<td width=\"166\">Fibra \u00f3ptica<\/td>\n<td width=\"103\">\/<\/td>\n<td width=\"75\">\/<\/td>\n<td width=\"367\">2<\/td>\n<\/tr>\n<tr>\n<td rowspan=\"2\" width=\"166\">Miembro de fuerza<\/td>\n<td width=\"103\">Materiales<\/td>\n<td width=\"75\">\/<\/td>\n<td width=\"367\">FRP<\/td>\n<\/tr>\n<tr>\n<td width=\"103\">Di\u00e1metro<\/td>\n<td width=\"75\">mil\u00edmetros<\/td>\n<td width=\"367\">0.5<\/td>\n<\/tr>\n<tr>\n<td rowspan=\"2\" width=\"166\">Cable mensajero<\/td>\n<td width=\"103\">Materiales<\/td>\n<td width=\"75\">\/<\/td>\n<td width=\"367\">\/<\/td>\n<\/tr>\n<tr>\n<td width=\"103\">Di\u00e1metro<\/td>\n<td width=\"75\">mil\u00edmetros<\/td>\n<td width=\"367\">\/<\/td>\n<\/tr>\n<tr>\n<td rowspan=\"3\" width=\"166\">Chaqueta exterior<\/td>\n<td width=\"103\">Di\u00e1metro<\/td>\n<td width=\"75\">mil\u00edmetros<\/td>\n<td width=\"367\">3,0(\u00b10,1)*2,0(\u00b10,1) mm<\/td>\n<\/tr>\n<tr>\n<td width=\"103\">Materiales<\/td>\n<td width=\"75\">\/<\/td>\n<td width=\"367\">LSZH<\/td>\n<\/tr>\n<tr>\n<td width=\"103\">Color<\/td>\n<td width=\"75\">\/<\/td>\n<td width=\"367\">Blanco<\/td>\n<\/tr>\n<tr>\n<td rowspan=\"2\" width=\"166\">Rendimiento de tracci\u00f3n<\/td>\n<td width=\"103\">Corto plazo<\/td>\n<td width=\"75\">N<\/td>\n<td width=\"367\">100<\/td>\n<\/tr>\n<tr>\n<td width=\"103\">Largo plazo<\/td>\n<td width=\"75\">N<\/td>\n<td width=\"367\">50<\/td>\n<\/tr>\n<tr>\n<td rowspan=\"2\" width=\"166\">Aplastar<\/td>\n<td width=\"103\">Corto plazo<\/td>\n<td width=\"75\">N\/100mm<\/td>\n<td width=\"367\">1000<\/td>\n<\/tr>\n<tr>\n<td width=\"103\">Largo plazo<\/td>\n<td width=\"75\">N\/100mm<\/td>\n<td width=\"367\">500<\/td>\n<\/tr>\n<tr>\n<td colspan=\"2\" width=\"269\">Atenuaci\u00f3n del cable<\/td>\n<td width=\"75\">dB\/km<\/td>\n<td width=\"367\">\u2266 0,4 a 1310 nm, \u2266 0,3 a 1550 nm<\/td>\n<\/tr>\n<tr>\n<td colspan=\"2\" width=\"269\">Peso del cable (aprox.)<\/td>\n<td width=\"75\">kg\/km<\/td>\n<td width=\"367\">8.4<\/td>\n<\/tr>\n<\/tbody>\n<\/table>\n<p>Nota: los tama\u00f1os y valores sin tolerancias son valores nominales<\/p>\n<p>&nbsp;<\/p>\n<p><strong style=\"font-size: 16px;\">Caracter\u00edstica del cable \u00f3ptico<\/strong><\/p>\n<p>3,1 m\u00edn. radio de curvatura (sin mensajero)<\/p>\n<p>Est\u00e1tica: 20 mm<\/p>\n<p>Din\u00e1mico: 40 mm<\/p>\n<p>3.2 Rango de temperatura de aplicaci\u00f3n<\/p>\n<p>Operaci\u00f3n:  \u2013 40 \u2103 ~ +70 \u2103<\/p>\n<p>Instalaci\u00f3n: -10 \u2103 ~ +60 \u2103<\/p>\n<p>Almacenamiento\/transporte:  \u2013 40 \u2103 ~ +70 \u2103<\/p>\n<p>&nbsp;<\/p>\n<p><strong>Prueba principal de rendimiento mec\u00e1nico y ambiental<\/strong><\/p>\n<table>\n<tbody>\n<tr>\n<td width=\"22.0400%\"><strong>Art\u00edculo<\/strong><\/td>\n<td width=\"38.9800%\"><strong>M\u00e9todo de prueba<\/strong><\/td>\n<td width=\"38.9800%\"><strong>Condici\u00f3n de aceptaci\u00f3n<\/strong><\/td>\n<\/tr>\n<tr>\n<td width=\"22.0400%\">Resistencia a la tracci\u00f3n<\/p>\n<p>CEI 60794-1-2-E1<\/td>\n<td width=\"38.9800%\">\u2013 Carga: Tensi\u00f3n a corto plazo<\/p>\n<p>\u2013 Longitud del cable: \u2265 50 m<\/p>\n<p>\u2013 Tiempo de carga: 1min<\/td>\n<td width=\"38.9800%\">\u2013 Cepa de fibra \u00a3 0,6%<\/p>\n<p>\u2013 Cambio de p\u00e9rdida \u00a3 0,2 dB@1550 nm despu\u00e9s de la prueba.<\/p>\n<p>\u2013 Sin rotura de fibras ni da\u00f1os en la funda.<\/td>\n<\/tr>\n<tr>\n<td width=\"22.0400%\">Prueba de aplastamiento<\/p>\n<p>CEI 60794-1-2-E3<\/td>\n<td width=\"38.9800%\">\u2013 Carga: aplastamiento a corto plazo<\/p>\n<p>\u2013 Tiempo de carga: 1min<\/td>\n<td width=\"38.9800%\">\u2013 Cambio de p\u00e9rdida \u00a3 0,2 dB@1550 nm despu\u00e9s de la prueba.<\/p>\n<p>\u2013 Sin rotura de fibras ni da\u00f1os en la funda.<\/td>\n<\/tr>\n<tr>\n<td width=\"22.0400%\">Propagaci\u00f3n de llamas<\/p>\n<p>CEI 60332-1-2<\/td>\n<td colspan=\"2\" width=\"77.9600%\">\u2013 Pasar la prueba de propagaci\u00f3n vertical de la llama para un solo alambre o cable aislado<\/td>\n<\/tr>\n<\/tbody>\n<\/table>\n<p>&nbsp;<\/p>\n<p><strong>Tipo y propiedades de fibra \u00f3ptica<\/strong><\/p>\n<table>\n<tbody>\n<tr>\n<td rowspan=\"2\" width=\"167\"><strong><b>Par\u00e1metro<\/b><\/strong><\/td>\n<td rowspan=\"2\" width=\"96\"><strong><b>Condiciones<\/b><\/strong><\/td>\n<td rowspan=\"2\" width=\"85\"><strong><b>Unidades<\/b><\/strong><\/td>\n<td colspan=\"4\" width=\"330\"><strong><b>Valor<\/b><\/strong><\/td>\n<\/tr>\n<tr>\n<td width=\"85\"><strong><b>G652D<\/b><\/strong><\/td>\n<td width=\"85\"><strong><b>G657A1<\/b><\/strong><\/td>\n<td width=\"85\"><strong><b>G657A2<\/b><\/strong><\/td>\n<td width=\"75\"><strong><b>G657B3<\/b><\/strong><\/td>\n<\/tr>\n<tr>\n<td colspan=\"3\" width=\"349\"><strong><b>Especificaci\u00f3n \u00f3ptica<\/b><\/strong><\/td>\n<td colspan=\"4\" width=\"330\"><strong><b>\u3000<\/b><\/strong><\/td>\n<\/tr>\n<tr>\n<td rowspan=\"4\" width=\"167\">Atenuaci\u00f3n<\/td>\n<td width=\"96\">1310 nm<\/td>\n<td width=\"85\">dB\/km<\/td>\n<td width=\"85\">\u22640,350<\/td>\n<td width=\"85\">\u22640,350<\/td>\n<td width=\"85\">\u22640,350<\/td>\n<td width=\"75\">\u22640,350<\/td>\n<\/tr>\n<tr>\n<td width=\"96\">1383 nm<\/td>\n<td width=\"85\">dB\/km<\/td>\n<td width=\"85\">\u22640,330<\/td>\n<td width=\"85\">\u22640,350<\/td>\n<td width=\"85\">\u22640,350<\/td>\n<td width=\"75\">\u22640,350<\/td>\n<\/tr>\n<tr>\n<td width=\"96\">1550 nm<\/td>\n<td width=\"85\">dB\/km<\/td>\n<td width=\"85\">\u22640,210<\/td>\n<td width=\"85\">\u22640,210<\/td>\n<td width=\"85\">\u22640,210<\/td>\n<td width=\"75\">\u22640,210<\/td>\n<\/tr>\n<tr>\n<td width=\"96\">1625 nan\u00f3metro<\/td>\n<td width=\"85\">dB\/km<\/td>\n<td width=\"85\">\u22640,240<\/td>\n<td width=\"85\">\u22640,230<\/td>\n<td width=\"85\">\u22640,230<\/td>\n<td width=\"75\">\u22640,230<\/td>\n<\/tr>\n<tr>\n<td rowspan=\"3\" width=\"167\">Atenuaci\u00f3n frente a longitud de onda<\/td>\n<td width=\"96\">1310 nm VS. 1285-1330 nan\u00f3metro<\/td>\n<td width=\"85\">dB\/km<\/td>\n<td width=\"85\">\u22640,04<\/td>\n<td width=\"85\">\u22640,04<\/td>\n<td width=\"85\">\u22640,05<\/td>\n<td width=\"75\">\u22640,03<\/td>\n<\/tr>\n<tr>\n<td width=\"96\">1550 nm VS. 1525-1575 nan\u00f3metro<\/td>\n<td width=\"85\">dB\/km<\/td>\n<td width=\"85\">\u22640,03<\/td>\n<td width=\"85\">\u22640,03<\/td>\n<td width=\"85\">\u22640,04<\/td>\n<td width=\"75\">\u22640,02<\/td>\n<\/tr>\n<tr>\n<td width=\"96\">1550 nm VS. 1480-1580 nan\u00f3metro<\/td>\n<td width=\"85\">dB\/km<\/td>\n<td width=\"85\">\u22640,04<\/td>\n<td width=\"85\">\u2013<\/td>\n<td width=\"85\">\u2013<\/td>\n<td width=\"75\">\u2013<\/td>\n<\/tr>\n<tr>\n<td width=\"167\">Longitud de onda de dispersi\u00f3n cero<\/td>\n<td rowspan=\"2\" width=\"96\">\\<\/td>\n<td width=\"85\">nm<\/td>\n<td width=\"85\">1300-1324<\/td>\n<td width=\"85\">1300-1324<\/td>\n<td width=\"85\">1300-1324<\/td>\n<td width=\"75\">1300-1324<\/td>\n<\/tr>\n<tr>\n<td width=\"167\">Pendiente de dispersi\u00f3n cero<\/td>\n<td width=\"85\">ps\/(nm<sup>2<\/sup>\u00b7km)<\/td>\n<td width=\"85\">0.073-0.092<\/td>\n<td width=\"85\">0.073-0.092<\/td>\n<td width=\"85\">0.073-0.092<\/td>\n<td width=\"75\">\u22640,092<\/td>\n<\/tr>\n<tr>\n<td rowspan=\"2\" width=\"167\">Dispersi\u00f3n<\/td>\n<td width=\"96\">1550 nm<\/td>\n<td width=\"85\">ps\/(nm\u00b7km)<\/td>\n<td width=\"85\">13.3-18.6<\/td>\n<td width=\"85\">13.3-18.6<\/td>\n<td width=\"85\">13.3-18.6<\/td>\n<td width=\"75\"><\/td>\n<\/tr>\n<tr>\n<td width=\"96\">1625 nan\u00f3metro<\/td>\n<td width=\"85\">ps\/(nm\u00b7km)<\/td>\n<td width=\"85\">17.2-23.7<\/td>\n<td width=\"85\">17.2-23.7<\/td>\n<td width=\"85\">17.2-23.7<\/td>\n<td width=\"75\"><\/td>\n<\/tr>\n<tr>\n<td colspan=\"2\" width=\"264\">Dispersi\u00f3n del modo de polarizaci\u00f3n (PMD)<\/td>\n<td width=\"85\">ps\/\u221akm<\/td>\n<td width=\"85\">\u22640,2<\/td>\n<td width=\"85\">\u22640,2<\/td>\n<td width=\"85\">\u22640,2<\/td>\n<td width=\"75\">\u22640,2<\/td>\n<\/tr>\n<tr>\n<td width=\"167\">Longitud de onda de corte \u03bbcc<\/td>\n<td width=\"96\">\u2013<\/td>\n<td width=\"85\">nm<\/td>\n<td width=\"85\">\u22641260<\/td>\n<td width=\"85\">\u22641260<\/td>\n<td width=\"85\">\u22641260<\/td>\n<td width=\"75\">\u22641260<\/td>\n<\/tr>\n<tr>\n<td rowspan=\"2\" width=\"167\">Di\u00e1metro de campo modal (MFD)<\/td>\n<td width=\"96\">1310 nm<\/td>\n<td width=\"85\">\u00b5m<\/td>\n<td width=\"85\">9,2\u00b10,4<\/td>\n<td width=\"85\">9,2\u00b10,4<\/td>\n<td width=\"85\">8,6\u00b10,4<\/td>\n<td width=\"75\">8,6\u00b10,4<\/td>\n<\/tr>\n<tr>\n<td width=\"96\">1550 nm<\/td>\n<td width=\"85\">\u00b5m<\/td>\n<td width=\"85\">10,4\u00b10,5<\/td>\n<td width=\"85\">10,4\u00b10,5<\/td>\n<td width=\"85\">9,6\u00b10,5<\/td>\n<td width=\"75\">9,6\u00b10,5<\/td>\n<\/tr>\n<tr>\n<td rowspan=\"2\" width=\"167\">Discontinuidad de atenuaci\u00f3n<\/td>\n<td width=\"96\">1310 nm<\/td>\n<td width=\"85\">dB<\/td>\n<td width=\"85\">\u22640,03<\/td>\n<td width=\"85\">\u22640,03<\/td>\n<td width=\"85\">\u22640,03<\/td>\n<td width=\"75\">\u22640,03<\/td>\n<\/tr>\n<tr>\n<td width=\"96\">1550 nm<\/td>\n<td width=\"85\">dB<\/td>\n<td width=\"85\">\u22640,03<\/td>\n<td width=\"85\">\u22640,03<\/td>\n<td width=\"85\">\u22640,03<\/td>\n<td width=\"75\">\u22640,03<\/td>\n<\/tr>\n<tr>\n<td rowspan=\"2\" width=\"167\">Atenuaci\u00f3n bidireccional<\/td>\n<td width=\"96\">1310 nm<\/td>\n<td width=\"85\">dB\/km<\/td>\n<td width=\"85\">\u22640,04<\/td>\n<td width=\"85\"><\/td>\n<td width=\"85\"><\/td>\n<td width=\"75\">\u22640,05<\/td>\n<\/tr>\n<tr>\n<td width=\"96\">1550 nm<\/td>\n<td width=\"85\">dB\/km<\/td>\n<td width=\"85\">\u22640,04<\/td>\n<td width=\"85\"><\/td>\n<td width=\"85\"><\/td>\n<td width=\"75\">\u22640,05<\/td>\n<\/tr>\n<tr>\n<td colspan=\"3\" width=\"349\"><strong><b>Geom\u00e9trico<\/b><\/strong><\/td>\n<td colspan=\"4\" width=\"330\"><\/td>\n<\/tr>\n<tr>\n<td colspan=\"2\" width=\"264\">Di\u00e1metro del revestimiento<\/td>\n<td width=\"85\">\u00b5m<\/td>\n<td width=\"85\">125\u00b10,7<\/td>\n<td width=\"85\">125\u00b10,7<\/td>\n<td width=\"85\">125\u00b10,7<\/td>\n<td width=\"75\">125\u00b10,7<\/td>\n<\/tr>\n<tr>\n<td colspan=\"2\" width=\"264\">No circularidad del revestimiento<\/td>\n<td width=\"85\">%<\/td>\n<td width=\"85\">\u22641,0<\/td>\n<td width=\"85\">\u22641,0<\/td>\n<td width=\"85\">\u22640,8<\/td>\n<td width=\"75\">\u22640,7<\/td>\n<\/tr>\n<tr>\n<td colspan=\"2\" width=\"264\">Error de concentricidad del n\u00facleo\/revestimiento<\/td>\n<td width=\"85\">\u00b5m<\/td>\n<td width=\"85\">\u22640,6<\/td>\n<td width=\"85\">\u22640,5<\/td>\n<td width=\"85\">\u22640,5<\/td>\n<td width=\"75\">\u22640,5<\/td>\n<\/tr>\n<tr>\n<td colspan=\"2\" rowspan=\"2\" width=\"264\">Di\u00e1metro del revestimiento (sin color)<\/td>\n<td width=\"85\">\u00b5m<\/td>\n<td colspan=\"4\" width=\"330\">242\u00b17 (est\u00e1ndar)<\/td>\n<\/tr>\n<tr>\n<td width=\"85\">\u00b5m<\/td>\n<td colspan=\"4\" width=\"330\">200\u00b110 (opcional)<\/td>\n<\/tr>\n<tr>\n<td colspan=\"2\" width=\"264\">Error de concentricidad del revestimiento\/revestimiento<\/td>\n<td width=\"85\">\u00b5m<\/td>\n<td width=\"85\">\u226412<\/td>\n<td width=\"85\">\u226412<\/td>\n<td width=\"85\">\u226412<\/td>\n<td width=\"75\">\u226412<\/td>\n<\/tr>\n<tr>\n<td colspan=\"2\" width=\"264\">Rizado<\/td>\n<td width=\"85\">m<\/td>\n<td width=\"85\">\u22654<\/td>\n<td width=\"85\">\u22654<\/td>\n<td width=\"85\">\u22654<\/td>\n<td width=\"75\">\u22654<\/td>\n<\/tr>\n<tr>\n<td colspan=\"3\" width=\"349\"><strong><b>Ambiental (1550 nm, 1625 nm)<\/b><\/strong><\/td>\n<td colspan=\"4\" width=\"330\"><\/td>\n<\/tr>\n<tr>\n<td width=\"167\">Ciclos de temperatura<\/td>\n<td width=\"96\">-60 \u2103 a +85 \u2103<\/td>\n<td width=\"85\">dB\/km<\/td>\n<td width=\"85\">\u22640,03<\/td>\n<td width=\"85\">\u22640,05<\/td>\n<td width=\"85\">\u22640,05<\/td>\n<td width=\"75\">\u22640,05<\/td>\n<\/tr>\n<tr>\n<td width=\"167\">Alta temperatura y<\/p>\n<p>Alta humedad<\/td>\n<td width=\"96\">85 \u2103, 85% RH, 30 d\u00edas<\/td>\n<td width=\"85\">dB\/km<\/td>\n<td width=\"85\">\u22640,03<\/td>\n<td width=\"85\">\u22640,05<\/td>\n<td width=\"85\">\u22640,05<\/td>\n<td width=\"75\">\u22640,05<\/td>\n<\/tr>\n<tr>\n<td width=\"167\">Inmersi\u00f3n en agua<\/td>\n<td width=\"96\">23 \u2103, 30 d\u00edas<\/td>\n<td width=\"85\">dB\/km<\/td>\n<td width=\"85\">\u22640,03<\/td>\n<td width=\"85\">\u22640,05<\/td>\n<td width=\"85\">\u22640,05<\/td>\n<td width=\"75\">\u22640,05<\/td>\n<\/tr>\n<tr>\n<td width=\"167\">Envejecimiento a alta temperatura<\/td>\n<td width=\"96\">85 \u2103, 30 d\u00edas<\/td>\n<td width=\"85\">dB\/km<\/td>\n<td width=\"85\">\u22640,03<\/td>\n<td width=\"85\">\u22640,05<\/td>\n<td width=\"85\">\u22640,05<\/td>\n<td width=\"75\">\u22640,05<\/td>\n<\/tr>\n<\/tbody>\n<\/table>\n<p>&nbsp;<\/p>\n<p><strong>Solicitud:<\/strong><\/p>\n<p>Red de acceso<\/p>\n<p>Red de \u00e1rea local (LAN)<\/p>\n<p>Cableado directo utilizado por usuarios finales<\/p>\n<p>Sistema de comunicaci\u00f3n de fibra \u00f3ptica.<\/p>\n<p>Distribuci\u00f3n y cableado interior FTTH (fibra hasta el hogar)<\/p>\n<p>&nbsp;<\/p>\n<p><strong>Uso ideal del cable de bajada FTTH plano para interiores de mariposa<\/strong><\/p>\n<p>El cable de acometida interior plano Butterfly se usa ampliamente en el sistema de red de fibra hasta el hogar (FTTH), que puede conectar directamente la l\u00ednea de comunicaci\u00f3n desde la LAN a los usuarios finales. El cable de acometida plana Butterfly utiliza fibra especial de baja sensibilidad a la curvatura para proporcionar un gran ancho de banda y una excelente transmisi\u00f3n de comunicaci\u00f3n; es muy adecuado para cableado interior, cableado directo de usuarios finales y redes de acceso.<\/p>\n<p><img fetchpriority=\"high\" decoding=\"async\" class=\"alignnone size-full wp-image-10600\" src=\"https:\/\/www.omccable.com\/wp-content\/uploads\/2024\/04\/20161031140453_334-1.jpg\" alt=\"2 cores 2x3mm Butterfly flat FTTH drop cable\" width=\"1100\" height=\"452\" srcset=\"https:\/\/www.omccable.com\/wp-content\/uploads\/2024\/04\/20161031140453_334-1.jpg 1100w, https:\/\/www.omccable.com\/wp-content\/uploads\/2024\/04\/20161031140453_334-1-300x123.jpg 300w, https:\/\/www.omccable.com\/wp-content\/uploads\/2024\/04\/20161031140453_334-1-800x329.jpg 800w, https:\/\/www.omccable.com\/wp-content\/uploads\/2024\/04\/20161031140453_334-1-768x316.jpg 768w\" sizes=\"(max-width: 1100px) 100vw, 1100px\" \/><\/p>","protected":false},"excerpt":{"rendered":"<p>El cable de bajada FTTH plano de mariposa de 2 n\u00facleos y 2x3 mm utiliza una estructura plana de mariposa. En el centro se colocan 2 unidades de unidades de fibra \u00f3ptica SM G657A1 o G657A2. Se colocan dos varillas paralelas de pl\u00e1stico reforzado con fibra (FRP) diametralmente opuestas a cada lado del n\u00facleo de fibra. Luego, las varillas del elemento de resistencia y el n\u00facleo de fibra se encapsulan en [\u2026]<\/p>","protected":false},"featured_media":10595,"comment_status":"closed","ping_status":"closed","template":"","meta":{"site-sidebar-layout":"default","site-content-layout":"","ast-site-content-layout":"default","site-content-style":"default","site-sidebar-style":"default","ast-global-header-display":"","ast-banner-title-visibility":"","ast-main-header-display":"","ast-hfb-above-header-display":"","ast-hfb-below-header-display":"","ast-hfb-mobile-header-display":"","site-post-title":"","ast-breadcrumbs-content":"","ast-featured-img":"","footer-sml-layout":"","theme-transparent-header-meta":"default","adv-header-id-meta":"","stick-header-meta":"default","header-above-stick-meta":"","header-main-stick-meta":"","header-below-stick-meta":"","astra-migrate-meta-layouts":"set","ast-page-background-enabled":"default","ast-page-background-meta":{"desktop":{"background-color":"var(--ast-global-color-4)","background-image":"","background-repeat":"repeat","background-position":"center center","background-size":"auto","background-attachment":"scroll","background-type":"","background-media":"","overlay-type":"","overlay-color":"","overlay-gradient":""},"tablet":{"background-color":"","background-image":"","background-repeat":"repeat","background-position":"center center","background-size":"auto","background-attachment":"scroll","background-type":"","background-media":"","overlay-type":"","overlay-color":"","overlay-gradient":""},"mobile":{"background-color":"","background-image":"","background-repeat":"repeat","background-position":"center center","background-size":"auto","background-attachment":"scroll","background-type":"","background-media":"","overlay-type":"","overlay-color":"","overlay-gradient":""}},"ast-content-background-meta":{"desktop":{"background-color":"var(--ast-global-color-5)","background-image":"","background-repeat":"repeat","background-position":"center center","background-size":"auto","background-attachment":"scroll","background-type":"","background-media":"","overlay-type":"","overlay-color":"","overlay-gradient":""},"tablet":{"background-color":"var(--ast-global-color-5)","background-image":"","background-repeat":"repeat","background-position":"center center","background-size":"auto","background-attachment":"scroll","background-type":"","background-media":"","overlay-type":"","overlay-color":"","overlay-gradient":""},"mobile":{"background-color":"var(--ast-global-color-5)","background-image":"","background-repeat":"repeat","background-position":"center center","background-size":"auto","background-attachment":"scroll","background-type":"","background-media":"","overlay-type":"","overlay-color":"","overlay-gradient":""}}},"product_cat":[134,122],"product_tag":[],"class_list":{"0":"post-10593","1":"product","2":"type-product","3":"status-publish","4":"has-post-thumbnail","6":"product_cat-butterfly-flat-ftth-drop-cable","7":"product_cat-ftth-drop-cable","8":"desktop-align-left","9":"tablet-align-left","10":"mobile-align-left","11":"ast-product-gallery-layout-horizontal-slider","12":"ast-product-tabs-layout-horizontal","14":"first","15":"instock","16":"shipping-taxable","17":"product-type-simple"},"acf":[],"_links":{"self":[{"href":"https:\/\/www.omccable.com\/es\/wp-json\/wp\/v2\/product\/10593","targetHints":{"allow":["GET"]}}],"collection":[{"href":"https:\/\/www.omccable.com\/es\/wp-json\/wp\/v2\/product"}],"about":[{"href":"https:\/\/www.omccable.com\/es\/wp-json\/wp\/v2\/types\/product"}],"replies":[{"embeddable":true,"href":"https:\/\/www.omccable.com\/es\/wp-json\/wp\/v2\/comments?post=10593"}],"version-history":[{"count":5,"href":"https:\/\/www.omccable.com\/es\/wp-json\/wp\/v2\/product\/10593\/revisions"}],"predecessor-version":[{"id":13283,"href":"https:\/\/www.omccable.com\/es\/wp-json\/wp\/v2\/product\/10593\/revisions\/13283"}],"wp:featuredmedia":[{"embeddable":true,"href":"https:\/\/www.omccable.com\/es\/wp-json\/wp\/v2\/media\/10595"}],"wp:attachment":[{"href":"https:\/\/www.omccable.com\/es\/wp-json\/wp\/v2\/media?parent=10593"}],"wp:term":[{"taxonomy":"product_cat","embeddable":true,"href":"https:\/\/www.omccable.com\/es\/wp-json\/wp\/v2\/product_cat?post=10593"},{"taxonomy":"product_tag","embeddable":true,"href":"https:\/\/www.omccable.com\/es\/wp-json\/wp\/v2\/product_tag?post=10593"}],"curies":[{"name":"wp","href":"https:\/\/api.w.org\/{rel}","templated":true}]}}