{"id":10579,"date":"2024-04-26T15:57:04","date_gmt":"2024-04-26T07:57:04","guid":{"rendered":"https:\/\/www.omccable.com\/?post_type=product&#038;p=10579"},"modified":"2025-07-28T10:29:03","modified_gmt":"2025-07-28T02:29:03","slug":"1-core-2x3mm-butterfly-flat-ftth-drop-cable","status":"publish","type":"product","link":"https:\/\/www.omccable.com\/es\/producto\/1-core-2x3mm-butterfly-flat-ftth-drop-cable\/","title":{"rendered":"Cable de bajada FTTH plano de mariposa de 1 n\u00facleo de 2x3 mm"},"content":{"rendered":"<p>El cable de bajada FTTH plano de mariposa de 1 n\u00facleo y 2x3 mm es un cable de estructura plana tipo arco. En el centro se encuentran unidades de fibra \u00f3ptica SM G657A1 o G657A2. Se colocan dos varillas paralelas de pl\u00e1stico reforzado con fibra (FRP) diametralmente opuestas a cada lado del n\u00facleo de fibra. Luego, las varillas del elemento de resistencia y el n\u00facleo de fibra se encapsulan en una cubierta duradera de LSZH para crear una secci\u00f3n transversal de cable plana y brindar protecci\u00f3n adicional al n\u00facleo del cable.<\/p>\n<p>Este cable de acometida para interiores FTTH est\u00e1 dise\u00f1ado para instalaciones de fibra en el hogar.<\/p>\n<p>&nbsp;<\/p>\n<p><strong>Caracter\u00edstica<\/strong><\/p>\n<ul>\n<li>Buen rendimiento a prueba de agua<\/li>\n<li>La fibra especial de baja sensibilidad a la flexi\u00f3n proporciona un gran ancho de banda y una excelente propiedad de transmisi\u00f3n de comunicaciones<\/li>\n<li>Dos miembros de resistencia paralelos de FRP garantizan un buen rendimiento de resistencia al aplastamiento para proteger la fibra<\/li>\n<li>Estructura simple, peso ligero y alta practicabilidad<\/li>\n<li>El n\u00famero de fibras es de 1 a 12 n\u00facleos, pueden ser otros n\u00facleos de fibra a pedido.<\/li>\n<li>Nuevo dise\u00f1o de flauta, f\u00e1cil de pelar y empalmar, simplifica la instalaci\u00f3n y el mantenimiento<\/li>\n<li>Cubierta de baja emisi\u00f3n de humos, cero hal\u00f3genos y retardante de llama<\/li>\n<\/ul>\n<p>&nbsp;<\/p>\n<p><strong>Especificaci\u00f3n del cable<\/strong><strong>:<\/strong><\/p>\n<table style=\"font-size: 16px; font-style: normal;\">\n<tbody>\n<tr>\n<td width=\"290\">Recuento de fibras<\/td>\n<td width=\"386\">1P<\/td>\n<\/tr>\n<tr>\n<td rowspan=\"2\" width=\"290\">Miembro de fuerza<\/td>\n<td width=\"386\">FRP\/alambre de acero<\/td>\n<\/tr>\n<tr>\n<td width=\"386\">0,45-0,52 mm<\/td>\n<\/tr>\n<tr>\n<td width=\"290\">Di\u00e1metro del cable (mm) Aprox.<\/td>\n<td width=\"386\">2,0*3,0(\u00b10,1)<\/td>\n<\/tr>\n<tr>\n<td width=\"290\">Peso del cable (kg\/km) Aprox.<\/td>\n<td width=\"386\">7\/10<\/td>\n<\/tr>\n<tr>\n<td width=\"290\">Resistencia a la tracci\u00f3n Corto\/Largo plazo(N)<\/td>\n<td width=\"386\">200\/100 para miembro resistente de alambre de acero<\/p>\n<p>80\/40 para miembro resistente de alambre FRP<\/td>\n<\/tr>\n<tr>\n<td width=\"290\">Resistencia al aplastamiento a corto\/largo plazo (N\/100mm)<\/td>\n<td width=\"386\">1000\/500<\/td>\n<\/tr>\n<tr>\n<td width=\"290\">Rango de temperatura de funcionamiento (\u00b0C)<\/td>\n<td width=\"386\">-40\u00b0C ~+70\u00b0C<\/td>\n<\/tr>\n<\/tbody>\n<\/table>\n<p>&nbsp;<\/p>\n<p><strong>Principales prestaciones mec\u00e1nicas y medioambientales<\/strong><\/p>\n<table>\n<tbody>\n<tr>\n<td width=\"151\">Elementos<\/td>\n<td width=\"164\">Est\u00e1ndar de prueba<\/td>\n<td width=\"164\">Valor especificado<\/td>\n<td width=\"198\">Requisitos<\/td>\n<\/tr>\n<tr>\n<td width=\"151\">Tensi\u00f3n<\/td>\n<td width=\"164\">CEI 60794-1-2-E1<\/td>\n<td width=\"164\">Ver Datos t\u00e9cnicos<\/td>\n<td width=\"198\">Atenuaci\u00f3n adicional:<\/p>\n<p>\u22640,4 dB despu\u00e9s de la prueba<\/td>\n<\/tr>\n<tr>\n<td width=\"151\">Resistencia al aplastamiento<\/td>\n<td width=\"164\">CEI 60794-1-2-E3<\/td>\n<td width=\"164\">Ver Datos t\u00e9cnicos<\/td>\n<td width=\"198\">Atenuaci\u00f3n adicional:<\/p>\n<p>\u22640,4 dB despu\u00e9s de la prueba<\/td>\n<\/tr>\n<tr>\n<td width=\"151\">Impacto<\/td>\n<td width=\"164\">CEI 60794-1-2-E4<\/td>\n<td width=\"164\">R=300mm, 10Nm,<\/p>\n<p>uno en 3 lugares diferentes<\/td>\n<td width=\"198\">Atenuaci\u00f3n adicional:<\/p>\n<p>\u22640,4 dB despu\u00e9s de la prueba<\/td>\n<\/tr>\n<tr>\n<td width=\"151\">Doblado repetido<\/td>\n<td width=\"164\">CEI 60794-1-2-E6<\/td>\n<td width=\"164\">R=30H<\/td>\n<td width=\"198\">Atenuaci\u00f3n adicional:<\/p>\n<p>\u22640,4 dB despu\u00e9s de la prueba<\/td>\n<\/tr>\n<tr>\n<td width=\"151\">Ciclos de temperatura<\/td>\n<td width=\"164\">CEI 60794-1-2-F1<\/td>\n<td width=\"164\">-20\u2103~+60\u2103<\/td>\n<td width=\"198\">Cambio de atenuaci\u00f3n:<\/p>\n<p>\u22640,4 dB\/km despu\u00e9s de la prueba<\/td>\n<\/tr>\n<tr>\n<td width=\"151\">Torsi\u00f3n<\/td>\n<td width=\"164\">IEC 60794-1-2 M\u00e9todo E7<\/td>\n<td width=\"164\"><\/td>\n<td width=\"198\">No hay cambios obvios despu\u00e9s de la prueba<\/td>\n<\/tr>\n<tr>\n<td width=\"151\">Curva de cables<\/td>\n<td width=\"164\">IEC 60794-1-2 M\u00e9todo E11<\/td>\n<td width=\"164\"><\/td>\n<td width=\"198\">No hay cambios obvios despu\u00e9s de la prueba<\/td>\n<\/tr>\n<\/tbody>\n<\/table>\n<p><strong>\u00a0<\/strong><\/p>\n<p><strong>Caracter\u00edstica de la fibra<\/strong><\/p>\n<table>\n<tbody>\n<tr>\n<td rowspan=\"2\" width=\"167\"><strong><b>Par\u00e1metro<\/b><\/strong><\/td>\n<td rowspan=\"2\" width=\"96\"><strong><b>Condiciones<\/b><\/strong><\/td>\n<td rowspan=\"2\" width=\"85\"><strong><b>Unidades<\/b><\/strong><\/td>\n<td colspan=\"4\" width=\"330\"><strong><b>Valor<\/b><\/strong><\/td>\n<\/tr>\n<tr>\n<td width=\"85\"><strong><b>G652D<\/b><\/strong><\/td>\n<td width=\"85\"><strong><b>G657A1<\/b><\/strong><\/td>\n<td width=\"85\"><strong><b>G657A2<\/b><\/strong><\/td>\n<td width=\"75\"><strong><b>G657B3<\/b><\/strong><\/td>\n<\/tr>\n<tr>\n<td colspan=\"3\" width=\"349\"><strong><b>Especificaci\u00f3n \u00f3ptica<\/b><\/strong><\/td>\n<td colspan=\"4\" width=\"330\"><strong><b>\u3000<\/b><\/strong><\/td>\n<\/tr>\n<tr>\n<td rowspan=\"4\" width=\"167\">Atenuaci\u00f3n<\/td>\n<td width=\"96\">1310 nm<\/td>\n<td width=\"85\">dB\/km<\/td>\n<td width=\"85\">\u22640,350<\/td>\n<td width=\"85\">\u22640,350<\/td>\n<td width=\"85\">\u22640,350<\/td>\n<td width=\"75\">\u22640,350<\/td>\n<\/tr>\n<tr>\n<td width=\"96\">1383 nm<\/td>\n<td width=\"85\">dB\/km<\/td>\n<td width=\"85\">\u22640,330<\/td>\n<td width=\"85\">\u22640,350<\/td>\n<td width=\"85\">\u22640,350<\/td>\n<td width=\"75\">\u22640,350<\/td>\n<\/tr>\n<tr>\n<td width=\"96\">1550 nm<\/td>\n<td width=\"85\">dB\/km<\/td>\n<td width=\"85\">\u22640,210<\/td>\n<td width=\"85\">\u22640,210<\/td>\n<td width=\"85\">\u22640,210<\/td>\n<td width=\"75\">\u22640,210<\/td>\n<\/tr>\n<tr>\n<td width=\"96\">1625 nan\u00f3metro<\/td>\n<td width=\"85\">dB\/km<\/td>\n<td width=\"85\">\u22640,240<\/td>\n<td width=\"85\">\u22640,230<\/td>\n<td width=\"85\">\u22640,230<\/td>\n<td width=\"75\">\u22640,230<\/td>\n<\/tr>\n<tr>\n<td rowspan=\"3\" width=\"167\">Atenuaci\u00f3n frente a longitud de onda<\/td>\n<td width=\"96\">1310 nm VS. 1285-1330 nan\u00f3metro<\/td>\n<td width=\"85\">dB\/km<\/td>\n<td width=\"85\">\u22640,04<\/td>\n<td width=\"85\">\u22640,04<\/td>\n<td width=\"85\">\u22640,05<\/td>\n<td width=\"75\">\u22640,03<\/td>\n<\/tr>\n<tr>\n<td width=\"96\">1550 nm VS. 1525-1575 nan\u00f3metro<\/td>\n<td width=\"85\">dB\/km<\/td>\n<td width=\"85\">\u22640,03<\/td>\n<td width=\"85\">\u22640,03<\/td>\n<td width=\"85\">\u22640,04<\/td>\n<td width=\"75\">\u22640,02<\/td>\n<\/tr>\n<tr>\n<td width=\"96\">1550 nm VS. 1480-1580 nan\u00f3metro<\/td>\n<td width=\"85\">dB\/km<\/td>\n<td width=\"85\">\u22640,04<\/td>\n<td width=\"85\">\u2013<\/td>\n<td width=\"85\">\u2013<\/td>\n<td width=\"75\">\u2013<\/td>\n<\/tr>\n<tr>\n<td width=\"167\">Longitud de onda de dispersi\u00f3n cero<\/td>\n<td rowspan=\"2\" width=\"96\">\\<\/td>\n<td width=\"85\">nm<\/td>\n<td width=\"85\">1300-1324<\/td>\n<td width=\"85\">1300-1324<\/td>\n<td width=\"85\">1300-1324<\/td>\n<td width=\"75\">1300-1324<\/td>\n<\/tr>\n<tr>\n<td width=\"167\">Pendiente de dispersi\u00f3n cero<\/td>\n<td width=\"85\">ps\/(nm<sup>2<\/sup>\u00b7km)<\/td>\n<td width=\"85\">0.073-0.092<\/td>\n<td width=\"85\">0.073-0.092<\/td>\n<td width=\"85\">0.073-0.092<\/td>\n<td width=\"75\">\u22640,092<\/td>\n<\/tr>\n<tr>\n<td rowspan=\"2\" width=\"167\">Dispersi\u00f3n<\/td>\n<td width=\"96\">1550 nm<\/td>\n<td width=\"85\">ps\/(nm\u00b7km)<\/td>\n<td width=\"85\">13.3-18.6<\/td>\n<td width=\"85\">13.3-18.6<\/td>\n<td width=\"85\">13.3-18.6<\/td>\n<td width=\"75\"><\/td>\n<\/tr>\n<tr>\n<td width=\"96\">1625 nan\u00f3metro<\/td>\n<td width=\"85\">ps\/(nm\u00b7km)<\/td>\n<td width=\"85\">17.2-23.7<\/td>\n<td width=\"85\">17.2-23.7<\/td>\n<td width=\"85\">17.2-23.7<\/td>\n<td width=\"75\"><\/td>\n<\/tr>\n<tr>\n<td colspan=\"2\" width=\"264\">Dispersi\u00f3n del modo de polarizaci\u00f3n (PMD)<\/td>\n<td width=\"85\">ps\/\u221akm<\/td>\n<td width=\"85\">\u22640,2<\/td>\n<td width=\"85\">\u22640,2<\/td>\n<td width=\"85\">\u22640,2<\/td>\n<td width=\"75\">\u22640,2<\/td>\n<\/tr>\n<tr>\n<td width=\"167\">Longitud de onda de corte \u03bbcc<\/td>\n<td width=\"96\">\u2013<\/td>\n<td width=\"85\">nm<\/td>\n<td width=\"85\">\u22641260<\/td>\n<td width=\"85\">\u22641260<\/td>\n<td width=\"85\">\u22641260<\/td>\n<td width=\"75\">\u22641260<\/td>\n<\/tr>\n<tr>\n<td rowspan=\"2\" width=\"167\">Di\u00e1metro de campo modal (MFD)<\/td>\n<td width=\"96\">1310 nm<\/td>\n<td width=\"85\">\u00b5m<\/td>\n<td width=\"85\">9,2\u00b10,4<\/td>\n<td width=\"85\">9,2\u00b10,4<\/td>\n<td width=\"85\">8,6\u00b10,4<\/td>\n<td width=\"75\">8,6\u00b10,4<\/td>\n<\/tr>\n<tr>\n<td width=\"96\">1550 nm<\/td>\n<td width=\"85\">\u00b5m<\/td>\n<td width=\"85\">10,4\u00b10,5<\/td>\n<td width=\"85\">10,4\u00b10,5<\/td>\n<td width=\"85\">9,6\u00b10,5<\/td>\n<td width=\"75\">9,6\u00b10,5<\/td>\n<\/tr>\n<tr>\n<td rowspan=\"2\" width=\"167\">Discontinuidad de atenuaci\u00f3n<\/td>\n<td width=\"96\">1310 nm<\/td>\n<td width=\"85\">dB<\/td>\n<td width=\"85\">\u22640,03<\/td>\n<td width=\"85\">\u22640,03<\/td>\n<td width=\"85\">\u22640,03<\/td>\n<td width=\"75\">\u22640,03<\/td>\n<\/tr>\n<tr>\n<td width=\"96\">1550 nm<\/td>\n<td width=\"85\">dB<\/td>\n<td width=\"85\">\u22640,03<\/td>\n<td width=\"85\">\u22640,03<\/td>\n<td width=\"85\">\u22640,03<\/td>\n<td width=\"75\">\u22640,03<\/td>\n<\/tr>\n<tr>\n<td rowspan=\"2\" width=\"167\">Atenuaci\u00f3n bidireccional<\/td>\n<td width=\"96\">1310 nm<\/td>\n<td width=\"85\">dB\/km<\/td>\n<td width=\"85\">\u22640,04<\/td>\n<td width=\"85\"><\/td>\n<td width=\"85\"><\/td>\n<td width=\"75\">\u22640,05<\/td>\n<\/tr>\n<tr>\n<td width=\"96\">1550 nm<\/td>\n<td width=\"85\">dB\/km<\/td>\n<td width=\"85\">\u22640,04<\/td>\n<td width=\"85\"><\/td>\n<td width=\"85\"><\/td>\n<td width=\"75\">\u22640,05<\/td>\n<\/tr>\n<tr>\n<td colspan=\"3\" width=\"349\"><strong><b>Geom\u00e9trico<\/b><\/strong><\/td>\n<td colspan=\"4\" width=\"330\"><\/td>\n<\/tr>\n<tr>\n<td colspan=\"2\" width=\"264\">Di\u00e1metro del revestimiento<\/td>\n<td width=\"85\">\u00b5m<\/td>\n<td width=\"85\">125\u00b10,7<\/td>\n<td width=\"85\">125\u00b10,7<\/td>\n<td width=\"85\">125\u00b10,7<\/td>\n<td width=\"75\">125\u00b10,7<\/td>\n<\/tr>\n<tr>\n<td colspan=\"2\" width=\"264\">No circularidad del revestimiento<\/td>\n<td width=\"85\">%<\/td>\n<td width=\"85\">\u22641,0<\/td>\n<td width=\"85\">\u22641,0<\/td>\n<td width=\"85\">\u22640,8<\/td>\n<td width=\"75\">\u22640,7<\/td>\n<\/tr>\n<tr>\n<td colspan=\"2\" width=\"264\">Error de concentricidad del n\u00facleo\/revestimiento<\/td>\n<td width=\"85\">\u00b5m<\/td>\n<td width=\"85\">\u22640,6<\/td>\n<td width=\"85\">\u22640,5<\/td>\n<td width=\"85\">\u22640,5<\/td>\n<td width=\"75\">\u22640,5<\/td>\n<\/tr>\n<tr>\n<td colspan=\"2\" rowspan=\"2\" width=\"264\">Di\u00e1metro del revestimiento (sin color)<\/td>\n<td width=\"85\">\u00b5m<\/td>\n<td colspan=\"4\" width=\"330\">242\u00b17 (est\u00e1ndar)<\/td>\n<\/tr>\n<tr>\n<td width=\"85\">\u00b5m<\/td>\n<td colspan=\"4\" width=\"330\">200\u00b110 (opcional)<\/td>\n<\/tr>\n<tr>\n<td colspan=\"2\" width=\"264\">Error de concentricidad del revestimiento\/revestimiento<\/td>\n<td width=\"85\">\u00b5m<\/td>\n<td width=\"85\">\u226412<\/td>\n<td width=\"85\">\u226412<\/td>\n<td width=\"85\">\u226412<\/td>\n<td width=\"75\">\u226412<\/td>\n<\/tr>\n<tr>\n<td colspan=\"2\" width=\"264\">Rizado<\/td>\n<td width=\"85\">m<\/td>\n<td width=\"85\">\u22654<\/td>\n<td width=\"85\">\u22654<\/td>\n<td width=\"85\">\u22654<\/td>\n<td width=\"75\">\u22654<\/td>\n<\/tr>\n<tr>\n<td colspan=\"3\" width=\"349\"><strong><b>Ambiental (1550 nm, 1625 nm)<\/b><\/strong><\/td>\n<td colspan=\"4\" width=\"330\"><\/td>\n<\/tr>\n<tr>\n<td width=\"167\">Ciclos de temperatura<\/td>\n<td width=\"96\">-60 \u2103 a +85 \u2103<\/td>\n<td width=\"85\">dB\/km<\/td>\n<td width=\"85\">\u22640,03<\/td>\n<td width=\"85\">\u22640,05<\/td>\n<td width=\"85\">\u22640,05<\/td>\n<td width=\"75\">\u22640,05<\/td>\n<\/tr>\n<tr>\n<td width=\"167\">Alta temperatura y<\/p>\n<p>Alta humedad<\/td>\n<td width=\"96\">85 \u2103, 85% RH, 30 d\u00edas<\/td>\n<td width=\"85\">dB\/km<\/td>\n<td width=\"85\">\u22640,03<\/td>\n<td width=\"85\">\u22640,05<\/td>\n<td width=\"85\">\u22640,05<\/td>\n<td width=\"75\">\u22640,05<\/td>\n<\/tr>\n<tr>\n<td width=\"167\">Inmersi\u00f3n en agua<\/td>\n<td width=\"96\">23 \u2103, 30 d\u00edas<\/td>\n<td width=\"85\">dB\/km<\/td>\n<td width=\"85\">\u22640,03<\/td>\n<td width=\"85\">\u22640,05<\/td>\n<td width=\"85\">\u22640,05<\/td>\n<td width=\"75\">\u22640,05<\/td>\n<\/tr>\n<tr>\n<td width=\"167\">Envejecimiento a alta temperatura<\/td>\n<td width=\"96\">85 \u2103, 30 d\u00edas<\/td>\n<td width=\"85\">dB\/km<\/td>\n<td width=\"85\">\u22640,03<\/td>\n<td width=\"85\">\u22640,05<\/td>\n<td width=\"85\">\u22640,05<\/td>\n<td width=\"75\">\u22640,05<\/td>\n<\/tr>\n<\/tbody>\n<\/table>\n<p>&nbsp;<\/p>\n<p><strong>Solicitud:<\/strong><\/p>\n<p>Red de acceso<\/p>\n<p>Red de \u00e1rea local (LAN)<\/p>\n<p>Cableado directo utilizado por usuarios finales<\/p>\n<p>Sistema de comunicaci\u00f3n de fibra \u00f3ptica.<\/p>\n<p>Distribuci\u00f3n y cableado interior FTTH (fibra hasta el hogar)<\/p>\n<p>&nbsp;<\/p>\n<p><strong>Uso ideal del cable de bajada FTTH plano para interiores de mariposa<\/strong><\/p>\n<p>El cable de acometida interior plano Butterfly se usa ampliamente en el sistema de red de fibra hasta el hogar (FTTH), que puede conectar directamente la l\u00ednea de comunicaci\u00f3n desde la LAN a los usuarios finales. El cable de acometida plana Butterfly utiliza fibra especial de baja sensibilidad a la curvatura para proporcionar un gran ancho de banda y una excelente transmisi\u00f3n de comunicaci\u00f3n; es muy adecuado para cableado interior, cableado directo de usuarios finales y redes de acceso.<\/p>\n<p><img fetchpriority=\"high\" decoding=\"async\" class=\"alignnone size-full wp-image-10588\" src=\"https:\/\/www.omccable.com\/wp-content\/uploads\/2024\/04\/20161031140453_334.jpg\" alt=\"1 core 2x3mm Butterfly flat FTTH drop cable\" width=\"1100\" height=\"452\" srcset=\"https:\/\/www.omccable.com\/wp-content\/uploads\/2024\/04\/20161031140453_334.jpg 1100w, https:\/\/www.omccable.com\/wp-content\/uploads\/2024\/04\/20161031140453_334-300x123.jpg 300w, https:\/\/www.omccable.com\/wp-content\/uploads\/2024\/04\/20161031140453_334-800x329.jpg 800w, https:\/\/www.omccable.com\/wp-content\/uploads\/2024\/04\/20161031140453_334-768x316.jpg 768w\" sizes=\"(max-width: 1100px) 100vw, 1100px\" \/><\/p>","protected":false},"excerpt":{"rendered":"<p>El cable de bajada FTTH plano de mariposa de 1 n\u00facleo y 2x3 mm es un cable de estructura plana tipo arco. En el centro se encuentran unidades de fibra \u00f3ptica SM G657A1 o G657A2. Se colocan dos varillas paralelas de pl\u00e1stico reforzado con fibra (FRP) diametralmente opuestas a cada lado del n\u00facleo de fibra. Luego se encapsulan las varillas del elemento de resistencia y el n\u00facleo de fibra [\u2026]<\/p>","protected":false},"featured_media":10581,"comment_status":"closed","ping_status":"closed","template":"","meta":{"site-sidebar-layout":"default","site-content-layout":"","ast-site-content-layout":"default","site-content-style":"default","site-sidebar-style":"default","ast-global-header-display":"","ast-banner-title-visibility":"","ast-main-header-display":"","ast-hfb-above-header-display":"","ast-hfb-below-header-display":"","ast-hfb-mobile-header-display":"","site-post-title":"","ast-breadcrumbs-content":"","ast-featured-img":"","footer-sml-layout":"","theme-transparent-header-meta":"default","adv-header-id-meta":"","stick-header-meta":"default","header-above-stick-meta":"","header-main-stick-meta":"","header-below-stick-meta":"","astra-migrate-meta-layouts":"set","ast-page-background-enabled":"default","ast-page-background-meta":{"desktop":{"background-color":"var(--ast-global-color-4)","background-image":"","background-repeat":"repeat","background-position":"center center","background-size":"auto","background-attachment":"scroll","background-type":"","background-media":"","overlay-type":"","overlay-color":"","overlay-gradient":""},"tablet":{"background-color":"","background-image":"","background-repeat":"repeat","background-position":"center center","background-size":"auto","background-attachment":"scroll","background-type":"","background-media":"","overlay-type":"","overlay-color":"","overlay-gradient":""},"mobile":{"background-color":"","background-image":"","background-repeat":"repeat","background-position":"center center","background-size":"auto","background-attachment":"scroll","background-type":"","background-media":"","overlay-type":"","overlay-color":"","overlay-gradient":""}},"ast-content-background-meta":{"desktop":{"background-color":"var(--ast-global-color-5)","background-image":"","background-repeat":"repeat","background-position":"center center","background-size":"auto","background-attachment":"scroll","background-type":"","background-media":"","overlay-type":"","overlay-color":"","overlay-gradient":""},"tablet":{"background-color":"var(--ast-global-color-5)","background-image":"","background-repeat":"repeat","background-position":"center center","background-size":"auto","background-attachment":"scroll","background-type":"","background-media":"","overlay-type":"","overlay-color":"","overlay-gradient":""},"mobile":{"background-color":"var(--ast-global-color-5)","background-image":"","background-repeat":"repeat","background-position":"center center","background-size":"auto","background-attachment":"scroll","background-type":"","background-media":"","overlay-type":"","overlay-color":"","overlay-gradient":""}}},"product_cat":[134,122],"product_tag":[],"class_list":{"0":"post-10579","1":"product","2":"type-product","3":"status-publish","4":"has-post-thumbnail","6":"product_cat-butterfly-flat-ftth-drop-cable","7":"product_cat-ftth-drop-cable","8":"desktop-align-left","9":"tablet-align-left","10":"mobile-align-left","11":"ast-product-gallery-layout-horizontal-slider","12":"ast-product-tabs-layout-horizontal","14":"first","15":"instock","16":"shipping-taxable","17":"product-type-simple"},"acf":[],"_links":{"self":[{"href":"https:\/\/www.omccable.com\/es\/wp-json\/wp\/v2\/product\/10579","targetHints":{"allow":["GET"]}}],"collection":[{"href":"https:\/\/www.omccable.com\/es\/wp-json\/wp\/v2\/product"}],"about":[{"href":"https:\/\/www.omccable.com\/es\/wp-json\/wp\/v2\/types\/product"}],"replies":[{"embeddable":true,"href":"https:\/\/www.omccable.com\/es\/wp-json\/wp\/v2\/comments?post=10579"}],"version-history":[{"count":10,"href":"https:\/\/www.omccable.com\/es\/wp-json\/wp\/v2\/product\/10579\/revisions"}],"predecessor-version":[{"id":13286,"href":"https:\/\/www.omccable.com\/es\/wp-json\/wp\/v2\/product\/10579\/revisions\/13286"}],"wp:featuredmedia":[{"embeddable":true,"href":"https:\/\/www.omccable.com\/es\/wp-json\/wp\/v2\/media\/10581"}],"wp:attachment":[{"href":"https:\/\/www.omccable.com\/es\/wp-json\/wp\/v2\/media?parent=10579"}],"wp:term":[{"taxonomy":"product_cat","embeddable":true,"href":"https:\/\/www.omccable.com\/es\/wp-json\/wp\/v2\/product_cat?post=10579"},{"taxonomy":"product_tag","embeddable":true,"href":"https:\/\/www.omccable.com\/es\/wp-json\/wp\/v2\/product_tag?post=10579"}],"curies":[{"name":"wp","href":"https:\/\/api.w.org\/{rel}","templated":true}]}}