{"id":12751,"date":"2024-11-30T11:15:13","date_gmt":"2024-11-30T03:15:13","guid":{"rendered":"https:\/\/www.omccable.com\/?post_type=product&#038;p=12751"},"modified":"2024-11-30T11:15:14","modified_gmt":"2024-11-30T03:15:14","slug":"1f-0-9mm-invisible-fttr-cable","status":"publish","type":"product","link":"https:\/\/www.omccable.com\/de\/produkt\/1f-0-9mm-invisible-fttr-cable\/","title":{"rendered":"1F 0,9 mm unsichtbares FTTR-Kabel"},"content":{"rendered":"<p>1F 0,9 mm unsichtbares FTTR-Kabel wird hergestellt, indem die Faser mit Puffermaterial aus PVC ummantelt wird. Die Auswahl hochwertiger Fasern, spezielle Produktionsanlagen und eine genau konstruierte Matrize sorgen f\u00fcr die beste Produktleistung.<\/p>\n<p>&nbsp;<\/p>\n<p><strong><b>F<\/b><\/strong><strong><b>Essen:<\/b><\/strong><\/p>\n<ul>\n<li>W\u00e4hlen Sie hochwertige Fasern, um eine hervorragende \u00dcbertragungsleistung zu gew\u00e4hrleisten<\/li>\n<li>F\u00fchren Sie eine strenge Prozess- und Rohstoffkontrolle durch, um eine Lebensdauer von 15 Jahren zu gew\u00e4hrleisten<\/li>\n<li>Gute Gleichm\u00e4\u00dfigkeit des Durchmessers der Pufferfaser und hervorragende Abisolierf\u00e4higkeit.<\/li>\n<li>Gute Flammschutzwirkung. Kleiner Biegeradius.<\/li>\n<li>Hervorragende mechanische und \u00f6kologische Leistung.<\/li>\n<li>Farbige blanke Fasern sind verf\u00fcgbar<\/li>\n<\/ul>\n<p>&nbsp;<\/p>\n<p><strong><b>Kabel<\/b><\/strong><strong><b>\u00a0Strukturparameter<\/b><\/strong><\/p>\n<table>\n<tbody>\n<tr>\n<td width=\"174\"><strong>Fasertyp<\/strong><\/td>\n<td width=\"489\">G657A1,G657A2,G657B3<\/td>\n<\/tr>\n<tr>\n<td width=\"174\"><strong>Gepufferter Typ<\/strong><\/td>\n<td width=\"489\">Enger Puffer<\/td>\n<\/tr>\n<tr>\n<td width=\"174\"><strong>Mantelmaterial<\/strong><\/td>\n<td width=\"489\">PVC (Transparent)<\/td>\n<\/tr>\n<tr>\n<td width=\"174\"><strong>OD(um)<\/strong><\/td>\n<td width=\"489\">900<\/td>\n<\/tr>\n<tr>\n<td width=\"174\"><strong>Min. Biegeradius<\/strong><\/td>\n<td width=\"489\">Dynamisch 20D; Statisch 10D (au\u00dfer G657)<\/td>\n<\/tr>\n<tr>\n<td width=\"174\"><strong>Streichfarbe<\/strong><\/td>\n<td width=\"489\">Transparent<\/td>\n<\/tr>\n<\/tbody>\n<\/table>\n<p>&nbsp;<\/p>\n<p><strong><b>Mechanische und Umweltleistung<\/b><\/strong><\/p>\n<table>\n<tbody>\n<tr>\n<td width=\"151\"><strong>Artikel<\/strong><\/td>\n<td width=\"284\"><strong>Inhalt<\/strong><\/td>\n<td width=\"236\"><strong>Wert<\/strong><\/td>\n<\/tr>\n<tr>\n<td rowspan=\"3\" width=\"151\">Max. Zugbelastung<\/td>\n<td width=\"284\">Kurzfristig<\/td>\n<td width=\"236\">10N Zus\u00e4tzlicher Verlust\u22640,03<\/td>\n<\/tr>\n<tr>\n<td width=\"284\">Zugversagenskraft<\/td>\n<td width=\"236\">\u226565N<\/td>\n<\/tr>\n<tr>\n<td width=\"284\">Langfristig<\/td>\n<td width=\"236\">5N Zus\u00e4tzlicher Verlust\u22640,03<\/td>\n<\/tr>\n<tr>\n<td rowspan=\"2\" width=\"151\">Max. Druckfestigkeit<\/td>\n<td width=\"284\">Kurzfristig<\/td>\n<td width=\"236\">500N\/100mm<\/td>\n<\/tr>\n<tr>\n<td width=\"284\">Langfristig<\/td>\n<td width=\"236\">100N\/100mm<\/td>\n<\/tr>\n<tr>\n<td rowspan=\"2\" width=\"151\">Min. Biegeradius<\/td>\n<td width=\"284\">Installation<\/td>\n<td width=\"236\">10 x Kabeldurchmesser<\/td>\n<\/tr>\n<tr>\n<td width=\"284\">Betrieb<\/td>\n<td width=\"236\">5 x Kabeldurchmesser<\/td>\n<\/tr>\n<tr>\n<td rowspan=\"3\" width=\"151\">Temperaturbereich<\/td>\n<td width=\"284\">Betrieb<\/td>\n<td width=\"236\">-40\u2103 ~ +70\u2103<\/td>\n<\/tr>\n<tr>\n<td width=\"284\">Installation<\/td>\n<td width=\"236\">-20\u2103 ~ +60\u2103<\/td>\n<\/tr>\n<tr>\n<td width=\"284\">Lagerung\/Transport<\/td>\n<td width=\"236\">-40\u2103 ~ +70\u2103<\/td>\n<\/tr>\n<tr>\n<td width=\"151\">Auswirkungen<\/td>\n<td colspan=\"2\" width=\"520\">0,5 J 3-fach, kein sichtbarer Riss im Kabelmantel, zus\u00e4tzlicher Verlust \u2264 0,4 dB bei 1550 nm<\/td>\n<\/tr>\n<tr>\n<td width=\"151\">Wiederholen Sie das Biegen<\/td>\n<td colspan=\"2\" width=\"520\">5N 200-mal, kein sichtbarer Riss im Kabelmantel, zus\u00e4tzlicher Verlust \u2264 0,4 dB bei 1550 nm<\/td>\n<\/tr>\n<tr>\n<td width=\"151\">Torsion<\/td>\n<td colspan=\"2\" width=\"520\">5N \u00b1 180\u00b0 20-fach, kein sichtbarer Riss im Kabelmantel, zus\u00e4tzlicher Verlust \u2264 0,4 dB bei 1550 nm<\/td>\n<\/tr>\n<\/tbody>\n<\/table>\n<p>&nbsp;<\/p>\n<p><strong><b>Anwendung<\/b><\/strong><\/p>\n<p>Es wird haupts\u00e4chlich als Verkabelungskabel im Benutzerzugangsabschnitt von Glasfaser-zu-Raum-Netzwerken (FTTR) und anderen optischen Zugangsnetzwerken (FTTx) verwendet. Es kann mit SC- und LC-Anschl\u00fcssen zusammengebaut werden und bietet Installateuren eine schnelle und einfache Technik f\u00fcr die nahtlose Verlegung von Glasfasern um Fu\u00dfleisten, Fenster und Verkleidungsteile herum, wobei es fest an Ort und Stelle bleibt und f\u00fcr den gelegentlichen Betrachter nahezu unsichtbar ist.<\/p>\n<p>&nbsp;<\/p>\n<p><strong><b>Technische Parameter der optischen Faser-SM<\/b><\/strong><\/p>\n<table>\n<tbody>\n<tr>\n<td rowspan=\"2\" width=\"188\"><strong><b>Parameter<\/b><\/strong><\/td>\n<td rowspan=\"2\" width=\"117\"><strong><b>Bedingungen<\/b><\/strong><\/td>\n<td rowspan=\"2\" width=\"86\"><strong><b>Einheiten<\/b><\/strong><\/td>\n<td colspan=\"4\" width=\"301\"><strong><b>Wert<\/b><\/strong><\/td>\n<\/tr>\n<tr>\n<td width=\"80\"><strong><b>G652D<\/b><\/strong><\/td>\n<td width=\"69\"><strong><b>G657A1<\/b><\/strong><\/td>\n<td width=\"74\"><strong><b>G657A2<\/b><\/strong><\/td>\n<td width=\"77\"><strong><b>G657B3<\/b><\/strong><\/td>\n<\/tr>\n<tr>\n<td colspan=\"3\" width=\"392\"><strong><b>Optische Spezifikation<\/b><\/strong><\/td>\n<td colspan=\"4\" width=\"301\">&nbsp;<\/td>\n<\/tr>\n<tr>\n<td rowspan=\"6\" width=\"188\">D\u00e4mpfung<\/td>\n<td width=\"117\">850 nm<\/td>\n<td width=\"86\">dB\/km<\/td>\n<td width=\"80\">\u2013<\/td>\n<td width=\"69\">\u2013<\/td>\n<td width=\"74\">\u2013<\/td>\n<td width=\"77\">\u2013<\/td>\n<\/tr>\n<tr>\n<td width=\"117\">1300 nm<\/td>\n<td width=\"86\">dB\/km<\/td>\n<td width=\"80\">\u2013<\/td>\n<td width=\"69\">\u2013<\/td>\n<td width=\"74\">\u2013<\/td>\n<td width=\"77\">\u2013<\/td>\n<\/tr>\n<tr>\n<td width=\"117\">1310 nm<\/td>\n<td width=\"86\">dB\/km<\/td>\n<td width=\"80\">\u2264 0,350<\/td>\n<td width=\"69\">\u2264 0,350<\/td>\n<td width=\"74\">\u2264 0,350<\/td>\n<td width=\"77\">\u2264 0,350<\/td>\n<\/tr>\n<tr>\n<td width=\"117\">1383 nm<\/td>\n<td width=\"86\">dB\/km<\/td>\n<td width=\"80\">\u2264 0,330<\/td>\n<td width=\"69\">\u2264 0,350<\/td>\n<td width=\"74\">\u2264 0,350<\/td>\n<td width=\"77\">\u2264 0,350<\/td>\n<\/tr>\n<tr>\n<td width=\"117\">1550 nm<\/td>\n<td width=\"86\">dB\/km<\/td>\n<td width=\"80\">\u2264 0,210<\/td>\n<td width=\"69\">\u2264 0,210<\/td>\n<td width=\"74\">\u2264 0,210<\/td>\n<td width=\"77\">\u2264 0,210<\/td>\n<\/tr>\n<tr>\n<td width=\"117\">1625 nm<\/td>\n<td width=\"86\">dB\/km<\/td>\n<td width=\"80\">\u2264 0,240<\/td>\n<td width=\"69\">\u2264 0,230<\/td>\n<td width=\"74\">\u2264 0,230<\/td>\n<td width=\"77\">\u2264 0,230<\/td>\n<\/tr>\n<tr>\n<td rowspan=\"3\" width=\"188\">D\u00e4mpfung vs. Wellenl\u00e4nge<\/td>\n<td width=\"117\">1310 nm VS. 1285-1330 nm<\/td>\n<td width=\"86\">dB\/km<\/td>\n<td width=\"80\">\u2264 0,04<\/td>\n<td width=\"69\">\u2264 0,04<\/td>\n<td width=\"74\">\u2264 0,05<\/td>\n<td width=\"77\">\u2264 0,03<\/td>\n<\/tr>\n<tr>\n<td width=\"117\">1550 nm VS. 1525\u20131575 nm<\/td>\n<td width=\"86\">dB\/km<\/td>\n<td width=\"80\">\u2264 0,03<\/td>\n<td width=\"69\">\u2264 0,03<\/td>\n<td width=\"74\">\u2264 0,04<\/td>\n<td width=\"77\">\u2264 0,02<\/td>\n<\/tr>\n<tr>\n<td width=\"117\">1550 nm VS. 1480-1580 nm<\/td>\n<td width=\"86\">dB\/km<\/td>\n<td width=\"80\">\u2264 0,04<\/td>\n<td width=\"69\">\u2013<\/td>\n<td width=\"74\">\u2013<\/td>\n<td width=\"77\">\u2013<\/td>\n<\/tr>\n<tr>\n<td width=\"188\">Nulldispersionswellenl\u00e4nge<\/td>\n<td rowspan=\"2\" width=\"117\">\u2013<\/td>\n<td width=\"86\">nm<\/td>\n<td width=\"80\">1300-1324<\/td>\n<td width=\"69\">1300-1324<\/td>\n<td width=\"74\">1300-1324<\/td>\n<td width=\"77\">1300-1324<\/td>\n<\/tr>\n<tr>\n<td width=\"188\">Nulldispersionssteigung<\/td>\n<td width=\"86\">ps\/(nm<sup>2<\/sup>\u00b7km)<\/td>\n<td width=\"80\">0.073-0.092<\/td>\n<td width=\"69\">0.073-0.092<\/td>\n<td width=\"74\">0.073-0.092<\/td>\n<td width=\"77\">\u2264 0,092<\/td>\n<\/tr>\n<tr>\n<td rowspan=\"2\" width=\"188\">Streuung<\/td>\n<td width=\"117\">1550 nm<\/td>\n<td width=\"86\">ps\/(nm\u00b7km)<\/td>\n<td width=\"80\">13.3-18.6<\/td>\n<td width=\"69\">13.3-18.6<\/td>\n<td width=\"74\">13.3-18.6<\/td>\n<td width=\"77\">&nbsp;<\/td>\n<\/tr>\n<tr>\n<td width=\"117\">1625 nm<\/td>\n<td width=\"86\">ps\/(nm\u00b7km)<\/td>\n<td width=\"80\">17.2-23.7<\/td>\n<td width=\"69\">17.2-23.7<\/td>\n<td width=\"74\">17.2-23.7<\/td>\n<td width=\"77\">&nbsp;<\/td>\n<\/tr>\n<tr>\n<td colspan=\"2\" width=\"305\">Polarisationsmodendispersion (PMD)<\/td>\n<td width=\"86\">ps\/\u221akm<\/td>\n<td width=\"80\">\u22640,2<\/td>\n<td width=\"69\">\u22640,2<\/td>\n<td width=\"74\">\u22640,2<\/td>\n<td width=\"77\">\u22640,2<\/td>\n<\/tr>\n<tr>\n<td width=\"188\">Grenzwellenl\u00e4nge \u03bbcc<\/td>\n<td width=\"117\">\u2013<\/td>\n<td width=\"86\">nm<\/td>\n<td width=\"80\">\u22641260<\/td>\n<td width=\"69\">\u22641260<\/td>\n<td width=\"74\">\u22641260<\/td>\n<td width=\"77\">\u22641260<\/td>\n<\/tr>\n<tr>\n<td rowspan=\"2\" width=\"188\">Modenfelddurchmesser (MFD)<\/td>\n<td width=\"117\">1310 nm<\/td>\n<td width=\"86\">\u03bcm<\/td>\n<td width=\"80\">9,2 \u00b1 0,4<\/td>\n<td width=\"69\">9,2 \u00b1 0,4<\/td>\n<td width=\"74\">8,6 \u00b1 0,4<\/td>\n<td width=\"77\">8,6 \u00b1 0,4<\/td>\n<\/tr>\n<tr>\n<td width=\"117\">1550 nm<\/td>\n<td width=\"86\">\u03bcm<\/td>\n<td width=\"80\">10,4 \u00b1 0,5<\/td>\n<td width=\"69\">10,4 \u00b1 0,5<\/td>\n<td width=\"74\">9,6 \u00b1 0,5<\/td>\n<td width=\"77\">9,6 \u00b1 0,5<\/td>\n<\/tr>\n<tr>\n<td rowspan=\"2\" width=\"188\">D\u00e4mpfungsdiskontinuit\u00e4t<\/td>\n<td width=\"117\">1310 nm<\/td>\n<td width=\"86\">dB<\/td>\n<td width=\"80\">\u22640,03<\/td>\n<td width=\"69\">\u22640,03<\/td>\n<td width=\"74\">\u22640,03<\/td>\n<td width=\"77\">\u22640,03<\/td>\n<\/tr>\n<tr>\n<td width=\"117\">1550 nm<\/td>\n<td width=\"86\">dB<\/td>\n<td width=\"80\">\u22640,03<\/td>\n<td width=\"69\">\u22640,03<\/td>\n<td width=\"74\">\u22640,03<\/td>\n<td width=\"77\">\u22640,03<\/td>\n<\/tr>\n<tr>\n<td rowspan=\"2\" width=\"188\">Bidirektionale D\u00e4mpfung<\/td>\n<td width=\"117\">1310 nm<\/td>\n<td width=\"86\">dB\/km<\/td>\n<td width=\"80\">\u22640,04<\/td>\n<td width=\"69\">&nbsp;<\/td>\n<td width=\"74\">&nbsp;<\/td>\n<td width=\"77\">\u22640,05<\/td>\n<\/tr>\n<tr>\n<td width=\"117\">1550 nm<\/td>\n<td width=\"86\">dB\/km<\/td>\n<td width=\"80\">\u22640,04<\/td>\n<td width=\"69\">&nbsp;<\/td>\n<td width=\"74\">&nbsp;<\/td>\n<td width=\"77\">\u22640,05<\/td>\n<\/tr>\n<tr>\n<td colspan=\"3\" width=\"392\"><strong><b>Geometrisch<\/b><\/strong><\/td>\n<td colspan=\"4\" width=\"301\">&nbsp;<\/td>\n<\/tr>\n<tr>\n<td colspan=\"2\" width=\"305\">Manteldurchmesser<\/td>\n<td width=\"86\">\u03bcm<\/td>\n<td width=\"80\">125\u00b10,7<\/td>\n<td width=\"69\">125\u00b10,7<\/td>\n<td width=\"74\">125\u00b10,7<\/td>\n<td width=\"77\">125\u00b10,7<\/td>\n<\/tr>\n<tr>\n<td colspan=\"2\" width=\"305\">Unrundheit der Verkleidung<\/td>\n<td width=\"86\">%<\/td>\n<td width=\"80\">\u22641,0<\/td>\n<td width=\"69\">\u22641,0<\/td>\n<td width=\"74\">\u22640,8<\/td>\n<td width=\"77\">\u22640,7<\/td>\n<\/tr>\n<tr>\n<td colspan=\"2\" width=\"305\">Kern-\/Mantel-Konzentrizit\u00e4tsfehler<\/td>\n<td width=\"86\">\u03bcm<\/td>\n<td width=\"80\">\u22640,6<\/td>\n<td width=\"69\">\u22640,5<\/td>\n<td width=\"74\">\u22640,5<\/td>\n<td width=\"77\">\u22640,5<\/td>\n<\/tr>\n<tr>\n<td colspan=\"2\" rowspan=\"2\" width=\"305\">Beschichtungsdurchmesser (ungef\u00e4rbt)<\/td>\n<td width=\"86\">\u03bcm<\/td>\n<td colspan=\"4\" width=\"301\">242\u00b17 (Standard)<\/td>\n<\/tr>\n<tr>\n<td width=\"86\">\u03bcm<\/td>\n<td colspan=\"4\" width=\"301\">200\u00b110 (optional)<\/td>\n<\/tr>\n<tr>\n<td colspan=\"2\" width=\"305\">Konzentrizit\u00e4tsfehler der Beschichtung\/Verkleidung<\/td>\n<td width=\"86\">\u03bcm<\/td>\n<td width=\"80\">\u226412<\/td>\n<td width=\"69\">\u226412<\/td>\n<td width=\"74\">\u226412<\/td>\n<td width=\"77\">\u226412<\/td>\n<\/tr>\n<tr>\n<td colspan=\"2\" width=\"305\">Locken<\/td>\n<td width=\"86\">m<\/td>\n<td width=\"80\">\u22654<\/td>\n<td width=\"69\">\u22654<\/td>\n<td width=\"74\">\u22654<\/td>\n<td width=\"77\">\u22654<\/td>\n<\/tr>\n<tr>\n<td colspan=\"3\" width=\"392\"><strong><b>Umwelt (1550 nm, 1625 nm)<\/b><\/strong><\/td>\n<td colspan=\"4\" width=\"301\">&nbsp;<\/td>\n<\/tr>\n<tr>\n<td width=\"188\">Temperaturwechsel<\/td>\n<td width=\"117\">-60\u2103 bis +85\u2103<\/td>\n<td width=\"86\">dB\/km<\/td>\n<td width=\"80\">\u22640,03<\/td>\n<td width=\"69\">\u22640,05<\/td>\n<td width=\"74\">\u22640,05<\/td>\n<td width=\"77\">\u22640,05<\/td>\n<\/tr>\n<tr>\n<td width=\"188\">Hohe Temperatur &amp;<\/p>\n<p>Hohe Luftfeuchtigkeit<\/td>\n<td width=\"117\">85\u2103, 85% RH, 30 Tage<\/td>\n<td width=\"86\">dB\/km<\/td>\n<td width=\"80\">\u22640,03<\/td>\n<td width=\"69\">\u22640,05<\/td>\n<td width=\"74\">\u22640,05<\/td>\n<td width=\"77\">\u22640,05<\/td>\n<\/tr>\n<tr>\n<td width=\"188\">Eintauchen in Wasser<\/td>\n<td width=\"117\">23\u2103, 30 Tage<\/td>\n<td width=\"86\">dB\/km<\/td>\n<td width=\"80\">\u22640,03<\/td>\n<td width=\"69\">\u22640,05<\/td>\n<td width=\"74\">\u22640,05<\/td>\n<td width=\"77\">\u22640,05<\/td>\n<\/tr>\n<tr>\n<td width=\"188\">Hochtemperaturalterung<\/td>\n<td width=\"117\">85\u2103, 30 Tage<\/td>\n<td width=\"86\">dB\/km<\/td>\n<td width=\"80\">\u22640,03<\/td>\n<td width=\"69\">\u22640,05<\/td>\n<td width=\"74\">\u22640,05<\/td>\n<td width=\"77\">\u22640,05<\/td>\n<\/tr>\n<\/tbody>\n<\/table>","protected":false},"excerpt":{"rendered":"<p>1F 0,9 mm unsichtbares FTTR-Kabel wird hergestellt, indem die Faser mit Puffermaterial aus PVC ummantelt wird. Die Auswahl hochwertiger Fasern, spezielle Produktionsanlagen und eine genau konstruierte Matrize sorgen f\u00fcr die beste Produktleistung.   Merkmale: W\u00e4hlen Sie Qualit\u00e4tsfasern aus, um eine hervorragende \u00dcbertragungsleistung zu gew\u00e4hrleisten. F\u00fchren Sie strenge Prozess- und Rohstoffkontrollen ein, um die Lebensdauer von [\u2026] zu gew\u00e4hrleisten.<\/p>","protected":false},"featured_media":12756,"comment_status":"closed","ping_status":"closed","template":"","meta":{"site-sidebar-layout":"default","site-content-layout":"","ast-site-content-layout":"default","site-content-style":"default","site-sidebar-style":"default","ast-global-header-display":"","ast-banner-title-visibility":"","ast-main-header-display":"","ast-hfb-above-header-display":"","ast-hfb-below-header-display":"","ast-hfb-mobile-header-display":"","site-post-title":"","ast-breadcrumbs-content":"","ast-featured-img":"","footer-sml-layout":"","theme-transparent-header-meta":"default","adv-header-id-meta":"","stick-header-meta":"default","header-above-stick-meta":"","header-main-stick-meta":"","header-below-stick-meta":"","astra-migrate-meta-layouts":"set","ast-page-background-enabled":"default","ast-page-background-meta":{"desktop":{"background-color":"var(--ast-global-color-4)","background-image":"","background-repeat":"repeat","background-position":"center center","background-size":"auto","background-attachment":"scroll","background-type":"","background-media":"","overlay-type":"","overlay-color":"","overlay-gradient":""},"tablet":{"background-color":"","background-image":"","background-repeat":"repeat","background-position":"center center","background-size":"auto","background-attachment":"scroll","background-type":"","background-media":"","overlay-type":"","overlay-color":"","overlay-gradient":""},"mobile":{"background-color":"","background-image":"","background-repeat":"repeat","background-position":"center center","background-size":"auto","background-attachment":"scroll","background-type":"","background-media":"","overlay-type":"","overlay-color":"","overlay-gradient":""}},"ast-content-background-meta":{"desktop":{"background-color":"var(--ast-global-color-5)","background-image":"","background-repeat":"repeat","background-position":"center center","background-size":"auto","background-attachment":"scroll","background-type":"","background-media":"","overlay-type":"","overlay-color":"","overlay-gradient":""},"tablet":{"background-color":"var(--ast-global-color-5)","background-image":"","background-repeat":"repeat","background-position":"center center","background-size":"auto","background-attachment":"scroll","background-type":"","background-media":"","overlay-type":"","overlay-color":"","overlay-gradient":""},"mobile":{"background-color":"var(--ast-global-color-5)","background-image":"","background-repeat":"repeat","background-position":"center center","background-size":"auto","background-attachment":"scroll","background-type":"","background-media":"","overlay-type":"","overlay-color":"","overlay-gradient":""}}},"product_cat":[169],"product_tag":[],"class_list":{"0":"post-12751","1":"product","2":"type-product","3":"status-publish","4":"has-post-thumbnail","6":"product_cat-fttr-cable","7":"desktop-align-left","8":"tablet-align-left","9":"mobile-align-left","10":"ast-product-gallery-layout-horizontal-slider","11":"ast-product-tabs-layout-horizontal","13":"first","14":"instock","15":"shipping-taxable","16":"product-type-simple"},"acf":[],"_links":{"self":[{"href":"https:\/\/www.omccable.com\/de\/wp-json\/wp\/v2\/product\/12751","targetHints":{"allow":["GET"]}}],"collection":[{"href":"https:\/\/www.omccable.com\/de\/wp-json\/wp\/v2\/product"}],"about":[{"href":"https:\/\/www.omccable.com\/de\/wp-json\/wp\/v2\/types\/product"}],"replies":[{"embeddable":true,"href":"https:\/\/www.omccable.com\/de\/wp-json\/wp\/v2\/comments?post=12751"}],"version-history":[{"count":2,"href":"https:\/\/www.omccable.com\/de\/wp-json\/wp\/v2\/product\/12751\/revisions"}],"predecessor-version":[{"id":12758,"href":"https:\/\/www.omccable.com\/de\/wp-json\/wp\/v2\/product\/12751\/revisions\/12758"}],"wp:featuredmedia":[{"embeddable":true,"href":"https:\/\/www.omccable.com\/de\/wp-json\/wp\/v2\/media\/12756"}],"wp:attachment":[{"href":"https:\/\/www.omccable.com\/de\/wp-json\/wp\/v2\/media?parent=12751"}],"wp:term":[{"taxonomy":"product_cat","embeddable":true,"href":"https:\/\/www.omccable.com\/de\/wp-json\/wp\/v2\/product_cat?post=12751"},{"taxonomy":"product_tag","embeddable":true,"href":"https:\/\/www.omccable.com\/de\/wp-json\/wp\/v2\/product_tag?post=12751"}],"curies":[{"name":"wp","href":"https:\/\/api.w.org\/{rel}","templated":true}]}}