{"id":12630,"date":"2024-11-20T09:55:01","date_gmt":"2024-11-20T01:55:01","guid":{"rendered":"https:\/\/www.omccable.com\/?post_type=product&#038;p=12630"},"modified":"2024-11-22T13:58:59","modified_gmt":"2024-11-22T05:58:59","slug":"1-4f-microbeam-module-cable-2-4mm","status":"publish","type":"product","link":"https:\/\/www.omccable.com\/de\/produkt\/1-4f-microbeam-module-cable-2-4mm\/","title":{"rendered":"1-4F Microbeam-Modul Kabel-2,4 mm"},"content":{"rendered":"<p>Das <strong><b>1-4F Microbeam-Modul Kabel-2,4 mm<\/b><\/strong>\u00a0besteht aus 1\/2\/4x 250 \u00b5m blanken Fasern, ein d\u00fcnnes LSZH-Microbeam-Modul bedeckte diese farbcodierten blanken Fasern. Anschlie\u00dfend wurde das d\u00fcnne LSZH-Innenrohr mit St\u00e4rkegarn ummantelt und schlie\u00dflich alle Elemente mit einem LSZH-Au\u00dfenmantel abgedeckt, um dieses Kabel zu bilden.<\/p>\n<p>&nbsp;<\/p>\n<p><strong><b>Funktionen<\/b><\/strong><strong><b>\uff1a<\/b><\/strong><\/p>\n<ul>\n<li>Nichtmetallische Konstruktion<\/li>\n<li>Kleiner Au\u00dfendurchmesser, leicht, leicht zu abisolieren, geringe D\u00e4mpfung, physikalisch weich<\/li>\n<li>Zugfestigkeit und Langzeitstabilit\u00e4t der Signal\u00fcbertragung erh\u00f6ht durch Aramidgarnkomponente<\/li>\n<li>Bequem f\u00fcr Installation, Betrieb und Wartung<\/li>\n<\/ul>\n<p>&nbsp;<\/p>\n<p><strong>Produktdetails:<\/strong><\/p>\n<table>\n<tbody>\n<tr>\n<td colspan=\"2\" width=\"284\"><strong><b>Artikel<\/b><\/strong><\/td>\n<td colspan=\"2\" width=\"395\"><strong><b>Daten<\/b><\/strong><\/td>\n<\/tr>\n<tr>\n<td colspan=\"2\" width=\"284\">Anzahl der Fasern<\/td>\n<td width=\"178\">1-2F<\/td>\n<td width=\"217\">4F<\/td>\n<\/tr>\n<tr>\n<td colspan=\"2\" width=\"284\">Fasertyp<\/td>\n<td colspan=\"2\" width=\"395\">SM G657A1,G657A2,G657B3<\/td>\n<\/tr>\n<tr>\n<td rowspan=\"3\" width=\"148\">Mikrostrahlmodul<\/td>\n<td width=\"136\">Durchmesser (mm\uff09<\/td>\n<td width=\"178\">1,1 \u00b1 0,1<\/td>\n<td width=\"217\">1,1 \u00b1 0,1<\/td>\n<\/tr>\n<tr>\n<td width=\"136\">Farbe<\/td>\n<td colspan=\"2\" width=\"395\">White<\/td>\n<\/tr>\n<tr>\n<td width=\"136\">Material<\/td>\n<td colspan=\"2\" width=\"395\">LSZH<\/td>\n<\/tr>\n<tr>\n<td rowspan=\"3\" width=\"148\">Au\u00dfenmantel<\/td>\n<td width=\"136\">Material<\/td>\n<td colspan=\"2\" width=\"395\">LSZH<\/td>\n<\/tr>\n<tr>\n<td width=\"136\">Farbe<\/td>\n<td colspan=\"2\" width=\"395\">White<\/td>\n<\/tr>\n<tr>\n<td width=\"136\">Durchmesser (mm\uff09<\/td>\n<td colspan=\"2\" width=\"395\">2,4 \u00b1 0,2<\/td>\n<\/tr>\n<tr>\n<td width=\"148\">Kraftmitglied<\/td>\n<td width=\"136\">Material<\/td>\n<td colspan=\"2\" width=\"395\">Aramidgarn<\/td>\n<\/tr>\n<\/tbody>\n<\/table>\n<p>&nbsp;<\/p>\n<p><strong><b>Mechanische und Umweltleistung<\/b><\/strong><\/p>\n<table>\n<tbody>\n<tr>\n<td width=\"237\"><strong>Artikel<\/strong><\/td>\n<td width=\"206\"><strong>Inhalt<\/strong><\/td>\n<td width=\"245\"><strong>Wert<\/strong><\/td>\n<\/tr>\n<tr>\n<td rowspan=\"2\" width=\"237\">Max. Zugbelastung<\/td>\n<td width=\"206\">Kurzfristig<\/td>\n<td width=\"245\">200N<\/td>\n<\/tr>\n<tr>\n<td width=\"206\">Langfristig<\/td>\n<td width=\"245\">100N<\/td>\n<\/tr>\n<tr>\n<td rowspan=\"2\" width=\"237\">Max. Druckfestigkeit<\/td>\n<td width=\"206\">Kurzfristig<\/td>\n<td width=\"245\">500N\/100mm<\/td>\n<\/tr>\n<tr>\n<td width=\"206\">Langfristig<\/td>\n<td width=\"245\">100N\/100mm<\/td>\n<\/tr>\n<tr>\n<td rowspan=\"2\" width=\"237\">Min. Biegeradius<\/td>\n<td width=\"206\">Installation<\/td>\n<td width=\"245\">20 x Kabeldurchmesser<\/td>\n<\/tr>\n<tr>\n<td width=\"206\">Betrieb<\/td>\n<td width=\"245\">10 x Kabeldurchmesser<\/td>\n<\/tr>\n<tr>\n<td rowspan=\"3\" width=\"237\">Temperaturbereich<\/td>\n<td width=\"206\">Betrieb<\/td>\n<td width=\"245\">-20\u2103 ~ +70\u2103<\/td>\n<\/tr>\n<tr>\n<td width=\"206\">Installation<\/td>\n<td width=\"245\">-20\u2103 ~ +60\u2103<\/td>\n<\/tr>\n<tr>\n<td width=\"206\">Lagerung\/Transport<\/td>\n<td width=\"245\">-20\u2103 ~ +70\u2103<\/td>\n<\/tr>\n<\/tbody>\n<\/table>\n<p><strong><b>\u00a0<\/b><\/strong><\/p>\n<p><strong>Flammhemmende Leistung<\/strong><\/p>\n<table>\n<tbody>\n<tr>\n<td width=\"120\"><strong><b>Kabel<\/b><\/strong><strong><b>\u00a0Material<\/b><\/strong><\/td>\n<td width=\"572\"><strong><b>Standard<\/b><\/strong><\/td>\n<\/tr>\n<tr>\n<td width=\"120\">LSZH<\/td>\n<td width=\"572\">CPR: Bca, Cca, Dca, Eca oder IEC60332-1, IEC 60332-3 je nach Kundenwunsch<\/td>\n<\/tr>\n<\/tbody>\n<\/table>\n<p>&nbsp;<\/p>\n<p><strong><b>Technische Parameter der optischen Faser-SM<\/b><\/strong><\/p>\n<table>\n<tbody>\n<tr>\n<td rowspan=\"2\" width=\"188\"><strong><b>Parameter<\/b><\/strong><\/td>\n<td rowspan=\"2\" width=\"117\"><strong><b>Bedingungen<\/b><\/strong><\/td>\n<td rowspan=\"2\" width=\"86\"><strong><b>Einheiten<\/b><\/strong><\/td>\n<td colspan=\"4\" width=\"301\"><strong><b>Wert<\/b><\/strong><\/td>\n<\/tr>\n<tr>\n<td width=\"80\"><strong><b>G652D<\/b><\/strong><\/td>\n<td width=\"69\"><strong><b>G657A1<\/b><\/strong><\/td>\n<td width=\"74\"><strong><b>G657A2<\/b><\/strong><\/td>\n<td width=\"77\"><strong><b>G657B3<\/b><\/strong><\/td>\n<\/tr>\n<tr>\n<td colspan=\"3\" width=\"392\"><strong><b>Optische Spezifikation<\/b><\/strong><\/td>\n<td colspan=\"4\" width=\"301\"><\/td>\n<\/tr>\n<tr>\n<td rowspan=\"6\" width=\"188\">D\u00e4mpfung<\/td>\n<td width=\"117\">850 nm<\/td>\n<td width=\"86\">dB\/km<\/td>\n<td width=\"80\">\u2013<\/td>\n<td width=\"69\">\u2013<\/td>\n<td width=\"74\">\u2013<\/td>\n<td width=\"77\">\u2013<\/td>\n<\/tr>\n<tr>\n<td width=\"117\">1300 nm<\/td>\n<td width=\"86\">dB\/km<\/td>\n<td width=\"80\">\u2013<\/td>\n<td width=\"69\">\u2013<\/td>\n<td width=\"74\">\u2013<\/td>\n<td width=\"77\">\u2013<\/td>\n<\/tr>\n<tr>\n<td width=\"117\">1310 nm<\/td>\n<td width=\"86\">dB\/km<\/td>\n<td width=\"80\">\u2264 0,350<\/td>\n<td width=\"69\">\u2264 0,350<\/td>\n<td width=\"74\">\u2264 0,350<\/td>\n<td width=\"77\">\u2264 0,350<\/td>\n<\/tr>\n<tr>\n<td width=\"117\">1383 nm<\/td>\n<td width=\"86\">dB\/km<\/td>\n<td width=\"80\">\u2264 0,330<\/td>\n<td width=\"69\">\u2264 0,350<\/td>\n<td width=\"74\">\u2264 0,350<\/td>\n<td width=\"77\">\u2264 0,350<\/td>\n<\/tr>\n<tr>\n<td width=\"117\">1550 nm<\/td>\n<td width=\"86\">dB\/km<\/td>\n<td width=\"80\">\u2264 0,210<\/td>\n<td width=\"69\">\u2264 0,210<\/td>\n<td width=\"74\">\u2264 0,210<\/td>\n<td width=\"77\">\u2264 0,210<\/td>\n<\/tr>\n<tr>\n<td width=\"117\">1625 nm<\/td>\n<td width=\"86\">dB\/km<\/td>\n<td width=\"80\">\u2264 0,240<\/td>\n<td width=\"69\">\u2264 0,230<\/td>\n<td width=\"74\">\u2264 0,230<\/td>\n<td width=\"77\">\u2264 0,230<\/td>\n<\/tr>\n<tr>\n<td rowspan=\"3\" width=\"188\">D\u00e4mpfung vs. Wellenl\u00e4nge<\/td>\n<td width=\"117\">1310 nm VS. 1285-1330 nm<\/td>\n<td width=\"86\">dB\/km<\/td>\n<td width=\"80\">\u2264 0,04<\/td>\n<td width=\"69\">\u2264 0,04<\/td>\n<td width=\"74\">\u2264 0,05<\/td>\n<td width=\"77\">\u2264 0,03<\/td>\n<\/tr>\n<tr>\n<td width=\"117\">1550 nm VS. 1525\u20131575 nm<\/td>\n<td width=\"86\">dB\/km<\/td>\n<td width=\"80\">\u2264 0,03<\/td>\n<td width=\"69\">\u2264 0,03<\/td>\n<td width=\"74\">\u2264 0,04<\/td>\n<td width=\"77\">\u2264 0,02<\/td>\n<\/tr>\n<tr>\n<td width=\"117\">1550 nm VS. 1480-1580 nm<\/td>\n<td width=\"86\">dB\/km<\/td>\n<td width=\"80\">\u2264 0,04<\/td>\n<td width=\"69\">\u2013<\/td>\n<td width=\"74\">\u2013<\/td>\n<td width=\"77\">\u2013<\/td>\n<\/tr>\n<tr>\n<td width=\"188\">Nulldispersionswellenl\u00e4nge<\/td>\n<td rowspan=\"2\" width=\"117\">\\<\/td>\n<td width=\"86\">nm<\/td>\n<td width=\"80\">1300-1324<\/td>\n<td width=\"69\">1300-1324<\/td>\n<td width=\"74\">1300-1324<\/td>\n<td width=\"77\">1300-1324<\/td>\n<\/tr>\n<tr>\n<td width=\"188\">Nulldispersionssteigung<\/td>\n<td width=\"86\">ps\/(nm<sup>2<\/sup>\u00b7km)<\/td>\n<td width=\"80\">0.073-0.092<\/td>\n<td width=\"69\">0.073-0.092<\/td>\n<td width=\"74\">0.073-0.092<\/td>\n<td width=\"77\">\u2264 0,092<\/td>\n<\/tr>\n<tr>\n<td rowspan=\"2\" width=\"188\">Streuung<\/td>\n<td width=\"117\">1550 nm<\/td>\n<td width=\"86\">ps\/(nm\u00b7km)<\/td>\n<td width=\"80\">13.3-18.6<\/td>\n<td width=\"69\">13.3-18.6<\/td>\n<td width=\"74\">13.3-18.6<\/td>\n<td width=\"77\"><\/td>\n<\/tr>\n<tr>\n<td width=\"117\">1625 nm<\/td>\n<td width=\"86\">ps\/(nm\u00b7km)<\/td>\n<td width=\"80\">17.2-23.7<\/td>\n<td width=\"69\">17.2-23.7<\/td>\n<td width=\"74\">17.2-23.7<\/td>\n<td width=\"77\"><\/td>\n<\/tr>\n<tr>\n<td colspan=\"2\" width=\"305\">Polarisationsmodendispersion (PMD)<\/td>\n<td width=\"86\">ps\/\u221akm<\/td>\n<td width=\"80\">\u22640,2<\/td>\n<td width=\"69\">\u22640,2<\/td>\n<td width=\"74\">\u22640,2<\/td>\n<td width=\"77\">\u22640,2<\/td>\n<\/tr>\n<tr>\n<td width=\"188\">Grenzwellenl\u00e4nge \u03bbcc<\/td>\n<td width=\"117\">\u2013<\/td>\n<td width=\"86\">nm<\/td>\n<td width=\"80\">\u22641260<\/td>\n<td width=\"69\">\u22641260<\/td>\n<td width=\"74\">\u22641260<\/td>\n<td width=\"77\">\u22641260<\/td>\n<\/tr>\n<tr>\n<td rowspan=\"2\" width=\"188\">Modenfelddurchmesser (MFD)<\/td>\n<td width=\"117\">1310 nm<\/td>\n<td width=\"86\">\u03bcm<\/td>\n<td width=\"80\">9,2 \u00b1 0,4<\/td>\n<td width=\"69\">9,2 \u00b1 0,4<\/td>\n<td width=\"74\">8,6 \u00b1 0,4<\/td>\n<td width=\"77\">8,6 \u00b1 0,4<\/td>\n<\/tr>\n<tr>\n<td width=\"117\">1550 nm<\/td>\n<td width=\"86\">\u03bcm<\/td>\n<td width=\"80\">10,4 \u00b1 0,5<\/td>\n<td width=\"69\">10,4 \u00b1 0,5<\/td>\n<td width=\"74\">9,6 \u00b1 0,5<\/td>\n<td width=\"77\">9,6 \u00b1 0,5<\/td>\n<\/tr>\n<tr>\n<td rowspan=\"2\" width=\"188\">D\u00e4mpfungsdiskontinuit\u00e4t<\/td>\n<td width=\"117\">1310 nm<\/td>\n<td width=\"86\">dB<\/td>\n<td width=\"80\">\u22640,03<\/td>\n<td width=\"69\">\u22640,03<\/td>\n<td width=\"74\">\u22640,03<\/td>\n<td width=\"77\">\u22640,03<\/td>\n<\/tr>\n<tr>\n<td width=\"117\">1550 nm<\/td>\n<td width=\"86\">dB<\/td>\n<td width=\"80\">\u22640,03<\/td>\n<td width=\"69\">\u22640,03<\/td>\n<td width=\"74\">\u22640,03<\/td>\n<td width=\"77\">\u22640,03<\/td>\n<\/tr>\n<tr>\n<td rowspan=\"2\" width=\"188\">Bidirektionale D\u00e4mpfung<\/td>\n<td width=\"117\">1310 nm<\/td>\n<td width=\"86\">dB\/km<\/td>\n<td width=\"80\">\u22640,04<\/td>\n<td width=\"69\"><\/td>\n<td width=\"74\"><\/td>\n<td width=\"77\">\u22640,05<\/td>\n<\/tr>\n<tr>\n<td width=\"117\">1550 nm<\/td>\n<td width=\"86\">dB\/km<\/td>\n<td width=\"80\">\u22640,04<\/td>\n<td width=\"69\"><\/td>\n<td width=\"74\"><\/td>\n<td width=\"77\">\u22640,05<\/td>\n<\/tr>\n<tr>\n<td colspan=\"3\" width=\"392\"><strong><b>Geometrisch<\/b><\/strong><\/td>\n<td colspan=\"4\" width=\"301\"><\/td>\n<\/tr>\n<tr>\n<td colspan=\"2\" width=\"305\">Manteldurchmesser<\/td>\n<td width=\"86\">\u03bcm<\/td>\n<td width=\"80\">125\u00b10,7<\/td>\n<td width=\"69\">125\u00b10,7<\/td>\n<td width=\"74\">125\u00b10,7<\/td>\n<td width=\"77\">125\u00b10,7<\/td>\n<\/tr>\n<tr>\n<td colspan=\"2\" width=\"305\">Unrundheit der Verkleidung<\/td>\n<td width=\"86\">%<\/td>\n<td width=\"80\">\u22641,0<\/td>\n<td width=\"69\">\u22641,0<\/td>\n<td width=\"74\">\u22640,8<\/td>\n<td width=\"77\">\u22640,7<\/td>\n<\/tr>\n<tr>\n<td colspan=\"2\" width=\"305\">Kern-\/Mantel-Konzentrizit\u00e4tsfehler<\/td>\n<td width=\"86\">\u03bcm<\/td>\n<td width=\"80\">\u22640,6<\/td>\n<td width=\"69\">\u22640,5<\/td>\n<td width=\"74\">\u22640,5<\/td>\n<td width=\"77\">\u22640,5<\/td>\n<\/tr>\n<tr>\n<td colspan=\"2\" rowspan=\"2\" width=\"305\">Beschichtungsdurchmesser (ungef\u00e4rbt)<\/td>\n<td width=\"86\">\u03bcm<\/td>\n<td colspan=\"4\" width=\"301\">242\u00b17 (Standard)<\/td>\n<\/tr>\n<tr>\n<td width=\"86\">\u03bcm<\/td>\n<td colspan=\"4\" width=\"301\">200\u00b110 (optional)<\/td>\n<\/tr>\n<tr>\n<td colspan=\"2\" width=\"305\">Konzentrizit\u00e4tsfehler der Beschichtung\/Verkleidung<\/td>\n<td width=\"86\">\u03bcm<\/td>\n<td width=\"80\">\u226412<\/td>\n<td width=\"69\">\u226412<\/td>\n<td width=\"74\">\u226412<\/td>\n<td width=\"77\">\u226412<\/td>\n<\/tr>\n<tr>\n<td colspan=\"2\" width=\"305\">Locken<\/td>\n<td width=\"86\">m<\/td>\n<td width=\"80\">\u22654<\/td>\n<td width=\"69\">\u22654<\/td>\n<td width=\"74\">\u22654<\/td>\n<td width=\"77\">\u22654<\/td>\n<\/tr>\n<tr>\n<td colspan=\"3\" width=\"392\"><strong><b>Umwelt (1550 nm, 1625 nm)<\/b><\/strong><\/td>\n<td colspan=\"4\" width=\"301\"><\/td>\n<\/tr>\n<tr>\n<td width=\"188\">Temperaturwechsel<\/td>\n<td width=\"117\">-60\u2103 bis +85\u2103<\/td>\n<td width=\"86\">dB\/km<\/td>\n<td width=\"80\">\u22640,03<\/td>\n<td width=\"69\">\u22640,05<\/td>\n<td width=\"74\">\u22640,05<\/td>\n<td width=\"77\">\u22640,05<\/td>\n<\/tr>\n<tr>\n<td width=\"188\">Hohe Temperatur &amp;<\/p>\n<p>Hohe Luftfeuchtigkeit<\/td>\n<td width=\"117\">85\u2103, 85% RH, 30 Tage<\/td>\n<td width=\"86\">dB\/km<\/td>\n<td width=\"80\">\u22640,03<\/td>\n<td width=\"69\">\u22640,05<\/td>\n<td width=\"74\">\u22640,05<\/td>\n<td width=\"77\">\u22640,05<\/td>\n<\/tr>\n<tr>\n<td width=\"188\">Eintauchen in Wasser<\/td>\n<td width=\"117\">23\u2103, 30 Tage<\/td>\n<td width=\"86\">dB\/km<\/td>\n<td width=\"80\">\u22640,03<\/td>\n<td width=\"69\">\u22640,05<\/td>\n<td width=\"74\">\u22640,05<\/td>\n<td width=\"77\">\u22640,05<\/td>\n<\/tr>\n<tr>\n<td width=\"188\">Hochtemperaturalterung<\/td>\n<td width=\"117\">85\u2103, 30 Tage<\/td>\n<td width=\"86\">dB\/km<\/td>\n<td width=\"80\">\u22640,03<\/td>\n<td width=\"69\">\u22640,05<\/td>\n<td width=\"74\">\u22640,05<\/td>\n<td width=\"77\">\u22640,05<\/td>\n<\/tr>\n<\/tbody>\n<\/table>\n<p>&nbsp;<\/p>\n<p><strong><b>Anwendung<\/b><\/strong><strong><b>\uff1a<\/b><\/strong><\/p>\n<p>Verkabelung von Rechenzentren<\/p>\n<p>Verkabelung im Raum f\u00fcr optische Kommunikationsger\u00e4te zum Anschluss von Verteilern<\/p>\n<p>Zum Einbau in Pigtails, bewegliche Steckverbinder und Patchkabel<\/p>","protected":false},"excerpt":{"rendered":"<p>Das 1-4F Microbeam-Modul Cable-2.4mm besteht aus 1\/2\/4x 250 \u00b5m blanken Fasern, ein d\u00fcnnes LSZH Microbeam-Modul bedeckte diese farbcodierten blanken Fasern. Anschlie\u00dfend wurde das d\u00fcnne LSZH-Innenrohr mit St\u00e4rkegarn ummantelt und schlie\u00dflich alle Elemente mit einem LSZH-Au\u00dfenmantel abgedeckt, um dieses Kabel zu bilden.   Merkmale: Nichtmetallische Konstruktion. Kleiner Au\u00dfendurchmesser, leicht, einfach zu abisolieren, geringe D\u00e4mpfung, physikalisch weich [\u2026]<\/p>","protected":false},"featured_media":12678,"comment_status":"closed","ping_status":"closed","template":"","meta":{"site-sidebar-layout":"default","site-content-layout":"","ast-site-content-layout":"default","site-content-style":"default","site-sidebar-style":"default","ast-global-header-display":"","ast-banner-title-visibility":"","ast-main-header-display":"","ast-hfb-above-header-display":"","ast-hfb-below-header-display":"","ast-hfb-mobile-header-display":"","site-post-title":"","ast-breadcrumbs-content":"","ast-featured-img":"","footer-sml-layout":"","theme-transparent-header-meta":"default","adv-header-id-meta":"","stick-header-meta":"default","header-above-stick-meta":"","header-main-stick-meta":"","header-below-stick-meta":"","astra-migrate-meta-layouts":"set","ast-page-background-enabled":"default","ast-page-background-meta":{"desktop":{"background-color":"var(--ast-global-color-4)","background-image":"","background-repeat":"repeat","background-position":"center center","background-size":"auto","background-attachment":"scroll","background-type":"","background-media":"","overlay-type":"","overlay-color":"","overlay-gradient":""},"tablet":{"background-color":"","background-image":"","background-repeat":"repeat","background-position":"center center","background-size":"auto","background-attachment":"scroll","background-type":"","background-media":"","overlay-type":"","overlay-color":"","overlay-gradient":""},"mobile":{"background-color":"","background-image":"","background-repeat":"repeat","background-position":"center center","background-size":"auto","background-attachment":"scroll","background-type":"","background-media":"","overlay-type":"","overlay-color":"","overlay-gradient":""}},"ast-content-background-meta":{"desktop":{"background-color":"var(--ast-global-color-5)","background-image":"","background-repeat":"repeat","background-position":"center center","background-size":"auto","background-attachment":"scroll","background-type":"","background-media":"","overlay-type":"","overlay-color":"","overlay-gradient":""},"tablet":{"background-color":"var(--ast-global-color-5)","background-image":"","background-repeat":"repeat","background-position":"center center","background-size":"auto","background-attachment":"scroll","background-type":"","background-media":"","overlay-type":"","overlay-color":"","overlay-gradient":""},"mobile":{"background-color":"var(--ast-global-color-5)","background-image":"","background-repeat":"repeat","background-position":"center center","background-size":"auto","background-attachment":"scroll","background-type":"","background-media":"","overlay-type":"","overlay-color":"","overlay-gradient":""}}},"product_cat":[169],"product_tag":[],"class_list":{"0":"post-12630","1":"product","2":"type-product","3":"status-publish","4":"has-post-thumbnail","6":"product_cat-fttr-cable","7":"desktop-align-left","8":"tablet-align-left","9":"mobile-align-left","10":"ast-product-gallery-layout-horizontal-slider","11":"ast-product-tabs-layout-horizontal","13":"first","14":"instock","15":"shipping-taxable","16":"product-type-simple"},"acf":[],"_links":{"self":[{"href":"https:\/\/www.omccable.com\/de\/wp-json\/wp\/v2\/product\/12630","targetHints":{"allow":["GET"]}}],"collection":[{"href":"https:\/\/www.omccable.com\/de\/wp-json\/wp\/v2\/product"}],"about":[{"href":"https:\/\/www.omccable.com\/de\/wp-json\/wp\/v2\/types\/product"}],"replies":[{"embeddable":true,"href":"https:\/\/www.omccable.com\/de\/wp-json\/wp\/v2\/comments?post=12630"}],"version-history":[{"count":2,"href":"https:\/\/www.omccable.com\/de\/wp-json\/wp\/v2\/product\/12630\/revisions"}],"predecessor-version":[{"id":12680,"href":"https:\/\/www.omccable.com\/de\/wp-json\/wp\/v2\/product\/12630\/revisions\/12680"}],"wp:featuredmedia":[{"embeddable":true,"href":"https:\/\/www.omccable.com\/de\/wp-json\/wp\/v2\/media\/12678"}],"wp:attachment":[{"href":"https:\/\/www.omccable.com\/de\/wp-json\/wp\/v2\/media?parent=12630"}],"wp:term":[{"taxonomy":"product_cat","embeddable":true,"href":"https:\/\/www.omccable.com\/de\/wp-json\/wp\/v2\/product_cat?post=12630"},{"taxonomy":"product_tag","embeddable":true,"href":"https:\/\/www.omccable.com\/de\/wp-json\/wp\/v2\/product_tag?post=12630"}],"curies":[{"name":"wp","href":"https:\/\/api.w.org\/{rel}","templated":true}]}}