{"id":11952,"date":"2024-08-10T11:47:57","date_gmt":"2024-08-10T03:47:57","guid":{"rendered":"https:\/\/www.omccable.com\/?post_type=product&#038;p=11952"},"modified":"2024-09-06T09:47:18","modified_gmt":"2024-09-06T01:47:18","slug":"1f-all-dielectric-ftth-flat-drop-cable-3-0x5-4mm-2","status":"publish","type":"product","link":"https:\/\/www.omccable.com\/de\/produkt\/1f-all-dielectric-ftth-flat-drop-cable-3-0x5-4mm-2\/","title":{"rendered":"1F Volldielektrisches FTTH-Flachkabel -3,0\u00d75,4 mm 2"},"content":{"rendered":"<p><strong>1F Volldielektrisches FTTH-Flachkabel -3,0\u00d75,4mm<\/strong> verwendet eine flache Schmetterlingsstruktur, deren optische Fasereinheit in der Mitte positioniert ist. An den beiden Seiten sind zwei parallele Festigkeitstr\u00e4ger aus faserverst\u00e4rktem Kunststoff (FRP) angebracht. Anschlie\u00dfend wird das Kabel mit einem PE-Mantel versehen.<\/p>\n<p>&nbsp;<\/p>\n<p><strong>Funktionen<\/strong><\/p>\n<ul>\n<li>\u00a0Kompaktes Design f\u00fcr universellen Einsatz<\/li>\n<li>Geeignet f\u00fcr Luft- und Erdinstallation<\/li>\n<li>(Optional) LSZH-Tight-Buffer-Glasfaser<\/li>\n<li>Keine Spezialwerkzeuge<\/li>\n<li>Einfache Handhabung und schnelle Installation<\/li>\n<li>Strapazierf\u00e4hige, UV-best\u00e4ndige schwarze PE-Jacke<\/li>\n<\/ul>\n<p>&nbsp;<\/p>\n<p><strong><b>Kabelstruktur und Parameter<\/b><\/strong><\/p>\n<table>\n<tbody>\n<tr>\n<td width=\"144\"><strong>Artikel<\/strong><\/td>\n<td width=\"112\"><strong>Inhalt<\/strong><\/td>\n<td width=\"85\"><strong>Einheit<\/strong><\/td>\n<td width=\"349\"><strong>Wert<\/strong><\/td>\n<\/tr>\n<tr>\n<td rowspan=\"3\" width=\"144\"><strong>\u00a0<\/strong><\/p>\n<p>Optische Faser<\/td>\n<td width=\"112\">Modellnummer<\/td>\n<td width=\"85\">\/<\/td>\n<td width=\"349\">G657A1<\/td>\n<\/tr>\n<tr>\n<td width=\"112\">Zahl<\/td>\n<td width=\"85\">\/<\/td>\n<td width=\"349\">1<\/td>\n<\/tr>\n<tr>\n<td width=\"112\">Farbe<\/td>\n<td width=\"85\">\/<\/td>\n<td width=\"349\">Nat\u00fcrlich<\/td>\n<\/tr>\n<tr>\n<td rowspan=\"3\" width=\"144\"><strong>\u00a0<\/strong><\/p>\n<p>Enger Schlauch<\/td>\n<td width=\"112\">Durchmesser<\/td>\n<td width=\"85\">mm<\/td>\n<td width=\"349\">0,85 \u00b1 0,05<\/td>\n<\/tr>\n<tr>\n<td width=\"112\">Material<\/td>\n<td width=\"85\">\/<\/td>\n<td width=\"349\">LSZH<\/td>\n<\/tr>\n<tr>\n<td width=\"112\">Farbe<\/td>\n<td width=\"85\">\/<\/td>\n<td width=\"349\">White<\/td>\n<\/tr>\n<tr>\n<td rowspan=\"2\" width=\"144\">St\u00e4rkemitglied<\/td>\n<td width=\"112\">Material<\/td>\n<td width=\"85\">\/<\/td>\n<td width=\"349\">FRP<\/td>\n<\/tr>\n<tr>\n<td width=\"112\">Durchmesser<\/td>\n<td width=\"85\">mm<\/td>\n<td width=\"349\">1.2<\/td>\n<\/tr>\n<tr>\n<td rowspan=\"3\" width=\"144\"><strong>\u00a0<\/strong><\/p>\n<p>Au\u00dfenmantel<\/td>\n<td width=\"112\">Durchmesser<\/td>\n<td width=\"85\">mm<\/td>\n<td width=\"349\">3,0 \u00b1 0,3 * 5,4 \u00b1 0,4<\/td>\n<\/tr>\n<tr>\n<td width=\"112\">Material<\/td>\n<td width=\"85\">\/<\/td>\n<td width=\"349\">PE<\/td>\n<\/tr>\n<tr>\n<td width=\"112\">Farbe<\/td>\n<td width=\"85\">\/<\/td>\n<td width=\"349\">Schwarz<\/td>\n<\/tr>\n<tr>\n<td colspan=\"2\" width=\"257\">Kabeld\u00e4mpfung<\/td>\n<td width=\"85\">dB\/km<\/td>\n<td width=\"349\">\u2266 0,4 bei 1310 nm, \u2266 0,3 bei 1550 nm<\/td>\n<\/tr>\n<tr>\n<td colspan=\"2\" width=\"257\">Kabelgewicht (ca.)<\/td>\n<td width=\"85\">kg\/km<\/td>\n<td width=\"349\">17.9<\/td>\n<\/tr>\n<\/tbody>\n<\/table>\n<p><strong><b>\u00a0<\/b><\/strong><\/p>\n<p><strong><b>Mechanische und Umweltleistung<\/b><\/strong><\/p>\n<table>\n<tbody>\n<tr>\n<td width=\"221\"><strong>Artikel<\/strong><\/td>\n<td width=\"215\"><strong>Inhalt<\/strong><\/td>\n<td width=\"235\"><strong>Wert<\/strong><\/td>\n<\/tr>\n<tr>\n<td rowspan=\"2\" width=\"221\">Max. Zugbelastung<\/td>\n<td width=\"215\">Kurzfristig<\/td>\n<td width=\"235\">600N Faserdehnung\u22640,6%<\/td>\n<\/tr>\n<tr>\n<td width=\"215\">Langfristig<\/td>\n<td width=\"235\">300N<\/td>\n<\/tr>\n<tr>\n<td rowspan=\"2\" width=\"221\">Max. Druckfestigkeit<\/td>\n<td width=\"215\">Kurzfristig<\/td>\n<td width=\"235\">1000N\/100mm<\/td>\n<\/tr>\n<tr>\n<td width=\"215\">Langfristig<\/td>\n<td width=\"235\">500N\/100mm<\/td>\n<\/tr>\n<tr>\n<td rowspan=\"2\" width=\"221\">Min. Biegeradius<\/td>\n<td width=\"215\">Installation<\/td>\n<td width=\"235\">30 x Kabeldurchmesser<\/td>\n<\/tr>\n<tr>\n<td width=\"215\">Betrieb<\/td>\n<td width=\"235\">20 x Kabeldurchmesser<\/td>\n<\/tr>\n<tr>\n<td rowspan=\"3\" width=\"221\">Temperaturbereich<\/td>\n<td width=\"215\">Betrieb<\/td>\n<td width=\"235\">-20\u2103 ~ +70\u2103<\/td>\n<\/tr>\n<tr>\n<td width=\"215\">Installation<\/td>\n<td width=\"235\">-20\u2103 ~ +60\u2103<\/td>\n<\/tr>\n<tr>\n<td width=\"215\">Lagerung\/Transport<\/td>\n<td width=\"235\">-20\u2103 ~ +70\u2103<\/td>\n<\/tr>\n<\/tbody>\n<\/table>\n<p>&nbsp;<\/p>\n<p><strong><b>Technische Parameter der optischen Faser-SM<\/b><\/strong><\/p>\n<table>\n<tbody>\n<tr>\n<td rowspan=\"2\" width=\"167\"><strong><b>Parameter<\/b><\/strong><\/td>\n<td rowspan=\"2\" width=\"96\"><strong><b>Bedingungen<\/b><\/strong><\/td>\n<td rowspan=\"2\" width=\"85\"><strong><b>Einheiten<\/b><\/strong><\/td>\n<td colspan=\"4\" width=\"330\"><strong><b>Wert<\/b><\/strong><\/td>\n<\/tr>\n<tr>\n<td width=\"85\"><strong><b>G652D<\/b><\/strong><\/td>\n<td width=\"85\"><strong><b>G657A1<\/b><\/strong><\/td>\n<td width=\"85\"><strong><b>G657A2<\/b><\/strong><\/td>\n<td width=\"75\"><strong><b>G657B3<\/b><\/strong><\/td>\n<\/tr>\n<tr>\n<td colspan=\"3\" width=\"349\"><strong><b>Optische Spezifikation<\/b><\/strong><\/td>\n<td colspan=\"4\" width=\"330\"><strong><b>\u3000<\/b><\/strong><\/td>\n<\/tr>\n<tr>\n<td rowspan=\"4\" width=\"167\">D\u00e4mpfung<\/td>\n<td width=\"96\">1310 nm<\/td>\n<td width=\"85\">dB\/km<\/td>\n<td width=\"85\">\u22640,350<\/td>\n<td width=\"85\">\u22640,350<\/td>\n<td width=\"85\">\u22640,350<\/td>\n<td width=\"75\">\u22640,350<\/td>\n<\/tr>\n<tr>\n<td width=\"96\">1383 nm<\/td>\n<td width=\"85\">dB\/km<\/td>\n<td width=\"85\">\u22640,330<\/td>\n<td width=\"85\">\u22640,350<\/td>\n<td width=\"85\">\u22640,350<\/td>\n<td width=\"75\">\u22640,350<\/td>\n<\/tr>\n<tr>\n<td width=\"96\">1550 nm<\/td>\n<td width=\"85\">dB\/km<\/td>\n<td width=\"85\">\u22640,210<\/td>\n<td width=\"85\">\u22640,210<\/td>\n<td width=\"85\">\u22640,210<\/td>\n<td width=\"75\">\u22640,210<\/td>\n<\/tr>\n<tr>\n<td width=\"96\">1625 nm<\/td>\n<td width=\"85\">dB\/km<\/td>\n<td width=\"85\">\u22640,240<\/td>\n<td width=\"85\">\u22640,230<\/td>\n<td width=\"85\">\u22640,230<\/td>\n<td width=\"75\">\u22640,230<\/td>\n<\/tr>\n<tr>\n<td rowspan=\"3\" width=\"167\">D\u00e4mpfung vs. Wellenl\u00e4nge<\/td>\n<td width=\"96\">1310 nm VS. 1285-1330 nm<\/td>\n<td width=\"85\">dB\/km<\/td>\n<td width=\"85\">\u22640,04<\/td>\n<td width=\"85\">\u22640,04<\/td>\n<td width=\"85\">\u22640,05<\/td>\n<td width=\"75\">\u22640,03<\/td>\n<\/tr>\n<tr>\n<td width=\"96\">1550 nm VS. 1525\u20131575 nm<\/td>\n<td width=\"85\">dB\/km<\/td>\n<td width=\"85\">\u22640,03<\/td>\n<td width=\"85\">\u22640,03<\/td>\n<td width=\"85\">\u22640,04<\/td>\n<td width=\"75\">\u22640,02<\/td>\n<\/tr>\n<tr>\n<td width=\"96\">1550 nm VS. 1480-1580 nm<\/td>\n<td width=\"85\">dB\/km<\/td>\n<td width=\"85\">\u22640,04<\/td>\n<td width=\"85\">\u2013<\/td>\n<td width=\"85\">\u2013<\/td>\n<td width=\"75\">\u2013<\/td>\n<\/tr>\n<tr>\n<td width=\"167\">Nulldispersionswellenl\u00e4nge<\/td>\n<td rowspan=\"2\" width=\"96\">\\<\/td>\n<td width=\"85\">nm<\/td>\n<td width=\"85\">1300-1324<\/td>\n<td width=\"85\">1300-1324<\/td>\n<td width=\"85\">1300-1324<\/td>\n<td width=\"75\">1300-1324<\/td>\n<\/tr>\n<tr>\n<td width=\"167\">Nulldispersionssteigung<\/td>\n<td width=\"85\">ps\/(nm<sup>2<\/sup>\u00b7km)<\/td>\n<td width=\"85\">0.073-0.092<\/td>\n<td width=\"85\">0.073-0.092<\/td>\n<td width=\"85\">0.073-0.092<\/td>\n<td width=\"75\">\u22640,092<\/td>\n<\/tr>\n<tr>\n<td rowspan=\"2\" width=\"167\">Streuung<\/td>\n<td width=\"96\">1550 nm<\/td>\n<td width=\"85\">ps\/(nm\u00b7km)<\/td>\n<td width=\"85\">13.3-18.6<\/td>\n<td width=\"85\">13.3-18.6<\/td>\n<td width=\"85\">13.3-18.6<\/td>\n<td width=\"75\"><\/td>\n<\/tr>\n<tr>\n<td width=\"96\">1625 nm<\/td>\n<td width=\"85\">ps\/(nm\u00b7km)<\/td>\n<td width=\"85\">17.2-23.7<\/td>\n<td width=\"85\">17.2-23.7<\/td>\n<td width=\"85\">17.2-23.7<\/td>\n<td width=\"75\"><\/td>\n<\/tr>\n<tr>\n<td colspan=\"2\" width=\"264\">Polarisationsmodendispersion (PMD)<\/td>\n<td width=\"85\">ps\/\u221akm<\/td>\n<td width=\"85\">\u22640,2<\/td>\n<td width=\"85\">\u22640,2<\/td>\n<td width=\"85\">\u22640,2<\/td>\n<td width=\"75\">\u22640,2<\/td>\n<\/tr>\n<tr>\n<td width=\"167\">Grenzwellenl\u00e4nge \u03bbcc<\/td>\n<td width=\"96\">\u2013<\/td>\n<td width=\"85\">nm<\/td>\n<td width=\"85\">\u22641260<\/td>\n<td width=\"85\">\u22641260<\/td>\n<td width=\"85\">\u22641260<\/td>\n<td width=\"75\">\u22641260<\/td>\n<\/tr>\n<tr>\n<td rowspan=\"2\" width=\"167\">Modenfelddurchmesser (MFD)<\/td>\n<td width=\"96\">1310 nm<\/td>\n<td width=\"85\">\u03bcm<\/td>\n<td width=\"85\">9,2 \u00b1 0,4<\/td>\n<td width=\"85\">9,2 \u00b1 0,4<\/td>\n<td width=\"85\">8,6 \u00b1 0,4<\/td>\n<td width=\"75\">8,6 \u00b1 0,4<\/td>\n<\/tr>\n<tr>\n<td width=\"96\">1550 nm<\/td>\n<td width=\"85\">\u03bcm<\/td>\n<td width=\"85\">10,4 \u00b1 0,5<\/td>\n<td width=\"85\">10,4 \u00b1 0,5<\/td>\n<td width=\"85\">9,6 \u00b1 0,5<\/td>\n<td width=\"75\">9,6 \u00b1 0,5<\/td>\n<\/tr>\n<tr>\n<td rowspan=\"2\" width=\"167\">D\u00e4mpfungsdiskontinuit\u00e4t<\/td>\n<td width=\"96\">1310 nm<\/td>\n<td width=\"85\">dB<\/td>\n<td width=\"85\">\u22640,03<\/td>\n<td width=\"85\">\u22640,03<\/td>\n<td width=\"85\">\u22640,03<\/td>\n<td width=\"75\">\u22640,03<\/td>\n<\/tr>\n<tr>\n<td width=\"96\">1550 nm<\/td>\n<td width=\"85\">dB<\/td>\n<td width=\"85\">\u22640,03<\/td>\n<td width=\"85\">\u22640,03<\/td>\n<td width=\"85\">\u22640,03<\/td>\n<td width=\"75\">\u22640,03<\/td>\n<\/tr>\n<tr>\n<td rowspan=\"2\" width=\"167\">Bidirektionale D\u00e4mpfung<\/td>\n<td width=\"96\">1310 nm<\/td>\n<td width=\"85\">dB\/km<\/td>\n<td width=\"85\">\u22640,04<\/td>\n<td width=\"85\"><\/td>\n<td width=\"85\"><\/td>\n<td width=\"75\">\u22640,05<\/td>\n<\/tr>\n<tr>\n<td width=\"96\">1550 nm<\/td>\n<td width=\"85\">dB\/km<\/td>\n<td width=\"85\">\u22640,04<\/td>\n<td width=\"85\"><\/td>\n<td width=\"85\"><\/td>\n<td width=\"75\">\u22640,05<\/td>\n<\/tr>\n<tr>\n<td colspan=\"3\" width=\"349\"><strong><b>Geometrisch<\/b><\/strong><\/td>\n<td colspan=\"4\" width=\"330\"><\/td>\n<\/tr>\n<tr>\n<td colspan=\"2\" width=\"264\">Manteldurchmesser<\/td>\n<td width=\"85\">\u03bcm<\/td>\n<td width=\"85\">125\u00b10,7<\/td>\n<td width=\"85\">125\u00b10,7<\/td>\n<td width=\"85\">125\u00b10,7<\/td>\n<td width=\"75\">125\u00b10,7<\/td>\n<\/tr>\n<tr>\n<td colspan=\"2\" width=\"264\">Unrundheit der Verkleidung<\/td>\n<td width=\"85\">%<\/td>\n<td width=\"85\">\u22641,0<\/td>\n<td width=\"85\">\u22641,0<\/td>\n<td width=\"85\">\u22640,8<\/td>\n<td width=\"75\">\u22640,7<\/td>\n<\/tr>\n<tr>\n<td colspan=\"2\" width=\"264\">Kern-\/Mantel-Konzentrizit\u00e4tsfehler<\/td>\n<td width=\"85\">\u03bcm<\/td>\n<td width=\"85\">\u22640,6<\/td>\n<td width=\"85\">\u22640,5<\/td>\n<td width=\"85\">\u22640,5<\/td>\n<td width=\"75\">\u22640,5<\/td>\n<\/tr>\n<tr>\n<td colspan=\"2\" rowspan=\"2\" width=\"264\">Beschichtungsdurchmesser (ungef\u00e4rbt)<\/td>\n<td width=\"85\">\u03bcm<\/td>\n<td colspan=\"4\" width=\"330\">242\u00b17 (Standard)<\/td>\n<\/tr>\n<tr>\n<td width=\"85\">\u03bcm<\/td>\n<td colspan=\"4\" width=\"330\">200\u00b110 (optional)<\/td>\n<\/tr>\n<tr>\n<td colspan=\"2\" width=\"264\">Konzentrizit\u00e4tsfehler der Beschichtung\/Verkleidung<\/td>\n<td width=\"85\">\u03bcm<\/td>\n<td width=\"85\">\u226412<\/td>\n<td width=\"85\">\u226412<\/td>\n<td width=\"85\">\u226412<\/td>\n<td width=\"75\">\u226412<\/td>\n<\/tr>\n<tr>\n<td colspan=\"2\" width=\"264\">Locken<\/td>\n<td width=\"85\">m<\/td>\n<td width=\"85\">\u22654<\/td>\n<td width=\"85\">\u22654<\/td>\n<td width=\"85\">\u22654<\/td>\n<td width=\"75\">\u22654<\/td>\n<\/tr>\n<tr>\n<td colspan=\"3\" width=\"349\"><strong><b>Umwelt (1550 nm, 1625 nm)<\/b><\/strong><\/td>\n<td colspan=\"4\" width=\"330\"><\/td>\n<\/tr>\n<tr>\n<td width=\"167\">Temperaturwechsel<\/td>\n<td width=\"96\">-60\u2103 bis +85\u2103<\/td>\n<td width=\"85\">dB\/km<\/td>\n<td width=\"85\">\u22640,03<\/td>\n<td width=\"85\">\u22640,05<\/td>\n<td width=\"85\">\u22640,05<\/td>\n<td width=\"75\">\u22640,05<\/td>\n<\/tr>\n<tr>\n<td width=\"167\">Hohe Temperatur &amp;<\/p>\n<p>Hohe Luftfeuchtigkeit<\/td>\n<td width=\"96\">85\u2103, 85% RH, 30 Tage<\/td>\n<td width=\"85\">dB\/km<\/td>\n<td width=\"85\">\u22640,03<\/td>\n<td width=\"85\">\u22640,05<\/td>\n<td width=\"85\">\u22640,05<\/td>\n<td width=\"75\">\u22640,05<\/td>\n<\/tr>\n<tr>\n<td width=\"167\">Eintauchen in Wasser<\/td>\n<td width=\"96\">23\u2103, 30 Tage<\/td>\n<td width=\"85\">dB\/km<\/td>\n<td width=\"85\">\u22640,03<\/td>\n<td width=\"85\">\u22640,05<\/td>\n<td width=\"85\">\u22640,05<\/td>\n<td width=\"75\">\u22640,05<\/td>\n<\/tr>\n<tr>\n<td width=\"167\">Hochtemperaturalterung<\/td>\n<td width=\"96\">85\u2103, 30 Tage<\/td>\n<td width=\"85\">dB\/km<\/td>\n<td width=\"85\">\u22640,03<\/td>\n<td width=\"85\">\u22640,05<\/td>\n<td width=\"85\">\u22640,05<\/td>\n<td width=\"75\">\u22640,05<\/td>\n<\/tr>\n<\/tbody>\n<\/table>\n<p>&nbsp;<\/p>\n<p><b><\/b><strong>Merkmal<\/strong><strong>von<\/strong><strong>\u00a0<\/strong><strong>Optisch<\/strong><strong>\u00a0<\/strong><strong>Faser<\/strong><\/p>\n<p>G652D Eigenschaften von optischen Fasern<\/p>\n<table>\n<tbody>\n<tr>\n<td colspan=\"2\" rowspan=\"2\" width=\"457\"><strong>Artikel<\/strong><\/td>\n<td rowspan=\"2\" width=\"84\"><strong>Einheit<\/strong><\/td>\n<td width=\"169\"><strong>Spezifikation<\/strong><\/td>\n<\/tr>\n<tr>\n<td width=\"169\">G. 652D<\/td>\n<\/tr>\n<tr>\n<td rowspan=\"2\" width=\"324\">&nbsp;<\/p>\n<p>Modusfelddurchmesser<\/td>\n<td width=\"132\">1310 nm<\/td>\n<td width=\"84\">mm<\/td>\n<td width=\"169\">9,2 \u00b1 0,4<\/td>\n<\/tr>\n<tr>\n<td width=\"132\">1550 nm<\/td>\n<td width=\"84\">mm<\/td>\n<td width=\"169\">10,4 \u00b1 0,5<\/td>\n<\/tr>\n<tr>\n<td colspan=\"2\" width=\"457\">Verkleidungsdurchmesser<\/td>\n<td width=\"84\">mm<\/td>\n<td width=\"169\">125,0 \u00b1 0,7<\/td>\n<\/tr>\n<tr>\n<td colspan=\"2\" width=\"457\">Unrundheit der Verkleidung<\/td>\n<td width=\"84\">%<\/td>\n<td width=\"169\">\u00a31.0<\/td>\n<\/tr>\n<tr>\n<td colspan=\"2\" width=\"457\">Kernkonzentrizit\u00e4tsfehler<\/td>\n<td width=\"84\">mm<\/td>\n<td width=\"169\">\u00a30.6<\/td>\n<\/tr>\n<tr>\n<td colspan=\"2\" width=\"457\">Beschichtungsdurchmesser<\/td>\n<td width=\"84\">mm<\/td>\n<td width=\"169\">242 \u00b1 7<\/td>\n<\/tr>\n<tr>\n<td colspan=\"2\" width=\"457\">Konzentrizit\u00e4tsfehler der Beschichtung\/Verkleidung<\/td>\n<td width=\"84\">mm<\/td>\n<td width=\"169\">\u00a312<\/td>\n<\/tr>\n<tr>\n<td colspan=\"2\" width=\"457\">Kabel-Grenzwellenl\u00e4nge \u03bbcc<\/td>\n<td width=\"84\">nm<\/td>\n<td width=\"169\">\u00a3\u00a01260<\/td>\n<\/tr>\n<tr>\n<td rowspan=\"2\" width=\"324\">D\u00e4mpfung<\/td>\n<td width=\"132\">1310 nm<\/td>\n<td width=\"84\">dB\/km<\/td>\n<td width=\"169\">\u00a30.35<\/td>\n<\/tr>\n<tr>\n<td width=\"132\">1550 nm<\/td>\n<td width=\"84\">dB\/km<\/td>\n<td width=\"169\">\u00a30.21<\/td>\n<\/tr>\n<\/tbody>\n<\/table>\n<p>Andere Parameter entsprechen dem Standard ITU-T G.652<\/p>","protected":false},"excerpt":{"rendered":"<p>Das vollst\u00e4ndig dielektrische FTTH-Flachkabel 1F (3,0 \u00d7 5,4 mm) verwendet eine flache Schmetterlingsstruktur, deren Glasfasereinheit in der Mitte positioniert ist. An den beiden Seiten sind zwei parallele Festigkeitstr\u00e4ger aus faserverst\u00e4rktem Kunststoff (FRP) angebracht. Anschlie\u00dfend wird das Kabel mit einem PE-Mantel versehen.   Merkmale  Kompaktes Design f\u00fcr universelle Anwendung. Geeignet f\u00fcr Antennen- und [\u2026]<\/p>","protected":false},"featured_media":11961,"comment_status":"closed","ping_status":"closed","template":"","meta":{"site-sidebar-layout":"default","site-content-layout":"","ast-site-content-layout":"default","site-content-style":"default","site-sidebar-style":"default","ast-global-header-display":"","ast-banner-title-visibility":"","ast-main-header-display":"","ast-hfb-above-header-display":"","ast-hfb-below-header-display":"","ast-hfb-mobile-header-display":"","site-post-title":"","ast-breadcrumbs-content":"","ast-featured-img":"","footer-sml-layout":"","theme-transparent-header-meta":"default","adv-header-id-meta":"","stick-header-meta":"default","header-above-stick-meta":"","header-main-stick-meta":"","header-below-stick-meta":"","astra-migrate-meta-layouts":"set","ast-page-background-enabled":"default","ast-page-background-meta":{"desktop":{"background-color":"var(--ast-global-color-4)","background-image":"","background-repeat":"repeat","background-position":"center center","background-size":"auto","background-attachment":"scroll","background-type":"","background-media":"","overlay-type":"","overlay-color":"","overlay-gradient":""},"tablet":{"background-color":"","background-image":"","background-repeat":"repeat","background-position":"center center","background-size":"auto","background-attachment":"scroll","background-type":"","background-media":"","overlay-type":"","overlay-color":"","overlay-gradient":""},"mobile":{"background-color":"","background-image":"","background-repeat":"repeat","background-position":"center center","background-size":"auto","background-attachment":"scroll","background-type":"","background-media":"","overlay-type":"","overlay-color":"","overlay-gradient":""}},"ast-content-background-meta":{"desktop":{"background-color":"var(--ast-global-color-5)","background-image":"","background-repeat":"repeat","background-position":"center center","background-size":"auto","background-attachment":"scroll","background-type":"","background-media":"","overlay-type":"","overlay-color":"","overlay-gradient":""},"tablet":{"background-color":"var(--ast-global-color-5)","background-image":"","background-repeat":"repeat","background-position":"center center","background-size":"auto","background-attachment":"scroll","background-type":"","background-media":"","overlay-type":"","overlay-color":"","overlay-gradient":""},"mobile":{"background-color":"var(--ast-global-color-5)","background-image":"","background-repeat":"repeat","background-position":"center center","background-size":"auto","background-attachment":"scroll","background-type":"","background-media":"","overlay-type":"","overlay-color":"","overlay-gradient":""}}},"product_cat":[131,122,168],"product_tag":[],"class_list":{"0":"post-11952","1":"product","2":"type-product","3":"status-publish","4":"has-post-thumbnail","6":"product_cat-all-dielectric-flat-drop-cable","7":"product_cat-ftth-drop-cable","8":"product_cat-recommended-products","9":"desktop-align-left","10":"tablet-align-left","11":"mobile-align-left","12":"ast-product-gallery-layout-horizontal-slider","13":"ast-product-tabs-layout-horizontal","15":"first","16":"instock","17":"shipping-taxable","18":"product-type-simple"},"acf":[],"_links":{"self":[{"href":"https:\/\/www.omccable.com\/de\/wp-json\/wp\/v2\/product\/11952","targetHints":{"allow":["GET"]}}],"collection":[{"href":"https:\/\/www.omccable.com\/de\/wp-json\/wp\/v2\/product"}],"about":[{"href":"https:\/\/www.omccable.com\/de\/wp-json\/wp\/v2\/types\/product"}],"replies":[{"embeddable":true,"href":"https:\/\/www.omccable.com\/de\/wp-json\/wp\/v2\/comments?post=11952"}],"version-history":[{"count":3,"href":"https:\/\/www.omccable.com\/de\/wp-json\/wp\/v2\/product\/11952\/revisions"}],"predecessor-version":[{"id":11964,"href":"https:\/\/www.omccable.com\/de\/wp-json\/wp\/v2\/product\/11952\/revisions\/11964"}],"wp:featuredmedia":[{"embeddable":true,"href":"https:\/\/www.omccable.com\/de\/wp-json\/wp\/v2\/media\/11961"}],"wp:attachment":[{"href":"https:\/\/www.omccable.com\/de\/wp-json\/wp\/v2\/media?parent=11952"}],"wp:term":[{"taxonomy":"product_cat","embeddable":true,"href":"https:\/\/www.omccable.com\/de\/wp-json\/wp\/v2\/product_cat?post=11952"},{"taxonomy":"product_tag","embeddable":true,"href":"https:\/\/www.omccable.com\/de\/wp-json\/wp\/v2\/product_tag?post=11952"}],"curies":[{"name":"wp","href":"https:\/\/api.w.org\/{rel}","templated":true}]}}