{"id":11946,"date":"2024-07-30T15:05:55","date_gmt":"2024-07-30T07:05:55","guid":{"rendered":"https:\/\/www.omccable.com\/?post_type=product&#038;p=11946"},"modified":"2025-07-28T09:20:47","modified_gmt":"2025-07-28T01:20:47","slug":"4f-5-0mm-ftta-cpri-armored-cable","status":"publish","type":"product","link":"https:\/\/www.omccable.com\/de\/produkt\/4f-5-0mm-ftta-cpri-armored-cable\/","title":{"rendered":"4F 5.0mm FTTA CPRI Armored Kabel"},"content":{"rendered":"<p>Bei diesem CPRI-Kabel handelt es sich um ein gepanzertes CPRI-Kabel mit einem Kabelau\u00dfendurchmesser von 5,0 mm. Seine Struktur ist wie folgt: Es enth\u00e4lt 4 \u00d7 600 \u00b5m dicke Pufferfasern. Ein spiralf\u00f6rmiges Stahlrohr umh\u00fcllt diese dichten Pufferfasern und bietet so hohen Schutz. Ein Aramidgarn umh\u00fcllt das Stahlrohr als Festigkeitstr\u00e4ger. Der Mantel des Kabels besteht aus LSZH-Material mit Anti-UV-Funktion.<\/p>\n<p>&nbsp;<\/p>\n<p><strong>Produktdetails:<\/strong><\/p>\n<table>\n<tbody>\n<tr>\n<td width=\"154\"><strong>Artikel<\/strong><\/td>\n<td width=\"112\"><strong>Inhalt<\/strong><\/td>\n<td width=\"83\"><strong>Einheit<\/strong><\/td>\n<td width=\"335\"><strong>Wert<\/strong><\/td>\n<\/tr>\n<tr>\n<td width=\"154\">Fasertyp<\/td>\n<td width=\"112\">\/<\/td>\n<td width=\"83\">\/<\/td>\n<td width=\"335\">SM G652D;OM2,OM3,OM4<\/td>\n<\/tr>\n<tr>\n<td width=\"154\">Kabeldurchmesser<\/td>\n<td width=\"112\">\u00b10,3<\/td>\n<td width=\"83\">mm<\/td>\n<td width=\"335\">5,0 \u00b1 0,2<\/td>\n<\/tr>\n<tr>\n<td rowspan=\"3\" width=\"154\">Enger Puffer<\/td>\n<td width=\"112\">Material<\/td>\n<td width=\"83\">\/<\/td>\n<td width=\"335\">PVC,LSZH<\/td>\n<\/tr>\n<tr>\n<td width=\"112\">Farbe<\/td>\n<td width=\"83\">\/<\/td>\n<td width=\"335\">Blau,Orange,Gr\u00fcn,Braun<\/td>\n<\/tr>\n<tr>\n<td width=\"112\">Durchmesser<\/td>\n<td width=\"83\">mm<\/td>\n<td width=\"335\">0.6<\/td>\n<\/tr>\n<tr>\n<td rowspan=\"2\" width=\"154\">Gepanzerte Einheit<\/td>\n<td width=\"112\">Material<\/td>\n<td width=\"83\">\/<\/td>\n<td width=\"335\">Spiralrohr aus Edelstahl SUS204<\/td>\n<\/tr>\n<tr>\n<td width=\"112\">Durchmesser<\/td>\n<td width=\"83\">mm<\/td>\n<td width=\"335\">2,8 \u00b1 0,1<\/td>\n<\/tr>\n<tr>\n<td width=\"154\">Kraftmitglied<\/td>\n<td width=\"112\">Material<\/td>\n<td width=\"83\">\/<\/td>\n<td width=\"335\">Aramidgarn<\/td>\n<\/tr>\n<tr>\n<td rowspan=\"2\" width=\"154\">Au\u00dfenmantel<\/td>\n<td width=\"112\">Material<\/td>\n<td width=\"83\">\/<\/td>\n<td width=\"335\">LSZH<\/td>\n<\/tr>\n<tr>\n<td width=\"112\">Farbe<\/td>\n<td width=\"83\">\/<\/td>\n<td width=\"335\">Blau, Gelb, Schwarz, Orange, Grau, Aquamarin<\/td>\n<\/tr>\n<tr>\n<td width=\"154\">Kabelgewicht<\/td>\n<td width=\"112\">\u00b15%<\/td>\n<td width=\"83\">kg\/km<\/td>\n<td width=\"335\">50<\/td>\n<\/tr>\n<\/tbody>\n<\/table>\n<p><strong>\u00a0<\/strong><\/p>\n<p><strong><b>Mechanische und Umweltleistung<\/b><\/strong><\/p>\n<table>\n<tbody>\n<tr>\n<td width=\"221\"><strong>Artikel<\/strong><\/td>\n<td width=\"206\"><strong>Inhalt<\/strong><\/td>\n<td width=\"245\"><strong>Wert<\/strong><\/td>\n<\/tr>\n<tr>\n<td rowspan=\"2\" width=\"221\">Max. Zugbelastung<\/td>\n<td width=\"206\">Kurzfristig<\/td>\n<td width=\"245\">600N Faserdehnung\u22640,6%<\/td>\n<\/tr>\n<tr>\n<td width=\"206\">Langfristig<\/td>\n<td width=\"245\">300N<\/td>\n<\/tr>\n<tr>\n<td rowspan=\"2\" width=\"221\">Max. Druckfestigkeit<\/td>\n<td width=\"206\">Kurzfristig<\/td>\n<td width=\"245\">3000 N\/100 mm<\/td>\n<\/tr>\n<tr>\n<td width=\"206\">Langfristig<\/td>\n<td width=\"245\">1500N\/100mm<\/td>\n<\/tr>\n<tr>\n<td rowspan=\"2\" width=\"221\">Min. Biegeradius<\/td>\n<td width=\"206\">Installation<\/td>\n<td width=\"245\">40 x Kabeldurchmesser<\/td>\n<\/tr>\n<tr>\n<td width=\"206\">Betrieb<\/td>\n<td width=\"245\">20 x Kabeldurchmesser<\/td>\n<\/tr>\n<tr>\n<td rowspan=\"3\" width=\"221\">Temperaturbereich<\/td>\n<td width=\"206\">Betrieb<\/td>\n<td width=\"245\">-30\u2103 ~ +80\u2103<\/td>\n<\/tr>\n<tr>\n<td width=\"206\">Installation<\/td>\n<td width=\"245\">-20\u2103 ~ +60\u2103<\/td>\n<\/tr>\n<tr>\n<td width=\"206\">Lagerung\/Transport<\/td>\n<td width=\"245\">-20\u2103 ~ +70\u2103<\/td>\n<\/tr>\n<\/tbody>\n<\/table>\n<p><strong>\u00a0<\/strong><\/p>\n<p><strong><b>Technische Parameter der Glasfaser<\/b><\/strong><\/p>\n<table>\n<tbody>\n<tr>\n<td colspan=\"2\" width=\"254\"><strong>Faserstil<\/strong><\/td>\n<td width=\"94\"><strong>Einheit<\/strong><\/td>\n<td width=\"94\"><strong>SM 9\/125<\/strong><\/td>\n<td width=\"103\"><strong>MM 50\/125<\/strong><\/td>\n<td width=\"139\"><strong>MM 62,5\/125<\/strong><\/td>\n<\/tr>\n<tr>\n<td colspan=\"2\" width=\"254\">Zustand<\/td>\n<td width=\"94\">nm<\/td>\n<td width=\"94\">1310\/1550<\/td>\n<td width=\"103\">850\/1300<\/td>\n<td width=\"139\">850\/1300<\/td>\n<\/tr>\n<tr>\n<td colspan=\"2\" width=\"254\">D\u00e4mpfung<\/td>\n<td width=\"94\">dB\/km<\/td>\n<td width=\"94\">\u22640,34\/0,2<\/td>\n<td width=\"103\">\u22643,0\/1,0<\/td>\n<td width=\"139\">\u22643,0\/1,0<\/td>\n<\/tr>\n<tr>\n<td rowspan=\"2\" width=\"141\">Streuung<\/td>\n<td width=\"113\">1310 nm<\/td>\n<td width=\"94\">Ps\/(nm*km)<\/td>\n<td width=\"94\">\u226418<\/td>\n<td width=\"103\">\u2026..<\/td>\n<td width=\"139\">\u2026..<\/td>\n<\/tr>\n<tr>\n<td width=\"113\">1550 nm<\/td>\n<td width=\"94\">Ps\/(nm*km)<\/td>\n<td width=\"94\">\u226422<\/td>\n<td width=\"103\">\u2026..<\/td>\n<td width=\"139\">\u2026..<\/td>\n<\/tr>\n<tr>\n<td rowspan=\"2\" width=\"141\">Bandbreite<\/td>\n<td width=\"113\">850 nm<\/td>\n<td width=\"94\">MHZ. KM<\/td>\n<td width=\"94\">\u2026..<\/td>\n<td width=\"103\">\u2267400<\/td>\n<td width=\"139\">\u2267160<\/td>\n<\/tr>\n<tr>\n<td width=\"113\">1300 nm<\/td>\n<td width=\"94\">MHZ. KM<\/td>\n<td width=\"94\">\u2026..<\/td>\n<td width=\"103\">\u2267800<\/td>\n<td width=\"139\">\u2267500<\/td>\n<\/tr>\n<tr>\n<td colspan=\"2\" width=\"254\">Wellenl\u00e4nge ohne Dispersion<\/td>\n<td width=\"94\">nm<\/td>\n<td width=\"94\">\u22671302,<\/p>\n<p>\u22641322<\/td>\n<td width=\"103\">\u2026..<\/td>\n<td width=\"139\">\u2026..<\/td>\n<\/tr>\n<tr>\n<td colspan=\"2\" width=\"254\">Nulldispersionssteigung<\/td>\n<td width=\"94\">nm<\/td>\n<td width=\"94\">\u22640,091<\/td>\n<td width=\"103\">\u2026..<\/td>\n<td width=\"139\">\u2026..<\/td>\n<\/tr>\n<tr>\n<td colspan=\"2\" width=\"254\">PMD Maximale Einzelfaser<\/td>\n<td width=\"94\"><\/td>\n<td width=\"94\">\u22640,2<\/td>\n<td width=\"103\">\u2026..<\/td>\n<td width=\"139\">\u2026..<\/td>\n<\/tr>\n<tr>\n<td colspan=\"2\" width=\"254\">PMD-Design-Linkwert<\/td>\n<td width=\"94\">Ps(nm2*km)<\/td>\n<td width=\"94\">\u22640,08<\/td>\n<td width=\"103\">\u2026..<\/td>\n<td width=\"139\">\u2026..<\/td>\n<\/tr>\n<tr>\n<td colspan=\"2\" width=\"254\">Fasergrenzwellenl\u00e4nge \u03bbc<\/td>\n<td width=\"94\">nm<\/td>\n<td width=\"94\">\u22671180,<\/p>\n<p>\u22641330<\/td>\n<td width=\"103\">\u2026..<\/td>\n<td width=\"139\">\u2026..<\/td>\n<\/tr>\n<tr>\n<td colspan=\"2\" width=\"254\">Kabelgrenzwellenl\u00e4nge \u03bbcc<\/td>\n<td width=\"94\">nm<\/td>\n<td width=\"94\">\u22641260<\/td>\n<td width=\"103\">\u2026..<\/td>\n<td width=\"139\">\u2026..<\/td>\n<\/tr>\n<tr>\n<td rowspan=\"2\" width=\"141\">MFD<\/td>\n<td width=\"113\">1310 nm<\/td>\n<td width=\"94\">\u00e4hm<\/td>\n<td width=\"94\">9,2 \u00b1 0,4<\/td>\n<td width=\"103\">\u2026..<\/td>\n<td width=\"139\">\u2026..<\/td>\n<\/tr>\n<tr>\n<td width=\"113\">1550 nm<\/td>\n<td width=\"94\">\u00e4hm<\/td>\n<td width=\"94\">10,4 \u00b1 0,8<\/td>\n<td width=\"103\">\u2026..<\/td>\n<td width=\"139\">\u2026..<\/td>\n<\/tr>\n<tr>\n<td colspan=\"2\" width=\"254\">Numerische Apertur (NA)<\/td>\n<td width=\"94\"><\/td>\n<td width=\"94\">\u2026\u2026<\/td>\n<td width=\"103\">0,200 \u00b1 0,015<\/td>\n<td width=\"139\">0,275 \u00b1 0,015<\/td>\n<\/tr>\n<tr>\n<td colspan=\"2\" width=\"254\">Schritt (Mittelwert der bidirektionalen Messung)<\/td>\n<td width=\"94\">dB<\/td>\n<td width=\"94\">\u22640,05<\/td>\n<td width=\"103\">\u22640,10<\/td>\n<td width=\"139\">\u22640,10<\/td>\n<\/tr>\n<tr>\n<td colspan=\"2\" width=\"254\">Unregelm\u00e4\u00dfigkeiten \u00fcber die Faserl\u00e4nge und Punktdiskontinuit\u00e4t<\/td>\n<td width=\"94\">dB<\/td>\n<td width=\"94\">\u22640,05<\/td>\n<td width=\"103\">\u22640,10<\/td>\n<td width=\"139\">\u22640,10<\/td>\n<\/tr>\n<tr>\n<td colspan=\"2\" width=\"254\">Differenz-R\u00fcckstreukoeffizient<\/td>\n<td width=\"94\">dB\/km<\/td>\n<td width=\"94\">\u22640,03<\/td>\n<td width=\"103\">\u22640,08<\/td>\n<td width=\"139\">\u22640,10<\/td>\n<\/tr>\n<tr>\n<td colspan=\"2\" width=\"254\">Gleichm\u00e4\u00dfige D\u00e4mpfung<\/td>\n<td width=\"94\">dB\/km<\/td>\n<td width=\"94\">\u22640,01<\/td>\n<td width=\"103\">\u2026\u2026.<\/td>\n<td width=\"139\">\u2026\u2026.<\/td>\n<\/tr>\n<tr>\n<td colspan=\"2\" width=\"254\">Kerndurchmesser<\/td>\n<td width=\"94\">\u00e4hm<\/td>\n<td width=\"94\">\u2026\u2026<\/td>\n<td width=\"103\">50\u00b11,0<\/td>\n<td width=\"139\">62,5\u00b12,5<\/td>\n<\/tr>\n<tr>\n<td colspan=\"2\" width=\"254\">Manteldurchmesser<\/td>\n<td width=\"94\">\u00e4hm<\/td>\n<td width=\"94\">125,0 \u00b1 0,1<\/td>\n<td width=\"103\">125,0 \u00b1 0,1<\/td>\n<td width=\"139\">125,0 \u00b1 0,1<\/td>\n<\/tr>\n<tr>\n<td colspan=\"2\" width=\"254\">Unrundheit der Verkleidung<\/td>\n<td width=\"94\">%<\/td>\n<td width=\"94\">\u22641,0<\/td>\n<td width=\"103\">\u22641,0<\/td>\n<td width=\"139\">\u22641,0<\/td>\n<\/tr>\n<tr>\n<td colspan=\"2\" width=\"254\">Beschichtungsdurchmesser<\/td>\n<td width=\"94\">\u00e4hm<\/td>\n<td width=\"94\">242\u00b17<\/td>\n<td width=\"103\">242\u00b17<\/td>\n<td width=\"139\">242\u00b17<\/td>\n<\/tr>\n<tr>\n<td colspan=\"2\" width=\"254\">Beschichtung\/Buchfink konzentrischer Fehler<\/td>\n<td width=\"94\">\u00e4hm<\/td>\n<td width=\"94\">\u226412,0<\/td>\n<td width=\"103\">\u226412,0<\/td>\n<td width=\"139\">\u226412,0<\/td>\n<\/tr>\n<tr>\n<td colspan=\"2\" width=\"254\">Nichtzirkularit\u00e4t der Beschichtung<\/td>\n<td width=\"94\">%<\/td>\n<td width=\"94\">\u22646,0<\/td>\n<td width=\"103\">\u22646,0<\/td>\n<td width=\"139\">\u22646,0<\/td>\n<\/tr>\n<tr>\n<td colspan=\"2\" width=\"254\">Konzentrizit\u00e4tsfehler Kern\/Mantel<\/td>\n<td width=\"94\">\u00e4hm<\/td>\n<td width=\"94\">\u22640,6<\/td>\n<td width=\"103\">\u22641,5<\/td>\n<td width=\"139\">\u22641,5<\/td>\n<\/tr>\n<tr>\n<td colspan=\"2\" width=\"254\">Curl(Radius)<\/td>\n<td width=\"94\">\u00e4hm<\/td>\n<td width=\"94\">\u22644<\/td>\n<td width=\"103\">\u2026..<\/td>\n<td width=\"139\">\u2026..<\/td>\n<\/tr>\n<\/tbody>\n<\/table>\n<p><strong>\u00a0<\/strong><\/p>\n<p><strong><b>Technische Parameter der optischen Faser-MM<\/b><\/strong><\/p>\n<table>\n<tbody>\n<tr>\n<td rowspan=\"2\" width=\"198\"><strong><b>Funktionen<\/b><\/strong><\/td>\n<td rowspan=\"2\" width=\"90\"><strong><b>Bedingungen<\/b><\/strong><\/td>\n<td rowspan=\"2\" width=\"70\"><strong><b>Einheit<\/b><\/strong><\/td>\n<td colspan=\"5\" width=\"351\"><strong><b>Wert<\/b><\/strong><\/td>\n<\/tr>\n<tr>\n<td width=\"93\"><strong><b>OM1<\/b><\/strong><\/td>\n<td width=\"91\"><strong><b>OM2<\/b><\/strong><\/td>\n<td width=\"57\"><strong><b>OM2+<\/b><\/strong><\/td>\n<td width=\"53\"><strong><b>OM3<\/b><\/strong><\/td>\n<td width=\"54\"><strong><b>OM4<\/b><\/strong><\/td>\n<\/tr>\n<tr>\n<td colspan=\"8\" width=\"710\"><strong><b>Optisch <\/b><\/strong><strong><b>Eigenschaften<\/b><\/strong><\/td>\n<\/tr>\n<tr>\n<td rowspan=\"2\" width=\"198\">D\u00e4mpfung<\/td>\n<td width=\"90\">850 nm<\/td>\n<td width=\"70\">dB\/km<\/td>\n<td width=\"93\">\u22642,70~\u22643,00<\/td>\n<td width=\"91\">\u22642,50<\/td>\n<td width=\"57\">\u22642,50<\/td>\n<td width=\"53\">\u22642,50<\/td>\n<td width=\"54\">\u22642,50<\/td>\n<\/tr>\n<tr>\n<td width=\"90\">1300 nm<\/td>\n<td width=\"70\">dB\/km<\/td>\n<td width=\"93\">\u22640,60~\u22641,00<\/td>\n<td width=\"91\">\u22640,70<\/td>\n<td width=\"57\">\u22640,70<\/td>\n<td width=\"53\">\u22640,70<\/td>\n<td width=\"54\">\u22640,70<\/td>\n<\/tr>\n<tr>\n<td rowspan=\"2\" width=\"198\">Minimale modale Bandbreite<\/td>\n<td width=\"90\">850 nm<\/td>\n<td width=\"70\">MHz.km<\/td>\n<td width=\"93\">\u2265200~\u2265100<\/td>\n<td width=\"91\">\u2265500~\u2265200<\/td>\n<td width=\"57\">\u2013<\/td>\n<td width=\"53\">\u2013<\/td>\n<td width=\"54\">\u2013<\/td>\n<\/tr>\n<tr>\n<td width=\"90\">1300 nm<\/td>\n<td width=\"70\">MHz.km<\/td>\n<td width=\"93\">\u2265600~\u2265160<\/td>\n<td width=\"91\">\u22651200~\u2265400<\/td>\n<td width=\"57\">\u2013<\/td>\n<td width=\"53\">\u2013<\/td>\n<td width=\"54\">\u2013<\/td>\n<\/tr>\n<tr>\n<td rowspan=\"2\" width=\"198\">\u00dcberf\u00fcllte Startbandbreite<\/td>\n<td width=\"90\">850 nm<\/td>\n<td width=\"70\">MHz.km<\/td>\n<td width=\"93\">\u2013<\/td>\n<td width=\"91\">\u2013<\/td>\n<td width=\"57\">\u2265700<\/td>\n<td width=\"53\">\u22651500<\/td>\n<td width=\"54\">\u22653500<\/td>\n<\/tr>\n<tr>\n<td width=\"90\">1300 nm<\/td>\n<td width=\"70\">MHz.km<\/td>\n<td width=\"93\">\u2013<\/td>\n<td width=\"91\">\u2013<\/td>\n<td width=\"57\">\u2265500<\/td>\n<td width=\"53\">\u2265500<\/td>\n<td width=\"54\">\u2265500<\/td>\n<\/tr>\n<tr>\n<td width=\"198\">Effektive modale Bandbreite<\/td>\n<td width=\"90\">850 nm<\/td>\n<td width=\"70\">MHz.km<\/td>\n<td width=\"93\">\u2013<\/td>\n<td width=\"91\">\u2013<\/td>\n<td width=\"57\">\u2265950<\/td>\n<td width=\"53\">\u22652000<\/td>\n<td width=\"54\">\u22654700<\/td>\n<\/tr>\n<tr>\n<td width=\"198\">Numerische Apertur<\/td>\n<td width=\"90\"><\/td>\n<td width=\"70\"><\/td>\n<td width=\"93\">0,275 \u00b1 0,015<\/td>\n<td colspan=\"4\" width=\"257\">0.18~0.215<\/td>\n<\/tr>\n<tr>\n<td width=\"198\">10 Gbit\/s Ethernet-Verbindungsl\u00e4nge<\/td>\n<td width=\"90\"><\/td>\n<td width=\"70\">M<\/td>\n<td width=\"93\">\u2013<\/td>\n<td width=\"91\">\u2013<\/td>\n<td width=\"57\">150<\/td>\n<td width=\"53\">300<\/td>\n<td width=\"54\">550<\/td>\n<\/tr>\n<tr>\n<td colspan=\"8\" width=\"710\"><strong><b>R\u00fcckstreueigenschaften (1300 nm)<\/b><\/strong><\/td>\n<\/tr>\n<tr>\n<td colspan=\"2\" width=\"288\">Unregelm\u00e4\u00dfigkeiten \u00fcber die Faserl\u00e4nge und Punktdiskontinuit\u00e4t<\/td>\n<td width=\"70\">dB<\/td>\n<td colspan=\"5\" width=\"351\">\u22640,1<\/td>\n<\/tr>\n<tr>\n<td colspan=\"2\" width=\"288\">Gleichm\u00e4\u00dfige D\u00e4mpfung<\/td>\n<td width=\"70\">dB<\/td>\n<td colspan=\"5\" width=\"351\">\u22640,1<\/td>\n<\/tr>\n<tr>\n<td colspan=\"2\" width=\"288\">Schritt (Mittelwert der bidirektionalen Messung)<\/td>\n<td width=\"70\">dB\/km<\/td>\n<td colspan=\"5\" width=\"351\">\u22640,1<\/td>\n<\/tr>\n<tr>\n<td colspan=\"8\" width=\"710\"><strong><b>Geometrie <\/b><\/strong><strong><b>Eigenschaften<\/b><\/strong><\/td>\n<\/tr>\n<tr>\n<td colspan=\"2\" width=\"288\">Kerndurchmesser<\/td>\n<td width=\"70\">\u03bcm<\/td>\n<td width=\"93\">62,5\u00b12,5<\/td>\n<td colspan=\"4\" width=\"257\">50\u00b12,5<\/td>\n<\/tr>\n<tr>\n<td colspan=\"2\" width=\"288\">Kernunrundheit<\/td>\n<td width=\"70\">%<\/td>\n<td colspan=\"5\" width=\"351\">\u22645,0<\/td>\n<\/tr>\n<tr>\n<td colspan=\"2\" width=\"288\">Manteldurchmesser<\/td>\n<td width=\"70\">\u03bcm<\/td>\n<td colspan=\"5\" width=\"351\">124,3 \u00b1 0,7<\/td>\n<\/tr>\n<tr>\n<td colspan=\"2\" width=\"288\">Unrundheit der Verkleidung<\/td>\n<td width=\"70\">%<\/td>\n<td colspan=\"5\" width=\"351\">\u22642,0<\/td>\n<\/tr>\n<tr>\n<td colspan=\"2\" width=\"288\">Kern-\/Mantel-Konzentrizit\u00e4tsfehler<\/td>\n<td width=\"70\">\u03bcm<\/td>\n<td colspan=\"5\" width=\"351\">\u22641,5<\/td>\n<\/tr>\n<tr>\n<td colspan=\"2\" width=\"288\">Beschichtungsdurchmesser<\/td>\n<td width=\"70\">\u03bcm<\/td>\n<td colspan=\"5\" width=\"351\">245\u00b110<\/td>\n<\/tr>\n<tr>\n<td colspan=\"2\" width=\"288\">Konzentrizit\u00e4tsfehler bei Beschichtung\/Verkleidung<\/td>\n<td width=\"70\">\u03bcm<\/td>\n<td colspan=\"5\" width=\"351\">\u226412,0<\/td>\n<\/tr>\n<tr>\n<td colspan=\"2\" width=\"288\">Lieferl\u00e4nge<\/td>\n<td width=\"70\">km\/Rolle<\/td>\n<td colspan=\"5\" width=\"351\">\uff5e16,8<\/td>\n<\/tr>\n<tr>\n<td colspan=\"8\" width=\"710\"><strong><b>Umwelteigenschaften (850 nm und 1300 nm)<\/b><\/strong><\/td>\n<\/tr>\n<tr>\n<td width=\"198\">Temperaturabh\u00e4ngigkeit verursachte D\u00e4mpfung<\/td>\n<td width=\"90\">-60\u2103~+85\u2103<\/td>\n<td width=\"70\">dB\/km<\/td>\n<td colspan=\"5\" width=\"351\">\u22640,10<\/td>\n<\/tr>\n<tr>\n<td width=\"198\">Temperatur-Feuchtigkeit            abgeleitete D\u00e4mpfung<\/td>\n<td width=\"90\">-10\u2103~+85\u2103,98%RH<\/td>\n<td width=\"70\">dB\/km<\/td>\n<td colspan=\"5\" width=\"351\">\u22640,10<\/td>\n<\/tr>\n<tr>\n<td width=\"198\">Wasserabh\u00e4ngigkeit    induzierte D\u00e4mpfung<\/td>\n<td width=\"90\">23\u2103\u00b12\u2103,30 Tage<\/td>\n<td width=\"70\">dB\/km<\/td>\n<td colspan=\"5\" width=\"351\">\u22640,10<\/td>\n<\/tr>\n<tr>\n<td width=\"198\">Feuchte W\u00e4rmeabh\u00e4ngigkeit   induzierte D\u00e4mpfung<\/td>\n<td width=\"90\">85\u2103\u00b12\u2103und85%RH,30 Tage<\/td>\n<td width=\"70\">dB\/km<\/td>\n<td colspan=\"5\" width=\"351\">\u22640,10<\/td>\n<\/tr>\n<tr>\n<td width=\"198\">Trockene Hitzealterung<\/td>\n<td width=\"90\">85\u2103\u00b12\u2103<\/td>\n<td width=\"70\">dB\/km<\/td>\n<td colspan=\"5\" width=\"351\">\u22640,10<\/td>\n<\/tr>\n<\/tbody>\n<\/table>\n<p>&nbsp;<\/p>\n<p><strong><b>Testmethoden<\/b><\/strong><\/p>\n<table>\n<tbody>\n<tr>\n<td width=\"179\">Test<\/td>\n<td width=\"207\">Bedingungen<\/td>\n<td width=\"321\">Akzeptanzkriterien<\/td>\n<\/tr>\n<tr>\n<td width=\"179\">Zugfestigkeit IEC 60794-1-2 E1<\/td>\n<td width=\"207\">Zugbelastung: siehe Punkt 3 Probenl\u00e4nge: \u2265 50 m Versuchsdauer: 1 Min<\/td>\n<td width=\"321\">\u2013 Faserdehnung \u22640,6%<\/p>\n<p>\u2013 Keine Besch\u00e4digungen an der Au\u00dfen- und Innenjacke<\/p>\n<p>Elemente<\/td>\n<\/tr>\n<tr>\n<td width=\"179\">Druckfestigkeit IEC 60794-1-2 E3<\/td>\n<td width=\"207\">Crush: siehe Punkt 3 Testdauer: 5 Min<\/p>\n<p>Anzahl Tests: 3<\/td>\n<td width=\"321\">\u2013 Zus\u00e4tzliche D\u00e4mpfung: \u22640,1 dB nach dem Test<\/p>\n<p>\u2013 Keine Besch\u00e4digungen an der Au\u00dfen- und Innenjacke<\/p>\n<p>Elemente<\/td>\n<\/tr>\n<tr>\n<td width=\"179\">Auswirkungen<\/p>\n<p>IEC 60794-1-2 E4<\/td>\n<td width=\"207\">Aufprallenergie: 1J R=300 mm<\/p>\n<p>Aufprallpunkte: 3<\/p>\n<p>Auswirkungsnummer: 1<\/td>\n<td width=\"321\">\u2013 Keine offensichtliche zus\u00e4tzliche D\u00e4mpfung<\/p>\n<p>\u2013 Kein Schaden<\/td>\n<\/tr>\n<tr>\n<td width=\"179\">Wiederholtes Biegen IEC 60794-1-2-E11A<\/td>\n<td width=\"207\">Biegeradius: 15x Kabeldurchmesser. Turnnummer: 4<\/p>\n<p>Zyklen: 3<\/td>\n<td width=\"321\">\u2013 Keine offensichtliche zus\u00e4tzliche D\u00e4mpfung<\/p>\n<p>\u2013 Kein Schaden<\/td>\n<\/tr>\n<tr>\n<td width=\"179\">Torsion<\/p>\n<p>IEC 60794-1-2 E7<\/td>\n<td width=\"207\">Probenl\u00e4nge: 2 m: Winkel: \u00b1 180\u00b0<\/p>\n<p>Zyklen: 10<\/td>\n<td width=\"321\">\u2013 Keine offensichtliche zus\u00e4tzliche D\u00e4mpfung<\/p>\n<p>\u2013 Kein Schaden<\/td>\n<\/tr>\n<tr>\n<td width=\"179\">Temperaturwechsel IEC 60794-1-2 F1<\/td>\n<td width=\"207\">Schritte: -30 \u00b0C bis +60 \u00b0C<\/p>\n<p>12 Stunden<\/p>\n<p>Zyklen: 2<\/td>\n<td width=\"321\">\u2013 \u0394\u03b1 \u2264 0,15 dB\/km<\/p>\n<p>\u2013 D\u00e4mpfung reversibel<\/p>\n<p>\u2013 Kein Schaden<\/td>\n<\/tr>\n<tr>\n<td width=\"179\">Wasserdurchdringung IEC 60794-1-2 F5<\/td>\n<td width=\"207\">Probenl\u00e4nge: 3 m<\/p>\n<p>H\u00f6he der Wassers\u00e4ule: 1 m Dauer: 24 h<\/td>\n<td width=\"321\">\u2013 Kein Wasserleck durch das offene Ende innerhalb von 24 Stunden<\/td>\n<\/tr>\n<tr>\n<td width=\"179\">F\u00fcllmassefluss<\/p>\n<p>IEC 60794-1-2-E14<\/td>\n<td width=\"207\">Probenl\u00e4nge: 0,2 m 60 \u00b0C<\/p>\n<p>Dauer: 24 h<\/td>\n<td width=\"321\">\u2013 Keine Verbindung aus dem Kabel innerhalb von 24 Stunden<\/td>\n<\/tr>\n<\/tbody>\n<\/table>","protected":false},"excerpt":{"rendered":"<p>Bei diesem CPRI-Kabel handelt es sich um ein gepanzertes CPRI-Kabel mit einem Kabelau\u00dfendurchmesser von 5,0 mm. Seine Struktur ist wie folgt: Es enth\u00e4lt 4 \u00d7 600 \u00b5m dicke Pufferfasern. Ein spiralf\u00f6rmiges Stahlrohr umh\u00fcllt diese dichten Pufferfasern und bietet so hohen Schutz. Ein Aramidgarn umh\u00fcllt das Stahlrohr als Festigkeitstr\u00e4ger. [\u2026]<\/p>","protected":false},"featured_media":11949,"comment_status":"closed","ping_status":"closed","template":"","meta":{"site-sidebar-layout":"default","site-content-layout":"","ast-site-content-layout":"default","site-content-style":"default","site-sidebar-style":"default","ast-global-header-display":"","ast-banner-title-visibility":"","ast-main-header-display":"","ast-hfb-above-header-display":"","ast-hfb-below-header-display":"","ast-hfb-mobile-header-display":"","site-post-title":"","ast-breadcrumbs-content":"","ast-featured-img":"","footer-sml-layout":"","theme-transparent-header-meta":"default","adv-header-id-meta":"","stick-header-meta":"default","header-above-stick-meta":"","header-main-stick-meta":"","header-below-stick-meta":"","astra-migrate-meta-layouts":"set","ast-page-background-enabled":"default","ast-page-background-meta":{"desktop":{"background-color":"var(--ast-global-color-4)","background-image":"","background-repeat":"repeat","background-position":"center center","background-size":"auto","background-attachment":"scroll","background-type":"","background-media":"","overlay-type":"","overlay-color":"","overlay-gradient":""},"tablet":{"background-color":"","background-image":"","background-repeat":"repeat","background-position":"center center","background-size":"auto","background-attachment":"scroll","background-type":"","background-media":"","overlay-type":"","overlay-color":"","overlay-gradient":""},"mobile":{"background-color":"","background-image":"","background-repeat":"repeat","background-position":"center center","background-size":"auto","background-attachment":"scroll","background-type":"","background-media":"","overlay-type":"","overlay-color":"","overlay-gradient":""}},"ast-content-background-meta":{"desktop":{"background-color":"var(--ast-global-color-5)","background-image":"","background-repeat":"repeat","background-position":"center center","background-size":"auto","background-attachment":"scroll","background-type":"","background-media":"","overlay-type":"","overlay-color":"","overlay-gradient":""},"tablet":{"background-color":"var(--ast-global-color-5)","background-image":"","background-repeat":"repeat","background-position":"center center","background-size":"auto","background-attachment":"scroll","background-type":"","background-media":"","overlay-type":"","overlay-color":"","overlay-gradient":""},"mobile":{"background-color":"var(--ast-global-color-5)","background-image":"","background-repeat":"repeat","background-position":"center center","background-size":"auto","background-attachment":"scroll","background-type":"","background-media":"","overlay-type":"","overlay-color":"","overlay-gradient":""}}},"product_cat":[137,123,168],"product_tag":[],"class_list":{"0":"post-11946","1":"product","2":"type-product","3":"status-publish","4":"has-post-thumbnail","6":"product_cat-armored-cpri-cable","7":"product_cat-ftta-cpri-cable","8":"product_cat-recommended-products","9":"desktop-align-left","10":"tablet-align-left","11":"mobile-align-left","12":"ast-product-gallery-layout-horizontal-slider","13":"ast-product-tabs-layout-horizontal","15":"first","16":"instock","17":"shipping-taxable","18":"product-type-simple"},"acf":[],"_links":{"self":[{"href":"https:\/\/www.omccable.com\/de\/wp-json\/wp\/v2\/product\/11946","targetHints":{"allow":["GET"]}}],"collection":[{"href":"https:\/\/www.omccable.com\/de\/wp-json\/wp\/v2\/product"}],"about":[{"href":"https:\/\/www.omccable.com\/de\/wp-json\/wp\/v2\/types\/product"}],"replies":[{"embeddable":true,"href":"https:\/\/www.omccable.com\/de\/wp-json\/wp\/v2\/comments?post=11946"}],"version-history":[{"count":5,"href":"https:\/\/www.omccable.com\/de\/wp-json\/wp\/v2\/product\/11946\/revisions"}],"predecessor-version":[{"id":13248,"href":"https:\/\/www.omccable.com\/de\/wp-json\/wp\/v2\/product\/11946\/revisions\/13248"}],"wp:featuredmedia":[{"embeddable":true,"href":"https:\/\/www.omccable.com\/de\/wp-json\/wp\/v2\/media\/11949"}],"wp:attachment":[{"href":"https:\/\/www.omccable.com\/de\/wp-json\/wp\/v2\/media?parent=11946"}],"wp:term":[{"taxonomy":"product_cat","embeddable":true,"href":"https:\/\/www.omccable.com\/de\/wp-json\/wp\/v2\/product_cat?post=11946"},{"taxonomy":"product_tag","embeddable":true,"href":"https:\/\/www.omccable.com\/de\/wp-json\/wp\/v2\/product_tag?post=11946"}],"curies":[{"name":"wp","href":"https:\/\/api.w.org\/{rel}","templated":true}]}}