{"id":11918,"date":"2024-07-29T13:32:13","date_gmt":"2024-07-29T05:32:13","guid":{"rendered":"https:\/\/www.omccable.com\/?post_type=product&#038;p=11918"},"modified":"2025-07-28T09:42:11","modified_gmt":"2025-07-28T01:42:11","slug":"2f-7-0mm-ftta-cpri-no-armored-high-tensile-cable","status":"publish","type":"product","link":"https:\/\/www.omccable.com\/de\/produkt\/2f-7-0mm-ftta-cpri-no-armored-high-tensile-cable\/","title":{"rendered":"2F 7,0 mm FTTA CPRI Ungepanzertes hochfestes Kabel"},"content":{"rendered":"<p>Das gepanzerte 2F 7,0 mm FTTA CPRI N0-Kabel ist ein weiches, ungepanzertes CPRI-Kabel mit einem Kabelau\u00dfendurchmesser von 7,0 mm. Darin befinden sich 2 St\u00fcck 2,0-mm-Untereinheitskabel und 2 St\u00fcck F\u00fcllst\u00fccke. Ein Mantel aus LSZH-Material umh\u00fcllt alle Einheiten und bildet das endg\u00fcltige Kabel.<\/p>\n<p>&nbsp;<\/p>\n<p><strong>Kabelstruktur und Parameter<\/strong><\/p>\n<table>\n<tbody>\n<tr>\n<td width=\"139\"><strong><b>Artikel<\/b><\/strong><\/td>\n<td width=\"130\"><strong><b>Inhalt<\/b><\/strong><\/td>\n<td width=\"87\"><strong><b>Einheit<\/b><\/strong><\/td>\n<td width=\"330\"><strong><b>Wert<\/b><\/strong><\/td>\n<\/tr>\n<tr>\n<td rowspan=\"3\" width=\"139\">Optische Faser<\/td>\n<td width=\"130\">Modellnummer<\/td>\n<td width=\"87\">\/<\/td>\n<td width=\"330\">G657A1\/G657A2\/OM2\/OM3\/OM4<\/td>\n<\/tr>\n<tr>\n<td width=\"130\">Zahl<\/td>\n<td width=\"87\">\/<\/td>\n<td width=\"330\">2<\/td>\n<\/tr>\n<tr>\n<td width=\"130\">Farbe<\/td>\n<td width=\"87\">\/<\/td>\n<td width=\"330\">Natur<\/td>\n<\/tr>\n<tr>\n<td rowspan=\"3\" width=\"139\">Enger Puffer<\/td>\n<td width=\"130\">Farbe<\/td>\n<td width=\"87\">\/<\/td>\n<td width=\"330\">White<\/td>\n<\/tr>\n<tr>\n<td width=\"130\">Material<\/td>\n<td width=\"87\">\/<\/td>\n<td width=\"330\">LSZH<\/td>\n<\/tr>\n<tr>\n<td width=\"130\">Durchmesser<\/td>\n<td width=\"87\">mm<\/td>\n<td width=\"330\">0,9 \u00b1 0,05<\/td>\n<\/tr>\n<tr>\n<td rowspan=\"5\" width=\"139\">Kabel der Untereinheit<\/td>\n<td width=\"130\">Kraftmitglied<\/td>\n<td width=\"87\">\/<\/td>\n<td width=\"330\">Aramidgarn<\/td>\n<\/tr>\n<tr>\n<td width=\"130\">Jackenfarbe<\/td>\n<td width=\"87\">\/<\/td>\n<td width=\"330\">gelb\u3001gelb<\/td>\n<\/tr>\n<tr>\n<td width=\"130\">Jackenmaterial<\/td>\n<td width=\"87\">\/<\/td>\n<td width=\"330\">PVC<\/td>\n<\/tr>\n<tr>\n<td width=\"130\">Zahl<\/td>\n<td width=\"87\">\/<\/td>\n<td width=\"330\">2<\/td>\n<\/tr>\n<tr>\n<td width=\"130\">Durchmesser<\/td>\n<td width=\"87\">mm<\/td>\n<td width=\"330\">2,5 \u00b1 0,1<\/td>\n<\/tr>\n<tr>\n<td rowspan=\"3\" width=\"139\">F\u00fcllstoffe<\/td>\n<td width=\"130\">Material<\/td>\n<td width=\"87\">\/<\/td>\n<td width=\"330\">FRP<\/td>\n<\/tr>\n<tr>\n<td width=\"130\">Zahl<\/td>\n<td width=\"87\">\/<\/td>\n<td width=\"330\">2<\/td>\n<\/tr>\n<tr>\n<td width=\"130\">Durchmesser<\/td>\n<td width=\"87\">mm<\/td>\n<td width=\"330\">1,6 \u00b1 0,1<\/td>\n<\/tr>\n<tr>\n<td rowspan=\"3\" width=\"139\">Au\u00dfenjacke<\/td>\n<td width=\"130\">Durchmesser<\/td>\n<td width=\"87\">mm<\/td>\n<td width=\"330\">7,0 \u00b1 0,2<\/td>\n<\/tr>\n<tr>\n<td width=\"130\">Material<\/td>\n<td width=\"87\">\/<\/td>\n<td width=\"330\">PVC<\/td>\n<\/tr>\n<tr>\n<td width=\"130\">Farbe<\/td>\n<td width=\"87\">\/<\/td>\n<td width=\"330\">Schwarz<\/td>\n<\/tr>\n<tr>\n<td colspan=\"2\" width=\"269\">Rei\u00dfleine<\/td>\n<td width=\"87\">Material<\/td>\n<td width=\"330\">Rei\u00dfseil aus Polyester<\/td>\n<\/tr>\n<tr>\n<td colspan=\"2\" width=\"269\">Kabeld\u00e4mpfung<\/td>\n<td width=\"87\">dB\/km<\/td>\n<td width=\"330\">\u2266 0,4 bei 1310 nm,  \u2266 0,3 bei 1550 nm<\/td>\n<\/tr>\n<tr>\n<td colspan=\"2\" width=\"269\">Kabelgewicht (ca.)<\/td>\n<td width=\"87\">kg\/km<\/td>\n<td width=\"330\">40<\/td>\n<\/tr>\n<\/tbody>\n<\/table>\n<p>&nbsp;<\/p>\n<p><strong style=\"font-size: 16px;\"><b>Mechanische und Umweltleistung<\/b><\/strong><\/p>\n<table>\n<tbody>\n<tr>\n<td width=\"207\"><strong>Artikel<\/strong><\/td>\n<td width=\"216\"><strong>Inhalt<\/strong><\/td>\n<td width=\"266\"><strong>Wert<\/strong><\/td>\n<\/tr>\n<tr>\n<td rowspan=\"2\" width=\"207\">Zuglast<\/td>\n<td width=\"216\">Kurzfristig<\/td>\n<td width=\"266\">1200N Faserdehnung \u22640,33 %<\/td>\n<\/tr>\n<tr>\n<td width=\"216\">Langfristig<\/td>\n<td width=\"266\">600N<\/td>\n<\/tr>\n<tr>\n<td rowspan=\"2\" width=\"207\">Druckfestigkeit<\/td>\n<td width=\"216\">Kurzfristig<\/td>\n<td width=\"266\">2200<\/td>\n<\/tr>\n<tr>\n<td width=\"216\">Langfristig<\/td>\n<td width=\"266\">1100<\/td>\n<\/tr>\n<tr>\n<td rowspan=\"2\" width=\"207\">Min. Biegeradius<\/td>\n<td width=\"216\">Installation<\/td>\n<td width=\"266\">25 x Kabeldurchmesser<\/td>\n<\/tr>\n<tr>\n<td width=\"216\">Betrieb<\/td>\n<td width=\"266\">12,5 x Kabeldurchmesser<\/td>\n<\/tr>\n<tr>\n<td rowspan=\"3\" width=\"207\">Temperaturbereich<\/td>\n<td width=\"216\">Betrieb<\/td>\n<td width=\"266\">-40\u2103 ~ +70\u2103<\/td>\n<\/tr>\n<tr>\n<td width=\"216\">Installation<\/td>\n<td width=\"266\">-20\u2103 ~ +60\u2103<\/td>\n<\/tr>\n<tr>\n<td width=\"216\">Lagerung\/Transport<\/td>\n<td width=\"266\">-40\u2103 ~ +70\u2103<\/td>\n<\/tr>\n<\/tbody>\n<\/table>\n<p><strong><b>\u00a0<\/b><\/strong><\/p>\n<p><strong><b>Technische Parameter der optischen Faser-SM<\/b><\/strong><\/p>\n<table>\n<tbody>\n<tr>\n<td rowspan=\"2\" width=\"168\"><strong><b>Parameter<\/b><\/strong><\/td>\n<td rowspan=\"2\" width=\"96\"><strong><b>Bedingungen<\/b><\/strong><\/td>\n<td rowspan=\"2\" width=\"85\"><strong><b>Einheiten<\/b><\/strong><\/td>\n<td colspan=\"4\" width=\"340\"><strong><b>Wert<\/b><\/strong><\/td>\n<\/tr>\n<tr>\n<td width=\"85\"><strong><b>G652D<\/b><\/strong><\/td>\n<td width=\"85\"><strong><b>G657A1<\/b><\/strong><\/td>\n<td width=\"85\"><strong><b>G657A2<\/b><\/strong><\/td>\n<td width=\"85\"><strong><b>G657B3<\/b><\/strong><\/td>\n<\/tr>\n<tr>\n<td colspan=\"3\" width=\"349\"><strong><b>Optische Spezifikation<\/b><\/strong><\/td>\n<td colspan=\"4\" width=\"340\"><strong><b>\u3000<\/b><\/strong><\/td>\n<\/tr>\n<tr>\n<td rowspan=\"4\" width=\"168\">D\u00e4mpfung<\/td>\n<td width=\"96\">1310 nm<\/td>\n<td width=\"85\">dB\/km<\/td>\n<td width=\"85\">\u22640,350<\/td>\n<td width=\"85\">\u22640,350<\/td>\n<td width=\"85\">\u22640,350<\/td>\n<td width=\"85\">\u22640,350<\/td>\n<\/tr>\n<tr>\n<td width=\"96\">1383 nm<\/td>\n<td width=\"85\">dB\/km<\/td>\n<td width=\"85\">\u22640,330<\/td>\n<td width=\"85\">\u22640,350<\/td>\n<td width=\"85\">\u22640,350<\/td>\n<td width=\"85\">\u22640,350<\/td>\n<\/tr>\n<tr>\n<td width=\"96\">1550 nm<\/td>\n<td width=\"85\">dB\/km<\/td>\n<td width=\"85\">\u22640,210<\/td>\n<td width=\"85\">\u22640,210<\/td>\n<td width=\"85\">\u22640,210<\/td>\n<td width=\"85\">\u22640,210<\/td>\n<\/tr>\n<tr>\n<td width=\"96\">1625 nm<\/td>\n<td width=\"85\">dB\/km<\/td>\n<td width=\"85\">\u22640,240<\/td>\n<td width=\"85\">\u22640,230<\/td>\n<td width=\"85\">\u22640,230<\/td>\n<td width=\"85\">\u22640,230<\/td>\n<\/tr>\n<tr>\n<td rowspan=\"3\" width=\"168\">D\u00e4mpfung vs. Wellenl\u00e4nge<\/td>\n<td width=\"96\">1310 nm VS. 1285-1330 nm<\/td>\n<td width=\"85\">dB\/km<\/td>\n<td width=\"85\">\u22640,04<\/td>\n<td width=\"85\">\u22640,04<\/td>\n<td width=\"85\">\u22640,05<\/td>\n<td width=\"85\">\u22640,03<\/td>\n<\/tr>\n<tr>\n<td width=\"96\">1550 nm VS. 1525\u20131575 nm<\/td>\n<td width=\"85\">dB\/km<\/td>\n<td width=\"85\">\u22640,03<\/td>\n<td width=\"85\">\u22640,03<\/td>\n<td width=\"85\">\u22640,04<\/td>\n<td width=\"85\">\u22640,02<\/td>\n<\/tr>\n<tr>\n<td width=\"96\">1550 nm VS. 1480-1580 nm<\/td>\n<td width=\"85\">dB\/km<\/td>\n<td width=\"85\">\u22640,04<\/td>\n<td width=\"85\">\u2013<\/td>\n<td width=\"85\">\u2013<\/td>\n<td width=\"85\">\u2013<\/td>\n<\/tr>\n<tr>\n<td width=\"168\">Nulldispersionswellenl\u00e4nge<\/td>\n<td rowspan=\"2\" width=\"96\">\\<\/td>\n<td width=\"85\">nm<\/td>\n<td width=\"85\">1300-1324<\/td>\n<td width=\"85\">1300-1324<\/td>\n<td width=\"85\">1300-1324<\/td>\n<td width=\"85\">1300-1324<\/td>\n<\/tr>\n<tr>\n<td width=\"168\">Nulldispersionssteigung<\/td>\n<td width=\"85\">ps\/(nm<sup>2<\/sup>\u00b7km)<\/td>\n<td width=\"85\">0.073-0.092<\/td>\n<td width=\"85\">0.073-0.092<\/td>\n<td width=\"85\">0.073-0.092<\/td>\n<td width=\"85\">\u22640,092<\/td>\n<\/tr>\n<tr>\n<td rowspan=\"2\" width=\"168\">Streuung<\/td>\n<td width=\"96\">1550 nm<\/td>\n<td width=\"85\">ps\/(nm\u00b7km)<\/td>\n<td width=\"85\">13.3-18.6<\/td>\n<td width=\"85\">13.3-18.6<\/td>\n<td width=\"85\">13.3-18.6<\/td>\n<td width=\"85\"><\/td>\n<\/tr>\n<tr>\n<td width=\"96\">1625 nm<\/td>\n<td width=\"85\">ps\/(nm\u00b7km)<\/td>\n<td width=\"85\">17.2-23.7<\/td>\n<td width=\"85\">17.2-23.7<\/td>\n<td width=\"85\">17.2-23.7<\/td>\n<td width=\"85\"><\/td>\n<\/tr>\n<tr>\n<td colspan=\"2\" width=\"264\">Polarisationsmodendispersion (PMD)<\/td>\n<td width=\"85\">ps\/\u221akm<\/td>\n<td width=\"85\">\u22640,2<\/td>\n<td width=\"85\">\u22640,2<\/td>\n<td width=\"85\">\u22640,2<\/td>\n<td width=\"85\">\u22640,2<\/td>\n<\/tr>\n<tr>\n<td width=\"168\">Grenzwellenl\u00e4nge \u03bbcc<\/td>\n<td width=\"96\">\u2013<\/td>\n<td width=\"85\">nm<\/td>\n<td width=\"85\">\u22641260<\/td>\n<td width=\"85\">\u22641260<\/td>\n<td width=\"85\">\u22641260<\/td>\n<td width=\"85\">\u22641260<\/td>\n<\/tr>\n<tr>\n<td rowspan=\"2\" width=\"168\">Modenfelddurchmesser (MFD)<\/td>\n<td width=\"96\">1310 nm<\/td>\n<td width=\"85\">\u03bcm<\/td>\n<td width=\"85\">9,2 \u00b1 0,4<\/td>\n<td width=\"85\">9,2 \u00b1 0,4<\/td>\n<td width=\"85\">8,6 \u00b1 0,4<\/td>\n<td width=\"85\">8,6 \u00b1 0,4<\/td>\n<\/tr>\n<tr>\n<td width=\"96\">1550 nm<\/td>\n<td width=\"85\">\u03bcm<\/td>\n<td width=\"85\">10,4 \u00b1 0,5<\/td>\n<td width=\"85\">10,4 \u00b1 0,5<\/td>\n<td width=\"85\">9,6 \u00b1 0,5<\/td>\n<td width=\"85\">9,6 \u00b1 0,5<\/td>\n<\/tr>\n<tr>\n<td rowspan=\"2\" width=\"168\">D\u00e4mpfungsdiskontinuit\u00e4t<\/td>\n<td width=\"96\">1310 nm<\/td>\n<td width=\"85\">dB<\/td>\n<td width=\"85\">\u22640,03<\/td>\n<td width=\"85\">\u22640,03<\/td>\n<td width=\"85\">\u22640,03<\/td>\n<td width=\"85\">\u22640,03<\/td>\n<\/tr>\n<tr>\n<td width=\"96\">1550 nm<\/td>\n<td width=\"85\">dB<\/td>\n<td width=\"85\">\u22640,03<\/td>\n<td width=\"85\">\u22640,03<\/td>\n<td width=\"85\">\u22640,03<\/td>\n<td width=\"85\">\u22640,03<\/td>\n<\/tr>\n<tr>\n<td rowspan=\"2\" width=\"168\">Bidirektionale D\u00e4mpfung<\/td>\n<td width=\"96\">1310 nm<\/td>\n<td width=\"85\">dB\/km<\/td>\n<td width=\"85\">\u22640,04<\/td>\n<td width=\"85\"><\/td>\n<td width=\"85\"><\/td>\n<td width=\"85\">\u22640,05<\/td>\n<\/tr>\n<tr>\n<td width=\"96\">1550 nm<\/td>\n<td width=\"85\">dB\/km<\/td>\n<td width=\"85\">\u22640,04<\/td>\n<td width=\"85\"><\/td>\n<td width=\"85\"><\/td>\n<td width=\"85\">\u22640,05<\/td>\n<\/tr>\n<tr>\n<td colspan=\"3\" width=\"349\"><strong><b>Geometrisch<\/b><\/strong><\/td>\n<td colspan=\"4\" width=\"340\"><\/td>\n<\/tr>\n<tr>\n<td colspan=\"2\" width=\"264\">Manteldurchmesser<\/td>\n<td width=\"85\">\u03bcm<\/td>\n<td width=\"85\">125\u00b10,7<\/td>\n<td width=\"85\">125\u00b10,7<\/td>\n<td width=\"85\">125\u00b10,7<\/td>\n<td width=\"85\">125\u00b10,7<\/td>\n<\/tr>\n<tr>\n<td colspan=\"2\" width=\"264\">Unrundheit der Verkleidung<\/td>\n<td width=\"85\">%<\/td>\n<td width=\"85\">\u22641,0<\/td>\n<td width=\"85\">\u22641,0<\/td>\n<td width=\"85\">\u22640,8<\/td>\n<td width=\"85\">\u22640,7<\/td>\n<\/tr>\n<tr>\n<td colspan=\"2\" width=\"264\">Kern-\/Mantel-Konzentrizit\u00e4tsfehler<\/td>\n<td width=\"85\">\u03bcm<\/td>\n<td width=\"85\">\u22640,6<\/td>\n<td width=\"85\">\u22640,5<\/td>\n<td width=\"85\">\u22640,5<\/td>\n<td width=\"85\">\u22640,5<\/td>\n<\/tr>\n<tr>\n<td colspan=\"2\" rowspan=\"2\" width=\"264\">Beschichtungsdurchmesser (ungef\u00e4rbt)<\/td>\n<td width=\"85\">\u03bcm<\/td>\n<td colspan=\"4\" width=\"340\">242\u00b17 (Standard)<\/td>\n<\/tr>\n<tr>\n<td width=\"85\">\u03bcm<\/td>\n<td colspan=\"4\" width=\"340\">200\u00b110 (optional)<\/td>\n<\/tr>\n<tr>\n<td colspan=\"2\" width=\"264\">Konzentrizit\u00e4tsfehler der Beschichtung\/Verkleidung<\/td>\n<td width=\"85\">\u03bcm<\/td>\n<td width=\"85\">\u226412<\/td>\n<td width=\"85\">\u226412<\/td>\n<td width=\"85\">\u226412<\/td>\n<td width=\"85\">\u226412<\/td>\n<\/tr>\n<tr>\n<td colspan=\"2\" width=\"264\">Locken<\/td>\n<td width=\"85\">m<\/td>\n<td width=\"85\">\u22654<\/td>\n<td width=\"85\">\u22654<\/td>\n<td width=\"85\">\u22654<\/td>\n<td width=\"85\">\u22654<\/td>\n<\/tr>\n<tr>\n<td colspan=\"3\" width=\"349\"><strong><b>Umwelt (1550 nm, 1625 nm)<\/b><\/strong><\/td>\n<td colspan=\"4\" width=\"340\"><\/td>\n<\/tr>\n<tr>\n<td width=\"168\">Temperaturwechsel<\/td>\n<td width=\"96\">-60\u2103 bis +85\u2103<\/td>\n<td width=\"85\">dB\/km<\/td>\n<td width=\"85\">\u22640,03<\/td>\n<td width=\"85\">\u22640,05<\/td>\n<td width=\"85\">\u22640,05<\/td>\n<td width=\"85\">\u22640,05<\/td>\n<\/tr>\n<tr>\n<td width=\"168\">Hohe Temperatur &amp;<\/p>\n<p>Hohe Luftfeuchtigkeit<\/td>\n<td width=\"96\">85\u2103, 85% RH, 30 Tage<\/td>\n<td width=\"85\">dB\/km<\/td>\n<td width=\"85\">\u22640,03<\/td>\n<td width=\"85\">\u22640,05<\/td>\n<td width=\"85\">\u22640,05<\/td>\n<td width=\"85\">\u22640,05<\/td>\n<\/tr>\n<tr>\n<td width=\"168\">Eintauchen in Wasser<\/td>\n<td width=\"96\">23\u2103, 30 Tage<\/td>\n<td width=\"85\">dB\/km<\/td>\n<td width=\"85\">\u22640,03<\/td>\n<td width=\"85\">\u22640,05<\/td>\n<td width=\"85\">\u22640,05<\/td>\n<td width=\"85\">\u22640,05<\/td>\n<\/tr>\n<tr>\n<td width=\"168\">Hochtemperaturalterung<\/td>\n<td width=\"96\">85\u2103, 30 Tage<\/td>\n<td width=\"85\">dB\/km<\/td>\n<td width=\"85\">\u22640,03<\/td>\n<td width=\"85\">\u22640,05<\/td>\n<td width=\"85\">\u22640,05<\/td>\n<td width=\"85\">\u22640,05<\/td>\n<\/tr>\n<\/tbody>\n<\/table>\n<p><strong><b>\u00a0<\/b><\/strong><\/p>\n<p><strong><b>Technische Parameter der optischen Faser-MM<\/b><\/strong><\/p>\n<table>\n<tbody>\n<tr>\n<td rowspan=\"2\" width=\"188\"><strong><b>Funktionen<\/b><\/strong><\/td>\n<td rowspan=\"2\" width=\"90\"><strong><b>Bedingungen<\/b><\/strong><\/td>\n<td rowspan=\"2\" width=\"70\"><strong><b>Einheit<\/b><\/strong><\/td>\n<td colspan=\"5\" width=\"351\"><strong><b>Wert<\/b><\/strong><\/td>\n<\/tr>\n<tr>\n<td width=\"93\"><strong><b>OM1<\/b><\/strong><\/td>\n<td width=\"91\"><strong><b>OM2<\/b><\/strong><\/td>\n<td width=\"57\"><strong><b>OM2+<\/b><\/strong><\/td>\n<td width=\"53\"><strong><b>OM3<\/b><\/strong><\/td>\n<td width=\"54\"><strong><b>OM4<\/b><\/strong><\/td>\n<\/tr>\n<tr>\n<td colspan=\"8\" width=\"701\"><strong><b>Optisch <\/b><\/strong><strong><b>Eigenschaften<\/b><\/strong><\/td>\n<\/tr>\n<tr>\n<td rowspan=\"2\" width=\"188\">D\u00e4mpfung<\/td>\n<td width=\"90\">850 nm<\/td>\n<td width=\"70\">dB\/km<\/td>\n<td width=\"93\">\u22642,70~\u22643,00<\/td>\n<td width=\"91\">\u22642,50<\/td>\n<td width=\"57\">\u22642,50<\/td>\n<td width=\"53\">\u22642,50<\/td>\n<td width=\"54\">\u22642,50<\/td>\n<\/tr>\n<tr>\n<td width=\"90\">1300 nm<\/td>\n<td width=\"70\">dB\/km<\/td>\n<td width=\"93\">\u22640,60~\u22641,00<\/td>\n<td width=\"91\">\u22640,70<\/td>\n<td width=\"57\">\u22640,70<\/td>\n<td width=\"53\">\u22640,70<\/td>\n<td width=\"54\">\u22640,70<\/td>\n<\/tr>\n<tr>\n<td rowspan=\"2\" width=\"188\">Minimale modale Bandbreite<\/td>\n<td width=\"90\">850 nm<\/td>\n<td width=\"70\">MHz.km<\/td>\n<td width=\"93\">\u2265200~\u2265100<\/td>\n<td width=\"91\">\u2265500~\u2265200<\/td>\n<td width=\"57\">\u2013<\/td>\n<td width=\"53\">\u2013<\/td>\n<td width=\"54\">\u2013<\/td>\n<\/tr>\n<tr>\n<td width=\"90\">1300 nm<\/td>\n<td width=\"70\">MHz.km<\/td>\n<td width=\"93\">\u2265600~\u2265160<\/td>\n<td width=\"91\">\u22651200~\u2265400<\/td>\n<td width=\"57\">\u2013<\/td>\n<td width=\"53\">\u2013<\/td>\n<td width=\"54\">\u2013<\/td>\n<\/tr>\n<tr>\n<td rowspan=\"2\" width=\"188\">\u00dcberf\u00fcllte Startbandbreite<\/td>\n<td width=\"90\">850 nm<\/td>\n<td width=\"70\">MHz.km<\/td>\n<td width=\"93\">\u2013<\/td>\n<td width=\"91\">\u2013<\/td>\n<td width=\"57\">\u2265700<\/td>\n<td width=\"53\">\u22651500<\/td>\n<td width=\"54\">\u22653500<\/td>\n<\/tr>\n<tr>\n<td width=\"90\">1300 nm<\/td>\n<td width=\"70\">MHz.km<\/td>\n<td width=\"93\">\u2013<\/td>\n<td width=\"91\">\u2013<\/td>\n<td width=\"57\">\u2265500<\/td>\n<td width=\"53\">\u2265500<\/td>\n<td width=\"54\">\u2265500<\/td>\n<\/tr>\n<tr>\n<td width=\"188\">Effektive modale Bandbreite<\/td>\n<td width=\"90\">850 nm<\/td>\n<td width=\"70\">MHz.km<\/td>\n<td width=\"93\">\u2013<\/td>\n<td width=\"91\">\u2013<\/td>\n<td width=\"57\">\u2265950<\/td>\n<td width=\"53\">\u22652000<\/td>\n<td width=\"54\">\u22654700<\/td>\n<\/tr>\n<tr>\n<td width=\"188\">Numerische Apertur<\/td>\n<td width=\"90\"><\/td>\n<td width=\"70\"><\/td>\n<td width=\"93\">0,275 \u00b1 0,015<\/td>\n<td colspan=\"4\" width=\"257\">0.18~0.215<\/td>\n<\/tr>\n<tr>\n<td width=\"188\">10 Gbit\/s Ethernet-Verbindungsl\u00e4nge<\/td>\n<td width=\"90\"><\/td>\n<td width=\"70\">M<\/td>\n<td width=\"93\">\u2013<\/td>\n<td width=\"91\">\u2013<\/td>\n<td width=\"57\">150<\/td>\n<td width=\"53\">300<\/td>\n<td width=\"54\">550<\/td>\n<\/tr>\n<tr>\n<td colspan=\"8\" width=\"701\"><strong><b>R\u00fcckstreueigenschaften (1300 nm)<\/b><\/strong><\/td>\n<\/tr>\n<tr>\n<td colspan=\"2\" width=\"279\">Unregelm\u00e4\u00dfigkeiten \u00fcber die Faserl\u00e4nge und Punktdiskontinuit\u00e4t<\/td>\n<td width=\"70\">dB<\/td>\n<td colspan=\"5\" width=\"351\">\u22640,1<\/td>\n<\/tr>\n<tr>\n<td colspan=\"2\" width=\"279\">Gleichm\u00e4\u00dfige D\u00e4mpfung<\/td>\n<td width=\"70\">dB<\/td>\n<td colspan=\"5\" width=\"351\">\u22640,1<\/td>\n<\/tr>\n<tr>\n<td colspan=\"2\" width=\"279\">Schritt (Mittelwert der bidirektionalen Messung)<\/td>\n<td width=\"70\">dB\/km<\/td>\n<td colspan=\"5\" width=\"351\">\u22640,1<\/td>\n<\/tr>\n<tr>\n<td colspan=\"8\" width=\"701\"><strong><b>Geometrie <\/b><\/strong><strong><b>Eigenschaften<\/b><\/strong><\/td>\n<\/tr>\n<tr>\n<td colspan=\"2\" width=\"279\">Kerndurchmesser<\/td>\n<td width=\"70\">\u03bcm<\/td>\n<td width=\"93\">62,5\u00b12,5<\/td>\n<td colspan=\"4\" width=\"257\">50\u00b12,5<\/td>\n<\/tr>\n<tr>\n<td colspan=\"2\" width=\"279\">Kernunrundheit<\/td>\n<td width=\"70\">%<\/td>\n<td colspan=\"5\" width=\"351\">\u22645,0<\/td>\n<\/tr>\n<tr>\n<td colspan=\"2\" width=\"279\">Manteldurchmesser<\/td>\n<td width=\"70\">\u03bcm<\/td>\n<td colspan=\"5\" width=\"351\">124,3 \u00b1 0,7<\/td>\n<\/tr>\n<tr>\n<td colspan=\"2\" width=\"279\">Unrundheit der Verkleidung<\/td>\n<td width=\"70\">%<\/td>\n<td colspan=\"5\" width=\"351\">\u22642,0<\/td>\n<\/tr>\n<tr>\n<td colspan=\"2\" width=\"279\">Kern-\/Mantel-Konzentrizit\u00e4tsfehler<\/td>\n<td width=\"70\">\u03bcm<\/td>\n<td colspan=\"5\" width=\"351\">\u22641,5<\/td>\n<\/tr>\n<tr>\n<td colspan=\"2\" width=\"279\">Beschichtungsdurchmesser<\/td>\n<td width=\"70\">\u03bcm<\/td>\n<td colspan=\"5\" width=\"351\">245\u00b110<\/td>\n<\/tr>\n<tr>\n<td colspan=\"2\" width=\"279\">Konzentrizit\u00e4tsfehler bei Beschichtung\/Verkleidung<\/td>\n<td width=\"70\">\u03bcm<\/td>\n<td colspan=\"5\" width=\"351\">\u226412,0<\/td>\n<\/tr>\n<tr>\n<td colspan=\"2\" width=\"279\">Lieferl\u00e4nge<\/td>\n<td width=\"70\">km\/Rolle<\/td>\n<td colspan=\"5\" width=\"351\">\uff5e16,8<\/td>\n<\/tr>\n<tr>\n<td colspan=\"8\" width=\"701\"><strong><b>Umwelteigenschaften (850 nm und 1300 nm)<\/b><\/strong><\/td>\n<\/tr>\n<tr>\n<td width=\"188\">Temperaturabh\u00e4ngigkeit verursachte D\u00e4mpfung<\/td>\n<td width=\"90\">-60\u2103~+85\u2103<\/td>\n<td width=\"70\">dB\/km<\/td>\n<td colspan=\"5\" width=\"351\">\u22640,10<\/td>\n<\/tr>\n<tr>\n<td width=\"188\">Temperatur-Feuchtigkeit            abgeleitete D\u00e4mpfung<\/td>\n<td width=\"90\">-10\u2103~+85\u2103,98%RH<\/td>\n<td width=\"70\">dB\/km<\/td>\n<td colspan=\"5\" width=\"351\">\u22640,10<\/td>\n<\/tr>\n<tr>\n<td width=\"188\">Wasserabh\u00e4ngigkeit    induzierte D\u00e4mpfung<\/td>\n<td width=\"90\">23\u2103\u00b12\u2103,30 Tage<\/td>\n<td width=\"70\">dB\/km<\/td>\n<td colspan=\"5\" width=\"351\">\u22640,10<\/td>\n<\/tr>\n<tr>\n<td width=\"188\">Feuchte W\u00e4rmeabh\u00e4ngigkeit   induzierte D\u00e4mpfung<\/td>\n<td width=\"90\">85\u2103\u00b12\u2103und85%RH,30 Tage<\/td>\n<td width=\"70\">dB\/km<\/td>\n<td colspan=\"5\" width=\"351\">\u22640,10<\/td>\n<\/tr>\n<tr>\n<td width=\"188\">Trockene Hitzealterung<\/td>\n<td width=\"90\">85\u2103\u00b12\u2103<\/td>\n<td width=\"70\">dB\/km<\/td>\n<td colspan=\"5\" width=\"351\">\u22640,10<\/td>\n<\/tr>\n<\/tbody>\n<\/table>\n<p>&nbsp;<\/p>\n<p><strong><b>Testmethoden<\/b><\/strong><\/p>\n<table>\n<tbody>\n<tr>\n<td width=\"170\">Test<\/td>\n<td width=\"207\">Bedingungen<\/td>\n<td width=\"321\">Akzeptanzkriterien<\/td>\n<\/tr>\n<tr>\n<td width=\"170\">Zugfestigkeit IEC 60794-1-2 E1<\/td>\n<td width=\"207\">Zugbelastung: siehe Punkt 3 Probenl\u00e4nge: \u2265 50 m Versuchsdauer: 1 Min<\/td>\n<td width=\"321\">\u2013 Faserdehnung \u22640,6%<\/p>\n<p>\u2013 Keine Besch\u00e4digungen an der Au\u00dfen- und Innenjacke<\/p>\n<p>Elemente<\/td>\n<\/tr>\n<tr>\n<td width=\"170\">Druckfestigkeit IEC 60794-1-2 E3<\/td>\n<td width=\"207\">Crush: siehe Punkt 3 Testdauer: 5 Min<\/p>\n<p>Anzahl Tests: 3<\/td>\n<td width=\"321\">\u2013 Zus\u00e4tzliche D\u00e4mpfung: \u22640,1 dB nach dem Test<\/p>\n<p>\u2013 Keine Besch\u00e4digungen an der Au\u00dfen- und Innenjacke<\/p>\n<p>Elemente<\/td>\n<\/tr>\n<tr>\n<td width=\"170\">Auswirkungen<\/p>\n<p>IEC 60794-1-2 E4<\/td>\n<td width=\"207\">Aufprallenergie: 1J R=300 mm<\/p>\n<p>Aufprallpunkte: 3<\/p>\n<p>Auswirkungsnummer: 1<\/td>\n<td width=\"321\">\u2013 Keine offensichtliche zus\u00e4tzliche D\u00e4mpfung<\/p>\n<p>\u2013 Kein Schaden<\/td>\n<\/tr>\n<tr>\n<td width=\"170\">Wiederholtes Biegen IEC 60794-1-2-E11A<\/td>\n<td width=\"207\">Biegeradius: 15x Kabeldurchmesser. Turnnummer: 4<\/p>\n<p>Zyklen: 3<\/td>\n<td width=\"321\">\u2013 Keine offensichtliche zus\u00e4tzliche D\u00e4mpfung<\/p>\n<p>\u2013 Kein Schaden<\/td>\n<\/tr>\n<tr>\n<td width=\"170\">Torsion<\/p>\n<p>IEC 60794-1-2 E7<\/td>\n<td width=\"207\">Probenl\u00e4nge: 2 m: Winkel: \u00b1 180\u00b0<\/p>\n<p>Zyklen: 10<\/td>\n<td width=\"321\">\u2013 Keine offensichtliche zus\u00e4tzliche D\u00e4mpfung<\/p>\n<p>\u2013 Kein Schaden<\/td>\n<\/tr>\n<tr>\n<td width=\"170\">Temperaturwechsel IEC 60794-1-2 F1<\/td>\n<td width=\"207\">Schritte: -30 \u00b0C bis +60 \u00b0C<\/p>\n<p>12 Stunden<\/p>\n<p>Zyklen: 2<\/td>\n<td width=\"321\">\u2013 \u0394\u03b1 \u2264 0,15 dB\/km<\/p>\n<p>\u2013 D\u00e4mpfung reversibel<\/p>\n<p>\u2013 Kein Schaden<\/td>\n<\/tr>\n<tr>\n<td width=\"170\">Wasserdurchdringung IEC 60794-1-2 F5<\/td>\n<td width=\"207\">Probenl\u00e4nge: 3 m<\/p>\n<p>H\u00f6he der Wassers\u00e4ule: 1 m Dauer: 24 h<\/td>\n<td width=\"321\">\u2013 Kein Wasserleck durch das offene Ende innerhalb von 24 Stunden<\/td>\n<\/tr>\n<tr>\n<td width=\"170\">F\u00fcllmassefluss<\/p>\n<p>IEC 60794-1-2-E14<\/td>\n<td width=\"207\">Probenl\u00e4nge: 0,2 m 60 \u00b0C<\/p>\n<p>Dauer: 24 h<\/td>\n<td width=\"321\">\u2013 Keine Verbindung aus dem Kabel innerhalb von 24 Stunden<\/td>\n<\/tr>\n<\/tbody>\n<\/table>","protected":false},"excerpt":{"rendered":"<p>Das gepanzerte 2F 7,0 mm FTTA CPRI N0-Kabel ist ein weiches, ungepanzertes CPRI-Kabel mit einem Kabelau\u00dfendurchmesser von 7,0 mm. Darin befinden sich 2 St\u00fcck 2,0-mm-Untereinheitskabel und 2 St\u00fcck F\u00fcllst\u00fccke. Ein Mantel aus LSZH-Material umh\u00fcllt alle Einheiten und bildet das endg\u00fcltige Kabel.   Kabelstruktur und Parameter Artikelinhalt Einheit [\u2026]<\/p>","protected":false},"featured_media":11940,"comment_status":"closed","ping_status":"closed","template":"","meta":{"site-sidebar-layout":"default","site-content-layout":"","ast-site-content-layout":"default","site-content-style":"default","site-sidebar-style":"default","ast-global-header-display":"","ast-banner-title-visibility":"","ast-main-header-display":"","ast-hfb-above-header-display":"","ast-hfb-below-header-display":"","ast-hfb-mobile-header-display":"","site-post-title":"","ast-breadcrumbs-content":"","ast-featured-img":"","footer-sml-layout":"","theme-transparent-header-meta":"default","adv-header-id-meta":"","stick-header-meta":"default","header-above-stick-meta":"","header-main-stick-meta":"","header-below-stick-meta":"","astra-migrate-meta-layouts":"set","ast-page-background-enabled":"default","ast-page-background-meta":{"desktop":{"background-color":"var(--ast-global-color-4)","background-image":"","background-repeat":"repeat","background-position":"center center","background-size":"auto","background-attachment":"scroll","background-type":"","background-media":"","overlay-type":"","overlay-color":"","overlay-gradient":""},"tablet":{"background-color":"","background-image":"","background-repeat":"repeat","background-position":"center center","background-size":"auto","background-attachment":"scroll","background-type":"","background-media":"","overlay-type":"","overlay-color":"","overlay-gradient":""},"mobile":{"background-color":"","background-image":"","background-repeat":"repeat","background-position":"center center","background-size":"auto","background-attachment":"scroll","background-type":"","background-media":"","overlay-type":"","overlay-color":"","overlay-gradient":""}},"ast-content-background-meta":{"desktop":{"background-color":"var(--ast-global-color-5)","background-image":"","background-repeat":"repeat","background-position":"center center","background-size":"auto","background-attachment":"scroll","background-type":"","background-media":"","overlay-type":"","overlay-color":"","overlay-gradient":""},"tablet":{"background-color":"var(--ast-global-color-5)","background-image":"","background-repeat":"repeat","background-position":"center center","background-size":"auto","background-attachment":"scroll","background-type":"","background-media":"","overlay-type":"","overlay-color":"","overlay-gradient":""},"mobile":{"background-color":"var(--ast-global-color-5)","background-image":"","background-repeat":"repeat","background-position":"center center","background-size":"auto","background-attachment":"scroll","background-type":"","background-media":"","overlay-type":"","overlay-color":"","overlay-gradient":""}}},"product_cat":[123,138],"product_tag":[],"class_list":{"0":"post-11918","1":"product","2":"type-product","3":"status-publish","4":"has-post-thumbnail","6":"product_cat-ftta-cpri-cable","7":"product_cat-no-armored-cpri-cable","8":"desktop-align-left","9":"tablet-align-left","10":"mobile-align-left","11":"ast-product-gallery-layout-horizontal-slider","12":"ast-product-tabs-layout-horizontal","14":"first","15":"instock","16":"shipping-taxable","17":"product-type-simple"},"acf":[],"_links":{"self":[{"href":"https:\/\/www.omccable.com\/de\/wp-json\/wp\/v2\/product\/11918","targetHints":{"allow":["GET"]}}],"collection":[{"href":"https:\/\/www.omccable.com\/de\/wp-json\/wp\/v2\/product"}],"about":[{"href":"https:\/\/www.omccable.com\/de\/wp-json\/wp\/v2\/types\/product"}],"replies":[{"embeddable":true,"href":"https:\/\/www.omccable.com\/de\/wp-json\/wp\/v2\/comments?post=11918"}],"version-history":[{"count":4,"href":"https:\/\/www.omccable.com\/de\/wp-json\/wp\/v2\/product\/11918\/revisions"}],"predecessor-version":[{"id":13258,"href":"https:\/\/www.omccable.com\/de\/wp-json\/wp\/v2\/product\/11918\/revisions\/13258"}],"wp:featuredmedia":[{"embeddable":true,"href":"https:\/\/www.omccable.com\/de\/wp-json\/wp\/v2\/media\/11940"}],"wp:attachment":[{"href":"https:\/\/www.omccable.com\/de\/wp-json\/wp\/v2\/media?parent=11918"}],"wp:term":[{"taxonomy":"product_cat","embeddable":true,"href":"https:\/\/www.omccable.com\/de\/wp-json\/wp\/v2\/product_cat?post=11918"},{"taxonomy":"product_tag","embeddable":true,"href":"https:\/\/www.omccable.com\/de\/wp-json\/wp\/v2\/product_tag?post=11918"}],"curies":[{"name":"wp","href":"https:\/\/api.w.org\/{rel}","templated":true}]}}