{"id":11842,"date":"2024-07-26T15:50:19","date_gmt":"2024-07-26T07:50:19","guid":{"rendered":"https:\/\/www.omccable.com\/?post_type=product&#038;p=11842"},"modified":"2025-07-28T10:30:59","modified_gmt":"2025-07-28T02:30:59","slug":"1-4cores-no-armored-round-duct-ftth-drop-cable","status":"publish","type":"product","link":"https:\/\/www.omccable.com\/de\/produkt\/1-4cores-no-armored-round-duct-ftth-drop-cable\/","title":{"rendered":"1-4cores No-Armored Round Duct FTTH Drop Kabel"},"content":{"rendered":"<p>FTTH-Kabel f\u00fcr den Au\u00dfenbereich, auch Leitungsfaserkabel oder unterirdisches Glasfaserkabel genannt, werden normalerweise durch die Verlegung in unterirdischen Leitungen und<br \/>\nrealisiert Kan\u00e4le werden normalerweise im Boden vergraben. Zum Aufbau des Kabels wird in der Mitte des Kabels ein bogenf\u00f6rmiges FTTH-Indoor-Drop-Kabel platziert. Um f\u00fcr die unterirdische Kanalinstallation geeignet zu sein, wird ein robuster LSZH-Mantel hinzugef\u00fcgt, um einen runden Kabelquerschnitt zu schaffen und dem Kabelkern zus\u00e4tzlichen Schutz zu verleihen.<\/p>\n<p><strong>\u00a0<\/strong><\/p>\n<p><strong>Funktion <\/strong><strong>\u00a0<\/strong><\/p>\n<ul>\n<li>Weich und flexibel, gute Biegeleistung<\/li>\n<li>Wasserdichtes Klebeband verhindert das Eindringen von Wasser in das Kabel<\/li>\n<li>Das FRP-Festigkeitselement verbessert die Zugfestigkeit, der flammhemmende LSZH-Innen- und Au\u00dfenmantel weist eine gute Flammschutzleistung auf<\/li>\n<li>Eine spezielle Faser mit geringer Biegeempfindlichkeit bietet eine hohe Bandbreite und hervorragende Kommunikations\u00fcbertragungseigenschaften<\/li>\n<li>Einfache Struktur, geringes Gewicht und hohe Praktikabilit\u00e4t<\/li>\n<li>Neuartiges Wellendesign, einfaches Abisolieren und Splei\u00dfen, vereinfacht die Installation und Wartung<\/li>\n<\/ul>\n<p>&nbsp;<\/p>\n<p><strong>Technische Daten des Kabels<\/strong><strong>:<\/strong><\/p>\n<table>\n<tbody>\n<tr>\n<td width=\"128\"><strong><b>Artikel<\/b><\/strong><\/td>\n<td width=\"140\"><strong><b>Inhalt<\/b><\/strong><\/td>\n<td width=\"81\"><strong><b>Einheit<\/b><\/strong><\/td>\n<td width=\"349\"><strong><b>Wert<\/b><\/strong><\/td>\n<\/tr>\n<tr>\n<td width=\"128\">Optische Faser<\/td>\n<td width=\"140\">\/<\/td>\n<td width=\"81\">\/<\/td>\n<td width=\"349\">1-4<\/td>\n<\/tr>\n<tr>\n<td rowspan=\"4\" width=\"128\">Unterkabel<\/td>\n<td width=\"140\">Kraftmitglied<\/td>\n<td width=\"81\">\/<\/td>\n<td width=\"349\">0,5*2 FRP<\/td>\n<\/tr>\n<tr>\n<td width=\"140\">Jackenfarbe<\/td>\n<td width=\"81\">\/<\/td>\n<td width=\"349\">Schwarz<\/td>\n<\/tr>\n<tr>\n<td width=\"140\">Jackenmaterial<\/td>\n<td width=\"81\">\/<\/td>\n<td width=\"349\">LSZH<\/td>\n<\/tr>\n<tr>\n<td width=\"140\">Durchmesser (mm)<\/td>\n<td width=\"81\">mm<\/td>\n<td width=\"349\">2,0 \u00b1 0,1 * 3,0 \u00b1 0,1<\/td>\n<\/tr>\n<tr>\n<td rowspan=\"3\" width=\"128\">Au\u00dfenjacke<\/td>\n<td width=\"140\">Durchmesser<\/td>\n<td width=\"81\">mm<\/td>\n<td width=\"349\">5,0 \u00b1 0,3<\/td>\n<\/tr>\n<tr>\n<td width=\"140\">Material<\/td>\n<td width=\"81\">\/<\/td>\n<td width=\"349\">LSZH<\/td>\n<\/tr>\n<tr>\n<td width=\"140\">Farbe<\/td>\n<td width=\"81\">\/<\/td>\n<td width=\"349\">Schwarz<\/td>\n<\/tr>\n<tr>\n<td width=\"128\">Kraftmitglied<\/td>\n<td width=\"140\">\/<\/td>\n<td width=\"81\">\/<\/td>\n<td width=\"349\">Polyestergarn<\/td>\n<\/tr>\n<tr>\n<td colspan=\"2\" width=\"269\">Kabeld\u00e4mpfung<\/td>\n<td width=\"81\">dB\/km<\/td>\n<td width=\"349\">\u2266 0,40 bei 1310 nm,  \u2266 0,30 bei 1550 nm<\/td>\n<\/tr>\n<tr>\n<td colspan=\"2\" width=\"269\">Kabelgewicht (ca.)<\/td>\n<td width=\"81\">kg\/km<\/td>\n<td width=\"349\">24.9<\/td>\n<\/tr>\n<\/tbody>\n<\/table>\n<p><strong>\u00a0<\/strong><\/p>\n<p><strong><b>Mechanische und Umweltleistung<\/b><\/strong><\/p>\n<table>\n<tbody>\n<tr>\n<td width=\"216\"><strong>Artikel<\/strong><\/td>\n<td width=\"216\"><strong>Inhalt<\/strong><\/td>\n<td width=\"275\"><strong>Wert<\/strong><\/td>\n<\/tr>\n<tr>\n<td rowspan=\"2\" width=\"216\">Zuglast<\/td>\n<td width=\"216\">Kurzfristig<\/td>\n<td width=\"275\">80N Faserdehnung \u22640,33 %<\/td>\n<\/tr>\n<tr>\n<td width=\"216\">Langfristig<\/td>\n<td width=\"275\">40N<\/td>\n<\/tr>\n<tr>\n<td rowspan=\"2\" width=\"216\">Druckfestigkeit<\/td>\n<td width=\"216\">Kurzfristig<\/td>\n<td width=\"275\">1000<\/td>\n<\/tr>\n<tr>\n<td width=\"216\">Langfristig<\/td>\n<td width=\"275\">300<\/td>\n<\/tr>\n<tr>\n<td rowspan=\"2\" width=\"216\">Min. Biegeradius<\/td>\n<td width=\"216\">Installation<\/td>\n<td width=\"275\">25 x Kabeldurchmesser<\/td>\n<\/tr>\n<tr>\n<td width=\"216\">Betrieb<\/td>\n<td width=\"275\">12,5 x Kabeldurchmesser<\/td>\n<\/tr>\n<tr>\n<td rowspan=\"3\" width=\"216\">Temperaturbereich<\/td>\n<td width=\"216\">Betrieb<\/td>\n<td width=\"275\">-40\u2103 ~ +70\u2103<\/td>\n<\/tr>\n<tr>\n<td width=\"216\">Installation<\/td>\n<td width=\"275\">-20\u2103 ~ +60\u2103<\/td>\n<\/tr>\n<tr>\n<td width=\"216\">Lagerung\/Transport<\/td>\n<td width=\"275\">-40\u2103 ~ +70\u2103<\/td>\n<\/tr>\n<\/tbody>\n<\/table>\n<p><strong>\u00a0<\/strong><\/p>\n<p><strong>Anwendung:<\/strong><\/p>\n<p>Wird in der Luft- und Kanalzugangsverkabelung verwendet<\/p>\n<p>Kann in kleinen Biegeumgebungen installiert werden<\/p>\n<p>Geeignet f\u00fcr die Verbindung zwischen Innen- und Au\u00dfenbereich<\/p>\n<p>Speziell dort eingesetzt, wo eine gute D\u00e4mmleistung erwartet wird<\/p>\n<p>&nbsp;<\/p>\n<p><strong>Ideale L\u00f6sung f\u00fcr den Einsatz von FTTH-Drop-Kabeln<\/strong><\/p>\n<p>Mit seinem raucharmen, halogenfreien und flammhemmenden Innen- und Au\u00dfenmantel kann dieses Kabel insbesondere f\u00fcr Luft- und Kanalzugangskabel verwendet werden und ist f\u00fcr die Verbindung zwischen Innen- und Au\u00dfenbereich geeignet. Es kann auch direkt an Kommunikationsger\u00e4te angeschlossen werden.<\/p>\n<p><img fetchpriority=\"high\" decoding=\"async\" class=\"alignnone size-full wp-image-11844\" src=\"https:\/\/www.omccable.com\/wp-content\/uploads\/2024\/07\/FTTH.png\" alt=\"\" width=\"1025\" height=\"397\" srcset=\"https:\/\/www.omccable.com\/wp-content\/uploads\/2024\/07\/FTTH.png 1025w, https:\/\/www.omccable.com\/wp-content\/uploads\/2024\/07\/FTTH-300x116.png 300w, https:\/\/www.omccable.com\/wp-content\/uploads\/2024\/07\/FTTH-800x310.png 800w, https:\/\/www.omccable.com\/wp-content\/uploads\/2024\/07\/FTTH-768x297.png 768w\" sizes=\"(max-width: 1025px) 100vw, 1025px\" \/><\/p>\n<p>&nbsp;<\/p>","protected":false},"excerpt":{"rendered":"<p>FTTH-Kabel f\u00fcr den Au\u00dfenbereich, auch Leitungsfaserkabel oder unterirdische Glasfaserkabel genannt, werden normalerweise in unterirdischen Leitungen verlegt, die normalerweise im Boden vergraben sind. Zum Aufbau des Kabels wird in der Mitte des Kabels ein bogenf\u00f6rmiges FTTH-Indoor-Drop-Kabel platziert. Um zu [\u2026]<\/p>","protected":false},"featured_media":11848,"comment_status":"closed","ping_status":"closed","template":"","meta":{"site-sidebar-layout":"default","site-content-layout":"","ast-site-content-layout":"default","site-content-style":"default","site-sidebar-style":"default","ast-global-header-display":"","ast-banner-title-visibility":"","ast-main-header-display":"","ast-hfb-above-header-display":"","ast-hfb-below-header-display":"","ast-hfb-mobile-header-display":"","site-post-title":"","ast-breadcrumbs-content":"","ast-featured-img":"","footer-sml-layout":"","theme-transparent-header-meta":"default","adv-header-id-meta":"","stick-header-meta":"default","header-above-stick-meta":"","header-main-stick-meta":"","header-below-stick-meta":"","astra-migrate-meta-layouts":"set","ast-page-background-enabled":"default","ast-page-background-meta":{"desktop":{"background-color":"var(--ast-global-color-4)","background-image":"","background-repeat":"repeat","background-position":"center center","background-size":"auto","background-attachment":"scroll","background-type":"","background-media":"","overlay-type":"","overlay-color":"","overlay-gradient":""},"tablet":{"background-color":"","background-image":"","background-repeat":"repeat","background-position":"center center","background-size":"auto","background-attachment":"scroll","background-type":"","background-media":"","overlay-type":"","overlay-color":"","overlay-gradient":""},"mobile":{"background-color":"","background-image":"","background-repeat":"repeat","background-position":"center center","background-size":"auto","background-attachment":"scroll","background-type":"","background-media":"","overlay-type":"","overlay-color":"","overlay-gradient":""}},"ast-content-background-meta":{"desktop":{"background-color":"var(--ast-global-color-5)","background-image":"","background-repeat":"repeat","background-position":"center center","background-size":"auto","background-attachment":"scroll","background-type":"","background-media":"","overlay-type":"","overlay-color":"","overlay-gradient":""},"tablet":{"background-color":"var(--ast-global-color-5)","background-image":"","background-repeat":"repeat","background-position":"center center","background-size":"auto","background-attachment":"scroll","background-type":"","background-media":"","overlay-type":"","overlay-color":"","overlay-gradient":""},"mobile":{"background-color":"var(--ast-global-color-5)","background-image":"","background-repeat":"repeat","background-position":"center center","background-size":"auto","background-attachment":"scroll","background-type":"","background-media":"","overlay-type":"","overlay-color":"","overlay-gradient":""}}},"product_cat":[167,122],"product_tag":[],"class_list":{"0":"post-11842","1":"product","2":"type-product","3":"status-publish","4":"has-post-thumbnail","6":"product_cat-1-4cores-no-armored-round-duct-ftth-drop-cable","7":"product_cat-ftth-drop-cable","8":"desktop-align-left","9":"tablet-align-left","10":"mobile-align-left","11":"ast-product-gallery-layout-horizontal-slider","12":"ast-product-tabs-layout-horizontal","14":"first","15":"instock","16":"shipping-taxable","17":"product-type-simple"},"acf":[],"_links":{"self":[{"href":"https:\/\/www.omccable.com\/de\/wp-json\/wp\/v2\/product\/11842","targetHints":{"allow":["GET"]}}],"collection":[{"href":"https:\/\/www.omccable.com\/de\/wp-json\/wp\/v2\/product"}],"about":[{"href":"https:\/\/www.omccable.com\/de\/wp-json\/wp\/v2\/types\/product"}],"replies":[{"embeddable":true,"href":"https:\/\/www.omccable.com\/de\/wp-json\/wp\/v2\/comments?post=11842"}],"version-history":[{"count":3,"href":"https:\/\/www.omccable.com\/de\/wp-json\/wp\/v2\/product\/11842\/revisions"}],"predecessor-version":[{"id":13288,"href":"https:\/\/www.omccable.com\/de\/wp-json\/wp\/v2\/product\/11842\/revisions\/13288"}],"wp:featuredmedia":[{"embeddable":true,"href":"https:\/\/www.omccable.com\/de\/wp-json\/wp\/v2\/media\/11848"}],"wp:attachment":[{"href":"https:\/\/www.omccable.com\/de\/wp-json\/wp\/v2\/media?parent=11842"}],"wp:term":[{"taxonomy":"product_cat","embeddable":true,"href":"https:\/\/www.omccable.com\/de\/wp-json\/wp\/v2\/product_cat?post=11842"},{"taxonomy":"product_tag","embeddable":true,"href":"https:\/\/www.omccable.com\/de\/wp-json\/wp\/v2\/product_tag?post=11842"}],"curies":[{"name":"wp","href":"https:\/\/api.w.org\/{rel}","templated":true}]}}