{"id":11764,"date":"2024-07-25T15:35:05","date_gmt":"2024-07-25T07:35:05","guid":{"rendered":"https:\/\/www.omccable.com\/?post_type=product&#038;p=11764"},"modified":"2025-07-28T09:17:01","modified_gmt":"2025-07-28T01:17:01","slug":"2-12f-all-dielectric-flat-drop-cable-dry-type","status":"publish","type":"product","link":"https:\/\/www.omccable.com\/de\/produkt\/2-12f-all-dielectric-flat-drop-cable-dry-type\/","title":{"rendered":"2-12F All Dielectric Flat Drop Kabel-Trockentyp"},"content":{"rendered":"<p>Das All Dielectric Flat Drop-Kabel ist ein hochfestes FTTH-Drop-Kabel mit einer ovalen flachen Struktur. Auf beiden Seiten sind zwei parallele Festigkeitstr\u00e4ger aus faserverst\u00e4rktem Kunststoff (FRP) angebracht. Seine optische Fasereinheit ist im mittleren Verlustrohr (aus PBT-Materialien) positioniert. Anschlie\u00dfend wird das Kabel mit einem PE-Mantel versehen.<\/p>\n<p>&nbsp;<\/p>\n<p><strong>Funktion<\/strong><\/p>\n<ul>\n<li>Gute wasserdichte Leistung<\/li>\n<li>Eine spezielle Faser mit geringer Biegeempfindlichkeit bietet eine hohe Bandbreite und hervorragende Kommunikations\u00fcbertragungseigenschaften<\/li>\n<li>Zwei parallele FRP-Festigkeitselemente sorgen f\u00fcr eine gute Druckfestigkeit und sch\u00fctzen die Faser<\/li>\n<li>Einfache Struktur, geringes Gewicht und hohe Praktikabilit\u00e4t<\/li>\n<li>Neuartiges Wellendesign, einfaches Abisolieren und Splei\u00dfen, vereinfacht die Installation und Wartung<\/li>\n<li>Raucharmer, halogenfreier und flammhemmender Mantel<\/li>\n<\/ul>\n<p>&nbsp;<\/p>\n<p><strong>Kabelspezifikation<\/strong><strong>:<\/strong><\/p>\n<table>\n<tbody>\n<tr>\n<td width=\"95\"><strong><b>Artikel<\/b><\/strong><\/td>\n<td width=\"120\"><strong><b>Inhalt<\/b><\/strong><\/td>\n<td width=\"75\"><strong><b>Einheit<\/b><\/strong><\/td>\n<td colspan=\"3\" width=\"389\"><strong><b>Wert<\/b><\/strong><\/td>\n<\/tr>\n<tr>\n<td rowspan=\"2\" width=\"95\">Optische Faser<\/td>\n<td width=\"120\">Modellnummer<\/td>\n<td width=\"75\">\/<\/td>\n<td colspan=\"3\" width=\"389\">G657A1<\/td>\n<\/tr>\n<tr>\n<td width=\"120\">Zahl<\/td>\n<td width=\"75\">\/<\/td>\n<td width=\"96\">2<\/td>\n<td width=\"94\">6<\/td>\n<td width=\"198\">12<\/td>\n<\/tr>\n<tr>\n<td rowspan=\"2\" width=\"95\">Kraftmitglied<\/td>\n<td width=\"120\">Material<\/td>\n<td width=\"75\">\/<\/td>\n<td colspan=\"3\" width=\"389\">FRP<\/td>\n<\/tr>\n<tr>\n<td width=\"120\">Durchmesser<\/td>\n<td width=\"75\">mm<\/td>\n<td colspan=\"2\" width=\"190\">1.8<\/td>\n<td width=\"198\">2.4<\/td>\n<\/tr>\n<tr>\n<td rowspan=\"4\" width=\"95\">Innenjacke<\/td>\n<td width=\"120\">Durchmesser<\/td>\n<td width=\"75\">mm<\/td>\n<td colspan=\"2\" width=\"190\">2,0 \u00b1 0,1<\/td>\n<td width=\"198\">2,4 \u00b1 0,2<\/td>\n<\/tr>\n<tr>\n<td width=\"120\">Material 1<\/td>\n<td width=\"75\">\/<\/td>\n<td colspan=\"3\" width=\"389\">PBT<\/td>\n<\/tr>\n<tr>\n<td width=\"120\">Material 2<\/td>\n<td width=\"75\">\/<\/td>\n<td colspan=\"3\" width=\"389\">Wasserblockierendes Garn<\/td>\n<\/tr>\n<tr>\n<td width=\"120\">Farbe<\/td>\n<td width=\"75\">\/<\/td>\n<td colspan=\"3\" width=\"389\">Natur<\/td>\n<\/tr>\n<tr>\n<td rowspan=\"3\" width=\"95\">Au\u00dfenjacke<\/td>\n<td width=\"120\">Durchmesser<\/td>\n<td width=\"75\">mm<\/td>\n<td colspan=\"2\" width=\"190\">3,9 \u00b1 0,2 * 8,0 \u00b1 0,4<\/td>\n<td width=\"198\">5,0 \u00b1 0,3 * 10,4 \u00b1 0,5<\/td>\n<\/tr>\n<tr>\n<td width=\"120\">Material<\/td>\n<td width=\"75\">\/<\/td>\n<td colspan=\"3\" width=\"389\">PE<\/td>\n<\/tr>\n<tr>\n<td width=\"120\">Farbe<\/td>\n<td width=\"75\">\/<\/td>\n<td colspan=\"3\" width=\"389\">Schwarz<\/td>\n<\/tr>\n<tr>\n<td colspan=\"2\" width=\"215\">Kabelgewicht (ca.)<\/td>\n<td width=\"75\">kg\/km<\/td>\n<td colspan=\"2\" width=\"190\">34.1<\/td>\n<td width=\"198\">57.1<\/td>\n<\/tr>\n<\/tbody>\n<\/table>\n<p><strong>\u00a0<\/strong><\/p>\n<p><strong>Wichtigste mechanische und umweltbezogene Leistungen<\/strong><\/p>\n<table>\n<tbody>\n<tr>\n<td rowspan=\"2\" width=\"224\"><strong><b>Maximale Zugfestigkeit (N)<\/b><\/strong><\/td>\n<td width=\"187\">Kurzfristig<\/td>\n<td width=\"268\">2-6F:1300 ; 12F 2600<\/td>\n<\/tr>\n<tr>\n<td width=\"187\">Langfristig<\/td>\n<td width=\"268\">2-6F:650 ; 12F 1300<\/td>\n<\/tr>\n<tr>\n<td rowspan=\"2\" width=\"224\"><strong><b>Quetschung (N\/100 mm)<\/b><\/strong><\/td>\n<td width=\"187\">Kurzfristig<\/td>\n<td width=\"268\">1000<\/td>\n<\/tr>\n<tr>\n<td width=\"187\">Langfristig<\/td>\n<td width=\"268\">500<\/td>\n<\/tr>\n<tr>\n<td width=\"224\"><strong><b>\u00a0<\/b><\/strong><\/td>\n<td colspan=\"2\" width=\"455\"><\/td>\n<\/tr>\n<tr>\n<td width=\"224\"><strong><b>Betriebstemperatur <\/b><\/strong><strong><b>\uff08\u2103\uff09<\/b><\/strong><\/td>\n<td colspan=\"2\" width=\"455\">-40+60<\/td>\n<\/tr>\n<tr>\n<td width=\"224\"><strong><b>Lagertemperatur <\/b><\/strong><strong><b>\uff08\u2103\uff09<\/b><\/strong><\/td>\n<td colspan=\"2\" width=\"455\">-40+60<\/td>\n<\/tr>\n<\/tbody>\n<\/table>\n<p><strong>\u00a0<\/strong><\/p>\n<p><strong>Fasercharakteristik<\/strong><\/p>\n<table>\n<tbody>\n<tr>\n<td rowspan=\"2\" width=\"167\"><strong><b>Parameter<\/b><\/strong><\/td>\n<td rowspan=\"2\" width=\"96\"><strong><b>Bedingungen<\/b><\/strong><\/td>\n<td rowspan=\"2\" width=\"85\"><strong><b>Einheiten<\/b><\/strong><\/td>\n<td colspan=\"4\" width=\"330\"><strong><b>Wert<\/b><\/strong><\/td>\n<\/tr>\n<tr>\n<td width=\"85\"><strong><b>G652D<\/b><\/strong><\/td>\n<td width=\"85\"><strong><b>G657A1<\/b><\/strong><\/td>\n<td width=\"85\"><strong><b>G657A2<\/b><\/strong><\/td>\n<td width=\"75\"><strong><b>G657B3<\/b><\/strong><\/td>\n<\/tr>\n<tr>\n<td colspan=\"3\" width=\"349\"><strong><b>Optische Spezifikation<\/b><\/strong><\/td>\n<td colspan=\"4\" width=\"330\"><strong><b>\u3000<\/b><\/strong><\/td>\n<\/tr>\n<tr>\n<td rowspan=\"4\" width=\"167\">D\u00e4mpfung<\/td>\n<td width=\"96\">1310 nm<\/td>\n<td width=\"85\">dB\/km<\/td>\n<td width=\"85\">\u22640,350<\/td>\n<td width=\"85\">\u22640,350<\/td>\n<td width=\"85\">\u22640,350<\/td>\n<td width=\"75\">\u22640,350<\/td>\n<\/tr>\n<tr>\n<td width=\"96\">1383 nm<\/td>\n<td width=\"85\">dB\/km<\/td>\n<td width=\"85\">\u22640,330<\/td>\n<td width=\"85\">\u22640,350<\/td>\n<td width=\"85\">\u22640,350<\/td>\n<td width=\"75\">\u22640,350<\/td>\n<\/tr>\n<tr>\n<td width=\"96\">1550 nm<\/td>\n<td width=\"85\">dB\/km<\/td>\n<td width=\"85\">\u22640,210<\/td>\n<td width=\"85\">\u22640,210<\/td>\n<td width=\"85\">\u22640,210<\/td>\n<td width=\"75\">\u22640,210<\/td>\n<\/tr>\n<tr>\n<td width=\"96\">1625 nm<\/td>\n<td width=\"85\">dB\/km<\/td>\n<td width=\"85\">\u22640,240<\/td>\n<td width=\"85\">\u22640,230<\/td>\n<td width=\"85\">\u22640,230<\/td>\n<td width=\"75\">\u22640,230<\/td>\n<\/tr>\n<tr>\n<td rowspan=\"3\" width=\"167\">D\u00e4mpfung vs. Wellenl\u00e4nge<\/td>\n<td width=\"96\">1310 nm VS. 1285-1330 nm<\/td>\n<td width=\"85\">dB\/km<\/td>\n<td width=\"85\">\u22640,04<\/td>\n<td width=\"85\">\u22640,04<\/td>\n<td width=\"85\">\u22640,05<\/td>\n<td width=\"75\">\u22640,03<\/td>\n<\/tr>\n<tr>\n<td width=\"96\">1550 nm VS. 1525\u20131575 nm<\/td>\n<td width=\"85\">dB\/km<\/td>\n<td width=\"85\">\u22640,03<\/td>\n<td width=\"85\">\u22640,03<\/td>\n<td width=\"85\">\u22640,04<\/td>\n<td width=\"75\">\u22640,02<\/td>\n<\/tr>\n<tr>\n<td width=\"96\">1550 nm VS. 1480-1580 nm<\/td>\n<td width=\"85\">dB\/km<\/td>\n<td width=\"85\">\u22640,04<\/td>\n<td width=\"85\">\u2013<\/td>\n<td width=\"85\">\u2013<\/td>\n<td width=\"75\">\u2013<\/td>\n<\/tr>\n<tr>\n<td width=\"167\">Nulldispersionswellenl\u00e4nge<\/td>\n<td rowspan=\"2\" width=\"96\">\\<\/td>\n<td width=\"85\">nm<\/td>\n<td width=\"85\">1300-1324<\/td>\n<td width=\"85\">1300-1324<\/td>\n<td width=\"85\">1300-1324<\/td>\n<td width=\"75\">1300-1324<\/td>\n<\/tr>\n<tr>\n<td width=\"167\">Nulldispersionssteigung<\/td>\n<td width=\"85\">ps\/(nm<sup>2<\/sup>\u00b7km)<\/td>\n<td width=\"85\">0.073-0.092<\/td>\n<td width=\"85\">0.073-0.092<\/td>\n<td width=\"85\">0.073-0.092<\/td>\n<td width=\"75\">\u22640,092<\/td>\n<\/tr>\n<tr>\n<td rowspan=\"2\" width=\"167\">Streuung<\/td>\n<td width=\"96\">1550 nm<\/td>\n<td width=\"85\">ps\/(nm\u00b7km)<\/td>\n<td width=\"85\">13.3-18.6<\/td>\n<td width=\"85\">13.3-18.6<\/td>\n<td width=\"85\">13.3-18.6<\/td>\n<td width=\"75\"><\/td>\n<\/tr>\n<tr>\n<td width=\"96\">1625 nm<\/td>\n<td width=\"85\">ps\/(nm\u00b7km)<\/td>\n<td width=\"85\">17.2-23.7<\/td>\n<td width=\"85\">17.2-23.7<\/td>\n<td width=\"85\">17.2-23.7<\/td>\n<td width=\"75\"><\/td>\n<\/tr>\n<tr>\n<td colspan=\"2\" width=\"264\">Polarisationsmodendispersion (PMD)<\/td>\n<td width=\"85\">ps\/\u221akm<\/td>\n<td width=\"85\">\u22640,2<\/td>\n<td width=\"85\">\u22640,2<\/td>\n<td width=\"85\">\u22640,2<\/td>\n<td width=\"75\">\u22640,2<\/td>\n<\/tr>\n<tr>\n<td width=\"167\">Grenzwellenl\u00e4nge \u03bbcc<\/td>\n<td width=\"96\">\u2013<\/td>\n<td width=\"85\">nm<\/td>\n<td width=\"85\">\u22641260<\/td>\n<td width=\"85\">\u22641260<\/td>\n<td width=\"85\">\u22641260<\/td>\n<td width=\"75\">\u22641260<\/td>\n<\/tr>\n<tr>\n<td rowspan=\"2\" width=\"167\">Modenfelddurchmesser (MFD)<\/td>\n<td width=\"96\">1310 nm<\/td>\n<td width=\"85\">\u03bcm<\/td>\n<td width=\"85\">9,2 \u00b1 0,4<\/td>\n<td width=\"85\">9,2 \u00b1 0,4<\/td>\n<td width=\"85\">8,6 \u00b1 0,4<\/td>\n<td width=\"75\">8,6 \u00b1 0,4<\/td>\n<\/tr>\n<tr>\n<td width=\"96\">1550 nm<\/td>\n<td width=\"85\">\u03bcm<\/td>\n<td width=\"85\">10,4 \u00b1 0,5<\/td>\n<td width=\"85\">10,4 \u00b1 0,5<\/td>\n<td width=\"85\">9,6 \u00b1 0,5<\/td>\n<td width=\"75\">9,6 \u00b1 0,5<\/td>\n<\/tr>\n<tr>\n<td rowspan=\"2\" width=\"167\">D\u00e4mpfungsdiskontinuit\u00e4t<\/td>\n<td width=\"96\">1310 nm<\/td>\n<td width=\"85\">dB<\/td>\n<td width=\"85\">\u22640,03<\/td>\n<td width=\"85\">\u22640,03<\/td>\n<td width=\"85\">\u22640,03<\/td>\n<td width=\"75\">\u22640,03<\/td>\n<\/tr>\n<tr>\n<td width=\"96\">1550 nm<\/td>\n<td width=\"85\">dB<\/td>\n<td width=\"85\">\u22640,03<\/td>\n<td width=\"85\">\u22640,03<\/td>\n<td width=\"85\">\u22640,03<\/td>\n<td width=\"75\">\u22640,03<\/td>\n<\/tr>\n<tr>\n<td rowspan=\"2\" width=\"167\">Bidirektionale D\u00e4mpfung<\/td>\n<td width=\"96\">1310 nm<\/td>\n<td width=\"85\">dB\/km<\/td>\n<td width=\"85\">\u22640,04<\/td>\n<td width=\"85\"><\/td>\n<td width=\"85\"><\/td>\n<td width=\"75\">\u22640,05<\/td>\n<\/tr>\n<tr>\n<td width=\"96\">1550 nm<\/td>\n<td width=\"85\">dB\/km<\/td>\n<td width=\"85\">\u22640,04<\/td>\n<td width=\"85\"><\/td>\n<td width=\"85\"><\/td>\n<td width=\"75\">\u22640,05<\/td>\n<\/tr>\n<tr>\n<td colspan=\"3\" width=\"349\"><strong><b>Geometrisch<\/b><\/strong><\/td>\n<td colspan=\"4\" width=\"330\"><\/td>\n<\/tr>\n<tr>\n<td colspan=\"2\" width=\"264\">Manteldurchmesser<\/td>\n<td width=\"85\">\u03bcm<\/td>\n<td width=\"85\">125\u00b10,7<\/td>\n<td width=\"85\">125\u00b10,7<\/td>\n<td width=\"85\">125\u00b10,7<\/td>\n<td width=\"75\">125\u00b10,7<\/td>\n<\/tr>\n<tr>\n<td colspan=\"2\" width=\"264\">Unrundheit der Verkleidung<\/td>\n<td width=\"85\">%<\/td>\n<td width=\"85\">\u22641,0<\/td>\n<td width=\"85\">\u22641,0<\/td>\n<td width=\"85\">\u22640,8<\/td>\n<td width=\"75\">\u22640,7<\/td>\n<\/tr>\n<tr>\n<td colspan=\"2\" width=\"264\">Kern-\/Mantel-Konzentrizit\u00e4tsfehler<\/td>\n<td width=\"85\">\u03bcm<\/td>\n<td width=\"85\">\u22640,6<\/td>\n<td width=\"85\">\u22640,5<\/td>\n<td width=\"85\">\u22640,5<\/td>\n<td width=\"75\">\u22640,5<\/td>\n<\/tr>\n<tr>\n<td colspan=\"2\" rowspan=\"2\" width=\"264\">Beschichtungsdurchmesser (ungef\u00e4rbt)<\/td>\n<td width=\"85\">\u03bcm<\/td>\n<td colspan=\"4\" width=\"330\">242\u00b17 (Standard)<\/td>\n<\/tr>\n<tr>\n<td width=\"85\">\u03bcm<\/td>\n<td colspan=\"4\" width=\"330\">200\u00b110 (optional)<\/td>\n<\/tr>\n<tr>\n<td colspan=\"2\" width=\"264\">Konzentrizit\u00e4tsfehler der Beschichtung\/Verkleidung<\/td>\n<td width=\"85\">\u03bcm<\/td>\n<td width=\"85\">\u226412<\/td>\n<td width=\"85\">\u226412<\/td>\n<td width=\"85\">\u226412<\/td>\n<td width=\"75\">\u226412<\/td>\n<\/tr>\n<tr>\n<td colspan=\"2\" width=\"264\">Locken<\/td>\n<td width=\"85\">m<\/td>\n<td width=\"85\">\u22654<\/td>\n<td width=\"85\">\u22654<\/td>\n<td width=\"85\">\u22654<\/td>\n<td width=\"75\">\u22654<\/td>\n<\/tr>\n<tr>\n<td colspan=\"3\" width=\"349\"><strong><b>Umwelt (1550 nm, 1625 nm)<\/b><\/strong><\/td>\n<td colspan=\"4\" width=\"330\"><\/td>\n<\/tr>\n<tr>\n<td width=\"167\">Temperaturwechsel<\/td>\n<td width=\"96\">-60\u2103 bis +85\u2103<\/td>\n<td width=\"85\">dB\/km<\/td>\n<td width=\"85\">\u22640,03<\/td>\n<td width=\"85\">\u22640,05<\/td>\n<td width=\"85\">\u22640,05<\/td>\n<td width=\"75\">\u22640,05<\/td>\n<\/tr>\n<tr>\n<td width=\"167\">Hohe Temperatur &amp;<\/p>\n<p>Hohe Luftfeuchtigkeit<\/td>\n<td width=\"96\">85\u2103, 85% RH, 30 Tage<\/td>\n<td width=\"85\">dB\/km<\/td>\n<td width=\"85\">\u22640,03<\/td>\n<td width=\"85\">\u22640,05<\/td>\n<td width=\"85\">\u22640,05<\/td>\n<td width=\"75\">\u22640,05<\/td>\n<\/tr>\n<tr>\n<td width=\"167\">Eintauchen in Wasser<\/td>\n<td width=\"96\">23\u2103, 30 Tage<\/td>\n<td width=\"85\">dB\/km<\/td>\n<td width=\"85\">\u22640,03<\/td>\n<td width=\"85\">\u22640,05<\/td>\n<td width=\"85\">\u22640,05<\/td>\n<td width=\"75\">\u22640,05<\/td>\n<\/tr>\n<tr>\n<td width=\"167\">Hochtemperaturalterung<\/td>\n<td width=\"96\">85\u2103, 30 Tage<\/td>\n<td width=\"85\">dB\/km<\/td>\n<td width=\"85\">\u22640,03<\/td>\n<td width=\"85\">\u22640,05<\/td>\n<td width=\"85\">\u22640,05<\/td>\n<td width=\"75\">\u22640,05<\/td>\n<\/tr>\n<\/tbody>\n<\/table>\n<p>&nbsp;<\/p>\n<p><strong>Anwendung:<\/strong><\/p>\n<p>Zugangsnetzwerk<\/p>\n<p>Lokales Netzwerk (LAN)<\/p>\n<p>Verwendete Endbenutzer-Direktverkabelung<\/p>\n<p>Glasfaser-Kommunikationssystem<\/p>\n<p>FTTH-Innenverkabelung und -Verteilung (Fiber to the Home)<\/p>\n<p>&nbsp;<\/p>\n<p><strong>Ideale Verwendung des Butterfly Flat Indoor FTTH Drop-Kabels<\/strong><\/p>\n<p>Das Butterfly Flat Indoor Drop-Kabel wird h\u00e4ufig in FTTH-Netzwerksystemen (Fiber to the Home) verwendet, mit denen die Kommunikationsleitung vom LAN direkt mit den Endbenutzern verbunden werden kann. Das Butterfly-Flachkabel verwendet eine spezielle Faser mit geringer Biegeempfindlichkeit, um eine hohe Bandbreite und eine hervorragende Kommunikations\u00fcbertragung zu gew\u00e4hrleisten. Es eignet sich sehr gut f\u00fcr die Verkabelung in Innenr\u00e4umen, die direkte Verkabelung von Endbenutzern und f\u00fcr Zugangsnetzwerke.<\/p>\n<p><img fetchpriority=\"high\" decoding=\"async\" class=\"alignnone size-full wp-image-11754\" src=\"https:\/\/www.omccable.com\/wp-content\/uploads\/2024\/04\/FTTH-DROP-CABLE.png\" alt=\"FTTH DROP CABLE\" width=\"1100\" height=\"452\" srcset=\"https:\/\/www.omccable.com\/wp-content\/uploads\/2024\/04\/FTTH-DROP-CABLE.png 1100w, https:\/\/www.omccable.com\/wp-content\/uploads\/2024\/04\/FTTH-DROP-CABLE-300x123.png 300w, https:\/\/www.omccable.com\/wp-content\/uploads\/2024\/04\/FTTH-DROP-CABLE-800x329.png 800w, https:\/\/www.omccable.com\/wp-content\/uploads\/2024\/04\/FTTH-DROP-CABLE-768x316.png 768w\" sizes=\"(max-width: 1100px) 100vw, 1100px\" \/><\/p>","protected":false},"excerpt":{"rendered":"<p>Das All Dielectric Flat Drop-Kabel ist ein hochfestes FTTH-Drop-Kabel mit einer ovalen flachen Struktur. Auf beiden Seiten sind zwei parallele Festigkeitstr\u00e4ger aus faserverst\u00e4rktem Kunststoff (FRP) angebracht. Seine optische Fasereinheit ist im mittleren Verlustrohr (aus PBT-Materialien) positioniert. Anschlie\u00dfend wird das Kabel mit einem PE-Mantel versehen. [\u2026]<\/p>","protected":false},"featured_media":11766,"comment_status":"closed","ping_status":"closed","template":"","meta":{"site-sidebar-layout":"default","site-content-layout":"","ast-site-content-layout":"default","site-content-style":"default","site-sidebar-style":"default","ast-global-header-display":"","ast-banner-title-visibility":"","ast-main-header-display":"","ast-hfb-above-header-display":"","ast-hfb-below-header-display":"","ast-hfb-mobile-header-display":"","site-post-title":"","ast-breadcrumbs-content":"","ast-featured-img":"","footer-sml-layout":"","theme-transparent-header-meta":"default","adv-header-id-meta":"","stick-header-meta":"default","header-above-stick-meta":"","header-main-stick-meta":"","header-below-stick-meta":"","astra-migrate-meta-layouts":"set","ast-page-background-enabled":"default","ast-page-background-meta":{"desktop":{"background-color":"var(--ast-global-color-4)","background-image":"","background-repeat":"repeat","background-position":"center center","background-size":"auto","background-attachment":"scroll","background-type":"","background-media":"","overlay-type":"","overlay-color":"","overlay-gradient":""},"tablet":{"background-color":"","background-image":"","background-repeat":"repeat","background-position":"center center","background-size":"auto","background-attachment":"scroll","background-type":"","background-media":"","overlay-type":"","overlay-color":"","overlay-gradient":""},"mobile":{"background-color":"","background-image":"","background-repeat":"repeat","background-position":"center center","background-size":"auto","background-attachment":"scroll","background-type":"","background-media":"","overlay-type":"","overlay-color":"","overlay-gradient":""}},"ast-content-background-meta":{"desktop":{"background-color":"var(--ast-global-color-5)","background-image":"","background-repeat":"repeat","background-position":"center center","background-size":"auto","background-attachment":"scroll","background-type":"","background-media":"","overlay-type":"","overlay-color":"","overlay-gradient":""},"tablet":{"background-color":"var(--ast-global-color-5)","background-image":"","background-repeat":"repeat","background-position":"center center","background-size":"auto","background-attachment":"scroll","background-type":"","background-media":"","overlay-type":"","overlay-color":"","overlay-gradient":""},"mobile":{"background-color":"var(--ast-global-color-5)","background-image":"","background-repeat":"repeat","background-position":"center center","background-size":"auto","background-attachment":"scroll","background-type":"","background-media":"","overlay-type":"","overlay-color":"","overlay-gradient":""}}},"product_cat":[131,122],"product_tag":[],"class_list":{"0":"post-11764","1":"product","2":"type-product","3":"status-publish","4":"has-post-thumbnail","6":"product_cat-all-dielectric-flat-drop-cable","7":"product_cat-ftth-drop-cable","8":"desktop-align-left","9":"tablet-align-left","10":"mobile-align-left","11":"ast-product-gallery-layout-horizontal-slider","12":"ast-product-tabs-layout-horizontal","14":"first","15":"instock","16":"shipping-taxable","17":"product-type-simple"},"acf":[],"_links":{"self":[{"href":"https:\/\/www.omccable.com\/de\/wp-json\/wp\/v2\/product\/11764","targetHints":{"allow":["GET"]}}],"collection":[{"href":"https:\/\/www.omccable.com\/de\/wp-json\/wp\/v2\/product"}],"about":[{"href":"https:\/\/www.omccable.com\/de\/wp-json\/wp\/v2\/types\/product"}],"replies":[{"embeddable":true,"href":"https:\/\/www.omccable.com\/de\/wp-json\/wp\/v2\/comments?post=11764"}],"version-history":[{"count":2,"href":"https:\/\/www.omccable.com\/de\/wp-json\/wp\/v2\/product\/11764\/revisions"}],"predecessor-version":[{"id":13246,"href":"https:\/\/www.omccable.com\/de\/wp-json\/wp\/v2\/product\/11764\/revisions\/13246"}],"wp:featuredmedia":[{"embeddable":true,"href":"https:\/\/www.omccable.com\/de\/wp-json\/wp\/v2\/media\/11766"}],"wp:attachment":[{"href":"https:\/\/www.omccable.com\/de\/wp-json\/wp\/v2\/media?parent=11764"}],"wp:term":[{"taxonomy":"product_cat","embeddable":true,"href":"https:\/\/www.omccable.com\/de\/wp-json\/wp\/v2\/product_cat?post=11764"},{"taxonomy":"product_tag","embeddable":true,"href":"https:\/\/www.omccable.com\/de\/wp-json\/wp\/v2\/product_tag?post=11764"}],"curies":[{"name":"wp","href":"https:\/\/api.w.org\/{rel}","templated":true}]}}