{"id":11715,"date":"2024-07-24T10:48:11","date_gmt":"2024-07-24T02:48:11","guid":{"rendered":"https:\/\/www.omccable.com\/?post_type=product&#038;p=11715"},"modified":"2024-07-24T14:33:09","modified_gmt":"2024-07-24T06:33:09","slug":"hybrid-2f-om312awg-cable","status":"publish","type":"product","link":"https:\/\/www.omccable.com\/de\/produkt\/hybrid-2f-om312awg-cable\/","title":{"rendered":"Hybrides 2F OM3&amp;12AWG-Kabel"},"content":{"rendered":"<p>Das gepanzerte Hybridkabel mit 2 Fasern und 12 AWG von OMC ist ein Kabel mit neuem Design, das zwei Untereinheitsfaserkabel und zwei massive Kupferdr\u00e4hte enth\u00e4lt. In der Mitte des Kerns befindet sich ein FRP-Draht, manchmal mit Polyethylen (PE) ummantelt, als metallfreies Festigkeitselement. Anschlie\u00dfend wird eine APL-Panzerung angebracht und die PE-Materialummantelung abgedeckt, um die Kompaktheit und die Wasserblockierleistung in L\u00e4ngsrichtung zu gew\u00e4hrleisten.<\/p>\n<p>&nbsp;<\/p>\n<p><strong>Produktdetails:<\/strong><\/p>\n<table>\n<tbody>\n<tr>\n<td colspan=\"2\" width=\"361\"><strong><b>Artikel<\/b><\/strong><\/td>\n<td width=\"304\"><strong><b>Spezifikationen<\/b><\/strong><\/td>\n<\/tr>\n<tr>\n<td colspan=\"2\" width=\"361\">Anzahl der Fasern<\/td>\n<td width=\"304\">2<\/td>\n<\/tr>\n<tr>\n<td rowspan=\"3\" width=\"185\">Festgepufferte Faser<\/td>\n<td width=\"176\">Dimension<\/td>\n<td width=\"304\">850 \u00b1 50 \u03bcm<\/td>\n<\/tr>\n<tr>\n<td width=\"176\">Material<\/td>\n<td width=\"304\">PVC<\/td>\n<\/tr>\n<tr>\n<td width=\"176\">Farbe<\/td>\n<td width=\"304\">White<\/td>\n<\/tr>\n<tr>\n<td rowspan=\"5\" width=\"185\">Kabeluntereinheit<\/td>\n<td width=\"176\">Dimension<\/td>\n<td width=\"304\">4,1 \u00b1 0,1 mm<\/td>\n<\/tr>\n<tr>\n<td width=\"176\">Material<\/td>\n<td width=\"304\">LSZH<\/td>\n<\/tr>\n<tr>\n<td width=\"176\">Farbe<\/td>\n<td width=\"304\">Aqua<\/td>\n<\/tr>\n<tr>\n<td width=\"176\">St\u00e4rkemitglied<\/td>\n<td width=\"304\">Kevlar<\/td>\n<\/tr>\n<tr>\n<td width=\"176\">Druckmarken<\/td>\n<td width=\"304\">\u30081\u3009\u3001\u30082\u3009<\/td>\n<\/tr>\n<tr>\n<td rowspan=\"2\" width=\"185\">Zentrales St\u00e4rkemitglied<\/td>\n<td width=\"176\">Dimension<\/td>\n<td width=\"304\">1,8 mm<\/td>\n<\/tr>\n<tr>\n<td width=\"176\">Material<\/td>\n<td width=\"304\">FRP<\/td>\n<\/tr>\n<tr>\n<td rowspan=\"2\" width=\"185\">Elektrische Einheit<\/td>\n<td width=\"176\">Kupferdraht<\/td>\n<td width=\"304\">12AWG<\/td>\n<\/tr>\n<tr>\n<td width=\"176\">Dimension<\/td>\n<td width=\"304\">4,1 mm \u00b1 0,1 mm<\/td>\n<\/tr>\n<tr>\n<td rowspan=\"3\" width=\"185\">Au\u00dfenjacke<\/td>\n<td width=\"176\">Dimension<\/td>\n<td width=\"304\">14,7 \u00b1 0,4 mm<\/td>\n<\/tr>\n<tr>\n<td width=\"176\">Material<\/td>\n<td width=\"304\">PE<\/td>\n<\/tr>\n<tr>\n<td width=\"176\">Farbe<\/td>\n<td width=\"304\">Schwarz<\/td>\n<\/tr>\n<\/tbody>\n<\/table>\n<p>&nbsp;<\/p>\n<p><strong>Mechanische und Umwelteigenschaften<\/strong><\/p>\n<table>\n<tbody>\n<tr>\n<td width=\"362\"><strong><b>Artikel<\/b><\/strong><\/td>\n<td width=\"128\"><strong><b>Vereinigen<\/b><\/strong><\/td>\n<td width=\"184\"><strong><b>Spezifikationen<\/b><\/strong><\/td>\n<\/tr>\n<tr>\n<td width=\"362\">Spannung (langfristig)<\/td>\n<td width=\"128\">N<\/td>\n<td width=\"184\">300<\/td>\n<\/tr>\n<tr>\n<td width=\"362\">Spannung (kurzfristig)<\/td>\n<td width=\"128\">N<\/td>\n<td width=\"184\">600<\/td>\n<\/tr>\n<tr>\n<td width=\"362\">Crush (langfristig)<\/td>\n<td width=\"128\">N\/10cm<\/td>\n<td width=\"184\">300<\/td>\n<\/tr>\n<tr>\n<td width=\"362\">Crush (kurzfristig)<\/td>\n<td width=\"128\">N\/10cm<\/td>\n<td width=\"184\">1000<\/td>\n<\/tr>\n<tr>\n<td width=\"362\">Min. Biegeradius (dynamisch)<\/td>\n<td width=\"128\">mm<\/td>\n<td width=\"184\">20D<\/td>\n<\/tr>\n<tr>\n<td width=\"362\">Min. Biegeradius (statisch)<\/td>\n<td width=\"128\">mm<\/td>\n<td width=\"184\">10D<\/td>\n<\/tr>\n<tr>\n<td width=\"362\">Installationstemperatur<\/td>\n<td width=\"128\">\u2103<\/td>\n<td width=\"184\">-10~+50<\/td>\n<\/tr>\n<tr>\n<td width=\"362\">Betriebstemperatur<\/td>\n<td width=\"128\">\u2103<\/td>\n<td width=\"184\">-20~+60<\/td>\n<\/tr>\n<tr>\n<td width=\"362\">Lagertemperatur<\/td>\n<td width=\"128\">\u2103<\/td>\n<td width=\"184\">-20~+60<\/td>\n<\/tr>\n<\/tbody>\n<\/table>\n<p>&nbsp;<\/p>\n<p><strong><b>Technische Parameter der optischen Faser-SM<\/b><\/strong><\/p>\n<table>\n<tbody>\n<tr>\n<td rowspan=\"2\" width=\"167\"><strong><b>Parameter<\/b><\/strong><\/td>\n<td rowspan=\"2\" width=\"96\"><strong><b>Bedingungen<\/b><\/strong><\/td>\n<td rowspan=\"2\" width=\"85\"><strong><b>Einheiten<\/b><\/strong><\/td>\n<td colspan=\"4\" width=\"330\"><strong><b>Wert<\/b><\/strong><\/td>\n<\/tr>\n<tr>\n<td width=\"85\"><strong><b>G652D<\/b><\/strong><\/td>\n<td width=\"85\"><strong><b>G657A1<\/b><\/strong><\/td>\n<td width=\"85\"><strong><b>G657A2<\/b><\/strong><\/td>\n<td width=\"75\"><strong><b>G657B3<\/b><\/strong><\/td>\n<\/tr>\n<tr>\n<td colspan=\"3\" width=\"349\"><strong><b>Optische Spezifikation<\/b><\/strong><\/td>\n<td colspan=\"4\" width=\"330\"><strong><b>\u3000<\/b><\/strong><\/td>\n<\/tr>\n<tr>\n<td rowspan=\"4\" width=\"167\">D\u00e4mpfung<\/td>\n<td width=\"96\">1310 nm<\/td>\n<td width=\"85\">dB\/km<\/td>\n<td width=\"85\">\u22640,350<\/td>\n<td width=\"85\">\u22640,350<\/td>\n<td width=\"85\">\u22640,350<\/td>\n<td width=\"75\">\u22640,350<\/td>\n<\/tr>\n<tr>\n<td width=\"96\">1383 nm<\/td>\n<td width=\"85\">dB\/km<\/td>\n<td width=\"85\">\u22640,330<\/td>\n<td width=\"85\">\u22640,350<\/td>\n<td width=\"85\">\u22640,350<\/td>\n<td width=\"75\">\u22640,350<\/td>\n<\/tr>\n<tr>\n<td width=\"96\">1550 nm<\/td>\n<td width=\"85\">dB\/km<\/td>\n<td width=\"85\">\u22640,210<\/td>\n<td width=\"85\">\u22640,210<\/td>\n<td width=\"85\">\u22640,210<\/td>\n<td width=\"75\">\u22640,210<\/td>\n<\/tr>\n<tr>\n<td width=\"96\">1625 nm<\/td>\n<td width=\"85\">dB\/km<\/td>\n<td width=\"85\">\u22640,240<\/td>\n<td width=\"85\">\u22640,230<\/td>\n<td width=\"85\">\u22640,230<\/td>\n<td width=\"75\">\u22640,230<\/td>\n<\/tr>\n<tr>\n<td rowspan=\"3\" width=\"167\">D\u00e4mpfung vs. Wellenl\u00e4nge<\/td>\n<td width=\"96\">1310 nm VS. 1285-1330 nm<\/td>\n<td width=\"85\">dB\/km<\/td>\n<td width=\"85\">\u22640,04<\/td>\n<td width=\"85\">\u22640,04<\/td>\n<td width=\"85\">\u22640,05<\/td>\n<td width=\"75\">\u22640,03<\/td>\n<\/tr>\n<tr>\n<td width=\"96\">1550 nm VS. 1525\u20131575 nm<\/td>\n<td width=\"85\">dB\/km<\/td>\n<td width=\"85\">\u22640,03<\/td>\n<td width=\"85\">\u22640,03<\/td>\n<td width=\"85\">\u22640,04<\/td>\n<td width=\"75\">\u22640,02<\/td>\n<\/tr>\n<tr>\n<td width=\"96\">1550 nm VS. 1480-1580 nm<\/td>\n<td width=\"85\">dB\/km<\/td>\n<td width=\"85\">\u22640,04<\/td>\n<td width=\"85\">\u2013<\/td>\n<td width=\"85\">\u2013<\/td>\n<td width=\"75\">\u2013<\/td>\n<\/tr>\n<tr>\n<td width=\"167\">Nulldispersionswellenl\u00e4nge<\/td>\n<td rowspan=\"2\" width=\"96\">\\<\/td>\n<td width=\"85\">nm<\/td>\n<td width=\"85\">1300-1324<\/td>\n<td width=\"85\">1300-1324<\/td>\n<td width=\"85\">1300-1324<\/td>\n<td width=\"75\">1300-1324<\/td>\n<\/tr>\n<tr>\n<td width=\"167\">Nulldispersionssteigung<\/td>\n<td width=\"85\">ps\/(nm<sup>2<\/sup>\u00b7km)<\/td>\n<td width=\"85\">0.073-0.092<\/td>\n<td width=\"85\">0.073-0.092<\/td>\n<td width=\"85\">0.073-0.092<\/td>\n<td width=\"75\">\u22640,092<\/td>\n<\/tr>\n<tr>\n<td rowspan=\"2\" width=\"167\">Streuung<\/td>\n<td width=\"96\">1550 nm<\/td>\n<td width=\"85\">ps\/(nm\u00b7km)<\/td>\n<td width=\"85\">13.3-18.6<\/td>\n<td width=\"85\">13.3-18.6<\/td>\n<td width=\"85\">13.3-18.6<\/td>\n<td width=\"75\"><\/td>\n<\/tr>\n<tr>\n<td width=\"96\">1625 nm<\/td>\n<td width=\"85\">ps\/(nm\u00b7km)<\/td>\n<td width=\"85\">17.2-23.7<\/td>\n<td width=\"85\">17.2-23.7<\/td>\n<td width=\"85\">17.2-23.7<\/td>\n<td width=\"75\"><\/td>\n<\/tr>\n<tr>\n<td colspan=\"2\" width=\"264\">Polarisationsmodendispersion (PMD)<\/td>\n<td width=\"85\">ps\/\u221akm<\/td>\n<td width=\"85\">\u22640,2<\/td>\n<td width=\"85\">\u22640,2<\/td>\n<td width=\"85\">\u22640,2<\/td>\n<td width=\"75\">\u22640,2<\/td>\n<\/tr>\n<tr>\n<td width=\"167\">Grenzwellenl\u00e4nge \u03bbcc<\/td>\n<td width=\"96\">\u2013<\/td>\n<td width=\"85\">nm<\/td>\n<td width=\"85\">\u22641260<\/td>\n<td width=\"85\">\u22641260<\/td>\n<td width=\"85\">\u22641260<\/td>\n<td width=\"75\">\u22641260<\/td>\n<\/tr>\n<tr>\n<td rowspan=\"2\" width=\"167\">Modenfelddurchmesser (MFD)<\/td>\n<td width=\"96\">1310 nm<\/td>\n<td width=\"85\">\u03bcm<\/td>\n<td width=\"85\">9,2 \u00b1 0,4<\/td>\n<td width=\"85\">9,2 \u00b1 0,4<\/td>\n<td width=\"85\">8,6 \u00b1 0,4<\/td>\n<td width=\"75\">8,6 \u00b1 0,4<\/td>\n<\/tr>\n<tr>\n<td width=\"96\">1550 nm<\/td>\n<td width=\"85\">\u03bcm<\/td>\n<td width=\"85\">10,4 \u00b1 0,5<\/td>\n<td width=\"85\">10,4 \u00b1 0,5<\/td>\n<td width=\"85\">9,6 \u00b1 0,5<\/td>\n<td width=\"75\">9,6 \u00b1 0,5<\/td>\n<\/tr>\n<tr>\n<td rowspan=\"2\" width=\"167\">D\u00e4mpfungsdiskontinuit\u00e4t<\/td>\n<td width=\"96\">1310 nm<\/td>\n<td width=\"85\">dB<\/td>\n<td width=\"85\">\u22640,03<\/td>\n<td width=\"85\">\u22640,03<\/td>\n<td width=\"85\">\u22640,03<\/td>\n<td width=\"75\">\u22640,03<\/td>\n<\/tr>\n<tr>\n<td width=\"96\">1550 nm<\/td>\n<td width=\"85\">dB<\/td>\n<td width=\"85\">\u22640,03<\/td>\n<td width=\"85\">\u22640,03<\/td>\n<td width=\"85\">\u22640,03<\/td>\n<td width=\"75\">\u22640,03<\/td>\n<\/tr>\n<tr>\n<td rowspan=\"2\" width=\"167\">Bidirektionale D\u00e4mpfung<\/td>\n<td width=\"96\">1310 nm<\/td>\n<td width=\"85\">dB\/km<\/td>\n<td width=\"85\">\u22640,04<\/td>\n<td width=\"85\"><\/td>\n<td width=\"85\"><\/td>\n<td width=\"75\">\u22640,05<\/td>\n<\/tr>\n<tr>\n<td width=\"96\">1550 nm<\/td>\n<td width=\"85\">dB\/km<\/td>\n<td width=\"85\">\u22640,04<\/td>\n<td width=\"85\"><\/td>\n<td width=\"85\"><\/td>\n<td width=\"75\">\u22640,05<\/td>\n<\/tr>\n<tr>\n<td colspan=\"3\" width=\"349\"><strong><b>Geometrisch<\/b><\/strong><\/td>\n<td colspan=\"4\" width=\"330\"><\/td>\n<\/tr>\n<tr>\n<td colspan=\"2\" width=\"264\">Manteldurchmesser<\/td>\n<td width=\"85\">\u03bcm<\/td>\n<td width=\"85\">125\u00b10,7<\/td>\n<td width=\"85\">125\u00b10,7<\/td>\n<td width=\"85\">125\u00b10,7<\/td>\n<td width=\"75\">125\u00b10,7<\/td>\n<\/tr>\n<tr>\n<td colspan=\"2\" width=\"264\">Unrundheit der Verkleidung<\/td>\n<td width=\"85\">%<\/td>\n<td width=\"85\">\u22641,0<\/td>\n<td width=\"85\">\u22641,0<\/td>\n<td width=\"85\">\u22640,8<\/td>\n<td width=\"75\">\u22640,7<\/td>\n<\/tr>\n<tr>\n<td colspan=\"2\" width=\"264\">Kern-\/Mantel-Konzentrizit\u00e4tsfehler<\/td>\n<td width=\"85\">\u03bcm<\/td>\n<td width=\"85\">\u22640,6<\/td>\n<td width=\"85\">\u22640,5<\/td>\n<td width=\"85\">\u22640,5<\/td>\n<td width=\"75\">\u22640,5<\/td>\n<\/tr>\n<tr>\n<td colspan=\"2\" rowspan=\"2\" width=\"264\">Beschichtungsdurchmesser (ungef\u00e4rbt)<\/td>\n<td width=\"85\">\u03bcm<\/td>\n<td colspan=\"4\" width=\"330\">242\u00b17 (Standard)<\/td>\n<\/tr>\n<tr>\n<td width=\"85\">\u03bcm<\/td>\n<td colspan=\"4\" width=\"330\">200\u00b110 (optional)<\/td>\n<\/tr>\n<tr>\n<td colspan=\"2\" width=\"264\">Konzentrizit\u00e4tsfehler der Beschichtung\/Verkleidung<\/td>\n<td width=\"85\">\u03bcm<\/td>\n<td width=\"85\">\u226412<\/td>\n<td width=\"85\">\u226412<\/td>\n<td width=\"85\">\u226412<\/td>\n<td width=\"75\">\u226412<\/td>\n<\/tr>\n<tr>\n<td colspan=\"2\" width=\"264\">Locken<\/td>\n<td width=\"85\">m<\/td>\n<td width=\"85\">\u22654<\/td>\n<td width=\"85\">\u22654<\/td>\n<td width=\"85\">\u22654<\/td>\n<td width=\"75\">\u22654<\/td>\n<\/tr>\n<tr>\n<td colspan=\"3\" width=\"349\"><strong><b>Umwelt (1550 nm, 1625 nm)<\/b><\/strong><\/td>\n<td colspan=\"4\" width=\"330\"><\/td>\n<\/tr>\n<tr>\n<td width=\"167\">Temperaturwechsel<\/td>\n<td width=\"96\">-60\u2103 bis +85\u2103<\/td>\n<td width=\"85\">dB\/km<\/td>\n<td width=\"85\">\u22640,03<\/td>\n<td width=\"85\">\u22640,05<\/td>\n<td width=\"85\">\u22640,05<\/td>\n<td width=\"75\">\u22640,05<\/td>\n<\/tr>\n<tr>\n<td width=\"167\">Hohe Temperatur &amp;<\/p>\n<p>Hohe Luftfeuchtigkeit<\/td>\n<td width=\"96\">85\u2103, 85% RH, 30 Tage<\/td>\n<td width=\"85\">dB\/km<\/td>\n<td width=\"85\">\u22640,03<\/td>\n<td width=\"85\">\u22640,05<\/td>\n<td width=\"85\">\u22640,05<\/td>\n<td width=\"75\">\u22640,05<\/td>\n<\/tr>\n<tr>\n<td width=\"167\">Eintauchen in Wasser<\/td>\n<td width=\"96\">23\u2103, 30 Tage<\/td>\n<td width=\"85\">dB\/km<\/td>\n<td width=\"85\">\u22640,03<\/td>\n<td width=\"85\">\u22640,05<\/td>\n<td width=\"85\">\u22640,05<\/td>\n<td width=\"75\">\u22640,05<\/td>\n<\/tr>\n<tr>\n<td width=\"167\">Hochtemperaturalterung<\/td>\n<td width=\"96\">85\u2103, 30 Tage<\/td>\n<td width=\"85\">dB\/km<\/td>\n<td width=\"85\">\u22640,03<\/td>\n<td width=\"85\">\u22640,05<\/td>\n<td width=\"85\">\u22640,05<\/td>\n<td width=\"75\">\u22640,05<\/td>\n<\/tr>\n<\/tbody>\n<\/table>\n<p><strong><b>\u00a0<\/b><\/strong><\/p>\n<p><strong><b>Technische Parameter der optischen Faser-MM<\/b><\/strong><\/p>\n<table>\n<tbody>\n<tr>\n<td rowspan=\"2\" width=\"188\"><strong><b>Funktionen<\/b><\/strong><\/td>\n<td rowspan=\"2\" width=\"90\"><strong><b>Bedingungen<\/b><\/strong><\/td>\n<td rowspan=\"2\" width=\"70\"><strong><b>Einheit<\/b><\/strong><\/td>\n<td colspan=\"5\" width=\"351\"><strong><b>Wert<\/b><\/strong><\/td>\n<\/tr>\n<tr>\n<td width=\"93\"><strong><b>OM1<\/b><\/strong><\/td>\n<td width=\"91\"><strong><b>OM2<\/b><\/strong><\/td>\n<td width=\"57\"><strong><b>OM2+<\/b><\/strong><\/td>\n<td width=\"53\"><strong><b>OM3<\/b><\/strong><\/td>\n<td width=\"54\"><strong><b>OM4<\/b><\/strong><\/td>\n<\/tr>\n<tr>\n<td colspan=\"8\" width=\"700\"><strong><b>Optisch <\/b><\/strong><strong><b>Eigenschaften<\/b><\/strong><\/td>\n<\/tr>\n<tr>\n<td rowspan=\"2\" width=\"188\">D\u00e4mpfung<\/td>\n<td width=\"90\">850 nm<\/td>\n<td width=\"70\">dB\/km<\/td>\n<td width=\"93\">\u22642,70~\u22643,00<\/td>\n<td width=\"91\">\u22642,50<\/td>\n<td width=\"57\">\u22642,50<\/td>\n<td width=\"53\">\u22642,50<\/td>\n<td width=\"54\">\u22642,50<\/td>\n<\/tr>\n<tr>\n<td width=\"90\">1300 nm<\/td>\n<td width=\"70\">dB\/km<\/td>\n<td width=\"93\">\u22640,60~\u22641,00<\/td>\n<td width=\"91\">\u22640,70<\/td>\n<td width=\"57\">\u22640,70<\/td>\n<td width=\"53\">\u22640,70<\/td>\n<td width=\"54\">\u22640,70<\/td>\n<\/tr>\n<tr>\n<td rowspan=\"2\" width=\"188\">Minimale modale Bandbreite<\/td>\n<td width=\"90\">850 nm<\/td>\n<td width=\"70\">MHz.km<\/td>\n<td width=\"93\">\u2265200~\u2265100<\/td>\n<td width=\"91\">\u2265500~\u2265200<\/td>\n<td width=\"57\">\u2013<\/td>\n<td width=\"53\">\u2013<\/td>\n<td width=\"54\">\u2013<\/td>\n<\/tr>\n<tr>\n<td width=\"90\">1300 nm<\/td>\n<td width=\"70\">MHz.km<\/td>\n<td width=\"93\">\u2265600~\u2265160<\/td>\n<td width=\"91\">\u22651200~\u2265400<\/td>\n<td width=\"57\">\u2013<\/td>\n<td width=\"53\">\u2013<\/td>\n<td width=\"54\">\u2013<\/td>\n<\/tr>\n<tr>\n<td rowspan=\"2\" width=\"188\">\u00dcberf\u00fcllte Startbandbreite<\/td>\n<td width=\"90\">850 nm<\/td>\n<td width=\"70\">MHz.km<\/td>\n<td width=\"93\">\u2013<\/td>\n<td width=\"91\">\u2013<\/td>\n<td width=\"57\">\u2265700<\/td>\n<td width=\"53\">\u22651500<\/td>\n<td width=\"54\">\u22653500<\/td>\n<\/tr>\n<tr>\n<td width=\"90\">1300 nm<\/td>\n<td width=\"70\">MHz.km<\/td>\n<td width=\"93\">\u2013<\/td>\n<td width=\"91\">\u2013<\/td>\n<td width=\"57\">\u2265500<\/td>\n<td width=\"53\">\u2265500<\/td>\n<td width=\"54\">\u2265500<\/td>\n<\/tr>\n<tr>\n<td width=\"188\">Effektive modale Bandbreite<\/td>\n<td width=\"90\">850 nm<\/td>\n<td width=\"70\">MHz.km<\/td>\n<td width=\"93\">\u2013<\/td>\n<td width=\"91\">\u2013<\/td>\n<td width=\"57\">\u2265950<\/td>\n<td width=\"53\">\u22652000<\/td>\n<td width=\"54\">\u22654700<\/td>\n<\/tr>\n<tr>\n<td width=\"188\">Numerische Apertur<\/td>\n<td width=\"90\"><\/td>\n<td width=\"70\"><\/td>\n<td width=\"93\">0,275 \u00b1 0,015<\/td>\n<td colspan=\"4\" width=\"257\">0.18~0.215<\/td>\n<\/tr>\n<tr>\n<td width=\"188\">10 Gbit\/s Ethernet-Verbindungsl\u00e4nge<\/td>\n<td width=\"90\"><\/td>\n<td width=\"70\">M<\/td>\n<td width=\"93\">\u2013<\/td>\n<td width=\"91\">\u2013<\/td>\n<td width=\"57\">150<\/td>\n<td width=\"53\">300<\/td>\n<td width=\"54\">550<\/td>\n<\/tr>\n<tr>\n<td colspan=\"8\" width=\"700\"><strong><b>R\u00fcckstreueigenschaften (1300 nm)<\/b><\/strong><\/td>\n<\/tr>\n<tr>\n<td colspan=\"2\" width=\"279\">Unregelm\u00e4\u00dfigkeiten \u00fcber die Faserl\u00e4nge und Punktdiskontinuit\u00e4t<\/td>\n<td width=\"70\">dB<\/td>\n<td colspan=\"5\" width=\"351\">\u22640,1<\/td>\n<\/tr>\n<tr>\n<td colspan=\"2\" width=\"279\">Gleichm\u00e4\u00dfige D\u00e4mpfung<\/td>\n<td width=\"70\">dB<\/td>\n<td colspan=\"5\" width=\"351\">\u22640,1<\/td>\n<\/tr>\n<tr>\n<td colspan=\"2\" width=\"279\">Schritt (Mittelwert der bidirektionalen Messung)<\/td>\n<td width=\"70\">dB\/km<\/td>\n<td colspan=\"5\" width=\"351\">\u22640,1<\/td>\n<\/tr>\n<tr>\n<td colspan=\"8\" width=\"700\"><strong><b>Geometrie <\/b><\/strong><strong><b>Eigenschaften<\/b><\/strong><\/td>\n<\/tr>\n<tr>\n<td colspan=\"2\" width=\"279\">Kerndurchmesser<\/td>\n<td width=\"70\">\u03bcm<\/td>\n<td width=\"93\">62,5\u00b12,5<\/td>\n<td colspan=\"4\" width=\"257\">50\u00b12,5<\/td>\n<\/tr>\n<tr>\n<td colspan=\"2\" width=\"279\">Kernunrundheit<\/td>\n<td width=\"70\">%<\/td>\n<td colspan=\"5\" width=\"351\">\u22645,0<\/td>\n<\/tr>\n<tr>\n<td colspan=\"2\" width=\"279\">Manteldurchmesser<\/td>\n<td width=\"70\">\u03bcm<\/td>\n<td colspan=\"5\" width=\"351\">124,3 \u00b1 0,7<\/td>\n<\/tr>\n<tr>\n<td colspan=\"2\" width=\"279\">Unrundheit der Verkleidung<\/td>\n<td width=\"70\">%<\/td>\n<td colspan=\"5\" width=\"351\">\u22642,0<\/td>\n<\/tr>\n<tr>\n<td colspan=\"2\" width=\"279\">Kern-\/Mantel-Konzentrizit\u00e4tsfehler<\/td>\n<td width=\"70\">\u03bcm<\/td>\n<td colspan=\"5\" width=\"351\">\u22641,5<\/td>\n<\/tr>\n<tr>\n<td colspan=\"2\" width=\"279\">Beschichtungsdurchmesser<\/td>\n<td width=\"70\">\u03bcm<\/td>\n<td colspan=\"5\" width=\"351\">245\u00b110<\/td>\n<\/tr>\n<tr>\n<td colspan=\"2\" width=\"279\">Konzentrizit\u00e4tsfehler bei Beschichtung\/Verkleidung<\/td>\n<td width=\"70\">\u03bcm<\/td>\n<td colspan=\"5\" width=\"351\">\u226412,0<\/td>\n<\/tr>\n<tr>\n<td colspan=\"2\" width=\"279\">Lieferl\u00e4nge<\/td>\n<td width=\"70\">km\/Rolle<\/td>\n<td colspan=\"5\" width=\"351\">\uff5e16,8<\/td>\n<\/tr>\n<tr>\n<td colspan=\"8\" width=\"700\"><strong><b>Umwelteigenschaften (850 nm und 1300 nm)<\/b><\/strong><\/td>\n<\/tr>\n<tr>\n<td width=\"188\">Temperaturabh\u00e4ngigkeit verursachte D\u00e4mpfung<\/td>\n<td width=\"90\">-60\u2103~+85\u2103<\/td>\n<td width=\"70\">dB\/km<\/td>\n<td colspan=\"5\" width=\"351\">\u22640,10<\/td>\n<\/tr>\n<tr>\n<td width=\"188\">Temperatur-Feuchtigkeit            abgeleitete D\u00e4mpfung<\/td>\n<td width=\"90\">-10\u2103~+85\u2103,98%RH<\/td>\n<td width=\"70\">dB\/km<\/td>\n<td colspan=\"5\" width=\"351\">\u22640,10<\/td>\n<\/tr>\n<tr>\n<td width=\"188\">Wasserabh\u00e4ngigkeit    induzierte D\u00e4mpfung<\/td>\n<td width=\"90\">23\u2103\u00b12\u2103,30 Tage<\/td>\n<td width=\"70\">dB\/km<\/td>\n<td colspan=\"5\" width=\"351\">\u22640,10<\/td>\n<\/tr>\n<tr>\n<td width=\"188\">Feuchte W\u00e4rmeabh\u00e4ngigkeit   induzierte D\u00e4mpfung<\/td>\n<td width=\"90\">85\u2103\u00b12\u2103und85%RH,30 Tage<\/td>\n<td width=\"70\">dB\/km<\/td>\n<td colspan=\"5\" width=\"351\">\u22640,10<\/td>\n<\/tr>\n<tr>\n<td width=\"188\">Trockene Hitzealterung<\/td>\n<td width=\"90\">85\u2103\u00b12\u2103<\/td>\n<td width=\"70\">dB\/km<\/td>\n<td colspan=\"5\" width=\"351\">\u22640,10<\/td>\n<\/tr>\n<\/tbody>\n<\/table>","protected":false},"excerpt":{"rendered":"<p>Das gepanzerte Hybridkabel mit 2 Fasern und 12 AWG von OMC ist ein Kabel mit neuem Design, das zwei Untereinheitsfaserkabel und zwei massive Kupferdr\u00e4hte enth\u00e4lt. In der Mitte des Kerns befindet sich ein FRP-Draht, manchmal mit Polyethylen (PE) ummantelt, als metallfreies Festigkeitselement. Anschlie\u00dfend wird eine APL-Panzerung angebracht und die PE-Materialummantelung abgedeckt, um sicherzustellen, dass [\u2026]<\/p>","protected":false},"featured_media":11725,"comment_status":"closed","ping_status":"closed","template":"","meta":{"site-sidebar-layout":"default","site-content-layout":"","ast-site-content-layout":"default","site-content-style":"default","site-sidebar-style":"default","ast-global-header-display":"","ast-banner-title-visibility":"","ast-main-header-display":"","ast-hfb-above-header-display":"","ast-hfb-below-header-display":"","ast-hfb-mobile-header-display":"","site-post-title":"","ast-breadcrumbs-content":"","ast-featured-img":"","footer-sml-layout":"","theme-transparent-header-meta":"default","adv-header-id-meta":"","stick-header-meta":"default","header-above-stick-meta":"","header-main-stick-meta":"","header-below-stick-meta":"","astra-migrate-meta-layouts":"set","ast-page-background-enabled":"default","ast-page-background-meta":{"desktop":{"background-color":"var(--ast-global-color-4)","background-image":"","background-repeat":"repeat","background-position":"center center","background-size":"auto","background-attachment":"scroll","background-type":"","background-media":"","overlay-type":"","overlay-color":"","overlay-gradient":""},"tablet":{"background-color":"","background-image":"","background-repeat":"repeat","background-position":"center center","background-size":"auto","background-attachment":"scroll","background-type":"","background-media":"","overlay-type":"","overlay-color":"","overlay-gradient":""},"mobile":{"background-color":"","background-image":"","background-repeat":"repeat","background-position":"center center","background-size":"auto","background-attachment":"scroll","background-type":"","background-media":"","overlay-type":"","overlay-color":"","overlay-gradient":""}},"ast-content-background-meta":{"desktop":{"background-color":"var(--ast-global-color-5)","background-image":"","background-repeat":"repeat","background-position":"center center","background-size":"auto","background-attachment":"scroll","background-type":"","background-media":"","overlay-type":"","overlay-color":"","overlay-gradient":""},"tablet":{"background-color":"var(--ast-global-color-5)","background-image":"","background-repeat":"repeat","background-position":"center center","background-size":"auto","background-attachment":"scroll","background-type":"","background-media":"","overlay-type":"","overlay-color":"","overlay-gradient":""},"mobile":{"background-color":"var(--ast-global-color-5)","background-image":"","background-repeat":"repeat","background-position":"center center","background-size":"auto","background-attachment":"scroll","background-type":"","background-media":"","overlay-type":"","overlay-color":"","overlay-gradient":""}}},"product_cat":[160,159,130],"product_tag":[],"class_list":{"0":"post-11715","1":"product","2":"type-product","3":"status-publish","4":"has-post-thumbnail","6":"product_cat-fiber-electronic-cable","7":"product_cat-fibercopper-cable","8":"product_cat-hybrid-cable","9":"desktop-align-left","10":"tablet-align-left","11":"mobile-align-left","12":"ast-product-gallery-layout-horizontal-slider","13":"ast-product-tabs-layout-horizontal","15":"first","16":"instock","17":"shipping-taxable","18":"product-type-simple"},"acf":[],"_links":{"self":[{"href":"https:\/\/www.omccable.com\/de\/wp-json\/wp\/v2\/product\/11715","targetHints":{"allow":["GET"]}}],"collection":[{"href":"https:\/\/www.omccable.com\/de\/wp-json\/wp\/v2\/product"}],"about":[{"href":"https:\/\/www.omccable.com\/de\/wp-json\/wp\/v2\/types\/product"}],"replies":[{"embeddable":true,"href":"https:\/\/www.omccable.com\/de\/wp-json\/wp\/v2\/comments?post=11715"}],"version-history":[{"count":2,"href":"https:\/\/www.omccable.com\/de\/wp-json\/wp\/v2\/product\/11715\/revisions"}],"predecessor-version":[{"id":11726,"href":"https:\/\/www.omccable.com\/de\/wp-json\/wp\/v2\/product\/11715\/revisions\/11726"}],"wp:featuredmedia":[{"embeddable":true,"href":"https:\/\/www.omccable.com\/de\/wp-json\/wp\/v2\/media\/11725"}],"wp:attachment":[{"href":"https:\/\/www.omccable.com\/de\/wp-json\/wp\/v2\/media?parent=11715"}],"wp:term":[{"taxonomy":"product_cat","embeddable":true,"href":"https:\/\/www.omccable.com\/de\/wp-json\/wp\/v2\/product_cat?post=11715"},{"taxonomy":"product_tag","embeddable":true,"href":"https:\/\/www.omccable.com\/de\/wp-json\/wp\/v2\/product_tag?post=11715"}],"curies":[{"name":"wp","href":"https:\/\/api.w.org\/{rel}","templated":true}]}}