{"id":11700,"date":"2024-07-23T10:47:46","date_gmt":"2024-07-23T02:47:46","guid":{"rendered":"https:\/\/www.omccable.com\/?post_type=product&#038;p=11700"},"modified":"2026-03-11T15:20:32","modified_gmt":"2026-03-11T07:20:32","slug":"2-12f-mini-air-blow-optical-cable","status":"publish","type":"product","link":"https:\/\/www.omccable.com\/de\/produkt\/2-12f-mini-air-blow-optical-cable\/","title":{"rendered":"2-12F Mini Air Blow optisches Kabel"},"content":{"rendered":"<p>Das <strong><b>2-12F Mini-Luftsto\u00df <\/b><\/strong><strong><b>Faser<\/b><\/strong><strong><b>\u00a0optisches Kabel<\/b><\/strong>, Auch als ABF-Kabel bezeichnet. Es besteht aus 2-12x 250 \u00b5m blanken Fasern, diesen farblich gekennzeichneten blanken Fasern, die von einer Schicht PE-Au\u00dfenmantel bedeckt sind.<\/p>\n<p>Das ABF-Kabel von OMC hat einen kleinen Durchmesser, ist leicht, hochflexibel und hat die richtige Steifigkeit. Die Fasern sind mit einem weichen Acrylatharz beschichtet, das eine hervorragende Form- und W\u00e4rmestabilit\u00e4t bietet, um die Fasern zu polstern. Dar\u00fcber hinaus kann das Harz beim Verbinden der Fasern leicht entfernt werden. Der Au\u00dfenmantel besteht aus einem Thermoplast mit geringer Reibung. Die Oberfl\u00e4che des Mantels ist im Vergleich zur Oberfl\u00e4che eines herk\u00f6mmlichen Glasfaserkabels mit speziellen Rillen versehen und bietet nicht nur ein hohes Ma\u00df an mechanischem Schutz, sondern auch eine perfekte Blasleistung.<\/p>\n<p>&nbsp;<\/p>\n<p><strong>Produktdetails:<\/strong><\/p>\n<table>\n<tbody>\n<tr>\n<td width=\"223\"><strong><b>Artikel<\/b><\/strong><\/td>\n<td width=\"77\"><strong><b>Inhalt<\/b><\/strong><\/td>\n<td width=\"86\"><strong><b>Einheit<\/b><\/strong><\/td>\n<td colspan=\"5\" width=\"311\"><strong><b>Wert<\/b><\/strong><\/td>\n<\/tr>\n<tr>\n<td width=\"223\">Faseranzahl<\/td>\n<td width=\"77\">Zahl<\/td>\n<td width=\"86\">\/<\/td>\n<td width=\"75\">2<\/td>\n<td width=\"56\">4<\/td>\n<td width=\"56\">6<\/td>\n<td width=\"56\">8<\/td>\n<td width=\"65\">12<\/td>\n<\/tr>\n<tr>\n<td width=\"223\">F\u00fcllfaser<\/td>\n<td width=\"77\">Zahl<\/td>\n<td width=\"86\">\/<\/td>\n<td width=\"75\">2<\/td>\n<td width=\"56\">0<\/td>\n<td width=\"56\">0<\/td>\n<td width=\"56\">0<\/td>\n<td width=\"65\">0<\/td>\n<\/tr>\n<tr>\n<td rowspan=\"2\" width=\"223\">Au\u00dfenmantel<\/td>\n<td width=\"77\">Material<\/td>\n<td width=\"86\">\/<\/td>\n<td colspan=\"5\" width=\"311\">PE<\/td>\n<\/tr>\n<tr>\n<td width=\"77\">Farbe<\/td>\n<td width=\"86\">\/<\/td>\n<td colspan=\"5\" width=\"311\">Gelb, Schwarz, Orange, Blau \u2026\u2026<\/td>\n<\/tr>\n<tr>\n<td width=\"223\">Kabeldurchmesser<\/td>\n<td width=\"77\">\u00b15%<\/td>\n<td width=\"86\">mm<\/td>\n<td width=\"75\">1.2<\/td>\n<td width=\"56\">1.2<\/td>\n<td width=\"56\">1.4<\/td>\n<td width=\"56\">1.6<\/td>\n<td width=\"65\">1.8<\/td>\n<\/tr>\n<tr>\n<td width=\"223\">Kabelgewicht<\/td>\n<td width=\"77\">\u00b110%<\/td>\n<td width=\"86\">kg\/km<\/td>\n<td width=\"75\">1.5<\/td>\n<td width=\"56\">1.5<\/td>\n<td width=\"56\">2.1<\/td>\n<td width=\"56\">2.9<\/td>\n<td width=\"65\">3.7<\/td>\n<\/tr>\n<tr>\n<td width=\"223\">Standardkanal<\/td>\n<td width=\"77\">\/<\/td>\n<td width=\"86\">mm<\/td>\n<td colspan=\"5\" width=\"311\">5.0\/3.5<\/td>\n<\/tr>\n<tr>\n<td width=\"223\">Typische Blasentfernung<\/td>\n<td width=\"77\">\/<\/td>\n<td width=\"86\">m<\/td>\n<td colspan=\"5\" width=\"311\">500<\/td>\n<\/tr>\n<tr>\n<td width=\"223\">Max. Zugbelastung (kurzfristig)<\/td>\n<td width=\"77\">\/<\/td>\n<td width=\"86\">N<\/td>\n<td width=\"75\">12<\/td>\n<td width=\"56\">12<\/td>\n<td width=\"56\">15<\/td>\n<td width=\"56\">22<\/td>\n<td width=\"65\">25<\/td>\n<\/tr>\n<tr>\n<td width=\"223\">Max. Druckfestigkeit (kurzfristig)<\/td>\n<td width=\"77\">\/<\/td>\n<td width=\"86\">N\/100 mm<\/td>\n<td width=\"75\">100<\/td>\n<td width=\"56\">100<\/td>\n<td width=\"56\">100<\/td>\n<td width=\"56\">100<\/td>\n<td width=\"65\">100<\/td>\n<\/tr>\n<\/tbody>\n<\/table>\n<p>&nbsp;<\/p>\n<p><strong><b>Mechanische und Umweltleistung<\/b><\/strong><\/p>\n<table>\n<tbody>\n<tr>\n<td width=\"228\"><strong>Artikel<\/strong><\/td>\n<td width=\"206\"><strong>Inhalt<\/strong><\/td>\n<td width=\"245\"><strong>Wert<\/strong><\/td>\n<\/tr>\n<tr>\n<td rowspan=\"2\" width=\"228\">Min. Biegeradius<\/td>\n<td width=\"206\">Installation<\/td>\n<td width=\"245\">40mm<\/td>\n<\/tr>\n<tr>\n<td width=\"206\">Betrieb<\/td>\n<td width=\"245\">40mm<\/td>\n<\/tr>\n<tr>\n<td rowspan=\"3\" width=\"228\">Temperaturbereich<\/td>\n<td width=\"206\">Betrieb<\/td>\n<td width=\"245\">-20\u2103 ~ +70\u2103<\/td>\n<\/tr>\n<tr>\n<td width=\"206\">Installation<\/td>\n<td width=\"245\">-20\u2103 ~ +60\u2103<\/td>\n<\/tr>\n<tr>\n<td width=\"206\">Lagerung\/Transport<\/td>\n<td width=\"245\">-20\u2103 ~ +70\u2103<\/td>\n<\/tr>\n<\/tbody>\n<\/table>\n<p><strong><b>\u00a0<\/b><\/strong><\/p>\n<p><strong><b>Produktstandards: <\/b><\/strong><\/p>\n<p>Optische Faser:ITU-T G.657A2\uff1b<\/p>\n<p>Luftblasfaser: IEC 60794-5-20<\/p>\n<p>Biegeradius: IEC 60794-1-21, Methode E11<\/p>\n<p>Druckfestigkeit: IEC 60794-1-21 Methode E3<\/p>\n<p>Knick: IEC 60794-1-21 Methode E10<\/p>\n<p>Zugkraft beim Einbau: IEC 60794-1-22, Methode F1<\/p>\n<p>Faserparameter und Tests gem\u00e4\u00df der IEC-Serie 60793-2 und 60793-1<\/p>\n<p><strong><b>\u00a0<\/b><\/strong><\/p>\n<p><strong><b>Technische Parameter der optischen Faser-SM<\/b><\/strong><\/p>\n<table>\n<tbody>\n<tr>\n<td rowspan=\"2\" width=\"188\"><strong><b>Parameter<\/b><\/strong><\/td>\n<td rowspan=\"2\" width=\"117\"><strong><b>Bedingungen<\/b><\/strong><\/td>\n<td rowspan=\"2\" width=\"86\"><strong><b>Einheiten<\/b><\/strong><\/td>\n<td colspan=\"4\" width=\"301\"><strong><b>Wert<\/b><\/strong><\/td>\n<\/tr>\n<tr>\n<td width=\"80\"><strong><b>G652D<\/b><\/strong><\/td>\n<td width=\"69\"><strong><b>G657A1<\/b><\/strong><\/td>\n<td width=\"74\"><strong><b>G657A2<\/b><\/strong><\/td>\n<td width=\"77\"><strong><b>G657B3<\/b><\/strong><\/td>\n<\/tr>\n<tr>\n<td colspan=\"3\" width=\"392\"><strong><b>Optische Spezifikation<\/b><\/strong><\/td>\n<td colspan=\"4\" width=\"301\"><\/td>\n<\/tr>\n<tr>\n<td rowspan=\"6\" width=\"188\">D\u00e4mpfung<\/td>\n<td width=\"117\">850 nm<\/td>\n<td width=\"86\">dB\/km<\/td>\n<td width=\"80\">\u2013<\/td>\n<td width=\"69\">\u2013<\/td>\n<td width=\"74\">\u2013<\/td>\n<td width=\"77\">\u2013<\/td>\n<\/tr>\n<tr>\n<td width=\"117\">1300 nm<\/td>\n<td width=\"86\">dB\/km<\/td>\n<td width=\"80\">\u2013<\/td>\n<td width=\"69\">\u2013<\/td>\n<td width=\"74\">\u2013<\/td>\n<td width=\"77\">\u2013<\/td>\n<\/tr>\n<tr>\n<td width=\"117\">1310 nm<\/td>\n<td width=\"86\">dB\/km<\/td>\n<td width=\"80\">\u2264 0,350<\/td>\n<td width=\"69\">\u2264 0,350<\/td>\n<td width=\"74\">\u2264 0,350<\/td>\n<td width=\"77\">\u2264 0,350<\/td>\n<\/tr>\n<tr>\n<td width=\"117\">1383 nm<\/td>\n<td width=\"86\">dB\/km<\/td>\n<td width=\"80\">\u2264 0,330<\/td>\n<td width=\"69\">\u2264 0,350<\/td>\n<td width=\"74\">\u2264 0,350<\/td>\n<td width=\"77\">\u2264 0,350<\/td>\n<\/tr>\n<tr>\n<td width=\"117\">1550 nm<\/td>\n<td width=\"86\">dB\/km<\/td>\n<td width=\"80\">\u2264 0,210<\/td>\n<td width=\"69\">\u2264 0,210<\/td>\n<td width=\"74\">\u2264 0,210<\/td>\n<td width=\"77\">\u2264 0,210<\/td>\n<\/tr>\n<tr>\n<td width=\"117\">1625 nm<\/td>\n<td width=\"86\">dB\/km<\/td>\n<td width=\"80\">\u2264 0,240<\/td>\n<td width=\"69\">\u2264 0,230<\/td>\n<td width=\"74\">\u2264 0,230<\/td>\n<td width=\"77\">\u2264 0,230<\/td>\n<\/tr>\n<tr>\n<td rowspan=\"3\" width=\"188\">D\u00e4mpfung vs. Wellenl\u00e4nge<\/td>\n<td width=\"117\">1310 nm VS. 1285-1330 nm<\/td>\n<td width=\"86\">dB\/km<\/td>\n<td width=\"80\">\u2264 0,04<\/td>\n<td width=\"69\">\u2264 0,04<\/td>\n<td width=\"74\">\u2264 0,05<\/td>\n<td width=\"77\">\u2264 0,03<\/td>\n<\/tr>\n<tr>\n<td width=\"117\">1550 nm VS. 1525\u20131575 nm<\/td>\n<td width=\"86\">dB\/km<\/td>\n<td width=\"80\">\u2264 0,03<\/td>\n<td width=\"69\">\u2264 0,03<\/td>\n<td width=\"74\">\u2264 0,04<\/td>\n<td width=\"77\">\u2264 0,02<\/td>\n<\/tr>\n<tr>\n<td width=\"117\">1550 nm VS. 1480-1580 nm<\/td>\n<td width=\"86\">dB\/km<\/td>\n<td width=\"80\">\u2264 0,04<\/td>\n<td width=\"69\">\u2013<\/td>\n<td width=\"74\">\u2013<\/td>\n<td width=\"77\">\u2013<\/td>\n<\/tr>\n<tr>\n<td width=\"188\">Nulldispersionswellenl\u00e4nge<\/td>\n<td rowspan=\"2\" width=\"117\">\\<\/td>\n<td width=\"86\">nm<\/td>\n<td width=\"80\">1300-1324<\/td>\n<td width=\"69\">1300-1324<\/td>\n<td width=\"74\">1300-1324<\/td>\n<td width=\"77\">1300-1324<\/td>\n<\/tr>\n<tr>\n<td width=\"188\">Nulldispersionssteigung<\/td>\n<td width=\"86\">ps\/(nm<sup>2<\/sup>\u00b7km)<\/td>\n<td width=\"80\">0.073-0.092<\/td>\n<td width=\"69\">0.073-0.092<\/td>\n<td width=\"74\">0.073-0.092<\/td>\n<td width=\"77\">\u2264 0,092<\/td>\n<\/tr>\n<tr>\n<td rowspan=\"2\" width=\"188\">Streuung<\/td>\n<td width=\"117\">1550 nm<\/td>\n<td width=\"86\">ps\/(nm\u00b7km)<\/td>\n<td width=\"80\">13.3-18.6<\/td>\n<td width=\"69\">13.3-18.6<\/td>\n<td width=\"74\">13.3-18.6<\/td>\n<td width=\"77\"><\/td>\n<\/tr>\n<tr>\n<td width=\"117\">1625 nm<\/td>\n<td width=\"86\">ps\/(nm\u00b7km)<\/td>\n<td width=\"80\">17.2-23.7<\/td>\n<td width=\"69\">17.2-23.7<\/td>\n<td width=\"74\">17.2-23.7<\/td>\n<td width=\"77\"><\/td>\n<\/tr>\n<tr>\n<td colspan=\"2\" width=\"305\">Polarisationsmodendispersion (PMD)<\/td>\n<td width=\"86\">ps\/\u221akm<\/td>\n<td width=\"80\">\u22640,2<\/td>\n<td width=\"69\">\u22640,2<\/td>\n<td width=\"74\">\u22640,2<\/td>\n<td width=\"77\">\u22640,2<\/td>\n<\/tr>\n<tr>\n<td width=\"188\">Grenzwellenl\u00e4nge \u03bbcc<\/td>\n<td width=\"117\">\u2013<\/td>\n<td width=\"86\">nm<\/td>\n<td width=\"80\">\u22641260<\/td>\n<td width=\"69\">\u22641260<\/td>\n<td width=\"74\">\u22641260<\/td>\n<td width=\"77\">\u22641260<\/td>\n<\/tr>\n<tr>\n<td rowspan=\"2\" width=\"188\">Modenfelddurchmesser (MFD)<\/td>\n<td width=\"117\">1310 nm<\/td>\n<td width=\"86\">\u03bcm<\/td>\n<td width=\"80\">9,2 \u00b1 0,4<\/td>\n<td width=\"69\">9,2 \u00b1 0,4<\/td>\n<td width=\"74\">8,6 \u00b1 0,4<\/td>\n<td width=\"77\">8,6 \u00b1 0,4<\/td>\n<\/tr>\n<tr>\n<td width=\"117\">1550 nm<\/td>\n<td width=\"86\">\u03bcm<\/td>\n<td width=\"80\">10,4 \u00b1 0,5<\/td>\n<td width=\"69\">10,4 \u00b1 0,5<\/td>\n<td width=\"74\">9,6 \u00b1 0,5<\/td>\n<td width=\"77\">9,6 \u00b1 0,5<\/td>\n<\/tr>\n<tr>\n<td rowspan=\"2\" width=\"188\">D\u00e4mpfungsdiskontinuit\u00e4t<\/td>\n<td width=\"117\">1310 nm<\/td>\n<td width=\"86\">dB<\/td>\n<td width=\"80\">\u22640,03<\/td>\n<td width=\"69\">\u22640,03<\/td>\n<td width=\"74\">\u22640,03<\/td>\n<td width=\"77\">\u22640,03<\/td>\n<\/tr>\n<tr>\n<td width=\"117\">1550 nm<\/td>\n<td width=\"86\">dB<\/td>\n<td width=\"80\">\u22640,03<\/td>\n<td width=\"69\">\u22640,03<\/td>\n<td width=\"74\">\u22640,03<\/td>\n<td width=\"77\">\u22640,03<\/td>\n<\/tr>\n<tr>\n<td rowspan=\"2\" width=\"188\">Bidirektionale D\u00e4mpfung<\/td>\n<td width=\"117\">1310 nm<\/td>\n<td width=\"86\">dB\/km<\/td>\n<td width=\"80\">\u22640,04<\/td>\n<td width=\"69\"><\/td>\n<td width=\"74\"><\/td>\n<td width=\"77\">\u22640,05<\/td>\n<\/tr>\n<tr>\n<td width=\"117\">1550 nm<\/td>\n<td width=\"86\">dB\/km<\/td>\n<td width=\"80\">\u22640,04<\/td>\n<td width=\"69\"><\/td>\n<td width=\"74\"><\/td>\n<td width=\"77\">\u22640,05<\/td>\n<\/tr>\n<tr>\n<td colspan=\"3\" width=\"392\"><strong><b>Geometrisch<\/b><\/strong><\/td>\n<td colspan=\"4\" width=\"301\"><\/td>\n<\/tr>\n<tr>\n<td colspan=\"2\" width=\"305\">Manteldurchmesser<\/td>\n<td width=\"86\">\u03bcm<\/td>\n<td width=\"80\">125\u00b10,7<\/td>\n<td width=\"69\">125\u00b10,7<\/td>\n<td width=\"74\">125\u00b10,7<\/td>\n<td width=\"77\">125\u00b10,7<\/td>\n<\/tr>\n<tr>\n<td colspan=\"2\" width=\"305\">Unrundheit der Verkleidung<\/td>\n<td width=\"86\">%<\/td>\n<td width=\"80\">\u22641,0<\/td>\n<td width=\"69\">\u22641,0<\/td>\n<td width=\"74\">\u22640,8<\/td>\n<td width=\"77\">\u22640,7<\/td>\n<\/tr>\n<tr>\n<td colspan=\"2\" width=\"305\">Kern-\/Mantel-Konzentrizit\u00e4tsfehler<\/td>\n<td width=\"86\">\u03bcm<\/td>\n<td width=\"80\">\u22640,6<\/td>\n<td width=\"69\">\u22640,5<\/td>\n<td width=\"74\">\u22640,5<\/td>\n<td width=\"77\">\u22640,5<\/td>\n<\/tr>\n<tr>\n<td colspan=\"2\" rowspan=\"2\" width=\"305\">Beschichtungsdurchmesser (ungef\u00e4rbt)<\/td>\n<td width=\"86\">\u03bcm<\/td>\n<td colspan=\"4\" width=\"301\">242\u00b17 (Standard)<\/td>\n<\/tr>\n<tr>\n<td width=\"86\">\u03bcm<\/td>\n<td colspan=\"4\" width=\"301\">200\u00b110 (optional)<\/td>\n<\/tr>\n<tr>\n<td colspan=\"2\" width=\"305\">Konzentrizit\u00e4tsfehler der Beschichtung\/Verkleidung<\/td>\n<td width=\"86\">\u03bcm<\/td>\n<td width=\"80\">\u226412<\/td>\n<td width=\"69\">\u226412<\/td>\n<td width=\"74\">\u226412<\/td>\n<td width=\"77\">\u226412<\/td>\n<\/tr>\n<tr>\n<td colspan=\"2\" width=\"305\">Locken<\/td>\n<td width=\"86\">m<\/td>\n<td width=\"80\">\u22654<\/td>\n<td width=\"69\">\u22654<\/td>\n<td width=\"74\">\u22654<\/td>\n<td width=\"77\">\u22654<\/td>\n<\/tr>\n<tr>\n<td colspan=\"3\" width=\"392\"><strong><b>Umwelt (1550 nm, 1625 nm)<\/b><\/strong><\/td>\n<td colspan=\"4\" width=\"301\"><\/td>\n<\/tr>\n<tr>\n<td width=\"188\">Temperaturwechsel<\/td>\n<td width=\"117\">-60\u2103 bis +85\u2103<\/td>\n<td width=\"86\">dB\/km<\/td>\n<td width=\"80\">\u22640,03<\/td>\n<td width=\"69\">\u22640,05<\/td>\n<td width=\"74\">\u22640,05<\/td>\n<td width=\"77\">\u22640,05<\/td>\n<\/tr>\n<tr>\n<td width=\"188\">Hohe Temperatur &amp;<\/p>\n<p>Hohe Luftfeuchtigkeit<\/td>\n<td width=\"117\">85\u2103, 85% RH, 30 Tage<\/td>\n<td width=\"86\">dB\/km<\/td>\n<td width=\"80\">\u22640,03<\/td>\n<td width=\"69\">\u22640,05<\/td>\n<td width=\"74\">\u22640,05<\/td>\n<td width=\"77\">\u22640,05<\/td>\n<\/tr>\n<tr>\n<td width=\"188\">Eintauchen in Wasser<\/td>\n<td width=\"117\">23\u2103, 30 Tage<\/td>\n<td width=\"86\">dB\/km<\/td>\n<td width=\"80\">\u22640,03<\/td>\n<td width=\"69\">\u22640,05<\/td>\n<td width=\"74\">\u22640,05<\/td>\n<td width=\"77\">\u22640,05<\/td>\n<\/tr>\n<tr>\n<td width=\"188\">Hochtemperaturalterung<\/td>\n<td width=\"117\">85\u2103, 30 Tage<\/td>\n<td width=\"86\">dB\/km<\/td>\n<td width=\"80\">\u22640,03<\/td>\n<td width=\"69\">\u22640,05<\/td>\n<td width=\"74\">\u22640,05<\/td>\n<td width=\"77\">\u22640,05<\/td>\n<\/tr>\n<\/tbody>\n<\/table>\n<p><strong><b>\u00a0<\/b><\/strong><\/p>\n<p><strong><b>Technische Parameter der optischen Faser-MM<\/b><\/strong><\/p>\n<table>\n<tbody>\n<tr>\n<td rowspan=\"2\" width=\"200\"><strong><b>Funktionen<\/b><\/strong><\/td>\n<td rowspan=\"2\" width=\"92\"><strong><b>Bedingungen<\/b><\/strong><\/td>\n<td rowspan=\"2\" width=\"64\"><strong><b>Einheit<\/b><\/strong><\/td>\n<td colspan=\"5\" width=\"343\"><strong><b>Wert<\/b><\/strong><\/td>\n<\/tr>\n<tr>\n<td width=\"85\"><strong><b>OM1<\/b><\/strong><\/td>\n<td width=\"91\"><strong><b>OM2<\/b><\/strong><\/td>\n<td width=\"57\"><strong><b>OM2+<\/b><\/strong><\/td>\n<td width=\"53\"><strong><b>OM3<\/b><\/strong><\/td>\n<td width=\"54\"><strong><b>OM4<\/b><\/strong><\/td>\n<\/tr>\n<tr>\n<td colspan=\"8\" width=\"700\"><strong><b>Optisch <\/b><\/strong><strong><b>Eigenschaften<\/b><\/strong><\/td>\n<\/tr>\n<tr>\n<td rowspan=\"2\" width=\"200\">D\u00e4mpfung<\/td>\n<td width=\"92\">850 nm<\/td>\n<td width=\"64\">dB\/km<\/td>\n<td width=\"85\">\u22642,70~\u22643,00<\/td>\n<td width=\"91\">\u22642,50<\/td>\n<td width=\"57\">\u22642,50<\/td>\n<td width=\"53\">\u22642,50<\/td>\n<td width=\"54\">\u22642,50<\/td>\n<\/tr>\n<tr>\n<td width=\"92\">1300 nm<\/td>\n<td width=\"64\">dB\/km<\/td>\n<td width=\"85\">\u22640,60~\u22641,00<\/td>\n<td width=\"91\">\u22640,70<\/td>\n<td width=\"57\">\u22640,70<\/td>\n<td width=\"53\">\u22640,70<\/td>\n<td width=\"54\">\u22640,70<\/td>\n<\/tr>\n<tr>\n<td rowspan=\"2\" width=\"200\">Minimale modale Bandbreite<\/td>\n<td width=\"92\">850 nm<\/td>\n<td width=\"64\">MHz.km<\/td>\n<td width=\"85\">\u2265200~\u2265100<\/td>\n<td width=\"91\">\u2265500~\u2265200<\/td>\n<td width=\"57\">\u2013<\/td>\n<td width=\"53\">\u2013<\/td>\n<td width=\"54\">\u2013<\/td>\n<\/tr>\n<tr>\n<td width=\"92\">1300 nm<\/td>\n<td width=\"64\">MHz.km<\/td>\n<td width=\"85\">\u2265600~\u2265160<\/td>\n<td width=\"91\">\u22651200~\u2265400<\/td>\n<td width=\"57\">\u2013<\/td>\n<td width=\"53\">\u2013<\/td>\n<td width=\"54\">\u2013<\/td>\n<\/tr>\n<tr>\n<td rowspan=\"2\" width=\"200\">\u00dcberf\u00fcllte Startbandbreite<\/td>\n<td width=\"92\">850 nm<\/td>\n<td width=\"64\">MHz.km<\/td>\n<td width=\"85\">\u2013<\/td>\n<td width=\"91\">\u2013<\/td>\n<td width=\"57\">\u2265700<\/td>\n<td width=\"53\">\u22651500<\/td>\n<td width=\"54\">\u22653500<\/td>\n<\/tr>\n<tr>\n<td width=\"92\">1300 nm<\/td>\n<td width=\"64\">MHz.km<\/td>\n<td width=\"85\">\u2013<\/td>\n<td width=\"91\">\u2013<\/td>\n<td width=\"57\">\u2265500<\/td>\n<td width=\"53\">\u2265500<\/td>\n<td width=\"54\">\u2265500<\/td>\n<\/tr>\n<tr>\n<td width=\"200\">Effektive modale Bandbreite<\/td>\n<td width=\"92\">850 nm<\/td>\n<td width=\"64\">MHz.km<\/td>\n<td width=\"85\">\u2013<\/td>\n<td width=\"91\">\u2013<\/td>\n<td width=\"57\">\u2265950<\/td>\n<td width=\"53\">\u22652000<\/td>\n<td width=\"54\">\u22654700<\/td>\n<\/tr>\n<tr>\n<td width=\"200\">Numerische Apertur<\/td>\n<td width=\"92\"><\/td>\n<td width=\"64\"><\/td>\n<td width=\"85\">0,275 \u00b1 0,015<\/td>\n<td colspan=\"4\" width=\"257\">0.18~0.215<\/td>\n<\/tr>\n<tr>\n<td width=\"200\">10 Gbit\/s Ethernet-Verbindungsl\u00e4nge<\/td>\n<td width=\"92\"><\/td>\n<td width=\"64\">M<\/td>\n<td width=\"85\">\u2013<\/td>\n<td width=\"91\">\u2013<\/td>\n<td width=\"57\">150<\/td>\n<td width=\"53\">300<\/td>\n<td width=\"54\">550<\/td>\n<\/tr>\n<tr>\n<td colspan=\"8\" width=\"700\"><strong><b>R\u00fcckstreueigenschaften (1300 nm)<\/b><\/strong><\/td>\n<\/tr>\n<tr>\n<td colspan=\"2\" width=\"293\">Unregelm\u00e4\u00dfigkeiten \u00fcber die Faserl\u00e4nge und Punktdiskontinuit\u00e4t<\/td>\n<td width=\"64\">dB<\/td>\n<td colspan=\"5\" width=\"343\">\u22640,1<\/td>\n<\/tr>\n<tr>\n<td colspan=\"2\" width=\"293\">Gleichm\u00e4\u00dfige D\u00e4mpfung<\/td>\n<td width=\"64\">dB<\/td>\n<td colspan=\"5\" width=\"343\">\u22640,1<\/td>\n<\/tr>\n<tr>\n<td colspan=\"2\" width=\"293\">Schritt (Mittelwert der bidirektionalen Messung)<\/td>\n<td width=\"64\">dB\/km<\/td>\n<td colspan=\"5\" width=\"343\">\u22640,1<\/td>\n<\/tr>\n<tr>\n<td colspan=\"8\" width=\"700\"><strong><b>Geometrie <\/b><\/strong><strong><b>Eigenschaften<\/b><\/strong><\/td>\n<\/tr>\n<tr>\n<td colspan=\"2\" width=\"293\">Kerndurchmesser<\/td>\n<td width=\"64\">\u03bcm<\/td>\n<td width=\"85\">62,5\u00b12,5<\/td>\n<td colspan=\"4\" width=\"257\">50\u00b12,5<\/td>\n<\/tr>\n<tr>\n<td colspan=\"2\" width=\"293\">Kernunrundheit<\/td>\n<td width=\"64\">%<\/td>\n<td colspan=\"5\" width=\"343\">\u22645,0<\/td>\n<\/tr>\n<tr>\n<td colspan=\"2\" width=\"293\">Manteldurchmesser<\/td>\n<td width=\"64\">\u03bcm<\/td>\n<td colspan=\"5\" width=\"343\">124,3 \u00b1 0,7<\/td>\n<\/tr>\n<tr>\n<td colspan=\"2\" width=\"293\">Unrundheit der Verkleidung<\/td>\n<td width=\"64\">%<\/td>\n<td colspan=\"5\" width=\"343\">\u22642,0<\/td>\n<\/tr>\n<tr>\n<td colspan=\"2\" width=\"293\">Kern-\/Mantel-Konzentrizit\u00e4tsfehler<\/td>\n<td width=\"64\">\u03bcm<\/td>\n<td colspan=\"5\" width=\"343\">\u22641,5<\/td>\n<\/tr>\n<tr>\n<td colspan=\"2\" width=\"293\">Beschichtungsdurchmesser<\/td>\n<td width=\"64\">\u03bcm<\/td>\n<td colspan=\"5\" width=\"343\">245\u00b110<\/td>\n<\/tr>\n<tr>\n<td colspan=\"2\" width=\"293\">Konzentrizit\u00e4tsfehler bei Beschichtung\/Verkleidung<\/td>\n<td width=\"64\">\u03bcm<\/td>\n<td colspan=\"5\" width=\"343\">\u226412,0<\/td>\n<\/tr>\n<tr>\n<td colspan=\"2\" width=\"293\">Lieferl\u00e4nge<\/td>\n<td width=\"64\">km\/Rolle<\/td>\n<td colspan=\"5\" width=\"343\">\uff5e16,8<\/td>\n<\/tr>\n<tr>\n<td colspan=\"8\" width=\"700\"><strong><b>Umwelteigenschaften (850 nm und 1300 nm)<\/b><\/strong><\/td>\n<\/tr>\n<tr>\n<td width=\"200\">Temperaturabh\u00e4ngigkeit verursachte D\u00e4mpfung<\/td>\n<td width=\"92\">-60\u2103~+85\u2103<\/td>\n<td width=\"64\">dB\/km<\/td>\n<td colspan=\"5\" width=\"343\">\u22640,10<\/td>\n<\/tr>\n<tr>\n<td width=\"200\">Temperatur-Feuchtigkeit            abgeleitete D\u00e4mpfung<\/td>\n<td width=\"92\">-10\u2103~+85\u2103,98%RH<\/td>\n<td width=\"64\">dB\/km<\/td>\n<td colspan=\"5\" width=\"343\">\u22640,10<\/td>\n<\/tr>\n<tr>\n<td width=\"200\">Wasserabh\u00e4ngigkeit    induzierte D\u00e4mpfung<\/td>\n<td width=\"92\">23\u2103\u00b12\u2103,30 Tage<\/td>\n<td width=\"64\">dB\/km<\/td>\n<td colspan=\"5\" width=\"343\">\u22640,10<\/td>\n<\/tr>\n<tr>\n<td width=\"200\">Feuchte W\u00e4rmeabh\u00e4ngigkeit   induzierte D\u00e4mpfung<\/td>\n<td width=\"92\">85\u2103\u00b12\u2103und85%RH,30 Tage<\/td>\n<td width=\"64\">dB\/km<\/td>\n<td colspan=\"5\" width=\"343\">\u22640,10<\/td>\n<\/tr>\n<tr>\n<td width=\"200\">Trockene Hitzealterung<\/td>\n<td width=\"92\">85\u2103\u00b12\u2103<\/td>\n<td width=\"64\">dB\/km<\/td>\n<td colspan=\"5\" width=\"343\">\u22640,10<\/td>\n<\/tr>\n<\/tbody>\n<\/table>\n<p>&nbsp;<\/p>\n<p><strong><b>Anwendung<\/b><\/strong><strong><b>\uff1a<\/b><\/strong><\/p>\n<p>Luftblasfasersysteme verwenden Luft, um Mikro-Glasfaserkabel durch vorinstallierte Mikrorohre zu blasen.<\/p>\n<p>Luftblasende Fasern, auch Jetting-Fasern genannt, sind eine effiziente Methode zur Installation von Glasfaserkabeln und erleichtern den zuk\u00fcnftigen Ausbau von Glasfasernetzen. Fasern k\u00f6nnen an schwer zug\u00e4nglichen oder nur begrenzt zug\u00e4nglichen Stellen installiert werden. Air Blow Fiber wird auch f\u00fcr Umgebungen empfohlen, in denen viele \u00c4nderungen und Erg\u00e4nzungen am Netzwerk vorgenommen werden. Es erm\u00f6glicht auch die Kanalinstallation, bevor Sie wissen, wie viel Glasfaser tats\u00e4chlich ben\u00f6tigt wird, und macht so die Installation dunkler Fasern \u00fcberfl\u00fcssig. Au\u00dferdem werden Splei\u00df- und Verbindungspunkte reduziert, sodass optische Verluste minimiert und die Systemleistung verbessert werden.<\/p>\n<p>&nbsp;<\/p>\n<p>Das Kabel kann als Drop-Kabel von Verteilungssegmenten in FTTH-Netzwerken verwendet und durch Lufteinblasung verlegt werden, um den Abzweigpunkt mit dem Zugangspunkt f\u00fcr Teilnehmer zu verbinden. Das Kabel ist auch in Backbone-Netzwerken, Stadtgebietsnetzwerken und Zugangsnetzwerken einsetzbar<\/p>\n<p>&nbsp;<\/p>\n<p>Die Air-Blowing-Kabeltechnologie ist eine neue M\u00f6glichkeit, herk\u00f6mmliche Glasfasersysteme erheblich zu verbessern, die schnelle Einf\u00fchrung von Glasfasernetzwerken zu erleichtern und Benutzern ein flexibles, sicheres und kosteng\u00fcnstiges Verkabelungssystem zu bieten.<\/p>\n<p>Das Blassystem besteht aus Mikrorohren (einzelne Mikrorohre und Mikrorohre), Mikrokabeln, Armaturen und Luftblasger\u00e4ten.<\/p>","protected":false},"excerpt":{"rendered":"<p>Das 2-12F Mini Air Blow-Glasfaserkabel wird auch als ABF-Kabel bezeichnet. Es besteht aus 2-12x 250 \u00b5m blanken Fasern, diesen farblich gekennzeichneten blanken Fasern, die von einer Schicht PE-Au\u00dfenmantel bedeckt sind. Das ABF-Kabel von OMC hat einen kleinen Durchmesser, ist leicht, hochflexibel und hat die richtige Steifigkeit. Die Fasern sind mit einem weichen Acrylatharz beschichtet, das eine hervorragende Dimensions- und [\u2026]<\/p>","protected":false},"featured_media":11702,"comment_status":"closed","ping_status":"closed","template":"","meta":{"site-sidebar-layout":"default","site-content-layout":"","ast-site-content-layout":"default","site-content-style":"default","site-sidebar-style":"default","ast-global-header-display":"","ast-banner-title-visibility":"","ast-main-header-display":"","ast-hfb-above-header-display":"","ast-hfb-below-header-display":"","ast-hfb-mobile-header-display":"","site-post-title":"","ast-breadcrumbs-content":"","ast-featured-img":"","footer-sml-layout":"","theme-transparent-header-meta":"default","adv-header-id-meta":"","stick-header-meta":"default","header-above-stick-meta":"","header-main-stick-meta":"","header-below-stick-meta":"","astra-migrate-meta-layouts":"set","ast-page-background-enabled":"default","ast-page-background-meta":{"desktop":{"background-color":"var(--ast-global-color-4)","background-image":"","background-repeat":"repeat","background-position":"center center","background-size":"auto","background-attachment":"scroll","background-type":"","background-media":"","overlay-type":"","overlay-color":"","overlay-gradient":""},"tablet":{"background-color":"","background-image":"","background-repeat":"repeat","background-position":"center center","background-size":"auto","background-attachment":"scroll","background-type":"","background-media":"","overlay-type":"","overlay-color":"","overlay-gradient":""},"mobile":{"background-color":"","background-image":"","background-repeat":"repeat","background-position":"center center","background-size":"auto","background-attachment":"scroll","background-type":"","background-media":"","overlay-type":"","overlay-color":"","overlay-gradient":""}},"ast-content-background-meta":{"desktop":{"background-color":"var(--ast-global-color-5)","background-image":"","background-repeat":"repeat","background-position":"center center","background-size":"auto","background-attachment":"scroll","background-type":"","background-media":"","overlay-type":"","overlay-color":"","overlay-gradient":""},"tablet":{"background-color":"var(--ast-global-color-5)","background-image":"","background-repeat":"repeat","background-position":"center center","background-size":"auto","background-attachment":"scroll","background-type":"","background-media":"","overlay-type":"","overlay-color":"","overlay-gradient":""},"mobile":{"background-color":"var(--ast-global-color-5)","background-image":"","background-repeat":"repeat","background-position":"center center","background-size":"auto","background-attachment":"scroll","background-type":"","background-media":"","overlay-type":"","overlay-color":"","overlay-gradient":""}}},"product_cat":[129,157,168],"product_tag":[],"class_list":{"0":"post-11700","1":"product","2":"type-product","3":"status-publish","4":"has-post-thumbnail","6":"product_cat-airblow-cable","7":"product_cat-mini-air-blown-optical-cable","8":"product_cat-recommended-products","9":"desktop-align-left","10":"tablet-align-left","11":"mobile-align-left","12":"ast-product-gallery-layout-horizontal-slider","13":"ast-product-tabs-layout-horizontal","15":"first","16":"instock","17":"shipping-taxable","18":"product-type-simple"},"acf":[],"_links":{"self":[{"href":"https:\/\/www.omccable.com\/de\/wp-json\/wp\/v2\/product\/11700","targetHints":{"allow":["GET"]}}],"collection":[{"href":"https:\/\/www.omccable.com\/de\/wp-json\/wp\/v2\/product"}],"about":[{"href":"https:\/\/www.omccable.com\/de\/wp-json\/wp\/v2\/types\/product"}],"replies":[{"embeddable":true,"href":"https:\/\/www.omccable.com\/de\/wp-json\/wp\/v2\/comments?post=11700"}],"version-history":[{"count":6,"href":"https:\/\/www.omccable.com\/de\/wp-json\/wp\/v2\/product\/11700\/revisions"}],"predecessor-version":[{"id":13833,"href":"https:\/\/www.omccable.com\/de\/wp-json\/wp\/v2\/product\/11700\/revisions\/13833"}],"wp:featuredmedia":[{"embeddable":true,"href":"https:\/\/www.omccable.com\/de\/wp-json\/wp\/v2\/media\/11702"}],"wp:attachment":[{"href":"https:\/\/www.omccable.com\/de\/wp-json\/wp\/v2\/media?parent=11700"}],"wp:term":[{"taxonomy":"product_cat","embeddable":true,"href":"https:\/\/www.omccable.com\/de\/wp-json\/wp\/v2\/product_cat?post=11700"},{"taxonomy":"product_tag","embeddable":true,"href":"https:\/\/www.omccable.com\/de\/wp-json\/wp\/v2\/product_tag?post=11700"}],"curies":[{"name":"wp","href":"https:\/\/api.w.org\/{rel}","templated":true}]}}