{"id":11667,"date":"2024-07-22T14:55:34","date_gmt":"2024-07-22T06:55:34","guid":{"rendered":"https:\/\/www.omccable.com\/?post_type=product&#038;p=11667"},"modified":"2024-07-22T14:55:34","modified_gmt":"2024-07-22T06:55:34","slug":"12f-double-sheath-micro-fiber-cable-5-0mm","status":"publish","type":"product","link":"https:\/\/www.omccable.com\/de\/produkt\/12f-double-sheath-micro-fiber-cable-5-0mm\/","title":{"rendered":"12F Doppelmantel-Mikrofaserkabel 5,0 mm"},"content":{"rendered":"<p>In OMCs <strong><b>12F Doppelmantel-Mikrofaserkabel 5<\/b><\/strong><strong><b>.<\/b><\/strong><strong><b>0mm<\/b><\/strong>, 12 St\u00fcck farbcodierte 250-um-Singlemode-\/Multimode-Subfasern als optisches Kommunikationsmedium, die blanken Fasern sind mit einer Lage Aramidgarn und einem LSZH als Innenmantel umwickelt. Dann bedeckte eine Lage Aramidgarn den Innenmantel. Um einen besseren Schutz zu bieten. Wir haben eine weitere LSZH-H\u00fclle hinzugef\u00fcgt, um das Kabel fertigzustellen.<\/p>\n<p>&nbsp;<\/p>\n<p><strong><b>Funktionen<\/b><\/strong><strong><b>\uff1a<\/b><\/strong><\/p>\n<p>Nichtmetallische Konstruktion<\/p>\n<p>Kleiner Au\u00dfendurchmesser, leicht, leicht zu abisolieren, geringe D\u00e4mpfung, physikalisch weich<\/p>\n<p>Zugfestigkeit und Langzeitstabilit\u00e4t der Signal\u00fcbertragung erh\u00f6ht durch Aramidgarnkomponente<\/p>\n<p>Bequem f\u00fcr Installation, Betrieb und Wartung<\/p>\n<p>&nbsp;<\/p>\n<p><strong>Au\u00dfenmantelfarbe<\/strong><\/p>\n<table>\n<tbody>\n<tr>\n<td width=\"109\"><strong><b>Fasermodus<\/b><\/strong><\/td>\n<td width=\"107\">SM<\/td>\n<td width=\"98\">SM<\/td>\n<td width=\"99\">SM<\/td>\n<td width=\"89\">SM<\/td>\n<td width=\"108\">OM2<\/td>\n<td width=\"74\">OM3<\/td>\n<\/tr>\n<tr>\n<td width=\"109\"><strong><b>Farbe<\/b><\/strong><\/td>\n<td width=\"107\">Gelb<\/td>\n<td width=\"98\">Blau<\/td>\n<td width=\"99\">White<\/td>\n<td width=\"89\">Elfenbein<\/td>\n<td width=\"108\">Orange<\/td>\n<td width=\"74\">Aqua<\/td>\n<\/tr>\n<tr>\n<td width=\"109\"><strong><b>Fasermodus<\/b><\/strong><\/td>\n<td width=\"107\">OM4<\/td>\n<td width=\"98\">OM4<\/td>\n<td width=\"99\">OM4<\/td>\n<td width=\"89\">OM4<\/td>\n<td width=\"108\">OM5<\/td>\n<td width=\"74\">OM1<\/td>\n<\/tr>\n<tr>\n<td width=\"109\"><strong><b>Farbe<\/b><\/strong><\/td>\n<td width=\"107\">Magenta<\/td>\n<td width=\"98\">Lila<\/td>\n<td width=\"99\">Aqua<\/td>\n<td width=\"89\">Violett<\/td>\n<td width=\"108\">Zitronengr\u00fcn<\/td>\n<td width=\"74\">Orange<\/td>\n<\/tr>\n<\/tbody>\n<\/table>\n<p>&nbsp;<\/p>\n<p><strong>Flammhemmende Leistung<\/strong><\/p>\n<table>\n<tbody>\n<tr>\n<td width=\"120\"><strong><b>Kabel<\/b><\/strong><strong><b>\u00a0Material<\/b><\/strong><\/td>\n<td width=\"567\"><strong><b>Standard<\/b><\/strong><\/td>\n<\/tr>\n<tr>\n<td width=\"120\">LSZH<\/td>\n<td width=\"567\">CPR: Bca, Cca, Dca, Eca oder IEC60332-1, IEC 60332-3 je nach Kundenwunsch<\/td>\n<\/tr>\n<tr>\n<td width=\"120\">PVC<\/td>\n<td width=\"567\">UL-94V0<\/td>\n<\/tr>\n<\/tbody>\n<\/table>\n<p><strong>\u00a0<\/strong><\/p>\n<p><strong>Produktdetails:<\/strong><\/p>\n<table>\n<tbody>\n<tr>\n<td colspan=\"2\" width=\"249\"><strong><b>Artikel<\/b><\/strong><\/td>\n<td width=\"443\"><strong><b>Parameter<\/b><\/strong><\/td>\n<\/tr>\n<tr>\n<td width=\"143\">Fasertyp<\/td>\n<td width=\"106\">&nbsp;<\/td>\n<td width=\"443\">G652D,G655,G657A1,G657A2,G657B3,OM1,OM2,OM3,OM4,OM5<\/td>\n<\/tr>\n<tr>\n<td width=\"143\">Anzahl der Fasern<\/td>\n<td width=\"106\">&nbsp;<\/td>\n<td width=\"443\">8-12<\/td>\n<\/tr>\n<tr>\n<td rowspan=\"2\" width=\"143\">Innenmantel<\/td>\n<td width=\"106\">Material<\/td>\n<td width=\"443\">LSZH oder PVC<\/td>\n<\/tr>\n<tr>\n<td width=\"106\">OD<\/td>\n<td width=\"443\">3,0 \u00b1 0,05 (mm): 12F<\/td>\n<\/tr>\n<tr>\n<td width=\"143\">St\u00e4rkemitglied<\/td>\n<td width=\"106\">Material<\/td>\n<td width=\"443\">Aramidgarn<\/td>\n<\/tr>\n<tr>\n<td rowspan=\"2\" width=\"143\">Au\u00dfenmantel<\/td>\n<td width=\"106\">OD<\/td>\n<td width=\"443\">5,0 \u00b1 0,2 (mm)<\/td>\n<\/tr>\n<tr>\n<td width=\"106\">Material<\/td>\n<td width=\"443\">LSZH oder PVC<\/td>\n<\/tr>\n<\/tbody>\n<\/table>\n<p>&nbsp;<\/p>\n<p><strong><b>Mechanische und Umweltleistung<\/b><\/strong><\/p>\n<table>\n<tbody>\n<tr>\n<td width=\"228\"><strong>Artikel<\/strong><\/td>\n<td width=\"206\"><strong>Inhalt<\/strong><\/td>\n<td width=\"245\"><strong>Wert<\/strong><\/td>\n<\/tr>\n<tr>\n<td rowspan=\"2\" width=\"228\">Max. Zugbelastung<\/td>\n<td width=\"206\">Kurzfristig<\/td>\n<td width=\"245\">300N<\/td>\n<\/tr>\n<tr>\n<td width=\"206\">Langfristig<\/td>\n<td width=\"245\">160N<\/td>\n<\/tr>\n<tr>\n<td rowspan=\"2\" width=\"228\">Max. Druckfestigkeit<\/td>\n<td width=\"206\">Kurzfristig<\/td>\n<td width=\"245\">1000N\/100mm<\/td>\n<\/tr>\n<tr>\n<td width=\"206\">Langfristig<\/td>\n<td width=\"245\">300N\/100mm<\/td>\n<\/tr>\n<tr>\n<td rowspan=\"2\" width=\"228\">Min. Biegeradius<\/td>\n<td width=\"206\">Installation<\/td>\n<td width=\"245\">40 x Kabeldurchmesser<\/td>\n<\/tr>\n<tr>\n<td width=\"206\">Betrieb<\/td>\n<td width=\"245\">20 x Kabeldurchmesser<\/td>\n<\/tr>\n<tr>\n<td rowspan=\"3\" width=\"228\">Temperaturbereich<\/td>\n<td width=\"206\">Betrieb<\/td>\n<td width=\"245\">-20\u2103 ~ +70\u2103<\/td>\n<\/tr>\n<tr>\n<td width=\"206\">Installation<\/td>\n<td width=\"245\">-20\u2103 ~ +60\u2103<\/td>\n<\/tr>\n<tr>\n<td width=\"206\">Lagerung\/Transport<\/td>\n<td width=\"245\">-20\u2103 ~ +70\u2103<\/td>\n<\/tr>\n<\/tbody>\n<\/table>\n<p>&nbsp;<\/p>\n<p><strong><b>Technische Parameter der optischen Faser-SM<\/b><\/strong><\/p>\n<table>\n<tbody>\n<tr>\n<td rowspan=\"2\" width=\"165\"><strong><b>Parameter<\/b><\/strong><\/td>\n<td rowspan=\"2\" width=\"111\"><strong><b>Bedingungen<\/b><\/strong><\/td>\n<td rowspan=\"2\" width=\"92\"><strong><b>Einheiten<\/b><\/strong><\/td>\n<td colspan=\"4\" width=\"311\"><strong><b>Wert<\/b><\/strong><\/td>\n<\/tr>\n<tr>\n<td width=\"79\"><strong><b>G652D<\/b><\/strong><\/td>\n<td width=\"79\"><strong><b>G657A1<\/b><\/strong><\/td>\n<td width=\"79\"><strong><b>G657A2<\/b><\/strong><\/td>\n<td width=\"72\"><strong><b>G657B3<\/b><\/strong><\/td>\n<\/tr>\n<tr>\n<td colspan=\"3\" width=\"369\"><strong><b>Optische Spezifikation<\/b><\/strong><\/td>\n<td colspan=\"4\" width=\"311\">&nbsp;<\/td>\n<\/tr>\n<tr>\n<td rowspan=\"6\" width=\"165\">D\u00e4mpfung<\/td>\n<td width=\"111\">850 nm<\/td>\n<td width=\"92\">dB\/km<\/td>\n<td width=\"79\">\u2013<\/td>\n<td width=\"79\">\u2013<\/td>\n<td width=\"79\">\u2013<\/td>\n<td width=\"72\">\u2013<\/td>\n<\/tr>\n<tr>\n<td width=\"111\">1300 nm<\/td>\n<td width=\"92\">dB\/km<\/td>\n<td width=\"79\">\u2013<\/td>\n<td width=\"79\">\u2013<\/td>\n<td width=\"79\">\u2013<\/td>\n<td width=\"72\">\u2013<\/td>\n<\/tr>\n<tr>\n<td width=\"111\">1310 nm<\/td>\n<td width=\"92\">dB\/km<\/td>\n<td width=\"79\">\u22640,350<\/td>\n<td width=\"79\">\u22640,350<\/td>\n<td width=\"79\">\u22640,350<\/td>\n<td width=\"72\">\u22640,350<\/td>\n<\/tr>\n<tr>\n<td width=\"111\">1383 nm<\/td>\n<td width=\"92\">dB\/km<\/td>\n<td width=\"79\">\u22640,330<\/td>\n<td width=\"79\">\u22640,350<\/td>\n<td width=\"79\">\u22640,350<\/td>\n<td width=\"72\">\u22640,350<\/td>\n<\/tr>\n<tr>\n<td width=\"111\">1550 nm<\/td>\n<td width=\"92\">dB\/km<\/td>\n<td width=\"79\">\u22640,210<\/td>\n<td width=\"79\">\u22640,210<\/td>\n<td width=\"79\">\u22640,210<\/td>\n<td width=\"72\">\u22640,210<\/td>\n<\/tr>\n<tr>\n<td width=\"111\">1625 nm<\/td>\n<td width=\"92\">dB\/km<\/td>\n<td width=\"79\">\u22640,240<\/td>\n<td width=\"79\">\u22640,230<\/td>\n<td width=\"79\">\u22640,230<\/td>\n<td width=\"72\">\u22640,230<\/td>\n<\/tr>\n<tr>\n<td rowspan=\"3\" width=\"165\">D\u00e4mpfung vs. Wellenl\u00e4nge<\/td>\n<td width=\"111\">1310 nm VS. 1285-1330 nm<\/td>\n<td width=\"92\">dB\/km<\/td>\n<td width=\"79\">\u22640,04<\/td>\n<td width=\"79\">\u22640,04<\/td>\n<td width=\"79\">\u22640,05<\/td>\n<td width=\"72\">\u22640,03<\/td>\n<\/tr>\n<tr>\n<td width=\"111\">1550 nm VS. 1525\u20131575 nm<\/td>\n<td width=\"92\">dB\/km<\/td>\n<td width=\"79\">\u22640,03<\/td>\n<td width=\"79\">\u22640,03<\/td>\n<td width=\"79\">\u22640,04<\/td>\n<td width=\"72\">\u22640,02<\/td>\n<\/tr>\n<tr>\n<td width=\"111\">1550 nm VS. 1480-1580 nm<\/td>\n<td width=\"92\">dB\/km<\/td>\n<td width=\"79\">\u22640,04<\/td>\n<td width=\"79\">\u2013<\/td>\n<td width=\"79\">\u2013<\/td>\n<td width=\"72\">\u2013<\/td>\n<\/tr>\n<tr>\n<td width=\"165\">Nulldispersionswellenl\u00e4nge<\/td>\n<td rowspan=\"2\" width=\"111\">\\<\/td>\n<td width=\"92\">nm<\/td>\n<td width=\"79\">1300-1324<\/td>\n<td width=\"79\">1300-1324<\/td>\n<td width=\"79\">1300-1324<\/td>\n<td width=\"72\">1300-1324<\/td>\n<\/tr>\n<tr>\n<td width=\"165\">Nulldispersionssteigung<\/td>\n<td width=\"92\">ps\/(nm<sup>2<\/sup>\u00b7km)<\/td>\n<td width=\"79\">0.073-0.092<\/td>\n<td width=\"79\">0.073-0.092<\/td>\n<td width=\"79\">0.073-0.092<\/td>\n<td width=\"72\">\u22640,092<\/td>\n<\/tr>\n<tr>\n<td rowspan=\"2\" width=\"165\">Streuung<\/td>\n<td width=\"111\">1550 nm<\/td>\n<td width=\"92\">ps\/(nm\u00b7km)<\/td>\n<td width=\"79\">13.3-18.6<\/td>\n<td width=\"79\">13.3-18.6<\/td>\n<td width=\"79\">13.3-18.6<\/td>\n<td width=\"72\">&nbsp;<\/td>\n<\/tr>\n<tr>\n<td width=\"111\">1625 nm<\/td>\n<td width=\"92\">ps\/(nm\u00b7km)<\/td>\n<td width=\"79\">17.2-23.7<\/td>\n<td width=\"79\">17.2-23.7<\/td>\n<td width=\"79\">17.2-23.7<\/td>\n<td width=\"72\">&nbsp;<\/td>\n<\/tr>\n<tr>\n<td colspan=\"2\" width=\"277\">Polarisationsmodendispersion (PMD)<\/td>\n<td width=\"92\">ps\/\u221akm<\/td>\n<td width=\"79\">\u22640,2<\/td>\n<td width=\"79\">\u22640,2<\/td>\n<td width=\"79\">\u22640,2<\/td>\n<td width=\"72\">\u22640,2<\/td>\n<\/tr>\n<tr>\n<td width=\"165\">Grenzwellenl\u00e4nge \u03bbcc<\/td>\n<td width=\"111\">\u2013<\/td>\n<td width=\"92\">nm<\/td>\n<td width=\"79\">\u22641260<\/td>\n<td width=\"79\">\u22641260<\/td>\n<td width=\"79\">\u22641260<\/td>\n<td width=\"72\">\u22641260<\/td>\n<\/tr>\n<tr>\n<td rowspan=\"2\" width=\"165\">Modenfelddurchmesser (MFD)<\/td>\n<td width=\"111\">1310 nm<\/td>\n<td width=\"92\">\u03bcm<\/td>\n<td width=\"79\">9,2 \u00b1 0,4<\/td>\n<td width=\"79\">9,2 \u00b1 0,4<\/td>\n<td width=\"79\">8,6 \u00b1 0,4<\/td>\n<td width=\"72\">8,6 \u00b1 0,4<\/td>\n<\/tr>\n<tr>\n<td width=\"111\">1550 nm<\/td>\n<td width=\"92\">\u03bcm<\/td>\n<td width=\"79\">10,4 \u00b1 0,5<\/td>\n<td width=\"79\">10,4 \u00b1 0,5<\/td>\n<td width=\"79\">9,6 \u00b1 0,5<\/td>\n<td width=\"72\">9,6 \u00b1 0,5<\/td>\n<\/tr>\n<tr>\n<td rowspan=\"2\" width=\"165\">D\u00e4mpfungsdiskontinuit\u00e4t<\/td>\n<td width=\"111\">1310 nm<\/td>\n<td width=\"92\">dB<\/td>\n<td width=\"79\">\u22640,03<\/td>\n<td width=\"79\">\u22640,03<\/td>\n<td width=\"79\">\u22640,03<\/td>\n<td width=\"72\">\u22640,03<\/td>\n<\/tr>\n<tr>\n<td width=\"111\">1550 nm<\/td>\n<td width=\"92\">dB<\/td>\n<td width=\"79\">\u22640,03<\/td>\n<td width=\"79\">\u22640,03<\/td>\n<td width=\"79\">\u22640,03<\/td>\n<td width=\"72\">\u22640,03<\/td>\n<\/tr>\n<tr>\n<td rowspan=\"2\" width=\"165\">Bidirektionale D\u00e4mpfung<\/td>\n<td width=\"111\">1310 nm<\/td>\n<td width=\"92\">dB\/km<\/td>\n<td width=\"79\">\u22640,04<\/td>\n<td width=\"79\">&nbsp;<\/td>\n<td width=\"79\">&nbsp;<\/td>\n<td width=\"72\">\u22640,05<\/td>\n<\/tr>\n<tr>\n<td width=\"111\">1550 nm<\/td>\n<td width=\"92\">dB\/km<\/td>\n<td width=\"79\">\u22640,04<\/td>\n<td width=\"79\">&nbsp;<\/td>\n<td width=\"79\">&nbsp;<\/td>\n<td width=\"72\">\u22640,05<\/td>\n<\/tr>\n<tr>\n<td colspan=\"3\" width=\"369\"><strong><b>Geometrisch<\/b><\/strong><\/td>\n<td colspan=\"4\" width=\"311\">&nbsp;<\/td>\n<\/tr>\n<tr>\n<td colspan=\"2\" width=\"277\">Manteldurchmesser<\/td>\n<td width=\"92\">\u03bcm<\/td>\n<td width=\"79\">125\u00b10,7<\/td>\n<td width=\"79\">125\u00b10,7<\/td>\n<td width=\"79\">125\u00b10,7<\/td>\n<td width=\"72\">125\u00b10,7<\/td>\n<\/tr>\n<tr>\n<td colspan=\"2\" width=\"277\">Unrundheit der Verkleidung<\/td>\n<td width=\"92\">%<\/td>\n<td width=\"79\">\u22641,0<\/td>\n<td width=\"79\">\u22641,0<\/td>\n<td width=\"79\">\u22640,8<\/td>\n<td width=\"72\">\u22640,7<\/td>\n<\/tr>\n<tr>\n<td colspan=\"2\" width=\"277\">Kern-\/Mantel-Konzentrizit\u00e4tsfehler<\/td>\n<td width=\"92\">\u03bcm<\/td>\n<td width=\"79\">\u22640,6<\/td>\n<td width=\"79\">\u22640,5<\/td>\n<td width=\"79\">\u22640,5<\/td>\n<td width=\"72\">\u22640,5<\/td>\n<\/tr>\n<tr>\n<td colspan=\"2\" rowspan=\"2\" width=\"277\">Beschichtungsdurchmesser (ungef\u00e4rbt)<\/td>\n<td width=\"92\">\u03bcm<\/td>\n<td colspan=\"4\" width=\"311\">242\u00b17 (Standard)<\/td>\n<\/tr>\n<tr>\n<td width=\"92\">\u03bcm<\/td>\n<td colspan=\"4\" width=\"311\">200\u00b110 (optional)<\/td>\n<\/tr>\n<tr>\n<td colspan=\"2\" width=\"277\">Konzentrizit\u00e4tsfehler der Beschichtung\/Verkleidung<\/td>\n<td width=\"92\">\u03bcm<\/td>\n<td width=\"79\">\u226412<\/td>\n<td width=\"79\">\u226412<\/td>\n<td width=\"79\">\u226412<\/td>\n<td width=\"72\">\u226412<\/td>\n<\/tr>\n<tr>\n<td colspan=\"2\" width=\"277\">Locken<\/td>\n<td width=\"92\">m<\/td>\n<td width=\"79\">\u22654<\/td>\n<td width=\"79\">\u22654<\/td>\n<td width=\"79\">\u22654<\/td>\n<td width=\"72\">\u22654<\/td>\n<\/tr>\n<tr>\n<td colspan=\"3\" width=\"369\"><strong><b>Umwelt (1550 nm, 1625 nm)<\/b><\/strong><\/td>\n<td colspan=\"4\" width=\"311\">&nbsp;<\/td>\n<\/tr>\n<tr>\n<td width=\"165\">Temperaturwechsel<\/td>\n<td width=\"111\">-60\u2103 bis +85\u2103<\/td>\n<td width=\"92\">dB\/km<\/td>\n<td width=\"79\">\u22640,03<\/td>\n<td width=\"79\">\u22640,05<\/td>\n<td width=\"79\">\u22640,05<\/td>\n<td width=\"72\">\u22640,05<\/td>\n<\/tr>\n<tr>\n<td width=\"165\">Hohe Temperatur &amp;<\/p>\n<p>Hohe Luftfeuchtigkeit<\/td>\n<td width=\"111\">85\u2103, 85% RH, 30 Tage<\/td>\n<td width=\"92\">dB\/km<\/td>\n<td width=\"79\">\u22640,03<\/td>\n<td width=\"79\">\u22640,05<\/td>\n<td width=\"79\">\u22640,05<\/td>\n<td width=\"72\">\u22640,05<\/td>\n<\/tr>\n<tr>\n<td width=\"165\">Eintauchen in Wasser<\/td>\n<td width=\"111\">23\u2103, 30 Tage<\/td>\n<td width=\"92\">dB\/km<\/td>\n<td width=\"79\">\u22640,03<\/td>\n<td width=\"79\">\u22640,05<\/td>\n<td width=\"79\">\u22640,05<\/td>\n<td width=\"72\">\u22640,05<\/td>\n<\/tr>\n<tr>\n<td width=\"165\">Hochtemperaturalterung<\/td>\n<td width=\"111\">85\u2103, 30 Tage<\/td>\n<td width=\"92\">dB\/km<\/td>\n<td width=\"79\">\u22640,03<\/td>\n<td width=\"79\">\u22640,05<\/td>\n<td width=\"79\">\u22640,05<\/td>\n<td width=\"72\">\u22640,05<\/td>\n<\/tr>\n<\/tbody>\n<\/table>\n<p><strong><b>\u00a0<\/b><\/strong><\/p>\n<p><strong><b>Technische Parameter der optischen Faser-MM<\/b><\/strong><\/p>\n<table>\n<tbody>\n<tr>\n<td rowspan=\"2\" width=\"186\"><strong><b>Funktionen<\/b><\/strong><\/td>\n<td rowspan=\"2\" width=\"94\"><strong><b>Bedingungen<\/b><\/strong><\/td>\n<td rowspan=\"2\" width=\"76\"><strong><b>Einheit<\/b><\/strong><\/td>\n<td colspan=\"5\" width=\"343\"><strong><b>Wert<\/b><\/strong><\/td>\n<\/tr>\n<tr>\n<td width=\"85\"><strong><b>OM1<\/b><\/strong><\/td>\n<td width=\"91\"><strong><b>OM2<\/b><\/strong><\/td>\n<td width=\"57\"><strong><b>OM2+<\/b><\/strong><\/td>\n<td width=\"53\"><strong><b>OM3<\/b><\/strong><\/td>\n<td width=\"54\"><strong><b>OM4<\/b><\/strong><\/td>\n<\/tr>\n<tr>\n<td colspan=\"8\" width=\"700\"><strong><b>Optisch <\/b><\/strong><strong><b>Eigenschaften<\/b><\/strong><\/td>\n<\/tr>\n<tr>\n<td rowspan=\"2\" width=\"186\">D\u00e4mpfung<\/td>\n<td width=\"94\">850 nm<\/td>\n<td width=\"76\">dB\/km<\/td>\n<td width=\"85\">\u22642,70~\u22643,00<\/td>\n<td width=\"91\">\u22642,50<\/td>\n<td width=\"57\">\u22642,50<\/td>\n<td width=\"53\">\u22642,50<\/td>\n<td width=\"54\">\u22642,50<\/td>\n<\/tr>\n<tr>\n<td width=\"94\">1300 nm<\/td>\n<td width=\"76\">dB\/km<\/td>\n<td width=\"85\">\u22640,60~\u22641,00<\/td>\n<td width=\"91\">\u22640,70<\/td>\n<td width=\"57\">\u22640,70<\/td>\n<td width=\"53\">\u22640,70<\/td>\n<td width=\"54\">\u22640,70<\/td>\n<\/tr>\n<tr>\n<td rowspan=\"2\" width=\"186\">Minimale modale Bandbreite<\/td>\n<td width=\"94\">850 nm<\/td>\n<td width=\"76\">MHz.km<\/td>\n<td width=\"85\">\u2265200~\u2265100<\/td>\n<td width=\"91\">\u2265500~\u2265200<\/td>\n<td width=\"57\">\u2013<\/td>\n<td width=\"53\">\u2013<\/td>\n<td width=\"54\">\u2013<\/td>\n<\/tr>\n<tr>\n<td width=\"94\">1300 nm<\/td>\n<td width=\"76\">MHz.km<\/td>\n<td width=\"85\">\u2265600~\u2265160<\/td>\n<td width=\"91\">\u22651200~\u2265400<\/td>\n<td width=\"57\">\u2013<\/td>\n<td width=\"53\">\u2013<\/td>\n<td width=\"54\">\u2013<\/td>\n<\/tr>\n<tr>\n<td rowspan=\"2\" width=\"186\">\u00dcberf\u00fcllte Startbandbreite<\/td>\n<td width=\"94\">850 nm<\/td>\n<td width=\"76\">MHz.km<\/td>\n<td width=\"85\">\u2013<\/td>\n<td width=\"91\">\u2013<\/td>\n<td width=\"57\">\u2265700<\/td>\n<td width=\"53\">\u22651500<\/td>\n<td width=\"54\">\u22653500<\/td>\n<\/tr>\n<tr>\n<td width=\"94\">1300 nm<\/td>\n<td width=\"76\">MHz.km<\/td>\n<td width=\"85\">\u2013<\/td>\n<td width=\"91\">\u2013<\/td>\n<td width=\"57\">\u2265500<\/td>\n<td width=\"53\">\u2265500<\/td>\n<td width=\"54\">\u2265500<\/td>\n<\/tr>\n<tr>\n<td width=\"186\">Effektive modale Bandbreite<\/td>\n<td width=\"94\">850 nm<\/td>\n<td width=\"76\">MHz.km<\/td>\n<td width=\"85\">\u2013<\/td>\n<td width=\"91\">\u2013<\/td>\n<td width=\"57\">\u2265950<\/td>\n<td width=\"53\">\u22652000<\/td>\n<td width=\"54\">\u22654700<\/td>\n<\/tr>\n<tr>\n<td width=\"186\">Numerische Apertur<\/td>\n<td width=\"94\">&nbsp;<\/td>\n<td width=\"76\">&nbsp;<\/td>\n<td width=\"85\">0,275 \u00b1 0,015<\/td>\n<td colspan=\"4\" width=\"257\">0.18~0.215<\/td>\n<\/tr>\n<tr>\n<td width=\"186\">10 Gbit\/s Ethernet-Verbindungsl\u00e4nge<\/td>\n<td width=\"94\">&nbsp;<\/td>\n<td width=\"76\">M<\/td>\n<td width=\"85\">\u2013<\/td>\n<td width=\"91\">\u2013<\/td>\n<td width=\"57\">150<\/td>\n<td width=\"53\">300<\/td>\n<td width=\"54\">550<\/td>\n<\/tr>\n<tr>\n<td colspan=\"8\" width=\"700\"><strong><b>R\u00fcckstreueigenschaften (1300 nm)<\/b><\/strong><\/td>\n<\/tr>\n<tr>\n<td colspan=\"2\" width=\"281\">Unregelm\u00e4\u00dfigkeiten \u00fcber die Faserl\u00e4nge und Punktdiskontinuit\u00e4t<\/td>\n<td width=\"76\">dB<\/td>\n<td colspan=\"5\" width=\"343\">\u22640,1<\/td>\n<\/tr>\n<tr>\n<td colspan=\"2\" width=\"281\">Gleichm\u00e4\u00dfige D\u00e4mpfung<\/td>\n<td width=\"76\">dB<\/td>\n<td colspan=\"5\" width=\"343\">\u22640,1<\/td>\n<\/tr>\n<tr>\n<td colspan=\"2\" width=\"281\">Schritt (Mittelwert der bidirektionalen Messung)<\/td>\n<td width=\"76\">dB\/km<\/td>\n<td colspan=\"5\" width=\"343\">\u22640,1<\/td>\n<\/tr>\n<tr>\n<td colspan=\"8\" width=\"700\"><strong><b>Geometrie <\/b><\/strong><strong><b>Eigenschaften<\/b><\/strong><\/td>\n<\/tr>\n<tr>\n<td colspan=\"2\" width=\"281\">Kerndurchmesser<\/td>\n<td width=\"76\">\u03bcm<\/td>\n<td width=\"85\">62,5\u00b12,5<\/td>\n<td colspan=\"4\" width=\"257\">50\u00b12,5<\/td>\n<\/tr>\n<tr>\n<td colspan=\"2\" width=\"281\">Kernunrundheit<\/td>\n<td width=\"76\">%<\/td>\n<td colspan=\"5\" width=\"343\">\u22645,0<\/td>\n<\/tr>\n<tr>\n<td colspan=\"2\" width=\"281\">Manteldurchmesser<\/td>\n<td width=\"76\">\u03bcm<\/td>\n<td colspan=\"5\" width=\"343\">124,3 \u00b1 0,7<\/td>\n<\/tr>\n<tr>\n<td colspan=\"2\" width=\"281\">Unrundheit der Verkleidung<\/td>\n<td width=\"76\">%<\/td>\n<td colspan=\"5\" width=\"343\">\u22642,0<\/td>\n<\/tr>\n<tr>\n<td colspan=\"2\" width=\"281\">Kern-\/Mantel-Konzentrizit\u00e4tsfehler<\/td>\n<td width=\"76\">\u03bcm<\/td>\n<td colspan=\"5\" width=\"343\">\u22641,5<\/td>\n<\/tr>\n<tr>\n<td colspan=\"2\" width=\"281\">Beschichtungsdurchmesser<\/td>\n<td width=\"76\">\u03bcm<\/td>\n<td colspan=\"5\" width=\"343\">245\u00b110<\/td>\n<\/tr>\n<tr>\n<td colspan=\"2\" width=\"281\">Konzentrizit\u00e4tsfehler bei Beschichtung\/Verkleidung<\/td>\n<td width=\"76\">\u03bcm<\/td>\n<td colspan=\"5\" width=\"343\">\u226412,0<\/td>\n<\/tr>\n<tr>\n<td colspan=\"2\" width=\"281\">Lieferl\u00e4nge<\/td>\n<td width=\"76\">km\/Rolle<\/td>\n<td colspan=\"5\" width=\"343\">\uff5e16,8<\/td>\n<\/tr>\n<tr>\n<td colspan=\"8\" width=\"700\"><strong><b>Umwelteigenschaften (850 nm und 1300 nm)<\/b><\/strong><\/td>\n<\/tr>\n<tr>\n<td width=\"186\">Temperaturabh\u00e4ngigkeit verursachte D\u00e4mpfung<\/td>\n<td width=\"94\">-60\u2103~+85\u2103<\/td>\n<td width=\"76\">dB\/km<\/td>\n<td colspan=\"5\" width=\"343\">\u22640,10<\/td>\n<\/tr>\n<tr>\n<td width=\"186\">Temperatur-Feuchtigkeit            abgeleitete D\u00e4mpfung<\/td>\n<td width=\"94\">-10\u2103~+85\u2103,98%RH<\/td>\n<td width=\"76\">dB\/km<\/td>\n<td colspan=\"5\" width=\"343\">\u22640,10<\/td>\n<\/tr>\n<tr>\n<td width=\"186\">Wasserabh\u00e4ngigkeit    induzierte D\u00e4mpfung<\/td>\n<td width=\"94\">23\u2103\u00b12\u2103,30 Tage<\/td>\n<td width=\"76\">dB\/km<\/td>\n<td colspan=\"5\" width=\"343\">\u22640,10<\/td>\n<\/tr>\n<tr>\n<td width=\"186\">Feuchte W\u00e4rmeabh\u00e4ngigkeit   induzierte D\u00e4mpfung<\/td>\n<td width=\"94\">85\u2103\u00b12\u2103und85%RH,30 Tage<\/td>\n<td width=\"76\">dB\/km<\/td>\n<td colspan=\"5\" width=\"343\">\u22640,10<\/td>\n<\/tr>\n<tr>\n<td width=\"186\">Trockene Hitzealterung<\/td>\n<td width=\"94\">85\u2103\u00b12\u2103<\/td>\n<td width=\"76\">dB\/km<\/td>\n<td colspan=\"5\" width=\"343\">\u22640,10<\/td>\n<\/tr>\n<\/tbody>\n<\/table>\n<p>&nbsp;<\/p>\n<p><strong><b>Anwendung<\/b><\/strong><strong><b>\uff1a<\/b><\/strong><\/p>\n<p>Verkabelung von Rechenzentren<\/p>\n<p>Verkabelung im Raum f\u00fcr optische Kommunikationsger\u00e4te zum Anschluss von Verteilern<\/p>\n<p>Zum Einbau in Pigtails, bewegliche Steckverbinder und Patchkabel<\/p>","protected":false},"excerpt":{"rendered":"<p>Im 12F Doppelmantel-Mikrofaserkabel 5,0 mm von OMC sind 12 St\u00fcck farbcodierte 250-um-Singlemode-\/Multimode-Subfasern als optisches Kommunikationsmedium enthalten, die blanken Fasern sind mit einer Schicht Aramidgarn und einem LSZH als Innenmantel umwickelt. Dann bedeckte eine Lage Aramidgarn den Innenmantel. Um einen besseren Schutz zu bieten. Wir haben eine weitere LSZH-H\u00fclle hinzugef\u00fcgt [\u2026]<\/p>","protected":false},"featured_media":11669,"comment_status":"closed","ping_status":"closed","template":"","meta":{"site-sidebar-layout":"default","site-content-layout":"","ast-site-content-layout":"default","site-content-style":"default","site-sidebar-style":"default","ast-global-header-display":"","ast-banner-title-visibility":"","ast-main-header-display":"","ast-hfb-above-header-display":"","ast-hfb-below-header-display":"","ast-hfb-mobile-header-display":"","site-post-title":"","ast-breadcrumbs-content":"","ast-featured-img":"","footer-sml-layout":"","theme-transparent-header-meta":"default","adv-header-id-meta":"","stick-header-meta":"default","header-above-stick-meta":"","header-main-stick-meta":"","header-below-stick-meta":"","astra-migrate-meta-layouts":"set","ast-page-background-enabled":"default","ast-page-background-meta":{"desktop":{"background-color":"var(--ast-global-color-4)","background-image":"","background-repeat":"repeat","background-position":"center center","background-size":"auto","background-attachment":"scroll","background-type":"","background-media":"","overlay-type":"","overlay-color":"","overlay-gradient":""},"tablet":{"background-color":"","background-image":"","background-repeat":"repeat","background-position":"center center","background-size":"auto","background-attachment":"scroll","background-type":"","background-media":"","overlay-type":"","overlay-color":"","overlay-gradient":""},"mobile":{"background-color":"","background-image":"","background-repeat":"repeat","background-position":"center center","background-size":"auto","background-attachment":"scroll","background-type":"","background-media":"","overlay-type":"","overlay-color":"","overlay-gradient":""}},"ast-content-background-meta":{"desktop":{"background-color":"var(--ast-global-color-5)","background-image":"","background-repeat":"repeat","background-position":"center center","background-size":"auto","background-attachment":"scroll","background-type":"","background-media":"","overlay-type":"","overlay-color":"","overlay-gradient":""},"tablet":{"background-color":"var(--ast-global-color-5)","background-image":"","background-repeat":"repeat","background-position":"center center","background-size":"auto","background-attachment":"scroll","background-type":"","background-media":"","overlay-type":"","overlay-color":"","overlay-gradient":""},"mobile":{"background-color":"var(--ast-global-color-5)","background-image":"","background-repeat":"repeat","background-position":"center center","background-size":"auto","background-attachment":"scroll","background-type":"","background-media":"","overlay-type":"","overlay-color":"","overlay-gradient":""}}},"product_cat":[128,155],"product_tag":[],"class_list":{"0":"post-11667","1":"product","2":"type-product","3":"status-publish","4":"has-post-thumbnail","6":"product_cat-indoor-cable","7":"product_cat-micro-fiber-cable","8":"desktop-align-left","9":"tablet-align-left","10":"mobile-align-left","11":"ast-product-gallery-layout-horizontal-slider","12":"ast-product-tabs-layout-horizontal","14":"first","15":"instock","16":"shipping-taxable","17":"product-type-simple"},"acf":[],"_links":{"self":[{"href":"https:\/\/www.omccable.com\/de\/wp-json\/wp\/v2\/product\/11667","targetHints":{"allow":["GET"]}}],"collection":[{"href":"https:\/\/www.omccable.com\/de\/wp-json\/wp\/v2\/product"}],"about":[{"href":"https:\/\/www.omccable.com\/de\/wp-json\/wp\/v2\/types\/product"}],"replies":[{"embeddable":true,"href":"https:\/\/www.omccable.com\/de\/wp-json\/wp\/v2\/comments?post=11667"}],"version-history":[{"count":1,"href":"https:\/\/www.omccable.com\/de\/wp-json\/wp\/v2\/product\/11667\/revisions"}],"predecessor-version":[{"id":11670,"href":"https:\/\/www.omccable.com\/de\/wp-json\/wp\/v2\/product\/11667\/revisions\/11670"}],"wp:featuredmedia":[{"embeddable":true,"href":"https:\/\/www.omccable.com\/de\/wp-json\/wp\/v2\/media\/11669"}],"wp:attachment":[{"href":"https:\/\/www.omccable.com\/de\/wp-json\/wp\/v2\/media?parent=11667"}],"wp:term":[{"taxonomy":"product_cat","embeddable":true,"href":"https:\/\/www.omccable.com\/de\/wp-json\/wp\/v2\/product_cat?post=11667"},{"taxonomy":"product_tag","embeddable":true,"href":"https:\/\/www.omccable.com\/de\/wp-json\/wp\/v2\/product_tag?post=11667"}],"curies":[{"name":"wp","href":"https:\/\/api.w.org\/{rel}","templated":true}]}}