{"id":11549,"date":"2024-07-22T10:31:56","date_gmt":"2024-07-22T02:31:56","guid":{"rendered":"https:\/\/www.omccable.com\/?post_type=product&#038;p=11549"},"modified":"2024-07-22T10:31:57","modified_gmt":"2024-07-22T02:31:57","slug":"24f-unit-tube-distribution-cable-fanout-0-9mm-cable","status":"publish","type":"product","link":"https:\/\/www.omccable.com\/de\/produkt\/24f-unit-tube-distribution-cable-fanout-0-9mm-cable\/","title":{"rendered":"24F Unit-Tube-Verteilungskabel-Fanout 0,9-mm-Kabel"},"content":{"rendered":"<p><strong><b>Glasfaserverteilungskabel, auch B\u00fcndel-Fanout-Glasfaserkabel genannt. <\/b><\/strong>In OMCs <strong><b>24<\/b><\/strong><strong><b>F Einheitsrohr-Verteilungskabel-Fanout 0,9-mm-Kabel<\/b><\/strong>, 24 St\u00fcck farbcodiertes 900-um-Singlemode-\/Multimode-Subkabel als optisches Kommunikationsmedium, die dichte Pufferfaser ist mit einer Schicht Aramidgarn als Festigkeitstr\u00e4ger umwickelt. Anschlie\u00dfend wurde das Aramidgarn mit einem LSZH-, PVC-, OFNR- oder OFNP-Mantelmantel abgedeckt, um das Kabel fertigzustellen.<\/p>\n<p>&nbsp;<\/p>\n<p><strong><b>F<\/b><\/strong><strong><b>Essen:<\/b><\/strong><\/p>\n<p>Leicht abziehbar<\/p>\n<p>Hervorragende Flammschutzleistung<\/p>\n<p>Aramidgarn als Festigkeitstr\u00e4ger verleiht dem Kabel eine hervorragende Zugfestigkeit<\/p>\n<p>F\u00fchren Sie eine strenge Prozess- und Rohstoffkontrolle durch, um eine Lebensdauer von 15 Jahren zu gew\u00e4hrleisten<\/p>\n<p>Die Jacke ist korrosionsbest\u00e4ndig, wasserabweisend, UV-best\u00e4ndig, flammhemmend und unsch\u00e4dlich f\u00fcr die Umwelt<\/p>\n<p>&nbsp;<\/p>\n<p><strong><b>Kabelfarbe<\/b><\/strong><\/p>\n<table>\n<tbody>\n<tr>\n<td width=\"109\"><strong><b>Fasermodus<\/b><\/strong><\/td>\n<td width=\"107\">SM<\/td>\n<td width=\"98\">SM<\/td>\n<td width=\"99\">SM<\/td>\n<td width=\"89\">SM<\/td>\n<td width=\"108\">OM2<\/td>\n<td width=\"79\">OM3<\/td>\n<\/tr>\n<tr>\n<td width=\"109\"><strong><b>Farbe<\/b><\/strong><\/td>\n<td width=\"107\">Gelb<\/td>\n<td width=\"98\">Blau<\/td>\n<td width=\"99\">White<\/td>\n<td width=\"89\">Elfenbein<\/td>\n<td width=\"108\">Orange<\/td>\n<td width=\"79\">Aqua<\/td>\n<\/tr>\n<tr>\n<td width=\"109\"><strong><b>Fasermodus<\/b><\/strong><\/td>\n<td width=\"107\">OM4<\/td>\n<td width=\"98\">OM4<\/td>\n<td width=\"99\">OM4<\/td>\n<td width=\"89\">OM4<\/td>\n<td width=\"108\">OM5<\/td>\n<td width=\"79\">OM1<\/td>\n<\/tr>\n<tr>\n<td width=\"109\"><strong><b>Farbe<\/b><\/strong><\/td>\n<td width=\"107\">Magenta<\/td>\n<td width=\"98\">Lila<\/td>\n<td width=\"99\">Aqua<\/td>\n<td width=\"89\">Violett<\/td>\n<td width=\"108\">Zitronengr\u00fcn<\/td>\n<td width=\"79\">Orange<\/td>\n<\/tr>\n<\/tbody>\n<\/table>\n<p>&nbsp;<\/p>\n<p><strong><b>Parameter Kabelmaterial<\/b><\/strong><\/p>\n<table>\n<tbody>\n<tr>\n<td colspan=\"2\" width=\"249\"><strong><b>Artikel<\/b><\/strong><\/td>\n<td width=\"443\"><strong><b>Parameter<\/b><\/strong><\/td>\n<\/tr>\n<tr>\n<td width=\"143\">Fasertyp<\/td>\n<td width=\"106\">&nbsp;<\/td>\n<td width=\"443\">G652D,G655,G657A1,G657A2,G657B3,OM1,OM2,OM3,OM4,OM5<\/td>\n<\/tr>\n<tr>\n<td width=\"143\">Anzahl der Fasern<\/td>\n<td width=\"106\">&nbsp;<\/td>\n<td width=\"443\">24<\/td>\n<\/tr>\n<tr>\n<td rowspan=\"2\" width=\"143\">Enger Puffer<\/td>\n<td width=\"106\">Material<\/td>\n<td width=\"443\">LSZH oder PVC<\/td>\n<\/tr>\n<tr>\n<td width=\"106\">OD<\/td>\n<td width=\"443\">0,9 \u00b1 0,05 (mm)<\/td>\n<\/tr>\n<tr>\n<td width=\"143\">St\u00e4rkemitglied<\/td>\n<td width=\"106\">Material<\/td>\n<td width=\"443\">Aramidgarn<\/td>\n<\/tr>\n<tr>\n<td rowspan=\"2\" width=\"143\">Au\u00dfenmantel<\/td>\n<td width=\"106\">OD<\/td>\n<td width=\"443\">8,2 \u00b1 0,2 (mm)<\/td>\n<\/tr>\n<tr>\n<td width=\"106\">Material<\/td>\n<td width=\"443\">LSZH,PVC,OFNR,OFNP<\/td>\n<\/tr>\n<\/tbody>\n<\/table>\n<p><strong><b>\u00a0<\/b><\/strong><\/p>\n<p><strong><b>Mechanische und Umweltleistung<\/b><\/strong><\/p>\n<table>\n<tbody>\n<tr>\n<td colspan=\"2\" width=\"351\"><strong><b>Artikel<\/b><\/strong><\/td>\n<td colspan=\"2\" width=\"340\"><strong><b>Beschreibungen<\/b><\/strong><\/td>\n<\/tr>\n<tr>\n<td rowspan=\"2\" width=\"226\">Zugfestigkeit<\/td>\n<td rowspan=\"2\" width=\"124\">IEC 60794-1-E1<\/td>\n<td width=\"116\">kurzfristig<\/td>\n<td width=\"224\">720N<\/td>\n<\/tr>\n<tr>\n<td width=\"116\">langfristig<\/td>\n<td width=\"224\">240N<\/td>\n<\/tr>\n<tr>\n<td rowspan=\"2\" width=\"226\">Druckfestigkeit<\/td>\n<td rowspan=\"2\" width=\"124\">IEC 60794-1-E3<\/td>\n<td width=\"116\">kurzfristig<\/td>\n<td width=\"224\">1000N<\/td>\n<\/tr>\n<tr>\n<td width=\"116\">langfristig<\/td>\n<td width=\"224\">300N<\/td>\n<\/tr>\n<tr>\n<td width=\"226\">Kabeleinwirkung<\/td>\n<td width=\"124\">IEC 60794-1-E4<\/td>\n<td colspan=\"2\" rowspan=\"4\" width=\"340\">Keine offensichtliche \u00c4nderung nach dem Test<\/td>\n<\/tr>\n<tr>\n<td width=\"226\">Wiederholen Sie das Biegen<\/td>\n<td width=\"124\">IEC 60794-1-E6<\/td>\n<\/tr>\n<tr>\n<td width=\"226\">Torsion<\/td>\n<td width=\"124\">IEC 60794-1-E7<\/td>\n<\/tr>\n<tr>\n<td width=\"226\">Kabelbiegung<\/td>\n<td width=\"124\">IEC 60794-1-E11<\/td>\n<\/tr>\n<tr>\n<td width=\"226\">Temperaturbereich (Betrieb)<\/td>\n<td width=\"124\">IEC 60794-1-2-F1<\/td>\n<td colspan=\"2\" width=\"340\">-20\u2103-+60\u2103<\/td>\n<\/tr>\n<tr>\n<td width=\"226\">Temperaturbereich (Lagerung)<\/td>\n<td width=\"124\">IEC 60794-1-2-F1<\/td>\n<td colspan=\"2\" width=\"340\">-20\u2103-+60\u2103<\/td>\n<\/tr>\n<tr>\n<td rowspan=\"2\" width=\"226\">Biegeradius<\/td>\n<td width=\"124\">Statisch<\/td>\n<td colspan=\"2\" width=\"340\">10XKabeldurchmesser<\/td>\n<\/tr>\n<tr>\n<td width=\"124\">Dynamisch<\/td>\n<td colspan=\"2\" width=\"340\">20XKabeldurchmesser<\/td>\n<\/tr>\n<\/tbody>\n<\/table>\n<p>&nbsp;<\/p>\n<p><strong><b>Flammhemmende Leistung<\/b><\/strong><\/p>\n<table>\n<tbody>\n<tr>\n<td width=\"167\"><strong><b>Kabel<\/b><\/strong><strong><b>\u00a0Material<\/b><\/strong><\/td>\n<td width=\"525\"><strong><b>Standard<\/b><\/strong><\/td>\n<\/tr>\n<tr>\n<td width=\"167\">LSZH<\/td>\n<td width=\"525\">CPR: Bca, Cca, Dca, Eca oder IEC60332-1, IEC 60332-3 je nach Kundenwunsch<\/td>\n<\/tr>\n<tr>\n<td width=\"167\">PVC<\/td>\n<td width=\"525\">UL-94V0<\/td>\n<\/tr>\n<\/tbody>\n<\/table>\n<p>&nbsp;<\/p>\n<p><strong><b>Technische Parameter der optischen Faser-SM<\/b><\/strong><\/p>\n<table>\n<tbody>\n<tr>\n<td rowspan=\"2\" width=\"188\"><strong><b>Parameter<\/b><\/strong><\/td>\n<td rowspan=\"2\" width=\"117\"><strong><b>Bedingungen<\/b><\/strong><\/td>\n<td rowspan=\"2\" width=\"86\"><strong><b>Einheiten<\/b><\/strong><\/td>\n<td colspan=\"4\" width=\"301\"><strong><b>Wert<\/b><\/strong><\/td>\n<\/tr>\n<tr>\n<td width=\"80\"><strong><b>G652D<\/b><\/strong><\/td>\n<td width=\"69\"><strong><b>G657A1<\/b><\/strong><\/td>\n<td width=\"74\"><strong><b>G657A2<\/b><\/strong><\/td>\n<td width=\"77\"><strong><b>G657B3<\/b><\/strong><\/td>\n<\/tr>\n<tr>\n<td colspan=\"3\" width=\"392\"><strong><b>Optische Spezifikation<\/b><\/strong><\/td>\n<td colspan=\"4\" width=\"301\">&nbsp;<\/td>\n<\/tr>\n<tr>\n<td rowspan=\"6\" width=\"188\">D\u00e4mpfung<\/td>\n<td width=\"117\">850 nm<\/td>\n<td width=\"86\">dB\/km<\/td>\n<td width=\"80\">\u2013<\/td>\n<td width=\"69\">\u2013<\/td>\n<td width=\"74\">\u2013<\/td>\n<td width=\"77\">\u2013<\/td>\n<\/tr>\n<tr>\n<td width=\"117\">1300 nm<\/td>\n<td width=\"86\">dB\/km<\/td>\n<td width=\"80\">\u2013<\/td>\n<td width=\"69\">\u2013<\/td>\n<td width=\"74\">\u2013<\/td>\n<td width=\"77\">\u2013<\/td>\n<\/tr>\n<tr>\n<td width=\"117\">1310 nm<\/td>\n<td width=\"86\">dB\/km<\/td>\n<td width=\"80\">\u2264 0,350<\/td>\n<td width=\"69\">\u2264 0,350<\/td>\n<td width=\"74\">\u2264 0,350<\/td>\n<td width=\"77\">\u2264 0,350<\/td>\n<\/tr>\n<tr>\n<td width=\"117\">1383 nm<\/td>\n<td width=\"86\">dB\/km<\/td>\n<td width=\"80\">\u2264 0,330<\/td>\n<td width=\"69\">\u2264 0,350<\/td>\n<td width=\"74\">\u2264 0,350<\/td>\n<td width=\"77\">\u2264 0,350<\/td>\n<\/tr>\n<tr>\n<td width=\"117\">1550 nm<\/td>\n<td width=\"86\">dB\/km<\/td>\n<td width=\"80\">\u2264 0,210<\/td>\n<td width=\"69\">\u2264 0,210<\/td>\n<td width=\"74\">\u2264 0,210<\/td>\n<td width=\"77\">\u2264 0,210<\/td>\n<\/tr>\n<tr>\n<td width=\"117\">1625 nm<\/td>\n<td width=\"86\">dB\/km<\/td>\n<td width=\"80\">\u2264 0,240<\/td>\n<td width=\"69\">\u2264 0,230<\/td>\n<td width=\"74\">\u2264 0,230<\/td>\n<td width=\"77\">\u2264 0,230<\/td>\n<\/tr>\n<tr>\n<td rowspan=\"3\" width=\"188\">D\u00e4mpfung vs. Wellenl\u00e4nge<\/td>\n<td width=\"117\">1310 nm VS. 1285-1330 nm<\/td>\n<td width=\"86\">dB\/km<\/td>\n<td width=\"80\">\u2264 0,04<\/td>\n<td width=\"69\">\u2264 0,04<\/td>\n<td width=\"74\">\u2264 0,05<\/td>\n<td width=\"77\">\u2264 0,03<\/td>\n<\/tr>\n<tr>\n<td width=\"117\">1550 nm VS. 1525\u20131575 nm<\/td>\n<td width=\"86\">dB\/km<\/td>\n<td width=\"80\">\u2264 0,03<\/td>\n<td width=\"69\">\u2264 0,03<\/td>\n<td width=\"74\">\u2264 0,04<\/td>\n<td width=\"77\">\u2264 0,02<\/td>\n<\/tr>\n<tr>\n<td width=\"117\">1550 nm VS. 1480-1580 nm<\/td>\n<td width=\"86\">dB\/km<\/td>\n<td width=\"80\">\u2264 0,04<\/td>\n<td width=\"69\">\u2013<\/td>\n<td width=\"74\">\u2013<\/td>\n<td width=\"77\">\u2013<\/td>\n<\/tr>\n<tr>\n<td width=\"188\">Nulldispersionswellenl\u00e4nge<\/td>\n<td rowspan=\"2\" width=\"117\">\u2013<\/td>\n<td width=\"86\">nm<\/td>\n<td width=\"80\">1300-1324<\/td>\n<td width=\"69\">1300-1324<\/td>\n<td width=\"74\">1300-1324<\/td>\n<td width=\"77\">1300-1324<\/td>\n<\/tr>\n<tr>\n<td width=\"188\">Nulldispersionssteigung<\/td>\n<td width=\"86\">ps\/(nm<sup>2<\/sup>\u00b7km)<\/td>\n<td width=\"80\">0.073-0.092<\/td>\n<td width=\"69\">0.073-0.092<\/td>\n<td width=\"74\">0.073-0.092<\/td>\n<td width=\"77\">\u2264 0,092<\/td>\n<\/tr>\n<tr>\n<td rowspan=\"2\" width=\"188\">Streuung<\/td>\n<td width=\"117\">1550 nm<\/td>\n<td width=\"86\">ps\/(nm\u00b7km)<\/td>\n<td width=\"80\">13.3-18.6<\/td>\n<td width=\"69\">13.3-18.6<\/td>\n<td width=\"74\">13.3-18.6<\/td>\n<td width=\"77\">&nbsp;<\/td>\n<\/tr>\n<tr>\n<td width=\"117\">1625 nm<\/td>\n<td width=\"86\">ps\/(nm\u00b7km)<\/td>\n<td width=\"80\">17.2-23.7<\/td>\n<td width=\"69\">17.2-23.7<\/td>\n<td width=\"74\">17.2-23.7<\/td>\n<td width=\"77\">&nbsp;<\/td>\n<\/tr>\n<tr>\n<td colspan=\"2\" width=\"305\">Polarisationsmodendispersion (PMD)<\/td>\n<td width=\"86\">ps\/\u221akm<\/td>\n<td width=\"80\">\u22640,2<\/td>\n<td width=\"69\">\u22640,2<\/td>\n<td width=\"74\">\u22640,2<\/td>\n<td width=\"77\">\u22640,2<\/td>\n<\/tr>\n<tr>\n<td width=\"188\">Grenzwellenl\u00e4nge \u03bbcc<\/td>\n<td width=\"117\">\u2013<\/td>\n<td width=\"86\">nm<\/td>\n<td width=\"80\">\u22641260<\/td>\n<td width=\"69\">\u22641260<\/td>\n<td width=\"74\">\u22641260<\/td>\n<td width=\"77\">\u22641260<\/td>\n<\/tr>\n<tr>\n<td rowspan=\"2\" width=\"188\">Modenfelddurchmesser (MFD)<\/td>\n<td width=\"117\">1310 nm<\/td>\n<td width=\"86\">\u03bcm<\/td>\n<td width=\"80\">9,2 \u00b1 0,4<\/td>\n<td width=\"69\">9,2 \u00b1 0,4<\/td>\n<td width=\"74\">8,6 \u00b1 0,4<\/td>\n<td width=\"77\">8,6 \u00b1 0,4<\/td>\n<\/tr>\n<tr>\n<td width=\"117\">1550 nm<\/td>\n<td width=\"86\">\u03bcm<\/td>\n<td width=\"80\">10,4 \u00b1 0,5<\/td>\n<td width=\"69\">10,4 \u00b1 0,5<\/td>\n<td width=\"74\">9,6 \u00b1 0,5<\/td>\n<td width=\"77\">9,6 \u00b1 0,5<\/td>\n<\/tr>\n<tr>\n<td rowspan=\"2\" width=\"188\">D\u00e4mpfungsdiskontinuit\u00e4t<\/td>\n<td width=\"117\">1310 nm<\/td>\n<td width=\"86\">dB<\/td>\n<td width=\"80\">\u22640,03<\/td>\n<td width=\"69\">\u22640,03<\/td>\n<td width=\"74\">\u22640,03<\/td>\n<td width=\"77\">\u22640,03<\/td>\n<\/tr>\n<tr>\n<td width=\"117\">1550 nm<\/td>\n<td width=\"86\">dB<\/td>\n<td width=\"80\">\u22640,03<\/td>\n<td width=\"69\">\u22640,03<\/td>\n<td width=\"74\">\u22640,03<\/td>\n<td width=\"77\">\u22640,03<\/td>\n<\/tr>\n<tr>\n<td rowspan=\"2\" width=\"188\">Bidirektionale D\u00e4mpfung<\/td>\n<td width=\"117\">1310 nm<\/td>\n<td width=\"86\">dB\/km<\/td>\n<td width=\"80\">\u22640,04<\/td>\n<td width=\"69\">&nbsp;<\/td>\n<td width=\"74\">&nbsp;<\/td>\n<td width=\"77\">\u22640,05<\/td>\n<\/tr>\n<tr>\n<td width=\"117\">1550 nm<\/td>\n<td width=\"86\">dB\/km<\/td>\n<td width=\"80\">\u22640,04<\/td>\n<td width=\"69\">&nbsp;<\/td>\n<td width=\"74\">&nbsp;<\/td>\n<td width=\"77\">\u22640,05<\/td>\n<\/tr>\n<tr>\n<td colspan=\"3\" width=\"392\"><strong><b>Geometrisch<\/b><\/strong><\/td>\n<td colspan=\"4\" width=\"301\">&nbsp;<\/td>\n<\/tr>\n<tr>\n<td colspan=\"2\" width=\"305\">Manteldurchmesser<\/td>\n<td width=\"86\">\u03bcm<\/td>\n<td width=\"80\">125\u00b10,7<\/td>\n<td width=\"69\">125\u00b10,7<\/td>\n<td width=\"74\">125\u00b10,7<\/td>\n<td width=\"77\">125\u00b10,7<\/td>\n<\/tr>\n<tr>\n<td colspan=\"2\" width=\"305\">Unrundheit der Verkleidung<\/td>\n<td width=\"86\">%<\/td>\n<td width=\"80\">\u22641,0<\/td>\n<td width=\"69\">\u22641,0<\/td>\n<td width=\"74\">\u22640,8<\/td>\n<td width=\"77\">\u22640,7<\/td>\n<\/tr>\n<tr>\n<td colspan=\"2\" width=\"305\">Kern-\/Mantel-Konzentrizit\u00e4tsfehler<\/td>\n<td width=\"86\">\u03bcm<\/td>\n<td width=\"80\">\u22640,6<\/td>\n<td width=\"69\">\u22640,5<\/td>\n<td width=\"74\">\u22640,5<\/td>\n<td width=\"77\">\u22640,5<\/td>\n<\/tr>\n<tr>\n<td colspan=\"2\" rowspan=\"2\" width=\"305\">Beschichtungsdurchmesser (ungef\u00e4rbt)<\/td>\n<td width=\"86\">\u03bcm<\/td>\n<td colspan=\"4\" width=\"301\">242\u00b17 (Standard)<\/td>\n<\/tr>\n<tr>\n<td width=\"86\">\u03bcm<\/td>\n<td colspan=\"4\" width=\"301\">200\u00b110 (optional)<\/td>\n<\/tr>\n<tr>\n<td colspan=\"2\" width=\"305\">Konzentrizit\u00e4tsfehler der Beschichtung\/Verkleidung<\/td>\n<td width=\"86\">\u03bcm<\/td>\n<td width=\"80\">\u226412<\/td>\n<td width=\"69\">\u226412<\/td>\n<td width=\"74\">\u226412<\/td>\n<td width=\"77\">\u226412<\/td>\n<\/tr>\n<tr>\n<td colspan=\"2\" width=\"305\">Locken<\/td>\n<td width=\"86\">m<\/td>\n<td width=\"80\">\u22654<\/td>\n<td width=\"69\">\u22654<\/td>\n<td width=\"74\">\u22654<\/td>\n<td width=\"77\">\u22654<\/td>\n<\/tr>\n<tr>\n<td colspan=\"3\" width=\"392\"><strong><b>Umwelt (1550 nm, 1625 nm)<\/b><\/strong><\/td>\n<td colspan=\"4\" width=\"301\">&nbsp;<\/td>\n<\/tr>\n<tr>\n<td width=\"188\">Temperaturwechsel<\/td>\n<td width=\"117\">-60\u2103 bis +85\u2103<\/td>\n<td width=\"86\">dB\/km<\/td>\n<td width=\"80\">\u22640,03<\/td>\n<td width=\"69\">\u22640,05<\/td>\n<td width=\"74\">\u22640,05<\/td>\n<td width=\"77\">\u22640,05<\/td>\n<\/tr>\n<tr>\n<td width=\"188\">Hohe Temperatur &amp;<\/p>\n<p>Hohe Luftfeuchtigkeit<\/td>\n<td width=\"117\">85\u2103, 85% RH, 30 Tage<\/td>\n<td width=\"86\">dB\/km<\/td>\n<td width=\"80\">\u22640,03<\/td>\n<td width=\"69\">\u22640,05<\/td>\n<td width=\"74\">\u22640,05<\/td>\n<td width=\"77\">\u22640,05<\/td>\n<\/tr>\n<tr>\n<td width=\"188\">Eintauchen in Wasser<\/td>\n<td width=\"117\">23\u2103, 30 Tage<\/td>\n<td width=\"86\">dB\/km<\/td>\n<td width=\"80\">\u22640,03<\/td>\n<td width=\"69\">\u22640,05<\/td>\n<td width=\"74\">\u22640,05<\/td>\n<td width=\"77\">\u22640,05<\/td>\n<\/tr>\n<tr>\n<td width=\"188\">Hochtemperaturalterung<\/td>\n<td width=\"117\">85\u2103, 30 Tage<\/td>\n<td width=\"86\">dB\/km<\/td>\n<td width=\"80\">\u22640,03<\/td>\n<td width=\"69\">\u22640,05<\/td>\n<td width=\"74\">\u22640,05<\/td>\n<td width=\"77\">\u22640,05<\/td>\n<\/tr>\n<\/tbody>\n<\/table>\n<p><strong><b>\u00a0<\/b><\/strong><\/p>\n<p><strong><b>Technische Parameter der optischen Faser-MM<\/b><\/strong><\/p>\n<table>\n<tbody>\n<tr>\n<td rowspan=\"2\" width=\"203\"><strong><b>Funktionen<\/b><\/strong><\/td>\n<td rowspan=\"2\" width=\"92\"><strong><b>Bedingungen<\/b><\/strong><\/td>\n<td rowspan=\"2\" width=\"59\"><strong><b>Einheit<\/b><\/strong><\/td>\n<td colspan=\"5\" width=\"345\"><strong><b>Wert<\/b><\/strong><\/td>\n<\/tr>\n<tr>\n<td width=\"87\"><strong><b>OM1<\/b><\/strong><\/td>\n<td width=\"91\"><strong><b>OM2<\/b><\/strong><\/td>\n<td width=\"57\"><strong><b>OM2+<\/b><\/strong><\/td>\n<td width=\"53\"><strong><b>OM3<\/b><\/strong><\/td>\n<td width=\"54\"><strong><b>OM4<\/b><\/strong><\/td>\n<\/tr>\n<tr>\n<td colspan=\"8\" width=\"700\"><strong><b>Optisch <\/b><\/strong><strong><b>Eigenschaften<\/b><\/strong><\/td>\n<\/tr>\n<tr>\n<td rowspan=\"2\" width=\"203\">D\u00e4mpfung<\/td>\n<td width=\"92\">850 nm<\/td>\n<td width=\"59\">dB\/km<\/td>\n<td width=\"87\">\u22642,70~\u22643,00<\/td>\n<td width=\"91\">\u22642,50<\/td>\n<td width=\"57\">\u22642,50<\/td>\n<td width=\"53\">\u22642,50<\/td>\n<td width=\"54\">\u22642,50<\/td>\n<\/tr>\n<tr>\n<td width=\"92\">1300 nm<\/td>\n<td width=\"59\">dB\/km<\/td>\n<td width=\"87\">\u22640,60~\u22641,00<\/td>\n<td width=\"91\">\u22640,70<\/td>\n<td width=\"57\">\u22640,70<\/td>\n<td width=\"53\">\u22640,70<\/td>\n<td width=\"54\">\u22640,70<\/td>\n<\/tr>\n<tr>\n<td rowspan=\"2\" width=\"203\">Minimale modale Bandbreite<\/td>\n<td width=\"92\">850 nm<\/td>\n<td width=\"59\">MHz.km<\/td>\n<td width=\"87\">\u2265200~\u2265100<\/td>\n<td width=\"91\">\u2265500~\u2265200<\/td>\n<td width=\"57\">\u2013<\/td>\n<td width=\"53\">\u2013<\/td>\n<td width=\"54\">\u2013<\/td>\n<\/tr>\n<tr>\n<td width=\"92\">1300 nm<\/td>\n<td width=\"59\">MHz.km<\/td>\n<td width=\"87\">\u2265600~\u2265160<\/td>\n<td width=\"91\">\u22651200~\u2265400<\/td>\n<td width=\"57\">\u2013<\/td>\n<td width=\"53\">\u2013<\/td>\n<td width=\"54\">\u2013<\/td>\n<\/tr>\n<tr>\n<td rowspan=\"2\" width=\"203\">\u00dcberf\u00fcllte Startbandbreite<\/td>\n<td width=\"92\">850 nm<\/td>\n<td width=\"59\">MHz.km<\/td>\n<td width=\"87\">\u2013<\/td>\n<td width=\"91\">\u2013<\/td>\n<td width=\"57\">\u2265700<\/td>\n<td width=\"53\">\u22651500<\/td>\n<td width=\"54\">\u22653500<\/td>\n<\/tr>\n<tr>\n<td width=\"92\">1300 nm<\/td>\n<td width=\"59\">MHz.km<\/td>\n<td width=\"87\">\u2013<\/td>\n<td width=\"91\">\u2013<\/td>\n<td width=\"57\">\u2265500<\/td>\n<td width=\"53\">\u2265500<\/td>\n<td width=\"54\">\u2265500<\/td>\n<\/tr>\n<tr>\n<td width=\"203\">Effektive modale Bandbreite<\/td>\n<td width=\"92\">850 nm<\/td>\n<td width=\"59\">MHz.km<\/td>\n<td width=\"87\">\u2013<\/td>\n<td width=\"91\">\u2013<\/td>\n<td width=\"57\">\u2265950<\/td>\n<td width=\"53\">\u22652000<\/td>\n<td width=\"54\">\u22654700<\/td>\n<\/tr>\n<tr>\n<td width=\"203\">Numerische Apertur<\/td>\n<td width=\"92\">&nbsp;<\/td>\n<td width=\"59\">&nbsp;<\/td>\n<td width=\"87\">0,275 \u00b1 0,015<\/td>\n<td colspan=\"4\" width=\"257\">0.18~0.215<\/td>\n<\/tr>\n<tr>\n<td width=\"203\">10 Gbit\/s Ethernet-Verbindungsl\u00e4nge<\/td>\n<td width=\"92\">&nbsp;<\/td>\n<td width=\"59\">M<\/td>\n<td width=\"87\">\u2013<\/td>\n<td width=\"91\">\u2013<\/td>\n<td width=\"57\">150<\/td>\n<td width=\"53\">300<\/td>\n<td width=\"54\">550<\/td>\n<\/tr>\n<tr>\n<td colspan=\"8\" width=\"700\"><strong><b>R\u00fcckstreueigenschaften (1300 nm)<\/b><\/strong><\/td>\n<\/tr>\n<tr>\n<td colspan=\"2\" width=\"296\">Unregelm\u00e4\u00dfigkeiten \u00fcber die Faserl\u00e4nge und Punktdiskontinuit\u00e4t<\/td>\n<td width=\"59\">dB<\/td>\n<td colspan=\"5\" width=\"345\">\u22640,1<\/td>\n<\/tr>\n<tr>\n<td colspan=\"2\" width=\"296\">Gleichm\u00e4\u00dfige D\u00e4mpfung<\/td>\n<td width=\"59\">dB<\/td>\n<td colspan=\"5\" width=\"345\">\u22640,1<\/td>\n<\/tr>\n<tr>\n<td colspan=\"2\" width=\"296\">Schritt (Mittelwert der bidirektionalen Messung)<\/td>\n<td width=\"59\">dB\/km<\/td>\n<td colspan=\"5\" width=\"345\">\u22640,1<\/td>\n<\/tr>\n<tr>\n<td colspan=\"8\" width=\"700\"><strong><b>Geometrie <\/b><\/strong><strong><b>Eigenschaften<\/b><\/strong><\/td>\n<\/tr>\n<tr>\n<td colspan=\"2\" width=\"296\">Kerndurchmesser<\/td>\n<td width=\"59\">\u03bcm<\/td>\n<td width=\"87\">62,5\u00b12,5<\/td>\n<td colspan=\"4\" width=\"257\">50\u00b12,5<\/td>\n<\/tr>\n<tr>\n<td colspan=\"2\" width=\"296\">Kernunrundheit<\/td>\n<td width=\"59\">%<\/td>\n<td colspan=\"5\" width=\"345\">\u22645,0<\/td>\n<\/tr>\n<tr>\n<td colspan=\"2\" width=\"296\">Manteldurchmesser<\/td>\n<td width=\"59\">\u03bcm<\/td>\n<td colspan=\"5\" width=\"345\">124,3 \u00b1 0,7<\/td>\n<\/tr>\n<tr>\n<td colspan=\"2\" width=\"296\">Unrundheit der Verkleidung<\/td>\n<td width=\"59\">%<\/td>\n<td colspan=\"5\" width=\"345\">\u22642,0<\/td>\n<\/tr>\n<tr>\n<td colspan=\"2\" width=\"296\">Kern-\/Mantel-Konzentrizit\u00e4tsfehler<\/td>\n<td width=\"59\">\u03bcm<\/td>\n<td colspan=\"5\" width=\"345\">\u22641,5<\/td>\n<\/tr>\n<tr>\n<td colspan=\"2\" width=\"296\">Beschichtungsdurchmesser<\/td>\n<td width=\"59\">\u03bcm<\/td>\n<td colspan=\"5\" width=\"345\">245\u00b110<\/td>\n<\/tr>\n<tr>\n<td colspan=\"2\" width=\"296\">Konzentrizit\u00e4tsfehler bei Beschichtung\/Verkleidung<\/td>\n<td width=\"59\">\u03bcm<\/td>\n<td colspan=\"5\" width=\"345\">\u226412,0<\/td>\n<\/tr>\n<tr>\n<td colspan=\"2\" width=\"296\">Lieferl\u00e4nge<\/td>\n<td width=\"59\">km\/Rolle<\/td>\n<td colspan=\"5\" width=\"345\">\uff5e16,8<\/td>\n<\/tr>\n<tr>\n<td colspan=\"8\" width=\"700\"><strong><b>Umwelteigenschaften (850 nm und 1300 nm)<\/b><\/strong><\/td>\n<\/tr>\n<tr>\n<td width=\"203\">Temperaturabh\u00e4ngigkeit verursachte D\u00e4mpfung<\/td>\n<td width=\"92\">-60\u2103~+85\u2103<\/td>\n<td width=\"59\">dB\/km<\/td>\n<td colspan=\"5\" width=\"345\">\u22640,10<\/td>\n<\/tr>\n<tr>\n<td width=\"203\">Temperatur-Feuchtigkeit            abgeleitete D\u00e4mpfung<\/td>\n<td width=\"92\">-10\u2103~+85\u2103,98%RH<\/td>\n<td width=\"59\">dB\/km<\/td>\n<td colspan=\"5\" width=\"345\">\u22640,10<\/td>\n<\/tr>\n<tr>\n<td width=\"203\">Wasserabh\u00e4ngigkeit    induzierte D\u00e4mpfung<\/td>\n<td width=\"92\">23\u2103\u00b12\u2103,30 Tage<\/td>\n<td width=\"59\">dB\/km<\/td>\n<td colspan=\"5\" width=\"345\">\u22640,10<\/td>\n<\/tr>\n<tr>\n<td width=\"203\">Feuchte W\u00e4rmeabh\u00e4ngigkeit   induzierte D\u00e4mpfung<\/td>\n<td width=\"92\">85\u2103\u00b12\u2103und85%RH,30 Tage<\/td>\n<td width=\"59\">dB\/km<\/td>\n<td colspan=\"5\" width=\"345\">\u22640,10<\/td>\n<\/tr>\n<tr>\n<td width=\"203\">Trockene Hitzealterung<\/td>\n<td width=\"92\">85\u2103\u00b12\u2103<\/td>\n<td width=\"59\">dB\/km<\/td>\n<td colspan=\"5\" width=\"345\">\u22640,10<\/td>\n<\/tr>\n<\/tbody>\n<\/table>\n<p>&nbsp;<\/p>\n<p><strong><b>Anwendung\u00a0<\/b><\/strong><\/p>\n<p>Wird in Pigtails und Patchkabeln verwendet<\/p>\n<p>Wird als Verbindungsleitung f\u00fcr Ger\u00e4te und f\u00fcr optische Verbindungen in optischen Kommunikationsr\u00e4umen und optischen Verteilerrahmen verwendet<\/p>","protected":false},"excerpt":{"rendered":"<p>Glasfaserverteilungskabel, auch B\u00fcndel-Fanout-Glasfaserkabel genannt. Im 24F Unit-Tube Distribution Cable-Fanout 0,9-mm-Kabel von OMC sind 24 St\u00fcck farbcodiertes 900-um-Singlemode-\/Multimode-Subkabel als optisches Kommunikationsmedium enthalten, wobei die dichte Pufferfaser mit einer Schicht Aramidgarn als Festigkeitstr\u00e4gereinheiten umwickelt ist. Dann bedeckte ein LSZH- oder PVC- oder OFNR- oder OFNP-Mantelmantel das Aramid [\u2026]<\/p>","protected":false},"featured_media":11552,"comment_status":"closed","ping_status":"closed","template":"","meta":{"site-sidebar-layout":"default","site-content-layout":"","ast-site-content-layout":"default","site-content-style":"default","site-sidebar-style":"default","ast-global-header-display":"","ast-banner-title-visibility":"","ast-main-header-display":"","ast-hfb-above-header-display":"","ast-hfb-below-header-display":"","ast-hfb-mobile-header-display":"","site-post-title":"","ast-breadcrumbs-content":"","ast-featured-img":"","footer-sml-layout":"","theme-transparent-header-meta":"default","adv-header-id-meta":"","stick-header-meta":"default","header-above-stick-meta":"","header-main-stick-meta":"","header-below-stick-meta":"","astra-migrate-meta-layouts":"set","ast-page-background-enabled":"default","ast-page-background-meta":{"desktop":{"background-color":"var(--ast-global-color-4)","background-image":"","background-repeat":"repeat","background-position":"center center","background-size":"auto","background-attachment":"scroll","background-type":"","background-media":"","overlay-type":"","overlay-color":"","overlay-gradient":""},"tablet":{"background-color":"","background-image":"","background-repeat":"repeat","background-position":"center center","background-size":"auto","background-attachment":"scroll","background-type":"","background-media":"","overlay-type":"","overlay-color":"","overlay-gradient":""},"mobile":{"background-color":"","background-image":"","background-repeat":"repeat","background-position":"center center","background-size":"auto","background-attachment":"scroll","background-type":"","background-media":"","overlay-type":"","overlay-color":"","overlay-gradient":""}},"ast-content-background-meta":{"desktop":{"background-color":"var(--ast-global-color-5)","background-image":"","background-repeat":"repeat","background-position":"center center","background-size":"auto","background-attachment":"scroll","background-type":"","background-media":"","overlay-type":"","overlay-color":"","overlay-gradient":""},"tablet":{"background-color":"var(--ast-global-color-5)","background-image":"","background-repeat":"repeat","background-position":"center center","background-size":"auto","background-attachment":"scroll","background-type":"","background-media":"","overlay-type":"","overlay-color":"","overlay-gradient":""},"mobile":{"background-color":"var(--ast-global-color-5)","background-image":"","background-repeat":"repeat","background-position":"center center","background-size":"auto","background-attachment":"scroll","background-type":"","background-media":"","overlay-type":"","overlay-color":"","overlay-gradient":""}}},"product_cat":[154,128],"product_tag":[],"class_list":{"0":"post-11549","1":"product","2":"type-product","3":"status-publish","4":"has-post-thumbnail","6":"product_cat-distribution-cable","7":"product_cat-indoor-cable","8":"desktop-align-left","9":"tablet-align-left","10":"mobile-align-left","11":"ast-product-gallery-layout-horizontal-slider","12":"ast-product-tabs-layout-horizontal","14":"first","15":"instock","16":"shipping-taxable","17":"product-type-simple"},"acf":[],"_links":{"self":[{"href":"https:\/\/www.omccable.com\/de\/wp-json\/wp\/v2\/product\/11549","targetHints":{"allow":["GET"]}}],"collection":[{"href":"https:\/\/www.omccable.com\/de\/wp-json\/wp\/v2\/product"}],"about":[{"href":"https:\/\/www.omccable.com\/de\/wp-json\/wp\/v2\/types\/product"}],"replies":[{"embeddable":true,"href":"https:\/\/www.omccable.com\/de\/wp-json\/wp\/v2\/comments?post=11549"}],"version-history":[{"count":1,"href":"https:\/\/www.omccable.com\/de\/wp-json\/wp\/v2\/product\/11549\/revisions"}],"predecessor-version":[{"id":11554,"href":"https:\/\/www.omccable.com\/de\/wp-json\/wp\/v2\/product\/11549\/revisions\/11554"}],"wp:featuredmedia":[{"embeddable":true,"href":"https:\/\/www.omccable.com\/de\/wp-json\/wp\/v2\/media\/11552"}],"wp:attachment":[{"href":"https:\/\/www.omccable.com\/de\/wp-json\/wp\/v2\/media?parent=11549"}],"wp:term":[{"taxonomy":"product_cat","embeddable":true,"href":"https:\/\/www.omccable.com\/de\/wp-json\/wp\/v2\/product_cat?post=11549"},{"taxonomy":"product_tag","embeddable":true,"href":"https:\/\/www.omccable.com\/de\/wp-json\/wp\/v2\/product_tag?post=11549"}],"curies":[{"name":"wp","href":"https:\/\/api.w.org\/{rel}","templated":true}]}}