{"id":11492,"date":"2024-07-22T09:42:06","date_gmt":"2024-07-22T01:42:06","guid":{"rendered":"https:\/\/www.omccable.com\/?post_type=product&#038;p=11492"},"modified":"2024-07-22T09:42:07","modified_gmt":"2024-07-22T01:42:07","slug":"2-0mm-unit-tube-duplex-cable","status":"publish","type":"product","link":"https:\/\/www.omccable.com\/de\/produkt\/2-0mm-unit-tube-duplex-cable\/","title":{"rendered":"2,0-mm-Einheitsrohr-Duplexkabel"},"content":{"rendered":"<p><strong><b>2,0-mm-Einheitsrohr-Duplexkabel<\/b><\/strong>\u00a0Als optisches Kommunikationsmedium wird eine flammhemmende 600-um-Pufferfaser verwendet. Die dichte Pufferfaser ist mit einer Schicht aus Aramidgarn oder Polyestergarn als Festigkeitstr\u00e4gereinheiten umwickelt. Diese Einheit wird mit einer Schicht aus PVC-, OFNR-, OFNP-, LSZH-, LSOH- und TPU-Material als Au\u00dfenmantel extrudiert.<\/p>\n<p>&nbsp;<\/p>\n<p><strong><b>F<\/b><\/strong><strong><b>Essen:<\/b><\/strong><\/p>\n<p>Feste Pufferfaser und lose Pufferfaser, leicht zu abisolieren<\/p>\n<p>Hervorragende Flammschutzleistung<\/p>\n<p>Aramidgarn als Festigkeitstr\u00e4ger verleiht dem Kabel eine hervorragende Zugfestigkeit<\/p>\n<p>F\u00fchren Sie eine strenge Prozess- und Rohstoffkontrolle durch, um eine Lebensdauer von 15 Jahren zu gew\u00e4hrleisten<\/p>\n<p>Die Jacke ist korrosionsbest\u00e4ndig, wasserabweisend, UV-best\u00e4ndig, flammhemmend und unsch\u00e4dlich f\u00fcr die Umwelt<\/p>\n<p>&nbsp;<\/p>\n<p><strong><b>Kabel<\/b><\/strong><strong><b>\u00a0Strukturparameter<\/b><\/strong><\/p>\n<table>\n<tbody>\n<tr>\n<td width=\"150\"><strong><b>Fasertyp<\/b><\/strong><\/td>\n<td width=\"512\">G652D,G655,G657A1,G657A2,G657B3,OM1,OM2,OM3,OM4,OM5<\/td>\n<\/tr>\n<tr>\n<td width=\"150\"><strong><b>F<\/b><\/strong><strong><b>iber Farbe<\/b><\/strong><\/td>\n<td width=\"512\">nat\u00fcrlich<\/td>\n<\/tr>\n<tr>\n<td width=\"150\"><strong><b>T<\/b><\/strong><strong><b>Lichtpuffer OD<\/b><\/strong><\/td>\n<td width=\"512\">0,6 \u00b1 0,05<\/td>\n<\/tr>\n<tr>\n<td width=\"150\"><strong><b>T<\/b><\/strong><strong><b>Lichtpuffer Material<\/b><\/strong><\/td>\n<td width=\"512\">LSZH oder PVC<\/td>\n<\/tr>\n<tr>\n<td width=\"150\"><strong><b>T<\/b><\/strong><strong><b>Lichtpufferfarbe<\/b><\/strong><\/td>\n<td width=\"512\">Gelb;Wei\u00df<\/td>\n<\/tr>\n<tr>\n<td width=\"150\"><strong><b>OD optional<\/b><\/strong><\/td>\n<td width=\"512\">2,0 mm<\/td>\n<\/tr>\n<tr>\n<td width=\"150\"><strong><b>Beschichtungsmaterial<\/b><\/strong><\/td>\n<td width=\"512\">PVC, OFNR, OFNP, LSZH, LSOH, TPU<\/td>\n<\/tr>\n<tr>\n<td width=\"150\"><strong><b>St\u00e4rke<\/b><\/strong><strong><b>\u00a0Mitglied<\/b><\/strong><\/td>\n<td width=\"512\">Aramidgarn oder Polyestergarn<\/td>\n<\/tr>\n<tr>\n<td width=\"150\"><strong><b>Kabel <\/b><\/strong><strong><b>Gewicht<\/b><\/strong><\/td>\n<td width=\"512\">3,5 kg<\/td>\n<\/tr>\n<\/tbody>\n<\/table>\n<p><strong><b>\u00a0<\/b><\/strong><\/p>\n<p><strong><b>Mechanische und Umweltleistung<\/b><\/strong><\/p>\n<table>\n<tbody>\n<tr>\n<td width=\"157\"><strong><b>Artikel<\/b><\/strong><\/td>\n<td width=\"229\"><strong><b>Inhalt<\/b><\/strong><\/td>\n<td width=\"277\"><strong><b>Wert<\/b><\/strong><\/td>\n<\/tr>\n<tr>\n<td width=\"157\">Kabel-Au\u00dfendurchmesser<\/td>\n<td width=\"229\">(mm)<\/td>\n<td width=\"277\">2,0 mm<\/td>\n<\/tr>\n<tr>\n<td width=\"157\">Maximale Spannung<\/td>\n<td width=\"229\">(Langfristig\/Kurzfristig N)<\/td>\n<td width=\"277\">50\/100<\/td>\n<\/tr>\n<tr>\n<td width=\"157\">Maximaler Bruchwiderstand<\/td>\n<td width=\"229\">(Langfristig\/Kurzfristig (N\/100))<\/td>\n<td width=\"277\">100\/200<\/td>\n<\/tr>\n<tr>\n<td rowspan=\"2\" width=\"157\">Min. Biegeradius<\/td>\n<td width=\"229\">Installation<\/td>\n<td width=\"277\">20 x Kabeldurchmesser<\/td>\n<\/tr>\n<tr>\n<td width=\"229\">Betrieb<\/td>\n<td width=\"277\">10 x Kabeldurchmesser<\/td>\n<\/tr>\n<tr>\n<td rowspan=\"3\" width=\"157\">Temperaturbereich<\/td>\n<td width=\"229\">Betrieb<\/td>\n<td width=\"277\">-40\u2103 ~ +70\u2103<\/td>\n<\/tr>\n<tr>\n<td width=\"229\">Installation<\/td>\n<td width=\"277\">-20\u2103 ~ +60\u2103<\/td>\n<\/tr>\n<tr>\n<td width=\"229\">Lagerung\/Transport<\/td>\n<td width=\"277\">-40\u2103 ~ +70\u2103<\/td>\n<\/tr>\n<\/tbody>\n<\/table>\n<p>&nbsp;<\/p>\n<p><strong><b>Flammhemmende Leistung<\/b><\/strong><\/p>\n<table>\n<tbody>\n<tr>\n<td width=\"160\"><strong><b>Kabel<\/b><\/strong><strong><b>\u00a0Material<\/b><\/strong><\/td>\n<td width=\"504\"><strong><b>Standard<\/b><\/strong><\/td>\n<\/tr>\n<tr>\n<td width=\"160\">LSZH<\/td>\n<td width=\"504\">CPR: Bca, Cca, Dca, Eca oder IEC60332-1, IEC 60332-3 je nach Kundenwunsch<\/td>\n<\/tr>\n<tr>\n<td width=\"160\">PVC<\/td>\n<td width=\"504\">UL-94V0<\/td>\n<\/tr>\n<\/tbody>\n<\/table>\n<p>&nbsp;<\/p>\n<p><strong><b>Kabelfarbe<\/b><\/strong><\/p>\n<table>\n<tbody>\n<tr>\n<td width=\"105\"><strong><b>Fasermodus<\/b><\/strong><\/td>\n<td width=\"102\">SM<\/td>\n<td width=\"94\">SM<\/td>\n<td width=\"94\">SM<\/td>\n<td width=\"85\">SM<\/td>\n<td width=\"103\">OM2<\/td>\n<td width=\"75\">OM3<\/td>\n<\/tr>\n<tr>\n<td width=\"105\"><strong><b>Farbe<\/b><\/strong><\/td>\n<td width=\"102\">Gelb<\/td>\n<td width=\"94\">Blau<\/td>\n<td width=\"94\">White<\/td>\n<td width=\"85\">Elfenbein<\/td>\n<td width=\"103\">Orange<\/td>\n<td width=\"75\">Aqua<\/td>\n<\/tr>\n<tr>\n<td width=\"105\"><strong><b>Fasermodus<\/b><\/strong><\/td>\n<td width=\"102\">OM4<\/td>\n<td width=\"94\">OM4<\/td>\n<td width=\"94\">OM4<\/td>\n<td width=\"85\">OM4<\/td>\n<td width=\"103\">OM5<\/td>\n<td width=\"75\">OM1<\/td>\n<\/tr>\n<tr>\n<td width=\"105\"><strong><b>Farbe<\/b><\/strong><\/td>\n<td width=\"102\">Magenta<\/td>\n<td width=\"94\">Lila<\/td>\n<td width=\"94\">Aqua<\/td>\n<td width=\"85\">Violett<\/td>\n<td width=\"103\">Zitronengr\u00fcn<\/td>\n<td width=\"75\">Orange<\/td>\n<\/tr>\n<\/tbody>\n<\/table>\n<p>&nbsp;<\/p>\n<p><strong><b>Technische Parameter der optischen Faser-SM<\/b><\/strong><\/p>\n<table>\n<tbody>\n<tr>\n<td rowspan=\"2\" width=\"188\"><strong><b>Parameter<\/b><\/strong><\/td>\n<td rowspan=\"2\" width=\"117\"><strong><b>Bedingungen<\/b><\/strong><\/td>\n<td rowspan=\"2\" width=\"86\"><strong><b>Einheiten<\/b><\/strong><\/td>\n<td colspan=\"4\" width=\"301\"><strong><b>Wert<\/b><\/strong><\/td>\n<\/tr>\n<tr>\n<td width=\"80\"><strong><b>G652D<\/b><\/strong><\/td>\n<td width=\"69\"><strong><b>G657A1<\/b><\/strong><\/td>\n<td width=\"74\"><strong><b>G657A2<\/b><\/strong><\/td>\n<td width=\"77\"><strong><b>G657B3<\/b><\/strong><\/td>\n<\/tr>\n<tr>\n<td colspan=\"3\" width=\"392\"><strong><b>Optische Spezifikation<\/b><\/strong><\/td>\n<td colspan=\"4\" width=\"301\">&nbsp;<\/td>\n<\/tr>\n<tr>\n<td rowspan=\"6\" width=\"188\">D\u00e4mpfung<\/td>\n<td width=\"117\">850 nm<\/td>\n<td width=\"86\">dB\/km<\/td>\n<td width=\"80\">\u2013<\/td>\n<td width=\"69\">\u2013<\/td>\n<td width=\"74\">\u2013<\/td>\n<td width=\"77\">\u2013<\/td>\n<\/tr>\n<tr>\n<td width=\"117\">1300 nm<\/td>\n<td width=\"86\">dB\/km<\/td>\n<td width=\"80\">\u2013<\/td>\n<td width=\"69\">\u2013<\/td>\n<td width=\"74\">\u2013<\/td>\n<td width=\"77\">\u2013<\/td>\n<\/tr>\n<tr>\n<td width=\"117\">1310 nm<\/td>\n<td width=\"86\">dB\/km<\/td>\n<td width=\"80\">\u2264 0,350<\/td>\n<td width=\"69\">\u2264 0,350<\/td>\n<td width=\"74\">\u2264 0,350<\/td>\n<td width=\"77\">\u2264 0,350<\/td>\n<\/tr>\n<tr>\n<td width=\"117\">1383 nm<\/td>\n<td width=\"86\">dB\/km<\/td>\n<td width=\"80\">\u2264 0,330<\/td>\n<td width=\"69\">\u2264 0,350<\/td>\n<td width=\"74\">\u2264 0,350<\/td>\n<td width=\"77\">\u2264 0,350<\/td>\n<\/tr>\n<tr>\n<td width=\"117\">1550 nm<\/td>\n<td width=\"86\">dB\/km<\/td>\n<td width=\"80\">\u2264 0,210<\/td>\n<td width=\"69\">\u2264 0,210<\/td>\n<td width=\"74\">\u2264 0,210<\/td>\n<td width=\"77\">\u2264 0,210<\/td>\n<\/tr>\n<tr>\n<td width=\"117\">1625 nm<\/td>\n<td width=\"86\">dB\/km<\/td>\n<td width=\"80\">\u2264 0,240<\/td>\n<td width=\"69\">\u2264 0,230<\/td>\n<td width=\"74\">\u2264 0,230<\/td>\n<td width=\"77\">\u2264 0,230<\/td>\n<\/tr>\n<tr>\n<td rowspan=\"3\" width=\"188\">D\u00e4mpfung vs. Wellenl\u00e4nge<\/td>\n<td width=\"117\">1310 nm VS. 1285-1330 nm<\/td>\n<td width=\"86\">dB\/km<\/td>\n<td width=\"80\">\u2264 0,04<\/td>\n<td width=\"69\">\u2264 0,04<\/td>\n<td width=\"74\">\u2264 0,05<\/td>\n<td width=\"77\">\u2264 0,03<\/td>\n<\/tr>\n<tr>\n<td width=\"117\">1550 nm VS. 1525\u20131575 nm<\/td>\n<td width=\"86\">dB\/km<\/td>\n<td width=\"80\">\u2264 0,03<\/td>\n<td width=\"69\">\u2264 0,03<\/td>\n<td width=\"74\">\u2264 0,04<\/td>\n<td width=\"77\">\u2264 0,02<\/td>\n<\/tr>\n<tr>\n<td width=\"117\">1550 nm VS. 1480-1580 nm<\/td>\n<td width=\"86\">dB\/km<\/td>\n<td width=\"80\">\u2264 0,04<\/td>\n<td width=\"69\">\u2013<\/td>\n<td width=\"74\">\u2013<\/td>\n<td width=\"77\">\u2013<\/td>\n<\/tr>\n<tr>\n<td width=\"188\">Nulldispersionswellenl\u00e4nge<\/td>\n<td rowspan=\"2\" width=\"117\">\u2013<\/td>\n<td width=\"86\">nm<\/td>\n<td width=\"80\">1300-1324<\/td>\n<td width=\"69\">1300-1324<\/td>\n<td width=\"74\">1300-1324<\/td>\n<td width=\"77\">1300-1324<\/td>\n<\/tr>\n<tr>\n<td width=\"188\">Nulldispersionssteigung<\/td>\n<td width=\"86\">ps\/(nm<sup>2<\/sup>\u00b7km)<\/td>\n<td width=\"80\">0.073-0.092<\/td>\n<td width=\"69\">0.073-0.092<\/td>\n<td width=\"74\">0.073-0.092<\/td>\n<td width=\"77\">\u2264 0,092<\/td>\n<\/tr>\n<tr>\n<td rowspan=\"2\" width=\"188\">Streuung<\/td>\n<td width=\"117\">1550 nm<\/td>\n<td width=\"86\">ps\/(nm\u00b7km)<\/td>\n<td width=\"80\">13.3-18.6<\/td>\n<td width=\"69\">13.3-18.6<\/td>\n<td width=\"74\">13.3-18.6<\/td>\n<td width=\"77\">&nbsp;<\/td>\n<\/tr>\n<tr>\n<td width=\"117\">1625 nm<\/td>\n<td width=\"86\">ps\/(nm\u00b7km)<\/td>\n<td width=\"80\">17.2-23.7<\/td>\n<td width=\"69\">17.2-23.7<\/td>\n<td width=\"74\">17.2-23.7<\/td>\n<td width=\"77\">&nbsp;<\/td>\n<\/tr>\n<tr>\n<td colspan=\"2\" width=\"305\">Polarisationsmodendispersion (PMD)<\/td>\n<td width=\"86\">ps\/\u221akm<\/td>\n<td width=\"80\">\u22640,2<\/td>\n<td width=\"69\">\u22640,2<\/td>\n<td width=\"74\">\u22640,2<\/td>\n<td width=\"77\">\u22640,2<\/td>\n<\/tr>\n<tr>\n<td width=\"188\">Grenzwellenl\u00e4nge \u03bbcc<\/td>\n<td width=\"117\">\u2013<\/td>\n<td width=\"86\">nm<\/td>\n<td width=\"80\">\u22641260<\/td>\n<td width=\"69\">\u22641260<\/td>\n<td width=\"74\">\u22641260<\/td>\n<td width=\"77\">\u22641260<\/td>\n<\/tr>\n<tr>\n<td rowspan=\"2\" width=\"188\">Modenfelddurchmesser (MFD)<\/td>\n<td width=\"117\">1310 nm<\/td>\n<td width=\"86\">\u03bcm<\/td>\n<td width=\"80\">9,2 \u00b1 0,4<\/td>\n<td width=\"69\">9,2 \u00b1 0,4<\/td>\n<td width=\"74\">8,6 \u00b1 0,4<\/td>\n<td width=\"77\">8,6 \u00b1 0,4<\/td>\n<\/tr>\n<tr>\n<td width=\"117\">1550 nm<\/td>\n<td width=\"86\">\u03bcm<\/td>\n<td width=\"80\">10,4 \u00b1 0,5<\/td>\n<td width=\"69\">10,4 \u00b1 0,5<\/td>\n<td width=\"74\">9,6 \u00b1 0,5<\/td>\n<td width=\"77\">9,6 \u00b1 0,5<\/td>\n<\/tr>\n<tr>\n<td rowspan=\"2\" width=\"188\">D\u00e4mpfungsdiskontinuit\u00e4t<\/td>\n<td width=\"117\">1310 nm<\/td>\n<td width=\"86\">dB<\/td>\n<td width=\"80\">\u22640,03<\/td>\n<td width=\"69\">\u22640,03<\/td>\n<td width=\"74\">\u22640,03<\/td>\n<td width=\"77\">\u22640,03<\/td>\n<\/tr>\n<tr>\n<td width=\"117\">1550 nm<\/td>\n<td width=\"86\">dB<\/td>\n<td width=\"80\">\u22640,03<\/td>\n<td width=\"69\">\u22640,03<\/td>\n<td width=\"74\">\u22640,03<\/td>\n<td width=\"77\">\u22640,03<\/td>\n<\/tr>\n<tr>\n<td rowspan=\"2\" width=\"188\">Bidirektionale D\u00e4mpfung<\/td>\n<td width=\"117\">1310 nm<\/td>\n<td width=\"86\">dB\/km<\/td>\n<td width=\"80\">\u22640,04<\/td>\n<td width=\"69\">&nbsp;<\/td>\n<td width=\"74\">&nbsp;<\/td>\n<td width=\"77\">\u22640,05<\/td>\n<\/tr>\n<tr>\n<td width=\"117\">1550 nm<\/td>\n<td width=\"86\">dB\/km<\/td>\n<td width=\"80\">\u22640,04<\/td>\n<td width=\"69\">&nbsp;<\/td>\n<td width=\"74\">&nbsp;<\/td>\n<td width=\"77\">\u22640,05<\/td>\n<\/tr>\n<tr>\n<td colspan=\"3\" width=\"392\"><strong><b>Geometrisch<\/b><\/strong><\/td>\n<td colspan=\"4\" width=\"301\">&nbsp;<\/td>\n<\/tr>\n<tr>\n<td colspan=\"2\" width=\"305\">Manteldurchmesser<\/td>\n<td width=\"86\">\u03bcm<\/td>\n<td width=\"80\">125\u00b10,7<\/td>\n<td width=\"69\">125\u00b10,7<\/td>\n<td width=\"74\">125\u00b10,7<\/td>\n<td width=\"77\">125\u00b10,7<\/td>\n<\/tr>\n<tr>\n<td colspan=\"2\" width=\"305\">Unrundheit der Verkleidung<\/td>\n<td width=\"86\">%<\/td>\n<td width=\"80\">\u22641,0<\/td>\n<td width=\"69\">\u22641,0<\/td>\n<td width=\"74\">\u22640,8<\/td>\n<td width=\"77\">\u22640,7<\/td>\n<\/tr>\n<tr>\n<td colspan=\"2\" width=\"305\">Kern-\/Mantel-Konzentrizit\u00e4tsfehler<\/td>\n<td width=\"86\">\u03bcm<\/td>\n<td width=\"80\">\u22640,6<\/td>\n<td width=\"69\">\u22640,5<\/td>\n<td width=\"74\">\u22640,5<\/td>\n<td width=\"77\">\u22640,5<\/td>\n<\/tr>\n<tr>\n<td colspan=\"2\" rowspan=\"2\" width=\"305\">Beschichtungsdurchmesser (ungef\u00e4rbt)<\/td>\n<td width=\"86\">\u03bcm<\/td>\n<td colspan=\"4\" width=\"301\">242\u00b17 (Standard)<\/td>\n<\/tr>\n<tr>\n<td width=\"86\">\u03bcm<\/td>\n<td colspan=\"4\" width=\"301\">200\u00b110 (optional)<\/td>\n<\/tr>\n<tr>\n<td colspan=\"2\" width=\"305\">Konzentrizit\u00e4tsfehler der Beschichtung\/Verkleidung<\/td>\n<td width=\"86\">\u03bcm<\/td>\n<td width=\"80\">\u226412<\/td>\n<td width=\"69\">\u226412<\/td>\n<td width=\"74\">\u226412<\/td>\n<td width=\"77\">\u226412<\/td>\n<\/tr>\n<tr>\n<td colspan=\"2\" width=\"305\">Locken<\/td>\n<td width=\"86\">m<\/td>\n<td width=\"80\">\u22654<\/td>\n<td width=\"69\">\u22654<\/td>\n<td width=\"74\">\u22654<\/td>\n<td width=\"77\">\u22654<\/td>\n<\/tr>\n<tr>\n<td colspan=\"3\" width=\"392\"><strong><b>Umwelt (1550 nm, 1625 nm)<\/b><\/strong><\/td>\n<td colspan=\"4\" width=\"301\">&nbsp;<\/td>\n<\/tr>\n<tr>\n<td width=\"188\">Temperaturwechsel<\/td>\n<td width=\"117\">-60\u2103 bis +85\u2103<\/td>\n<td width=\"86\">dB\/km<\/td>\n<td width=\"80\">\u22640,03<\/td>\n<td width=\"69\">\u22640,05<\/td>\n<td width=\"74\">\u22640,05<\/td>\n<td width=\"77\">\u22640,05<\/td>\n<\/tr>\n<tr>\n<td width=\"188\">Hohe Temperatur &amp;<\/p>\n<p>Hohe Luftfeuchtigkeit<\/td>\n<td width=\"117\">85\u2103, 85% RH, 30 Tage<\/td>\n<td width=\"86\">dB\/km<\/td>\n<td width=\"80\">\u22640,03<\/td>\n<td width=\"69\">\u22640,05<\/td>\n<td width=\"74\">\u22640,05<\/td>\n<td width=\"77\">\u22640,05<\/td>\n<\/tr>\n<tr>\n<td width=\"188\">Eintauchen in Wasser<\/td>\n<td width=\"117\">23\u2103, 30 Tage<\/td>\n<td width=\"86\">dB\/km<\/td>\n<td width=\"80\">\u22640,03<\/td>\n<td width=\"69\">\u22640,05<\/td>\n<td width=\"74\">\u22640,05<\/td>\n<td width=\"77\">\u22640,05<\/td>\n<\/tr>\n<tr>\n<td width=\"188\">Hochtemperaturalterung<\/td>\n<td width=\"117\">85\u2103, 30 Tage<\/td>\n<td width=\"86\">dB\/km<\/td>\n<td width=\"80\">\u22640,03<\/td>\n<td width=\"69\">\u22640,05<\/td>\n<td width=\"74\">\u22640,05<\/td>\n<td width=\"77\">\u22640,05<\/td>\n<\/tr>\n<\/tbody>\n<\/table>\n<p><strong><b>\u00a0<\/b><\/strong><\/p>\n<p><strong><b>Technische Parameter der optischen Faser-MM<\/b><\/strong><\/p>\n<table>\n<tbody>\n<tr>\n<td rowspan=\"2\" width=\"203\"><strong><b>Funktionen<\/b><\/strong><\/td>\n<td rowspan=\"2\" width=\"92\"><strong><b>Bedingungen<\/b><\/strong><\/td>\n<td rowspan=\"2\" width=\"59\"><strong><b>Einheit<\/b><\/strong><\/td>\n<td colspan=\"5\" width=\"345\"><strong><b>Wert<\/b><\/strong><\/td>\n<\/tr>\n<tr>\n<td width=\"87\"><strong><b>OM1<\/b><\/strong><\/td>\n<td width=\"91\"><strong><b>OM2<\/b><\/strong><\/td>\n<td width=\"57\"><strong><b>OM2+<\/b><\/strong><\/td>\n<td width=\"53\"><strong><b>OM3<\/b><\/strong><\/td>\n<td width=\"54\"><strong><b>OM4<\/b><\/strong><\/td>\n<\/tr>\n<tr>\n<td colspan=\"8\" width=\"700\"><strong><b>Optisch <\/b><\/strong><strong><b>Eigenschaften<\/b><\/strong><\/td>\n<\/tr>\n<tr>\n<td rowspan=\"2\" width=\"203\">D\u00e4mpfung<\/td>\n<td width=\"92\">850 nm<\/td>\n<td width=\"59\">dB\/km<\/td>\n<td width=\"87\">\u22642,70~\u22643,00<\/td>\n<td width=\"91\">\u22642,50<\/td>\n<td width=\"57\">\u22642,50<\/td>\n<td width=\"53\">\u22642,50<\/td>\n<td width=\"54\">\u22642,50<\/td>\n<\/tr>\n<tr>\n<td width=\"92\">1300 nm<\/td>\n<td width=\"59\">dB\/km<\/td>\n<td width=\"87\">\u22640,60~\u22641,00<\/td>\n<td width=\"91\">\u22640,70<\/td>\n<td width=\"57\">\u22640,70<\/td>\n<td width=\"53\">\u22640,70<\/td>\n<td width=\"54\">\u22640,70<\/td>\n<\/tr>\n<tr>\n<td rowspan=\"2\" width=\"203\">Minimale modale Bandbreite<\/td>\n<td width=\"92\">850 nm<\/td>\n<td width=\"59\">MHz.km<\/td>\n<td width=\"87\">\u2265200~\u2265100<\/td>\n<td width=\"91\">\u2265500~\u2265200<\/td>\n<td width=\"57\">\u2013<\/td>\n<td width=\"53\">\u2013<\/td>\n<td width=\"54\">\u2013<\/td>\n<\/tr>\n<tr>\n<td width=\"92\">1300 nm<\/td>\n<td width=\"59\">MHz.km<\/td>\n<td width=\"87\">\u2265600~\u2265160<\/td>\n<td width=\"91\">\u22651200~\u2265400<\/td>\n<td width=\"57\">\u2013<\/td>\n<td width=\"53\">\u2013<\/td>\n<td width=\"54\">\u2013<\/td>\n<\/tr>\n<tr>\n<td rowspan=\"2\" width=\"203\">\u00dcberf\u00fcllte Startbandbreite<\/td>\n<td width=\"92\">850 nm<\/td>\n<td width=\"59\">MHz.km<\/td>\n<td width=\"87\">\u2013<\/td>\n<td width=\"91\">\u2013<\/td>\n<td width=\"57\">\u2265700<\/td>\n<td width=\"53\">\u22651500<\/td>\n<td width=\"54\">\u22653500<\/td>\n<\/tr>\n<tr>\n<td width=\"92\">1300 nm<\/td>\n<td width=\"59\">MHz.km<\/td>\n<td width=\"87\">\u2013<\/td>\n<td width=\"91\">\u2013<\/td>\n<td width=\"57\">\u2265500<\/td>\n<td width=\"53\">\u2265500<\/td>\n<td width=\"54\">\u2265500<\/td>\n<\/tr>\n<tr>\n<td width=\"203\">Effektive modale Bandbreite<\/td>\n<td width=\"92\">850 nm<\/td>\n<td width=\"59\">MHz.km<\/td>\n<td width=\"87\">\u2013<\/td>\n<td width=\"91\">\u2013<\/td>\n<td width=\"57\">\u2265950<\/td>\n<td width=\"53\">\u22652000<\/td>\n<td width=\"54\">\u22654700<\/td>\n<\/tr>\n<tr>\n<td width=\"203\">Numerische Apertur<\/td>\n<td width=\"92\">&nbsp;<\/td>\n<td width=\"59\">&nbsp;<\/td>\n<td width=\"87\">0,275 \u00b1 0,015<\/td>\n<td colspan=\"4\" width=\"257\">0.18~0.215<\/td>\n<\/tr>\n<tr>\n<td width=\"203\">10 Gbit\/s Ethernet-Verbindungsl\u00e4nge<\/td>\n<td width=\"92\">&nbsp;<\/td>\n<td width=\"59\">M<\/td>\n<td width=\"87\">\u2013<\/td>\n<td width=\"91\">\u2013<\/td>\n<td width=\"57\">150<\/td>\n<td width=\"53\">300<\/td>\n<td width=\"54\">550<\/td>\n<\/tr>\n<tr>\n<td colspan=\"8\" width=\"700\"><strong><b>R\u00fcckstreueigenschaften (1300 nm)<\/b><\/strong><\/td>\n<\/tr>\n<tr>\n<td colspan=\"2\" width=\"296\">Unregelm\u00e4\u00dfigkeiten \u00fcber die Faserl\u00e4nge und Punktdiskontinuit\u00e4t<\/td>\n<td width=\"59\">dB<\/td>\n<td colspan=\"5\" width=\"345\">\u22640,1<\/td>\n<\/tr>\n<tr>\n<td colspan=\"2\" width=\"296\">Gleichm\u00e4\u00dfige D\u00e4mpfung<\/td>\n<td width=\"59\">dB<\/td>\n<td colspan=\"5\" width=\"345\">\u22640,1<\/td>\n<\/tr>\n<tr>\n<td colspan=\"2\" width=\"296\">Schritt (Mittelwert der bidirektionalen Messung)<\/td>\n<td width=\"59\">dB\/km<\/td>\n<td colspan=\"5\" width=\"345\">\u22640,1<\/td>\n<\/tr>\n<tr>\n<td colspan=\"8\" width=\"700\"><strong><b>Geometrie <\/b><\/strong><strong><b>Eigenschaften<\/b><\/strong><\/td>\n<\/tr>\n<tr>\n<td colspan=\"2\" width=\"296\">Kerndurchmesser<\/td>\n<td width=\"59\">\u03bcm<\/td>\n<td width=\"87\">62,5\u00b12,5<\/td>\n<td colspan=\"4\" width=\"257\">50\u00b12,5<\/td>\n<\/tr>\n<tr>\n<td colspan=\"2\" width=\"296\">Kernunrundheit<\/td>\n<td width=\"59\">%<\/td>\n<td colspan=\"5\" width=\"345\">\u22645,0<\/td>\n<\/tr>\n<tr>\n<td colspan=\"2\" width=\"296\">Manteldurchmesser<\/td>\n<td width=\"59\">\u03bcm<\/td>\n<td colspan=\"5\" width=\"345\">124,3 \u00b1 0,7<\/td>\n<\/tr>\n<tr>\n<td colspan=\"2\" width=\"296\">Unrundheit der Verkleidung<\/td>\n<td width=\"59\">%<\/td>\n<td colspan=\"5\" width=\"345\">\u22642,0<\/td>\n<\/tr>\n<tr>\n<td colspan=\"2\" width=\"296\">Kern-\/Mantel-Konzentrizit\u00e4tsfehler<\/td>\n<td width=\"59\">\u03bcm<\/td>\n<td colspan=\"5\" width=\"345\">\u22641,5<\/td>\n<\/tr>\n<tr>\n<td colspan=\"2\" width=\"296\">Beschichtungsdurchmesser<\/td>\n<td width=\"59\">\u03bcm<\/td>\n<td colspan=\"5\" width=\"345\">245\u00b110<\/td>\n<\/tr>\n<tr>\n<td colspan=\"2\" width=\"296\">Konzentrizit\u00e4tsfehler bei Beschichtung\/Verkleidung<\/td>\n<td width=\"59\">\u03bcm<\/td>\n<td colspan=\"5\" width=\"345\">\u226412,0<\/td>\n<\/tr>\n<tr>\n<td colspan=\"2\" width=\"296\">Lieferl\u00e4nge<\/td>\n<td width=\"59\">km\/Rolle<\/td>\n<td colspan=\"5\" width=\"345\">\uff5e16,8<\/td>\n<\/tr>\n<tr>\n<td colspan=\"8\" width=\"700\"><strong><b>Umwelteigenschaften (850 nm und 1300 nm)<\/b><\/strong><\/td>\n<\/tr>\n<tr>\n<td width=\"203\">Temperaturabh\u00e4ngigkeit verursachte D\u00e4mpfung<\/td>\n<td width=\"92\">-60\u2103~+85\u2103<\/td>\n<td width=\"59\">dB\/km<\/td>\n<td colspan=\"5\" width=\"345\">\u22640,10<\/td>\n<\/tr>\n<tr>\n<td width=\"203\">Temperatur-Feuchtigkeit            abgeleitete D\u00e4mpfung<\/td>\n<td width=\"92\">-10\u2103~+85\u2103,98%RH<\/td>\n<td width=\"59\">dB\/km<\/td>\n<td colspan=\"5\" width=\"345\">\u22640,10<\/td>\n<\/tr>\n<tr>\n<td width=\"203\">Wasserabh\u00e4ngigkeit    induzierte D\u00e4mpfung<\/td>\n<td width=\"92\">23\u2103\u00b12\u2103,30 Tage<\/td>\n<td width=\"59\">dB\/km<\/td>\n<td colspan=\"5\" width=\"345\">\u22640,10<\/td>\n<\/tr>\n<tr>\n<td width=\"203\">Feuchte W\u00e4rmeabh\u00e4ngigkeit   induzierte D\u00e4mpfung<\/td>\n<td width=\"92\">85\u2103\u00b12\u2103und85%RH,30 Tage<\/td>\n<td width=\"59\">dB\/km<\/td>\n<td colspan=\"5\" width=\"345\">\u22640,10<\/td>\n<\/tr>\n<tr>\n<td width=\"203\">Trockene Hitzealterung<\/td>\n<td width=\"92\">85\u2103\u00b12\u2103<\/td>\n<td width=\"59\">dB\/km<\/td>\n<td colspan=\"5\" width=\"345\">\u22640,10<\/td>\n<\/tr>\n<\/tbody>\n<\/table>\n<p>&nbsp;<\/p>\n<p><strong>Anwendung<\/strong><\/p>\n<p>Wird in Pigtails und Patchkabeln verwendet<\/p>\n<p>Wird als Verbindungsleitung f\u00fcr Ger\u00e4te und f\u00fcr optische Verbindungen in optischen Kommunikationsr\u00e4umen und optischen Verteilerrahmen verwendet<\/p>","protected":false},"excerpt":{"rendered":"<p>2,0-mm-Einheitsrohr-Duplexkabel verwenden flammhemmende 600-um-dichte Pufferfasern als optisches Kommunikationsmedium. Die festen Pufferfasern sind mit einer Schicht aus Aramidgarn oder Polyestergarn als Festigkeitstr\u00e4gereinheiten umwickelt. Diese Einheit ist mit einer Schicht aus PVC-, OFNR-, OFNP-, LSZH-, LSOH- und TPU-Material als Au\u00dfenmantel extrudiert.   Merkmale: Feste Pufferfaser und lose Pufferfaser, leicht abziehbar. Hervorragende flammhemmende Leistung [\u2026]<\/p>","protected":false},"featured_media":11494,"comment_status":"closed","ping_status":"closed","template":"","meta":{"site-sidebar-layout":"default","site-content-layout":"","ast-site-content-layout":"default","site-content-style":"default","site-sidebar-style":"default","ast-global-header-display":"","ast-banner-title-visibility":"","ast-main-header-display":"","ast-hfb-above-header-display":"","ast-hfb-below-header-display":"","ast-hfb-mobile-header-display":"","site-post-title":"","ast-breadcrumbs-content":"","ast-featured-img":"","footer-sml-layout":"","theme-transparent-header-meta":"default","adv-header-id-meta":"","stick-header-meta":"default","header-above-stick-meta":"","header-main-stick-meta":"","header-below-stick-meta":"","astra-migrate-meta-layouts":"set","ast-page-background-enabled":"default","ast-page-background-meta":{"desktop":{"background-color":"var(--ast-global-color-4)","background-image":"","background-repeat":"repeat","background-position":"center center","background-size":"auto","background-attachment":"scroll","background-type":"","background-media":"","overlay-type":"","overlay-color":"","overlay-gradient":""},"tablet":{"background-color":"","background-image":"","background-repeat":"repeat","background-position":"center center","background-size":"auto","background-attachment":"scroll","background-type":"","background-media":"","overlay-type":"","overlay-color":"","overlay-gradient":""},"mobile":{"background-color":"","background-image":"","background-repeat":"repeat","background-position":"center center","background-size":"auto","background-attachment":"scroll","background-type":"","background-media":"","overlay-type":"","overlay-color":"","overlay-gradient":""}},"ast-content-background-meta":{"desktop":{"background-color":"var(--ast-global-color-5)","background-image":"","background-repeat":"repeat","background-position":"center center","background-size":"auto","background-attachment":"scroll","background-type":"","background-media":"","overlay-type":"","overlay-color":"","overlay-gradient":""},"tablet":{"background-color":"var(--ast-global-color-5)","background-image":"","background-repeat":"repeat","background-position":"center center","background-size":"auto","background-attachment":"scroll","background-type":"","background-media":"","overlay-type":"","overlay-color":"","overlay-gradient":""},"mobile":{"background-color":"var(--ast-global-color-5)","background-image":"","background-repeat":"repeat","background-position":"center center","background-size":"auto","background-attachment":"scroll","background-type":"","background-media":"","overlay-type":"","overlay-color":"","overlay-gradient":""}}},"product_cat":[153,128],"product_tag":[],"class_list":{"0":"post-11492","1":"product","2":"type-product","3":"status-publish","4":"has-post-thumbnail","6":"product_cat-2f-fiber-cable","7":"product_cat-indoor-cable","8":"desktop-align-left","9":"tablet-align-left","10":"mobile-align-left","11":"ast-product-gallery-layout-horizontal-slider","12":"ast-product-tabs-layout-horizontal","14":"first","15":"instock","16":"shipping-taxable","17":"product-type-simple"},"acf":[],"_links":{"self":[{"href":"https:\/\/www.omccable.com\/de\/wp-json\/wp\/v2\/product\/11492","targetHints":{"allow":["GET"]}}],"collection":[{"href":"https:\/\/www.omccable.com\/de\/wp-json\/wp\/v2\/product"}],"about":[{"href":"https:\/\/www.omccable.com\/de\/wp-json\/wp\/v2\/types\/product"}],"replies":[{"embeddable":true,"href":"https:\/\/www.omccable.com\/de\/wp-json\/wp\/v2\/comments?post=11492"}],"version-history":[{"count":1,"href":"https:\/\/www.omccable.com\/de\/wp-json\/wp\/v2\/product\/11492\/revisions"}],"predecessor-version":[{"id":11497,"href":"https:\/\/www.omccable.com\/de\/wp-json\/wp\/v2\/product\/11492\/revisions\/11497"}],"wp:featuredmedia":[{"embeddable":true,"href":"https:\/\/www.omccable.com\/de\/wp-json\/wp\/v2\/media\/11494"}],"wp:attachment":[{"href":"https:\/\/www.omccable.com\/de\/wp-json\/wp\/v2\/media?parent=11492"}],"wp:term":[{"taxonomy":"product_cat","embeddable":true,"href":"https:\/\/www.omccable.com\/de\/wp-json\/wp\/v2\/product_cat?post=11492"},{"taxonomy":"product_tag","embeddable":true,"href":"https:\/\/www.omccable.com\/de\/wp-json\/wp\/v2\/product_tag?post=11492"}],"curies":[{"name":"wp","href":"https:\/\/api.w.org\/{rel}","templated":true}]}}