{"id":11429,"date":"2024-07-08T11:01:07","date_gmt":"2024-07-08T03:01:07","guid":{"rendered":"https:\/\/www.omccable.com\/?post_type=product&#038;p=11429"},"modified":"2024-09-06T09:56:25","modified_gmt":"2024-09-06T01:56:25","slug":"24f-micro-fiber-double-sheath-armored-cable-5-0mm-od-for-mpo","status":"publish","type":"product","link":"https:\/\/www.omccable.com\/de\/produkt\/24f-micro-fiber-double-sheath-armored-cable-5-0mm-od-for-mpo\/","title":{"rendered":"24F Mikrofaser Doppelmantel Panzerkabel 5.0mm OD f\u00fcr MPO"},"content":{"rendered":"<p>Das gepanzerte Kabel ist ein Spezialkabel mit einem Edelstahlrohr im Inneren des Kabels, das den Faserbiss von Ameisen und maus\u00e4hnlichen Nagetieren sch\u00fctzen kann.<\/p>\n<p>Das <strong><b>24F Mikrofaser-Doppelmantel-Panzerkabel 5,0 mm<\/b><\/strong>\u00a0besteht aus 24x 250um blanken Fasern, dann werden diese Fasern von einem inneren PVC\/LSZH-Mantel umh\u00fcllt. Ein gepanzerter flexibler Metallschlauch bedeckte den Innenmantel. Schlie\u00dflich bedeckte ein weiteres Aramidgarn das gepanzerte Rohr und einen Au\u00dfenmantel aus LSZH, PE oder PVC.<\/p>\n<p>Es ist eine ideale Wahl f\u00fcr den direkten Anschluss. Dieses Kabel kann als normales Elektrokabel verwendet werden. Es ist das am einfachsten zu installierende Glasfaserkabel, wenn ein direkter Anschluss von Steckverbindern an Untereinheiten und eine direkte Verbindung zu Schalttafeln und Ger\u00e4ten gew\u00fcnscht wird.<\/p>\n<p>&nbsp;<\/p>\n<p><strong>Eigenschaften:<\/strong><\/p>\n<ul>\n<li>Hohe Zugfestigkeit; Hoher Antidruck<\/li>\n<li>Hohe Biegefestigkeit; Antibiss bei Nagetieren<\/li>\n<li>Edelstahl-Schutzrohr mit kleinem Au\u00dfendurchmesser<\/li>\n<li>Machen Sie sich keine Sorgen \u00fcber Sch\u00e4den im Projekt<\/li>\n<li>Pflegeleicht<\/li>\n<li>Dieses Kabel kann als normales Elektrokabel verwendet werden.<\/li>\n<\/ul>\n<p>&nbsp;<\/p>\n<p><strong>Produktdetails:<\/strong><\/p>\n<table>\n<tbody>\n<tr>\n<td width=\"154\"><strong>Artikel<\/strong><\/td>\n<td width=\"112\"><strong>Inhalt<\/strong><\/td>\n<td width=\"83\"><strong>Einheit<\/strong><\/td>\n<td width=\"335\"><strong>Daten<\/strong><\/td>\n<\/tr>\n<tr>\n<td width=\"154\">Fasertyp<\/td>\n<td width=\"112\">\/<\/td>\n<td width=\"83\">\/<\/td>\n<td width=\"335\">SM G652D;OM2,OM3,OM4<\/td>\n<\/tr>\n<tr>\n<td width=\"154\">Kabeldurchmesser<\/td>\n<td width=\"112\">\u00b10,3<\/td>\n<td width=\"83\">mm<\/td>\n<td width=\"335\">5,0 \u00b1 0,2<\/td>\n<\/tr>\n<tr>\n<td rowspan=\"3\" width=\"154\">Untereinheitskabel<\/td>\n<td width=\"112\">Material<\/td>\n<td width=\"83\">\/<\/td>\n<td width=\"335\">PVC,LSZH (CRP-Zertifizierung)<\/td>\n<\/tr>\n<tr>\n<td width=\"112\">Faseranzahl<\/td>\n<td width=\"83\">24x250um<\/td>\n<td width=\"335\">Blau, Orange, Gr\u00fcn, Braun, Grau, Wei\u00df,<\/p>\n<p>Rot, Schwarz, Gelb, Lila, Rosa, Aquamarin, Blau+, Orange+, Gr\u00fcn+, Braun+, Grau+, Wei\u00df+,<\/p>\n<p>Rot+, Schwarz+, Gelb+, Lila+, Rosa+, Aqua+,<\/td>\n<\/tr>\n<tr>\n<td width=\"112\">Durchmesser<\/td>\n<td width=\"83\">mm<\/td>\n<td width=\"335\">2.0<\/td>\n<\/tr>\n<tr>\n<td rowspan=\"2\" width=\"154\">Gepanzerte Einheit<\/td>\n<td width=\"112\">Material<\/td>\n<td width=\"83\">\/<\/td>\n<td width=\"335\">Spiralrohr aus Edelstahl SUS204<\/td>\n<\/tr>\n<tr>\n<td width=\"112\">Durchmesser<\/td>\n<td width=\"83\">mm<\/td>\n<td width=\"335\">2,8 \u00b1 0,2<\/td>\n<\/tr>\n<tr>\n<td width=\"154\">Kraftmitglied<\/td>\n<td width=\"112\">Material<\/td>\n<td width=\"83\">\/<\/td>\n<td width=\"335\">Aramidgarn<\/td>\n<\/tr>\n<tr>\n<td rowspan=\"2\" width=\"154\">Au\u00dfenmantel<\/td>\n<td width=\"112\">Material<\/td>\n<td width=\"83\">\/<\/td>\n<td width=\"335\">LSZH (CRP-Zertifizierung), PE, PVC, TPU, OFNP<\/td>\n<\/tr>\n<tr>\n<td width=\"112\">Farbe<\/td>\n<td width=\"83\">\/<\/td>\n<td width=\"335\">Blau, Gelb, Schwarz, Orange, Grau, Aqua \u2026\u2026..<\/td>\n<\/tr>\n<tr>\n<td width=\"154\">Kabelgewicht<\/td>\n<td width=\"112\">\u00b15%<\/td>\n<td width=\"83\">kg\/km<\/td>\n<td width=\"335\">46<\/td>\n<\/tr>\n<\/tbody>\n<\/table>\n<p><strong>\u00a0<\/strong><\/p>\n<p><strong><b>Mechanische und Umweltleistung<\/b><\/strong><\/p>\n<table>\n<tbody>\n<tr>\n<td width=\"221\"><strong>Artikel<\/strong><\/td>\n<td width=\"206\"><strong>Inhalt<\/strong><\/td>\n<td width=\"245\"><strong>Wert<\/strong><\/td>\n<\/tr>\n<tr>\n<td rowspan=\"2\" width=\"221\">Max. Zugbelastung<\/td>\n<td width=\"206\">Kurzfristig<\/td>\n<td width=\"245\">600N Faserdehnung\u22640,6%<\/td>\n<\/tr>\n<tr>\n<td width=\"206\">Langfristig<\/td>\n<td width=\"245\">300N<\/td>\n<\/tr>\n<tr>\n<td rowspan=\"2\" width=\"221\">Max. Druckfestigkeit<\/td>\n<td width=\"206\">Kurzfristig<\/td>\n<td width=\"245\">3000 N\/100 mm<\/td>\n<\/tr>\n<tr>\n<td width=\"206\">Langfristig<\/td>\n<td width=\"245\">1500N\/100mm<\/td>\n<\/tr>\n<tr>\n<td rowspan=\"2\" width=\"221\">Min. Biegeradius<\/td>\n<td width=\"206\">Installation<\/td>\n<td width=\"245\">40 x Kabeldurchmesser<\/td>\n<\/tr>\n<tr>\n<td width=\"206\">Betrieb<\/td>\n<td width=\"245\">20 x Kabeldurchmesser<\/td>\n<\/tr>\n<tr>\n<td rowspan=\"3\" width=\"221\">Temperaturbereich<\/td>\n<td width=\"206\">Betrieb<\/td>\n<td width=\"245\">-20\u2103 ~ +70\u2103<\/td>\n<\/tr>\n<tr>\n<td width=\"206\">Installation<\/td>\n<td width=\"245\">-20\u2103 ~ +60\u2103<\/td>\n<\/tr>\n<tr>\n<td width=\"206\">Lagerung\/Transport<\/td>\n<td width=\"245\">-20\u2103 ~ +70\u2103<\/td>\n<\/tr>\n<\/tbody>\n<\/table>\n<p><strong>\u00a0<\/strong><\/p>\n<p><strong><b>Technische Parameter der Glasfaser<\/b><\/strong><\/p>\n<table>\n<tbody>\n<tr>\n<td colspan=\"2\" width=\"254\"><strong>Faserstil<\/strong><\/td>\n<td width=\"94\"><strong>Einheit<\/strong><\/td>\n<td width=\"94\"><strong>SM 9\/125<\/strong><\/td>\n<td width=\"103\"><strong>MM 50\/125<\/strong><\/td>\n<td width=\"139\"><strong>MM 62,5\/125<\/strong><\/td>\n<\/tr>\n<tr>\n<td colspan=\"2\" width=\"254\">Zustand<\/td>\n<td width=\"94\">nm<\/td>\n<td width=\"94\">1310\/1550<\/td>\n<td width=\"103\">850\/1300<\/td>\n<td width=\"139\">850\/1300<\/td>\n<\/tr>\n<tr>\n<td colspan=\"2\" width=\"254\">D\u00e4mpfung<\/td>\n<td width=\"94\">dB\/km<\/td>\n<td width=\"94\">\u22640,34\/0,2<\/td>\n<td width=\"103\">\u22643,0\/1,0<\/td>\n<td width=\"139\">\u22643,0\/1,0<\/td>\n<\/tr>\n<tr>\n<td rowspan=\"2\" width=\"141\">Streuung<\/td>\n<td width=\"113\">1310 nm<\/td>\n<td width=\"94\">Ps\/(nm*km)<\/td>\n<td width=\"94\">\u226418<\/td>\n<td width=\"103\">\u2026..<\/td>\n<td width=\"139\">\u2026..<\/td>\n<\/tr>\n<tr>\n<td width=\"113\">1550 nm<\/td>\n<td width=\"94\">Ps\/(nm*km)<\/td>\n<td width=\"94\">\u226422<\/td>\n<td width=\"103\">\u2026..<\/td>\n<td width=\"139\">\u2026..<\/td>\n<\/tr>\n<tr>\n<td rowspan=\"2\" width=\"141\">Bandbreite<\/td>\n<td width=\"113\">850 nm<\/td>\n<td width=\"94\">MHZ. KM<\/td>\n<td width=\"94\">\u2026..<\/td>\n<td width=\"103\">\u2267400<\/td>\n<td width=\"139\">\u2267160<\/td>\n<\/tr>\n<tr>\n<td width=\"113\">1300 nm<\/td>\n<td width=\"94\">MHZ. KM<\/td>\n<td width=\"94\">\u2026..<\/td>\n<td width=\"103\">\u2267800<\/td>\n<td width=\"139\">\u2267500<\/td>\n<\/tr>\n<tr>\n<td colspan=\"2\" width=\"254\">Wellenl\u00e4nge ohne Dispersion<\/td>\n<td width=\"94\">nm<\/td>\n<td width=\"94\">\u22671302,<\/p>\n<p>\u22641322<\/td>\n<td width=\"103\">\u2026..<\/td>\n<td width=\"139\">\u2026..<\/td>\n<\/tr>\n<tr>\n<td colspan=\"2\" width=\"254\">Nulldispersionssteigung<\/td>\n<td width=\"94\">nm<\/td>\n<td width=\"94\">\u22640,091<\/td>\n<td width=\"103\">\u2026..<\/td>\n<td width=\"139\">\u2026..<\/td>\n<\/tr>\n<tr>\n<td colspan=\"2\" width=\"254\">PMD Maximale Einzelfaser<\/td>\n<td width=\"94\"><\/td>\n<td width=\"94\">\u22640,2<\/td>\n<td width=\"103\">\u2026..<\/td>\n<td width=\"139\">\u2026..<\/td>\n<\/tr>\n<tr>\n<td colspan=\"2\" width=\"254\">PMD-Design-Linkwert<\/td>\n<td width=\"94\">Ps(nm2*km)<\/td>\n<td width=\"94\">\u22640,08<\/td>\n<td width=\"103\">\u2026..<\/td>\n<td width=\"139\">\u2026..<\/td>\n<\/tr>\n<tr>\n<td colspan=\"2\" width=\"254\">Fasergrenzwellenl\u00e4nge \u03bbc<\/td>\n<td width=\"94\">nm<\/td>\n<td width=\"94\">\u22671180,<\/p>\n<p>\u22641330<\/td>\n<td width=\"103\">\u2026..<\/td>\n<td width=\"139\">\u2026..<\/td>\n<\/tr>\n<tr>\n<td colspan=\"2\" width=\"254\">Kabelgrenzwellenl\u00e4nge \u03bbcc<\/td>\n<td width=\"94\">nm<\/td>\n<td width=\"94\">\u22641260<\/td>\n<td width=\"103\">\u2026..<\/td>\n<td width=\"139\">\u2026..<\/td>\n<\/tr>\n<tr>\n<td rowspan=\"2\" width=\"141\">MFD<\/td>\n<td width=\"113\">1310 nm<\/td>\n<td width=\"94\">\u00e4hm<\/td>\n<td width=\"94\">9,2 \u00b1 0,4<\/td>\n<td width=\"103\">\u2026..<\/td>\n<td width=\"139\">\u2026..<\/td>\n<\/tr>\n<tr>\n<td width=\"113\">1550 nm<\/td>\n<td width=\"94\">\u00e4hm<\/td>\n<td width=\"94\">10,4 \u00b1 0,8<\/td>\n<td width=\"103\">\u2026..<\/td>\n<td width=\"139\">\u2026..<\/td>\n<\/tr>\n<tr>\n<td colspan=\"2\" width=\"254\">Numerische Apertur (NA)<\/td>\n<td width=\"94\"><\/td>\n<td width=\"94\">\u2026\u2026<\/td>\n<td width=\"103\">0,200 \u00b1 0,015<\/td>\n<td width=\"139\">0,275 \u00b1 0,015<\/td>\n<\/tr>\n<tr>\n<td colspan=\"2\" width=\"254\">Schritt (Mittelwert der bidirektionalen Messung)<\/td>\n<td width=\"94\">dB<\/td>\n<td width=\"94\">\u22640,05<\/td>\n<td width=\"103\">\u22640,10<\/td>\n<td width=\"139\">\u22640,10<\/td>\n<\/tr>\n<tr>\n<td colspan=\"2\" width=\"254\">Unregelm\u00e4\u00dfigkeiten \u00fcber die Faserl\u00e4nge und Punktdiskontinuit\u00e4t<\/td>\n<td width=\"94\">dB<\/td>\n<td width=\"94\">\u22640,05<\/td>\n<td width=\"103\">\u22640,10<\/td>\n<td width=\"139\">\u22640,10<\/td>\n<\/tr>\n<tr>\n<td colspan=\"2\" width=\"254\">Differenz-R\u00fcckstreukoeffizient<\/td>\n<td width=\"94\">dB\/km<\/td>\n<td width=\"94\">\u22640,03<\/td>\n<td width=\"103\">\u22640,08<\/td>\n<td width=\"139\">\u22640,10<\/td>\n<\/tr>\n<tr>\n<td colspan=\"2\" width=\"254\">Gleichm\u00e4\u00dfige D\u00e4mpfung<\/td>\n<td width=\"94\">dB\/km<\/td>\n<td width=\"94\">\u22640,01<\/td>\n<td width=\"103\">\u2026\u2026.<\/td>\n<td width=\"139\">\u2026\u2026.<\/td>\n<\/tr>\n<tr>\n<td colspan=\"2\" width=\"254\">Kerndurchmesser<\/td>\n<td width=\"94\">\u00e4hm<\/td>\n<td width=\"94\">\u2026\u2026<\/td>\n<td width=\"103\">50\u00b11,0<\/td>\n<td width=\"139\">62,5\u00b12,5<\/td>\n<\/tr>\n<tr>\n<td colspan=\"2\" width=\"254\">Manteldurchmesser<\/td>\n<td width=\"94\">\u00e4hm<\/td>\n<td width=\"94\">125,0 \u00b1 0,1<\/td>\n<td width=\"103\">125,0 \u00b1 0,1<\/td>\n<td width=\"139\">125,0 \u00b1 0,1<\/td>\n<\/tr>\n<tr>\n<td colspan=\"2\" width=\"254\">Unrundheit der Verkleidung<\/td>\n<td width=\"94\">%<\/td>\n<td width=\"94\">\u22641,0<\/td>\n<td width=\"103\">\u22641,0<\/td>\n<td width=\"139\">\u22641,0<\/td>\n<\/tr>\n<tr>\n<td colspan=\"2\" width=\"254\">Beschichtungsdurchmesser<\/td>\n<td width=\"94\">\u00e4hm<\/td>\n<td width=\"94\">242\u00b17<\/td>\n<td width=\"103\">242\u00b17<\/td>\n<td width=\"139\">242\u00b17<\/td>\n<\/tr>\n<tr>\n<td colspan=\"2\" width=\"254\">Beschichtung\/Buchfink konzentrischer Fehler<\/td>\n<td width=\"94\">\u00e4hm<\/td>\n<td width=\"94\">\u226412,0<\/td>\n<td width=\"103\">\u226412,0<\/td>\n<td width=\"139\">\u226412,0<\/td>\n<\/tr>\n<tr>\n<td colspan=\"2\" width=\"254\">Nichtzirkularit\u00e4t der Beschichtung<\/td>\n<td width=\"94\">%<\/td>\n<td width=\"94\">\u22646,0<\/td>\n<td width=\"103\">\u22646,0<\/td>\n<td width=\"139\">\u22646,0<\/td>\n<\/tr>\n<tr>\n<td colspan=\"2\" width=\"254\">Konzentrizit\u00e4tsfehler Kern\/Mantel<\/td>\n<td width=\"94\">\u00e4hm<\/td>\n<td width=\"94\">\u22640,6<\/td>\n<td width=\"103\">\u22641,5<\/td>\n<td width=\"139\">\u22641,5<\/td>\n<\/tr>\n<tr>\n<td colspan=\"2\" width=\"254\">Curl(Radius)<\/td>\n<td width=\"94\">\u00e4hm<\/td>\n<td width=\"94\">\u22644<\/td>\n<td width=\"103\">\u2026..<\/td>\n<td width=\"139\">\u2026..<\/td>\n<\/tr>\n<\/tbody>\n<\/table>\n<p><strong>\u00a0<\/strong><\/p>\n<p><strong>Anwendung:<\/strong><\/p>\n<ul>\n<li>Gepanzerte Patchkabel- und Pigtail-Baugruppen.<\/li>\n<li>Verkabelung auf Boden, Wandecke und Hauptkommunikationsleitung.<\/li>\n<li>Andere ODN, FTTx<\/li>\n<li>Optische Verbindung von optischen Ger\u00e4ten, Instrumenten usw.<\/li>\n<li>Horizontale Innenverkabelung und vertikale Verkabelung innerhalb von Geb\u00e4uden;<\/li>\n<li>Optische Verbindungen wie Fern-, Au\u00dfen-, Geb\u00e4udeverkabelung und optoelektronische Mischentladung f\u00fcr Kabeltrassen<\/li>\n<li>Dieses optische Kabel eignet sich f\u00fcr die Glasfaser-zu-Tisch- und Deckenverkabelung unter Teppichen.<\/li>\n<li>Der minimale Biegeradius ist klein, was f\u00fcr die Gesamtverlegung und Verkabelung von Einheiten mit gro\u00dfer Kapazit\u00e4t und mehreren Clients in Innenr\u00e4umen verwendet werden kann und unabh\u00e4ngig f\u00fcr Verzweigungen verwendet werden kann, was den bequemen Anschluss verschiedener endseitig angeschlossener Ger\u00e4te erm\u00f6glicht<\/li>\n<li>Empfohlen f\u00fcr hochdichte Verkabelungen, bei denen der Installationsraum und die Kr\u00fcmmung gering sind<\/li>\n<\/ul>\n<p><img fetchpriority=\"high\" decoding=\"async\" class=\"alignnone size-full wp-image-11376\" src=\"https:\/\/www.omccable.com\/wp-content\/uploads\/2024\/07\/Indoor-Armored-FO-cable.png\" alt=\"Indoor Armored FO cable\" width=\"1026\" height=\"506\" srcset=\"https:\/\/www.omccable.com\/wp-content\/uploads\/2024\/07\/Indoor-Armored-FO-cable.png 1026w, https:\/\/www.omccable.com\/wp-content\/uploads\/2024\/07\/Indoor-Armored-FO-cable-300x148.png 300w, https:\/\/www.omccable.com\/wp-content\/uploads\/2024\/07\/Indoor-Armored-FO-cable-800x395.png 800w, https:\/\/www.omccable.com\/wp-content\/uploads\/2024\/07\/Indoor-Armored-FO-cable-768x379.png 768w\" sizes=\"(max-width: 1026px) 100vw, 1026px\" \/><\/p>","protected":false},"excerpt":{"rendered":"<p>Das gepanzerte Kabel ist ein Spezialkabel mit einem Edelstahlrohr im Inneren des Kabels, das den Faserbiss von Ameisen und maus\u00e4hnlichen Nagetieren sch\u00fctzen kann. Das 24F-Mikrofaser-Doppelmantel-Panzerkabel 5,0 mm besteht aus 24 x 250 \u00b5m blanken Fasern, die dann von einem inneren PVC\/LSZH-Mantel umh\u00fcllt werden. Ein gepanzerter flexibler Metallschlauch bedeckte den Innenmantel. [\u2026]<\/p>","protected":false},"featured_media":11431,"comment_status":"closed","ping_status":"closed","template":"","meta":{"site-sidebar-layout":"default","site-content-layout":"","ast-site-content-layout":"default","site-content-style":"default","site-sidebar-style":"default","ast-global-header-display":"","ast-banner-title-visibility":"","ast-main-header-display":"","ast-hfb-above-header-display":"","ast-hfb-below-header-display":"","ast-hfb-mobile-header-display":"","site-post-title":"","ast-breadcrumbs-content":"","ast-featured-img":"","footer-sml-layout":"","theme-transparent-header-meta":"default","adv-header-id-meta":"","stick-header-meta":"default","header-above-stick-meta":"","header-main-stick-meta":"","header-below-stick-meta":"","astra-migrate-meta-layouts":"set","ast-page-background-enabled":"default","ast-page-background-meta":{"desktop":{"background-color":"var(--ast-global-color-4)","background-image":"","background-repeat":"repeat","background-position":"center center","background-size":"auto","background-attachment":"scroll","background-type":"","background-media":"","overlay-type":"","overlay-color":"","overlay-gradient":""},"tablet":{"background-color":"","background-image":"","background-repeat":"repeat","background-position":"center center","background-size":"auto","background-attachment":"scroll","background-type":"","background-media":"","overlay-type":"","overlay-color":"","overlay-gradient":""},"mobile":{"background-color":"","background-image":"","background-repeat":"repeat","background-position":"center center","background-size":"auto","background-attachment":"scroll","background-type":"","background-media":"","overlay-type":"","overlay-color":"","overlay-gradient":""}},"ast-content-background-meta":{"desktop":{"background-color":"var(--ast-global-color-5)","background-image":"","background-repeat":"repeat","background-position":"center center","background-size":"auto","background-attachment":"scroll","background-type":"","background-media":"","overlay-type":"","overlay-color":"","overlay-gradient":""},"tablet":{"background-color":"var(--ast-global-color-5)","background-image":"","background-repeat":"repeat","background-position":"center center","background-size":"auto","background-attachment":"scroll","background-type":"","background-media":"","overlay-type":"","overlay-color":"","overlay-gradient":""},"mobile":{"background-color":"var(--ast-global-color-5)","background-image":"","background-repeat":"repeat","background-position":"center center","background-size":"auto","background-attachment":"scroll","background-type":"","background-media":"","overlay-type":"","overlay-color":"","overlay-gradient":""}}},"product_cat":[148,127,168],"product_tag":[],"class_list":{"0":"post-11429","1":"product","2":"type-product","3":"status-publish","4":"has-post-thumbnail","6":"product_cat-armored-microfiber-cable","7":"product_cat-indoor-armored-cable","8":"product_cat-recommended-products","9":"desktop-align-left","10":"tablet-align-left","11":"mobile-align-left","12":"ast-product-gallery-layout-horizontal-slider","13":"ast-product-tabs-layout-horizontal","15":"first","16":"instock","17":"shipping-taxable","18":"product-type-simple"},"acf":[],"_links":{"self":[{"href":"https:\/\/www.omccable.com\/de\/wp-json\/wp\/v2\/product\/11429","targetHints":{"allow":["GET"]}}],"collection":[{"href":"https:\/\/www.omccable.com\/de\/wp-json\/wp\/v2\/product"}],"about":[{"href":"https:\/\/www.omccable.com\/de\/wp-json\/wp\/v2\/types\/product"}],"replies":[{"embeddable":true,"href":"https:\/\/www.omccable.com\/de\/wp-json\/wp\/v2\/comments?post=11429"}],"version-history":[{"count":3,"href":"https:\/\/www.omccable.com\/de\/wp-json\/wp\/v2\/product\/11429\/revisions"}],"predecessor-version":[{"id":12219,"href":"https:\/\/www.omccable.com\/de\/wp-json\/wp\/v2\/product\/11429\/revisions\/12219"}],"wp:featuredmedia":[{"embeddable":true,"href":"https:\/\/www.omccable.com\/de\/wp-json\/wp\/v2\/media\/11431"}],"wp:attachment":[{"href":"https:\/\/www.omccable.com\/de\/wp-json\/wp\/v2\/media?parent=11429"}],"wp:term":[{"taxonomy":"product_cat","embeddable":true,"href":"https:\/\/www.omccable.com\/de\/wp-json\/wp\/v2\/product_cat?post=11429"},{"taxonomy":"product_tag","embeddable":true,"href":"https:\/\/www.omccable.com\/de\/wp-json\/wp\/v2\/product_tag?post=11429"}],"curies":[{"name":"wp","href":"https:\/\/api.w.org\/{rel}","templated":true}]}}