{"id":11416,"date":"2024-07-08T10:51:24","date_gmt":"2024-07-08T02:51:24","guid":{"rendered":"https:\/\/www.omccable.com\/?post_type=product&#038;p=11416"},"modified":"2024-09-05T15:48:06","modified_gmt":"2024-09-05T07:48:06","slug":"12f-micro-fiber-double-sheath-armored-cable-3-0mm-od-for-mpo","status":"publish","type":"product","link":"https:\/\/www.omccable.com\/de\/produkt\/12f-micro-fiber-double-sheath-armored-cable-3-0mm-od-for-mpo\/","title":{"rendered":"12F Mikrofaser-Doppelmantel-Panzerkabel mit 3,0 mm Au\u00dfendurchmesser f\u00fcr MPO"},"content":{"rendered":"<p>Das gepanzerte Kabel ist ein Spezialkabel mit einem Edelstahlrohr im Inneren des Kabels, das den Faserbiss von Ameisen und maus\u00e4hnlichen Nagetieren sch\u00fctzen kann.<\/p>\n<p>Das <strong><b>12F Mikrofaser-Doppelmantel Gepanzertes Kabel mit 3,0 mm Au\u00dfendurchmesser<\/b><\/strong>\u00a0besteht aus 12x 250um blanken Fasern, dann werden diese Fasern von einem inneren PVC\/LSZH-Mantel umh\u00fcllt. Ein gepanzerter flexibler Metallschlauch bedeckte den Innenmantel. Schlie\u00dflich bedeckte ein Aramidgarn das Panzerrohr und einen Au\u00dfenmantel aus LSZH, PE oder PVC.<\/p>\n<p>Es ist eine ideale Wahl f\u00fcr den direkten Anschluss. Dieses Kabel kann als normales Elektrokabel verwendet werden. Es ist das am einfachsten zu installierende Glasfaserkabel, wenn ein direkter Anschluss von Steckverbindern an Untereinheiten und eine direkte Verbindung zu Schalttafeln und Ger\u00e4ten gew\u00fcnscht wird.<\/p>\n<p>&nbsp;<\/p>\n<p><strong>Eigenschaften:<\/strong><\/p>\n<ul>\n<li>Hohe Zugfestigkeit; Hoher Antidruck<\/li>\n<li>Hohe Biegefestigkeit; Antibiss bei Nagetieren<\/li>\n<li>Edelstahl-Schutzrohr mit kleinem Au\u00dfendurchmesser<\/li>\n<li>Machen Sie sich keine Sorgen \u00fcber Sch\u00e4den im Projekt<\/li>\n<li>Pflegeleicht<\/li>\n<li>Dieses Kabel kann als normales Elektrokabel verwendet werden.<\/li>\n<\/ul>\n<p>&nbsp;<\/p>\n<p><strong>Anwendung:<\/strong><\/p>\n<ul>\n<li>Gepanzerte Patchkabel- und Pigtail-Baugruppen.<\/li>\n<li>Verkabelung auf Boden, Wandecke und Hauptkommunikationsleitung.<\/li>\n<li>Andere ODN, FTTx<\/li>\n<li>Optische Verbindung von optischen Ger\u00e4ten, Instrumenten usw.<\/li>\n<li>Horizontale Innenverkabelung und vertikale Verkabelung innerhalb von Geb\u00e4uden;<\/li>\n<li>Optische Verbindungen wie Fern-, Au\u00dfen-, Geb\u00e4udeverkabelung und optoelektronische Mischentladung f\u00fcr Kabeltrassen<\/li>\n<li>Dieses optische Kabel eignet sich f\u00fcr die Glasfaser-zu-Tisch- und Deckenverkabelung unter Teppichen.<\/li>\n<li>Der minimale Biegeradius ist klein, was f\u00fcr die Gesamtverlegung und Verkabelung von Einheiten mit gro\u00dfer Kapazit\u00e4t und mehreren Clients in Innenr\u00e4umen verwendet werden kann und unabh\u00e4ngig f\u00fcr Verzweigungen verwendet werden kann, was den bequemen Anschluss verschiedener endseitig angeschlossener Ger\u00e4te erm\u00f6glicht<\/li>\n<li>Empfohlen f\u00fcr hochdichte Verkabelungen, bei denen der Installationsraum und die Kr\u00fcmmung gering sind<\/li>\n<\/ul>\n<p><img fetchpriority=\"high\" decoding=\"async\" class=\"alignnone size-full wp-image-11376\" src=\"https:\/\/www.omccable.com\/wp-content\/uploads\/2024\/07\/Indoor-Armored-FO-cable.png\" alt=\"Indoor Armored FO cable\" width=\"1026\" height=\"506\" srcset=\"https:\/\/www.omccable.com\/wp-content\/uploads\/2024\/07\/Indoor-Armored-FO-cable.png 1026w, https:\/\/www.omccable.com\/wp-content\/uploads\/2024\/07\/Indoor-Armored-FO-cable-300x148.png 300w, https:\/\/www.omccable.com\/wp-content\/uploads\/2024\/07\/Indoor-Armored-FO-cable-800x395.png 800w, https:\/\/www.omccable.com\/wp-content\/uploads\/2024\/07\/Indoor-Armored-FO-cable-768x379.png 768w\" sizes=\"(max-width: 1026px) 100vw, 1026px\" \/><\/p>","protected":false},"excerpt":{"rendered":"<p>Das gepanzerte Kabel ist ein Spezialkabel mit einem Edelstahlrohr im Inneren des Kabels, das den Faserbiss von Ameisen und maus\u00e4hnlichen Nagetieren sch\u00fctzen kann. Das gepanzerte 12F-Mikrofaser-Doppelmantelkabel mit 3,0 mm Au\u00dfendurchmesser besteht aus 12 x 250 \u00b5m blanken Fasern, die dann von einem inneren PVC\/LSZH-Mantel umh\u00fcllt werden. Ein gepanzerter flexibler Metallschlauch bedeckte das Innere [\u2026]<\/p>","protected":false},"featured_media":11418,"comment_status":"closed","ping_status":"closed","template":"","meta":{"site-sidebar-layout":"default","site-content-layout":"","ast-site-content-layout":"default","site-content-style":"default","site-sidebar-style":"default","ast-global-header-display":"","ast-banner-title-visibility":"","ast-main-header-display":"","ast-hfb-above-header-display":"","ast-hfb-below-header-display":"","ast-hfb-mobile-header-display":"","site-post-title":"","ast-breadcrumbs-content":"","ast-featured-img":"","footer-sml-layout":"","theme-transparent-header-meta":"default","adv-header-id-meta":"","stick-header-meta":"default","header-above-stick-meta":"","header-main-stick-meta":"","header-below-stick-meta":"","astra-migrate-meta-layouts":"set","ast-page-background-enabled":"default","ast-page-background-meta":{"desktop":{"background-color":"var(--ast-global-color-4)","background-image":"","background-repeat":"repeat","background-position":"center center","background-size":"auto","background-attachment":"scroll","background-type":"","background-media":"","overlay-type":"","overlay-color":"","overlay-gradient":""},"tablet":{"background-color":"","background-image":"","background-repeat":"repeat","background-position":"center center","background-size":"auto","background-attachment":"scroll","background-type":"","background-media":"","overlay-type":"","overlay-color":"","overlay-gradient":""},"mobile":{"background-color":"","background-image":"","background-repeat":"repeat","background-position":"center center","background-size":"auto","background-attachment":"scroll","background-type":"","background-media":"","overlay-type":"","overlay-color":"","overlay-gradient":""}},"ast-content-background-meta":{"desktop":{"background-color":"var(--ast-global-color-5)","background-image":"","background-repeat":"repeat","background-position":"center center","background-size":"auto","background-attachment":"scroll","background-type":"","background-media":"","overlay-type":"","overlay-color":"","overlay-gradient":""},"tablet":{"background-color":"var(--ast-global-color-5)","background-image":"","background-repeat":"repeat","background-position":"center center","background-size":"auto","background-attachment":"scroll","background-type":"","background-media":"","overlay-type":"","overlay-color":"","overlay-gradient":""},"mobile":{"background-color":"var(--ast-global-color-5)","background-image":"","background-repeat":"repeat","background-position":"center center","background-size":"auto","background-attachment":"scroll","background-type":"","background-media":"","overlay-type":"","overlay-color":"","overlay-gradient":""}}},"product_cat":[148,127],"product_tag":[],"class_list":{"0":"post-11416","1":"product","2":"type-product","3":"status-publish","4":"has-post-thumbnail","6":"product_cat-armored-microfiber-cable","7":"product_cat-indoor-armored-cable","8":"desktop-align-left","9":"tablet-align-left","10":"mobile-align-left","11":"ast-product-gallery-layout-horizontal-slider","12":"ast-product-tabs-layout-horizontal","14":"first","15":"instock","16":"shipping-taxable","17":"product-type-simple"},"acf":[],"_links":{"self":[{"href":"https:\/\/www.omccable.com\/de\/wp-json\/wp\/v2\/product\/11416","targetHints":{"allow":["GET"]}}],"collection":[{"href":"https:\/\/www.omccable.com\/de\/wp-json\/wp\/v2\/product"}],"about":[{"href":"https:\/\/www.omccable.com\/de\/wp-json\/wp\/v2\/types\/product"}],"replies":[{"embeddable":true,"href":"https:\/\/www.omccable.com\/de\/wp-json\/wp\/v2\/comments?post=11416"}],"version-history":[{"count":1,"href":"https:\/\/www.omccable.com\/de\/wp-json\/wp\/v2\/product\/11416\/revisions"}],"predecessor-version":[{"id":11419,"href":"https:\/\/www.omccable.com\/de\/wp-json\/wp\/v2\/product\/11416\/revisions\/11419"}],"wp:featuredmedia":[{"embeddable":true,"href":"https:\/\/www.omccable.com\/de\/wp-json\/wp\/v2\/media\/11418"}],"wp:attachment":[{"href":"https:\/\/www.omccable.com\/de\/wp-json\/wp\/v2\/media?parent=11416"}],"wp:term":[{"taxonomy":"product_cat","embeddable":true,"href":"https:\/\/www.omccable.com\/de\/wp-json\/wp\/v2\/product_cat?post=11416"},{"taxonomy":"product_tag","embeddable":true,"href":"https:\/\/www.omccable.com\/de\/wp-json\/wp\/v2\/product_tag?post=11416"}],"curies":[{"name":"wp","href":"https:\/\/api.w.org\/{rel}","templated":true}]}}