{"id":11347,"date":"2024-07-05T15:45:22","date_gmt":"2024-07-05T07:45:22","guid":{"rendered":"https:\/\/www.omccable.com\/?post_type=product&#038;p=11347"},"modified":"2024-07-05T15:45:22","modified_gmt":"2024-07-05T07:45:22","slug":"zipcord-duplex-3-0mm-armored-cable-with-metal-braiding","status":"publish","type":"product","link":"https:\/\/www.omccable.com\/de\/produkt\/zipcord-duplex-3-0mm-armored-cable-with-metal-braiding\/","title":{"rendered":"Zipcord Duplex 3,0 mm armiertes Kabel mit Metallgeflecht"},"content":{"rendered":"<p>Das gepanzerte Kabel ist ein Spezialkabel mit einem Edelstahlrohr im Inneren des Kabels, das den Faserbiss von Ameisen und maus\u00e4hnlichen Nagetieren sch\u00fctzen kann.<\/p>\n<p><strong><b>Der Duplex Zip Abb. 8<\/b><\/strong><strong><b>\u00a0<\/b><\/strong><strong><b>Gepanzert<\/b><\/strong><strong><b>\u00a0Kabel<\/b><\/strong>\u00a0<strong><b>zus\u00e4tzliches Metallgeflecht<\/b><\/strong><strong><b>\u00a0<\/b><\/strong>besteht aus 0,6 mm oder 0,9 mm dicken Pufferfasern, einem gepanzerten flexiblen Metallrohr, einer Schicht Aramidgarn, einem Metallgeflecht und einem Au\u00dfenmantel. Es ist eine ideale Wahl f\u00fcr den direkten Anschluss. Es ist das am einfachsten zu installierende Glasfaserkabel, wenn ein direkter Anschluss von Steckverbindern an Untereinheiten und eine direkte Verbindung zu Schalttafeln und Ger\u00e4ten gew\u00fcnscht wird.<\/p>\n<p>Dieses Kabel kann als normales Elektrokabel verwendet werden.<\/p>\n<p>&nbsp;<\/p>\n<p><strong>Eigenschaften:<\/strong><\/p>\n<ul>\n<li>Hohe Zugfestigkeit; Hoher Antidruck<\/li>\n<li>Hohe Biegefestigkeit; Antibiss bei Nagetieren<\/li>\n<li>Edelstahl-Schutzrohr mit kleinem Au\u00dfendurchmesser<\/li>\n<li>Machen Sie sich keine Sorgen \u00fcber Sch\u00e4den im Projekt<\/li>\n<li>Pflegeleicht<\/li>\n<li>Dieses Kabel kann als normales Elektrokabel verwendet werden.<\/li>\n<\/ul>\n<p>&nbsp;<\/p>\n<p><strong>Produktdetails:<\/strong><\/p>\n<table>\n<tbody>\n<tr>\n<td width=\"163\"><strong>Artikel<\/strong><\/td>\n<td width=\"89\"><strong>Inhalt<\/strong><\/td>\n<td width=\"77\"><strong>Einheit<\/strong><\/td>\n<td colspan=\"2\" width=\"356\"><strong>Wert<\/strong><\/td>\n<\/tr>\n<tr>\n<td width=\"163\">Fasertyp<\/td>\n<td width=\"89\">\/<\/td>\n<td width=\"77\">\/<\/td>\n<td colspan=\"2\" width=\"356\">SM G652D;OM2,OM3,OM4<\/td>\n<\/tr>\n<tr>\n<td width=\"163\">Kabeldurchmesser<\/td>\n<td width=\"89\">\u00b10,3<\/td>\n<td width=\"77\">mm<\/td>\n<td width=\"166\">3,00\u00d76,10<\/td>\n<td width=\"189\">3,30\u00d76,7<\/td>\n<\/tr>\n<tr>\n<td rowspan=\"2\" width=\"163\">Enger Puffer<\/td>\n<td width=\"89\">Material<\/td>\n<td width=\"77\">\/<\/td>\n<td colspan=\"2\" width=\"356\">PVC,LSZH<\/td>\n<\/tr>\n<tr>\n<td width=\"89\">Durchmesser<\/td>\n<td width=\"77\">mm<\/td>\n<td width=\"166\">0.6<\/td>\n<td width=\"189\">0.9<\/td>\n<\/tr>\n<tr>\n<td rowspan=\"2\" width=\"163\">Gepanzerte Einheit<\/td>\n<td width=\"89\">Material<\/td>\n<td width=\"77\">\/<\/td>\n<td colspan=\"2\" width=\"356\">Spiralrohr aus Edelstahl SUS204 + Geflecht<\/td>\n<\/tr>\n<tr>\n<td width=\"89\">Durchmesser<\/td>\n<td width=\"77\">mm<\/td>\n<td width=\"166\">1.0-1.2<\/td>\n<td width=\"189\">1.4-1.5<\/td>\n<\/tr>\n<tr>\n<td width=\"163\">Kraftmitglied<\/td>\n<td width=\"89\">Material<\/td>\n<td width=\"77\">\/<\/td>\n<td colspan=\"2\" width=\"356\">Aramidgarn<\/td>\n<\/tr>\n<tr>\n<td rowspan=\"2\" width=\"163\">Au\u00dfenmantel<\/td>\n<td width=\"89\">Material<\/td>\n<td width=\"77\">\/<\/td>\n<td colspan=\"2\" width=\"356\">PVC, OFNR, OFNP, LSZH, LSOH, PE,TPU<\/td>\n<\/tr>\n<tr>\n<td width=\"89\">Farbe<\/td>\n<td width=\"77\">\/<\/td>\n<td colspan=\"2\" width=\"356\">Blau, Gelb, Schwarz, Orange, Grau, Aquamarin<\/td>\n<\/tr>\n<tr>\n<td width=\"163\">Kabelgewicht<\/td>\n<td width=\"89\">\u00b15%<\/td>\n<td width=\"77\">kg\/km<\/td>\n<td width=\"166\">30.5<\/td>\n<td width=\"189\">36.5<\/td>\n<\/tr>\n<\/tbody>\n<\/table>\n<p><strong>\u00a0<\/strong><\/p>\n<p><strong><b>Mechanische und Umweltleistung<\/b><\/strong><\/p>\n<table>\n<tbody>\n<tr>\n<td width=\"221\"><strong>Artikel<\/strong><\/td>\n<td width=\"206\"><strong>Inhalt<\/strong><\/td>\n<td width=\"245\"><strong>Wert<\/strong><\/td>\n<\/tr>\n<tr>\n<td rowspan=\"2\" width=\"221\">Max. Zugbelastung<\/td>\n<td width=\"206\">Kurzfristig<\/td>\n<td width=\"245\">600N Faserdehnung\u22640,6%<\/td>\n<\/tr>\n<tr>\n<td width=\"206\">Langfristig<\/td>\n<td width=\"245\">300N<\/td>\n<\/tr>\n<tr>\n<td rowspan=\"2\" width=\"221\">Max. Druckfestigkeit<\/td>\n<td width=\"206\">Kurzfristig<\/td>\n<td width=\"245\">1000N\/100mm<\/td>\n<\/tr>\n<tr>\n<td width=\"206\">Langfristig<\/td>\n<td width=\"245\">500N\/100mm<\/td>\n<\/tr>\n<tr>\n<td width=\"221\">Torsion<\/td>\n<td colspan=\"2\" width=\"451\">Belastung: 150 N; Anzahl der Zyklen:10; Verdrehungswinkel: \u00b1180\u00b0 Keine offensichtliche zus\u00e4tzliche D\u00e4mpfung, kein Faserbruch und keine Kabelbesch\u00e4digung.<\/td>\n<\/tr>\n<tr>\n<td width=\"221\">Auswirkungen<\/td>\n<td colspan=\"2\" width=\"451\">Aufprallenergie: 450 g \u00d7 1 m; Radius des Hammerkopfes: 12,5 mm; Anzahl der Schl\u00e4ge: 5; Keine offensichtliche zus\u00e4tzliche D\u00e4mpfung, kein Faserbruch und keine Kabelbesch\u00e4digung.<\/td>\n<\/tr>\n<tr>\n<td rowspan=\"2\" width=\"221\">Min. Biegeradius<\/td>\n<td width=\"206\">Installation<\/td>\n<td width=\"245\">20 x Kabeldurchmesser<\/td>\n<\/tr>\n<tr>\n<td width=\"206\">Betrieb<\/td>\n<td width=\"245\">10 x Kabeldurchmesser<\/td>\n<\/tr>\n<tr>\n<td rowspan=\"3\" width=\"221\">Temperaturbereich<\/td>\n<td width=\"206\">Betrieb<\/td>\n<td width=\"245\">-40\u2103 ~ +70\u2103<\/td>\n<\/tr>\n<tr>\n<td width=\"206\">Installation<\/td>\n<td width=\"245\">-20\u2103 ~ +60\u2103<\/td>\n<\/tr>\n<tr>\n<td width=\"206\">Lagerung\/Transport<\/td>\n<td width=\"245\">-40\u2103 ~ +70\u2103<\/td>\n<\/tr>\n<\/tbody>\n<\/table>\n<p><strong>\u00a0<\/strong><\/p>\n<p><strong><b>Technische Parameter der Glasfaser<\/b><\/strong><\/p>\n<table>\n<tbody>\n<tr>\n<td colspan=\"2\" width=\"254\"><strong>Faserstil<\/strong><\/td>\n<td width=\"94\"><strong>Einheit<\/strong><\/td>\n<td width=\"94\"><strong>SM 9\/125<\/strong><\/td>\n<td width=\"103\"><strong>MM 50\/125<\/strong><\/td>\n<td width=\"139\"><strong>MM 62,5\/125<\/strong><\/td>\n<\/tr>\n<tr>\n<td colspan=\"2\" width=\"254\">Zustand<\/td>\n<td width=\"94\">nm<\/td>\n<td width=\"94\">1310\/1550<\/td>\n<td width=\"103\">850\/1300<\/td>\n<td width=\"139\">850\/1300<\/td>\n<\/tr>\n<tr>\n<td colspan=\"2\" width=\"254\">D\u00e4mpfung<\/td>\n<td width=\"94\">dB\/km<\/td>\n<td width=\"94\">\u22640,34\/0,2<\/td>\n<td width=\"103\">\u22643,0\/1,0<\/td>\n<td width=\"139\">\u22643,0\/1,0<\/td>\n<\/tr>\n<tr>\n<td rowspan=\"2\" width=\"141\">Streuung<\/td>\n<td width=\"113\">1310 nm<\/td>\n<td width=\"94\">Ps\/(nm*km)<\/td>\n<td width=\"94\">\u226418<\/td>\n<td width=\"103\">\u2026..<\/td>\n<td width=\"139\">\u2026..<\/td>\n<\/tr>\n<tr>\n<td width=\"113\">1550 nm<\/td>\n<td width=\"94\">Ps\/(nm*km)<\/td>\n<td width=\"94\">\u226422<\/td>\n<td width=\"103\">\u2026..<\/td>\n<td width=\"139\">\u2026..<\/td>\n<\/tr>\n<tr>\n<td rowspan=\"2\" width=\"141\">Bandbreite<\/td>\n<td width=\"113\">850 nm<\/td>\n<td width=\"94\">MHZ. KM<\/td>\n<td width=\"94\">\u2026..<\/td>\n<td width=\"103\">\u2267400<\/td>\n<td width=\"139\">\u2267160<\/td>\n<\/tr>\n<tr>\n<td width=\"113\">1300 nm<\/td>\n<td width=\"94\">MHZ. KM<\/td>\n<td width=\"94\">\u2026..<\/td>\n<td width=\"103\">\u2267800<\/td>\n<td width=\"139\">\u2267500<\/td>\n<\/tr>\n<tr>\n<td colspan=\"2\" width=\"254\">Wellenl\u00e4nge ohne Dispersion<\/td>\n<td width=\"94\">nm<\/td>\n<td width=\"94\">\u22671302,<\/p>\n<p>\u22641322<\/td>\n<td width=\"103\">\u2026..<\/td>\n<td width=\"139\">\u2026..<\/td>\n<\/tr>\n<tr>\n<td colspan=\"2\" width=\"254\">Nulldispersionssteigung<\/td>\n<td width=\"94\">nm<\/td>\n<td width=\"94\">\u22640,091<\/td>\n<td width=\"103\">\u2026..<\/td>\n<td width=\"139\">\u2026..<\/td>\n<\/tr>\n<tr>\n<td colspan=\"2\" width=\"254\">PMD Maximale Einzelfaser<\/td>\n<td width=\"94\">&nbsp;<\/td>\n<td width=\"94\">\u22640,2<\/td>\n<td width=\"103\">\u2026..<\/td>\n<td width=\"139\">\u2026..<\/td>\n<\/tr>\n<tr>\n<td colspan=\"2\" width=\"254\">PMD-Design-Linkwert<\/td>\n<td width=\"94\">Ps(nm2*km)<\/td>\n<td width=\"94\">\u22640,08<\/td>\n<td width=\"103\">\u2026..<\/td>\n<td width=\"139\">\u2026..<\/td>\n<\/tr>\n<tr>\n<td colspan=\"2\" width=\"254\">Fasergrenzwellenl\u00e4nge \u03bbc<\/td>\n<td width=\"94\">nm<\/td>\n<td width=\"94\">\u22671180,<\/p>\n<p>\u22641330<\/td>\n<td width=\"103\">\u2026..<\/td>\n<td width=\"139\">\u2026..<\/td>\n<\/tr>\n<tr>\n<td colspan=\"2\" width=\"254\">Kabelgrenzwellenl\u00e4nge \u03bbcc<\/td>\n<td width=\"94\">nm<\/td>\n<td width=\"94\">\u22641260<\/td>\n<td width=\"103\">\u2026..<\/td>\n<td width=\"139\">\u2026..<\/td>\n<\/tr>\n<tr>\n<td rowspan=\"2\" width=\"141\">MFD<\/td>\n<td width=\"113\">1310 nm<\/td>\n<td width=\"94\">\u00e4hm<\/td>\n<td width=\"94\">9,2 \u00b1 0,4<\/td>\n<td width=\"103\">\u2026..<\/td>\n<td width=\"139\">\u2026..<\/td>\n<\/tr>\n<tr>\n<td width=\"113\">1550 nm<\/td>\n<td width=\"94\">\u00e4hm<\/td>\n<td width=\"94\">10,4 \u00b1 0,8<\/td>\n<td width=\"103\">\u2026..<\/td>\n<td width=\"139\">\u2026..<\/td>\n<\/tr>\n<tr>\n<td colspan=\"2\" width=\"254\">Numerische Apertur (NA)<\/td>\n<td width=\"94\">&nbsp;<\/td>\n<td width=\"94\">\u2026\u2026<\/td>\n<td width=\"103\">0,200 \u00b1 0,015<\/td>\n<td width=\"139\">0,275 \u00b1 0,015<\/td>\n<\/tr>\n<tr>\n<td colspan=\"2\" width=\"254\">Schritt (Mittelwert der bidirektionalen Messung)<\/td>\n<td width=\"94\">dB<\/td>\n<td width=\"94\">\u22640,05<\/td>\n<td width=\"103\">\u22640,10<\/td>\n<td width=\"139\">\u22640,10<\/td>\n<\/tr>\n<tr>\n<td colspan=\"2\" width=\"254\">Unregelm\u00e4\u00dfigkeiten \u00fcber die Faserl\u00e4nge und Punktdiskontinuit\u00e4t<\/td>\n<td width=\"94\">dB<\/td>\n<td width=\"94\">\u22640,05<\/td>\n<td width=\"103\">\u22640,10<\/td>\n<td width=\"139\">\u22640,10<\/td>\n<\/tr>\n<tr>\n<td colspan=\"2\" width=\"254\">Differenz-R\u00fcckstreukoeffizient<\/td>\n<td width=\"94\">dB\/km<\/td>\n<td width=\"94\">\u22640,03<\/td>\n<td width=\"103\">\u22640,08<\/td>\n<td width=\"139\">\u22640,10<\/td>\n<\/tr>\n<tr>\n<td colspan=\"2\" width=\"254\">Gleichm\u00e4\u00dfige D\u00e4mpfung<\/td>\n<td width=\"94\">dB\/km<\/td>\n<td width=\"94\">\u22640,01<\/td>\n<td width=\"103\">\u2026\u2026.<\/td>\n<td width=\"139\">\u2026\u2026.<\/td>\n<\/tr>\n<tr>\n<td colspan=\"2\" width=\"254\">Kerndurchmesser<\/td>\n<td width=\"94\">\u00e4hm<\/td>\n<td width=\"94\">\u2026\u2026<\/td>\n<td width=\"103\">50\u00b11,0<\/td>\n<td width=\"139\">62,5\u00b12,5<\/td>\n<\/tr>\n<tr>\n<td colspan=\"2\" width=\"254\">Manteldurchmesser<\/td>\n<td width=\"94\">\u00e4hm<\/td>\n<td width=\"94\">125,0 \u00b1 0,1<\/td>\n<td width=\"103\">125,0 \u00b1 0,1<\/td>\n<td width=\"139\">125,0 \u00b1 0,1<\/td>\n<\/tr>\n<tr>\n<td colspan=\"2\" width=\"254\">Unrundheit der Verkleidung<\/td>\n<td width=\"94\">%<\/td>\n<td width=\"94\">\u22641,0<\/td>\n<td width=\"103\">\u22641,0<\/td>\n<td width=\"139\">\u22641,0<\/td>\n<\/tr>\n<tr>\n<td colspan=\"2\" width=\"254\">Beschichtungsdurchmesser<\/td>\n<td width=\"94\">\u00e4hm<\/td>\n<td width=\"94\">242\u00b17<\/td>\n<td width=\"103\">242\u00b17<\/td>\n<td width=\"139\">242\u00b17<\/td>\n<\/tr>\n<tr>\n<td colspan=\"2\" width=\"254\">Beschichtung\/Buchfink konzentrischer Fehler<\/td>\n<td width=\"94\">\u00e4hm<\/td>\n<td width=\"94\">\u226412,0<\/td>\n<td width=\"103\">\u226412,0<\/td>\n<td width=\"139\">\u226412,0<\/td>\n<\/tr>\n<tr>\n<td colspan=\"2\" width=\"254\">Nichtzirkularit\u00e4t der Beschichtung<\/td>\n<td width=\"94\">%<\/td>\n<td width=\"94\">\u22646,0<\/td>\n<td width=\"103\">\u22646,0<\/td>\n<td width=\"139\">\u22646,0<\/td>\n<\/tr>\n<tr>\n<td colspan=\"2\" width=\"254\">Konzentrizit\u00e4tsfehler Kern\/Mantel<\/td>\n<td width=\"94\">\u00e4hm<\/td>\n<td width=\"94\">\u22640,6<\/td>\n<td width=\"103\">\u22641,5<\/td>\n<td width=\"139\">\u22641,5<\/td>\n<\/tr>\n<tr>\n<td colspan=\"2\" width=\"254\">Curl(Radius)<\/td>\n<td width=\"94\">\u00e4hm<\/td>\n<td width=\"94\">\u22644<\/td>\n<td width=\"103\">\u2026..<\/td>\n<td width=\"139\">\u2026..<\/td>\n<\/tr>\n<\/tbody>\n<\/table>\n<p>&nbsp;<\/p>\n<p><strong>Anwendung:<\/strong><\/p>\n<ul>\n<li>Gepanzerte Patchkabel- und Pigtail-Baugruppen.<\/li>\n<li>Verkabelung auf Boden, Wandecke und Hauptkommunikationsleitung.<\/li>\n<li>Andere ODN- und FTTH-Projekte.<\/li>\n<\/ul>\n<p><img fetchpriority=\"high\" decoding=\"async\" class=\"alignnone size-full wp-image-11332\" src=\"https:\/\/www.omccable.com\/wp-content\/uploads\/2024\/07\/20161118111928_851-1.jpg\" alt=\"Indoor Armored FO cable\" width=\"1075\" height=\"510\" srcset=\"https:\/\/www.omccable.com\/wp-content\/uploads\/2024\/07\/20161118111928_851-1.jpg 1075w, https:\/\/www.omccable.com\/wp-content\/uploads\/2024\/07\/20161118111928_851-1-300x142.jpg 300w, https:\/\/www.omccable.com\/wp-content\/uploads\/2024\/07\/20161118111928_851-1-800x380.jpg 800w, https:\/\/www.omccable.com\/wp-content\/uploads\/2024\/07\/20161118111928_851-1-768x364.jpg 768w\" sizes=\"(max-width: 1075px) 100vw, 1075px\" \/><\/p>","protected":false},"excerpt":{"rendered":"<p>Das gepanzerte Kabel ist ein Spezialkabel mit einem Edelstahlrohr im Inneren des Kabels, das den Faserbiss von Ameisen und maus\u00e4hnlichen Nagetieren sch\u00fctzen kann. Das gepanzerte Duplex Zip Fig 8-Kabel mit zus\u00e4tzlichem Metallgeflecht besteht aus 0,6 mm oder 0,9 mm dicken Pufferfasern, einem gepanzerten flexiblen Metallrohr, einer Schicht Aramidgarn, einem Metallgeflecht und einem Au\u00dfenmantel. [\u2026]<\/p>","protected":false},"featured_media":11348,"comment_status":"closed","ping_status":"closed","template":"","meta":{"site-sidebar-layout":"default","site-content-layout":"","ast-site-content-layout":"default","site-content-style":"default","site-sidebar-style":"default","ast-global-header-display":"","ast-banner-title-visibility":"","ast-main-header-display":"","ast-hfb-above-header-display":"","ast-hfb-below-header-display":"","ast-hfb-mobile-header-display":"","site-post-title":"","ast-breadcrumbs-content":"","ast-featured-img":"","footer-sml-layout":"","theme-transparent-header-meta":"default","adv-header-id-meta":"","stick-header-meta":"default","header-above-stick-meta":"","header-main-stick-meta":"","header-below-stick-meta":"","astra-migrate-meta-layouts":"set","ast-page-background-enabled":"default","ast-page-background-meta":{"desktop":{"background-color":"var(--ast-global-color-4)","background-image":"","background-repeat":"repeat","background-position":"center center","background-size":"auto","background-attachment":"scroll","background-type":"","background-media":"","overlay-type":"","overlay-color":"","overlay-gradient":""},"tablet":{"background-color":"","background-image":"","background-repeat":"repeat","background-position":"center center","background-size":"auto","background-attachment":"scroll","background-type":"","background-media":"","overlay-type":"","overlay-color":"","overlay-gradient":""},"mobile":{"background-color":"","background-image":"","background-repeat":"repeat","background-position":"center center","background-size":"auto","background-attachment":"scroll","background-type":"","background-media":"","overlay-type":"","overlay-color":"","overlay-gradient":""}},"ast-content-background-meta":{"desktop":{"background-color":"var(--ast-global-color-5)","background-image":"","background-repeat":"repeat","background-position":"center center","background-size":"auto","background-attachment":"scroll","background-type":"","background-media":"","overlay-type":"","overlay-color":"","overlay-gradient":""},"tablet":{"background-color":"var(--ast-global-color-5)","background-image":"","background-repeat":"repeat","background-position":"center center","background-size":"auto","background-attachment":"scroll","background-type":"","background-media":"","overlay-type":"","overlay-color":"","overlay-gradient":""},"mobile":{"background-color":"var(--ast-global-color-5)","background-image":"","background-repeat":"repeat","background-position":"center center","background-size":"auto","background-attachment":"scroll","background-type":"","background-media":"","overlay-type":"","overlay-color":"","overlay-gradient":""}}},"product_cat":[147,127],"product_tag":[],"class_list":{"0":"post-11347","1":"product","2":"type-product","3":"status-publish","4":"has-post-thumbnail","6":"product_cat-duplex-armored-cable","7":"product_cat-indoor-armored-cable","8":"desktop-align-left","9":"tablet-align-left","10":"mobile-align-left","11":"ast-product-gallery-layout-horizontal-slider","12":"ast-product-tabs-layout-horizontal","14":"first","15":"instock","16":"shipping-taxable","17":"product-type-simple"},"acf":[],"_links":{"self":[{"href":"https:\/\/www.omccable.com\/de\/wp-json\/wp\/v2\/product\/11347","targetHints":{"allow":["GET"]}}],"collection":[{"href":"https:\/\/www.omccable.com\/de\/wp-json\/wp\/v2\/product"}],"about":[{"href":"https:\/\/www.omccable.com\/de\/wp-json\/wp\/v2\/types\/product"}],"replies":[{"embeddable":true,"href":"https:\/\/www.omccable.com\/de\/wp-json\/wp\/v2\/comments?post=11347"}],"version-history":[{"count":1,"href":"https:\/\/www.omccable.com\/de\/wp-json\/wp\/v2\/product\/11347\/revisions"}],"predecessor-version":[{"id":11350,"href":"https:\/\/www.omccable.com\/de\/wp-json\/wp\/v2\/product\/11347\/revisions\/11350"}],"wp:featuredmedia":[{"embeddable":true,"href":"https:\/\/www.omccable.com\/de\/wp-json\/wp\/v2\/media\/11348"}],"wp:attachment":[{"href":"https:\/\/www.omccable.com\/de\/wp-json\/wp\/v2\/media?parent=11347"}],"wp:term":[{"taxonomy":"product_cat","embeddable":true,"href":"https:\/\/www.omccable.com\/de\/wp-json\/wp\/v2\/product_cat?post=11347"},{"taxonomy":"product_tag","embeddable":true,"href":"https:\/\/www.omccable.com\/de\/wp-json\/wp\/v2\/product_tag?post=11347"}],"curies":[{"name":"wp","href":"https:\/\/api.w.org\/{rel}","templated":true}]}}