{"id":11306,"date":"2024-07-02T13:46:27","date_gmt":"2024-07-02T05:46:27","guid":{"rendered":"https:\/\/www.omccable.com\/?post_type=product&#038;p=11306"},"modified":"2024-07-02T13:47:30","modified_gmt":"2024-07-02T05:47:30","slug":"1f-5-0mm-central-loose-tube-indooroutdoor-cable-without-jelly-high-tensile","status":"publish","type":"product","link":"https:\/\/www.omccable.com\/de\/produkt\/1f-5-0mm-central-loose-tube-indooroutdoor-cable-without-jelly-high-tensile\/","title":{"rendered":"1F 5,0 mm zentrales B\u00fcndelader-Innen- und Au\u00dfenkabel ohne Jelly High Tensile"},"content":{"rendered":"<p>In OMCs <strong><b>1F 5,0 mm zentrales B\u00fcndelader-Innen- und Au\u00dfenkabel ohne Jelly High Tensile<\/b><\/strong>, Singlemode-\/Multimodefasern werden in der losen R\u00f6hre positioniert, die aus PBT-Materialien besteht und mit wasserblockierendem Garn gef\u00fcllt ist. Die B\u00fcndelader ist mit Aramidgarn und einem Mantel aus LSZH-Material ummantelt, um die Kompaktheit und L\u00e4ngswasserblockierleistung zu gew\u00e4hrleisten.<\/p>\n<p>&nbsp;<\/p>\n<p><strong><b>Kabel<\/b><\/strong><strong><b>\u00a0Strukturparameter<\/b><\/strong><\/p>\n<table>\n<tbody>\n<tr>\n<td width=\"171\"><strong>Artikel<\/strong><\/td>\n<td width=\"136\"><strong>Inhalt<\/strong><\/td>\n<td width=\"80\"><strong>Einheit<\/strong><\/td>\n<td width=\"289\"><strong>V<\/strong><strong>Wert<\/strong><\/td>\n<\/tr>\n<tr>\n<td rowspan=\"3\" width=\"171\">Optische Faser<\/td>\n<td width=\"136\">Modellnummer<\/td>\n<td width=\"80\">\/<\/td>\n<td width=\"289\">G657A2<\/td>\n<\/tr>\n<tr>\n<td width=\"136\">Zahl<\/td>\n<td width=\"80\">\/<\/td>\n<td width=\"289\">1<\/td>\n<\/tr>\n<tr>\n<td width=\"136\">Farbe<\/td>\n<td width=\"80\">\/<\/td>\n<td width=\"289\">Gr\u00fcn<\/td>\n<\/tr>\n<tr>\n<td rowspan=\"3\" width=\"171\">Lose Puffer<\/td>\n<td width=\"136\">Farbe<\/td>\n<td width=\"80\">\/<\/td>\n<td width=\"289\">wei\u00df<\/td>\n<\/tr>\n<tr>\n<td width=\"136\">Material<\/td>\n<td width=\"80\">\/<\/td>\n<td width=\"289\">LSZH<\/td>\n<\/tr>\n<tr>\n<td width=\"136\">Durchmesser<\/td>\n<td width=\"80\">mm<\/td>\n<td width=\"289\">0,9 \u00b1 0,05<\/td>\n<\/tr>\n<tr>\n<td rowspan=\"4\" width=\"171\">Lose R\u00f6hre<\/td>\n<td width=\"136\">Kraftmitglied<\/td>\n<td width=\"80\">\/<\/td>\n<td width=\"289\">Wasserschw\u00e4rzungsgarn<\/td>\n<\/tr>\n<tr>\n<td width=\"136\">Jackenfarbe<\/td>\n<td width=\"80\">\/<\/td>\n<td width=\"289\">Natur<\/td>\n<\/tr>\n<tr>\n<td width=\"136\">Jackenmaterial<\/td>\n<td width=\"80\">\/<\/td>\n<td width=\"289\">PBT<\/td>\n<\/tr>\n<tr>\n<td width=\"136\">Durchmesser<\/td>\n<td width=\"80\">mm<\/td>\n<td width=\"289\">2,0 \u00b1 0,1<\/td>\n<\/tr>\n<tr>\n<td rowspan=\"3\" width=\"171\">Au\u00dfenjacke<\/td>\n<td width=\"136\">Durchmesser<\/td>\n<td width=\"80\">mm<\/td>\n<td width=\"289\">5,0 \u00b1 0,2<\/td>\n<\/tr>\n<tr>\n<td width=\"136\">Material<\/td>\n<td width=\"80\">\/<\/td>\n<td width=\"289\">LSZH<\/td>\n<\/tr>\n<tr>\n<td width=\"136\">Farbe<\/td>\n<td width=\"80\">\/<\/td>\n<td width=\"289\">Schwarz<\/td>\n<\/tr>\n<tr>\n<td width=\"171\">St\u00e4rkemitglied<\/td>\n<td width=\"136\">Material<\/td>\n<td width=\"80\"><\/td>\n<td width=\"289\">Wasserblockierendes Aramidgarn<\/td>\n<\/tr>\n<tr>\n<td width=\"171\">Rei\u00dfleine<\/td>\n<td width=\"136\">Material<\/td>\n<td width=\"80\">\/<\/td>\n<td width=\"289\">Rei\u00dfseil aus Polyester<\/td>\n<\/tr>\n<tr>\n<td colspan=\"2\" width=\"308\">Kabelgewicht (ca.)<\/td>\n<td width=\"80\">kg\/km<\/td>\n<td width=\"289\">27.3<\/td>\n<\/tr>\n<\/tbody>\n<\/table>\n<p>&nbsp;<\/p>\n<p><strong><b>Mechanische und Umweltleistung<\/b><\/strong><\/p>\n<table>\n<tbody>\n<tr>\n<td width=\"228\"><strong>Artikel<\/strong><\/td>\n<td width=\"206\"><strong>Inhalt<\/strong><\/td>\n<td width=\"236\"><strong>Wert<\/strong><\/td>\n<\/tr>\n<tr>\n<td rowspan=\"2\" width=\"228\">Max. Zugbelastung<\/td>\n<td width=\"206\">Kurzfristig<\/td>\n<td width=\"236\">1200N Faserdehnung \u2264 0,6%<\/td>\n<\/tr>\n<tr>\n<td width=\"206\">Langfristig<\/td>\n<td width=\"236\">600N<\/td>\n<\/tr>\n<tr>\n<td rowspan=\"2\" width=\"228\">Max. Druckfestigkeit<\/td>\n<td width=\"206\">Kurzfristig<\/td>\n<td width=\"236\">800N\/100mm<\/td>\n<\/tr>\n<tr>\n<td width=\"206\">Langfristig<\/td>\n<td width=\"236\">400N\/100mm<\/td>\n<\/tr>\n<tr>\n<td rowspan=\"2\" width=\"228\">Min. Biegeradius<\/td>\n<td width=\"206\">Installation<\/td>\n<td width=\"236\">20 x Kabeldurchmesser<\/td>\n<\/tr>\n<tr>\n<td width=\"206\">Betrieb<\/td>\n<td width=\"236\">10 x Kabeldurchmesser<\/td>\n<\/tr>\n<tr>\n<td rowspan=\"3\" width=\"228\">Temperaturbereich<\/td>\n<td width=\"206\">Betrieb<\/td>\n<td width=\"236\">-40\u2103 ~ +70\u2103<\/td>\n<\/tr>\n<tr>\n<td width=\"206\">Installation<\/td>\n<td width=\"236\">-20\u2103 ~ +60\u2103<\/td>\n<\/tr>\n<tr>\n<td width=\"206\">Lagerung\/Transport<\/td>\n<td width=\"236\">-40\u2103 ~ +70\u2103<\/td>\n<\/tr>\n<\/tbody>\n<\/table>\n<p>&nbsp;<\/p>\n<p><strong><b>Technische Parameter der Glasfaser<\/b><\/strong><\/p>\n<table>\n<tbody>\n<tr>\n<td colspan=\"2\" width=\"262\"><strong>Faserstil<\/strong><\/td>\n<td width=\"85\"><strong>Einheit<\/strong><\/td>\n<td width=\"94\"><strong>SM 9\/125<\/strong><\/td>\n<td width=\"103\"><strong>MM 50\/125<\/strong><\/td>\n<td width=\"113\"><strong>MM 62,5\/125<\/strong><\/td>\n<\/tr>\n<tr>\n<td colspan=\"2\" width=\"262\">Zustand<\/td>\n<td width=\"85\">nm<\/td>\n<td width=\"94\">1310\/1550<\/td>\n<td width=\"103\">850\/1300<\/td>\n<td width=\"113\">850\/1300<\/td>\n<\/tr>\n<tr>\n<td colspan=\"2\" width=\"262\">D\u00e4mpfung<\/td>\n<td width=\"85\">dB\/km<\/td>\n<td width=\"94\">\u22640,34\/0,2<\/td>\n<td width=\"103\">\u22643,0\/1,0<\/td>\n<td width=\"113\">\u22643,0\/1,0<\/td>\n<\/tr>\n<tr>\n<td rowspan=\"2\" width=\"105\">Streuung<\/td>\n<td width=\"156\">1310 nm<\/td>\n<td width=\"85\">Ps\/(nm*km)<\/td>\n<td width=\"94\">\u226418<\/td>\n<td width=\"103\">\u2026..<\/td>\n<td width=\"113\">\u2026..<\/td>\n<\/tr>\n<tr>\n<td width=\"156\">1550 nm<\/td>\n<td width=\"85\">Ps\/(nm*km)<\/td>\n<td width=\"94\">\u226422<\/td>\n<td width=\"103\">\u2026..<\/td>\n<td width=\"113\">\u2026..<\/td>\n<\/tr>\n<tr>\n<td rowspan=\"2\" width=\"105\">Bandbreite<\/td>\n<td width=\"156\">850 nm<\/td>\n<td width=\"85\">MHZ. KM<\/td>\n<td width=\"94\">\u2026..<\/td>\n<td width=\"103\">\u2267400<\/td>\n<td width=\"113\">\u2267160<\/td>\n<\/tr>\n<tr>\n<td width=\"156\">1300 nm<\/td>\n<td width=\"85\">MHZ. KM<\/td>\n<td width=\"94\">\u2026..<\/td>\n<td width=\"103\">\u2267800<\/td>\n<td width=\"113\">\u2267500<\/td>\n<\/tr>\n<tr>\n<td colspan=\"2\" width=\"262\">Wellenl\u00e4nge ohne Dispersion<\/td>\n<td width=\"85\">nm<\/td>\n<td width=\"94\">\u22671302,<\/p>\n<p>\u22641322<\/td>\n<td width=\"103\">\u2026..<\/td>\n<td width=\"113\">\u2026..<\/td>\n<\/tr>\n<tr>\n<td colspan=\"2\" width=\"262\">Nulldispersionssteigung<\/td>\n<td width=\"85\">nm<\/td>\n<td width=\"94\">\u22640,091<\/td>\n<td width=\"103\">\u2026..<\/td>\n<td width=\"113\">\u2026..<\/td>\n<\/tr>\n<tr>\n<td colspan=\"2\" width=\"262\">PMD Maximale Einzelfaser<\/td>\n<td width=\"85\"><\/td>\n<td width=\"94\">\u22640,2<\/td>\n<td width=\"103\">\u2026..<\/td>\n<td width=\"113\">\u2026..<\/td>\n<\/tr>\n<tr>\n<td colspan=\"2\" width=\"262\">PMD-Design-Linkwert<\/td>\n<td width=\"85\">Ps(nm2*km)<\/td>\n<td width=\"94\">\u22640,08<\/td>\n<td width=\"103\">\u2026..<\/td>\n<td width=\"113\">\u2026..<\/td>\n<\/tr>\n<tr>\n<td colspan=\"2\" width=\"262\">Fasergrenzwellenl\u00e4nge \u03bbc<\/td>\n<td width=\"85\">nm<\/td>\n<td width=\"94\">\u22671180,<\/p>\n<p>\u22641330<\/td>\n<td width=\"103\">\u2026..<\/td>\n<td width=\"113\">\u2026..<\/td>\n<\/tr>\n<tr>\n<td colspan=\"2\" width=\"262\">Kabelgrenzwellenl\u00e4nge \u03bbcc<\/td>\n<td width=\"85\">nm<\/td>\n<td width=\"94\">\u22641260<\/td>\n<td width=\"103\">\u2026..<\/td>\n<td width=\"113\">\u2026..<\/td>\n<\/tr>\n<tr>\n<td rowspan=\"2\" width=\"105\">MFD<\/td>\n<td width=\"156\">1310 nm<\/td>\n<td width=\"85\">\u00e4hm<\/td>\n<td width=\"94\">9,2 \u00b1 0,4<\/td>\n<td width=\"103\">\u2026..<\/td>\n<td width=\"113\">\u2026..<\/td>\n<\/tr>\n<tr>\n<td width=\"156\">1550 nm<\/td>\n<td width=\"85\">\u00e4hm<\/td>\n<td width=\"94\">10,4 \u00b1 0,8<\/td>\n<td width=\"103\">\u2026..<\/td>\n<td width=\"113\">\u2026..<\/td>\n<\/tr>\n<tr>\n<td colspan=\"2\" width=\"262\">Numerische Apertur (NA)<\/td>\n<td width=\"85\"><\/td>\n<td width=\"94\">\u2026\u2026<\/td>\n<td width=\"103\">0,200 \u00b1 0,015<\/td>\n<td width=\"113\">0,275 \u00b1 0,015<\/td>\n<\/tr>\n<tr>\n<td colspan=\"2\" width=\"262\">Schritt (Mittelwert der bidirektionalen Messung)<\/td>\n<td width=\"85\">dB<\/td>\n<td width=\"94\">\u22640,05<\/td>\n<td width=\"103\">\u22640,10<\/td>\n<td width=\"113\">\u22640,10<\/td>\n<\/tr>\n<tr>\n<td colspan=\"2\" width=\"262\">Unregelm\u00e4\u00dfigkeiten \u00fcber die Faserl\u00e4nge und Punktdiskontinuit\u00e4t<\/td>\n<td width=\"85\">dB<\/td>\n<td width=\"94\">\u22640,05<\/td>\n<td width=\"103\">\u22640,10<\/td>\n<td width=\"113\">\u22640,10<\/td>\n<\/tr>\n<tr>\n<td colspan=\"2\" width=\"262\">Differenz-R\u00fcckstreukoeffizient<\/td>\n<td width=\"85\">dB\/km<\/td>\n<td width=\"94\">\u22640,03<\/td>\n<td width=\"103\">\u22640,08<\/td>\n<td width=\"113\">\u22640,10<\/td>\n<\/tr>\n<tr>\n<td colspan=\"2\" width=\"262\">Gleichm\u00e4\u00dfige D\u00e4mpfung<\/td>\n<td width=\"85\">dB\/km<\/td>\n<td width=\"94\">\u22640,01<\/td>\n<td width=\"103\">\u2026\u2026.<\/td>\n<td width=\"113\">\u2026\u2026.<\/td>\n<\/tr>\n<tr>\n<td colspan=\"2\" width=\"262\">Kerndurchmesser<\/td>\n<td width=\"85\">\u00e4hm<\/td>\n<td width=\"94\">\u2026\u2026<\/td>\n<td width=\"103\">50\u00b11,0<\/td>\n<td width=\"113\">62,5\u00b12,5<\/td>\n<\/tr>\n<tr>\n<td colspan=\"2\" width=\"262\">Manteldurchmesser<\/td>\n<td width=\"85\">\u00e4hm<\/td>\n<td width=\"94\">125,0 \u00b1 0,1<\/td>\n<td width=\"103\">125,0 \u00b1 0,1<\/td>\n<td width=\"113\">125,0 \u00b1 0,1<\/td>\n<\/tr>\n<tr>\n<td colspan=\"2\" width=\"262\">Unrundheit der Verkleidung<\/td>\n<td width=\"85\">%<\/td>\n<td width=\"94\">\u22641,0<\/td>\n<td width=\"103\">\u22641,0<\/td>\n<td width=\"113\">\u22641,0<\/td>\n<\/tr>\n<tr>\n<td colspan=\"2\" width=\"262\">Beschichtungsdurchmesser<\/td>\n<td width=\"85\">\u00e4hm<\/td>\n<td width=\"94\">242\u00b17<\/td>\n<td width=\"103\">242\u00b17<\/td>\n<td width=\"113\">242\u00b17<\/td>\n<\/tr>\n<tr>\n<td colspan=\"2\" width=\"262\">Beschichtung\/Buchfink konzentrischer Fehler<\/td>\n<td width=\"85\">\u00e4hm<\/td>\n<td width=\"94\">\u226412,0<\/td>\n<td width=\"103\">\u226412,0<\/td>\n<td width=\"113\">\u226412,0<\/td>\n<\/tr>\n<tr>\n<td colspan=\"2\" width=\"262\">Nichtzirkularit\u00e4t der Beschichtung<\/td>\n<td width=\"85\">%<\/td>\n<td width=\"94\">\u22646,0<\/td>\n<td width=\"103\">\u22646,0<\/td>\n<td width=\"113\">\u22646,0<\/td>\n<\/tr>\n<tr>\n<td colspan=\"2\" width=\"262\">Konzentrizit\u00e4tsfehler Kern\/Mantel<\/td>\n<td width=\"85\">\u00e4hm<\/td>\n<td width=\"94\">\u22640,6<\/td>\n<td width=\"103\">\u22641,5<\/td>\n<td width=\"113\">\u22641,5<\/td>\n<\/tr>\n<tr>\n<td colspan=\"2\" width=\"262\">Curl(Radius)<\/td>\n<td width=\"85\">\u00e4hm<\/td>\n<td width=\"94\">\u22644<\/td>\n<td width=\"103\">\u2026..<\/td>\n<td width=\"113\">\u2026..<\/td>\n<\/tr>\n<\/tbody>\n<\/table>","protected":false},"excerpt":{"rendered":"<p>Im 1F 5,0 mm zentralen B\u00fcndelader-Innen- und Au\u00dfenkabel ohne Jelly High Tensile von OMC sind Singlemode-\/Multimode-Fasern in der B\u00fcndelader positioniert, die aus PBT-Materialien besteht und mit wasserblockierendem Garn gef\u00fcllt ist. Die B\u00fcndelader ist mit Aramidgarn und einem Mantel aus LSZH-Material ummantelt, um die Kompaktheit und L\u00e4ngswasserblockierleistung zu gew\u00e4hrleisten.   Kabelstrukturparameter [\u2026]<\/p>","protected":false},"featured_media":11308,"comment_status":"closed","ping_status":"closed","template":"","meta":{"site-sidebar-layout":"default","site-content-layout":"","ast-site-content-layout":"default","site-content-style":"default","site-sidebar-style":"default","ast-global-header-display":"","ast-banner-title-visibility":"","ast-main-header-display":"","ast-hfb-above-header-display":"","ast-hfb-below-header-display":"","ast-hfb-mobile-header-display":"","site-post-title":"","ast-breadcrumbs-content":"","ast-featured-img":"","footer-sml-layout":"","theme-transparent-header-meta":"default","adv-header-id-meta":"","stick-header-meta":"default","header-above-stick-meta":"","header-main-stick-meta":"","header-below-stick-meta":"","astra-migrate-meta-layouts":"set","ast-page-background-enabled":"default","ast-page-background-meta":{"desktop":{"background-color":"var(--ast-global-color-4)","background-image":"","background-repeat":"repeat","background-position":"center center","background-size":"auto","background-attachment":"scroll","background-type":"","background-media":"","overlay-type":"","overlay-color":"","overlay-gradient":""},"tablet":{"background-color":"","background-image":"","background-repeat":"repeat","background-position":"center center","background-size":"auto","background-attachment":"scroll","background-type":"","background-media":"","overlay-type":"","overlay-color":"","overlay-gradient":""},"mobile":{"background-color":"","background-image":"","background-repeat":"repeat","background-position":"center center","background-size":"auto","background-attachment":"scroll","background-type":"","background-media":"","overlay-type":"","overlay-color":"","overlay-gradient":""}},"ast-content-background-meta":{"desktop":{"background-color":"var(--ast-global-color-5)","background-image":"","background-repeat":"repeat","background-position":"center center","background-size":"auto","background-attachment":"scroll","background-type":"","background-media":"","overlay-type":"","overlay-color":"","overlay-gradient":""},"tablet":{"background-color":"var(--ast-global-color-5)","background-image":"","background-repeat":"repeat","background-position":"center center","background-size":"auto","background-attachment":"scroll","background-type":"","background-media":"","overlay-type":"","overlay-color":"","overlay-gradient":""},"mobile":{"background-color":"var(--ast-global-color-5)","background-image":"","background-repeat":"repeat","background-position":"center center","background-size":"auto","background-attachment":"scroll","background-type":"","background-media":"","overlay-type":"","overlay-color":"","overlay-gradient":""}}},"product_cat":[145,126],"product_tag":[],"class_list":{"0":"post-11306","1":"product","2":"type-product","3":"status-publish","4":"has-post-thumbnail","6":"product_cat-central-lossetube-dry-type","7":"product_cat-indooroutdoor-cable","8":"desktop-align-left","9":"tablet-align-left","10":"mobile-align-left","11":"ast-product-gallery-layout-horizontal-slider","12":"ast-product-tabs-layout-horizontal","14":"first","15":"instock","16":"shipping-taxable","17":"product-type-simple"},"acf":[],"_links":{"self":[{"href":"https:\/\/www.omccable.com\/de\/wp-json\/wp\/v2\/product\/11306","targetHints":{"allow":["GET"]}}],"collection":[{"href":"https:\/\/www.omccable.com\/de\/wp-json\/wp\/v2\/product"}],"about":[{"href":"https:\/\/www.omccable.com\/de\/wp-json\/wp\/v2\/types\/product"}],"replies":[{"embeddable":true,"href":"https:\/\/www.omccable.com\/de\/wp-json\/wp\/v2\/comments?post=11306"}],"version-history":[{"count":2,"href":"https:\/\/www.omccable.com\/de\/wp-json\/wp\/v2\/product\/11306\/revisions"}],"predecessor-version":[{"id":11315,"href":"https:\/\/www.omccable.com\/de\/wp-json\/wp\/v2\/product\/11306\/revisions\/11315"}],"wp:featuredmedia":[{"embeddable":true,"href":"https:\/\/www.omccable.com\/de\/wp-json\/wp\/v2\/media\/11308"}],"wp:attachment":[{"href":"https:\/\/www.omccable.com\/de\/wp-json\/wp\/v2\/media?parent=11306"}],"wp:term":[{"taxonomy":"product_cat","embeddable":true,"href":"https:\/\/www.omccable.com\/de\/wp-json\/wp\/v2\/product_cat?post=11306"},{"taxonomy":"product_tag","embeddable":true,"href":"https:\/\/www.omccable.com\/de\/wp-json\/wp\/v2\/product_tag?post=11306"}],"curies":[{"name":"wp","href":"https:\/\/api.w.org\/{rel}","templated":true}]}}