{"id":11292,"date":"2024-07-02T13:33:44","date_gmt":"2024-07-02T05:33:44","guid":{"rendered":"https:\/\/www.omccable.com\/?post_type=product&#038;p=11292"},"modified":"2025-07-28T10:00:07","modified_gmt":"2025-07-28T02:00:07","slug":"2-12f-6-0mm-central-loose-tube-cable-with-jelly-glass-yarn","status":"publish","type":"product","link":"https:\/\/www.omccable.com\/de\/produkt\/2-12f-6-0mm-central-loose-tube-cable-with-jelly-glass-yarn\/","title":{"rendered":"2-12F 6,0 mm zentrales B\u00fcndeladerkabel mit Jelly + Glasgarn"},"content":{"rendered":"<p>Bei dem zentralen B\u00fcndeladerkabel 2-12F 6,0 mm ist die Glasfasereinheit in der Mitte einer hochharten PBT-B\u00fcndelader positioniert. Dieser Schlauch bietet einen sehr guten Schutz f\u00fcr die Faser. Ein Glasgarn umgibt das PBT-Rohr. Das Glasgarn bietet dem Kabel eine sehr gute Rattenschutzwirkung. Anschlie\u00dfend wird das Kabel mit einem LSZH-Mantel vervollst\u00e4ndigt.<\/p>\n<p>Unser Kabel zeichnet sich durch einen kleinen Durchmesser, Wasserbest\u00e4ndigkeit, Weichheit und Biegsamkeit aus. Es ist einfach bereitzustellen und zu warten. Dar\u00fcber hinaus kann das nichtmetallische Festigkeitselement Blitzschutz und Schutz vor elektromagnetischen St\u00f6rungen bieten. Runde FTTH-Drop-Kabel eignen sich ideal f\u00fcr die Innenverkabelung, die direkte Endbenutzerverkabelung und Zugangsnetzwerke.<\/p>\n<p>&nbsp;<\/p>\n<p><strong><b>Standardfarbe von Faser und Schlauch<\/b><\/strong><\/p>\n<p>Der Farbcode der einzelnen Fasern muss der folgenden Tabelle entsprechen:<\/p>\n<table>\n<tbody>\n<tr>\n<td width=\"179\">Nein.<\/td>\n<td width=\"86\">1<\/td>\n<td width=\"82\">2<\/td>\n<td width=\"82\">3<\/td>\n<td width=\"82\">4<\/td>\n<td width=\"82\">5<\/td>\n<td width=\"75\">6<\/td>\n<\/tr>\n<tr>\n<td width=\"179\">Farbe<\/td>\n<td width=\"86\">Blau<\/td>\n<td width=\"82\">Orange<\/td>\n<td width=\"82\">Gr\u00fcn<\/td>\n<td width=\"82\">Braun<\/td>\n<td width=\"82\">Slate<\/td>\n<td width=\"75\">White<\/td>\n<\/tr>\n<tr>\n<td width=\"179\">Nein.<\/td>\n<td width=\"86\">7<\/td>\n<td width=\"82\">8<\/td>\n<td width=\"82\">9<\/td>\n<td width=\"82\">10<\/td>\n<td width=\"82\">11<\/td>\n<td width=\"75\">12<\/td>\n<\/tr>\n<tr>\n<td width=\"179\">Farbe<\/td>\n<td width=\"86\">Rot<\/td>\n<td width=\"82\">Schwarz<\/td>\n<td width=\"82\">Gelb<\/td>\n<td width=\"82\">Violett<\/td>\n<td width=\"82\">Rosa<\/td>\n<td width=\"75\">Aqua<\/td>\n<\/tr>\n<\/tbody>\n<\/table>\n<p>&nbsp;<\/p>\n<p><strong><b>Kabel<\/b><\/strong><strong><b>\u00a0Strukturparameter<\/b><\/strong><\/p>\n<table>\n<tbody>\n<tr>\n<td colspan=\"2\" width=\"425\">Anzahl der Fasern<\/td>\n<td width=\"245\">1-12<\/td>\n<\/tr>\n<tr>\n<td colspan=\"2\" width=\"425\">Faserkategorie<\/td>\n<td width=\"245\">G657A2,G657B3.OM2,OM3,OM4<\/td>\n<\/tr>\n<tr>\n<td rowspan=\"3\" width=\"274\">Kabel<\/td>\n<td width=\"151\">Material<\/td>\n<td width=\"245\">LSZH<\/td>\n<\/tr>\n<tr>\n<td width=\"151\">Farbe<\/td>\n<td width=\"245\">Schwarz<\/td>\n<\/tr>\n<tr>\n<td width=\"151\">Durchmesser (mm)<\/td>\n<td width=\"245\">6,0 \u00b1 0,5<\/td>\n<\/tr>\n<tr>\n<td rowspan=\"3\" width=\"274\">PBT B\u00fcndelader<\/td>\n<td width=\"151\">Material<\/td>\n<td width=\"245\">PBT<\/td>\n<\/tr>\n<tr>\n<td width=\"151\">Farbe<\/td>\n<td width=\"245\">White<\/td>\n<\/tr>\n<tr>\n<td width=\"151\">Durchmesser (mm)<\/td>\n<td width=\"245\">2,0 \u00b1 0,1<\/td>\n<\/tr>\n<tr>\n<td colspan=\"2\" width=\"425\">Zugfestigkeitselemente und\/oder Panzerung \u2013 Schicht<\/td>\n<td width=\"245\">Glasfasergarn<\/td>\n<\/tr>\n<tr>\n<td colspan=\"2\" width=\"425\">Nenngewicht (kg\/km)<\/td>\n<td width=\"245\">45<\/td>\n<\/tr>\n<\/tbody>\n<\/table>\n<p>&nbsp;<\/p>\n<p><strong><b>Mechanische und Umweltleistung<\/b><\/strong><\/p>\n<table>\n<tbody>\n<tr>\n<td width=\"228\"><strong>Artikel<\/strong><\/td>\n<td width=\"206\"><strong>Inhalt<\/strong><\/td>\n<td width=\"236\"><strong>Wert<\/strong><\/td>\n<\/tr>\n<tr>\n<td rowspan=\"2\" width=\"228\">Max. Zugbelastung<\/td>\n<td width=\"206\">Kurzfristig<\/td>\n<td width=\"236\">600N Faserdehnung\u22640,6%<\/td>\n<\/tr>\n<tr>\n<td width=\"206\">Langfristig<\/td>\n<td width=\"236\">300N<\/td>\n<\/tr>\n<tr>\n<td rowspan=\"2\" width=\"228\">Max. Druckfestigkeit<\/td>\n<td width=\"206\">Kurzfristig<\/td>\n<td width=\"236\">1000N\/100mm<\/td>\n<\/tr>\n<tr>\n<td width=\"206\">Langfristig<\/td>\n<td width=\"236\">300N\/100mm<\/td>\n<\/tr>\n<tr>\n<td rowspan=\"2\" width=\"228\">Min. Biegeradius<\/td>\n<td width=\"206\">Installation<\/td>\n<td width=\"236\">20 x Kabeldurchmesser<\/td>\n<\/tr>\n<tr>\n<td width=\"206\">Betrieb<\/td>\n<td width=\"236\">10 x Kabeldurchmesser<\/td>\n<\/tr>\n<tr>\n<td rowspan=\"3\" width=\"228\">Temperaturbereich<\/td>\n<td width=\"206\">Betrieb<\/td>\n<td width=\"236\">-40\u2103 ~ +70\u2103<\/td>\n<\/tr>\n<tr>\n<td width=\"206\">Installation<\/td>\n<td width=\"236\">-20\u2103 ~ +60\u2103<\/td>\n<\/tr>\n<tr>\n<td width=\"206\">Lagerung\/Transport<\/td>\n<td width=\"236\">-40\u2103 ~ +70\u2103<\/td>\n<\/tr>\n<\/tbody>\n<\/table>\n<p>&nbsp;<\/p>\n<p><strong><b>Technische Parameter der Glasfaser<\/b><\/strong><\/p>\n<table>\n<tbody>\n<tr>\n<td colspan=\"2\" width=\"262\">Faserstil<\/td>\n<td width=\"85\">Einheit<\/td>\n<td width=\"94\">SM 9\/125<\/td>\n<td width=\"103\">MM 50\/125<\/td>\n<td width=\"113\">MM 62,5\/125<\/td>\n<\/tr>\n<tr>\n<td colspan=\"2\" width=\"262\">Zustand<\/td>\n<td width=\"85\">nm<\/td>\n<td width=\"94\">1310\/1550<\/td>\n<td width=\"103\">850\/1300<\/td>\n<td width=\"113\">850\/1300<\/td>\n<\/tr>\n<tr>\n<td colspan=\"2\" width=\"262\">D\u00e4mpfung<\/td>\n<td width=\"85\">dB\/km<\/td>\n<td width=\"94\">\u22640,34\/0,2<\/td>\n<td width=\"103\">\u22643,0\/1,0<\/td>\n<td width=\"113\">\u22643,0\/1,0<\/td>\n<\/tr>\n<tr>\n<td rowspan=\"2\" width=\"105\">Streuung<\/td>\n<td width=\"156\">1310 nm<\/td>\n<td width=\"85\">Ps\/(nm*km)<\/td>\n<td width=\"94\">\u226418<\/td>\n<td width=\"103\">\u2026..<\/td>\n<td width=\"113\">\u2026..<\/td>\n<\/tr>\n<tr>\n<td width=\"156\">1550 nm<\/td>\n<td width=\"85\">Ps\/(nm*km)<\/td>\n<td width=\"94\">\u226422<\/td>\n<td width=\"103\">\u2026..<\/td>\n<td width=\"113\">\u2026..<\/td>\n<\/tr>\n<tr>\n<td rowspan=\"2\" width=\"105\">Bandbreite<\/td>\n<td width=\"156\">850 nm<\/td>\n<td width=\"85\">MHZ. KM<\/td>\n<td width=\"94\">\u2026..<\/td>\n<td width=\"103\">\u2267400<\/td>\n<td width=\"113\">\u2267160<\/td>\n<\/tr>\n<tr>\n<td width=\"156\">1300 nm<\/td>\n<td width=\"85\">MHZ. KM<\/td>\n<td width=\"94\">\u2026..<\/td>\n<td width=\"103\">\u2267800<\/td>\n<td width=\"113\">\u2267500<\/td>\n<\/tr>\n<tr>\n<td colspan=\"2\" width=\"262\">Wellenl\u00e4nge ohne Dispersion<\/td>\n<td width=\"85\">nm<\/td>\n<td width=\"94\">\u22671302,<\/p>\n<p>\u22641322<\/td>\n<td width=\"103\">\u2026..<\/td>\n<td width=\"113\">\u2026..<\/td>\n<\/tr>\n<tr>\n<td colspan=\"2\" width=\"262\">Nulldispersionssteigung<\/td>\n<td width=\"85\">nm<\/td>\n<td width=\"94\">\u22640,091<\/td>\n<td width=\"103\">\u2026..<\/td>\n<td width=\"113\">\u2026..<\/td>\n<\/tr>\n<tr>\n<td colspan=\"2\" width=\"262\">PMD Maximale Einzelfaser<\/td>\n<td width=\"85\"><\/td>\n<td width=\"94\">\u22640,2<\/td>\n<td width=\"103\">\u2026..<\/td>\n<td width=\"113\">\u2026..<\/td>\n<\/tr>\n<tr>\n<td colspan=\"2\" width=\"262\">PMD-Design-Linkwert<\/td>\n<td width=\"85\">Ps(nm2*km)<\/td>\n<td width=\"94\">\u22640,08<\/td>\n<td width=\"103\">\u2026..<\/td>\n<td width=\"113\">\u2026..<\/td>\n<\/tr>\n<tr>\n<td colspan=\"2\" width=\"262\">Fasergrenzwellenl\u00e4nge \u03bbc<\/td>\n<td width=\"85\">nm<\/td>\n<td width=\"94\">\u22671180,<\/p>\n<p>\u22641330<\/td>\n<td width=\"103\">\u2026..<\/td>\n<td width=\"113\">\u2026..<\/td>\n<\/tr>\n<tr>\n<td colspan=\"2\" width=\"262\">Kabelgrenzwellenl\u00e4nge \u03bbcc<\/td>\n<td width=\"85\">nm<\/td>\n<td width=\"94\">\u22641260<\/td>\n<td width=\"103\">\u2026..<\/td>\n<td width=\"113\">\u2026..<\/td>\n<\/tr>\n<tr>\n<td rowspan=\"2\" width=\"105\">MFD<\/td>\n<td width=\"156\">1310 nm<\/td>\n<td width=\"85\">\u00e4hm<\/td>\n<td width=\"94\">9,2 \u00b1 0,4<\/td>\n<td width=\"103\">\u2026..<\/td>\n<td width=\"113\">\u2026..<\/td>\n<\/tr>\n<tr>\n<td width=\"156\">1550 nm<\/td>\n<td width=\"85\">\u00e4hm<\/td>\n<td width=\"94\">10,4 \u00b1 0,8<\/td>\n<td width=\"103\">\u2026..<\/td>\n<td width=\"113\">\u2026..<\/td>\n<\/tr>\n<tr>\n<td colspan=\"2\" width=\"262\">Numerische Apertur (NA)<\/td>\n<td width=\"85\"><\/td>\n<td width=\"94\">\u2026\u2026<\/td>\n<td width=\"103\">0,200 \u00b1 0,015<\/td>\n<td width=\"113\">0,275 \u00b1 0,015<\/td>\n<\/tr>\n<tr>\n<td colspan=\"2\" width=\"262\">Schritt (Mittelwert der bidirektionalen Messung)<\/td>\n<td width=\"85\">dB<\/td>\n<td width=\"94\">\u22640,05<\/td>\n<td width=\"103\">\u22640,10<\/td>\n<td width=\"113\">\u22640,10<\/td>\n<\/tr>\n<tr>\n<td colspan=\"2\" width=\"262\">Unregelm\u00e4\u00dfigkeiten \u00fcber die Faserl\u00e4nge und Punktdiskontinuit\u00e4t<\/td>\n<td width=\"85\">dB<\/td>\n<td width=\"94\">\u22640,05<\/td>\n<td width=\"103\">\u22640,10<\/td>\n<td width=\"113\">\u22640,10<\/td>\n<\/tr>\n<tr>\n<td colspan=\"2\" width=\"262\">Differenz-R\u00fcckstreukoeffizient<\/td>\n<td width=\"85\">dB\/km<\/td>\n<td width=\"94\">\u22640,03<\/td>\n<td width=\"103\">\u22640,08<\/td>\n<td width=\"113\">\u22640,10<\/td>\n<\/tr>\n<tr>\n<td colspan=\"2\" width=\"262\">Gleichm\u00e4\u00dfige D\u00e4mpfung<\/td>\n<td width=\"85\">dB\/km<\/td>\n<td width=\"94\">\u22640,01<\/td>\n<td width=\"103\">\u2026\u2026.<\/td>\n<td width=\"113\">\u2026\u2026.<\/td>\n<\/tr>\n<tr>\n<td colspan=\"2\" width=\"262\">Kerndurchmesser<\/td>\n<td width=\"85\">\u00e4hm<\/td>\n<td width=\"94\">\u2026\u2026<\/td>\n<td width=\"103\">50\u00b11,0<\/td>\n<td width=\"113\">62,5\u00b12,5<\/td>\n<\/tr>\n<tr>\n<td colspan=\"2\" width=\"262\">Manteldurchmesser<\/td>\n<td width=\"85\">\u00e4hm<\/td>\n<td width=\"94\">125,0 \u00b1 0,1<\/td>\n<td width=\"103\">125,0 \u00b1 0,1<\/td>\n<td width=\"113\">125,0 \u00b1 0,1<\/td>\n<\/tr>\n<tr>\n<td colspan=\"2\" width=\"262\">Unrundheit der Verkleidung<\/td>\n<td width=\"85\">%<\/td>\n<td width=\"94\">\u22641,0<\/td>\n<td width=\"103\">\u22641,0<\/td>\n<td width=\"113\">\u22641,0<\/td>\n<\/tr>\n<tr>\n<td colspan=\"2\" width=\"262\">Beschichtungsdurchmesser<\/td>\n<td width=\"85\">\u00e4hm<\/td>\n<td width=\"94\">242\u00b17<\/td>\n<td width=\"103\">242\u00b17<\/td>\n<td width=\"113\">242\u00b17<\/td>\n<\/tr>\n<tr>\n<td colspan=\"2\" width=\"262\">Beschichtung\/Buchfink konzentrischer Fehler<\/td>\n<td width=\"85\">\u00e4hm<\/td>\n<td width=\"94\">\u226412,0<\/td>\n<td width=\"103\">\u226412,0<\/td>\n<td width=\"113\">\u226412,0<\/td>\n<\/tr>\n<tr>\n<td colspan=\"2\" width=\"262\">Nichtzirkularit\u00e4t der Beschichtung<\/td>\n<td width=\"85\">%<\/td>\n<td width=\"94\">\u22646,0<\/td>\n<td width=\"103\">\u22646,0<\/td>\n<td width=\"113\">\u22646,0<\/td>\n<\/tr>\n<tr>\n<td colspan=\"2\" width=\"262\">Konzentrizit\u00e4tsfehler Kern\/Mantel<\/td>\n<td width=\"85\">\u00e4hm<\/td>\n<td width=\"94\">\u22640,6<\/td>\n<td width=\"103\">\u22641,5<\/td>\n<td width=\"113\">\u22641,5<\/td>\n<\/tr>\n<tr>\n<td colspan=\"2\" width=\"262\">Curl(Radius)<\/td>\n<td width=\"85\">\u00e4hm<\/td>\n<td width=\"94\">\u22644<\/td>\n<td width=\"103\">\u2026..<\/td>\n<td width=\"113\">\u2026..<\/td>\n<\/tr>\n<\/tbody>\n<\/table>","protected":false},"excerpt":{"rendered":"<p>Bei dem zentralen B\u00fcndeladerkabel 2-12F 6,0 mm ist die Glasfasereinheit in der Mitte einer hochharten PBT-B\u00fcndelader positioniert. Dieser Schlauch bietet einen sehr guten Schutz f\u00fcr die Faser. Ein Glasgarn umgibt das PBT-Rohr. Das Glasgarn bietet dem Kabel eine sehr gute Rattenschutzwirkung. Dann wird das Kabel [\u2026]<\/p>","protected":false},"featured_media":11294,"comment_status":"closed","ping_status":"closed","template":"","meta":{"site-sidebar-layout":"default","site-content-layout":"","ast-site-content-layout":"default","site-content-style":"default","site-sidebar-style":"default","ast-global-header-display":"","ast-banner-title-visibility":"","ast-main-header-display":"","ast-hfb-above-header-display":"","ast-hfb-below-header-display":"","ast-hfb-mobile-header-display":"","site-post-title":"","ast-breadcrumbs-content":"","ast-featured-img":"","footer-sml-layout":"","theme-transparent-header-meta":"default","adv-header-id-meta":"","stick-header-meta":"default","header-above-stick-meta":"","header-main-stick-meta":"","header-below-stick-meta":"","astra-migrate-meta-layouts":"set","ast-page-background-enabled":"default","ast-page-background-meta":{"desktop":{"background-color":"var(--ast-global-color-4)","background-image":"","background-repeat":"repeat","background-position":"center center","background-size":"auto","background-attachment":"scroll","background-type":"","background-media":"","overlay-type":"","overlay-color":"","overlay-gradient":""},"tablet":{"background-color":"","background-image":"","background-repeat":"repeat","background-position":"center center","background-size":"auto","background-attachment":"scroll","background-type":"","background-media":"","overlay-type":"","overlay-color":"","overlay-gradient":""},"mobile":{"background-color":"","background-image":"","background-repeat":"repeat","background-position":"center center","background-size":"auto","background-attachment":"scroll","background-type":"","background-media":"","overlay-type":"","overlay-color":"","overlay-gradient":""}},"ast-content-background-meta":{"desktop":{"background-color":"var(--ast-global-color-5)","background-image":"","background-repeat":"repeat","background-position":"center center","background-size":"auto","background-attachment":"scroll","background-type":"","background-media":"","overlay-type":"","overlay-color":"","overlay-gradient":""},"tablet":{"background-color":"var(--ast-global-color-5)","background-image":"","background-repeat":"repeat","background-position":"center center","background-size":"auto","background-attachment":"scroll","background-type":"","background-media":"","overlay-type":"","overlay-color":"","overlay-gradient":""},"mobile":{"background-color":"var(--ast-global-color-5)","background-image":"","background-repeat":"repeat","background-position":"center center","background-size":"auto","background-attachment":"scroll","background-type":"","background-media":"","overlay-type":"","overlay-color":"","overlay-gradient":""}}},"product_cat":[144,126],"product_tag":[],"class_list":{"0":"post-11292","1":"product","2":"type-product","3":"status-publish","4":"has-post-thumbnail","6":"product_cat-central-loose-tubetype-with-gel","7":"product_cat-indooroutdoor-cable","8":"desktop-align-left","9":"tablet-align-left","10":"mobile-align-left","11":"ast-product-gallery-layout-horizontal-slider","12":"ast-product-tabs-layout-horizontal","14":"first","15":"instock","16":"shipping-taxable","17":"product-type-simple"},"acf":[],"_links":{"self":[{"href":"https:\/\/www.omccable.com\/de\/wp-json\/wp\/v2\/product\/11292","targetHints":{"allow":["GET"]}}],"collection":[{"href":"https:\/\/www.omccable.com\/de\/wp-json\/wp\/v2\/product"}],"about":[{"href":"https:\/\/www.omccable.com\/de\/wp-json\/wp\/v2\/types\/product"}],"replies":[{"embeddable":true,"href":"https:\/\/www.omccable.com\/de\/wp-json\/wp\/v2\/comments?post=11292"}],"version-history":[{"count":2,"href":"https:\/\/www.omccable.com\/de\/wp-json\/wp\/v2\/product\/11292\/revisions"}],"predecessor-version":[{"id":13271,"href":"https:\/\/www.omccable.com\/de\/wp-json\/wp\/v2\/product\/11292\/revisions\/13271"}],"wp:featuredmedia":[{"embeddable":true,"href":"https:\/\/www.omccable.com\/de\/wp-json\/wp\/v2\/media\/11294"}],"wp:attachment":[{"href":"https:\/\/www.omccable.com\/de\/wp-json\/wp\/v2\/media?parent=11292"}],"wp:term":[{"taxonomy":"product_cat","embeddable":true,"href":"https:\/\/www.omccable.com\/de\/wp-json\/wp\/v2\/product_cat?post=11292"},{"taxonomy":"product_tag","embeddable":true,"href":"https:\/\/www.omccable.com\/de\/wp-json\/wp\/v2\/product_tag?post=11292"}],"curies":[{"name":"wp","href":"https:\/\/api.w.org\/{rel}","templated":true}]}}