{"id":11245,"date":"2024-07-02T09:36:41","date_gmt":"2024-07-02T01:36:41","guid":{"rendered":"https:\/\/www.omccable.com\/?post_type=product&#038;p=11245"},"modified":"2024-07-02T09:44:06","modified_gmt":"2024-07-02T01:44:06","slug":"72f-aerial-self-supporting-fig-8-stranded-loose-tube-armored-cable-gyftc8a","status":"publish","type":"product","link":"https:\/\/www.omccable.com\/de\/produkt\/72f-aerial-self-supporting-fig-8-stranded-loose-tube-armored-cable-gyftc8a\/","title":{"rendered":"72F Luftselbsttragendes Fig. 8 verseiltes, gepanzertes B\u00fcndeladerkabel GYFTC8A"},"content":{"rendered":"<p>In OMCs <strong><b>72F Luftselbsttragendes Fig. 8 verseiltes, gepanzertes B\u00fcndeladerkabel GYFTC8A<\/b><\/strong>, A <strong><b>FRP-Draht<\/b><\/strong>, manchmal mit Polyethylen (PE) ummantelt, befindet sich in der Mitte des Kerns als nichtmetallisches Festigkeitselement. Singlemode-\/Multimode-Fasern werden in der B\u00fcndelader positioniert, die aus PBT-Materialien besteht und mit F\u00fcllmasse gef\u00fcllt ist. Die PBT-R\u00f6hrchen sind mit einem APL-Klebeband abgedeckt. Anschlie\u00dfend wurde das APL-Band mit einer Ummantelung aus HDPE-Material ummantelt, um die Kompaktheit und die wasserabweisende Wirkung in L\u00e4ngsrichtung zu gew\u00e4hrleisten.<\/p>\n<p>&nbsp;<\/p>\n<p><strong><b>Standardfarbe von Faser und Schlauch<\/b><\/strong><\/p>\n<p>Der Farbcode der einzelnen Fasern muss der folgenden Tabelle entsprechen:<\/p>\n<table>\n<tbody>\n<tr>\n<td width=\"179\">Nein.<\/td>\n<td width=\"94\">1<\/td>\n<td width=\"85\">2<\/td>\n<td width=\"85\">3<\/td>\n<td width=\"94\">4<\/td>\n<td width=\"85\">5<\/td>\n<td width=\"87\">6<\/td>\n<\/tr>\n<tr>\n<td width=\"179\">Farbe<\/td>\n<td width=\"94\">Blau<\/td>\n<td width=\"85\">Orange<\/td>\n<td width=\"85\">Gr\u00fcn<\/td>\n<td width=\"94\">Braun<\/td>\n<td width=\"85\">Slate<\/td>\n<td width=\"87\">White<\/td>\n<\/tr>\n<tr>\n<td width=\"179\">Nein.<\/td>\n<td width=\"94\">7<\/td>\n<td width=\"85\">8<\/td>\n<td width=\"85\">9<\/td>\n<td width=\"94\">10<\/td>\n<td width=\"85\">11<\/td>\n<td width=\"87\">12<\/td>\n<\/tr>\n<tr>\n<td width=\"179\">Farbe<\/td>\n<td width=\"94\">Rot<\/td>\n<td width=\"85\">Schwarz<\/td>\n<td width=\"85\">Gelb<\/td>\n<td width=\"94\">Violett<\/td>\n<td width=\"85\">Rosa<\/td>\n<td width=\"87\">Aqua<\/td>\n<\/tr>\n<\/tbody>\n<\/table>\n<p>&nbsp;<\/p>\n<p><strong><b>Kabel<\/b><\/strong><strong><b>\u00a0Strukturparameter<\/b><\/strong><\/p>\n<table>\n<tbody>\n<tr>\n<td width=\"217\"><strong><b>Artikel<\/b><\/strong><\/td>\n<td width=\"141\"><strong><b>Inhalt<\/b><\/strong><\/td>\n<td width=\"66\"><strong><b>Einheit<\/b><\/strong><\/td>\n<td width=\"283\"><strong><b>Wert<\/b><\/strong><\/td>\n<\/tr>\n<tr>\n<td width=\"217\">Faseranzahl<\/td>\n<td width=\"141\">Zahl<\/td>\n<td width=\"66\">\/<\/td>\n<td width=\"283\">72<\/td>\n<\/tr>\n<tr>\n<td width=\"217\">Fasertyp<\/td>\n<td width=\"141\">\/<\/td>\n<td width=\"66\">\/<\/td>\n<td width=\"283\">G652D<\/td>\n<\/tr>\n<tr>\n<td width=\"217\">Kabelstruktur<\/td>\n<td width=\"141\">\/<\/td>\n<td width=\"66\">\/<\/td>\n<td width=\"283\">1+6<\/td>\n<\/tr>\n<tr>\n<td width=\"217\">Fasern pro R\u00f6hre<\/td>\n<td width=\"141\">Z\u00e4hlen<\/td>\n<td width=\"66\">\/<\/td>\n<td width=\"283\">12<\/td>\n<\/tr>\n<tr>\n<td rowspan=\"2\" width=\"217\">B\u00fcndelader<\/td>\n<td width=\"141\">Material<\/td>\n<td width=\"66\">\/<\/td>\n<td width=\"283\">PBT<\/td>\n<\/tr>\n<tr>\n<td width=\"141\">Nenndurchmesser<\/td>\n<td width=\"66\">mm<\/td>\n<td width=\"283\">2.4<\/td>\n<\/tr>\n<tr>\n<td rowspan=\"3\" width=\"217\">Zentrales Kraftmitglied<\/td>\n<td width=\"141\">Material<\/td>\n<td width=\"66\">\/<\/td>\n<td width=\"283\">FRP-Polsterschicht<\/td>\n<\/tr>\n<tr>\n<td width=\"141\">Nenndurchmesser<\/td>\n<td width=\"66\">mm<\/td>\n<td width=\"283\">2.5<\/td>\n<\/tr>\n<tr>\n<td width=\"141\">PE-Kissen<\/td>\n<td width=\"66\">mm<\/td>\n<td width=\"283\">\u2013<\/td>\n<\/tr>\n<tr>\n<td width=\"217\">Wasserblockiersystem<\/td>\n<td width=\"141\">Material<\/td>\n<td width=\"66\"><\/td>\n<td width=\"283\">F\u00fcllmasse<\/td>\n<\/tr>\n<tr>\n<td width=\"217\">Peripheres Festigkeitselement<\/td>\n<td width=\"141\">Material<\/td>\n<td width=\"66\"><\/td>\n<td width=\"283\">Aluminiumband<\/td>\n<\/tr>\n<tr>\n<td rowspan=\"2\" width=\"217\">Messenger-Dr\u00e4hte<\/td>\n<td width=\"141\">Nennma\u00df<\/td>\n<td width=\"66\">mm<\/td>\n<td width=\"283\">Verzinkter Stahlstrang 7*1,2<\/td>\n<\/tr>\n<tr>\n<td width=\"141\">Nenndicke<\/td>\n<td width=\"66\">mm<\/td>\n<td width=\"283\">1<\/td>\n<\/tr>\n<tr>\n<td rowspan=\"2\" width=\"217\">D\u00e4mpfung (nach Kabel)<\/td>\n<td width=\"141\">1310 nm<\/td>\n<td width=\"66\">dB\/km<\/td>\n<td width=\"283\">\u22640,36<\/td>\n<\/tr>\n<tr>\n<td width=\"141\">1550 nm<\/td>\n<td width=\"66\">dB\/km<\/td>\n<td width=\"283\">\u22640,22<\/td>\n<\/tr>\n<tr>\n<td rowspan=\"2\" width=\"217\">Streifen<\/td>\n<td width=\"141\">Zahl<\/td>\n<td width=\"66\"><\/td>\n<td width=\"283\">1<\/td>\n<\/tr>\n<tr>\n<td width=\"141\">Material<\/td>\n<td width=\"66\"><\/td>\n<td width=\"283\">HDPE<\/td>\n<\/tr>\n<tr>\n<td rowspan=\"2\" width=\"217\">Au\u00dfenmantel<\/td>\n<td width=\"141\">Farbe<\/td>\n<td width=\"66\"><\/td>\n<td width=\"283\">Schwarz<\/td>\n<\/tr>\n<tr>\n<td width=\"141\">Nenndicke<\/td>\n<td width=\"66\">mm<\/td>\n<td width=\"283\">2.2<\/td>\n<\/tr>\n<tr>\n<td width=\"217\">Kabeldurchmesser<\/td>\n<td width=\"141\">\u00b11,0<\/td>\n<td width=\"66\">mm<\/td>\n<td width=\"283\">12.7*20.8<\/td>\n<\/tr>\n<tr>\n<td width=\"217\">Kabelgewicht<\/td>\n<td width=\"141\">\u00b110%<\/td>\n<td width=\"66\">kg\/km<\/td>\n<td width=\"283\">227<\/td>\n<\/tr>\n<\/tbody>\n<\/table>\n<p><strong><b>\u00a0<\/b><\/strong><\/p>\n<p><strong><b>Mechanische und Umweltleistung<\/b><\/strong><\/p>\n<table>\n<tbody>\n<tr>\n<td width=\"229\"><strong>Artikel<\/strong><\/td>\n<td width=\"270\"><strong>Inhalt<\/strong><\/td>\n<td width=\"221\"><strong>Wert<\/strong><\/td>\n<\/tr>\n<tr>\n<td rowspan=\"2\" width=\"229\">Max. Zugbelastung<\/td>\n<td width=\"270\">Kurzfristig<\/td>\n<td width=\"221\">5000 N (Faserdehnung \u2264 0,6 %)<\/td>\n<\/tr>\n<tr>\n<td width=\"270\">Langfristig<\/td>\n<td width=\"221\">1500 N<\/td>\n<\/tr>\n<tr>\n<td rowspan=\"2\" width=\"229\">Max. Druckfestigkeit<\/td>\n<td width=\"270\">Kurzfristig<\/td>\n<td width=\"221\">1500 N\/100mm<\/td>\n<\/tr>\n<tr>\n<td width=\"270\">Langfristig<\/td>\n<td width=\"221\">500 N\/100 mm<\/td>\n<\/tr>\n<tr>\n<td rowspan=\"2\" width=\"229\">Min. Biegeradius<\/td>\n<td width=\"270\">Installation<\/td>\n<td width=\"221\">25x Kabeldurchmesser<\/td>\n<\/tr>\n<tr>\n<td width=\"270\">Betrieb<\/td>\n<td width=\"221\">15 x Kabeldurchmesser<\/td>\n<\/tr>\n<tr>\n<td rowspan=\"3\" width=\"229\">Temperaturbereich<\/td>\n<td width=\"270\">Betrieb<\/td>\n<td width=\"221\">-20\u2103 ~ +60\u2103<\/td>\n<\/tr>\n<tr>\n<td width=\"270\">Installation<\/td>\n<td width=\"221\">-40\u2103 ~ +70\u2103<\/td>\n<\/tr>\n<tr>\n<td width=\"270\">Lagerung\/Transport<\/td>\n<td width=\"221\">-40\u2103 ~ +60\u2103<\/td>\n<\/tr>\n<\/tbody>\n<\/table>\n<p>&nbsp;<\/p>\n<p><strong><b>Technische Parameter der Glasfaser <\/b><\/strong><\/p>\n<table>\n<tbody>\n<tr>\n<td colspan=\"2\" width=\"311\"><strong>Faserstil<\/strong><\/td>\n<td width=\"85\"><strong>Einheit<\/strong><\/td>\n<td width=\"94\"><strong>SM 9\/125<\/strong><\/td>\n<td width=\"104\"><strong>MM 50\/125<\/strong><\/td>\n<td width=\"113\"><strong>MM 62,5\/125<\/strong><\/td>\n<\/tr>\n<tr>\n<td colspan=\"2\" width=\"311\">Zustand<\/td>\n<td width=\"85\">nm<\/td>\n<td width=\"94\">1310\/1550<\/td>\n<td width=\"104\">850\/1300<\/td>\n<td width=\"113\">850\/1300<\/td>\n<\/tr>\n<tr>\n<td colspan=\"2\" width=\"311\">D\u00e4mpfung<\/td>\n<td width=\"85\">dB\/km<\/td>\n<td width=\"94\">\u22640,34\/0,2<\/td>\n<td width=\"104\">\u22643,0\/1,0<\/td>\n<td width=\"113\">\u22643,0\/1,0<\/td>\n<\/tr>\n<tr>\n<td rowspan=\"2\" width=\"141\">Streuung<\/td>\n<td width=\"170\">1310 nm<\/td>\n<td width=\"85\">Ps\/(nm*km)<\/td>\n<td width=\"94\">\u226418<\/td>\n<td width=\"104\">\u2026..<\/td>\n<td width=\"113\">\u2026..<\/td>\n<\/tr>\n<tr>\n<td width=\"170\">1550 nm<\/td>\n<td width=\"85\">Ps\/(nm*km)<\/td>\n<td width=\"94\">\u226422<\/td>\n<td width=\"104\">\u2026..<\/td>\n<td width=\"113\">\u2026..<\/td>\n<\/tr>\n<tr>\n<td rowspan=\"2\" width=\"141\">Bandbreite<\/td>\n<td width=\"170\">850 nm<\/td>\n<td width=\"85\">MHZ. KM<\/td>\n<td width=\"94\">\u2026..<\/td>\n<td width=\"104\">\u2267400<\/td>\n<td width=\"113\">\u2267160<\/td>\n<\/tr>\n<tr>\n<td width=\"170\">1300 nm<\/td>\n<td width=\"85\">MHZ. KM<\/td>\n<td width=\"94\">\u2026..<\/td>\n<td width=\"104\">\u2267800<\/td>\n<td width=\"113\">\u2267500<\/td>\n<\/tr>\n<tr>\n<td colspan=\"2\" width=\"311\">Wellenl\u00e4nge ohne Dispersion<\/td>\n<td width=\"85\">nm<\/td>\n<td width=\"94\">\u22671302,<\/p>\n<p>\u22641322<\/td>\n<td width=\"104\">\u2026..<\/td>\n<td width=\"113\">\u2026..<\/td>\n<\/tr>\n<tr>\n<td colspan=\"2\" width=\"311\">Nulldispersionssteigung<\/td>\n<td width=\"85\">nm<\/td>\n<td width=\"94\">\u22640,091<\/td>\n<td width=\"104\">\u2026..<\/td>\n<td width=\"113\">\u2026..<\/td>\n<\/tr>\n<tr>\n<td colspan=\"2\" width=\"311\">PMD Maximale Einzelfaser<\/td>\n<td width=\"85\"><\/td>\n<td width=\"94\">\u22640,2<\/td>\n<td width=\"104\">\u2026..<\/td>\n<td width=\"113\">\u2026..<\/td>\n<\/tr>\n<tr>\n<td colspan=\"2\" width=\"311\">PMD-Design-Linkwert<\/td>\n<td width=\"85\">Ps(nm2*km)<\/td>\n<td width=\"94\">\u22640,08<\/td>\n<td width=\"104\">\u2026..<\/td>\n<td width=\"113\">\u2026..<\/td>\n<\/tr>\n<tr>\n<td colspan=\"2\" width=\"311\">Fasergrenzwellenl\u00e4nge \u03bbc<\/td>\n<td width=\"85\">nm<\/td>\n<td width=\"94\">\u22671180,<\/p>\n<p>\u22641330<\/td>\n<td width=\"104\">\u2026..<\/td>\n<td width=\"113\">\u2026..<\/td>\n<\/tr>\n<tr>\n<td colspan=\"2\" width=\"311\">Kabelgrenzwellenl\u00e4nge \u03bbcc<\/td>\n<td width=\"85\">nm<\/td>\n<td width=\"94\">\u22641260<\/td>\n<td width=\"104\">\u2026..<\/td>\n<td width=\"113\">\u2026..<\/td>\n<\/tr>\n<tr>\n<td rowspan=\"2\" width=\"141\">MFD<\/td>\n<td width=\"170\">1310 nm<\/td>\n<td width=\"85\">\u00e4hm<\/td>\n<td width=\"94\">9,2 \u00b1 0,4<\/td>\n<td width=\"104\">\u2026..<\/td>\n<td width=\"113\">\u2026..<\/td>\n<\/tr>\n<tr>\n<td width=\"170\">1550 nm<\/td>\n<td width=\"85\">\u00e4hm<\/td>\n<td width=\"94\">10,4 \u00b1 0,8<\/td>\n<td width=\"104\">\u2026..<\/td>\n<td width=\"113\">\u2026..<\/td>\n<\/tr>\n<tr>\n<td colspan=\"2\" width=\"311\">Numerische Apertur (NA)<\/td>\n<td width=\"85\"><\/td>\n<td width=\"94\">\u2026\u2026<\/td>\n<td width=\"104\">0,200 \u00b1 0,015<\/td>\n<td width=\"113\">0,275 \u00b1 0,015<\/td>\n<\/tr>\n<tr>\n<td colspan=\"2\" width=\"311\">Schritt (Mittelwert der bidirektionalen Messung)<\/td>\n<td width=\"85\">dB<\/td>\n<td width=\"94\">\u22640,05<\/td>\n<td width=\"104\">\u22640,10<\/td>\n<td width=\"113\">\u22640,10<\/td>\n<\/tr>\n<tr>\n<td colspan=\"2\" width=\"311\">Unregelm\u00e4\u00dfigkeiten \u00fcber die Faserl\u00e4nge und Punktdiskontinuit\u00e4t<\/td>\n<td width=\"85\">dB<\/td>\n<td width=\"94\">\u22640,05<\/td>\n<td width=\"104\">\u22640,10<\/td>\n<td width=\"113\">\u22640,10<\/td>\n<\/tr>\n<tr>\n<td colspan=\"2\" width=\"311\">Differenz-R\u00fcckstreukoeffizient<\/td>\n<td width=\"85\">dB\/km<\/td>\n<td width=\"94\">\u22640,03<\/td>\n<td width=\"104\">\u22640,08<\/td>\n<td width=\"113\">\u22640,10<\/td>\n<\/tr>\n<tr>\n<td colspan=\"2\" width=\"311\">Gleichm\u00e4\u00dfige D\u00e4mpfung<\/td>\n<td width=\"85\">dB\/km<\/td>\n<td width=\"94\">\u22640,01<\/td>\n<td width=\"104\">\u2026\u2026.<\/td>\n<td width=\"113\">\u2026\u2026.<\/td>\n<\/tr>\n<tr>\n<td colspan=\"2\" width=\"311\">Kerndurchmesser<\/td>\n<td width=\"85\">\u00e4hm<\/td>\n<td width=\"94\">\u2026\u2026<\/td>\n<td width=\"104\">50\u00b11,0<\/td>\n<td width=\"113\">62,5\u00b12,5<\/td>\n<\/tr>\n<tr>\n<td colspan=\"2\" width=\"311\">Manteldurchmesser<\/td>\n<td width=\"85\">\u00e4hm<\/td>\n<td width=\"94\">125,0 \u00b1 0,1<\/td>\n<td width=\"104\">125,0 \u00b1 0,1<\/td>\n<td width=\"113\">125,0 \u00b1 0,1<\/td>\n<\/tr>\n<tr>\n<td colspan=\"2\" width=\"311\">Unrundheit der Verkleidung<\/td>\n<td width=\"85\">%<\/td>\n<td width=\"94\">\u22641,0<\/td>\n<td width=\"104\">\u22641,0<\/td>\n<td width=\"113\">\u22641,0<\/td>\n<\/tr>\n<tr>\n<td colspan=\"2\" width=\"311\">Beschichtungsdurchmesser<\/td>\n<td width=\"85\">\u00e4hm<\/td>\n<td width=\"94\">242\u00b17<\/td>\n<td width=\"104\">242\u00b17<\/td>\n<td width=\"113\">242\u00b17<\/td>\n<\/tr>\n<tr>\n<td colspan=\"2\" width=\"311\">Beschichtung\/Buchfink konzentrischer Fehler<\/td>\n<td width=\"85\">\u00e4hm<\/td>\n<td width=\"94\">\u226412,0<\/td>\n<td width=\"104\">\u226412,0<\/td>\n<td width=\"113\">\u226412,0<\/td>\n<\/tr>\n<tr>\n<td colspan=\"2\" width=\"311\">Nichtzirkularit\u00e4t der Beschichtung<\/td>\n<td width=\"85\">%<\/td>\n<td width=\"94\">\u22646,0<\/td>\n<td width=\"104\">\u22646,0<\/td>\n<td width=\"113\">\u22646,0<\/td>\n<\/tr>\n<tr>\n<td colspan=\"2\" width=\"311\">Konzentrizit\u00e4tsfehler Kern\/Mantel<\/td>\n<td width=\"85\">\u00e4hm<\/td>\n<td width=\"94\">\u22640,6<\/td>\n<td width=\"104\">\u22641,5<\/td>\n<td width=\"113\">\u22641,5<\/td>\n<\/tr>\n<tr>\n<td colspan=\"2\" width=\"311\">Curl(Radius)<\/td>\n<td width=\"85\">\u00e4hm<\/td>\n<td width=\"94\">\u22644<\/td>\n<td width=\"104\">\u2026..<\/td>\n<td width=\"113\">\u2026..<\/td>\n<\/tr>\n<\/tbody>\n<\/table>","protected":false},"excerpt":{"rendered":"<p>Im selbsttragenden 72F-Antennenkabel GYFTC8A von OMC (Abb. 8) befindet sich ein FRP-Draht, manchmal mit Polyethylen (PE) ummantelt, in der Mitte des Kerns als metallfreies Festigkeitselement. Singlemode-\/Multimode-Fasern werden in der B\u00fcndelader positioniert, die aus PBT-Materialien besteht und mit F\u00fcllmasse gef\u00fcllt ist. Es gibt ein APL-Band [\u2026]<\/p>","protected":false},"featured_media":11247,"comment_status":"closed","ping_status":"closed","template":"","meta":{"site-sidebar-layout":"default","site-content-layout":"","ast-site-content-layout":"default","site-content-style":"default","site-sidebar-style":"default","ast-global-header-display":"","ast-banner-title-visibility":"","ast-main-header-display":"","ast-hfb-above-header-display":"","ast-hfb-below-header-display":"","ast-hfb-mobile-header-display":"","site-post-title":"","ast-breadcrumbs-content":"","ast-featured-img":"","footer-sml-layout":"","theme-transparent-header-meta":"default","adv-header-id-meta":"","stick-header-meta":"default","header-above-stick-meta":"","header-main-stick-meta":"","header-below-stick-meta":"","astra-migrate-meta-layouts":"set","ast-page-background-enabled":"default","ast-page-background-meta":{"desktop":{"background-color":"var(--ast-global-color-4)","background-image":"","background-repeat":"repeat","background-position":"center center","background-size":"auto","background-attachment":"scroll","background-type":"","background-media":"","overlay-type":"","overlay-color":"","overlay-gradient":""},"tablet":{"background-color":"","background-image":"","background-repeat":"repeat","background-position":"center center","background-size":"auto","background-attachment":"scroll","background-type":"","background-media":"","overlay-type":"","overlay-color":"","overlay-gradient":""},"mobile":{"background-color":"","background-image":"","background-repeat":"repeat","background-position":"center center","background-size":"auto","background-attachment":"scroll","background-type":"","background-media":"","overlay-type":"","overlay-color":"","overlay-gradient":""}},"ast-content-background-meta":{"desktop":{"background-color":"var(--ast-global-color-5)","background-image":"","background-repeat":"repeat","background-position":"center center","background-size":"auto","background-attachment":"scroll","background-type":"","background-media":"","overlay-type":"","overlay-color":"","overlay-gradient":""},"tablet":{"background-color":"var(--ast-global-color-5)","background-image":"","background-repeat":"repeat","background-position":"center center","background-size":"auto","background-attachment":"scroll","background-type":"","background-media":"","overlay-type":"","overlay-color":"","overlay-gradient":""},"mobile":{"background-color":"var(--ast-global-color-5)","background-image":"","background-repeat":"repeat","background-position":"center center","background-size":"auto","background-attachment":"scroll","background-type":"","background-media":"","overlay-type":"","overlay-color":"","overlay-gradient":""}}},"product_cat":[139,124],"product_tag":[],"class_list":{"0":"post-11245","1":"product","2":"type-product","3":"status-publish","4":"has-post-thumbnail","6":"product_cat-armored-outdoor-cable","7":"product_cat-outdoor-cable","8":"desktop-align-left","9":"tablet-align-left","10":"mobile-align-left","11":"ast-product-gallery-layout-horizontal-slider","12":"ast-product-tabs-layout-horizontal","14":"first","15":"instock","16":"shipping-taxable","17":"product-type-simple"},"acf":[],"_links":{"self":[{"href":"https:\/\/www.omccable.com\/de\/wp-json\/wp\/v2\/product\/11245","targetHints":{"allow":["GET"]}}],"collection":[{"href":"https:\/\/www.omccable.com\/de\/wp-json\/wp\/v2\/product"}],"about":[{"href":"https:\/\/www.omccable.com\/de\/wp-json\/wp\/v2\/types\/product"}],"replies":[{"embeddable":true,"href":"https:\/\/www.omccable.com\/de\/wp-json\/wp\/v2\/comments?post=11245"}],"version-history":[{"count":2,"href":"https:\/\/www.omccable.com\/de\/wp-json\/wp\/v2\/product\/11245\/revisions"}],"predecessor-version":[{"id":11249,"href":"https:\/\/www.omccable.com\/de\/wp-json\/wp\/v2\/product\/11245\/revisions\/11249"}],"wp:featuredmedia":[{"embeddable":true,"href":"https:\/\/www.omccable.com\/de\/wp-json\/wp\/v2\/media\/11247"}],"wp:attachment":[{"href":"https:\/\/www.omccable.com\/de\/wp-json\/wp\/v2\/media?parent=11245"}],"wp:term":[{"taxonomy":"product_cat","embeddable":true,"href":"https:\/\/www.omccable.com\/de\/wp-json\/wp\/v2\/product_cat?post=11245"},{"taxonomy":"product_tag","embeddable":true,"href":"https:\/\/www.omccable.com\/de\/wp-json\/wp\/v2\/product_tag?post=11245"}],"curies":[{"name":"wp","href":"https:\/\/api.w.org\/{rel}","templated":true}]}}