{"id":11110,"date":"2024-06-24T16:55:47","date_gmt":"2024-06-24T08:55:47","guid":{"rendered":"https:\/\/www.omccable.com\/?post_type=product&#038;p=11110"},"modified":"2024-06-24T16:55:48","modified_gmt":"2024-06-24T08:55:48","slug":"2-144f-stranded-loose-tube-double-armoredsheath-cable-gyfta53-pe","status":"publish","type":"product","link":"https:\/\/www.omccable.com\/de\/produkt\/2-144f-stranded-loose-tube-double-armoredsheath-cable-gyfta53-pe\/","title":{"rendered":"2-144F verseiltes B\u00fcndeladerkabel mit doppelter Panzerung und Mantel (GYFTA53) PE"},"content":{"rendered":"<p>In OMCs <strong><b>2-144F verseiltes B\u00fcndeladerkabel mit doppelter Panzerung und Mantel (GYFTA53) PE <\/b><\/strong><strong><b>Geben Sie<\/b><\/strong>, A <strong><b>FRP-Draht<\/b><\/strong>, ein , manchmal mit Polyethylen (PE) ummantelt, befindet sich in der Mitte des Kerns als nichtmetallisches Festigkeitselement. Singlemode-\/Multimode-Fasern werden in der B\u00fcndelader positioniert, die aus PBT-Materialien besteht und mit F\u00fcllmasse gef\u00fcllt ist. Das<strong><b>\u00a0Tuben (und F\u00fcller)<\/b><\/strong>\u00a0werden um den Festigkeitstr\u00e4ger zu einem kompakten und kreisf\u00f6rmigen Kern verseilt. Ein <strong><b>Aluminium-Polyethylen-Laminat (APL)<\/b><\/strong>\u00a0wird rund um die Kabelseele angebracht. Dann wird die APL mit einem d\u00fcnnen <strong><b>abgedeckt Innenmantel aus Polyethylen (PE)<\/b><\/strong>, abgedeckt , Nach einem <strong><b>bedeckt Wasser<\/b><\/strong><strong><b>\u00a0<\/b><\/strong><strong><b>Blockierung<\/b><\/strong><strong><b>\u00a0<\/b><\/strong><strong><b>zusammengesetzt<\/b><\/strong>\u00a0und\u00a0<strong><b>gewelltes Stahlband<\/b><\/strong>\u00a0Die Armierung wird aufgebracht, das Kabel wird mit einem <strong><b>PE<\/b><\/strong>\u00a0Endlich die Au\u00dfenh\u00fclle.<\/p>\n<p>&nbsp;<\/p>\n<p><strong><b>Standardfarbe von Faser und Schlauch<\/b><\/strong><\/p>\n<p>Der Farbcode der einzelnen Fasern muss der folgenden Tabelle entsprechen<\/p>\n<table>\n<tbody>\n<tr>\n<td width=\"124\"><strong>Nein.<\/strong><\/td>\n<td width=\"85\">1<\/td>\n<td width=\"94\">2<\/td>\n<td width=\"94\">3<\/td>\n<td width=\"85\">4<\/td>\n<td width=\"75\">5<\/td>\n<td width=\"104\">6<\/td>\n<\/tr>\n<tr>\n<td width=\"124\"><strong>Farbe<\/strong><\/td>\n<td width=\"85\">Blau<\/td>\n<td width=\"94\">Orange<\/td>\n<td width=\"94\">Gr\u00fcn<\/td>\n<td width=\"85\">Braun<\/td>\n<td width=\"75\">Grau<\/td>\n<td width=\"104\">White<\/td>\n<\/tr>\n<tr>\n<td width=\"124\"><strong>Nein.<\/strong><\/td>\n<td width=\"85\">7<\/td>\n<td width=\"94\">8<\/td>\n<td width=\"94\">9<\/td>\n<td width=\"85\">10<\/td>\n<td width=\"75\">11<\/td>\n<td width=\"104\">12<\/td>\n<\/tr>\n<tr>\n<td width=\"124\"><strong>Farbe<\/strong><\/td>\n<td width=\"85\">Rot<\/td>\n<td width=\"94\">Schwarz<\/td>\n<td width=\"94\">Gelb<\/td>\n<td width=\"85\">Violett<\/td>\n<td width=\"75\">Rosa<\/td>\n<td width=\"104\">Aqua<\/td>\n<\/tr>\n<\/tbody>\n<\/table>\n<p>Schlauchfarbcode f\u00fcr 12~144 Fasern:<\/p>\n<table>\n<tbody>\n<tr>\n<td width=\"124\"><strong>Nein.<\/strong><\/td>\n<td width=\"85\">1<\/td>\n<td width=\"94\">2<\/td>\n<td width=\"94\">3<\/td>\n<td width=\"85\">4<\/td>\n<td width=\"85\">5<\/td>\n<td width=\"94\">6<\/td>\n<\/tr>\n<tr>\n<td width=\"124\"><strong>Farbe<\/strong><\/td>\n<td width=\"85\">Blau<\/td>\n<td width=\"94\">Orange<\/td>\n<td width=\"94\">Gr\u00fcn<\/td>\n<td width=\"85\">Braun<\/td>\n<td width=\"85\">Grau<\/td>\n<td width=\"94\">White<\/td>\n<\/tr>\n<tr>\n<td width=\"124\"><strong>Nein.<\/strong><\/td>\n<td width=\"85\">7<\/td>\n<td width=\"94\">8<\/td>\n<td width=\"94\">9<\/td>\n<td width=\"85\">10<\/td>\n<td width=\"85\">11<\/td>\n<td width=\"94\">12<\/td>\n<\/tr>\n<tr>\n<td width=\"124\"><strong>Farbe<\/strong><\/td>\n<td width=\"85\">Rot<\/td>\n<td width=\"94\">Schwarz<\/td>\n<td width=\"94\">Gelb<\/td>\n<td width=\"85\">Violett<\/td>\n<td width=\"85\">Rosa<\/td>\n<td width=\"94\">Aqua<\/td>\n<\/tr>\n<\/tbody>\n<\/table>\n<p>Hinweis: # bedeutet einzelner schwarzer Streifen; * bedeutet einzelner wei\u00dfer Streifen.<\/p>\n<p>&nbsp;<\/p>\n<p><strong><b>Kabel<\/b><\/strong><strong><b>\u00a0Strukturparameter<\/b><\/strong><\/p>\n<table>\n<tbody>\n<tr>\n<td width=\"141\"><strong><b>Teile-Nr.<\/b><\/strong><\/td>\n<td width=\"65\"><strong><b>Fasern<\/b><\/strong><\/td>\n<td width=\"50\"><strong><b>R\u00f6hren<\/b><\/strong><\/td>\n<td width=\"68\"><strong><b>Kabel-Au\u00dfendurchmesser (mm)<\/b><\/strong><\/td>\n<td width=\"58\"><strong><b>Gewicht<\/b><\/strong><strong><b><br \/>\n<\/b><\/strong><strong><b>Kg\/km<\/b><\/strong><\/td>\n<td width=\"144\"><strong><b>Zugfestigkeit<\/b><\/strong><strong><b><br \/>\n<\/b><\/strong><strong><b>Langfristig\/kurzfristig <\/b><\/strong><\/td>\n<td width=\"141\"><strong><b>Druckfestigkeit<\/b><\/strong><strong><b><br \/>\n<\/b><\/strong><strong><b>Langfristig\/kurzfristig((N\/1m))<\/b><\/strong><\/td>\n<\/tr>\n<tr>\n<td width=\"141\">GYFTA53-2~6X<\/td>\n<td width=\"65\">2~6<\/td>\n<td width=\"50\">1<\/td>\n<td width=\"68\">16.8<\/td>\n<td width=\"58\">255<\/td>\n<td width=\"144\">1000\/3000<\/td>\n<td width=\"141\">1000\/3000<\/td>\n<\/tr>\n<tr>\n<td width=\"141\">GYFTA53-8~12X<\/td>\n<td width=\"65\">8~12<\/td>\n<td width=\"50\">2<\/td>\n<td width=\"68\">16.8<\/td>\n<td width=\"58\">255<\/td>\n<td width=\"144\">1000\/3000<\/td>\n<td width=\"141\">1000\/3000<\/td>\n<\/tr>\n<tr>\n<td width=\"141\">GYFTA53-14~18X<\/td>\n<td width=\"65\">14~18<\/td>\n<td width=\"50\">3<\/td>\n<td width=\"68\">16.8<\/td>\n<td width=\"58\">255<\/td>\n<td width=\"144\">1000\/3000<\/td>\n<td width=\"141\">1000\/3000<\/td>\n<\/tr>\n<tr>\n<td width=\"141\">GYFTA53-20~24X<\/td>\n<td width=\"65\">20~24<\/td>\n<td width=\"50\">4<\/td>\n<td width=\"68\">16.8<\/td>\n<td width=\"58\">255<\/td>\n<td width=\"144\">1000\/3000<\/td>\n<td width=\"141\">1000\/3000<\/td>\n<\/tr>\n<tr>\n<td width=\"141\">GYFTA53-26~30X<\/td>\n<td width=\"65\">26~30<\/td>\n<td width=\"50\">5<\/td>\n<td width=\"68\">16.8<\/td>\n<td width=\"58\">255<\/td>\n<td width=\"144\">1000\/3000<\/td>\n<td width=\"141\">1000\/3000<\/td>\n<\/tr>\n<tr>\n<td width=\"141\">GYFTA53-32~36X<\/td>\n<td width=\"65\">32~36<\/td>\n<td width=\"50\">6<\/td>\n<td width=\"68\">16.8<\/td>\n<td width=\"58\">255<\/td>\n<td width=\"144\">1000\/3000<\/td>\n<td width=\"141\">1000\/3000<\/td>\n<\/tr>\n<tr>\n<td width=\"141\">GYFTA53-38~42X<\/td>\n<td width=\"65\">38~42<\/td>\n<td width=\"50\">7<\/td>\n<td width=\"68\">16.8<\/td>\n<td width=\"58\">255<\/td>\n<td width=\"144\">1000\/3000<\/td>\n<td width=\"141\">1000\/3000<\/td>\n<\/tr>\n<tr>\n<td width=\"141\">GYFTA53-44~48X<\/td>\n<td width=\"65\">44~48<\/td>\n<td width=\"50\">8<\/td>\n<td width=\"68\">16.8<\/td>\n<td width=\"58\">255<\/td>\n<td width=\"144\">1000\/3000<\/td>\n<td width=\"141\">1000\/3000<\/td>\n<\/tr>\n<tr>\n<td width=\"141\">GYFTA53-50~60X<\/td>\n<td width=\"65\">50~60<\/td>\n<td width=\"50\">5<\/td>\n<td width=\"68\">19.2<\/td>\n<td width=\"58\">320<\/td>\n<td width=\"144\">1000\/3000<\/td>\n<td width=\"141\">1000\/3000<\/td>\n<\/tr>\n<tr>\n<td width=\"141\">GYFTA53-62~72X<\/td>\n<td width=\"65\">62~72<\/td>\n<td width=\"50\">6<\/td>\n<td width=\"68\">19.2<\/td>\n<td width=\"58\">320<\/td>\n<td width=\"144\">1000\/3000<\/td>\n<td width=\"141\">1000\/3000<\/td>\n<\/tr>\n<tr>\n<td width=\"141\">GYFTA53-74~84X<\/td>\n<td width=\"65\">74~84<\/td>\n<td width=\"50\">7<\/td>\n<td width=\"68\">19.2<\/td>\n<td width=\"58\">320<\/td>\n<td width=\"144\">1000\/3000<\/td>\n<td width=\"141\">1000\/3000<\/td>\n<\/tr>\n<tr>\n<td width=\"141\">GYFTA53-86~96X<\/td>\n<td width=\"65\">86~96<\/td>\n<td width=\"50\">8<\/td>\n<td width=\"68\">19.2<\/td>\n<td width=\"58\">320<\/td>\n<td width=\"144\">1000\/3000<\/td>\n<td width=\"141\">1000\/3000<\/td>\n<\/tr>\n<tr>\n<td width=\"141\">GYFTA53-98~108X<\/td>\n<td width=\"65\">98~108<\/td>\n<td width=\"50\">9<\/td>\n<td width=\"68\">21.2<\/td>\n<td width=\"58\">380<\/td>\n<td width=\"144\">1000\/3000<\/td>\n<td width=\"141\">1000\/3000<\/td>\n<\/tr>\n<tr>\n<td width=\"141\">GYFTA53-110~120X<\/td>\n<td width=\"65\">110~120<\/td>\n<td width=\"50\">10<\/td>\n<td width=\"68\">21.2<\/td>\n<td width=\"58\">380<\/td>\n<td width=\"144\">1000\/3000<\/td>\n<td width=\"141\">1000\/3000<\/td>\n<\/tr>\n<tr>\n<td width=\"141\">GYFTA53-122~132X<\/td>\n<td width=\"65\">122~132<\/td>\n<td width=\"50\">11<\/td>\n<td width=\"68\">22.3<\/td>\n<td width=\"58\">415<\/td>\n<td width=\"144\">1000\/3000<\/td>\n<td width=\"141\">1000\/3000<\/td>\n<\/tr>\n<tr>\n<td width=\"141\">GYFTA53-134~144X<\/td>\n<td width=\"65\">134~144<\/td>\n<td width=\"50\">12<\/td>\n<td width=\"68\">22.3<\/td>\n<td width=\"58\">415<\/td>\n<td width=\"144\">1000\/3000<\/td>\n<td width=\"141\">1000\/3000<\/td>\n<\/tr>\n<\/tbody>\n<\/table>\n<p>Hinweis:<\/p>\n<p>Das Suffix X bezeichnet den Fasertyp.<\/p>\n<p>Der Nennwert der PE-Au\u00dfenmanteldicke betr\u00e4gt 1,8 mm. Der Nennwert der PE-Innenmanteldicke betr\u00e4gt 0,8 mm.<\/p>\n<p>&nbsp;<\/p>\n<p><strong><b>Parameter Kabelmaterial<\/b><\/strong><\/p>\n<table>\n<tbody>\n<tr>\n<td colspan=\"2\" width=\"241\"><strong><b>Artikel<\/b><\/strong><\/td>\n<td width=\"429\"><strong><b>Parameter<\/b><\/strong><\/td>\n<\/tr>\n<tr>\n<td rowspan=\"2\" width=\"138\">B\u00fcndelader<\/td>\n<td width=\"102\">Material<\/td>\n<td width=\"429\">PBT<\/td>\n<\/tr>\n<tr>\n<td width=\"102\">Farbe<\/td>\n<td width=\"429\">Volles Farbspektrum<\/td>\n<\/tr>\n<tr>\n<td rowspan=\"2\" width=\"138\">F\u00fcllstoff<\/td>\n<td width=\"102\">Material<\/td>\n<td width=\"429\">PE<\/td>\n<\/tr>\n<tr>\n<td width=\"102\">Farbe<\/td>\n<td width=\"429\">Schwarz<\/td>\n<\/tr>\n<tr>\n<td width=\"138\">CSM<\/td>\n<td width=\"102\">Material<\/td>\n<td width=\"429\">Faserverst\u00e4rkter Kunststoff (FRP)<\/td>\n<\/tr>\n<tr>\n<td width=\"138\">Innenpanzerung<\/td>\n<td width=\"102\">Material<\/td>\n<td width=\"429\">Aluminium-Polyethylen-Laminat (APL)<\/td>\n<\/tr>\n<tr>\n<td width=\"138\">Au\u00dfenpanzerung<\/td>\n<td width=\"102\">Material<\/td>\n<td width=\"429\">gewelltes Stahlband<\/td>\n<\/tr>\n<tr>\n<td rowspan=\"2\" width=\"138\">Au\u00dfenjacke<\/td>\n<td width=\"102\">Material<\/td>\n<td width=\"429\">PE<\/td>\n<\/tr>\n<tr>\n<td width=\"102\">Farbe<\/td>\n<td width=\"429\">Schwarz<\/td>\n<\/tr>\n<\/tbody>\n<\/table>\n<p>&nbsp;<\/p>\n<p><strong><b>Mechanische und Umweltleistung<\/b><\/strong><\/p>\n<table>\n<tbody>\n<tr>\n<td width=\"229\"><strong>Artikel<\/strong><\/td>\n<td width=\"206\"><strong>Inhalt<\/strong><\/td>\n<td width=\"236\"><strong>Wert<\/strong><\/td>\n<\/tr>\n<tr>\n<td rowspan=\"2\" width=\"229\">Max. Zugbelastung<\/td>\n<td width=\"206\">Kurzfristig<\/td>\n<td width=\"236\">3000N Faserdehnung\u22640,6%<\/td>\n<\/tr>\n<tr>\n<td width=\"206\">Langfristig<\/td>\n<td width=\"236\">1000N<\/td>\n<\/tr>\n<tr>\n<td rowspan=\"2\" width=\"229\">Max. Druckfestigkeit<\/td>\n<td width=\"206\">Kurzfristig<\/td>\n<td width=\"236\">3000 N\/100 mm<\/td>\n<\/tr>\n<tr>\n<td width=\"206\">Langfristig<\/td>\n<td width=\"236\">1000N\/100mm<\/td>\n<\/tr>\n<tr>\n<td rowspan=\"2\" width=\"229\">Min. Biegeradius<\/td>\n<td width=\"206\">Installation<\/td>\n<td width=\"236\">20 x Kabeldurchmesser<\/td>\n<\/tr>\n<tr>\n<td width=\"206\">Betrieb<\/td>\n<td width=\"236\">10 x Kabeldurchmesser<\/td>\n<\/tr>\n<tr>\n<td rowspan=\"3\" width=\"229\">Temperaturbereich<\/td>\n<td width=\"206\">Betrieb<\/td>\n<td width=\"236\">-40\u2103 ~ +70\u2103<\/td>\n<\/tr>\n<tr>\n<td width=\"206\">Installation<\/td>\n<td width=\"236\">-20\u2103 ~ +60\u2103<\/td>\n<\/tr>\n<tr>\n<td width=\"206\">Lagerung\/Transport<\/td>\n<td width=\"236\">-40\u2103 ~ +70\u2103<\/td>\n<\/tr>\n<\/tbody>\n<\/table>\n<p>&nbsp;<\/p>\n<p><strong>Standards<\/strong><strong>\uff1a <\/strong><strong>\u00a0IEC 60794-1<\/strong><\/p>\n<p><strong><b>Technische Parameter der Glasfaser <\/b><\/strong><\/p>\n<table>\n<tbody>\n<tr>\n<td colspan=\"2\" width=\"254\"><strong>Faserstil<\/strong><\/td>\n<td width=\"94\"><strong>Einheit<\/strong><\/td>\n<td width=\"94\"><strong>SM 9\/125<\/strong><\/td>\n<td width=\"103\"><strong>MM 50\/125<\/strong><\/td>\n<td width=\"122\"><strong>MM 62,5\/125<\/strong><\/td>\n<\/tr>\n<tr>\n<td colspan=\"2\" width=\"254\">Zustand<\/td>\n<td width=\"94\">nm<\/td>\n<td width=\"94\">1310\/1550<\/td>\n<td width=\"103\">850\/1300<\/td>\n<td width=\"122\">850\/1300<\/td>\n<\/tr>\n<tr>\n<td colspan=\"2\" width=\"254\">D\u00e4mpfung<\/td>\n<td width=\"94\">dB\/km<\/td>\n<td width=\"94\">\u22640,34\/0,2<\/td>\n<td width=\"103\">\u22643,0\/1,0<\/td>\n<td width=\"122\">\u22643,0\/1,0<\/td>\n<\/tr>\n<tr>\n<td rowspan=\"2\" width=\"141\">Streuung<\/td>\n<td width=\"113\">1310 nm<\/td>\n<td width=\"94\">Ps\/(nm*km)<\/td>\n<td width=\"94\">\u226418<\/td>\n<td width=\"103\">\u2026..<\/td>\n<td width=\"122\">\u2026..<\/td>\n<\/tr>\n<tr>\n<td width=\"113\">1550 nm<\/td>\n<td width=\"94\">Ps\/(nm*km)<\/td>\n<td width=\"94\">\u226422<\/td>\n<td width=\"103\">\u2026..<\/td>\n<td width=\"122\">\u2026..<\/td>\n<\/tr>\n<tr>\n<td rowspan=\"2\" width=\"141\">Bandbreite<\/td>\n<td width=\"113\">850 nm<\/td>\n<td width=\"94\">MHZ. KM<\/td>\n<td width=\"94\">\u2026..<\/td>\n<td width=\"103\">\u2267400<\/td>\n<td width=\"122\">\u2267160<\/td>\n<\/tr>\n<tr>\n<td width=\"113\">1300 nm<\/td>\n<td width=\"94\">MHZ. KM<\/td>\n<td width=\"94\">\u2026..<\/td>\n<td width=\"103\">\u2267800<\/td>\n<td width=\"122\">\u2267500<\/td>\n<\/tr>\n<tr>\n<td colspan=\"2\" width=\"254\">Wellenl\u00e4nge ohne Dispersion<\/td>\n<td width=\"94\">nm<\/td>\n<td width=\"94\">\u22671302,<\/p>\n<p>\u22641322<\/td>\n<td width=\"103\">\u2026..<\/td>\n<td width=\"122\">\u2026..<\/td>\n<\/tr>\n<tr>\n<td colspan=\"2\" width=\"254\">Nulldispersionssteigung<\/td>\n<td width=\"94\">nm<\/td>\n<td width=\"94\">\u22640,091<\/td>\n<td width=\"103\">\u2026..<\/td>\n<td width=\"122\">\u2026..<\/td>\n<\/tr>\n<tr>\n<td colspan=\"2\" width=\"254\">PMD Maximale Einzelfaser<\/td>\n<td width=\"94\">&nbsp;<\/td>\n<td width=\"94\">\u22640,2<\/td>\n<td width=\"103\">\u2026..<\/td>\n<td width=\"122\">\u2026..<\/td>\n<\/tr>\n<tr>\n<td colspan=\"2\" width=\"254\">PMD-Design-Linkwert<\/td>\n<td width=\"94\">Ps(nm2*km)<\/td>\n<td width=\"94\">\u22640,08<\/td>\n<td width=\"103\">\u2026..<\/td>\n<td width=\"122\">\u2026..<\/td>\n<\/tr>\n<tr>\n<td colspan=\"2\" width=\"254\">Fasergrenzwellenl\u00e4nge \u03bbc<\/td>\n<td width=\"94\">nm<\/td>\n<td width=\"94\">\u22671180,<\/p>\n<p>\u22641330<\/td>\n<td width=\"103\">\u2026..<\/td>\n<td width=\"122\">\u2026..<\/td>\n<\/tr>\n<tr>\n<td colspan=\"2\" width=\"254\">Kabelgrenzwellenl\u00e4nge \u03bbcc<\/td>\n<td width=\"94\">nm<\/td>\n<td width=\"94\">\u22641260<\/td>\n<td width=\"103\">\u2026..<\/td>\n<td width=\"122\">\u2026..<\/td>\n<\/tr>\n<tr>\n<td rowspan=\"2\" width=\"141\">MFD<\/td>\n<td width=\"113\">1310 nm<\/td>\n<td width=\"94\">\u00e4hm<\/td>\n<td width=\"94\">9,2 \u00b1 0,4<\/td>\n<td width=\"103\">\u2026..<\/td>\n<td width=\"122\">\u2026..<\/td>\n<\/tr>\n<tr>\n<td width=\"113\">1550 nm<\/td>\n<td width=\"94\">\u00e4hm<\/td>\n<td width=\"94\">10,4 \u00b1 0,8<\/td>\n<td width=\"103\">\u2026..<\/td>\n<td width=\"122\">\u2026..<\/td>\n<\/tr>\n<tr>\n<td colspan=\"2\" width=\"254\">Numerische Apertur (NA)<\/td>\n<td width=\"94\">&nbsp;<\/td>\n<td width=\"94\">\u2026\u2026<\/td>\n<td width=\"103\">0,200 \u00b1 0,015<\/td>\n<td width=\"122\">0,275 \u00b1 0,015<\/td>\n<\/tr>\n<tr>\n<td colspan=\"2\" width=\"254\">Schritt (Mittelwert der bidirektionalen Messung)<\/td>\n<td width=\"94\">dB<\/td>\n<td width=\"94\">\u22640,05<\/td>\n<td width=\"103\">\u22640,10<\/td>\n<td width=\"122\">\u22640,10<\/td>\n<\/tr>\n<tr>\n<td colspan=\"2\" width=\"254\">Unregelm\u00e4\u00dfigkeiten \u00fcber die Faserl\u00e4nge und Punktdiskontinuit\u00e4t<\/td>\n<td width=\"94\">dB<\/td>\n<td width=\"94\">\u22640,05<\/td>\n<td width=\"103\">\u22640,10<\/td>\n<td width=\"122\">\u22640,10<\/td>\n<\/tr>\n<tr>\n<td colspan=\"2\" width=\"254\">Differenz-R\u00fcckstreukoeffizient<\/td>\n<td width=\"94\">dB\/km<\/td>\n<td width=\"94\">\u22640,03<\/td>\n<td width=\"103\">\u22640,08<\/td>\n<td width=\"122\">\u22640,10<\/td>\n<\/tr>\n<tr>\n<td colspan=\"2\" width=\"254\">Gleichm\u00e4\u00dfige D\u00e4mpfung<\/td>\n<td width=\"94\">dB\/km<\/td>\n<td width=\"94\">\u22640,01<\/td>\n<td width=\"103\">\u2026\u2026.<\/td>\n<td width=\"122\">\u2026\u2026.<\/td>\n<\/tr>\n<tr>\n<td colspan=\"2\" width=\"254\">Kerndurchmesser<\/td>\n<td width=\"94\">\u00e4hm<\/td>\n<td width=\"94\">\u2026\u2026<\/td>\n<td width=\"103\">50\u00b11,0<\/td>\n<td width=\"122\">62,5\u00b12,5<\/td>\n<\/tr>\n<tr>\n<td colspan=\"2\" width=\"254\">Manteldurchmesser<\/td>\n<td width=\"94\">\u00e4hm<\/td>\n<td width=\"94\">125,0 \u00b1 0,1<\/td>\n<td width=\"103\">125,0 \u00b1 0,1<\/td>\n<td width=\"122\">125,0 \u00b1 0,1<\/td>\n<\/tr>\n<tr>\n<td colspan=\"2\" width=\"254\">Unrundheit der Verkleidung<\/td>\n<td width=\"94\">%<\/td>\n<td width=\"94\">\u22641,0<\/td>\n<td width=\"103\">\u22641,0<\/td>\n<td width=\"122\">\u22641,0<\/td>\n<\/tr>\n<tr>\n<td colspan=\"2\" width=\"254\">Beschichtungsdurchmesser<\/td>\n<td width=\"94\">\u00e4hm<\/td>\n<td width=\"94\">242\u00b17<\/td>\n<td width=\"103\">242\u00b17<\/td>\n<td width=\"122\">242\u00b17<\/td>\n<\/tr>\n<tr>\n<td colspan=\"2\" width=\"254\">Beschichtung\/Buchfink konzentrischer Fehler<\/td>\n<td width=\"94\">\u00e4hm<\/td>\n<td width=\"94\">\u226412,0<\/td>\n<td width=\"103\">\u226412,0<\/td>\n<td width=\"122\">\u226412,0<\/td>\n<\/tr>\n<tr>\n<td colspan=\"2\" width=\"254\">Nichtzirkularit\u00e4t der Beschichtung<\/td>\n<td width=\"94\">%<\/td>\n<td width=\"94\">\u22646,0<\/td>\n<td width=\"103\">\u22646,0<\/td>\n<td width=\"122\">\u22646,0<\/td>\n<\/tr>\n<tr>\n<td colspan=\"2\" width=\"254\">Konzentrizit\u00e4tsfehler Kern\/Mantel<\/td>\n<td width=\"94\">\u00e4hm<\/td>\n<td width=\"94\">\u22640,6<\/td>\n<td width=\"103\">\u22641,5<\/td>\n<td width=\"122\">\u22641,5<\/td>\n<\/tr>\n<tr>\n<td colspan=\"2\" width=\"254\">Curl(Radius)<\/td>\n<td width=\"94\">\u00e4hm<\/td>\n<td width=\"94\">\u22644<\/td>\n<td width=\"103\">\u2026..<\/td>\n<td width=\"122\">\u2026..<\/td>\n<\/tr>\n<\/tbody>\n<\/table>","protected":false},"excerpt":{"rendered":"<p>Im 2-144F verseilten, doppelt gepanzerten und ummantelten B\u00fcndeladerkabel (GYFTA53) PE-Typ von OMC befindet sich in der Mitte des Kerns ein FRP-Draht, manchmal mit Polyethylen (PE) ummantelt, als metallfreies Festigkeitselement. Singlemode-\/Multimode-Fasern werden in der B\u00fcndelader positioniert, die aus PBT-Materialien besteht und mit F\u00fcllmasse gef\u00fcllt ist. Die R\u00f6hren (und F\u00fcllstoffe) sind verseilt [\u2026]<\/p>","protected":false},"featured_media":11112,"comment_status":"closed","ping_status":"closed","template":"","meta":{"site-sidebar-layout":"default","site-content-layout":"","ast-site-content-layout":"default","site-content-style":"default","site-sidebar-style":"default","ast-global-header-display":"","ast-banner-title-visibility":"","ast-main-header-display":"","ast-hfb-above-header-display":"","ast-hfb-below-header-display":"","ast-hfb-mobile-header-display":"","site-post-title":"","ast-breadcrumbs-content":"","ast-featured-img":"","footer-sml-layout":"","theme-transparent-header-meta":"default","adv-header-id-meta":"","stick-header-meta":"default","header-above-stick-meta":"","header-main-stick-meta":"","header-below-stick-meta":"","astra-migrate-meta-layouts":"set","ast-page-background-enabled":"default","ast-page-background-meta":{"desktop":{"background-color":"var(--ast-global-color-4)","background-image":"","background-repeat":"repeat","background-position":"center center","background-size":"auto","background-attachment":"scroll","background-type":"","background-media":"","overlay-type":"","overlay-color":"","overlay-gradient":""},"tablet":{"background-color":"","background-image":"","background-repeat":"repeat","background-position":"center center","background-size":"auto","background-attachment":"scroll","background-type":"","background-media":"","overlay-type":"","overlay-color":"","overlay-gradient":""},"mobile":{"background-color":"","background-image":"","background-repeat":"repeat","background-position":"center center","background-size":"auto","background-attachment":"scroll","background-type":"","background-media":"","overlay-type":"","overlay-color":"","overlay-gradient":""}},"ast-content-background-meta":{"desktop":{"background-color":"var(--ast-global-color-5)","background-image":"","background-repeat":"repeat","background-position":"center center","background-size":"auto","background-attachment":"scroll","background-type":"","background-media":"","overlay-type":"","overlay-color":"","overlay-gradient":""},"tablet":{"background-color":"var(--ast-global-color-5)","background-image":"","background-repeat":"repeat","background-position":"center center","background-size":"auto","background-attachment":"scroll","background-type":"","background-media":"","overlay-type":"","overlay-color":"","overlay-gradient":""},"mobile":{"background-color":"var(--ast-global-color-5)","background-image":"","background-repeat":"repeat","background-position":"center center","background-size":"auto","background-attachment":"scroll","background-type":"","background-media":"","overlay-type":"","overlay-color":"","overlay-gradient":""}}},"product_cat":[139,124],"product_tag":[],"class_list":{"0":"post-11110","1":"product","2":"type-product","3":"status-publish","4":"has-post-thumbnail","6":"product_cat-armored-outdoor-cable","7":"product_cat-outdoor-cable","8":"desktop-align-left","9":"tablet-align-left","10":"mobile-align-left","11":"ast-product-gallery-layout-horizontal-slider","12":"ast-product-tabs-layout-horizontal","14":"first","15":"instock","16":"shipping-taxable","17":"product-type-simple"},"acf":[],"_links":{"self":[{"href":"https:\/\/www.omccable.com\/de\/wp-json\/wp\/v2\/product\/11110","targetHints":{"allow":["GET"]}}],"collection":[{"href":"https:\/\/www.omccable.com\/de\/wp-json\/wp\/v2\/product"}],"about":[{"href":"https:\/\/www.omccable.com\/de\/wp-json\/wp\/v2\/types\/product"}],"replies":[{"embeddable":true,"href":"https:\/\/www.omccable.com\/de\/wp-json\/wp\/v2\/comments?post=11110"}],"version-history":[{"count":1,"href":"https:\/\/www.omccable.com\/de\/wp-json\/wp\/v2\/product\/11110\/revisions"}],"predecessor-version":[{"id":11115,"href":"https:\/\/www.omccable.com\/de\/wp-json\/wp\/v2\/product\/11110\/revisions\/11115"}],"wp:featuredmedia":[{"embeddable":true,"href":"https:\/\/www.omccable.com\/de\/wp-json\/wp\/v2\/media\/11112"}],"wp:attachment":[{"href":"https:\/\/www.omccable.com\/de\/wp-json\/wp\/v2\/media?parent=11110"}],"wp:term":[{"taxonomy":"product_cat","embeddable":true,"href":"https:\/\/www.omccable.com\/de\/wp-json\/wp\/v2\/product_cat?post=11110"},{"taxonomy":"product_tag","embeddable":true,"href":"https:\/\/www.omccable.com\/de\/wp-json\/wp\/v2\/product_tag?post=11110"}],"curies":[{"name":"wp","href":"https:\/\/api.w.org\/{rel}","templated":true}]}}