{"id":11102,"date":"2024-06-24T16:47:41","date_gmt":"2024-06-24T08:47:41","guid":{"rendered":"https:\/\/www.omccable.com\/?post_type=product&#038;p=11102"},"modified":"2024-06-24T16:47:41","modified_gmt":"2024-06-24T08:47:41","slug":"24f-stranded-loose-tube-armored-cable-gyhts-hdpe","status":"publish","type":"product","link":"https:\/\/www.omccable.com\/de\/produkt\/24f-stranded-loose-tube-armored-cable-gyhts-hdpe\/","title":{"rendered":"24F gestrandetes gepanzertes B\u00fcndeladerkabel (GYHTS) HDPE"},"content":{"rendered":"<p>In OMCs <strong><b>24F gestrandetes, loses, gepanzertes (GYHTS) HDPE-Kabel<\/b><\/strong>, A<strong><b>\u00a0<\/b><\/strong><strong><b>Stahl<\/b><\/strong><strong><b>\u00a0<\/b><\/strong><strong><b>Draht<\/b><\/strong>\u00a0Die PE-Kissenschicht befindet sich (bei Bedarf) in der Mitte des Kerns als metallisches Festigkeitselement. Singlemode-\/Multimode-Fasern werden in der B\u00fcndelader positioniert, die aus PBT-Materialien besteht und mit F\u00fcllmasse gef\u00fcllt ist. Die B\u00fcndelader ist mit <strong><b>bedeckt Wasserblockierendes Band, wasserblockierendes Garn<\/b><\/strong><strong><b>,<\/b><\/strong><strong><b>\u00a0Stahlband, PE-Materialmantel<\/b><\/strong>\u00a0um die Kompaktheit und L\u00e4ngswasserblockierleistung zu gew\u00e4hrleisten.<\/p>\n<p>&nbsp;<\/p>\n<p><strong><b>Standardfarbe von Faser und Schlauch<\/b><\/strong><\/p>\n<p>Der Farbcode der einzelnen Fasern muss der folgenden Tabelle entsprechen<\/p>\n<table>\n<tbody>\n<tr>\n<td width=\"124\"><strong>Nein.<\/strong><\/td>\n<td width=\"85\">1<\/td>\n<td width=\"94\">2<\/td>\n<td width=\"94\">3<\/td>\n<td width=\"85\">4<\/td>\n<td width=\"75\">5<\/td>\n<td width=\"104\">6<\/td>\n<\/tr>\n<tr>\n<td width=\"124\"><strong>Farbe<\/strong><\/td>\n<td width=\"85\">Blau<\/td>\n<td width=\"94\">Orange<\/td>\n<td width=\"94\">Gr\u00fcn<\/td>\n<td width=\"85\">Braun<\/td>\n<td width=\"75\">Grau<\/td>\n<td width=\"104\">White<\/td>\n<\/tr>\n<tr>\n<td width=\"124\"><strong>Nein.<\/strong><\/td>\n<td width=\"85\">7<\/td>\n<td width=\"94\">8<\/td>\n<td width=\"94\">9<\/td>\n<td width=\"85\">10<\/td>\n<td width=\"75\">11<\/td>\n<td width=\"104\">12<\/td>\n<\/tr>\n<tr>\n<td width=\"124\"><strong>Farbe<\/strong><\/td>\n<td width=\"85\">Rot<\/td>\n<td width=\"94\">Schwarz<\/td>\n<td width=\"94\">Gelb<\/td>\n<td width=\"85\">Violett<\/td>\n<td width=\"75\">Rosa<\/td>\n<td width=\"104\">Aqua<\/td>\n<\/tr>\n<\/tbody>\n<\/table>\n<p>Schlauchfarbcode f\u00fcr 12~144 Fasern:<\/p>\n<table>\n<tbody>\n<tr>\n<td width=\"124\"><strong>Nein.<\/strong><\/td>\n<td width=\"85\">1<\/td>\n<td width=\"94\">2<\/td>\n<td width=\"94\">3<\/td>\n<td width=\"85\">4<\/td>\n<td width=\"85\">5<\/td>\n<td width=\"94\">6<\/td>\n<\/tr>\n<tr>\n<td width=\"124\"><strong>Farbe<\/strong><\/td>\n<td width=\"85\">Blau<\/td>\n<td width=\"94\">Orange<\/td>\n<td width=\"94\">Gr\u00fcn<\/td>\n<td width=\"85\">Braun<\/td>\n<td width=\"85\">Grau<\/td>\n<td width=\"94\">White<\/td>\n<\/tr>\n<tr>\n<td width=\"124\"><strong>Nein.<\/strong><\/td>\n<td width=\"85\">7<\/td>\n<td width=\"94\">8<\/td>\n<td width=\"94\">9<\/td>\n<td width=\"85\">10<\/td>\n<td width=\"85\">11<\/td>\n<td width=\"94\">12<\/td>\n<\/tr>\n<tr>\n<td width=\"124\"><strong>Farbe<\/strong><\/td>\n<td width=\"85\">Rot<\/td>\n<td width=\"94\">Schwarz<\/td>\n<td width=\"94\">Gelb<\/td>\n<td width=\"85\">Violett<\/td>\n<td width=\"85\">Rosa<\/td>\n<td width=\"94\">Aqua<\/td>\n<\/tr>\n<\/tbody>\n<\/table>\n<p>Hinweis: # bedeutet einzelner schwarzer Streifen; * bedeutet einzelner wei\u00dfer Streifen.<\/p>\n<p>&nbsp;<\/p>\n<p><strong><b>Kabel<\/b><\/strong><strong><b>\u00a0Strukturparameter<\/b><\/strong><\/p>\n<table>\n<tbody>\n<tr>\n<td width=\"185\"><strong>Artikel<\/strong><\/td>\n<td width=\"123\"><strong>Inhalt<\/strong><\/td>\n<td width=\"83\"><strong>Einheit<\/strong><\/td>\n<td width=\"270\"><strong>Wert<\/strong><\/td>\n<\/tr>\n<tr>\n<td width=\"185\">Faseranzahl<\/td>\n<td width=\"123\">Zahl<\/td>\n<td width=\"83\">\/<\/td>\n<td width=\"270\">24<\/td>\n<\/tr>\n<tr>\n<td width=\"185\">Fasertyp<\/td>\n<td width=\"123\">\/<\/td>\n<td width=\"83\">\/<\/td>\n<td width=\"270\">G652D<\/td>\n<\/tr>\n<tr>\n<td width=\"185\">Kabelstruktur<\/td>\n<td width=\"123\">\/<\/td>\n<td width=\"83\">\/<\/td>\n<td width=\"270\">1+6<\/td>\n<\/tr>\n<tr>\n<td width=\"185\">Fasern pro R\u00f6hre<\/td>\n<td width=\"123\">Z\u00e4hlen<\/td>\n<td width=\"83\">\/<\/td>\n<td width=\"270\">4<\/td>\n<\/tr>\n<tr>\n<td rowspan=\"3\" width=\"185\">Lose R\u00f6hre<\/td>\n<td width=\"123\">Material<\/td>\n<td width=\"83\">\/<\/td>\n<td width=\"270\">PBT<\/td>\n<\/tr>\n<tr>\n<td width=\"123\">Durchmesser<\/td>\n<td width=\"83\">mm<\/td>\n<td width=\"270\">1,7 \u00b1 0,1<\/td>\n<\/tr>\n<tr>\n<td width=\"123\">Z\u00e4hlen<\/td>\n<td width=\"83\">\/<\/td>\n<td width=\"270\">6<\/td>\n<\/tr>\n<tr>\n<td width=\"185\">F\u00fcllstoffe<\/td>\n<td width=\"123\">Z\u00e4hlen<\/td>\n<td width=\"83\">\/<\/td>\n<td width=\"270\">0<\/td>\n<\/tr>\n<tr>\n<td rowspan=\"2\" width=\"185\">Zentrales St\u00e4rkemitglied<\/td>\n<td width=\"123\">Material<\/td>\n<td width=\"83\">\/<\/td>\n<td width=\"270\">Stahldraht<\/td>\n<\/tr>\n<tr>\n<td width=\"123\">Nenndurchmesser<\/td>\n<td width=\"83\">mm<\/td>\n<td width=\"270\">1.8<\/td>\n<\/tr>\n<tr>\n<td rowspan=\"2\" width=\"185\">Mitglied der peripheren St\u00e4rke<\/td>\n<td colspan=\"2\" width=\"206\">Material 1<\/td>\n<td width=\"270\">Wasserblockierendes Glasgarn<\/td>\n<\/tr>\n<tr>\n<td colspan=\"2\" width=\"206\">Material 2<\/td>\n<td width=\"270\">Wellstahlband<\/td>\n<\/tr>\n<tr>\n<td rowspan=\"2\" width=\"185\">Au\u00dfenmantel<\/td>\n<td colspan=\"2\" width=\"206\">Material<\/td>\n<td width=\"270\">HDPE<\/td>\n<\/tr>\n<tr>\n<td colspan=\"2\" width=\"206\">Farbe<\/td>\n<td width=\"270\">Schwarz<\/td>\n<\/tr>\n<tr>\n<td rowspan=\"2\" width=\"185\">D\u00e4mpfung (nach Kabel)<\/td>\n<td width=\"123\">1310 nm<\/td>\n<td width=\"83\">dB\/km<\/td>\n<td width=\"270\">\u22640,36<\/td>\n<\/tr>\n<tr>\n<td width=\"123\">1550 nm<\/td>\n<td width=\"83\">dB\/km<\/td>\n<td width=\"270\">\u22640,22<\/td>\n<\/tr>\n<tr>\n<td width=\"185\">Kabeldurchmesser<\/td>\n<td width=\"123\">\u00b10,5<\/td>\n<td width=\"83\">mm<\/td>\n<td width=\"270\">10.5<\/td>\n<\/tr>\n<tr>\n<td width=\"185\">Kabelgewicht<\/td>\n<td width=\"123\">\u00b110%<\/td>\n<td width=\"83\">kg\/km<\/td>\n<td width=\"270\">112<\/td>\n<\/tr>\n<\/tbody>\n<\/table>\n<p><strong><b>\u00a0<\/b><\/strong><\/p>\n<p><strong><b>Mechanische und Umweltleistung<\/b><\/strong><\/p>\n<table>\n<tbody>\n<tr>\n<td width=\"221\"><strong>Artikel<\/strong><\/td>\n<td width=\"206\"><strong>Inhalt<\/strong><\/td>\n<td width=\"236\"><strong>Wert<\/strong><\/td>\n<\/tr>\n<tr>\n<td rowspan=\"2\" width=\"221\">Max. Zugbelastung<\/td>\n<td width=\"206\">Kurzfristig<\/td>\n<td width=\"236\">1800N Faserdehnung \u2264 0,6%<\/td>\n<\/tr>\n<tr>\n<td width=\"206\">Langfristig<\/td>\n<td width=\"236\">1000N<\/td>\n<\/tr>\n<tr>\n<td rowspan=\"2\" width=\"221\">Max. Druckfestigkeit<\/td>\n<td width=\"206\">Kurzfristig<\/td>\n<td width=\"236\">3000 N\/100 mm<\/td>\n<\/tr>\n<tr>\n<td width=\"206\">Langfristig<\/td>\n<td width=\"236\">2000N\/100mm<\/td>\n<\/tr>\n<tr>\n<td rowspan=\"2\" width=\"221\">Min. Biegeradius<\/td>\n<td width=\"206\">Installation<\/td>\n<td width=\"236\">20 x Kabeldurchmesser<\/td>\n<\/tr>\n<tr>\n<td width=\"206\">Betrieb<\/td>\n<td width=\"236\">10 x Kabeldurchmesser<\/td>\n<\/tr>\n<tr>\n<td rowspan=\"3\" width=\"221\">Temperaturbereich<\/td>\n<td width=\"206\">Betrieb<\/td>\n<td width=\"236\">-40\u2103 ~ +70\u2103<\/td>\n<\/tr>\n<tr>\n<td width=\"206\">Installation<\/td>\n<td width=\"236\">-20\u2103 ~ +60\u2103<\/td>\n<\/tr>\n<tr>\n<td width=\"206\">Lagerung\/Transport<\/td>\n<td width=\"236\">-40\u2103 ~ +70\u2103<\/td>\n<\/tr>\n<\/tbody>\n<\/table>\n<p>&nbsp;<\/p>\n<p><strong><b>Technische Parameter der Glasfaser <\/b><\/strong><\/p>\n<table>\n<tbody>\n<tr>\n<td colspan=\"2\" width=\"254\"><strong>Faserstil<\/strong><\/td>\n<td width=\"94\"><strong>Einheit<\/strong><\/td>\n<td width=\"94\"><strong>SM 9\/125<\/strong><\/td>\n<td width=\"103\"><strong>MM 50\/125<\/strong><\/td>\n<td width=\"122\"><strong>MM 62,5\/125<\/strong><\/td>\n<\/tr>\n<tr>\n<td colspan=\"2\" width=\"254\">Zustand<\/td>\n<td width=\"94\">nm<\/td>\n<td width=\"94\">1310\/1550<\/td>\n<td width=\"103\">850\/1300<\/td>\n<td width=\"122\">850\/1300<\/td>\n<\/tr>\n<tr>\n<td colspan=\"2\" width=\"254\">D\u00e4mpfung<\/td>\n<td width=\"94\">dB\/km<\/td>\n<td width=\"94\">\u22640,34\/0,2<\/td>\n<td width=\"103\">\u22643,0\/1,0<\/td>\n<td width=\"122\">\u22643,0\/1,0<\/td>\n<\/tr>\n<tr>\n<td rowspan=\"2\" width=\"141\">Streuung<\/td>\n<td width=\"113\">1310 nm<\/td>\n<td width=\"94\">Ps\/(nm*km)<\/td>\n<td width=\"94\">\u226418<\/td>\n<td width=\"103\">\u2026..<\/td>\n<td width=\"122\">\u2026..<\/td>\n<\/tr>\n<tr>\n<td width=\"113\">1550 nm<\/td>\n<td width=\"94\">Ps\/(nm*km)<\/td>\n<td width=\"94\">\u226422<\/td>\n<td width=\"103\">\u2026..<\/td>\n<td width=\"122\">\u2026..<\/td>\n<\/tr>\n<tr>\n<td rowspan=\"2\" width=\"141\">Bandbreite<\/td>\n<td width=\"113\">850 nm<\/td>\n<td width=\"94\">MHZ. KM<\/td>\n<td width=\"94\">\u2026..<\/td>\n<td width=\"103\">\u2267400<\/td>\n<td width=\"122\">\u2267160<\/td>\n<\/tr>\n<tr>\n<td width=\"113\">1300 nm<\/td>\n<td width=\"94\">MHZ. KM<\/td>\n<td width=\"94\">\u2026..<\/td>\n<td width=\"103\">\u2267800<\/td>\n<td width=\"122\">\u2267500<\/td>\n<\/tr>\n<tr>\n<td colspan=\"2\" width=\"254\">Wellenl\u00e4nge ohne Dispersion<\/td>\n<td width=\"94\">nm<\/td>\n<td width=\"94\">\u22671302,<\/p>\n<p>\u22641322<\/td>\n<td width=\"103\">\u2026..<\/td>\n<td width=\"122\">\u2026..<\/td>\n<\/tr>\n<tr>\n<td colspan=\"2\" width=\"254\">Nulldispersionssteigung<\/td>\n<td width=\"94\">nm<\/td>\n<td width=\"94\">\u22640,091<\/td>\n<td width=\"103\">\u2026..<\/td>\n<td width=\"122\">\u2026..<\/td>\n<\/tr>\n<tr>\n<td colspan=\"2\" width=\"254\">PMD Maximale Einzelfaser<\/td>\n<td width=\"94\">&nbsp;<\/td>\n<td width=\"94\">\u22640,2<\/td>\n<td width=\"103\">\u2026..<\/td>\n<td width=\"122\">\u2026..<\/td>\n<\/tr>\n<tr>\n<td colspan=\"2\" width=\"254\">PMD-Design-Linkwert<\/td>\n<td width=\"94\">Ps(nm2*km)<\/td>\n<td width=\"94\">\u22640,08<\/td>\n<td width=\"103\">\u2026..<\/td>\n<td width=\"122\">\u2026..<\/td>\n<\/tr>\n<tr>\n<td colspan=\"2\" width=\"254\">Fasergrenzwellenl\u00e4nge \u03bbc<\/td>\n<td width=\"94\">nm<\/td>\n<td width=\"94\">\u22671180,<\/p>\n<p>\u22641330<\/td>\n<td width=\"103\">\u2026..<\/td>\n<td width=\"122\">\u2026..<\/td>\n<\/tr>\n<tr>\n<td colspan=\"2\" width=\"254\">Kabelgrenzwellenl\u00e4nge \u03bbcc<\/td>\n<td width=\"94\">nm<\/td>\n<td width=\"94\">\u22641260<\/td>\n<td width=\"103\">\u2026..<\/td>\n<td width=\"122\">\u2026..<\/td>\n<\/tr>\n<tr>\n<td rowspan=\"2\" width=\"141\">MFD<\/td>\n<td width=\"113\">1310 nm<\/td>\n<td width=\"94\">\u00e4hm<\/td>\n<td width=\"94\">9,2 \u00b1 0,4<\/td>\n<td width=\"103\">\u2026..<\/td>\n<td width=\"122\">\u2026..<\/td>\n<\/tr>\n<tr>\n<td width=\"113\">1550 nm<\/td>\n<td width=\"94\">\u00e4hm<\/td>\n<td width=\"94\">10,4 \u00b1 0,8<\/td>\n<td width=\"103\">\u2026..<\/td>\n<td width=\"122\">\u2026..<\/td>\n<\/tr>\n<tr>\n<td colspan=\"2\" width=\"254\">Numerische Apertur (NA)<\/td>\n<td width=\"94\">&nbsp;<\/td>\n<td width=\"94\">\u2026\u2026<\/td>\n<td width=\"103\">0,200 \u00b1 0,015<\/td>\n<td width=\"122\">0,275 \u00b1 0,015<\/td>\n<\/tr>\n<tr>\n<td colspan=\"2\" width=\"254\">Schritt (Mittelwert der bidirektionalen Messung)<\/td>\n<td width=\"94\">dB<\/td>\n<td width=\"94\">\u22640,05<\/td>\n<td width=\"103\">\u22640,10<\/td>\n<td width=\"122\">\u22640,10<\/td>\n<\/tr>\n<tr>\n<td colspan=\"2\" width=\"254\">Unregelm\u00e4\u00dfigkeiten \u00fcber die Faserl\u00e4nge und Punktdiskontinuit\u00e4t<\/td>\n<td width=\"94\">dB<\/td>\n<td width=\"94\">\u22640,05<\/td>\n<td width=\"103\">\u22640,10<\/td>\n<td width=\"122\">\u22640,10<\/td>\n<\/tr>\n<tr>\n<td colspan=\"2\" width=\"254\">Differenz-R\u00fcckstreukoeffizient<\/td>\n<td width=\"94\">dB\/km<\/td>\n<td width=\"94\">\u22640,03<\/td>\n<td width=\"103\">\u22640,08<\/td>\n<td width=\"122\">\u22640,10<\/td>\n<\/tr>\n<tr>\n<td colspan=\"2\" width=\"254\">Gleichm\u00e4\u00dfige D\u00e4mpfung<\/td>\n<td width=\"94\">dB\/km<\/td>\n<td width=\"94\">\u22640,01<\/td>\n<td width=\"103\">\u2026\u2026.<\/td>\n<td width=\"122\">\u2026\u2026.<\/td>\n<\/tr>\n<tr>\n<td colspan=\"2\" width=\"254\">Kerndurchmesser<\/td>\n<td width=\"94\">\u00e4hm<\/td>\n<td width=\"94\">\u2026\u2026<\/td>\n<td width=\"103\">50\u00b11,0<\/td>\n<td width=\"122\">62,5\u00b12,5<\/td>\n<\/tr>\n<tr>\n<td colspan=\"2\" width=\"254\">Manteldurchmesser<\/td>\n<td width=\"94\">\u00e4hm<\/td>\n<td width=\"94\">125,0 \u00b1 0,1<\/td>\n<td width=\"103\">125,0 \u00b1 0,1<\/td>\n<td width=\"122\">125,0 \u00b1 0,1<\/td>\n<\/tr>\n<tr>\n<td colspan=\"2\" width=\"254\">Unrundheit der Verkleidung<\/td>\n<td width=\"94\">%<\/td>\n<td width=\"94\">\u22641,0<\/td>\n<td width=\"103\">\u22641,0<\/td>\n<td width=\"122\">\u22641,0<\/td>\n<\/tr>\n<tr>\n<td colspan=\"2\" width=\"254\">Beschichtungsdurchmesser<\/td>\n<td width=\"94\">\u00e4hm<\/td>\n<td width=\"94\">242\u00b17<\/td>\n<td width=\"103\">242\u00b17<\/td>\n<td width=\"122\">242\u00b17<\/td>\n<\/tr>\n<tr>\n<td colspan=\"2\" width=\"254\">Beschichtung\/Buchfink konzentrischer Fehler<\/td>\n<td width=\"94\">\u00e4hm<\/td>\n<td width=\"94\">\u226412,0<\/td>\n<td width=\"103\">\u226412,0<\/td>\n<td width=\"122\">\u226412,0<\/td>\n<\/tr>\n<tr>\n<td colspan=\"2\" width=\"254\">Nichtzirkularit\u00e4t der Beschichtung<\/td>\n<td width=\"94\">%<\/td>\n<td width=\"94\">\u22646,0<\/td>\n<td width=\"103\">\u22646,0<\/td>\n<td width=\"122\">\u22646,0<\/td>\n<\/tr>\n<tr>\n<td colspan=\"2\" width=\"254\">Konzentrizit\u00e4tsfehler Kern\/Mantel<\/td>\n<td width=\"94\">\u00e4hm<\/td>\n<td width=\"94\">\u22640,6<\/td>\n<td width=\"103\">\u22641,5<\/td>\n<td width=\"122\">\u22641,5<\/td>\n<\/tr>\n<tr>\n<td colspan=\"2\" width=\"254\">Curl(Radius)<\/td>\n<td width=\"94\">\u00e4hm<\/td>\n<td width=\"94\">\u22644<\/td>\n<td width=\"103\">\u2026..<\/td>\n<td width=\"122\">\u2026..<\/td>\n<\/tr>\n<\/tbody>\n<\/table>","protected":false},"excerpt":{"rendered":"<p>Im 24F Stranded Loose Tube Armored (GYHTS) HDPE-Kabel von OMC befindet sich in der Mitte des Kerns eine Polsterschicht aus Stahldraht und PE (bei Bedarf) als metallisches Festigkeitselement. Singlemode-\/Multimode-Fasern werden in der B\u00fcndelader positioniert, die aus PBT-Materialien besteht und mit F\u00fcllmasse gef\u00fcllt ist. Die B\u00fcndelader ist mit wasserabweisendem Band, wasserabweisendem Garn, Stahlband und PE-Materialien ummantelt.<\/p>","protected":false},"featured_media":11104,"comment_status":"closed","ping_status":"closed","template":"","meta":{"site-sidebar-layout":"default","site-content-layout":"","ast-site-content-layout":"default","site-content-style":"default","site-sidebar-style":"default","ast-global-header-display":"","ast-banner-title-visibility":"","ast-main-header-display":"","ast-hfb-above-header-display":"","ast-hfb-below-header-display":"","ast-hfb-mobile-header-display":"","site-post-title":"","ast-breadcrumbs-content":"","ast-featured-img":"","footer-sml-layout":"","theme-transparent-header-meta":"default","adv-header-id-meta":"","stick-header-meta":"default","header-above-stick-meta":"","header-main-stick-meta":"","header-below-stick-meta":"","astra-migrate-meta-layouts":"set","ast-page-background-enabled":"default","ast-page-background-meta":{"desktop":{"background-color":"var(--ast-global-color-4)","background-image":"","background-repeat":"repeat","background-position":"center center","background-size":"auto","background-attachment":"scroll","background-type":"","background-media":"","overlay-type":"","overlay-color":"","overlay-gradient":""},"tablet":{"background-color":"","background-image":"","background-repeat":"repeat","background-position":"center center","background-size":"auto","background-attachment":"scroll","background-type":"","background-media":"","overlay-type":"","overlay-color":"","overlay-gradient":""},"mobile":{"background-color":"","background-image":"","background-repeat":"repeat","background-position":"center center","background-size":"auto","background-attachment":"scroll","background-type":"","background-media":"","overlay-type":"","overlay-color":"","overlay-gradient":""}},"ast-content-background-meta":{"desktop":{"background-color":"var(--ast-global-color-5)","background-image":"","background-repeat":"repeat","background-position":"center center","background-size":"auto","background-attachment":"scroll","background-type":"","background-media":"","overlay-type":"","overlay-color":"","overlay-gradient":""},"tablet":{"background-color":"var(--ast-global-color-5)","background-image":"","background-repeat":"repeat","background-position":"center center","background-size":"auto","background-attachment":"scroll","background-type":"","background-media":"","overlay-type":"","overlay-color":"","overlay-gradient":""},"mobile":{"background-color":"var(--ast-global-color-5)","background-image":"","background-repeat":"repeat","background-position":"center center","background-size":"auto","background-attachment":"scroll","background-type":"","background-media":"","overlay-type":"","overlay-color":"","overlay-gradient":""}}},"product_cat":[139,124],"product_tag":[],"class_list":{"0":"post-11102","1":"product","2":"type-product","3":"status-publish","4":"has-post-thumbnail","6":"product_cat-armored-outdoor-cable","7":"product_cat-outdoor-cable","8":"desktop-align-left","9":"tablet-align-left","10":"mobile-align-left","11":"ast-product-gallery-layout-horizontal-slider","12":"ast-product-tabs-layout-horizontal","14":"first","15":"instock","16":"shipping-taxable","17":"product-type-simple"},"acf":[],"_links":{"self":[{"href":"https:\/\/www.omccable.com\/de\/wp-json\/wp\/v2\/product\/11102","targetHints":{"allow":["GET"]}}],"collection":[{"href":"https:\/\/www.omccable.com\/de\/wp-json\/wp\/v2\/product"}],"about":[{"href":"https:\/\/www.omccable.com\/de\/wp-json\/wp\/v2\/types\/product"}],"replies":[{"embeddable":true,"href":"https:\/\/www.omccable.com\/de\/wp-json\/wp\/v2\/comments?post=11102"}],"version-history":[{"count":1,"href":"https:\/\/www.omccable.com\/de\/wp-json\/wp\/v2\/product\/11102\/revisions"}],"predecessor-version":[{"id":11105,"href":"https:\/\/www.omccable.com\/de\/wp-json\/wp\/v2\/product\/11102\/revisions\/11105"}],"wp:featuredmedia":[{"embeddable":true,"href":"https:\/\/www.omccable.com\/de\/wp-json\/wp\/v2\/media\/11104"}],"wp:attachment":[{"href":"https:\/\/www.omccable.com\/de\/wp-json\/wp\/v2\/media?parent=11102"}],"wp:term":[{"taxonomy":"product_cat","embeddable":true,"href":"https:\/\/www.omccable.com\/de\/wp-json\/wp\/v2\/product_cat?post=11102"},{"taxonomy":"product_tag","embeddable":true,"href":"https:\/\/www.omccable.com\/de\/wp-json\/wp\/v2\/product_tag?post=11102"}],"curies":[{"name":"wp","href":"https:\/\/api.w.org\/{rel}","templated":true}]}}