{"id":11097,"date":"2024-06-24T16:30:30","date_gmt":"2024-06-24T08:30:30","guid":{"rendered":"https:\/\/www.omccable.com\/?post_type=product&#038;p=11097"},"modified":"2024-06-24T16:31:25","modified_gmt":"2024-06-24T08:31:25","slug":"4-288f-stranded-loose-tube-armored-cable-gytzs-pe","status":"publish","type":"product","link":"https:\/\/www.omccable.com\/de\/produkt\/4-288f-stranded-loose-tube-armored-cable-gytzs-pe\/","title":{"rendered":"4-288F gestrandetes gepanzertes B\u00fcndeladerkabel (GYTZS) PE"},"content":{"rendered":"<p>In OMCs <strong><b>24F Stranded Loose Tube Armored (GYHTSH) LSZH<\/b><\/strong>\u00a0Kabel, A <strong><b>Stahl<\/b><\/strong><strong><b>\u00a0<\/b><\/strong><strong><b>Draht<\/b><\/strong>\u00a0Die PE-Kissenschicht befindet sich (bei Bedarf) in der Mitte des Kerns als metallisches Festigkeitselement. Singlemode-\/Multimode-Fasern werden in der B\u00fcndelader positioniert, die aus PBT-Materialien besteht und mit F\u00fcllmasse gef\u00fcllt ist. Die B\u00fcndelader ist mit<strong><b>\u00a0Wellstahlband<\/b><\/strong>, bedeckt , Schlie\u00dflich ist die Ummantelung aus LSZH-Material abgedeckt, um die Kompaktheit und die wasserabweisende Leistung in L\u00e4ngsrichtung zu gew\u00e4hrleisten.<\/p>\n<p>&nbsp;<\/p>\n<p><strong><b>Standardfarbe von Faser und Schlauch<\/b><\/strong><\/p>\n<p>Der Farbcode der einzelnen Fasern muss der folgenden Tabelle entsprechen<\/p>\n<table>\n<tbody>\n<tr>\n<td width=\"124\"><strong>Nein.<\/strong><\/td>\n<td width=\"85\">1<\/td>\n<td width=\"94\">2<\/td>\n<td width=\"94\">3<\/td>\n<td width=\"85\">4<\/td>\n<td width=\"75\">5<\/td>\n<td width=\"104\">6<\/td>\n<\/tr>\n<tr>\n<td width=\"124\"><strong>Farbe<\/strong><\/td>\n<td width=\"85\">Blau<\/td>\n<td width=\"94\">Orange<\/td>\n<td width=\"94\">Gr\u00fcn<\/td>\n<td width=\"85\">Braun<\/td>\n<td width=\"75\">Grau<\/td>\n<td width=\"104\">White<\/td>\n<\/tr>\n<tr>\n<td width=\"124\"><strong>Nein.<\/strong><\/td>\n<td width=\"85\">7<\/td>\n<td width=\"94\">8<\/td>\n<td width=\"94\">9<\/td>\n<td width=\"85\">10<\/td>\n<td width=\"75\">11<\/td>\n<td width=\"104\">12<\/td>\n<\/tr>\n<tr>\n<td width=\"124\"><strong>Farbe<\/strong><\/td>\n<td width=\"85\">Rot<\/td>\n<td width=\"94\">Schwarz<\/td>\n<td width=\"94\">Gelb<\/td>\n<td width=\"85\">Violett<\/td>\n<td width=\"75\">Rosa<\/td>\n<td width=\"104\">Aqua<\/td>\n<\/tr>\n<\/tbody>\n<\/table>\n<p>Schlauchfarbcode f\u00fcr 12~144 Fasern:<\/p>\n<table>\n<tbody>\n<tr>\n<td width=\"124\"><strong>Nein.<\/strong><\/td>\n<td width=\"85\">1<\/td>\n<td width=\"94\">2<\/td>\n<td width=\"94\">3<\/td>\n<td width=\"85\">4<\/td>\n<td width=\"85\">5<\/td>\n<td width=\"94\">6<\/td>\n<\/tr>\n<tr>\n<td width=\"124\"><strong>Farbe<\/strong><\/td>\n<td width=\"85\">Blau<\/td>\n<td width=\"94\">Orange<\/td>\n<td width=\"94\">Gr\u00fcn<\/td>\n<td width=\"85\">Braun<\/td>\n<td width=\"85\">Grau<\/td>\n<td width=\"94\">White<\/td>\n<\/tr>\n<tr>\n<td width=\"124\"><strong>Nein.<\/strong><\/td>\n<td width=\"85\">7<\/td>\n<td width=\"94\">8<\/td>\n<td width=\"94\">9<\/td>\n<td width=\"85\">10<\/td>\n<td width=\"85\">11<\/td>\n<td width=\"94\">12<\/td>\n<\/tr>\n<tr>\n<td width=\"124\"><strong>Farbe<\/strong><\/td>\n<td width=\"85\">Rot<\/td>\n<td width=\"94\">Schwarz<\/td>\n<td width=\"94\">Gelb<\/td>\n<td width=\"85\">Violett<\/td>\n<td width=\"85\">Rosa<\/td>\n<td width=\"94\">Aqua<\/td>\n<\/tr>\n<\/tbody>\n<\/table>\n<p>Hinweis: # bedeutet einzelner schwarzer Streifen; * bedeutet einzelner wei\u00dfer Streifen.<\/p>\n<p>&nbsp;<\/p>\n<p><strong><b>Kabel<\/b><\/strong><strong><b>\u00a0Strukturparameter<\/b><\/strong><\/p>\n<table>\n<tbody>\n<tr>\n<td width=\"94\"><strong>Faseranzahl<\/strong><\/td>\n<td width=\"75\"><strong>Struktur<\/strong><\/td>\n<td width=\"56\"><strong>Fasern pro R\u00f6hre<\/strong><\/td>\n<td width=\"94\"><strong>B\u00fcndeladerdurchmesser<\/strong><\/p>\n<p><strong>(mm)<\/strong><\/td>\n<td width=\"103\"><strong>CSM-Durchmesser\/Pad-Durchmesser<\/strong><\/p>\n<p><strong>(mm)<\/strong><\/td>\n<td width=\"94\"><strong>Nenndicke des Au\u00dfenmantels<\/strong><\/p>\n<p><strong>(mm)<\/strong><\/td>\n<td width=\"75\"><strong>Kabeldurchmesser<\/strong><\/p>\n<p><strong>(mm)<\/strong><\/td>\n<td width=\"75\"><strong>Kabelgewicht<\/strong><\/p>\n<p><strong>(kg\/km)<\/strong><\/td>\n<\/tr>\n<tr>\n<td width=\"94\">4<\/td>\n<td width=\"75\">1+5<\/td>\n<td width=\"56\">4<\/td>\n<td width=\"94\">2,0 \u00b10,1<\/td>\n<td width=\"103\">1.4\/1.4<\/td>\n<td width=\"94\">1.6<\/td>\n<td width=\"75\">9,0 \u00b10,5<\/td>\n<td width=\"75\">92<\/td>\n<\/tr>\n<tr>\n<td width=\"94\">6<\/td>\n<td width=\"75\">1+5<\/td>\n<td width=\"56\">6<\/td>\n<td width=\"94\">2,0 \u00b10,1<\/td>\n<td width=\"103\">1.4\/1.4<\/td>\n<td width=\"94\">1.6<\/td>\n<td width=\"75\">9,0 \u00b10,5<\/td>\n<td width=\"75\">92<\/td>\n<\/tr>\n<tr>\n<td width=\"94\">8<\/td>\n<td width=\"75\">1+5<\/td>\n<td width=\"56\">4<\/td>\n<td width=\"94\">2,0 \u00b10,1<\/td>\n<td width=\"103\">1.4\/1.4<\/td>\n<td width=\"94\">1.6<\/td>\n<td width=\"75\">9,0 \u00b10,5<\/td>\n<td width=\"75\">92<\/td>\n<\/tr>\n<tr>\n<td width=\"94\">12<\/td>\n<td width=\"75\">1+5<\/td>\n<td width=\"56\">6<\/td>\n<td width=\"94\">2,0 \u00b10,1<\/td>\n<td width=\"103\">1.4\/1.4<\/td>\n<td width=\"94\">1.6<\/td>\n<td width=\"75\">9,0 \u00b10,5<\/td>\n<td width=\"75\">92<\/td>\n<\/tr>\n<tr>\n<td width=\"94\">18<\/td>\n<td width=\"75\">1+5<\/td>\n<td width=\"56\">6<\/td>\n<td width=\"94\">2,0 \u00b10,1<\/td>\n<td width=\"103\">1.4\/1.4<\/td>\n<td width=\"94\">1.6<\/td>\n<td width=\"75\">9,0 \u00b10,5<\/td>\n<td width=\"75\">93<\/td>\n<\/tr>\n<tr>\n<td width=\"94\">24<\/td>\n<td width=\"75\">1+5<\/td>\n<td width=\"56\">6<\/td>\n<td width=\"94\">2,0 \u00b10,1<\/td>\n<td width=\"103\">1.4\/1.4<\/td>\n<td width=\"94\">1.6<\/td>\n<td width=\"75\">9,0 \u00b10,5<\/td>\n<td width=\"75\">94<\/td>\n<\/tr>\n<tr>\n<td width=\"94\">30<\/td>\n<td width=\"75\">1+5<\/td>\n<td width=\"56\">6<\/td>\n<td width=\"94\">2,0 \u00b10,1<\/td>\n<td width=\"103\">1.4\/1.4<\/td>\n<td width=\"94\">1.6<\/td>\n<td width=\"75\">9,0 \u00b10,5<\/td>\n<td width=\"75\">95<\/td>\n<\/tr>\n<tr>\n<td width=\"94\">36<\/td>\n<td width=\"75\">1+5<\/td>\n<td width=\"56\">12<\/td>\n<td width=\"94\">2,2 \u00b10,1<\/td>\n<td width=\"103\">1.6\/1.6<\/td>\n<td width=\"94\">2.0<\/td>\n<td width=\"75\">9,7 \u00b10,5<\/td>\n<td width=\"75\">100<\/td>\n<\/tr>\n<tr>\n<td width=\"94\">48<\/td>\n<td width=\"75\">1+5<\/td>\n<td width=\"56\">12<\/td>\n<td width=\"94\">2,2 \u00b10,1<\/td>\n<td width=\"103\">1.6\/1.6<\/td>\n<td width=\"94\">2.0<\/td>\n<td width=\"75\">9,7 \u00b10,5<\/td>\n<td width=\"75\">109<\/td>\n<\/tr>\n<tr>\n<td width=\"94\">60<\/td>\n<td width=\"75\">1+5<\/td>\n<td width=\"56\">12<\/td>\n<td width=\"94\">2,2 \u00b10,1<\/td>\n<td width=\"103\">1.6\/1.6<\/td>\n<td width=\"94\">2.0<\/td>\n<td width=\"75\">9,7 \u00b10,5<\/td>\n<td width=\"75\">110<\/td>\n<\/tr>\n<tr>\n<td width=\"94\">72<\/td>\n<td width=\"75\">1+6<\/td>\n<td width=\"56\">12<\/td>\n<td width=\"94\">2,2 \u00b10,1<\/td>\n<td width=\"103\">2.0\/2.0<\/td>\n<td width=\"94\">2.0<\/td>\n<td width=\"75\">10,4 \u00b10,5<\/td>\n<td width=\"75\">135<\/td>\n<\/tr>\n<tr>\n<td width=\"94\">84<\/td>\n<td width=\"75\">1+7<\/td>\n<td width=\"56\">12<\/td>\n<td width=\"94\">2,2 \u00b10,1<\/td>\n<td width=\"103\">1.8\/2.9<\/td>\n<td width=\"94\">2.0<\/td>\n<td width=\"75\">11,3 \u00b10,5<\/td>\n<td width=\"75\">150<\/td>\n<\/tr>\n<tr>\n<td width=\"94\">96<\/td>\n<td width=\"75\">1+8<\/td>\n<td width=\"56\">12<\/td>\n<td width=\"94\">2,2 \u00b10,1<\/td>\n<td width=\"103\">1.8\/3.5<\/td>\n<td width=\"94\">2.0<\/td>\n<td width=\"75\">12,0 \u00b10,5<\/td>\n<td width=\"75\">165<\/td>\n<\/tr>\n<tr>\n<td width=\"94\">108<\/td>\n<td width=\"75\">1+9<\/td>\n<td width=\"56\">12<\/td>\n<td width=\"94\">2,2 \u00b10,1<\/td>\n<td width=\"103\">1.8\/4.2<\/td>\n<td width=\"94\">2.0<\/td>\n<td width=\"75\">12,7 \u00b10,5<\/td>\n<td width=\"75\">180<\/td>\n<\/tr>\n<tr>\n<td width=\"94\">120<\/td>\n<td width=\"75\">1+10<\/td>\n<td width=\"56\">12<\/td>\n<td width=\"94\">2,2 \u00b10,1<\/td>\n<td width=\"103\">1.8\/4.9<\/td>\n<td width=\"94\">2.0<\/td>\n<td width=\"75\">13,4 \u00b10,5<\/td>\n<td width=\"75\">200<\/td>\n<\/tr>\n<tr>\n<td width=\"94\">132<\/td>\n<td width=\"75\">1+11<\/td>\n<td width=\"56\">12<\/td>\n<td width=\"94\">2,2 \u00b10,1<\/td>\n<td width=\"103\">1.8\/5.5<\/td>\n<td width=\"94\">2.0<\/td>\n<td width=\"75\">14,0 \u00b10,5<\/td>\n<td width=\"75\">215<\/td>\n<\/tr>\n<tr>\n<td width=\"94\">144<\/td>\n<td width=\"75\">1+12<\/td>\n<td width=\"56\">12<\/td>\n<td width=\"94\">2,2 \u00b10,1<\/td>\n<td width=\"103\">2.0\/6.4<\/td>\n<td width=\"94\">2.0<\/td>\n<td width=\"75\">15,0 \u00b10,5<\/td>\n<td width=\"75\">235<\/td>\n<\/tr>\n<tr>\n<td width=\"94\">192<\/td>\n<td width=\"75\">1+6+12<\/td>\n<td width=\"56\">12<\/td>\n<td width=\"94\">2,2 \u00b10,1<\/td>\n<td width=\"103\">2.2\/2.2<\/td>\n<td width=\"94\">2.0<\/td>\n<td width=\"75\">14,7 \u00b10,5<\/td>\n<td width=\"75\">245<\/td>\n<\/tr>\n<tr>\n<td width=\"94\">216<\/td>\n<td width=\"75\">1+6+12<\/td>\n<td width=\"56\">12<\/td>\n<td width=\"94\">2,2 \u00b10,1<\/td>\n<td width=\"103\">2.2\/2.2<\/td>\n<td width=\"94\">2.0<\/td>\n<td width=\"75\">14,7 \u00b10,5<\/td>\n<td width=\"75\">248<\/td>\n<\/tr>\n<tr>\n<td width=\"94\">288<\/td>\n<td width=\"75\">1+9+15<\/td>\n<td width=\"56\">12<\/td>\n<td width=\"94\">2,2 \u00b1 0,1<\/td>\n<td width=\"103\">2.2\/4.2<\/td>\n<td width=\"94\">2.0<\/td>\n<td width=\"75\">16,7 \u00b10,5<\/td>\n<td width=\"75\">310<\/td>\n<\/tr>\n<\/tbody>\n<\/table>\n<p>&nbsp;<\/p>\n<p><strong><b>Parameter Kabelmaterial<\/b><\/strong><\/p>\n<table>\n<tbody>\n<tr>\n<td colspan=\"2\" width=\"232\"><strong>Artikel<\/strong><\/td>\n<td width=\"438\"><strong>Parameter<\/strong><\/td>\n<\/tr>\n<tr>\n<td rowspan=\"2\" width=\"129\">B\u00fcndelader<\/td>\n<td width=\"102\">Material<\/td>\n<td width=\"438\">PBT<\/td>\n<\/tr>\n<tr>\n<td width=\"102\">Farbe<\/td>\n<td width=\"438\">Volles Farbspektrum<\/td>\n<\/tr>\n<tr>\n<td rowspan=\"2\" width=\"129\">F\u00fcllstoff<\/td>\n<td width=\"102\">Material<\/td>\n<td width=\"438\">PE<\/td>\n<\/tr>\n<tr>\n<td width=\"102\">Farbe<\/td>\n<td width=\"438\">Schwarz<\/td>\n<\/tr>\n<tr>\n<td width=\"129\">CSM<\/td>\n<td width=\"102\">Material<\/td>\n<td width=\"438\">Phosphatieren von Stahldraht<\/td>\n<\/tr>\n<tr>\n<td width=\"129\">Gepanzert<\/td>\n<td width=\"102\">Material<\/td>\n<td width=\"438\">Wellstahlband<\/td>\n<\/tr>\n<tr>\n<td rowspan=\"2\" width=\"129\">Au\u00dfenjacke<\/td>\n<td width=\"102\">Material<\/td>\n<td width=\"438\">LSZH<\/td>\n<\/tr>\n<tr>\n<td width=\"102\">Farbe<\/td>\n<td width=\"438\">Schwarz<\/td>\n<\/tr>\n<\/tbody>\n<\/table>\n<p>&nbsp;<\/p>\n<p><strong><b>Mechanische und Umweltleistung<\/b><\/strong><\/p>\n<table>\n<tbody>\n<tr>\n<td width=\"221\"><strong>Artikel<\/strong><\/td>\n<td width=\"206\"><strong>Inhalt<\/strong><\/td>\n<td width=\"245\"><strong>Wert<\/strong><\/td>\n<\/tr>\n<tr>\n<td rowspan=\"2\" width=\"221\">Max. Zugbelastung<\/td>\n<td width=\"206\">Kurzfristig<\/td>\n<td width=\"245\">1500N Faserdehnung \u2264 0,6%<\/td>\n<\/tr>\n<tr>\n<td width=\"206\">Langfristig<\/td>\n<td width=\"245\">700N<\/td>\n<\/tr>\n<tr>\n<td rowspan=\"2\" width=\"221\">Max. Druckfestigkeit<\/td>\n<td width=\"206\">Kurzfristig<\/td>\n<td width=\"245\">1000N\/100mm<\/td>\n<\/tr>\n<tr>\n<td width=\"206\">Langfristig<\/td>\n<td width=\"245\">300N\/100mm<\/td>\n<\/tr>\n<tr>\n<td width=\"221\">Torsion<\/td>\n<td colspan=\"2\" width=\"451\">Belastung: 150 N; Anzahl der Zyklen:10; Verdrehungswinkel: \u00b1180\u00b0 Keine offensichtliche zus\u00e4tzliche D\u00e4mpfung, kein Faserbruch und keine Kabelbesch\u00e4digung.<\/td>\n<\/tr>\n<tr>\n<td width=\"221\">Auswirkungen<\/td>\n<td colspan=\"2\" width=\"451\">Aufprallenergie: 450 g \u00d7 1 m; Radius des Hammerkopfes: 12,5 mm; Anzahl der Schl\u00e4ge: 5; Keine offensichtliche zus\u00e4tzliche D\u00e4mpfung, kein Faserbruch und keine Kabelbesch\u00e4digung.<\/td>\n<\/tr>\n<tr>\n<td rowspan=\"2\" width=\"221\">Min. Biegeradius<\/td>\n<td width=\"206\">Installation<\/td>\n<td width=\"245\">20 x Kabeldurchmesser<\/td>\n<\/tr>\n<tr>\n<td width=\"206\">Betrieb<\/td>\n<td width=\"245\">10 x Kabeldurchmesser<\/td>\n<\/tr>\n<tr>\n<td rowspan=\"3\" width=\"221\">Temperaturbereich<\/td>\n<td width=\"206\">Betrieb<\/td>\n<td width=\"245\">-40\u2103 ~ +70\u2103<\/td>\n<\/tr>\n<tr>\n<td width=\"206\">Installation<\/td>\n<td width=\"245\">-20\u2103 ~ +60\u2103<\/td>\n<\/tr>\n<tr>\n<td width=\"206\">Lagerung\/Transport<\/td>\n<td width=\"245\">-40\u2103 ~ +70\u2103<\/td>\n<\/tr>\n<\/tbody>\n<\/table>\n<p>&nbsp;<\/p>\n<p><strong><b>Technische Parameter der Glasfaser <\/b><\/strong><\/p>\n<table>\n<tbody>\n<tr>\n<td colspan=\"2\" width=\"254\"><strong>Faserstil<\/strong><\/td>\n<td width=\"94\"><strong>Einheit<\/strong><\/td>\n<td width=\"94\"><strong>SM 9\/125<\/strong><\/td>\n<td width=\"103\"><strong>MM 50\/125<\/strong><\/td>\n<td width=\"122\"><strong>MM 62,5\/125<\/strong><\/td>\n<\/tr>\n<tr>\n<td colspan=\"2\" width=\"254\">Zustand<\/td>\n<td width=\"94\">nm<\/td>\n<td width=\"94\">1310\/1550<\/td>\n<td width=\"103\">850\/1300<\/td>\n<td width=\"122\">850\/1300<\/td>\n<\/tr>\n<tr>\n<td colspan=\"2\" width=\"254\">D\u00e4mpfung<\/td>\n<td width=\"94\">dB\/km<\/td>\n<td width=\"94\">\u22640,34\/0,2<\/td>\n<td width=\"103\">\u22643,0\/1,0<\/td>\n<td width=\"122\">\u22643,0\/1,0<\/td>\n<\/tr>\n<tr>\n<td rowspan=\"2\" width=\"141\">Streuung<\/td>\n<td width=\"113\">1310 nm<\/td>\n<td width=\"94\">Ps\/(nm*km)<\/td>\n<td width=\"94\">\u226418<\/td>\n<td width=\"103\">\u2026..<\/td>\n<td width=\"122\">\u2026..<\/td>\n<\/tr>\n<tr>\n<td width=\"113\">1550 nm<\/td>\n<td width=\"94\">Ps\/(nm*km)<\/td>\n<td width=\"94\">\u226422<\/td>\n<td width=\"103\">\u2026..<\/td>\n<td width=\"122\">\u2026..<\/td>\n<\/tr>\n<tr>\n<td rowspan=\"2\" width=\"141\">Bandbreite<\/td>\n<td width=\"113\">850 nm<\/td>\n<td width=\"94\">MHZ. KM<\/td>\n<td width=\"94\">\u2026..<\/td>\n<td width=\"103\">\u2267400<\/td>\n<td width=\"122\">\u2267160<\/td>\n<\/tr>\n<tr>\n<td width=\"113\">1300 nm<\/td>\n<td width=\"94\">MHZ. KM<\/td>\n<td width=\"94\">\u2026..<\/td>\n<td width=\"103\">\u2267800<\/td>\n<td width=\"122\">\u2267500<\/td>\n<\/tr>\n<tr>\n<td colspan=\"2\" width=\"254\">Wellenl\u00e4nge ohne Dispersion<\/td>\n<td width=\"94\">nm<\/td>\n<td width=\"94\">\u22671302,<\/p>\n<p>\u22641322<\/td>\n<td width=\"103\">\u2026..<\/td>\n<td width=\"122\">\u2026..<\/td>\n<\/tr>\n<tr>\n<td colspan=\"2\" width=\"254\">Nulldispersionssteigung<\/td>\n<td width=\"94\">nm<\/td>\n<td width=\"94\">\u22640,091<\/td>\n<td width=\"103\">\u2026..<\/td>\n<td width=\"122\">\u2026..<\/td>\n<\/tr>\n<tr>\n<td colspan=\"2\" width=\"254\">PMD Maximale Einzelfaser<\/td>\n<td width=\"94\"><\/td>\n<td width=\"94\">\u22640,2<\/td>\n<td width=\"103\">\u2026..<\/td>\n<td width=\"122\">\u2026..<\/td>\n<\/tr>\n<tr>\n<td colspan=\"2\" width=\"254\">PMD-Design-Linkwert<\/td>\n<td width=\"94\">Ps(nm2*km)<\/td>\n<td width=\"94\">\u22640,08<\/td>\n<td width=\"103\">\u2026..<\/td>\n<td width=\"122\">\u2026..<\/td>\n<\/tr>\n<tr>\n<td colspan=\"2\" width=\"254\">Fasergrenzwellenl\u00e4nge \u03bbc<\/td>\n<td width=\"94\">nm<\/td>\n<td width=\"94\">\u22671180,<\/p>\n<p>\u22641330<\/td>\n<td width=\"103\">\u2026..<\/td>\n<td width=\"122\">\u2026..<\/td>\n<\/tr>\n<tr>\n<td colspan=\"2\" width=\"254\">Kabelgrenzwellenl\u00e4nge \u03bbcc<\/td>\n<td width=\"94\">nm<\/td>\n<td width=\"94\">\u22641260<\/td>\n<td width=\"103\">\u2026..<\/td>\n<td width=\"122\">\u2026..<\/td>\n<\/tr>\n<tr>\n<td rowspan=\"2\" width=\"141\">MFD<\/td>\n<td width=\"113\">1310 nm<\/td>\n<td width=\"94\">\u00e4hm<\/td>\n<td width=\"94\">9,2 \u00b1 0,4<\/td>\n<td width=\"103\">\u2026..<\/td>\n<td width=\"122\">\u2026..<\/td>\n<\/tr>\n<tr>\n<td width=\"113\">1550 nm<\/td>\n<td width=\"94\">\u00e4hm<\/td>\n<td width=\"94\">10,4 \u00b1 0,8<\/td>\n<td width=\"103\">\u2026..<\/td>\n<td width=\"122\">\u2026..<\/td>\n<\/tr>\n<tr>\n<td colspan=\"2\" width=\"254\">Numerische Apertur (NA)<\/td>\n<td width=\"94\"><\/td>\n<td width=\"94\">\u2026\u2026<\/td>\n<td width=\"103\">0,200 \u00b1 0,015<\/td>\n<td width=\"122\">0,275 \u00b1 0,015<\/td>\n<\/tr>\n<tr>\n<td colspan=\"2\" width=\"254\">Schritt (Mittelwert der bidirektionalen Messung)<\/td>\n<td width=\"94\">dB<\/td>\n<td width=\"94\">\u22640,05<\/td>\n<td width=\"103\">\u22640,10<\/td>\n<td width=\"122\">\u22640,10<\/td>\n<\/tr>\n<tr>\n<td colspan=\"2\" width=\"254\">Unregelm\u00e4\u00dfigkeiten \u00fcber die Faserl\u00e4nge und Punktdiskontinuit\u00e4t<\/td>\n<td width=\"94\">dB<\/td>\n<td width=\"94\">\u22640,05<\/td>\n<td width=\"103\">\u22640,10<\/td>\n<td width=\"122\">\u22640,10<\/td>\n<\/tr>\n<tr>\n<td colspan=\"2\" width=\"254\">Differenz-R\u00fcckstreukoeffizient<\/td>\n<td width=\"94\">dB\/km<\/td>\n<td width=\"94\">\u22640,03<\/td>\n<td width=\"103\">\u22640,08<\/td>\n<td width=\"122\">\u22640,10<\/td>\n<\/tr>\n<tr>\n<td colspan=\"2\" width=\"254\">Gleichm\u00e4\u00dfige D\u00e4mpfung<\/td>\n<td width=\"94\">dB\/km<\/td>\n<td width=\"94\">\u22640,01<\/td>\n<td width=\"103\">\u2026\u2026.<\/td>\n<td width=\"122\">\u2026\u2026.<\/td>\n<\/tr>\n<tr>\n<td colspan=\"2\" width=\"254\">Kerndurchmesser<\/td>\n<td width=\"94\">\u00e4hm<\/td>\n<td width=\"94\">\u2026\u2026<\/td>\n<td width=\"103\">50\u00b11,0<\/td>\n<td width=\"122\">62,5\u00b12,5<\/td>\n<\/tr>\n<tr>\n<td colspan=\"2\" width=\"254\">Manteldurchmesser<\/td>\n<td width=\"94\">\u00e4hm<\/td>\n<td width=\"94\">125,0 \u00b1 0,1<\/td>\n<td width=\"103\">125,0 \u00b1 0,1<\/td>\n<td width=\"122\">125,0 \u00b1 0,1<\/td>\n<\/tr>\n<tr>\n<td colspan=\"2\" width=\"254\">Unrundheit der Verkleidung<\/td>\n<td width=\"94\">%<\/td>\n<td width=\"94\">\u22641,0<\/td>\n<td width=\"103\">\u22641,0<\/td>\n<td width=\"122\">\u22641,0<\/td>\n<\/tr>\n<tr>\n<td colspan=\"2\" width=\"254\">Beschichtungsdurchmesser<\/td>\n<td width=\"94\">\u00e4hm<\/td>\n<td width=\"94\">242\u00b17<\/td>\n<td width=\"103\">242\u00b17<\/td>\n<td width=\"122\">242\u00b17<\/td>\n<\/tr>\n<tr>\n<td colspan=\"2\" width=\"254\">Beschichtung\/Buchfink konzentrischer Fehler<\/td>\n<td width=\"94\">\u00e4hm<\/td>\n<td width=\"94\">\u226412,0<\/td>\n<td width=\"103\">\u226412,0<\/td>\n<td width=\"122\">\u226412,0<\/td>\n<\/tr>\n<tr>\n<td colspan=\"2\" width=\"254\">Nichtzirkularit\u00e4t der Beschichtung<\/td>\n<td width=\"94\">%<\/td>\n<td width=\"94\">\u22646,0<\/td>\n<td width=\"103\">\u22646,0<\/td>\n<td width=\"122\">\u22646,0<\/td>\n<\/tr>\n<tr>\n<td colspan=\"2\" width=\"254\">Konzentrizit\u00e4tsfehler Kern\/Mantel<\/td>\n<td width=\"94\">\u00e4hm<\/td>\n<td width=\"94\">\u22640,6<\/td>\n<td width=\"103\">\u22641,5<\/td>\n<td width=\"122\">\u22641,5<\/td>\n<\/tr>\n<tr>\n<td colspan=\"2\" width=\"254\">Curl(Radius)<\/td>\n<td width=\"94\">\u00e4hm<\/td>\n<td width=\"94\">\u22644<\/td>\n<td width=\"103\">\u2026..<\/td>\n<td width=\"122\">\u2026..<\/td>\n<\/tr>\n<\/tbody>\n<\/table>","protected":false},"excerpt":{"rendered":"<p>Im 24F Stranded Loose Tube Armored (GYHTSH) LSZH-Kabel von OMC befindet sich (bei Bedarf) eine Stahldraht- und PE-Kissenschicht in der Mitte des Kerns als metallisches Festigkeitselement. Singlemode-\/Multimode-Fasern werden in der B\u00fcndelader positioniert, die aus PBT-Materialien besteht und mit F\u00fcllmasse gef\u00fcllt ist. Die B\u00fcndelader wird mit Wellstahlband abgedeckt. Zum Schluss wird der Mantel aus LSZH-Material abgedeckt, um sicherzustellen, dass [\u2026]<\/p>","protected":false},"featured_media":11098,"comment_status":"closed","ping_status":"closed","template":"","meta":{"site-sidebar-layout":"default","site-content-layout":"","ast-site-content-layout":"default","site-content-style":"default","site-sidebar-style":"default","ast-global-header-display":"","ast-banner-title-visibility":"","ast-main-header-display":"","ast-hfb-above-header-display":"","ast-hfb-below-header-display":"","ast-hfb-mobile-header-display":"","site-post-title":"","ast-breadcrumbs-content":"","ast-featured-img":"","footer-sml-layout":"","theme-transparent-header-meta":"default","adv-header-id-meta":"","stick-header-meta":"default","header-above-stick-meta":"","header-main-stick-meta":"","header-below-stick-meta":"","astra-migrate-meta-layouts":"set","ast-page-background-enabled":"default","ast-page-background-meta":{"desktop":{"background-color":"var(--ast-global-color-4)","background-image":"","background-repeat":"repeat","background-position":"center center","background-size":"auto","background-attachment":"scroll","background-type":"","background-media":"","overlay-type":"","overlay-color":"","overlay-gradient":""},"tablet":{"background-color":"","background-image":"","background-repeat":"repeat","background-position":"center center","background-size":"auto","background-attachment":"scroll","background-type":"","background-media":"","overlay-type":"","overlay-color":"","overlay-gradient":""},"mobile":{"background-color":"","background-image":"","background-repeat":"repeat","background-position":"center center","background-size":"auto","background-attachment":"scroll","background-type":"","background-media":"","overlay-type":"","overlay-color":"","overlay-gradient":""}},"ast-content-background-meta":{"desktop":{"background-color":"var(--ast-global-color-5)","background-image":"","background-repeat":"repeat","background-position":"center center","background-size":"auto","background-attachment":"scroll","background-type":"","background-media":"","overlay-type":"","overlay-color":"","overlay-gradient":""},"tablet":{"background-color":"var(--ast-global-color-5)","background-image":"","background-repeat":"repeat","background-position":"center center","background-size":"auto","background-attachment":"scroll","background-type":"","background-media":"","overlay-type":"","overlay-color":"","overlay-gradient":""},"mobile":{"background-color":"var(--ast-global-color-5)","background-image":"","background-repeat":"repeat","background-position":"center center","background-size":"auto","background-attachment":"scroll","background-type":"","background-media":"","overlay-type":"","overlay-color":"","overlay-gradient":""}}},"product_cat":[139,124],"product_tag":[],"class_list":{"0":"post-11097","1":"product","2":"type-product","3":"status-publish","4":"has-post-thumbnail","6":"product_cat-armored-outdoor-cable","7":"product_cat-outdoor-cable","8":"desktop-align-left","9":"tablet-align-left","10":"mobile-align-left","11":"ast-product-gallery-layout-horizontal-slider","12":"ast-product-tabs-layout-horizontal","14":"first","15":"instock","16":"shipping-taxable","17":"product-type-simple"},"acf":[],"_links":{"self":[{"href":"https:\/\/www.omccable.com\/de\/wp-json\/wp\/v2\/product\/11097","targetHints":{"allow":["GET"]}}],"collection":[{"href":"https:\/\/www.omccable.com\/de\/wp-json\/wp\/v2\/product"}],"about":[{"href":"https:\/\/www.omccable.com\/de\/wp-json\/wp\/v2\/types\/product"}],"replies":[{"embeddable":true,"href":"https:\/\/www.omccable.com\/de\/wp-json\/wp\/v2\/comments?post=11097"}],"version-history":[{"count":2,"href":"https:\/\/www.omccable.com\/de\/wp-json\/wp\/v2\/product\/11097\/revisions"}],"predecessor-version":[{"id":11101,"href":"https:\/\/www.omccable.com\/de\/wp-json\/wp\/v2\/product\/11097\/revisions\/11101"}],"wp:featuredmedia":[{"embeddable":true,"href":"https:\/\/www.omccable.com\/de\/wp-json\/wp\/v2\/media\/11098"}],"wp:attachment":[{"href":"https:\/\/www.omccable.com\/de\/wp-json\/wp\/v2\/media?parent=11097"}],"wp:term":[{"taxonomy":"product_cat","embeddable":true,"href":"https:\/\/www.omccable.com\/de\/wp-json\/wp\/v2\/product_cat?post=11097"},{"taxonomy":"product_tag","embeddable":true,"href":"https:\/\/www.omccable.com\/de\/wp-json\/wp\/v2\/product_tag?post=11097"}],"curies":[{"name":"wp","href":"https:\/\/api.w.org\/{rel}","templated":true}]}}