{"id":11073,"date":"2024-06-21T17:10:42","date_gmt":"2024-06-21T09:10:42","guid":{"rendered":"https:\/\/www.omccable.com\/?post_type=product&#038;p=11073"},"modified":"2024-06-21T17:10:42","modified_gmt":"2024-06-21T09:10:42","slug":"2-12f-unitube-armored-cable-gyxtp-glass-yarn-pe","status":"publish","type":"product","link":"https:\/\/www.omccable.com\/de\/produkt\/2-12f-unitube-armored-cable-gyxtp-glass-yarn-pe\/","title":{"rendered":"2-12F gepanzertes Unitube-Kabel (GYXTP) Glasgarn PE"},"content":{"rendered":"<p>In OMCs <strong><b>2-12F gepanzertes Unitube-Kabel (GYXTP) Glasgarn PE<\/b><\/strong>, In der B\u00fcndelader, die aus PBT-Materialien besteht und mit F\u00fcllmasse gef\u00fcllt ist, werden Singlemode-\/Multimode-Fasern positioniert. Die B\u00fcndelader ist mit <strong><b>bedeckt Wasserblockierendes Glasgarn<\/b><\/strong>\u00a0. <strong><b>Stahlpanzerband und PE<\/b><\/strong>\u00a0bedeckt Materialien, um die Kompaktheit und L\u00e4ngswasserblockierleistung zu gew\u00e4hrleisten. Gleichzeitig. Zwei parallele Stahldr\u00e4hte sind in den Au\u00dfenmantel eingebettet, um eine hohe Zugfestigkeit zu gew\u00e4hrleisten.<\/p>\n<p>&nbsp;<\/p>\n<p><strong><b>Standardfarbe von Faser und Schlauch<\/b><\/strong><\/p>\n<p>Der Farbcode der einzelnen Fasern muss der folgenden Tabelle entsprechen:<\/p>\n<table>\n<tbody>\n<tr>\n<td width=\"168\">Nein.<\/td>\n<td width=\"86\">1<\/td>\n<td width=\"82\">2<\/td>\n<td width=\"82\">3<\/td>\n<td width=\"82\">4<\/td>\n<td width=\"82\">5<\/td>\n<td width=\"75\">6<\/td>\n<\/tr>\n<tr>\n<td width=\"168\">Farbe<\/td>\n<td width=\"86\">Blau<\/td>\n<td width=\"82\">Orange<\/td>\n<td width=\"82\">Gr\u00fcn<\/td>\n<td width=\"82\">Braun<\/td>\n<td width=\"82\">Slate<\/td>\n<td width=\"75\">White<\/td>\n<\/tr>\n<tr>\n<td width=\"168\">Nein.<\/td>\n<td width=\"86\">7<\/td>\n<td width=\"82\">8<\/td>\n<td width=\"82\">9<\/td>\n<td width=\"82\">10<\/td>\n<td width=\"82\">11<\/td>\n<td width=\"75\">12<\/td>\n<\/tr>\n<tr>\n<td width=\"168\">Farbe<\/td>\n<td width=\"86\">Rot<\/td>\n<td width=\"82\">Schwarz<\/td>\n<td width=\"82\">Gelb<\/td>\n<td width=\"82\">Violett<\/td>\n<td width=\"82\">Rosa<\/td>\n<td width=\"75\">Aqua<\/td>\n<\/tr>\n<\/tbody>\n<\/table>\n<p>&nbsp;<\/p>\n<p><strong><b>Kabel<\/b><\/strong><strong><b>\u00a0Strukturparameter<\/b><\/strong><\/p>\n<table>\n<tbody>\n<tr>\n<td width=\"247\">Artikel<\/td>\n<td width=\"103\">Inhalt<\/td>\n<td width=\"75\">Einheit<\/td>\n<td colspan=\"4\" width=\"236\">Wert<\/td>\n<\/tr>\n<tr>\n<td width=\"247\">Faseranzahl<\/td>\n<td width=\"103\">Zahl<\/td>\n<td width=\"75\">\/<\/td>\n<td width=\"56\">4<\/td>\n<td width=\"56\">6<\/td>\n<td width=\"56\">8<\/td>\n<td width=\"66\">12<\/td>\n<\/tr>\n<tr>\n<td width=\"247\">Fasertyp<\/td>\n<td width=\"103\">\/<\/td>\n<td width=\"75\">\/<\/td>\n<td colspan=\"4\" width=\"236\">SM G652D;OM2,OM3,OM4<\/td>\n<\/tr>\n<tr>\n<td width=\"247\">Fasern pro R\u00f6hre<\/td>\n<td width=\"103\">Z\u00e4hlen<\/td>\n<td width=\"75\">\/<\/td>\n<td width=\"56\">4<\/td>\n<td width=\"56\">6<\/td>\n<td width=\"56\">8<\/td>\n<td width=\"66\">12<\/td>\n<\/tr>\n<tr>\n<td rowspan=\"3\" width=\"247\">B\u00fcndelader<\/td>\n<td width=\"103\">Material<\/td>\n<td width=\"75\">\/<\/td>\n<td colspan=\"4\" width=\"236\">PBT<\/td>\n<\/tr>\n<tr>\n<td width=\"103\">Durchmesser<\/td>\n<td width=\"75\">mm<\/td>\n<td colspan=\"4\" width=\"236\">2,0 \u00b1 0,1<\/td>\n<\/tr>\n<tr>\n<td width=\"103\">Farbe<\/td>\n<td width=\"75\">\/<\/td>\n<td colspan=\"4\" width=\"236\">Natur<\/td>\n<\/tr>\n<tr>\n<td rowspan=\"2\" width=\"247\">Kraftmitglied<\/td>\n<td width=\"103\">Material<\/td>\n<td width=\"75\">\/<\/td>\n<td colspan=\"4\" width=\"236\">FRP<\/td>\n<\/tr>\n<tr>\n<td width=\"103\">Durchmesser<\/td>\n<td width=\"75\">mm<\/td>\n<td colspan=\"4\" width=\"236\">1.0*2<\/td>\n<\/tr>\n<tr>\n<td width=\"247\">Wasserblockierung<\/td>\n<td width=\"103\">Material<\/td>\n<td width=\"75\">\/<\/td>\n<td colspan=\"4\" width=\"236\">Wasserblockierende Verbindung<\/td>\n<\/tr>\n<tr>\n<td width=\"247\">Peripheres Festigkeitselement<\/td>\n<td width=\"103\">Material<\/td>\n<td width=\"75\">\/<\/td>\n<td colspan=\"4\" width=\"236\">Wellstahlband<\/td>\n<\/tr>\n<tr>\n<td rowspan=\"2\" width=\"247\">D\u00e4mpfung (nach dem Kabel)<\/td>\n<td width=\"103\">1310 nm<\/td>\n<td width=\"75\">dB\/km<\/td>\n<td colspan=\"4\" width=\"236\">0.36<\/td>\n<\/tr>\n<tr>\n<td width=\"103\">1550 nm<\/td>\n<td width=\"75\">dB\/km<\/td>\n<td colspan=\"4\" width=\"236\">0.22<\/td>\n<\/tr>\n<tr>\n<td rowspan=\"2\" width=\"247\">Au\u00dfenmantel<\/td>\n<td width=\"103\">Material<\/td>\n<td width=\"75\">\/<\/td>\n<td colspan=\"4\" width=\"236\">PE<\/td>\n<\/tr>\n<tr>\n<td width=\"103\">Farbe<\/td>\n<td width=\"75\">\/<\/td>\n<td colspan=\"4\" width=\"236\">Schwarz<\/td>\n<\/tr>\n<tr>\n<td width=\"247\">Kabeldurchmesser<\/td>\n<td width=\"103\">\u00b10,3<\/td>\n<td width=\"75\">mm<\/td>\n<td colspan=\"4\" width=\"236\">7.5<\/td>\n<\/tr>\n<tr>\n<td width=\"247\">Kabelgewicht<\/td>\n<td width=\"103\">\u00b15%<\/td>\n<td width=\"75\">kg\/km<\/td>\n<td colspan=\"4\" width=\"236\">51<\/td>\n<\/tr>\n<\/tbody>\n<\/table>\n<p>&nbsp;<\/p>\n<p><strong><b>Mechanische und Umweltleistung<\/b><\/strong><\/p>\n<table>\n<tbody>\n<tr>\n<td width=\"221\"><strong>Artikel<\/strong><\/td>\n<td width=\"206\"><strong>Inhalt<\/strong><\/td>\n<td width=\"236\"><strong>Wert<\/strong><\/td>\n<\/tr>\n<tr>\n<td rowspan=\"2\" width=\"221\">Max. Zugbelastung<\/td>\n<td width=\"206\">Kurzfristig<\/td>\n<td width=\"236\">1200N Faserdehnung \u2264 0,6%<\/td>\n<\/tr>\n<tr>\n<td width=\"206\">Langfristig<\/td>\n<td width=\"236\">400N<\/td>\n<\/tr>\n<tr>\n<td rowspan=\"2\" width=\"221\">Max. Druckfestigkeit<\/td>\n<td width=\"206\">Kurzfristig<\/td>\n<td width=\"236\">1000N\/100mm<\/td>\n<\/tr>\n<tr>\n<td width=\"206\">Langfristig<\/td>\n<td width=\"236\">300N\/100mm<\/td>\n<\/tr>\n<tr>\n<td rowspan=\"2\" width=\"221\">Min. Biegeradius<\/td>\n<td width=\"206\">Installation<\/td>\n<td width=\"236\">20 x Kabeldurchmesser<\/td>\n<\/tr>\n<tr>\n<td width=\"206\">Betrieb<\/td>\n<td width=\"236\">10 x Kabeldurchmesser<\/td>\n<\/tr>\n<tr>\n<td rowspan=\"3\" width=\"221\">Temperaturbereich<\/td>\n<td width=\"206\">Betrieb<\/td>\n<td width=\"236\">-40\u2103 ~ +70\u2103<\/td>\n<\/tr>\n<tr>\n<td width=\"206\">Installation<\/td>\n<td width=\"236\">-20\u2103 ~ +60\u2103<\/td>\n<\/tr>\n<tr>\n<td width=\"206\">Lagerung\/Transport<\/td>\n<td width=\"236\">-40\u2103 ~ +70\u2103<\/td>\n<\/tr>\n<\/tbody>\n<\/table>\n<p>&nbsp;<\/p>\n<p><strong><b>Technische Parameter der optischen Faser-SMF<\/b><\/strong><\/p>\n<table>\n<tbody>\n<tr>\n<td colspan=\"2\" rowspan=\"2\" width=\"320\"><strong>Artikel<\/strong><\/td>\n<td rowspan=\"2\" width=\"85\"><strong>Einheit<\/strong><\/td>\n<td width=\"264\"><strong>Spezifikation<\/strong><\/td>\n<\/tr>\n<tr>\n<td width=\"264\">G. 652D<\/td>\n<\/tr>\n<tr>\n<td rowspan=\"2\" width=\"207\">Modusfelddurchmesser<\/td>\n<td width=\"113\">1310 nm<\/td>\n<td width=\"85\">nm<\/td>\n<td width=\"264\">9,2 \u00b1 0,4<\/td>\n<\/tr>\n<tr>\n<td width=\"113\">1550 nm<\/td>\n<td width=\"85\">nm<\/td>\n<td width=\"264\">10,4 \u00b1 0,5<\/td>\n<\/tr>\n<tr>\n<td colspan=\"2\" width=\"320\">Verkleidungsdurchmesser<\/td>\n<td width=\"85\">nm<\/td>\n<td width=\"264\">125,0 \u00b1 0,7<\/td>\n<\/tr>\n<tr>\n<td colspan=\"2\" width=\"320\">Unrundheit der Verkleidung<\/td>\n<td width=\"85\">%<\/td>\n<td width=\"264\">\u22641,0<\/td>\n<\/tr>\n<tr>\n<td colspan=\"2\" width=\"320\">Kernkonzentrizit\u00e4tsfehler<\/td>\n<td width=\"85\">nm<\/td>\n<td width=\"264\">\u22640,6<\/td>\n<\/tr>\n<tr>\n<td colspan=\"2\" width=\"320\">Beschichtungsdurchmesser<\/td>\n<td width=\"85\">nm<\/td>\n<td width=\"264\">242 \u00b1 7<\/td>\n<\/tr>\n<tr>\n<td colspan=\"2\" width=\"320\">Konzentrizit\u00e4tsfehler der Beschichtung\/Verkleidung<\/td>\n<td width=\"85\">nm<\/td>\n<td width=\"264\">\u226412<\/td>\n<\/tr>\n<tr>\n<td colspan=\"2\" width=\"320\">Kabel-Grenzwellenl\u00e4nge \u03bbcc<\/td>\n<td width=\"85\">nm<\/td>\n<td width=\"264\">\u2264 1260<\/td>\n<\/tr>\n<tr>\n<td rowspan=\"2\" width=\"207\">D\u00e4mpfung<\/td>\n<td width=\"113\">1310 nm<\/td>\n<td width=\"85\">dB\/km<\/td>\n<td width=\"264\">\u22640,35<\/td>\n<\/tr>\n<tr>\n<td width=\"113\">1550 nm<\/td>\n<td width=\"85\">dB\/km<\/td>\n<td width=\"264\">\u22640,21<\/td>\n<\/tr>\n<\/tbody>\n<\/table>","protected":false},"excerpt":{"rendered":"<p>Beim 2-12F Unitube Armored Cable (GYXTP) Glass Yarn PE von OMC sind Singlemode-\/Multimode-Fasern in der B\u00fcndelader positioniert, die aus PBT-Materialien besteht und mit F\u00fcllmasse gef\u00fcllt ist. Die B\u00fcndelader ist mit wasserabweisendem Glasgarn ummantelt. Stahlgepanzertes Band und PE-Materialien garantieren Kompaktheit und L\u00e4ngswasserblockierleistung. Gleichzeitig. [\u2026]<\/p>","protected":false},"featured_media":11075,"comment_status":"closed","ping_status":"closed","template":"","meta":{"site-sidebar-layout":"default","site-content-layout":"","ast-site-content-layout":"default","site-content-style":"default","site-sidebar-style":"default","ast-global-header-display":"","ast-banner-title-visibility":"","ast-main-header-display":"","ast-hfb-above-header-display":"","ast-hfb-below-header-display":"","ast-hfb-mobile-header-display":"","site-post-title":"","ast-breadcrumbs-content":"","ast-featured-img":"","footer-sml-layout":"","theme-transparent-header-meta":"default","adv-header-id-meta":"","stick-header-meta":"default","header-above-stick-meta":"","header-main-stick-meta":"","header-below-stick-meta":"","astra-migrate-meta-layouts":"set","ast-page-background-enabled":"default","ast-page-background-meta":{"desktop":{"background-color":"var(--ast-global-color-4)","background-image":"","background-repeat":"repeat","background-position":"center center","background-size":"auto","background-attachment":"scroll","background-type":"","background-media":"","overlay-type":"","overlay-color":"","overlay-gradient":""},"tablet":{"background-color":"","background-image":"","background-repeat":"repeat","background-position":"center center","background-size":"auto","background-attachment":"scroll","background-type":"","background-media":"","overlay-type":"","overlay-color":"","overlay-gradient":""},"mobile":{"background-color":"","background-image":"","background-repeat":"repeat","background-position":"center center","background-size":"auto","background-attachment":"scroll","background-type":"","background-media":"","overlay-type":"","overlay-color":"","overlay-gradient":""}},"ast-content-background-meta":{"desktop":{"background-color":"var(--ast-global-color-5)","background-image":"","background-repeat":"repeat","background-position":"center center","background-size":"auto","background-attachment":"scroll","background-type":"","background-media":"","overlay-type":"","overlay-color":"","overlay-gradient":""},"tablet":{"background-color":"var(--ast-global-color-5)","background-image":"","background-repeat":"repeat","background-position":"center center","background-size":"auto","background-attachment":"scroll","background-type":"","background-media":"","overlay-type":"","overlay-color":"","overlay-gradient":""},"mobile":{"background-color":"var(--ast-global-color-5)","background-image":"","background-repeat":"repeat","background-position":"center center","background-size":"auto","background-attachment":"scroll","background-type":"","background-media":"","overlay-type":"","overlay-color":"","overlay-gradient":""}}},"product_cat":[139,124],"product_tag":[],"class_list":{"0":"post-11073","1":"product","2":"type-product","3":"status-publish","4":"has-post-thumbnail","6":"product_cat-armored-outdoor-cable","7":"product_cat-outdoor-cable","8":"desktop-align-left","9":"tablet-align-left","10":"mobile-align-left","11":"ast-product-gallery-layout-horizontal-slider","12":"ast-product-tabs-layout-horizontal","14":"first","15":"instock","16":"shipping-taxable","17":"product-type-simple"},"acf":[],"_links":{"self":[{"href":"https:\/\/www.omccable.com\/de\/wp-json\/wp\/v2\/product\/11073","targetHints":{"allow":["GET"]}}],"collection":[{"href":"https:\/\/www.omccable.com\/de\/wp-json\/wp\/v2\/product"}],"about":[{"href":"https:\/\/www.omccable.com\/de\/wp-json\/wp\/v2\/types\/product"}],"replies":[{"embeddable":true,"href":"https:\/\/www.omccable.com\/de\/wp-json\/wp\/v2\/comments?post=11073"}],"version-history":[{"count":1,"href":"https:\/\/www.omccable.com\/de\/wp-json\/wp\/v2\/product\/11073\/revisions"}],"predecessor-version":[{"id":11076,"href":"https:\/\/www.omccable.com\/de\/wp-json\/wp\/v2\/product\/11073\/revisions\/11076"}],"wp:featuredmedia":[{"embeddable":true,"href":"https:\/\/www.omccable.com\/de\/wp-json\/wp\/v2\/media\/11075"}],"wp:attachment":[{"href":"https:\/\/www.omccable.com\/de\/wp-json\/wp\/v2\/media?parent=11073"}],"wp:term":[{"taxonomy":"product_cat","embeddable":true,"href":"https:\/\/www.omccable.com\/de\/wp-json\/wp\/v2\/product_cat?post=11073"},{"taxonomy":"product_tag","embeddable":true,"href":"https:\/\/www.omccable.com\/de\/wp-json\/wp\/v2\/product_tag?post=11073"}],"curies":[{"name":"wp","href":"https:\/\/api.w.org\/{rel}","templated":true}]}}