{"id":11060,"date":"2024-06-21T15:39:00","date_gmt":"2024-06-21T07:39:00","guid":{"rendered":"https:\/\/www.omccable.com\/?post_type=product&#038;p=11060"},"modified":"2024-06-21T15:55:40","modified_gmt":"2024-06-21T07:55:40","slug":"2-12f-unitube-armored-cable-gyxts-glass-yarn-pe","status":"publish","type":"product","link":"https:\/\/www.omccable.com\/de\/produkt\/2-12f-unitube-armored-cable-gyxts-glass-yarn-pe\/","title":{"rendered":"2-12F gepanzertes Unitube-Kabel (GYXTS) \u2013 Glasgarn PE"},"content":{"rendered":"<p>In OMCs <strong><b>2<\/b><\/strong><strong><b>\u2013<\/b><\/strong><strong><b>12-adriges gepanzertes Unitube-Kabel (GYXT<\/b><\/strong><strong><b>S<\/b><\/strong><strong><b>) mit wasserblockierendem Glasgarn<\/b><\/strong>, In der B\u00fcndelader, die aus PBT-Materialien besteht und mit F\u00fcllmasse gef\u00fcllt ist, werden Singlemode-\/Multimodefasern positioniert. Die B\u00fcndelader ist mit <strong><b>bedeckt Wasserblockierendes Glasgarn<\/b><\/strong>\u00a0. <strong><b>Stahlpanzerband und HDPE<\/b><\/strong>\u00a0Materialien, um die Kompaktheit und L\u00e4ngswasserblockierleistung zu gew\u00e4hrleisten.<\/p>\n<p>&nbsp;<\/p>\n<p><strong><b>Standardfarbe von Faser und Schlauch<\/b><\/strong><\/p>\n<p>Der Farbcode der einzelnen Fasern muss der folgenden Tabelle entsprechen:<\/p>\n<table>\n<tbody>\n<tr>\n<td width=\"168\">Nein.<\/td>\n<td width=\"86\">1<\/td>\n<td width=\"82\">2<\/td>\n<td width=\"82\">3<\/td>\n<td width=\"82\">4<\/td>\n<td width=\"82\">5<\/td>\n<td width=\"75\">6<\/td>\n<\/tr>\n<tr>\n<td width=\"168\">Farbe<\/td>\n<td width=\"86\">Blau<\/td>\n<td width=\"82\">Orange<\/td>\n<td width=\"82\">Gr\u00fcn<\/td>\n<td width=\"82\">Braun<\/td>\n<td width=\"82\">Slate<\/td>\n<td width=\"75\">White<\/td>\n<\/tr>\n<tr>\n<td width=\"168\">Nein.<\/td>\n<td width=\"86\">7<\/td>\n<td width=\"82\">8<\/td>\n<td width=\"82\">9<\/td>\n<td width=\"82\">10<\/td>\n<td width=\"82\">11<\/td>\n<td width=\"75\">12<\/td>\n<\/tr>\n<tr>\n<td width=\"168\">Farbe<\/td>\n<td width=\"86\">Rot<\/td>\n<td width=\"82\">Schwarz<\/td>\n<td width=\"82\">Gelb<\/td>\n<td width=\"82\">Violett<\/td>\n<td width=\"82\">Rosa<\/td>\n<td width=\"75\">Aqua<\/td>\n<\/tr>\n<\/tbody>\n<\/table>\n<p>&nbsp;<\/p>\n<p><strong><b>Kabel<\/b><\/strong><strong><b>\u00a0Strukturparameter<\/b><\/strong><\/p>\n<table>\n<tbody>\n<tr>\n<td width=\"228\"><strong>Artikel<\/strong><\/td>\n<td width=\"75\"><strong>Inhalt<\/strong><\/td>\n<td width=\"56\"><strong>Einheit<\/strong><\/td>\n<td width=\"302\"><strong>Wert<\/strong><\/td>\n<\/tr>\n<tr>\n<td width=\"228\">Faseranzahl<\/td>\n<td width=\"75\">Zahl<\/td>\n<td width=\"56\">\/<\/td>\n<td width=\"302\">2-12<\/td>\n<\/tr>\n<tr>\n<td width=\"228\">Fasertyp<\/td>\n<td width=\"75\">\/<\/td>\n<td width=\"56\">\/<\/td>\n<td width=\"302\">G652D<\/td>\n<\/tr>\n<tr>\n<td width=\"228\">Fasern pro R\u00f6hre<\/td>\n<td width=\"75\">Z\u00e4hlen<\/td>\n<td width=\"56\">\/<\/td>\n<td width=\"302\">2-12<\/td>\n<\/tr>\n<tr>\n<td rowspan=\"3\" width=\"228\">Lose R\u00f6hre<\/td>\n<td width=\"75\">Material<\/td>\n<td width=\"56\">\/<\/td>\n<td width=\"302\">PBT<\/td>\n<\/tr>\n<tr>\n<td width=\"75\">Nominell<\/p>\n<p>Durchmesser<\/td>\n<td width=\"56\">mm<\/td>\n<td width=\"302\"><strong>\u00a0<\/strong><\/p>\n<p>2.2<\/td>\n<\/tr>\n<tr>\n<td width=\"75\">Farbe<\/td>\n<td width=\"56\">\/<\/td>\n<td width=\"302\">Nat\u00fcrlich<\/td>\n<\/tr>\n<tr>\n<td width=\"228\">Wasserblockiersystem<\/td>\n<td width=\"75\">Material<\/td>\n<td width=\"56\">\/<\/td>\n<td width=\"302\">Wasserblockierendes Glasgarn<\/td>\n<\/tr>\n<tr>\n<td rowspan=\"2\" width=\"228\">D\u00e4mpfung (nach Kabel)<\/td>\n<td width=\"75\">1310 nm<\/td>\n<td width=\"56\">dB\/km<\/td>\n<td width=\"302\">\u00a30.36<\/td>\n<\/tr>\n<tr>\n<td width=\"75\">1550 nm<\/td>\n<td width=\"56\">dB\/km<\/td>\n<td width=\"302\">\u00a30.22<\/td>\n<\/tr>\n<tr>\n<td rowspan=\"2\" width=\"228\">Mitglied der peripheren St\u00e4rke<\/td>\n<td width=\"75\">Material 1<\/td>\n<td width=\"56\">\/<\/td>\n<td width=\"302\">Glasgarn<\/td>\n<\/tr>\n<tr>\n<td width=\"75\">Material 2<\/td>\n<td width=\"56\">\/<\/td>\n<td width=\"302\">Wellstahlband<\/td>\n<\/tr>\n<tr>\n<td rowspan=\"2\" width=\"228\">Au\u00dfenmantel<\/td>\n<td width=\"75\">Material<\/td>\n<td width=\"56\">\/<\/td>\n<td width=\"302\">HDPE<\/td>\n<\/tr>\n<tr>\n<td width=\"75\">Farbe<\/td>\n<td width=\"56\">\/<\/td>\n<td width=\"302\">Schwarz<\/td>\n<\/tr>\n<tr>\n<td width=\"228\">Kabeldurchmesser<\/td>\n<td width=\"75\">\u00b10,5<\/td>\n<td width=\"56\">mm<\/td>\n<td width=\"302\">8.4<\/td>\n<\/tr>\n<tr>\n<td width=\"228\">Kabelgewicht<\/td>\n<td width=\"75\">\u00b110%<\/td>\n<td width=\"56\">kg\/km<\/td>\n<td width=\"302\">67<\/td>\n<\/tr>\n<\/tbody>\n<\/table>\n<p>&nbsp;<\/p>\n<p><strong><b>Mechanische und Umweltleistung<\/b><\/strong><\/p>\n<table>\n<tbody>\n<tr>\n<td width=\"221\"><strong>Artikel<\/strong><\/td>\n<td width=\"206\"><strong>Inhalt<\/strong><\/td>\n<td width=\"236\"><strong>Wert<\/strong><\/td>\n<\/tr>\n<tr>\n<td width=\"221\">Max. Zugbelastung<\/td>\n<td width=\"206\">Kurzfristig<\/td>\n<td width=\"236\">2000 N-Faserstamm \u22640,6%<\/td>\n<\/tr>\n<tr>\n<td width=\"221\">Max. Druckfestigkeit<\/td>\n<td width=\"206\">Kurzfristig<\/td>\n<td width=\"236\">1900 N\/100 mm<\/td>\n<\/tr>\n<tr>\n<td rowspan=\"2\" width=\"221\">Min. Biegeradius<\/td>\n<td width=\"206\">Installation<\/td>\n<td width=\"236\">25 x Kabeldurchmesser<\/td>\n<\/tr>\n<tr>\n<td width=\"206\">Betrieb<\/td>\n<td width=\"236\">12,5 x Kabeldurchmesser<\/td>\n<\/tr>\n<tr>\n<td rowspan=\"3\" width=\"221\">Temperaturbereich<\/td>\n<td width=\"206\">Betrieb<\/td>\n<td width=\"236\">-40\u2103 ~ +70\u2103<\/td>\n<\/tr>\n<tr>\n<td width=\"206\">Installation<\/td>\n<td width=\"236\">-20\u2103 ~ +60\u2103<\/td>\n<\/tr>\n<tr>\n<td width=\"206\">Lagerung\/Transport<\/td>\n<td width=\"236\">-40\u2103 ~ +70\u2103<\/td>\n<\/tr>\n<\/tbody>\n<\/table>\n<p>&nbsp;<\/p>\n<p><strong><b>Technische Parameter der optischen Faser-SMF<\/b><\/strong><\/p>\n<table>\n<tbody>\n<tr>\n<td colspan=\"2\" rowspan=\"2\" width=\"320\"><strong>Artikel<\/strong><\/td>\n<td rowspan=\"2\" width=\"85\"><strong>Einheit<\/strong><\/td>\n<td width=\"264\"><strong>Spezifikation<\/strong><\/td>\n<\/tr>\n<tr>\n<td width=\"264\">G. 652D<\/td>\n<\/tr>\n<tr>\n<td rowspan=\"2\" width=\"207\">Modusfelddurchmesser<\/td>\n<td width=\"113\">1310 nm<\/td>\n<td width=\"85\">nm<\/td>\n<td width=\"264\">9,2 \u00b1 0,4<\/td>\n<\/tr>\n<tr>\n<td width=\"113\">1550 nm<\/td>\n<td width=\"85\">nm<\/td>\n<td width=\"264\">10,4 \u00b1 0,5<\/td>\n<\/tr>\n<tr>\n<td colspan=\"2\" width=\"320\">Verkleidungsdurchmesser<\/td>\n<td width=\"85\">nm<\/td>\n<td width=\"264\">125,0 \u00b1 0,7<\/td>\n<\/tr>\n<tr>\n<td colspan=\"2\" width=\"320\">Unrundheit der Verkleidung<\/td>\n<td width=\"85\">%<\/td>\n<td width=\"264\">\u22641,0<\/td>\n<\/tr>\n<tr>\n<td colspan=\"2\" width=\"320\">Kernkonzentrizit\u00e4tsfehler<\/td>\n<td width=\"85\">nm<\/td>\n<td width=\"264\">\u22640,6<\/td>\n<\/tr>\n<tr>\n<td colspan=\"2\" width=\"320\">Beschichtungsdurchmesser<\/td>\n<td width=\"85\">nm<\/td>\n<td width=\"264\">242 \u00b1 7<\/td>\n<\/tr>\n<tr>\n<td colspan=\"2\" width=\"320\">Konzentrizit\u00e4tsfehler der Beschichtung\/Verkleidung<\/td>\n<td width=\"85\">nm<\/td>\n<td width=\"264\">\u226412<\/td>\n<\/tr>\n<tr>\n<td colspan=\"2\" width=\"320\">Kabel-Grenzwellenl\u00e4nge \u03bbcc<\/td>\n<td width=\"85\">nm<\/td>\n<td width=\"264\">\u2264 1260<\/td>\n<\/tr>\n<tr>\n<td rowspan=\"2\" width=\"207\">D\u00e4mpfung<\/td>\n<td width=\"113\">1310 nm<\/td>\n<td width=\"85\">dB\/km<\/td>\n<td width=\"264\">\u22640,35<\/td>\n<\/tr>\n<tr>\n<td width=\"113\">1550 nm<\/td>\n<td width=\"85\">dB\/km<\/td>\n<td width=\"264\">\u22640,21<\/td>\n<\/tr>\n<\/tbody>\n<\/table>","protected":false},"excerpt":{"rendered":"<p>Beim 2\u201312-adrigen gepanzerten Unitube-Kabel (GYXTS) von OMC mit wasserblockierendem Glasgarn sind Singlemode-\/Multimode-Fasern in der B\u00fcndelader positioniert, die aus PBT-Materialien besteht und mit F\u00fcllmasse gef\u00fcllt ist. Die B\u00fcndelader ist mit wasserabweisendem Glasgarn ummantelt. Stahlgepanzertes Band und HDPE-Materialien garantieren die Kompaktheit und L\u00e4ngswasserblockierleistung.   Standardfarbe [\u2026]<\/p>","protected":false},"featured_media":11062,"comment_status":"closed","ping_status":"closed","template":"","meta":{"site-sidebar-layout":"default","site-content-layout":"","ast-site-content-layout":"default","site-content-style":"default","site-sidebar-style":"default","ast-global-header-display":"","ast-banner-title-visibility":"","ast-main-header-display":"","ast-hfb-above-header-display":"","ast-hfb-below-header-display":"","ast-hfb-mobile-header-display":"","site-post-title":"","ast-breadcrumbs-content":"","ast-featured-img":"","footer-sml-layout":"","theme-transparent-header-meta":"default","adv-header-id-meta":"","stick-header-meta":"default","header-above-stick-meta":"","header-main-stick-meta":"","header-below-stick-meta":"","astra-migrate-meta-layouts":"set","ast-page-background-enabled":"default","ast-page-background-meta":{"desktop":{"background-color":"var(--ast-global-color-4)","background-image":"","background-repeat":"repeat","background-position":"center center","background-size":"auto","background-attachment":"scroll","background-type":"","background-media":"","overlay-type":"","overlay-color":"","overlay-gradient":""},"tablet":{"background-color":"","background-image":"","background-repeat":"repeat","background-position":"center center","background-size":"auto","background-attachment":"scroll","background-type":"","background-media":"","overlay-type":"","overlay-color":"","overlay-gradient":""},"mobile":{"background-color":"","background-image":"","background-repeat":"repeat","background-position":"center center","background-size":"auto","background-attachment":"scroll","background-type":"","background-media":"","overlay-type":"","overlay-color":"","overlay-gradient":""}},"ast-content-background-meta":{"desktop":{"background-color":"var(--ast-global-color-5)","background-image":"","background-repeat":"repeat","background-position":"center center","background-size":"auto","background-attachment":"scroll","background-type":"","background-media":"","overlay-type":"","overlay-color":"","overlay-gradient":""},"tablet":{"background-color":"var(--ast-global-color-5)","background-image":"","background-repeat":"repeat","background-position":"center center","background-size":"auto","background-attachment":"scroll","background-type":"","background-media":"","overlay-type":"","overlay-color":"","overlay-gradient":""},"mobile":{"background-color":"var(--ast-global-color-5)","background-image":"","background-repeat":"repeat","background-position":"center center","background-size":"auto","background-attachment":"scroll","background-type":"","background-media":"","overlay-type":"","overlay-color":"","overlay-gradient":""}}},"product_cat":[139,124],"product_tag":[],"class_list":{"0":"post-11060","1":"product","2":"type-product","3":"status-publish","4":"has-post-thumbnail","6":"product_cat-armored-outdoor-cable","7":"product_cat-outdoor-cable","8":"desktop-align-left","9":"tablet-align-left","10":"mobile-align-left","11":"ast-product-gallery-layout-horizontal-slider","12":"ast-product-tabs-layout-horizontal","14":"first","15":"instock","16":"shipping-taxable","17":"product-type-simple"},"acf":[],"_links":{"self":[{"href":"https:\/\/www.omccable.com\/de\/wp-json\/wp\/v2\/product\/11060","targetHints":{"allow":["GET"]}}],"collection":[{"href":"https:\/\/www.omccable.com\/de\/wp-json\/wp\/v2\/product"}],"about":[{"href":"https:\/\/www.omccable.com\/de\/wp-json\/wp\/v2\/types\/product"}],"replies":[{"embeddable":true,"href":"https:\/\/www.omccable.com\/de\/wp-json\/wp\/v2\/comments?post=11060"}],"version-history":[{"count":1,"href":"https:\/\/www.omccable.com\/de\/wp-json\/wp\/v2\/product\/11060\/revisions"}],"predecessor-version":[{"id":11063,"href":"https:\/\/www.omccable.com\/de\/wp-json\/wp\/v2\/product\/11060\/revisions\/11063"}],"wp:featuredmedia":[{"embeddable":true,"href":"https:\/\/www.omccable.com\/de\/wp-json\/wp\/v2\/media\/11062"}],"wp:attachment":[{"href":"https:\/\/www.omccable.com\/de\/wp-json\/wp\/v2\/media?parent=11060"}],"wp:term":[{"taxonomy":"product_cat","embeddable":true,"href":"https:\/\/www.omccable.com\/de\/wp-json\/wp\/v2\/product_cat?post=11060"},{"taxonomy":"product_tag","embeddable":true,"href":"https:\/\/www.omccable.com\/de\/wp-json\/wp\/v2\/product_tag?post=11060"}],"curies":[{"name":"wp","href":"https:\/\/api.w.org\/{rel}","templated":true}]}}