{"id":11043,"date":"2024-06-11T14:29:07","date_gmt":"2024-06-11T06:29:07","guid":{"rendered":"https:\/\/www.omccable.com\/?post_type=product&#038;p=11043"},"modified":"2024-06-11T14:29:07","modified_gmt":"2024-06-11T06:29:07","slug":"8-144f-aerial-self-supporting-fig-8-stranded-loose-tube-no-armored-cable-gyfc8y","status":"publish","type":"product","link":"https:\/\/www.omccable.com\/de\/produkt\/8-144f-aerial-self-supporting-fig-8-stranded-loose-tube-no-armored-cable-gyfc8y\/","title":{"rendered":"8-144F Luftselbsttragendes Abb. 8 verseiltes B\u00fcndeladerkabel ohne Armierung GYFC8Y"},"content":{"rendered":"<p>In OMCs <strong><b>8-144F Luftselbsttragendes Abb. 8 verseiltes B\u00fcndeladerkabel ohne Armierung GYFC8Y<\/b><\/strong>, A <strong><b>FRP-Draht<\/b><\/strong>, manchmal mit Polyethylen (PE) ummantelt, befindet sich in der Mitte des Kerns als nichtmetallisches Festigkeitselement. Singlemode-\/Multimode-Fasern werden in der B\u00fcndelader positioniert, die aus PBT-Materialien besteht und mit F\u00fcllmasse gef\u00fcllt ist. Die B\u00fcndelader ist mit HDPE-Materialien ummantelt, um die Kompaktheit und L\u00e4ngswasserblockierleistung zu gew\u00e4hrleisten.<\/p>\n<p>&nbsp;<\/p>\n<p><strong><b>Standardfarbe von Faser und Schlauch<\/b><\/strong><\/p>\n<p>Der Farbcode der einzelnen Fasern muss der folgenden Tabelle entsprechen:<\/p>\n<table>\n<tbody>\n<tr>\n<td width=\"165\">Nein.<\/td>\n<td width=\"78\">1<\/td>\n<td width=\"75\">2<\/td>\n<td width=\"75\">3<\/td>\n<td width=\"75\">4<\/td>\n<td width=\"75\">5<\/td>\n<td width=\"69\">6<\/td>\n<\/tr>\n<tr>\n<td width=\"165\">Farbe<\/td>\n<td width=\"78\">Blau<\/td>\n<td width=\"75\">Orange<\/td>\n<td width=\"75\">Gr\u00fcn<\/td>\n<td width=\"75\">Braun<\/td>\n<td width=\"75\">Slate<\/td>\n<td width=\"69\">White<\/td>\n<\/tr>\n<tr>\n<td width=\"165\">Nein.<\/td>\n<td width=\"78\">7<\/td>\n<td width=\"75\">8<\/td>\n<td width=\"75\">9<\/td>\n<td width=\"75\">10<\/td>\n<td width=\"75\">11<\/td>\n<td width=\"69\">12<\/td>\n<\/tr>\n<tr>\n<td width=\"165\">Farbe<\/td>\n<td width=\"78\">Rot<\/td>\n<td width=\"75\">Schwarz<\/td>\n<td width=\"75\">Gelb<\/td>\n<td width=\"75\">Violett<\/td>\n<td width=\"75\">Rosa<\/td>\n<td width=\"69\">Aqua<\/td>\n<\/tr>\n<\/tbody>\n<\/table>\n<p>&nbsp;<\/p>\n<p><strong><b>Kabel<\/b><\/strong><strong><b>\u00a0Strukturparameter<\/b><\/strong><\/p>\n<table>\n<tbody>\n<tr>\n<td width=\"160\"><strong>Artikel<\/strong><\/td>\n<td width=\"113\"><strong>Inhalt<\/strong><\/td>\n<td width=\"66\"><strong>Einheit<\/strong><\/td>\n<td colspan=\"7\" width=\"380\"><strong>Wert<\/strong><\/td>\n<\/tr>\n<tr>\n<td width=\"160\">Faseranzahl<\/td>\n<td width=\"113\">Zahl<\/td>\n<td width=\"66\">\/<\/td>\n<td width=\"47\">8<\/td>\n<td width=\"37\">12<\/td>\n<td width=\"66\">24<\/td>\n<td width=\"75\">48<\/td>\n<td width=\"74\">96<\/td>\n<td colspan=\"2\" width=\"78\">144<\/td>\n<\/tr>\n<tr>\n<td width=\"160\">Fasertyp<\/td>\n<td width=\"113\">\/<\/td>\n<td width=\"66\">\/<\/td>\n<td colspan=\"7\" width=\"380\">G652D<\/td>\n<\/tr>\n<tr>\n<td width=\"160\">Kabelstruktur<\/td>\n<td width=\"113\">\/<\/td>\n<td width=\"66\">\/<\/td>\n<td width=\"47\">1+6<\/td>\n<td width=\"37\">1+6<\/td>\n<td width=\"66\">1+6<\/td>\n<td width=\"75\">1+6<\/td>\n<td width=\"74\">1+8<\/td>\n<td colspan=\"2\" width=\"78\">1+12<\/td>\n<\/tr>\n<tr>\n<td width=\"160\">Fasern pro R\u00f6hre<\/td>\n<td width=\"113\">Z\u00e4hlen<\/td>\n<td width=\"66\">\/<\/td>\n<td width=\"47\">8<\/td>\n<td width=\"37\">6<\/td>\n<td width=\"66\">8<\/td>\n<td width=\"75\">8<\/td>\n<td width=\"74\">12<\/td>\n<td colspan=\"2\" width=\"78\">12<\/td>\n<\/tr>\n<tr>\n<td rowspan=\"2\" width=\"160\">Lose R\u00f6hre<\/td>\n<td width=\"113\">Material<\/td>\n<td width=\"66\">\/<\/td>\n<td colspan=\"7\" width=\"380\">PBT<\/td>\n<\/tr>\n<tr>\n<td width=\"113\">Nenndurchmesser<\/td>\n<td width=\"66\">mm<\/td>\n<td width=\"47\">1.9<\/td>\n<td width=\"37\">1.9<\/td>\n<td width=\"66\">1.9<\/td>\n<td width=\"75\">1.9<\/td>\n<td width=\"74\">2.0<\/td>\n<td colspan=\"2\" width=\"78\">2.0<\/td>\n<\/tr>\n<tr>\n<td rowspan=\"3\" width=\"160\">Zentrales St\u00e4rkemitglied<\/td>\n<td width=\"113\">Material<\/td>\n<td width=\"66\">\/<\/td>\n<td colspan=\"7\" width=\"380\">FRP-Kissenschicht<\/td>\n<\/tr>\n<tr>\n<td width=\"113\">Nenndurchmesser<\/td>\n<td width=\"66\">mm<\/td>\n<td width=\"47\">2.0<\/td>\n<td width=\"37\">2.0<\/td>\n<td width=\"66\">2.0<\/td>\n<td width=\"75\">2.0<\/td>\n<td width=\"74\">2.0<\/td>\n<td colspan=\"2\" width=\"78\">3.4<\/td>\n<\/tr>\n<tr>\n<td width=\"113\">PE-Kissen<\/td>\n<td width=\"66\">mm<\/td>\n<td width=\"47\">\u2013<\/td>\n<td width=\"37\">\u2013<\/td>\n<td width=\"66\">\u2013<\/td>\n<td width=\"75\">\u2013<\/td>\n<td width=\"74\">3,3 \u00b1 0,2<\/td>\n<td colspan=\"2\" width=\"78\">6,1 \u00b1 0,2<\/td>\n<\/tr>\n<tr>\n<td width=\"160\">Wasserblockiersystem<\/td>\n<td colspan=\"2\" width=\"179\">Material<\/td>\n<td colspan=\"7\" width=\"380\">Wasserabweisendes Garn + wasserabweisendes Klebeband<\/td>\n<\/tr>\n<tr>\n<td width=\"160\">Messenger-Dr\u00e4hte<\/td>\n<td width=\"113\">Nominell<\/p>\n<p>Dimension<\/td>\n<td width=\"66\">&nbsp;<\/td>\n<td colspan=\"7\" width=\"380\">Verzinkter Stahlstrang 7*1,0<\/p>\n<p>Zinkbeschichtung \u2265122g\/m\u00b2<\/td>\n<\/tr>\n<tr>\n<td rowspan=\"2\" width=\"160\">D\u00e4mpfung (nach Kabel)<\/td>\n<td width=\"113\">1310 nm<\/td>\n<td width=\"66\">dB\/km<\/td>\n<td colspan=\"7\" width=\"380\">\u00a30.38<\/td>\n<\/tr>\n<tr>\n<td width=\"113\">1550 nm<\/td>\n<td width=\"66\">dB\/km<\/td>\n<td colspan=\"7\" width=\"380\">\u00a30.25<\/td>\n<\/tr>\n<tr>\n<td width=\"160\">Rei\u00dfleine<\/td>\n<td colspan=\"2\" width=\"179\">Zahl<\/td>\n<td colspan=\"7\" width=\"380\">2*Rot<\/td>\n<\/tr>\n<tr>\n<td width=\"160\">Streifen<\/td>\n<td colspan=\"2\" width=\"179\">Zahl<\/td>\n<td colspan=\"7\" width=\"380\">1*Gelb<\/td>\n<\/tr>\n<tr>\n<td rowspan=\"3\" width=\"160\">Scheide<\/td>\n<td colspan=\"2\" width=\"179\">Material<\/td>\n<td colspan=\"7\" width=\"380\">HDPE<\/td>\n<\/tr>\n<tr>\n<td colspan=\"2\" width=\"179\">Farbe<\/td>\n<td colspan=\"7\" width=\"380\">Schwarz<\/td>\n<\/tr>\n<tr>\n<td width=\"113\">Dicke<\/td>\n<td width=\"66\">mm<\/td>\n<td colspan=\"7\" width=\"380\">Nominell :1,6<\/td>\n<\/tr>\n<tr>\n<td width=\"160\">Kabeldurchmesser<\/td>\n<td width=\"113\">\u00b11,0<\/td>\n<td width=\"66\">mm<\/td>\n<td colspan=\"4\" width=\"226\">9.4*16.9<\/td>\n<td colspan=\"2\" width=\"75\">10.9*18.4<\/td>\n<td width=\"77\">13.7*21.2<\/td>\n<\/tr>\n<tr>\n<td width=\"160\">Kabelgewicht<\/td>\n<td width=\"113\">\u00b110%<\/td>\n<td width=\"66\">kg\/km<\/td>\n<td colspan=\"4\" width=\"226\">136<\/td>\n<td colspan=\"2\" width=\"75\">160<\/td>\n<td width=\"77\">219<\/td>\n<\/tr>\n<\/tbody>\n<\/table>\n<p><strong><b>\u00a0<\/b><\/strong><\/p>\n<p><strong><b>Mechanische und Umweltleistung<\/b><\/strong><\/p>\n<table>\n<tbody>\n<tr>\n<td width=\"229\"><strong>Artikel<\/strong><\/td>\n<td width=\"270\"><strong>Inhalt<\/strong><\/td>\n<td width=\"221\"><strong>Wert<\/strong><\/td>\n<\/tr>\n<tr>\n<td width=\"229\">Max. Zugbelastung<\/td>\n<td width=\"270\">Kurzfristig<\/td>\n<td width=\"221\">2000 N (Faserdehnung \u2264 0,6 %)<\/td>\n<\/tr>\n<tr>\n<td rowspan=\"2\" width=\"229\"><strong>\u00a0<\/strong><\/p>\n<p>Max. Druckfestigkeit<\/td>\n<td width=\"270\">Kurzfristig<\/td>\n<td width=\"221\">1000 N\/100mm<\/td>\n<\/tr>\n<tr>\n<td width=\"270\">Langfristig<\/td>\n<td width=\"221\">300 N\/100mm<\/td>\n<\/tr>\n<tr>\n<td rowspan=\"2\" width=\"229\">Min. Biegeradius<\/td>\n<td width=\"270\">Installation<\/td>\n<td width=\"221\">20x Kabeldurchmesser<\/td>\n<\/tr>\n<tr>\n<td width=\"270\">Betrieb<\/td>\n<td width=\"221\">10 x Kabeldurchmesser<\/td>\n<\/tr>\n<tr>\n<td rowspan=\"3\" width=\"229\">Temperaturbereich<\/td>\n<td width=\"270\">Betrieb<\/td>\n<td width=\"221\">-20\u2103 ~ +60\u2103<\/td>\n<\/tr>\n<tr>\n<td width=\"270\">Installation<\/td>\n<td width=\"221\">-40\u2103 ~ +70\u2103<\/td>\n<\/tr>\n<tr>\n<td width=\"270\">Lagerung\/Transport<\/td>\n<td width=\"221\">-40\u2103 ~ +60\u2103<\/td>\n<\/tr>\n<\/tbody>\n<\/table>\n<p>&nbsp;<\/p>\n<p><strong><b>Technische Parameter der optischen Faser-SMF<\/b><\/strong><\/p>\n<table>\n<tbody>\n<tr>\n<td width=\"195\"><strong>Artikel<\/strong><\/td>\n<td width=\"292\"><strong>Inhalt<\/strong><\/td>\n<td width=\"232\"><strong>Wert<\/strong><\/td>\n<\/tr>\n<tr>\n<td rowspan=\"2\" width=\"195\">D\u00e4mpfung<\/td>\n<td width=\"292\">@1310nm<\/td>\n<td width=\"232\">\u22640,35 dB\/km<\/td>\n<\/tr>\n<tr>\n<td width=\"292\">@1550nm<\/td>\n<td width=\"232\">\u22640,21 dB\/km<\/td>\n<\/tr>\n<tr>\n<td rowspan=\"3\" width=\"195\">Streuung<\/td>\n<td width=\"292\">@1288nm\uff5e1339nm<\/td>\n<td width=\"232\">\u22643,5ps\/(nm\u00b7km)<\/td>\n<\/tr>\n<tr>\n<td width=\"292\">@1550nm<\/td>\n<td width=\"232\">\u226418ps\/(nm\u00b7km)<\/td>\n<\/tr>\n<tr>\n<td width=\"292\">@1625nm<\/td>\n<td width=\"232\">\u226422ps\/(nm\u00b7km)<\/td>\n<\/tr>\n<tr>\n<td colspan=\"2\" width=\"487\">Nulldispersionswellenl\u00e4nge<\/td>\n<td width=\"232\">1300 nm bis 1324 nm<\/td>\n<\/tr>\n<tr>\n<td colspan=\"2\" width=\"487\">Nulldispersionssteigung<\/td>\n<td width=\"232\">\u22640,092ps\/(nm<sup>2<\/sup>\u00b7km)<\/td>\n<\/tr>\n<tr>\n<td rowspan=\"2\" width=\"195\">Modenfelddurchmesser (MFD)<\/td>\n<td width=\"292\">@1310nm<\/td>\n<td width=\"232\">9,2\u00b10,7\u03bcm<\/td>\n<\/tr>\n<tr>\n<td width=\"292\">@1550nm<\/td>\n<td width=\"232\">10,4 \u00b1 0,5 \u03bcm<\/td>\n<\/tr>\n<tr>\n<td colspan=\"2\" width=\"487\">Kabel-Grenzwellenl\u00e4nge \u03bbcc(nm)<\/td>\n<td width=\"232\">\u22641260 nm<\/td>\n<\/tr>\n<tr>\n<td colspan=\"2\" width=\"487\">Link-Polarisationsdispersion (PMDQ)<\/td>\n<td width=\"232\">\u22640,2ps\/km<sup>1\/2<\/sup><\/td>\n<\/tr>\n<tr>\n<td colspan=\"3\" width=\"720\">Geometrische Eigenschaften<\/td>\n<\/tr>\n<tr>\n<td colspan=\"2\" width=\"487\">Verkleidungsdurchmesser<\/td>\n<td width=\"232\">125 \u00b1 0,7 \u03bcm<\/td>\n<\/tr>\n<tr>\n<td colspan=\"2\" width=\"487\">Unrundheit der Verkleidung<\/td>\n<td width=\"232\">\u22641%<\/td>\n<\/tr>\n<tr>\n<td colspan=\"2\" width=\"487\">Konzentrizit\u00e4tsfehler von Kern\/Mantel<\/td>\n<td width=\"232\">\u22640,8\u03bcm<\/td>\n<\/tr>\n<tr>\n<td colspan=\"2\" width=\"487\">Faserdurchmesser mit Beschichtung (ungef\u00e4rbt)<\/td>\n<td width=\"232\">250 \u00b1 10 \u03bcm<\/td>\n<\/tr>\n<tr>\n<td colspan=\"2\" width=\"487\">Konzentrizit\u00e4tsfehler der Verkleidung\/Beschichtung<\/td>\n<td width=\"232\">\u226412,0\u03bcm<\/td>\n<\/tr>\n<\/tbody>\n<\/table>","protected":false},"excerpt":{"rendered":"<p>Im selbsttragenden 8-144F-Antennenkabel GYFC8Y von OMC mit losem Rohr (Fig. 8) befindet sich ein FRP-Draht, der manchmal mit Polyethylen (PE) ummantelt ist, in der Mitte des Kerns als metallfreies Festigkeitselement. Singlemode-\/Multimode-Fasern werden in der B\u00fcndelader positioniert, die aus PBT-Materialien besteht und mit F\u00fcllmasse gef\u00fcllt ist. Die B\u00fcndelader ist abgedeckt [\u2026]<\/p>","protected":false},"featured_media":11045,"comment_status":"closed","ping_status":"closed","template":"","meta":{"site-sidebar-layout":"default","site-content-layout":"","ast-site-content-layout":"default","site-content-style":"default","site-sidebar-style":"default","ast-global-header-display":"","ast-banner-title-visibility":"","ast-main-header-display":"","ast-hfb-above-header-display":"","ast-hfb-below-header-display":"","ast-hfb-mobile-header-display":"","site-post-title":"","ast-breadcrumbs-content":"","ast-featured-img":"","footer-sml-layout":"","theme-transparent-header-meta":"default","adv-header-id-meta":"","stick-header-meta":"default","header-above-stick-meta":"","header-main-stick-meta":"","header-below-stick-meta":"","astra-migrate-meta-layouts":"set","ast-page-background-enabled":"default","ast-page-background-meta":{"desktop":{"background-color":"var(--ast-global-color-4)","background-image":"","background-repeat":"repeat","background-position":"center center","background-size":"auto","background-attachment":"scroll","background-type":"","background-media":"","overlay-type":"","overlay-color":"","overlay-gradient":""},"tablet":{"background-color":"","background-image":"","background-repeat":"repeat","background-position":"center center","background-size":"auto","background-attachment":"scroll","background-type":"","background-media":"","overlay-type":"","overlay-color":"","overlay-gradient":""},"mobile":{"background-color":"","background-image":"","background-repeat":"repeat","background-position":"center center","background-size":"auto","background-attachment":"scroll","background-type":"","background-media":"","overlay-type":"","overlay-color":"","overlay-gradient":""}},"ast-content-background-meta":{"desktop":{"background-color":"var(--ast-global-color-5)","background-image":"","background-repeat":"repeat","background-position":"center center","background-size":"auto","background-attachment":"scroll","background-type":"","background-media":"","overlay-type":"","overlay-color":"","overlay-gradient":""},"tablet":{"background-color":"var(--ast-global-color-5)","background-image":"","background-repeat":"repeat","background-position":"center center","background-size":"auto","background-attachment":"scroll","background-type":"","background-media":"","overlay-type":"","overlay-color":"","overlay-gradient":""},"mobile":{"background-color":"var(--ast-global-color-5)","background-image":"","background-repeat":"repeat","background-position":"center center","background-size":"auto","background-attachment":"scroll","background-type":"","background-media":"","overlay-type":"","overlay-color":"","overlay-gradient":""}}},"product_cat":[140,124],"product_tag":[],"class_list":{"0":"post-11043","1":"product","2":"type-product","3":"status-publish","4":"has-post-thumbnail","6":"product_cat-no-armored-cable","7":"product_cat-outdoor-cable","8":"desktop-align-left","9":"tablet-align-left","10":"mobile-align-left","11":"ast-product-gallery-layout-horizontal-slider","12":"ast-product-tabs-layout-horizontal","14":"first","15":"instock","16":"shipping-taxable","17":"product-type-simple"},"acf":[],"_links":{"self":[{"href":"https:\/\/www.omccable.com\/de\/wp-json\/wp\/v2\/product\/11043","targetHints":{"allow":["GET"]}}],"collection":[{"href":"https:\/\/www.omccable.com\/de\/wp-json\/wp\/v2\/product"}],"about":[{"href":"https:\/\/www.omccable.com\/de\/wp-json\/wp\/v2\/types\/product"}],"replies":[{"embeddable":true,"href":"https:\/\/www.omccable.com\/de\/wp-json\/wp\/v2\/comments?post=11043"}],"version-history":[{"count":1,"href":"https:\/\/www.omccable.com\/de\/wp-json\/wp\/v2\/product\/11043\/revisions"}],"predecessor-version":[{"id":11046,"href":"https:\/\/www.omccable.com\/de\/wp-json\/wp\/v2\/product\/11043\/revisions\/11046"}],"wp:featuredmedia":[{"embeddable":true,"href":"https:\/\/www.omccable.com\/de\/wp-json\/wp\/v2\/media\/11045"}],"wp:attachment":[{"href":"https:\/\/www.omccable.com\/de\/wp-json\/wp\/v2\/media?parent=11043"}],"wp:term":[{"taxonomy":"product_cat","embeddable":true,"href":"https:\/\/www.omccable.com\/de\/wp-json\/wp\/v2\/product_cat?post=11043"},{"taxonomy":"product_tag","embeddable":true,"href":"https:\/\/www.omccable.com\/de\/wp-json\/wp\/v2\/product_tag?post=11043"}],"curies":[{"name":"wp","href":"https:\/\/api.w.org\/{rel}","templated":true}]}}