{"id":11039,"date":"2024-06-11T14:19:10","date_gmt":"2024-06-11T06:19:10","guid":{"rendered":"https:\/\/www.omccable.com\/?post_type=product&#038;p=11039"},"modified":"2024-06-11T14:19:11","modified_gmt":"2024-06-11T06:19:11","slug":"12-432f-stranded-loose-tube-no-armored-outdoor-cable-gyfht6y","status":"publish","type":"product","link":"https:\/\/www.omccable.com\/de\/produkt\/12-432f-stranded-loose-tube-no-armored-outdoor-cable-gyfht6y\/","title":{"rendered":"12-432F verseiltes B\u00fcndelader-Au\u00dfenkabel ohne Armierung-GYFHT6Y"},"content":{"rendered":"<p>In OMCs<strong><b>\u00a0<\/b><\/strong><strong><b>12-432F verseiltes B\u00fcndelader-Au\u00dfenkabel ohne Armierung-GYFHT6Y<\/b><\/strong>, A <strong><b>FRP-Draht<\/b><\/strong>, manchmal mit Polyethylen (PE) ummantelt, befindet sich in der Mitte des Kerns als nichtmetallisches Festigkeitselement. Singlemode-\/Multimode-Fasern werden in der B\u00fcndelader positioniert, die aus PBT-Materialien besteht und mit F\u00fcllmasse gef\u00fcllt ist. Die B\u00fcndelader ist mit HDPE-Materialien ummantelt, um die Kompaktheit und L\u00e4ngswasserblockierleistung zu gew\u00e4hrleisten.<\/p>\n<p>&nbsp;<\/p>\n<p><strong><b>Standardfarbe von Faser und Schlauch<\/b><\/strong><\/p>\n<p>Der Farbcode der einzelnen Fasern muss der folgenden Tabelle entsprechen:<\/p>\n<table>\n<tbody>\n<tr>\n<td width=\"183\">Nein.<\/td>\n<td width=\"87\">1<\/td>\n<td width=\"83\">2<\/td>\n<td width=\"83\">3<\/td>\n<td width=\"83\">4<\/td>\n<td width=\"83\">5<\/td>\n<td width=\"76\">6<\/td>\n<\/tr>\n<tr>\n<td width=\"183\">Farbe<\/td>\n<td width=\"87\">Blau<\/td>\n<td width=\"83\">Orange<\/td>\n<td width=\"83\">Gr\u00fcn<\/td>\n<td width=\"83\">Braun<\/td>\n<td width=\"83\">Slate<\/td>\n<td width=\"76\">White<\/td>\n<\/tr>\n<tr>\n<td width=\"183\">Nein.<\/td>\n<td width=\"87\">7<\/td>\n<td width=\"83\">8<\/td>\n<td width=\"83\">9<\/td>\n<td width=\"83\">10<\/td>\n<td width=\"83\">11<\/td>\n<td width=\"76\">12<\/td>\n<\/tr>\n<tr>\n<td width=\"183\">Farbe<\/td>\n<td width=\"87\">Rot<\/td>\n<td width=\"83\">Schwarz<\/td>\n<td width=\"83\">Gelb<\/td>\n<td width=\"83\">Violett<\/td>\n<td width=\"83\">Rosa<\/td>\n<td width=\"76\">Aqua<\/td>\n<\/tr>\n<\/tbody>\n<\/table>\n<p>&nbsp;<\/p>\n<p><strong><b>Strukturparameter<\/b><\/strong><\/p>\n<table>\n<tbody>\n<tr>\n<td width=\"180\"><strong>Artikel<\/strong><\/td>\n<td width=\"85\"><strong>Inhalt<\/strong><\/td>\n<td width=\"56\"><strong>Einheit<\/strong><\/td>\n<td colspan=\"9\" width=\"389\"><strong>Wert<\/strong><\/td>\n<\/tr>\n<tr>\n<td width=\"180\">Faseranzahl<\/td>\n<td width=\"85\">Zahl<\/td>\n<td width=\"56\">\/<\/td>\n<td width=\"94\">24-72<\/td>\n<td colspan=\"2\" width=\"75\">96<\/td>\n<td colspan=\"3\" width=\"75\">144<\/td>\n<td colspan=\"2\" width=\"75\">288<\/td>\n<td width=\"68\">432<\/td>\n<\/tr>\n<tr>\n<td width=\"180\">Fasertyp<\/td>\n<td width=\"85\">\/<\/td>\n<td width=\"56\">\/<\/td>\n<td colspan=\"9\" width=\"389\">G652D<\/td>\n<\/tr>\n<tr>\n<td width=\"180\">Kabelstruktur<\/td>\n<td width=\"85\">\/<\/td>\n<td width=\"56\">\/<\/td>\n<td width=\"94\">1+6<\/td>\n<td colspan=\"2\" width=\"75\">1+8<\/td>\n<td colspan=\"3\" width=\"75\">1+12<\/td>\n<td colspan=\"2\" width=\"75\">1+9+15<\/td>\n<td width=\"68\">1+6+12<\/td>\n<\/tr>\n<tr>\n<td width=\"180\">Fasern pro R\u00f6hre<\/td>\n<td width=\"85\">Z\u00e4hlen<\/td>\n<td width=\"56\">\/<\/td>\n<td colspan=\"8\" width=\"321\">12<\/td>\n<td width=\"68\">24<\/td>\n<\/tr>\n<tr>\n<td rowspan=\"2\" width=\"180\">Lose R\u00f6hre<\/td>\n<td width=\"85\">Material<\/td>\n<td width=\"56\">\/<\/td>\n<td colspan=\"9\" width=\"389\">PBT<\/td>\n<\/tr>\n<tr>\n<td width=\"85\">Nominell<\/p>\n<p>Durchmesser<\/td>\n<td width=\"56\">mm<\/td>\n<td width=\"94\">2.3<\/td>\n<td colspan=\"2\" width=\"75\">2.1<\/td>\n<td colspan=\"3\" width=\"75\">2.1<\/td>\n<td colspan=\"2\" width=\"75\">2.1<\/td>\n<td width=\"68\">2.8<\/td>\n<\/tr>\n<tr>\n<td rowspan=\"3\" width=\"180\">Zentrales St\u00e4rkemitglied<\/td>\n<td width=\"85\">Material<\/td>\n<td width=\"56\">\/<\/td>\n<td colspan=\"9\" width=\"389\">FRP- und PE-Polsterschicht (bei Bedarf)<\/td>\n<\/tr>\n<tr>\n<td width=\"85\">Nominell<\/p>\n<p>Durchmesser<\/td>\n<td width=\"56\">mm<\/td>\n<td width=\"94\">2.5<\/td>\n<td colspan=\"2\" width=\"75\">2.8<\/td>\n<td colspan=\"3\" width=\"75\">3.0<\/td>\n<td colspan=\"2\" width=\"75\">3.0<\/td>\n<td width=\"68\">3.0<\/td>\n<\/tr>\n<tr>\n<td width=\"85\">PE-Kissen<\/p>\n<p>Schicht<\/td>\n<td width=\"56\">mm<\/td>\n<td width=\"94\">\u2013<\/td>\n<td colspan=\"2\" width=\"75\">3,5 \u00b1 0,2<\/td>\n<td colspan=\"3\" width=\"75\">6,3 \u00b1 0,2<\/td>\n<td colspan=\"2\" width=\"75\">4,2 \u00b1 0,2<\/td>\n<td width=\"68\">&nbsp;<\/td>\n<\/tr>\n<tr>\n<td width=\"180\">Wasserblockierend<\/td>\n<td colspan=\"2\" width=\"141\">Material<\/td>\n<td colspan=\"9\" width=\"389\">Wasserblockierendes Klebeband<\/td>\n<\/tr>\n<tr>\n<td width=\"180\">Mitglied der peripheren St\u00e4rke<\/td>\n<td colspan=\"2\" width=\"141\">Material<\/td>\n<td colspan=\"9\" width=\"389\">Glasgarn<\/td>\n<\/tr>\n<tr>\n<td rowspan=\"2\" width=\"180\">Scheide<\/td>\n<td colspan=\"2\" width=\"141\">Material<\/td>\n<td colspan=\"9\" width=\"389\">HDPE<\/td>\n<\/tr>\n<tr>\n<td width=\"85\">Dicke<\/td>\n<td width=\"56\">mm<\/td>\n<td colspan=\"9\" width=\"389\">Nominalwert: 1,5<\/td>\n<\/tr>\n<tr>\n<td width=\"180\">Kabeldurchmesser<\/td>\n<td width=\"85\">\u00b15%<\/td>\n<td width=\"56\">mm<\/td>\n<td colspan=\"2\" width=\"100\">10.5<\/td>\n<td colspan=\"2\" width=\"72\">11.1<\/td>\n<td width=\"72\">13.9<\/td>\n<td colspan=\"2\" width=\"72\">16.2<\/td>\n<td colspan=\"2\" width=\"72\">17.8<\/td>\n<\/tr>\n<tr>\n<td width=\"180\">Kabelgewicht<\/td>\n<td width=\"85\">\u00b110%<\/td>\n<td width=\"56\">kg\/km<\/td>\n<td colspan=\"2\" width=\"100\">91<\/td>\n<td colspan=\"2\" width=\"72\">104<\/td>\n<td width=\"72\">158<\/td>\n<td colspan=\"2\" width=\"72\">210<\/td>\n<td colspan=\"2\" width=\"72\">241<\/td>\n<\/tr>\n<\/tbody>\n<\/table>\n<p><strong><b>\u00a0<\/b><\/strong><\/p>\n<p><strong><b>Mechanische und Umweltleistung<\/b><\/strong><\/p>\n<table>\n<tbody>\n<tr>\n<td width=\"221\"><strong>Artikel<\/strong><\/td>\n<td width=\"270\"><strong>Inhalt<\/strong><\/td>\n<td width=\"221\"><strong>Wert<\/strong><\/td>\n<\/tr>\n<tr>\n<td width=\"221\">Max. Zugbelastung<\/td>\n<td width=\"270\">Kurzfristig<\/td>\n<td width=\"221\">2500 N (Faserdehnung \u2264 0,6 %)<\/td>\n<\/tr>\n<tr>\n<td width=\"221\">Max. Druckfestigkeit<\/td>\n<td width=\"270\">Kurzfristig<\/td>\n<td width=\"221\">1500 N\/100mm<\/td>\n<\/tr>\n<tr>\n<td rowspan=\"2\" width=\"221\">Min. Biegeradius<\/td>\n<td width=\"270\">Installation<\/td>\n<td width=\"221\">20x Kabeldurchmesser<\/td>\n<\/tr>\n<tr>\n<td width=\"270\">Betrieb<\/td>\n<td width=\"221\">10 x Kabeldurchmesser<\/td>\n<\/tr>\n<tr>\n<td rowspan=\"3\" width=\"221\">Temperaturbereich<\/td>\n<td width=\"270\">Betrieb<\/td>\n<td width=\"221\">-40\u2103 ~ +70\u2103<\/td>\n<\/tr>\n<tr>\n<td width=\"270\">Installation<\/td>\n<td width=\"221\">-20\u2103 ~ +60\u2103<\/td>\n<\/tr>\n<tr>\n<td width=\"270\">Lagerung\/Transport<\/td>\n<td width=\"221\">-40\u2103 ~ +70\u2103<\/td>\n<\/tr>\n<\/tbody>\n<\/table>\n<p>&nbsp;<\/p>\n<p><strong><b>Technische Parameter der optischen Faser-SMF<\/b><\/strong><\/p>\n<table>\n<tbody>\n<tr>\n<td colspan=\"2\" rowspan=\"2\" width=\"344\"><strong>Artikel<\/strong><\/td>\n<td rowspan=\"2\" width=\"150\"><strong>Einheit<\/strong><\/td>\n<td width=\"224\"><strong>Spezifikation<\/strong><\/td>\n<\/tr>\n<tr>\n<td width=\"224\">G. 652D<\/td>\n<\/tr>\n<tr>\n<td rowspan=\"2\" width=\"222\">Modusfelddurchmesser<\/td>\n<td width=\"121\">1310 nm<\/td>\n<td width=\"150\">nm<\/td>\n<td width=\"224\">9,2 \u00b1 0,4<\/td>\n<\/tr>\n<tr>\n<td width=\"121\">1550 nm<\/td>\n<td width=\"150\">nm<\/td>\n<td width=\"224\">10,4 \u00b1 0,5<\/td>\n<\/tr>\n<tr>\n<td colspan=\"2\" width=\"344\">Verkleidungsdurchmesser<\/td>\n<td width=\"150\">nm<\/td>\n<td width=\"224\">125,0 \u00b1 0,7<\/td>\n<\/tr>\n<tr>\n<td colspan=\"2\" width=\"344\">Unrundheit der Verkleidung<\/td>\n<td width=\"150\">%<\/td>\n<td width=\"224\">\u22641,0<\/td>\n<\/tr>\n<tr>\n<td colspan=\"2\" width=\"344\">Kernkonzentrizit\u00e4tsfehler<\/td>\n<td width=\"150\">nm<\/td>\n<td width=\"224\">\u22640,6<\/td>\n<\/tr>\n<tr>\n<td colspan=\"2\" width=\"344\">Beschichtungsdurchmesser<\/td>\n<td width=\"150\">nm<\/td>\n<td width=\"224\">242 \u00b1 7<\/td>\n<\/tr>\n<tr>\n<td colspan=\"2\" width=\"344\">Konzentrizit\u00e4tsfehler der Beschichtung\/Verkleidung<\/td>\n<td width=\"150\">nm<\/td>\n<td width=\"224\">\u226412<\/td>\n<\/tr>\n<tr>\n<td colspan=\"2\" width=\"344\">Kabel-Grenzwellenl\u00e4nge \u03bbcc<\/td>\n<td width=\"150\">nm<\/td>\n<td width=\"224\">\u2264 1260<\/td>\n<\/tr>\n<tr>\n<td rowspan=\"2\" width=\"222\">D\u00e4mpfung<\/td>\n<td width=\"121\">1310 nm<\/td>\n<td width=\"150\">dB\/km<\/td>\n<td width=\"224\">\u22640,35<\/td>\n<\/tr>\n<tr>\n<td width=\"121\">1550 nm<\/td>\n<td width=\"150\">dB\/km<\/td>\n<td width=\"224\">\u22640,21<\/td>\n<\/tr>\n<\/tbody>\n<\/table>","protected":false},"excerpt":{"rendered":"<p>Im 12-432F verseilten, ungepanzerten Au\u00dfenkabel GYFHT6Y von OMC befindet sich in der Mitte des Kerns ein FRP-Draht, manchmal mit Polyethylen (PE) ummantelt, als metallfreies Festigkeitselement. Singlemode-\/Multimode-Fasern werden in der B\u00fcndelader positioniert, die aus PBT-Materialien besteht und mit F\u00fcllmasse gef\u00fcllt ist. Die B\u00fcndelader ist mit HDPE-Materialien ummantelt, um eine [\u2026]<\/p>","protected":false},"featured_media":11041,"comment_status":"closed","ping_status":"closed","template":"","meta":{"site-sidebar-layout":"default","site-content-layout":"","ast-site-content-layout":"default","site-content-style":"default","site-sidebar-style":"default","ast-global-header-display":"","ast-banner-title-visibility":"","ast-main-header-display":"","ast-hfb-above-header-display":"","ast-hfb-below-header-display":"","ast-hfb-mobile-header-display":"","site-post-title":"","ast-breadcrumbs-content":"","ast-featured-img":"","footer-sml-layout":"","theme-transparent-header-meta":"default","adv-header-id-meta":"","stick-header-meta":"default","header-above-stick-meta":"","header-main-stick-meta":"","header-below-stick-meta":"","astra-migrate-meta-layouts":"set","ast-page-background-enabled":"default","ast-page-background-meta":{"desktop":{"background-color":"var(--ast-global-color-4)","background-image":"","background-repeat":"repeat","background-position":"center center","background-size":"auto","background-attachment":"scroll","background-type":"","background-media":"","overlay-type":"","overlay-color":"","overlay-gradient":""},"tablet":{"background-color":"","background-image":"","background-repeat":"repeat","background-position":"center center","background-size":"auto","background-attachment":"scroll","background-type":"","background-media":"","overlay-type":"","overlay-color":"","overlay-gradient":""},"mobile":{"background-color":"","background-image":"","background-repeat":"repeat","background-position":"center center","background-size":"auto","background-attachment":"scroll","background-type":"","background-media":"","overlay-type":"","overlay-color":"","overlay-gradient":""}},"ast-content-background-meta":{"desktop":{"background-color":"var(--ast-global-color-5)","background-image":"","background-repeat":"repeat","background-position":"center center","background-size":"auto","background-attachment":"scroll","background-type":"","background-media":"","overlay-type":"","overlay-color":"","overlay-gradient":""},"tablet":{"background-color":"var(--ast-global-color-5)","background-image":"","background-repeat":"repeat","background-position":"center center","background-size":"auto","background-attachment":"scroll","background-type":"","background-media":"","overlay-type":"","overlay-color":"","overlay-gradient":""},"mobile":{"background-color":"var(--ast-global-color-5)","background-image":"","background-repeat":"repeat","background-position":"center center","background-size":"auto","background-attachment":"scroll","background-type":"","background-media":"","overlay-type":"","overlay-color":"","overlay-gradient":""}}},"product_cat":[140,124],"product_tag":[],"class_list":{"0":"post-11039","1":"product","2":"type-product","3":"status-publish","4":"has-post-thumbnail","6":"product_cat-no-armored-cable","7":"product_cat-outdoor-cable","8":"desktop-align-left","9":"tablet-align-left","10":"mobile-align-left","11":"ast-product-gallery-layout-horizontal-slider","12":"ast-product-tabs-layout-horizontal","14":"first","15":"instock","16":"shipping-taxable","17":"product-type-simple"},"acf":[],"_links":{"self":[{"href":"https:\/\/www.omccable.com\/de\/wp-json\/wp\/v2\/product\/11039","targetHints":{"allow":["GET"]}}],"collection":[{"href":"https:\/\/www.omccable.com\/de\/wp-json\/wp\/v2\/product"}],"about":[{"href":"https:\/\/www.omccable.com\/de\/wp-json\/wp\/v2\/types\/product"}],"replies":[{"embeddable":true,"href":"https:\/\/www.omccable.com\/de\/wp-json\/wp\/v2\/comments?post=11039"}],"version-history":[{"count":1,"href":"https:\/\/www.omccable.com\/de\/wp-json\/wp\/v2\/product\/11039\/revisions"}],"predecessor-version":[{"id":11042,"href":"https:\/\/www.omccable.com\/de\/wp-json\/wp\/v2\/product\/11039\/revisions\/11042"}],"wp:featuredmedia":[{"embeddable":true,"href":"https:\/\/www.omccable.com\/de\/wp-json\/wp\/v2\/media\/11041"}],"wp:attachment":[{"href":"https:\/\/www.omccable.com\/de\/wp-json\/wp\/v2\/media?parent=11039"}],"wp:term":[{"taxonomy":"product_cat","embeddable":true,"href":"https:\/\/www.omccable.com\/de\/wp-json\/wp\/v2\/product_cat?post=11039"},{"taxonomy":"product_tag","embeddable":true,"href":"https:\/\/www.omccable.com\/de\/wp-json\/wp\/v2\/product_tag?post=11039"}],"curies":[{"name":"wp","href":"https:\/\/api.w.org\/{rel}","templated":true}]}}