{"id":11031,"date":"2024-06-11T14:12:38","date_gmt":"2024-06-11T06:12:38","guid":{"rendered":"https:\/\/www.omccable.com\/?post_type=product&#038;p=11031"},"modified":"2024-06-11T14:12:39","modified_gmt":"2024-06-11T06:12:39","slug":"12-48f-stranded-loose-tube-no-armored-outdoor-cable-gyfhty","status":"publish","type":"product","link":"https:\/\/www.omccable.com\/de\/produkt\/12-48f-stranded-loose-tube-no-armored-outdoor-cable-gyfhty\/","title":{"rendered":"12-48F verseiltes B\u00fcndelader-Au\u00dfenkabel ohne Armierung-GYFHTY"},"content":{"rendered":"<p>In OMCs <strong><b>12-48F verseiltes B\u00fcndelader-Au\u00dfenkabel ohne Armierung-GYFHTY<\/b><\/strong>, A <strong><b>FRP-Draht<\/b><\/strong>, manchmal mit Polyethylen (PE) ummantelt, befindet sich in der Mitte des Kerns als nichtmetallisches Festigkeitselement. Singlemode-\/Multimode-Fasern werden in der B\u00fcndelader positioniert, die aus PBT-Materialien besteht und mit F\u00fcllmasse gef\u00fcllt ist. Die B\u00fcndelader ist mit HDPE-Materialien ummantelt, um die Kompaktheit und L\u00e4ngswasserblockierleistung zu gew\u00e4hrleisten.<\/p>\n<p>&nbsp;<\/p>\n<p><strong><b>Standardfarbe von Faser und Schlauch<\/b><\/strong><\/p>\n<p>Der Farbcode der einzelnen Fasern muss der folgenden Tabelle entsprechen:<\/p>\n<table>\n<tbody>\n<tr>\n<td width=\"165\">Nein.<\/td>\n<td width=\"78\">1<\/td>\n<td width=\"75\">2<\/td>\n<td width=\"75\">3<\/td>\n<td width=\"75\">4<\/td>\n<td width=\"75\">5<\/td>\n<td width=\"69\">6<\/td>\n<\/tr>\n<tr>\n<td width=\"165\">Farbe<\/td>\n<td width=\"78\">Blau<\/td>\n<td width=\"75\">Orange<\/td>\n<td width=\"75\">Gr\u00fcn<\/td>\n<td width=\"75\">Braun<\/td>\n<td width=\"75\">Slate<\/td>\n<td width=\"69\">White<\/td>\n<\/tr>\n<tr>\n<td width=\"165\">Nein.<\/td>\n<td width=\"78\">7<\/td>\n<td width=\"75\">8<\/td>\n<td width=\"75\">9<\/td>\n<td width=\"75\">10<\/td>\n<td width=\"75\">11<\/td>\n<td width=\"69\">12<\/td>\n<\/tr>\n<tr>\n<td width=\"165\">Farbe<\/td>\n<td width=\"78\">Rot<\/td>\n<td width=\"75\">Schwarz<\/td>\n<td width=\"75\">Gelb<\/td>\n<td width=\"75\">Violett<\/td>\n<td width=\"75\">Rosa<\/td>\n<td width=\"69\">Aqua<\/td>\n<\/tr>\n<\/tbody>\n<\/table>\n<p>&nbsp;<\/p>\n<p><strong><b>Strukturparameter<\/b><\/strong><\/p>\n<table>\n<tbody>\n<tr>\n<td width=\"180\"><strong>Artikel<\/strong><\/td>\n<td width=\"113\"><strong>Inhalt<\/strong><\/td>\n<td width=\"75\"><strong>Einheit<\/strong><\/td>\n<td colspan=\"2\" width=\"311\"><strong>Wert<\/strong><\/td>\n<\/tr>\n<tr>\n<td width=\"180\">Faseranzahl<\/td>\n<td width=\"113\">Zahl<\/td>\n<td width=\"75\">\/<\/td>\n<td width=\"132\">12-24<\/td>\n<td width=\"179\">36-48<\/td>\n<\/tr>\n<tr>\n<td width=\"180\">Fasertyp<\/td>\n<td width=\"113\">\/<\/td>\n<td width=\"75\">\/<\/td>\n<td colspan=\"2\" width=\"311\">G652D\/OM3<\/td>\n<\/tr>\n<tr>\n<td width=\"180\">Kabelstruktur<\/td>\n<td width=\"113\">\/<\/td>\n<td width=\"75\">\/<\/td>\n<td colspan=\"2\" width=\"311\">1+6<\/td>\n<\/tr>\n<tr>\n<td width=\"180\">Fasern pro R\u00f6hre<\/td>\n<td width=\"113\">Z\u00e4hlen<\/td>\n<td width=\"75\">\/<\/td>\n<td width=\"132\">6<\/td>\n<td width=\"179\">12<\/td>\n<\/tr>\n<tr>\n<td rowspan=\"2\" width=\"180\">Lose R\u00f6hre<\/td>\n<td width=\"113\">Material<\/td>\n<td width=\"75\">\/<\/td>\n<td colspan=\"2\" width=\"311\">PBT<\/td>\n<\/tr>\n<tr>\n<td width=\"113\">Durchmesser<\/td>\n<td width=\"75\">mm<\/td>\n<td width=\"132\">1,8 \u00b1 0,1<\/td>\n<td width=\"179\">2,1 \u00b1 0,1<\/td>\n<\/tr>\n<tr>\n<td rowspan=\"3\" width=\"180\">Zentrales St\u00e4rkemitglied<\/td>\n<td width=\"113\">Material<\/td>\n<td width=\"75\">\/<\/td>\n<td colspan=\"2\" width=\"311\">FRP- und PE-Polsterschicht<\/td>\n<\/tr>\n<tr>\n<td width=\"113\">Durchmesser<\/td>\n<td width=\"75\">mm<\/td>\n<td width=\"132\">2,0 \u00b1 0,1<\/td>\n<td width=\"179\">2,3 \u00b1 0,1<\/td>\n<\/tr>\n<tr>\n<td width=\"113\">PE-Kissen<\/td>\n<td width=\"75\">mm<\/td>\n<td colspan=\"2\" width=\"311\">\u2013<\/td>\n<\/tr>\n<tr>\n<td width=\"180\">Wasserblockierend<\/td>\n<td colspan=\"2\" width=\"189\">Material<\/td>\n<td colspan=\"2\" width=\"311\">Wasserblockierendes Klebeband<\/td>\n<\/tr>\n<tr>\n<td width=\"180\">Mitglied der peripheren St\u00e4rke<\/td>\n<td colspan=\"2\" width=\"189\">Material<\/td>\n<td colspan=\"2\" width=\"311\">Glasgarn<\/td>\n<\/tr>\n<tr>\n<td rowspan=\"3\" width=\"180\">Scheide<\/td>\n<td colspan=\"2\" width=\"189\">Material<\/td>\n<td colspan=\"2\" width=\"311\">HDPE<\/td>\n<\/tr>\n<tr>\n<td colspan=\"2\" width=\"189\">Farbe<\/td>\n<td colspan=\"2\" width=\"311\">Schwarz<\/td>\n<\/tr>\n<tr>\n<td width=\"113\">Au\u00dfendurchmesser<\/td>\n<td width=\"75\">mm<\/td>\n<td colspan=\"2\" width=\"311\">1,5 \u00b1 0,1<\/td>\n<\/tr>\n<tr>\n<td rowspan=\"2\" width=\"180\">D\u00e4mpfung (nach<\/p>\n<p>Kabel)<\/td>\n<td width=\"113\">1310 nm<\/td>\n<td width=\"75\">dB\/km<\/td>\n<td colspan=\"2\" width=\"311\">\u00a30.36<\/td>\n<\/tr>\n<tr>\n<td width=\"113\">1550 nm<\/td>\n<td width=\"75\">dB\/km<\/td>\n<td colspan=\"2\" width=\"311\">\u00a30.22<\/td>\n<\/tr>\n<tr>\n<td width=\"180\">Kabeldurchmesser<\/td>\n<td width=\"113\">\u00b10,3<\/td>\n<td width=\"75\">mm<\/td>\n<td width=\"132\">9.3<\/td>\n<td width=\"179\">10.2<\/td>\n<\/tr>\n<tr>\n<td width=\"180\">Kabelgewicht<\/td>\n<td width=\"113\">\u00b15%<\/td>\n<td width=\"75\">kg\/km<\/td>\n<td width=\"132\">75<\/td>\n<td width=\"179\">88<\/td>\n<\/tr>\n<\/tbody>\n<\/table>\n<p><strong><b>\u00a0<\/b><\/strong><\/p>\n<p><strong><b>Mechanische und Umweltleistung<\/b><\/strong><\/p>\n<table>\n<tbody>\n<tr>\n<td width=\"209\"><strong>Artikel<\/strong><\/td>\n<td width=\"230\"><strong>Inhalt<\/strong><\/td>\n<td width=\"241\"><strong>Wert<\/strong><\/td>\n<\/tr>\n<tr>\n<td width=\"209\">Max. Zugbelastung<\/td>\n<td width=\"230\">Maximal zul\u00e4ssige Spannung<\/td>\n<td width=\"241\">1500N Faserdehnung \u22640,6 %<\/td>\n<\/tr>\n<tr>\n<td width=\"209\">Max. Druckfestigkeit<\/td>\n<td width=\"230\">Kurzfristig<\/td>\n<td width=\"241\">1000 N\/100mm<\/td>\n<\/tr>\n<tr>\n<td rowspan=\"2\" width=\"209\">Min. Biegeradius<\/td>\n<td width=\"230\">Installation<\/td>\n<td width=\"241\">25 x Kabeldurchmesser<\/td>\n<\/tr>\n<tr>\n<td width=\"230\">Betrieb<\/td>\n<td width=\"241\">15 x Kabeldurchmesser<\/td>\n<\/tr>\n<tr>\n<td rowspan=\"3\" width=\"209\">Temperaturbereich<\/td>\n<td width=\"230\">Betrieb<\/td>\n<td width=\"241\">-40\u2103 ~ +70\u2103<\/td>\n<\/tr>\n<tr>\n<td width=\"230\">Installation<\/td>\n<td width=\"241\">-20\u2103 ~ +60\u2103<\/td>\n<\/tr>\n<tr>\n<td width=\"230\">Lagerung\/Transport<\/td>\n<td width=\"241\">-40\u2103 ~ +70\u2103<\/td>\n<\/tr>\n<\/tbody>\n<\/table>\n<p>&nbsp;<\/p>\n<p><strong><b>Technische Parameter der optischen Faser-SMF<\/b><\/strong><\/p>\n<table>\n<tbody>\n<tr>\n<td colspan=\"2\" rowspan=\"2\" width=\"334\"><strong>Artikel<\/strong><\/td>\n<td rowspan=\"2\" width=\"146\"><strong>Einheit<\/strong><\/td>\n<td width=\"218\"><strong>Spezifikation<\/strong><\/td>\n<\/tr>\n<tr>\n<td width=\"218\">G. 652D<\/td>\n<\/tr>\n<tr>\n<td rowspan=\"2\" width=\"216\">Modusfelddurchmesser<\/td>\n<td width=\"118\">1310 nm<\/td>\n<td width=\"146\">nm<\/td>\n<td width=\"218\">9,2 \u00b1 0,4<\/td>\n<\/tr>\n<tr>\n<td width=\"118\">1550 nm<\/td>\n<td width=\"146\">nm<\/td>\n<td width=\"218\">10,4 \u00b1 0,5<\/td>\n<\/tr>\n<tr>\n<td colspan=\"2\" width=\"334\">Verkleidungsdurchmesser<\/td>\n<td width=\"146\">nm<\/td>\n<td width=\"218\">125,0 \u00b1 0,7<\/td>\n<\/tr>\n<tr>\n<td colspan=\"2\" width=\"334\">Unrundheit der Verkleidung<\/td>\n<td width=\"146\">%<\/td>\n<td width=\"218\">\u22641,0<\/td>\n<\/tr>\n<tr>\n<td colspan=\"2\" width=\"334\">Kernkonzentrizit\u00e4tsfehler<\/td>\n<td width=\"146\">nm<\/td>\n<td width=\"218\">\u22640,6<\/td>\n<\/tr>\n<tr>\n<td colspan=\"2\" width=\"334\">Beschichtungsdurchmesser<\/td>\n<td width=\"146\">nm<\/td>\n<td width=\"218\">242 \u00b1 7<\/td>\n<\/tr>\n<tr>\n<td colspan=\"2\" width=\"334\">Konzentrizit\u00e4tsfehler der Beschichtung\/Verkleidung<\/td>\n<td width=\"146\">nm<\/td>\n<td width=\"218\">\u226412<\/td>\n<\/tr>\n<tr>\n<td colspan=\"2\" width=\"334\">Kabel-Grenzwellenl\u00e4nge \u03bbcc<\/td>\n<td width=\"146\">nm<\/td>\n<td width=\"218\">\u2264 1260<\/td>\n<\/tr>\n<tr>\n<td rowspan=\"2\" width=\"216\">D\u00e4mpfung<\/td>\n<td width=\"118\">1310 nm<\/td>\n<td width=\"146\">dB\/km<\/td>\n<td width=\"218\">\u22640,35<\/td>\n<\/tr>\n<tr>\n<td width=\"118\">1550 nm<\/td>\n<td width=\"146\">dB\/km<\/td>\n<td width=\"218\">\u22640,21<\/td>\n<\/tr>\n<\/tbody>\n<\/table>","protected":false},"excerpt":{"rendered":"<p>Im 12-48F verseilten, nicht gepanzerten Au\u00dfenkabel GYFHTY von OMC befindet sich in der Mitte des Kerns ein FRP-Draht, der manchmal mit Polyethylen (PE) ummantelt ist, als metallfreies Festigkeitselement. Singlemode-\/Multimode-Fasern werden in der B\u00fcndelader positioniert, die aus PBT-Materialien besteht und mit F\u00fcllmasse gef\u00fcllt ist. Die B\u00fcndelader ist mit HDPE-Materialien ummantelt, um [\u2026]<\/p>","protected":false},"featured_media":11032,"comment_status":"closed","ping_status":"closed","template":"","meta":{"site-sidebar-layout":"default","site-content-layout":"","ast-site-content-layout":"default","site-content-style":"default","site-sidebar-style":"default","ast-global-header-display":"","ast-banner-title-visibility":"","ast-main-header-display":"","ast-hfb-above-header-display":"","ast-hfb-below-header-display":"","ast-hfb-mobile-header-display":"","site-post-title":"","ast-breadcrumbs-content":"","ast-featured-img":"","footer-sml-layout":"","theme-transparent-header-meta":"default","adv-header-id-meta":"","stick-header-meta":"default","header-above-stick-meta":"","header-main-stick-meta":"","header-below-stick-meta":"","astra-migrate-meta-layouts":"set","ast-page-background-enabled":"default","ast-page-background-meta":{"desktop":{"background-color":"var(--ast-global-color-4)","background-image":"","background-repeat":"repeat","background-position":"center center","background-size":"auto","background-attachment":"scroll","background-type":"","background-media":"","overlay-type":"","overlay-color":"","overlay-gradient":""},"tablet":{"background-color":"","background-image":"","background-repeat":"repeat","background-position":"center center","background-size":"auto","background-attachment":"scroll","background-type":"","background-media":"","overlay-type":"","overlay-color":"","overlay-gradient":""},"mobile":{"background-color":"","background-image":"","background-repeat":"repeat","background-position":"center center","background-size":"auto","background-attachment":"scroll","background-type":"","background-media":"","overlay-type":"","overlay-color":"","overlay-gradient":""}},"ast-content-background-meta":{"desktop":{"background-color":"var(--ast-global-color-5)","background-image":"","background-repeat":"repeat","background-position":"center center","background-size":"auto","background-attachment":"scroll","background-type":"","background-media":"","overlay-type":"","overlay-color":"","overlay-gradient":""},"tablet":{"background-color":"var(--ast-global-color-5)","background-image":"","background-repeat":"repeat","background-position":"center center","background-size":"auto","background-attachment":"scroll","background-type":"","background-media":"","overlay-type":"","overlay-color":"","overlay-gradient":""},"mobile":{"background-color":"var(--ast-global-color-5)","background-image":"","background-repeat":"repeat","background-position":"center center","background-size":"auto","background-attachment":"scroll","background-type":"","background-media":"","overlay-type":"","overlay-color":"","overlay-gradient":""}}},"product_cat":[140,124],"product_tag":[],"class_list":{"0":"post-11031","1":"product","2":"type-product","3":"status-publish","4":"has-post-thumbnail","6":"product_cat-no-armored-cable","7":"product_cat-outdoor-cable","8":"desktop-align-left","9":"tablet-align-left","10":"mobile-align-left","11":"ast-product-gallery-layout-horizontal-slider","12":"ast-product-tabs-layout-horizontal","14":"first","15":"instock","16":"shipping-taxable","17":"product-type-simple"},"acf":[],"_links":{"self":[{"href":"https:\/\/www.omccable.com\/de\/wp-json\/wp\/v2\/product\/11031","targetHints":{"allow":["GET"]}}],"collection":[{"href":"https:\/\/www.omccable.com\/de\/wp-json\/wp\/v2\/product"}],"about":[{"href":"https:\/\/www.omccable.com\/de\/wp-json\/wp\/v2\/types\/product"}],"replies":[{"embeddable":true,"href":"https:\/\/www.omccable.com\/de\/wp-json\/wp\/v2\/comments?post=11031"}],"version-history":[{"count":1,"href":"https:\/\/www.omccable.com\/de\/wp-json\/wp\/v2\/product\/11031\/revisions"}],"predecessor-version":[{"id":11034,"href":"https:\/\/www.omccable.com\/de\/wp-json\/wp\/v2\/product\/11031\/revisions\/11034"}],"wp:featuredmedia":[{"embeddable":true,"href":"https:\/\/www.omccable.com\/de\/wp-json\/wp\/v2\/media\/11032"}],"wp:attachment":[{"href":"https:\/\/www.omccable.com\/de\/wp-json\/wp\/v2\/media?parent=11031"}],"wp:term":[{"taxonomy":"product_cat","embeddable":true,"href":"https:\/\/www.omccable.com\/de\/wp-json\/wp\/v2\/product_cat?post=11031"},{"taxonomy":"product_tag","embeddable":true,"href":"https:\/\/www.omccable.com\/de\/wp-json\/wp\/v2\/product_tag?post=11031"}],"curies":[{"name":"wp","href":"https:\/\/api.w.org\/{rel}","templated":true}]}}