{"id":11027,"date":"2024-06-11T13:50:19","date_gmt":"2024-06-11T05:50:19","guid":{"rendered":"https:\/\/www.omccable.com\/?post_type=product&#038;p=11027"},"modified":"2024-06-11T13:50:19","modified_gmt":"2024-06-11T05:50:19","slug":"96f-stranded-loose-tube-no-armored-outdoor-cable-gycfht6h","status":"publish","type":"product","link":"https:\/\/www.omccable.com\/de\/produkt\/96f-stranded-loose-tube-no-armored-outdoor-cable-gycfht6h\/","title":{"rendered":"96F verseiltes B\u00fcndelader-Au\u00dfenkabel ohne Armierung-GYCFHT6H"},"content":{"rendered":"<p>In OMCs <strong><b>96F verseiltes B\u00fcndelader-Au\u00dfenkabel ohne Armierung-GYCFHT6H<\/b><\/strong>, A <strong><b>FRP-Draht<\/b><\/strong>, manchmal mit Polyethylen (PE) ummantelt, befindet sich in der Mitte des Kerns als nichtmetallisches Festigkeitselement. Singlemode-\/Multimode-Fasern werden in der B\u00fcndelader positioniert, die aus PBT-Materialien besteht und mit F\u00fcllmasse gef\u00fcllt ist. Die B\u00fcndelader ist mit LSZH-Materialien ummantelt, um die Kompaktheit und L\u00e4ngswasserblockierleistung zu gew\u00e4hrleisten.<\/p>\n<p>&nbsp;<\/p>\n<p><strong><b>Standardfarbe von Faser und Schlauch<\/b><\/strong><\/p>\n<p>Der Farbcode der einzelnen Fasern muss der folgenden Tabelle entsprechen:<\/p>\n<table>\n<tbody>\n<tr>\n<td width=\"165\">Nein.<\/td>\n<td width=\"78\">1<\/td>\n<td width=\"75\">2<\/td>\n<td width=\"75\">3<\/td>\n<td width=\"75\">4<\/td>\n<td width=\"75\">5<\/td>\n<td width=\"69\">6<\/td>\n<\/tr>\n<tr>\n<td width=\"165\">Farbe<\/td>\n<td width=\"78\">Blau<\/td>\n<td width=\"75\">Orange<\/td>\n<td width=\"75\">Gr\u00fcn<\/td>\n<td width=\"75\">Braun<\/td>\n<td width=\"75\">Slate<\/td>\n<td width=\"69\">White<\/td>\n<\/tr>\n<tr>\n<td width=\"165\">Nein.<\/td>\n<td width=\"78\">7<\/td>\n<td width=\"75\">8<\/td>\n<td width=\"75\">9<\/td>\n<td width=\"75\">10<\/td>\n<td width=\"75\">11<\/td>\n<td width=\"69\">12<\/td>\n<\/tr>\n<tr>\n<td width=\"165\">Farbe<\/td>\n<td width=\"78\">Rot<\/td>\n<td width=\"75\">Schwarz<\/td>\n<td width=\"75\">Gelb<\/td>\n<td width=\"75\">Violett<\/td>\n<td width=\"75\">Rosa<\/td>\n<td width=\"69\">Aqua<\/td>\n<\/tr>\n<\/tbody>\n<\/table>\n<p>&nbsp;<\/p>\n<p><strong><b>Strukturparameter<\/b><\/strong><\/p>\n<table>\n<tbody>\n<tr>\n<td width=\"193\"><strong>Artikel<\/strong><\/td>\n<td width=\"177\"><strong>Inhalt<\/strong><\/td>\n<td width=\"85\"><strong>Einheit<\/strong><\/td>\n<td width=\"226\"><strong>Wert<\/strong><\/td>\n<\/tr>\n<tr>\n<td width=\"193\">Faseranzahl<\/td>\n<td width=\"177\">Zahl<\/td>\n<td width=\"85\">\/<\/td>\n<td width=\"226\">96<\/td>\n<\/tr>\n<tr>\n<td width=\"193\">Fasertyp<\/td>\n<td width=\"177\">\/<\/td>\n<td width=\"85\">\/<\/td>\n<td width=\"226\">SM<\/td>\n<\/tr>\n<tr>\n<td width=\"193\">Kabelstruktur<\/td>\n<td width=\"177\">\/<\/td>\n<td width=\"85\">\/<\/td>\n<td width=\"226\">1+8<\/td>\n<\/tr>\n<tr>\n<td width=\"193\">Fasern pro R\u00f6hre<\/td>\n<td width=\"177\">Z\u00e4hlen<\/td>\n<td width=\"85\">\/<\/td>\n<td width=\"226\">12<\/td>\n<\/tr>\n<tr>\n<td rowspan=\"2\" width=\"193\">Lose R\u00f6hre<\/td>\n<td width=\"177\">Material<\/td>\n<td width=\"85\">\/<\/td>\n<td width=\"226\">PBT<\/td>\n<\/tr>\n<tr>\n<td width=\"177\">Nenndurchmesser<\/td>\n<td width=\"85\">mm<\/td>\n<td width=\"226\">1.5<\/td>\n<\/tr>\n<tr>\n<td rowspan=\"3\" width=\"193\">Zentrales St\u00e4rkemitglied<\/td>\n<td width=\"177\">Material<\/td>\n<td width=\"85\">\/<\/td>\n<td width=\"226\">FRP- und PE-Polsterschicht<\/td>\n<\/tr>\n<tr>\n<td width=\"177\">Nenndurchmesser<\/td>\n<td width=\"85\">mm<\/td>\n<td width=\"226\">1.8<\/td>\n<\/tr>\n<tr>\n<td width=\"177\">PE-Kissen<\/td>\n<td width=\"85\">mm<\/td>\n<td width=\"226\">2,6 \u00b1 0,2<\/td>\n<\/tr>\n<tr>\n<td width=\"193\">Mitglied der peripheren St\u00e4rke<\/td>\n<td colspan=\"2\" width=\"262\">Material<\/td>\n<td width=\"226\">Aramidgarn und Glasgarn<\/td>\n<\/tr>\n<tr>\n<td rowspan=\"3\" width=\"193\">\u00c4u\u00dfere H\u00fclle<\/td>\n<td colspan=\"2\" width=\"262\">Material<\/td>\n<td width=\"226\">LSZH<\/td>\n<\/tr>\n<tr>\n<td colspan=\"2\" width=\"262\">Farbe<\/td>\n<td width=\"226\">Schwarz<\/td>\n<\/tr>\n<tr>\n<td width=\"177\">Durchmesser<\/td>\n<td width=\"85\">mm<\/td>\n<td width=\"226\">Durchschnitt: 1,0<\/td>\n<\/tr>\n<tr>\n<td rowspan=\"2\" width=\"193\">D\u00e4mpfung (nach Kabel)<\/td>\n<td width=\"177\">850 nm<\/td>\n<td width=\"85\">dB\/km<\/td>\n<td width=\"226\">\u22643,0<\/td>\n<\/tr>\n<tr>\n<td width=\"177\">1300 nm<\/td>\n<td width=\"85\">dB\/km<\/td>\n<td width=\"226\">\u22641,0<\/td>\n<\/tr>\n<tr>\n<td width=\"193\">Kabeldurchmesser<\/td>\n<td width=\"177\">\u00b10,5<\/td>\n<td width=\"85\">mm<\/td>\n<td width=\"226\">8.3<\/td>\n<\/tr>\n<tr>\n<td width=\"193\">Kabelgewicht<\/td>\n<td width=\"177\">\u00b15%<\/td>\n<td width=\"85\">kg\/km<\/td>\n<td width=\"226\">64<\/td>\n<\/tr>\n<\/tbody>\n<\/table>\n<p>&nbsp;<\/p>\n<p><strong><b>Mechanische und Umweltleistung<\/b><\/strong><\/p>\n<table>\n<tbody>\n<tr>\n<td width=\"221\"><strong>Artikel<\/strong><\/td>\n<td width=\"224\"><strong>Inhalt<\/strong><\/td>\n<td width=\"236\"><strong>Wert<\/strong><\/td>\n<\/tr>\n<tr>\n<td rowspan=\"2\" width=\"221\"><strong>\u00a0<\/strong><\/p>\n<p>Max. Zugbelastung<\/td>\n<td width=\"224\">Kurzfristig<\/td>\n<td width=\"236\">750 N \uff08Faserdehnung \u2264 0,6\uff05\uff09<\/td>\n<\/tr>\n<tr>\n<td width=\"224\">Langfristig<\/td>\n<td width=\"236\">200 N<\/td>\n<\/tr>\n<tr>\n<td rowspan=\"2\" width=\"221\"><strong>\u00a0<\/strong><\/p>\n<p>Max. Druckfestigkeit<\/td>\n<td width=\"224\">Kurzfristig<\/td>\n<td width=\"236\">450 N\/100 mm<\/td>\n<\/tr>\n<tr>\n<td width=\"224\">Langfristig<\/td>\n<td width=\"236\">150N<\/td>\n<\/tr>\n<tr>\n<td rowspan=\"2\" width=\"221\"><strong>\u00a0<\/strong><\/p>\n<p>Min. Biegeradius<\/td>\n<td width=\"224\">Installation<\/td>\n<td width=\"236\">20 x Kabeldurchmesser<\/td>\n<\/tr>\n<tr>\n<td width=\"224\">Betrieb<\/td>\n<td width=\"236\">10 x Kabeldurchmesser<\/td>\n<\/tr>\n<tr>\n<td rowspan=\"3\" width=\"221\"><strong>\u00a0<\/strong><\/p>\n<p>Temperaturbereich<\/td>\n<td width=\"224\">Betrieb<\/td>\n<td width=\"236\">-40\u2103 ~ +70\u2103<\/td>\n<\/tr>\n<tr>\n<td width=\"224\">Installation<\/td>\n<td width=\"236\">-20\u2103 ~ +60\u2103<\/td>\n<\/tr>\n<tr>\n<td width=\"224\">Lagerung\/Transport<\/td>\n<td width=\"236\">-40\u2103 ~ +70\u2103<\/td>\n<\/tr>\n<\/tbody>\n<\/table>\n<p>&nbsp;<\/p>\n<p><strong><b>Technische Parameter der optischen Faser-SMF<\/b><\/strong><\/p>\n<table>\n<tbody>\n<tr>\n<td colspan=\"2\" rowspan=\"2\" width=\"329\"><strong>Artikel<\/strong><\/td>\n<td rowspan=\"2\" width=\"144\"><strong>Einheit<\/strong><\/td>\n<td width=\"215\"><strong>Spezifikation<\/strong><\/td>\n<\/tr>\n<tr>\n<td width=\"215\">G. 652D<\/td>\n<\/tr>\n<tr>\n<td rowspan=\"2\" width=\"213\">Modusfelddurchmesser<\/td>\n<td width=\"116\">1310 nm<\/td>\n<td width=\"144\">nm<\/td>\n<td width=\"215\">9,2 \u00b1 0,4<\/td>\n<\/tr>\n<tr>\n<td width=\"116\">1550 nm<\/td>\n<td width=\"144\">nm<\/td>\n<td width=\"215\">10,4 \u00b1 0,5<\/td>\n<\/tr>\n<tr>\n<td colspan=\"2\" width=\"329\">Verkleidungsdurchmesser<\/td>\n<td width=\"144\">nm<\/td>\n<td width=\"215\">125,0 \u00b1 0,7<\/td>\n<\/tr>\n<tr>\n<td colspan=\"2\" width=\"329\">Unrundheit der Verkleidung<\/td>\n<td width=\"144\">%<\/td>\n<td width=\"215\">\u22641,0<\/td>\n<\/tr>\n<tr>\n<td colspan=\"2\" width=\"329\">Kernkonzentrizit\u00e4tsfehler<\/td>\n<td width=\"144\">nm<\/td>\n<td width=\"215\">\u22640,6<\/td>\n<\/tr>\n<tr>\n<td colspan=\"2\" width=\"329\">Beschichtungsdurchmesser<\/td>\n<td width=\"144\">nm<\/td>\n<td width=\"215\">242 \u00b1 7<\/td>\n<\/tr>\n<tr>\n<td colspan=\"2\" width=\"329\">Konzentrizit\u00e4tsfehler der Beschichtung\/Verkleidung<\/td>\n<td width=\"144\">nm<\/td>\n<td width=\"215\">\u226412<\/td>\n<\/tr>\n<tr>\n<td colspan=\"2\" width=\"329\">Kabel-Grenzwellenl\u00e4nge \u03bbcc<\/td>\n<td width=\"144\">nm<\/td>\n<td width=\"215\">\u2264 1260<\/td>\n<\/tr>\n<tr>\n<td rowspan=\"2\" width=\"213\">D\u00e4mpfung<\/td>\n<td width=\"116\">1310 nm<\/td>\n<td width=\"144\">dB\/km<\/td>\n<td width=\"215\">\u22640,35<\/td>\n<\/tr>\n<tr>\n<td width=\"116\">1550 nm<\/td>\n<td width=\"144\">dB\/km<\/td>\n<td width=\"215\">\u22640,21<\/td>\n<\/tr>\n<\/tbody>\n<\/table>","protected":false},"excerpt":{"rendered":"<p>Im nicht gepanzerten 96F-Au\u00dfenkabel GYCFHT6H von OMC befindet sich in der Mitte des Kerns ein FRP-Draht, der manchmal mit Polyethylen (PE) ummantelt ist, als metallfreies Festigkeitselement. Singlemode-\/Multimode-Fasern werden in der B\u00fcndelader positioniert, die aus PBT-Materialien besteht und mit F\u00fcllmasse gef\u00fcllt ist. Die B\u00fcndelader ist mit LSZH-Materialien ummantelt, um sicherzustellen, dass [\u2026]<\/p>","protected":false},"featured_media":11029,"comment_status":"closed","ping_status":"closed","template":"","meta":{"site-sidebar-layout":"default","site-content-layout":"","ast-site-content-layout":"default","site-content-style":"default","site-sidebar-style":"default","ast-global-header-display":"","ast-banner-title-visibility":"","ast-main-header-display":"","ast-hfb-above-header-display":"","ast-hfb-below-header-display":"","ast-hfb-mobile-header-display":"","site-post-title":"","ast-breadcrumbs-content":"","ast-featured-img":"","footer-sml-layout":"","theme-transparent-header-meta":"default","adv-header-id-meta":"","stick-header-meta":"default","header-above-stick-meta":"","header-main-stick-meta":"","header-below-stick-meta":"","astra-migrate-meta-layouts":"set","ast-page-background-enabled":"default","ast-page-background-meta":{"desktop":{"background-color":"var(--ast-global-color-4)","background-image":"","background-repeat":"repeat","background-position":"center center","background-size":"auto","background-attachment":"scroll","background-type":"","background-media":"","overlay-type":"","overlay-color":"","overlay-gradient":""},"tablet":{"background-color":"","background-image":"","background-repeat":"repeat","background-position":"center center","background-size":"auto","background-attachment":"scroll","background-type":"","background-media":"","overlay-type":"","overlay-color":"","overlay-gradient":""},"mobile":{"background-color":"","background-image":"","background-repeat":"repeat","background-position":"center center","background-size":"auto","background-attachment":"scroll","background-type":"","background-media":"","overlay-type":"","overlay-color":"","overlay-gradient":""}},"ast-content-background-meta":{"desktop":{"background-color":"var(--ast-global-color-5)","background-image":"","background-repeat":"repeat","background-position":"center center","background-size":"auto","background-attachment":"scroll","background-type":"","background-media":"","overlay-type":"","overlay-color":"","overlay-gradient":""},"tablet":{"background-color":"var(--ast-global-color-5)","background-image":"","background-repeat":"repeat","background-position":"center center","background-size":"auto","background-attachment":"scroll","background-type":"","background-media":"","overlay-type":"","overlay-color":"","overlay-gradient":""},"mobile":{"background-color":"var(--ast-global-color-5)","background-image":"","background-repeat":"repeat","background-position":"center center","background-size":"auto","background-attachment":"scroll","background-type":"","background-media":"","overlay-type":"","overlay-color":"","overlay-gradient":""}}},"product_cat":[140,124],"product_tag":[],"class_list":{"0":"post-11027","1":"product","2":"type-product","3":"status-publish","4":"has-post-thumbnail","6":"product_cat-no-armored-cable","7":"product_cat-outdoor-cable","8":"desktop-align-left","9":"tablet-align-left","10":"mobile-align-left","11":"ast-product-gallery-layout-horizontal-slider","12":"ast-product-tabs-layout-horizontal","14":"first","15":"instock","16":"shipping-taxable","17":"product-type-simple"},"acf":[],"_links":{"self":[{"href":"https:\/\/www.omccable.com\/de\/wp-json\/wp\/v2\/product\/11027","targetHints":{"allow":["GET"]}}],"collection":[{"href":"https:\/\/www.omccable.com\/de\/wp-json\/wp\/v2\/product"}],"about":[{"href":"https:\/\/www.omccable.com\/de\/wp-json\/wp\/v2\/types\/product"}],"replies":[{"embeddable":true,"href":"https:\/\/www.omccable.com\/de\/wp-json\/wp\/v2\/comments?post=11027"}],"version-history":[{"count":1,"href":"https:\/\/www.omccable.com\/de\/wp-json\/wp\/v2\/product\/11027\/revisions"}],"predecessor-version":[{"id":11030,"href":"https:\/\/www.omccable.com\/de\/wp-json\/wp\/v2\/product\/11027\/revisions\/11030"}],"wp:featuredmedia":[{"embeddable":true,"href":"https:\/\/www.omccable.com\/de\/wp-json\/wp\/v2\/media\/11029"}],"wp:attachment":[{"href":"https:\/\/www.omccable.com\/de\/wp-json\/wp\/v2\/media?parent=11027"}],"wp:term":[{"taxonomy":"product_cat","embeddable":true,"href":"https:\/\/www.omccable.com\/de\/wp-json\/wp\/v2\/product_cat?post=11027"},{"taxonomy":"product_tag","embeddable":true,"href":"https:\/\/www.omccable.com\/de\/wp-json\/wp\/v2\/product_tag?post=11027"}],"curies":[{"name":"wp","href":"https:\/\/api.w.org\/{rel}","templated":true}]}}