{"id":11019,"date":"2024-06-11T13:23:57","date_gmt":"2024-06-11T05:23:57","guid":{"rendered":"https:\/\/www.omccable.com\/?post_type=product&#038;p=11019"},"modified":"2024-06-11T13:23:57","modified_gmt":"2024-06-11T05:23:57","slug":"12-48f-stranded-loose-tube-no-armored-outdoor-cable-gyftzy","status":"publish","type":"product","link":"https:\/\/www.omccable.com\/de\/produkt\/12-48f-stranded-loose-tube-no-armored-outdoor-cable-gyftzy\/","title":{"rendered":"12-48F verseiltes B\u00fcndelader-Au\u00dfenkabel ohne Armierung-GYFTZY"},"content":{"rendered":"<p>In OMCs <strong><b>12-48F verseiltes B\u00fcndelader-Au\u00dfenkabel ohne Armierung-GYFTZY,<\/b><\/strong>\u00a0A <strong><b>FRP-Draht<\/b><\/strong>, manchmal mit Polyethylen (PE) ummantelt, befindet sich in der Mitte des Kerns als nichtmetallisches Festigkeitselement. Singlemode-\/Multimode-Fasern werden in der B\u00fcndelader positioniert, die aus PBT-Materialien besteht und mit F\u00fcllmasse gef\u00fcllt ist. Die B\u00fcndelader ist mit <strong><b>LSZH<\/b><\/strong><strong><b>\u00a0bedeckt Materialien<\/b><\/strong>\u00a0um die Kompaktheit und L\u00e4ngswasserblockierleistung zu gew\u00e4hrleisten.<\/p>\n<p>&nbsp;<\/p>\n<p><strong><b>Standardfarbe von Faser und Schlauch<\/b><\/strong><\/p>\n<p>Der Farbcode der einzelnen Fasern und Rohre muss der folgenden Tabelle entsprechen:<\/p>\n<table>\n<tbody>\n<tr>\n<td width=\"187\">Nein.<\/td>\n<td width=\"89\">1<\/td>\n<td width=\"85\">2<\/td>\n<td width=\"85\">3<\/td>\n<td width=\"85\">4<\/td>\n<td width=\"85\">5<\/td>\n<td width=\"78\">6<\/td>\n<\/tr>\n<tr>\n<td width=\"187\">Farbe<\/td>\n<td width=\"89\">Blau<\/td>\n<td width=\"85\">Orange<\/td>\n<td width=\"85\">Gr\u00fcn<\/td>\n<td width=\"85\">Braun<\/td>\n<td width=\"85\">Slate<\/td>\n<td width=\"78\">White<\/td>\n<\/tr>\n<tr>\n<td width=\"187\">Nein.<\/td>\n<td width=\"89\">7<\/td>\n<td width=\"85\">8<\/td>\n<td width=\"85\">9<\/td>\n<td width=\"85\">10<\/td>\n<td width=\"85\">11<\/td>\n<td width=\"78\">12<\/td>\n<\/tr>\n<tr>\n<td width=\"187\">Farbe<\/td>\n<td width=\"89\">Rot<\/td>\n<td width=\"85\">Schwarz<\/td>\n<td width=\"85\">Gelb<\/td>\n<td width=\"85\">Violett<\/td>\n<td width=\"85\">Rosa<\/td>\n<td width=\"78\">Aqua<\/td>\n<\/tr>\n<\/tbody>\n<\/table>\n<p>&nbsp;<\/p>\n<p><strong><b>Strukturparameter<\/b><\/strong><\/p>\n<table>\n<tbody>\n<tr>\n<td width=\"170\"><strong>Artikel<\/strong><\/td>\n<td width=\"138\"><strong>Inhalt<\/strong><\/td>\n<td width=\"52\"><strong>Einheit<\/strong><\/td>\n<td colspan=\"2\" width=\"330\"><strong>Wert<\/strong><\/td>\n<\/tr>\n<tr>\n<td width=\"170\">Faseranzahl<\/td>\n<td width=\"138\">Zahl<\/td>\n<td width=\"52\">\/<\/td>\n<td width=\"175\">\u00a0\u00a0\u00a0\u00a0\u00a0\u00a0\u00a0\u00a0\u00a0\u00a024<\/td>\n<td width=\"154\">\u00a0\u00a0\u00a0\u00a0\u00a0\u00a0\u00a0\u00a048<\/td>\n<\/tr>\n<tr>\n<td width=\"170\">Fasertyp<\/td>\n<td width=\"138\">\/<\/td>\n<td width=\"52\">\/<\/td>\n<td colspan=\"2\" width=\"330\">\u00a0\u00a0\u00a0\u00a0\u00a0\u00a0\u00a0\u00a0\u00a0\u00a0\u00a0\u00a0SM\/OM2\/OM3\/OM4<\/td>\n<\/tr>\n<tr>\n<td width=\"170\">Kabelstruktur<\/td>\n<td width=\"138\">\/<\/td>\n<td width=\"52\">\/<\/td>\n<td colspan=\"2\" width=\"330\">1+6<\/td>\n<\/tr>\n<tr>\n<td width=\"170\">Fasern pro R\u00f6hre<\/td>\n<td width=\"138\">Z\u00e4hlen<\/td>\n<td width=\"52\">\/<\/td>\n<td width=\"175\">4<\/td>\n<td width=\"154\">8<\/td>\n<\/tr>\n<tr>\n<td rowspan=\"2\" width=\"170\">Lose R\u00f6hre<\/td>\n<td width=\"138\">Material<\/td>\n<td width=\"52\">\/<\/td>\n<td colspan=\"2\" width=\"330\">PBT<\/td>\n<\/tr>\n<tr>\n<td width=\"138\">Nenndurchmesser<\/td>\n<td width=\"52\">mm<\/td>\n<td width=\"175\">1.8<\/td>\n<td width=\"154\">2.2<\/td>\n<\/tr>\n<tr>\n<td rowspan=\"3\" width=\"170\">Zentrales St\u00e4rkemitglied<\/td>\n<td width=\"138\">Material<\/td>\n<td width=\"52\">\/<\/td>\n<td colspan=\"2\" width=\"330\">FRP- und PE-Kissenschicht (bei Bedarf)<\/td>\n<\/tr>\n<tr>\n<td width=\"138\">Nenndurchmesser<\/td>\n<td width=\"52\">mm<\/td>\n<td width=\"175\">2.2<\/td>\n<td width=\"154\">2.2<\/td>\n<\/tr>\n<tr>\n<td width=\"138\">PE-Polsterschicht<\/td>\n<td width=\"52\">mm<\/td>\n<td colspan=\"2\" width=\"330\">\u2013<\/td>\n<\/tr>\n<tr>\n<td rowspan=\"2\" width=\"170\">Scheide<\/td>\n<td colspan=\"2\" width=\"190\">Material<\/td>\n<td colspan=\"2\" width=\"330\">LSZH<\/td>\n<\/tr>\n<tr>\n<td colspan=\"2\" width=\"190\">Farbe<\/td>\n<td colspan=\"2\" width=\"330\">Schwarz<\/td>\n<\/tr>\n<tr>\n<td rowspan=\"2\" width=\"170\">D\u00e4mpfung (nach Kabel)<\/td>\n<td width=\"138\">850 nm<\/td>\n<td width=\"52\">dB\/km<\/td>\n<td colspan=\"2\" width=\"330\">\u00a33.5<\/td>\n<\/tr>\n<tr>\n<td width=\"138\">1300 nm<\/td>\n<td width=\"52\">dB\/km<\/td>\n<td colspan=\"2\" width=\"330\">\u00a31.5<\/td>\n<\/tr>\n<tr>\n<td width=\"170\">Kabeldurchmesser<\/td>\n<td width=\"138\">\u00b15%<\/td>\n<td width=\"52\">mm<\/td>\n<td width=\"175\">\u00a0\u00a0\u00a0\u00a0\u00a0\u00a0\u00a0\u00a0\u00a09.4<\/td>\n<td width=\"154\">\u00a0\u00a0\u00a0\u00a0\u00a0\u00a0\u00a0\u00a010.1<\/td>\n<\/tr>\n<tr>\n<td width=\"170\">Kabelgewicht<\/td>\n<td width=\"138\">\u00b110%<\/td>\n<td width=\"52\">kg\/km<\/td>\n<td width=\"175\">\u00a0\u00a0\u00a0\u00a0\u00a0\u00a0\u00a0\u00a0\u00a096<\/td>\n<td width=\"154\">\u00a0\u00a0\u00a0\u00a0\u00a0\u00a0\u00a0\u00a0\u00a0115<\/td>\n<\/tr>\n<\/tbody>\n<\/table>\n<p><strong><b>\u00a0<\/b><\/strong><\/p>\n<p><strong><b>Mechanische und Umweltleistung<\/b><\/strong><\/p>\n<table>\n<tbody>\n<tr>\n<td width=\"221\"><strong>Artikel<\/strong><\/td>\n<td width=\"205\"><strong>Inhalt<\/strong><\/td>\n<td width=\"264\"><strong>Wert<\/strong><\/td>\n<\/tr>\n<tr>\n<td rowspan=\"2\" width=\"221\">Max. Zugbelastung<\/td>\n<td width=\"205\">Kurzfristig<\/td>\n<td width=\"264\">1500 N \uff08Faserdehnung \u2264 0,6\uff05\uff09<\/td>\n<\/tr>\n<tr>\n<td width=\"205\">Langfristig<\/td>\n<td width=\"264\">600 N<\/td>\n<\/tr>\n<tr>\n<td rowspan=\"2\" width=\"221\">Max. Druckfestigkeit<\/td>\n<td width=\"205\">Kurzfristig<\/td>\n<td width=\"264\">1000 N\/100 mm<\/td>\n<\/tr>\n<tr>\n<td width=\"205\">Langfristig<\/td>\n<td width=\"264\">300N<\/td>\n<\/tr>\n<tr>\n<td rowspan=\"2\" width=\"221\">Min. Biegeradius<\/td>\n<td width=\"205\">Installation<\/td>\n<td width=\"264\">25 x Kabeldurchmesser<\/td>\n<\/tr>\n<tr>\n<td width=\"205\">Betrieb<\/td>\n<td width=\"264\">12,5 x Kabeldurchmesser<\/td>\n<\/tr>\n<tr>\n<td rowspan=\"3\" width=\"221\">Temperaturbereich<\/td>\n<td width=\"205\">Betrieb<\/td>\n<td width=\"264\">-40\u2103 ~ +70\u2103<\/td>\n<\/tr>\n<tr>\n<td width=\"205\">Installation<\/td>\n<td width=\"264\">-20\u2103 ~ +60\u2103<\/td>\n<\/tr>\n<tr>\n<td width=\"205\">Lagerung\/Transport<\/td>\n<td width=\"264\">-40\u2103 ~ +70\u2103<\/td>\n<\/tr>\n<\/tbody>\n<\/table>\n<p>&nbsp;<\/p>\n<p><strong><b>Technische Parameter der optischen Faser-SMF<\/b><\/strong><\/p>\n<table>\n<tbody>\n<tr>\n<td colspan=\"2\" rowspan=\"2\" width=\"335\"><strong>Artikel<\/strong><\/td>\n<td rowspan=\"2\" width=\"146\"><strong>Einheit<\/strong><\/td>\n<td width=\"218\"><strong>Spezifikation<\/strong><\/td>\n<\/tr>\n<tr>\n<td width=\"218\">G. 652D<\/td>\n<\/tr>\n<tr>\n<td rowspan=\"2\" width=\"216\">Modenfelddurchmesser<\/td>\n<td width=\"118\">1310 nm<\/td>\n<td width=\"146\">nm<\/td>\n<td width=\"218\">9,2 \u00b1 0,4<\/td>\n<\/tr>\n<tr>\n<td width=\"118\">1550 nm<\/td>\n<td width=\"146\">nm<\/td>\n<td width=\"218\">10,4 \u00b1 0,5<\/td>\n<\/tr>\n<tr>\n<td colspan=\"2\" width=\"335\">Manteldurchmesser<\/td>\n<td width=\"146\">nm<\/td>\n<td width=\"218\">125,0 \u00b1 0,7<\/td>\n<\/tr>\n<tr>\n<td colspan=\"2\" width=\"335\">Unrundheit der Verkleidung<\/td>\n<td width=\"146\">%<\/td>\n<td width=\"218\">\u22641,0<\/td>\n<\/tr>\n<tr>\n<td colspan=\"2\" width=\"335\">Kernkonzentrizit\u00e4tsfehler<\/td>\n<td width=\"146\">nm<\/td>\n<td width=\"218\">\u22640,6<\/td>\n<\/tr>\n<tr>\n<td colspan=\"2\" width=\"335\">Beschichtungsdurchmesser<\/td>\n<td width=\"146\">nm<\/td>\n<td width=\"218\">242 \u00b1 7<\/td>\n<\/tr>\n<tr>\n<td colspan=\"2\" width=\"335\">Konzentrizit\u00e4tsfehler der Beschichtung\/Umh\u00fcllung<\/td>\n<td width=\"146\">nm<\/td>\n<td width=\"218\">\u226412<\/td>\n<\/tr>\n<tr>\n<td colspan=\"2\" width=\"335\">Kabel-Grenzwellenl\u00e4nge \u03bbcc<\/td>\n<td width=\"146\">nm<\/td>\n<td width=\"218\">\u2264 1260<\/td>\n<\/tr>\n<tr>\n<td rowspan=\"2\" width=\"216\">D\u00e4mpfung<\/td>\n<td width=\"118\">1310 nm<\/td>\n<td width=\"146\">dB\/km<\/td>\n<td width=\"218\">\u22640,35<\/td>\n<\/tr>\n<tr>\n<td width=\"118\">1550 nm<\/td>\n<td width=\"146\">dB\/km<\/td>\n<td width=\"218\">\u22640,21<\/td>\n<\/tr>\n<\/tbody>\n<\/table>","protected":false},"excerpt":{"rendered":"<p>Im 12-48F verseilten, ungepanzerten Au\u00dfenkabel GYFTZY von OMC befindet sich in der Mitte des Kerns ein FRP-Draht, manchmal mit Polyethylen (PE) ummantelt, als metallfreies Festigkeitselement. Singlemode-\/Multimode-Fasern werden in der B\u00fcndelader positioniert, die aus PBT-Materialien besteht und mit F\u00fcllmasse gef\u00fcllt ist. Die B\u00fcndelader ist mit LSZH-Materialien ummantelt, um sicherzustellen, dass [\u2026]<\/p>","protected":false},"featured_media":11021,"comment_status":"closed","ping_status":"closed","template":"","meta":{"site-sidebar-layout":"default","site-content-layout":"","ast-site-content-layout":"default","site-content-style":"default","site-sidebar-style":"default","ast-global-header-display":"","ast-banner-title-visibility":"","ast-main-header-display":"","ast-hfb-above-header-display":"","ast-hfb-below-header-display":"","ast-hfb-mobile-header-display":"","site-post-title":"","ast-breadcrumbs-content":"","ast-featured-img":"","footer-sml-layout":"","theme-transparent-header-meta":"default","adv-header-id-meta":"","stick-header-meta":"default","header-above-stick-meta":"","header-main-stick-meta":"","header-below-stick-meta":"","astra-migrate-meta-layouts":"set","ast-page-background-enabled":"default","ast-page-background-meta":{"desktop":{"background-color":"var(--ast-global-color-4)","background-image":"","background-repeat":"repeat","background-position":"center center","background-size":"auto","background-attachment":"scroll","background-type":"","background-media":"","overlay-type":"","overlay-color":"","overlay-gradient":""},"tablet":{"background-color":"","background-image":"","background-repeat":"repeat","background-position":"center center","background-size":"auto","background-attachment":"scroll","background-type":"","background-media":"","overlay-type":"","overlay-color":"","overlay-gradient":""},"mobile":{"background-color":"","background-image":"","background-repeat":"repeat","background-position":"center center","background-size":"auto","background-attachment":"scroll","background-type":"","background-media":"","overlay-type":"","overlay-color":"","overlay-gradient":""}},"ast-content-background-meta":{"desktop":{"background-color":"var(--ast-global-color-5)","background-image":"","background-repeat":"repeat","background-position":"center center","background-size":"auto","background-attachment":"scroll","background-type":"","background-media":"","overlay-type":"","overlay-color":"","overlay-gradient":""},"tablet":{"background-color":"var(--ast-global-color-5)","background-image":"","background-repeat":"repeat","background-position":"center center","background-size":"auto","background-attachment":"scroll","background-type":"","background-media":"","overlay-type":"","overlay-color":"","overlay-gradient":""},"mobile":{"background-color":"var(--ast-global-color-5)","background-image":"","background-repeat":"repeat","background-position":"center center","background-size":"auto","background-attachment":"scroll","background-type":"","background-media":"","overlay-type":"","overlay-color":"","overlay-gradient":""}}},"product_cat":[140,124],"product_tag":[],"class_list":{"0":"post-11019","1":"product","2":"type-product","3":"status-publish","4":"has-post-thumbnail","6":"product_cat-no-armored-cable","7":"product_cat-outdoor-cable","8":"desktop-align-left","9":"tablet-align-left","10":"mobile-align-left","11":"ast-product-gallery-layout-horizontal-slider","12":"ast-product-tabs-layout-horizontal","14":"first","15":"instock","16":"shipping-taxable","17":"product-type-simple"},"acf":[],"_links":{"self":[{"href":"https:\/\/www.omccable.com\/de\/wp-json\/wp\/v2\/product\/11019","targetHints":{"allow":["GET"]}}],"collection":[{"href":"https:\/\/www.omccable.com\/de\/wp-json\/wp\/v2\/product"}],"about":[{"href":"https:\/\/www.omccable.com\/de\/wp-json\/wp\/v2\/types\/product"}],"replies":[{"embeddable":true,"href":"https:\/\/www.omccable.com\/de\/wp-json\/wp\/v2\/comments?post=11019"}],"version-history":[{"count":1,"href":"https:\/\/www.omccable.com\/de\/wp-json\/wp\/v2\/product\/11019\/revisions"}],"predecessor-version":[{"id":11022,"href":"https:\/\/www.omccable.com\/de\/wp-json\/wp\/v2\/product\/11019\/revisions\/11022"}],"wp:featuredmedia":[{"embeddable":true,"href":"https:\/\/www.omccable.com\/de\/wp-json\/wp\/v2\/media\/11021"}],"wp:attachment":[{"href":"https:\/\/www.omccable.com\/de\/wp-json\/wp\/v2\/media?parent=11019"}],"wp:term":[{"taxonomy":"product_cat","embeddable":true,"href":"https:\/\/www.omccable.com\/de\/wp-json\/wp\/v2\/product_cat?post=11019"},{"taxonomy":"product_tag","embeddable":true,"href":"https:\/\/www.omccable.com\/de\/wp-json\/wp\/v2\/product_tag?post=11019"}],"curies":[{"name":"wp","href":"https:\/\/api.w.org\/{rel}","templated":true}]}}