{"id":11015,"date":"2024-06-11T13:21:16","date_gmt":"2024-06-11T05:21:16","guid":{"rendered":"https:\/\/www.omccable.com\/?post_type=product&#038;p=11015"},"modified":"2024-06-11T13:21:17","modified_gmt":"2024-06-11T05:21:17","slug":"12-288f-stranded-loose-tube-no-armored-outdoor-cable-gcyty","status":"publish","type":"product","link":"https:\/\/www.omccable.com\/de\/produkt\/12-288f-stranded-loose-tube-no-armored-outdoor-cable-gcyty\/","title":{"rendered":"12-288F verseiltes B\u00fcndelader-Au\u00dfenkabel ohne Armierung-GCYTY"},"content":{"rendered":"<p>In OMCs <strong><b>12-288F verseiltes B\u00fcndelader-Au\u00dfenkabel ohne Armierung-GCYTY<\/b><\/strong>, A <strong><b>FRP-Draht<\/b><\/strong>, manchmal mit Polyethylen (PE) ummantelt, befindet sich in der Mitte des Kerns als nichtmetallisches Festigkeitselement. Singlemode-\/Multimode-Fasern werden in der B\u00fcndelader positioniert, die aus PBT-Materialien besteht und mit F\u00fcllmasse gef\u00fcllt ist. Die B\u00fcndelader ist mit PE-Materialien ummantelt, um die Kompaktheit und L\u00e4ngswasserblockierleistung zu gew\u00e4hrleisten.<\/p>\n<p>&nbsp;<\/p>\n<p><strong><b>Standardfarbe von Faser und Schlauch<\/b><\/strong><\/p>\n<p>Der Farbcode der einzelnen Fasern muss der folgenden Tabelle entsprechen<\/p>\n<table>\n<tbody>\n<tr>\n<td width=\"139\"><strong>Nein.<\/strong><\/td>\n<td width=\"94\">1<\/td>\n<td width=\"99\">2<\/td>\n<td width=\"94\">3<\/td>\n<td width=\"94\">4<\/td>\n<td width=\"94\">5<\/td>\n<td width=\"94\">6<\/td>\n<\/tr>\n<tr>\n<td width=\"139\"><strong>Farbe<\/strong><\/td>\n<td width=\"94\">Blau<\/td>\n<td width=\"99\">Orange<\/td>\n<td width=\"94\">Gr\u00fcn<\/td>\n<td width=\"94\">Braun<\/td>\n<td width=\"94\">Grau<\/td>\n<td width=\"94\">White<\/td>\n<\/tr>\n<tr>\n<td width=\"139\"><strong>Nein.<\/strong><\/td>\n<td width=\"94\">7<\/td>\n<td width=\"99\">8<\/td>\n<td width=\"94\">9<\/td>\n<td width=\"94\">10<\/td>\n<td width=\"94\">11<\/td>\n<td width=\"94\">12<\/td>\n<\/tr>\n<tr>\n<td width=\"139\"><strong>Farbe<\/strong><\/td>\n<td width=\"94\">Rot<\/td>\n<td width=\"99\">Schwarz<\/td>\n<td width=\"94\">Gelb<\/td>\n<td width=\"94\">Violett<\/td>\n<td width=\"94\">Rosa<\/td>\n<td width=\"94\">Aqua<\/td>\n<\/tr>\n<\/tbody>\n<\/table>\n<p>Schlauchfarbcode f\u00fcr 12~144 Fasern:<\/p>\n<table>\n<tbody>\n<tr>\n<td width=\"139\"><strong>Nein.<\/strong><\/td>\n<td width=\"94\">1<\/td>\n<td width=\"99\">2<\/td>\n<td width=\"94\">3<\/td>\n<td width=\"94\">4<\/td>\n<td width=\"94\">5<\/td>\n<td width=\"94\">6<\/td>\n<\/tr>\n<tr>\n<td width=\"139\"><strong>Farbe<\/strong><\/td>\n<td width=\"94\">Blau<\/td>\n<td width=\"99\">Orange<\/td>\n<td width=\"94\">Gr\u00fcn<\/td>\n<td width=\"94\">Braun<\/td>\n<td width=\"94\">Grau<\/td>\n<td width=\"94\">White<\/td>\n<\/tr>\n<tr>\n<td width=\"139\"><strong>Nein.<\/strong><\/td>\n<td width=\"94\">7<\/td>\n<td width=\"99\">8<\/td>\n<td width=\"94\">9<\/td>\n<td width=\"94\">10<\/td>\n<td width=\"94\">11<\/td>\n<td width=\"94\">12<\/td>\n<\/tr>\n<tr>\n<td width=\"139\"><strong>Farbe<\/strong><\/td>\n<td width=\"94\">Rot<\/td>\n<td width=\"99\">Schwarz<\/td>\n<td width=\"94\">Gelb<\/td>\n<td width=\"94\">Violett<\/td>\n<td width=\"94\">Rosa<\/td>\n<td width=\"94\">Aqua<\/td>\n<\/tr>\n<\/tbody>\n<\/table>\n<p>Farbcode der Innenschicht-B\u00fcndelader f\u00fcr 288 Fasern:<\/p>\n<table>\n<tbody>\n<tr>\n<td width=\"144\"><strong>Nein.<\/strong><\/td>\n<td width=\"94\">1<\/td>\n<td width=\"94\">2<\/td>\n<td width=\"94\">3<\/td>\n<td width=\"94\">4<\/td>\n<td width=\"94\">5<\/td>\n<td width=\"94\">6<\/td>\n<\/tr>\n<tr>\n<td width=\"144\"><strong>Farbe<\/strong><\/td>\n<td width=\"94\">Blau<\/td>\n<td width=\"94\">Orange<\/td>\n<td width=\"94\">Gr\u00fcn<\/td>\n<td width=\"94\">Braun<\/td>\n<td width=\"94\">Grau<\/td>\n<td width=\"94\">White<\/td>\n<\/tr>\n<tr>\n<td width=\"144\"><strong>Nein.<\/strong><\/td>\n<td width=\"94\">7<\/td>\n<td width=\"94\">8<\/td>\n<td width=\"94\">9<\/td>\n<td colspan=\"3\" rowspan=\"2\" width=\"283\">&nbsp;<\/td>\n<\/tr>\n<tr>\n<td width=\"144\"><strong>Farbe<\/strong><\/td>\n<td width=\"94\">Rot<\/td>\n<td width=\"94\">Schwarz<\/td>\n<td width=\"94\">Gelb<\/td>\n<\/tr>\n<\/tbody>\n<\/table>\n<table>\n<tbody>\n<tr>\n<td width=\"145\"><strong>Nein.<\/strong><\/td>\n<td width=\"94\">10<\/td>\n<td width=\"94\">11<\/td>\n<td width=\"94\">12<\/td>\n<td width=\"94\">13<\/td>\n<td width=\"94\">14<\/td>\n<td width=\"94\">15<\/td>\n<\/tr>\n<tr>\n<td width=\"145\"><strong>Farbe<\/strong><\/td>\n<td width=\"94\">Violett<\/td>\n<td width=\"94\">Rosa<\/td>\n<td width=\"94\">Aqua<\/td>\n<td width=\"94\">Blau #<\/td>\n<td width=\"94\">Orange #<\/td>\n<td width=\"94\">Gr\u00fcn #<\/td>\n<\/tr>\n<tr>\n<td width=\"145\"><strong>Nein.<\/strong><\/td>\n<td width=\"94\">16<\/td>\n<td width=\"94\">17<\/td>\n<td width=\"94\">18<\/td>\n<td width=\"94\">19<\/td>\n<td width=\"94\">20<\/td>\n<td width=\"94\">21<\/td>\n<\/tr>\n<tr>\n<td width=\"145\"><strong>Farbe<\/strong><\/td>\n<td width=\"94\">Braun #<\/td>\n<td width=\"94\">Grau #<\/td>\n<td width=\"94\">Wei\u00df #<\/td>\n<td width=\"94\">Rot #<\/td>\n<td width=\"94\">Schwarz *<\/td>\n<td width=\"94\">Gelb #<\/td>\n<\/tr>\n<tr>\n<td width=\"145\"><strong>Nein.<\/strong><\/td>\n<td width=\"94\">22<\/td>\n<td width=\"94\">23<\/td>\n<td width=\"94\">24<\/td>\n<td colspan=\"3\" rowspan=\"2\" width=\"283\">&nbsp;<\/td>\n<\/tr>\n<tr>\n<td width=\"145\"><strong>Farbe<\/strong><\/td>\n<td width=\"94\">Violett #<\/td>\n<td width=\"94\">Rosa #<\/td>\n<td width=\"94\">Aqua #<\/td>\n<\/tr>\n<\/tbody>\n<\/table>\n<p>Farbcode f\u00fcr lose R\u00f6hren der Au\u00dfenschicht f\u00fcr 288 Fasern<\/p>\n<p>Hinweis: # bedeutet einzelner schwarzer Streifen; * bedeutet einzelner wei\u00dfer Streifen.<\/p>\n<p>&nbsp;<\/p>\n<p><strong><b>Strukturparameter<\/b><\/strong><\/p>\n<table>\n<tbody>\n<tr>\n<td width=\"167\"><strong>Artikel<\/strong><\/td>\n<td width=\"77\"><strong>Inhalt<\/strong><\/td>\n<td width=\"56\"><strong>Einheit<\/strong><\/td>\n<td colspan=\"6\" width=\"398\"><strong>Wert<\/strong><\/td>\n<\/tr>\n<tr>\n<td width=\"167\">Faseranzahl<\/td>\n<td width=\"77\">Zahl<\/td>\n<td width=\"56\">\/<\/td>\n<td width=\"39\">12<\/td>\n<td width=\"56\">24<\/td>\n<td width=\"66\">48<\/td>\n<td width=\"75\">96<\/td>\n<td width=\"75\">144<\/td>\n<td width=\"85\">288<\/td>\n<\/tr>\n<tr>\n<td width=\"167\">Kabelstruktur<\/td>\n<td width=\"77\">\/<\/td>\n<td width=\"56\">\/<\/td>\n<td width=\"39\">1+6<\/td>\n<td width=\"56\">1+6<\/td>\n<td width=\"66\">1+6<\/td>\n<td width=\"75\">1+8<\/td>\n<td width=\"75\">1+12<\/td>\n<td width=\"85\">1+9+15<\/td>\n<\/tr>\n<tr>\n<td width=\"167\">Anzahl der Fasern pro Schlauch<\/td>\n<td width=\"77\">Zahl<\/td>\n<td width=\"56\">\/<\/td>\n<td width=\"39\">12<\/td>\n<td width=\"56\">12<\/td>\n<td width=\"66\">12<\/td>\n<td width=\"75\">12<\/td>\n<td width=\"75\">12<\/td>\n<td width=\"85\">12<\/td>\n<\/tr>\n<tr>\n<td width=\"167\">Lose R\u00f6hre<\/td>\n<td width=\"77\">Zahl<\/td>\n<td width=\"56\">\/<\/td>\n<td width=\"39\">1<\/td>\n<td width=\"56\">2<\/td>\n<td width=\"66\">4<\/td>\n<td width=\"75\">8<\/td>\n<td width=\"75\">12<\/td>\n<td width=\"85\">9+15<\/td>\n<\/tr>\n<tr>\n<td width=\"167\">Zentrales St\u00e4rkemitglied<\/td>\n<td width=\"77\">Material<\/td>\n<td width=\"56\">\/<\/td>\n<td colspan=\"6\" width=\"398\">FRP bei Bedarf mit Kissen<\/td>\n<\/tr>\n<tr>\n<td width=\"167\">Kabeldurchmesser<\/td>\n<td width=\"77\">\u00b15%<\/td>\n<td width=\"56\">mm<\/td>\n<td width=\"39\">5.3<\/td>\n<td width=\"56\">5.3<\/td>\n<td width=\"66\">5.3<\/td>\n<td width=\"75\">6.2<\/td>\n<td width=\"75\">8.0<\/td>\n<td width=\"85\">9.4<\/td>\n<\/tr>\n<tr>\n<td width=\"167\">Kabelgewicht<\/td>\n<td width=\"77\">\u00b110%<\/td>\n<td width=\"56\">kg\/km<\/td>\n<td width=\"39\">22<\/td>\n<td width=\"56\">22<\/td>\n<td width=\"66\">23<\/td>\n<td width=\"75\">35<\/td>\n<td width=\"75\">53<\/td>\n<td width=\"85\">77<\/td>\n<\/tr>\n<tr>\n<td width=\"167\">Innendurchmesser des Mikrokanals<\/td>\n<td width=\"77\">\/<\/td>\n<td width=\"56\">mm<\/td>\n<td width=\"39\">8<\/td>\n<td width=\"56\">8<\/td>\n<td width=\"66\">8<\/td>\n<td width=\"75\">8<\/td>\n<td width=\"75\">10<\/td>\n<td width=\"85\">14<\/td>\n<\/tr>\n<\/tbody>\n<\/table>\n<p><strong><b>\u00a0<\/b><\/strong><\/p>\n<p><strong><b>Mechanische und Umweltleistung<\/b><\/strong><\/p>\n<table>\n<tbody>\n<tr>\n<td width=\"153\"><strong>Artikel<\/strong><\/td>\n<td width=\"260\"><strong>Test<\/strong><strong>\u00a0<\/strong><strong>Methode<\/strong><\/td>\n<td width=\"283\"><strong>Annahme<\/strong><strong>\u00a0<\/strong><strong>Zustand<\/strong><\/td>\n<\/tr>\n<tr>\n<td width=\"153\">Zugfestigkeit IEC 60794-1-21-E1<\/td>\n<td width=\"260\">\u2013 Last: Kurzfristige Spannung<\/p>\n<p>\u2013 Kabell\u00e4nge: \u2265 50m<\/p>\n<p>\u2013 Ladezeit: 1 Minute<\/td>\n<td width=\"283\">Verlust\u00e4nderung \u2264 0,1 dB bei 1550 nm nach dem Test.<\/p>\n<p>Kein Faserbruch und keine Mantelbesch\u00e4digung.<\/td>\n<\/tr>\n<tr>\n<td width=\"153\">Drucktest<\/p>\n<p>IEC 60794-1-21-E3<\/td>\n<td width=\"260\">\u2013 Last: Kurzfristiger Ansturm<\/p>\n<p>\u2013 Ladezeit: 1 Minute<\/td>\n<td width=\"283\">Verlust\u00e4nderung \u2264 0,1 dB bei 1550 nm nach dem Test.<\/p>\n<p>Kein Faserbruch und keine Mantelbesch\u00e4digung.<\/td>\n<\/tr>\n<tr>\n<td width=\"153\">Auswirkungstest<\/p>\n<p>IEC 60794-1-21-E4<\/td>\n<td width=\"260\">\u2013 Einwirkungspunkte: 3<\/p>\n<p>\u2013 Zeiten von pro Punkt: 1<\/p>\n<p>\u2013 Aufprallenergie: 1J<\/td>\n<td width=\"283\">Verlust\u00e4nderung \u2264 0,1 dB bei 1550 nm nach dem Test.<\/p>\n<p>Kein Faserbruch und keine Mantelbesch\u00e4digung.<\/td>\n<\/tr>\n<tr>\n<td width=\"153\">Wiederholtes Biegen<\/p>\n<p>IEC 60794-1-21-E6<\/td>\n<td width=\"260\">\u2013 Biegeradius: 20 x AD<\/p>\n<p>\u2013 Anzahl der Zyklen: 25<\/td>\n<td width=\"283\">Verlust\u00e4nderung \u2264 0,1 dB bei 1550 nm nach dem Test.<\/p>\n<p>Kein Faserbruch und keine Mantelbesch\u00e4digung.<\/td>\n<\/tr>\n<tr>\n<td width=\"153\">Torsion<\/p>\n<p>IEC 60794-1-21-E7<\/td>\n<td width=\"260\">\u2013 L\u00e4nge: 2m<\/p>\n<p>\u2013 Drehwinkel: \u00b1180\u00b0<\/p>\n<p>\u2013 Anzahl der Zyklen: 10<\/td>\n<td width=\"283\">Verlust\u00e4nderung \u2264 0,1 dB bei 1550 nm nach dem Test.<\/p>\n<p>Kein Faserbruch und keine Mantelbesch\u00e4digung.<\/td>\n<\/tr>\n<tr>\n<td width=\"153\">Wasserdurchdringung IEC 60794-1-22-F5<\/td>\n<td width=\"260\">\u2013 Wasserh\u00f6he: 1m<\/p>\n<p>\u2013 Probenl\u00e4nge: 3 m<\/p>\n<p>\u2013 Zeit: 24h<\/td>\n<td width=\"283\">Kein Wasseraustritt aus der Kabelseele am gegen\u00fcberliegenden Ende<\/td>\n<\/tr>\n<tr>\n<td width=\"153\">Temperaturwechsel IEC 60794-1-22-F1<\/td>\n<td width=\"260\">\u2013 Temperatur: -20\u2103~+70\u2103<\/p>\n<p>\u2013 Zeit jedes Schrittes: 12h<\/p>\n<p>\u2013 Anzahl der Zyklen: 2<\/td>\n<td width=\"283\">Verlust\u00e4nderung \u2264 0,1 dB\/km bei 1550 nm nach dem Test.<\/p>\n<p>\u2013 Kein Faserbruch und keine Mantelbesch\u00e4digung.<\/td>\n<\/tr>\n<\/tbody>\n<\/table>\n<p>&nbsp;<\/p>\n<p><strong><b>Technische Parameter der optischen Faser-SMF<\/b><\/strong><\/p>\n<table>\n<tbody>\n<tr>\n<td width=\"182\"><strong>Artikel<\/strong><\/td>\n<td width=\"285\"><strong>Inhalt<\/strong><\/td>\n<td width=\"227\"><strong>Wert<\/strong><\/td>\n<\/tr>\n<tr>\n<td rowspan=\"2\" width=\"182\"><strong>\u00a0<\/strong><\/p>\n<p>D\u00e4mpfung<\/td>\n<td width=\"285\">@1310nm<\/td>\n<td width=\"227\">\u22640,36 dB\/km<\/td>\n<\/tr>\n<tr>\n<td width=\"285\">@1550nm<\/td>\n<td width=\"227\">\u22640,22 dB\/km<\/td>\n<\/tr>\n<tr>\n<td rowspan=\"3\" width=\"182\"><strong>\u00a0<\/strong><\/p>\n<p>Streuung<\/td>\n<td width=\"285\">@1288nm\uff5e1339nm<\/td>\n<td width=\"227\">\u22643,5ps\/(nm\u00b7km)<\/td>\n<\/tr>\n<tr>\n<td width=\"285\">@1550nm<\/td>\n<td width=\"227\">\u226418ps\/(nm\u00b7km)<\/td>\n<\/tr>\n<tr>\n<td width=\"285\">@1625nm<\/td>\n<td width=\"227\">\u226422ps\/(nm\u00b7km)<\/td>\n<\/tr>\n<tr>\n<td colspan=\"2\" width=\"468\">Nulldispersionswellenl\u00e4nge<\/td>\n<td width=\"227\">1300 nm bis 1324 nm<\/td>\n<\/tr>\n<tr>\n<td colspan=\"2\" width=\"468\">Nulldispersionssteigung<\/td>\n<td width=\"227\">\u22640,092ps\/(nm2\u00b7km)<\/td>\n<\/tr>\n<tr>\n<td rowspan=\"2\" width=\"182\">Modusfelddurchmesser<\/p>\n<p>(MFD)<\/td>\n<td width=\"285\">@1310nm<\/td>\n<td width=\"227\">9,2 \u00b1 0,4 \u03bcm<\/td>\n<\/tr>\n<tr>\n<td width=\"285\">@1550nm<\/td>\n<td width=\"227\">10,4 \u00b1 0,8 \u03bcm<\/td>\n<\/tr>\n<tr>\n<td colspan=\"2\" width=\"468\">Kabel-Grenzwellenl\u00e4nge \u03bbcc(nm)<\/td>\n<td width=\"227\">\u22641260 nm<\/td>\n<\/tr>\n<tr>\n<td rowspan=\"4\" width=\"182\"><strong>\u00a0<\/strong><\/p>\n<p><strong>\u00a0<\/strong><\/p>\n<p>Biegeverlust<\/td>\n<td width=\"285\">1550 nm (1 Umdrehung; \u03a620 mm)<\/td>\n<td width=\"227\">0,75 dB<\/td>\n<\/tr>\n<tr>\n<td width=\"285\">1550 nm (10 Umdrehungen; \u03a630 mm)<\/td>\n<td width=\"227\">0,25 dB<\/td>\n<\/tr>\n<tr>\n<td width=\"285\">1625 nm (1 Umdrehung; \u03a620 mm)<\/td>\n<td width=\"227\">1,5 dB<\/td>\n<\/tr>\n<tr>\n<td width=\"285\">1625 nm (10 Umdrehungen; \u03a630 mm)<\/td>\n<td width=\"227\">1,0 dB<\/td>\n<\/tr>\n<tr>\n<td colspan=\"3\" width=\"695\">Geometrische Eigenschaften<\/td>\n<\/tr>\n<tr>\n<td colspan=\"2\" width=\"468\">Verkleidungsdurchmesser<\/td>\n<td width=\"227\">125 \u00b1 1,0 \u03bcm<\/td>\n<\/tr>\n<tr>\n<td colspan=\"2\" width=\"468\">Unrundheit der Verkleidung<\/td>\n<td width=\"227\">\u22641%<\/td>\n<\/tr>\n<tr>\n<td colspan=\"2\" width=\"468\">Konzentrizit\u00e4tsfehler von Kern\/Mantel<\/td>\n<td width=\"227\">\u22640,6\u03bcm<\/td>\n<\/tr>\n<tr>\n<td colspan=\"2\" width=\"468\">Konzentrizit\u00e4tsfehler der Verkleidung\/Beschichtung<\/td>\n<td width=\"227\">\u226412,0\u03bcm<\/td>\n<\/tr>\n<tr>\n<td colspan=\"3\" width=\"695\">Mechanische Eigenschaften<\/td>\n<\/tr>\n<tr>\n<td colspan=\"2\" width=\"468\">Pr\u00fcfspannung<\/td>\n<td width=\"227\">\u22650,69 GPa<\/td>\n<\/tr>\n<tr>\n<td colspan=\"2\" width=\"468\">Faserkr\u00e4uselung<\/td>\n<td width=\"227\">\u22654m<\/td>\n<\/tr>\n<tr>\n<td colspan=\"2\" width=\"468\">Beschichtungsstreifenkraft<\/td>\n<td width=\"227\">1,0\u20138,9 N<\/td>\n<\/tr>\n<\/tbody>\n<\/table>","protected":false},"excerpt":{"rendered":"<p>Im 12-288F verseilten, ungepanzerten Au\u00dfenkabel GCYTY von OMC befindet sich in der Mitte des Kerns ein FRP-Draht, manchmal mit Polyethylen (PE) ummantelt, als metallfreies Festigkeitselement. Singlemode-\/Multimode-Fasern werden in der B\u00fcndelader positioniert, die aus PBT-Materialien besteht und mit F\u00fcllmasse gef\u00fcllt ist. Die B\u00fcndelader ist mit PE ummantelt [\u2026]<\/p>","protected":false},"featured_media":11017,"comment_status":"closed","ping_status":"closed","template":"","meta":{"site-sidebar-layout":"default","site-content-layout":"","ast-site-content-layout":"default","site-content-style":"default","site-sidebar-style":"default","ast-global-header-display":"","ast-banner-title-visibility":"","ast-main-header-display":"","ast-hfb-above-header-display":"","ast-hfb-below-header-display":"","ast-hfb-mobile-header-display":"","site-post-title":"","ast-breadcrumbs-content":"","ast-featured-img":"","footer-sml-layout":"","theme-transparent-header-meta":"default","adv-header-id-meta":"","stick-header-meta":"default","header-above-stick-meta":"","header-main-stick-meta":"","header-below-stick-meta":"","astra-migrate-meta-layouts":"set","ast-page-background-enabled":"default","ast-page-background-meta":{"desktop":{"background-color":"var(--ast-global-color-4)","background-image":"","background-repeat":"repeat","background-position":"center center","background-size":"auto","background-attachment":"scroll","background-type":"","background-media":"","overlay-type":"","overlay-color":"","overlay-gradient":""},"tablet":{"background-color":"","background-image":"","background-repeat":"repeat","background-position":"center center","background-size":"auto","background-attachment":"scroll","background-type":"","background-media":"","overlay-type":"","overlay-color":"","overlay-gradient":""},"mobile":{"background-color":"","background-image":"","background-repeat":"repeat","background-position":"center center","background-size":"auto","background-attachment":"scroll","background-type":"","background-media":"","overlay-type":"","overlay-color":"","overlay-gradient":""}},"ast-content-background-meta":{"desktop":{"background-color":"var(--ast-global-color-5)","background-image":"","background-repeat":"repeat","background-position":"center center","background-size":"auto","background-attachment":"scroll","background-type":"","background-media":"","overlay-type":"","overlay-color":"","overlay-gradient":""},"tablet":{"background-color":"var(--ast-global-color-5)","background-image":"","background-repeat":"repeat","background-position":"center center","background-size":"auto","background-attachment":"scroll","background-type":"","background-media":"","overlay-type":"","overlay-color":"","overlay-gradient":""},"mobile":{"background-color":"var(--ast-global-color-5)","background-image":"","background-repeat":"repeat","background-position":"center center","background-size":"auto","background-attachment":"scroll","background-type":"","background-media":"","overlay-type":"","overlay-color":"","overlay-gradient":""}}},"product_cat":[140,124],"product_tag":[],"class_list":{"0":"post-11015","1":"product","2":"type-product","3":"status-publish","4":"has-post-thumbnail","6":"product_cat-no-armored-cable","7":"product_cat-outdoor-cable","8":"desktop-align-left","9":"tablet-align-left","10":"mobile-align-left","11":"ast-product-gallery-layout-horizontal-slider","12":"ast-product-tabs-layout-horizontal","14":"first","15":"instock","16":"shipping-taxable","17":"product-type-simple"},"acf":[],"_links":{"self":[{"href":"https:\/\/www.omccable.com\/de\/wp-json\/wp\/v2\/product\/11015","targetHints":{"allow":["GET"]}}],"collection":[{"href":"https:\/\/www.omccable.com\/de\/wp-json\/wp\/v2\/product"}],"about":[{"href":"https:\/\/www.omccable.com\/de\/wp-json\/wp\/v2\/types\/product"}],"replies":[{"embeddable":true,"href":"https:\/\/www.omccable.com\/de\/wp-json\/wp\/v2\/comments?post=11015"}],"version-history":[{"count":1,"href":"https:\/\/www.omccable.com\/de\/wp-json\/wp\/v2\/product\/11015\/revisions"}],"predecessor-version":[{"id":11018,"href":"https:\/\/www.omccable.com\/de\/wp-json\/wp\/v2\/product\/11015\/revisions\/11018"}],"wp:featuredmedia":[{"embeddable":true,"href":"https:\/\/www.omccable.com\/de\/wp-json\/wp\/v2\/media\/11017"}],"wp:attachment":[{"href":"https:\/\/www.omccable.com\/de\/wp-json\/wp\/v2\/media?parent=11015"}],"wp:term":[{"taxonomy":"product_cat","embeddable":true,"href":"https:\/\/www.omccable.com\/de\/wp-json\/wp\/v2\/product_cat?post=11015"},{"taxonomy":"product_tag","embeddable":true,"href":"https:\/\/www.omccable.com\/de\/wp-json\/wp\/v2\/product_tag?post=11015"}],"curies":[{"name":"wp","href":"https:\/\/api.w.org\/{rel}","templated":true}]}}