{"id":11011,"date":"2024-06-11T13:19:49","date_gmt":"2024-06-11T05:19:49","guid":{"rendered":"https:\/\/www.omccable.com\/?post_type=product&#038;p=11011"},"modified":"2024-06-11T13:19:49","modified_gmt":"2024-06-11T05:19:49","slug":"48-96f-stranded-loose-tube-no-armored-outdoor-cable-gyfty","status":"publish","type":"product","link":"https:\/\/www.omccable.com\/de\/produkt\/48-96f-stranded-loose-tube-no-armored-outdoor-cable-gyfty\/","title":{"rendered":"48-96F verseiltes B\u00fcndelader-Au\u00dfenkabel ohne Armierung-GYFTY"},"content":{"rendered":"<p>In OMCs <strong><b>48-96F verseiltes B\u00fcndelader-Au\u00dfenkabel ohne Armierung-GYFTY<\/b><\/strong><strong><b>\uff0c<\/b><\/strong>A <strong><b>FRP-Draht<\/b><\/strong>, manchmal mit Polyethylen (PE) ummantelt, befindet sich in der Mitte des Kerns als nichtmetallisches Festigkeitselement. Singlemode-\/Multimode-Fasern werden in der B\u00fcndelader positioniert, die aus PBT-Materialien besteht und mit F\u00fcllmasse gef\u00fcllt ist. Die B\u00fcndelader ist mit HDPE-Materialien ummantelt, um die Kompaktheit und L\u00e4ngswasserblockierleistung zu gew\u00e4hrleisten.<\/p>\n<p>&nbsp;<\/p>\n<p><strong><b>Standardfarbe von Faser und Schlauch<\/b><\/strong><\/p>\n<p>Der Farbcode der einzelnen Fasern und Rohre muss der folgenden Tabelle entsprechen:<\/p>\n<table>\n<tbody>\n<tr>\n<td width=\"187\">Nein.<\/td>\n<td width=\"89\">1<\/td>\n<td width=\"85\">2<\/td>\n<td width=\"85\">3<\/td>\n<td width=\"85\">4<\/td>\n<td width=\"85\">5<\/td>\n<td width=\"78\">6<\/td>\n<\/tr>\n<tr>\n<td width=\"187\">Farbe<\/td>\n<td width=\"89\">Blau<\/td>\n<td width=\"85\">Orange<\/td>\n<td width=\"85\">Gr\u00fcn<\/td>\n<td width=\"85\">Braun<\/td>\n<td width=\"85\">Slate<\/td>\n<td width=\"78\">White<\/td>\n<\/tr>\n<tr>\n<td width=\"187\">Nein.<\/td>\n<td width=\"89\">7<\/td>\n<td width=\"85\">8<\/td>\n<td width=\"85\">9<\/td>\n<td width=\"85\">10<\/td>\n<td width=\"85\">11<\/td>\n<td width=\"78\">12<\/td>\n<\/tr>\n<tr>\n<td width=\"187\">Farbe<\/td>\n<td width=\"89\">Rot<\/td>\n<td width=\"85\">Schwarz<\/td>\n<td width=\"85\">Gelb<\/td>\n<td width=\"85\">Violett<\/td>\n<td width=\"85\">Rosa<\/td>\n<td width=\"78\">Aqua<\/td>\n<\/tr>\n<\/tbody>\n<\/table>\n<p>&nbsp;<\/p>\n<p><strong><b>Strukturparameter<\/b><\/strong><\/p>\n<table>\n<tbody>\n<tr>\n<td width=\"178\"><strong>Artikel<\/strong><\/td>\n<td width=\"130\"><strong>Inhalt<\/strong><\/td>\n<td width=\"52\"><strong>Einheit<\/strong><\/td>\n<td colspan=\"3\" width=\"330\"><strong>Wert<\/strong><\/td>\n<\/tr>\n<tr>\n<td width=\"178\">Faseranzahl<\/td>\n<td width=\"130\">Zahl<\/td>\n<td width=\"52\">\/<\/td>\n<td width=\"93\">48<\/td>\n<td width=\"113\">72<\/td>\n<td width=\"122\">96<\/td>\n<\/tr>\n<tr>\n<td width=\"178\">Fasertyp<\/td>\n<td width=\"130\">\/<\/td>\n<td width=\"52\">\/<\/td>\n<td colspan=\"3\" width=\"330\">G652D<\/td>\n<\/tr>\n<tr>\n<td width=\"178\">Kabelstruktur<\/td>\n<td width=\"130\">\/<\/td>\n<td width=\"52\">\/<\/td>\n<td colspan=\"2\" width=\"207\">1+6<\/td>\n<td width=\"122\">1+8<\/td>\n<\/tr>\n<tr>\n<td width=\"178\">Fasern pro R\u00f6hre<\/td>\n<td width=\"130\">Z\u00e4hlen<\/td>\n<td width=\"52\">\/<\/td>\n<td colspan=\"3\" width=\"330\">12<\/td>\n<\/tr>\n<tr>\n<td rowspan=\"2\" width=\"178\">Lose R\u00f6hre<\/td>\n<td width=\"130\">Material<\/td>\n<td width=\"52\">\/<\/td>\n<td colspan=\"3\" width=\"330\">PBT<\/td>\n<\/tr>\n<tr>\n<td width=\"130\">Nenndurchmesser<\/td>\n<td width=\"52\">mm<\/td>\n<td colspan=\"2\" width=\"207\">2.4<\/td>\n<td width=\"122\">2.2<\/td>\n<\/tr>\n<tr>\n<td rowspan=\"3\" width=\"178\">Zentrales St\u00e4rkemitglied<\/td>\n<td width=\"130\">Material<\/td>\n<td width=\"52\">\/<\/td>\n<td colspan=\"3\" width=\"330\">FRP- und PE-Kissenschicht (bei Bedarf)<\/td>\n<\/tr>\n<tr>\n<td width=\"130\">Nenndurchmesser<\/td>\n<td width=\"52\">mm<\/td>\n<td colspan=\"2\" width=\"207\">2.5<\/td>\n<td width=\"122\">2.2<\/td>\n<\/tr>\n<tr>\n<td width=\"130\">PE-Polsterschicht<\/td>\n<td width=\"52\">mm<\/td>\n<td colspan=\"2\" width=\"207\">\/<\/td>\n<td width=\"122\">3.9<\/td>\n<\/tr>\n<tr>\n<td rowspan=\"3\" width=\"178\">Scheide<\/td>\n<td colspan=\"2\" width=\"182\">Material<\/td>\n<td colspan=\"3\" width=\"330\">HDPE<\/td>\n<\/tr>\n<tr>\n<td colspan=\"2\" width=\"182\">Farbe<\/td>\n<td colspan=\"3\" width=\"330\">Schwarz<\/td>\n<\/tr>\n<tr>\n<td width=\"130\">\u00c4u\u00dfere Dicke<\/td>\n<td width=\"52\">mm<\/td>\n<td colspan=\"3\" width=\"330\">Nominell:1,9<\/td>\n<\/tr>\n<tr>\n<td width=\"178\">Kabeldurchmesser<\/td>\n<td width=\"130\">\u00b15%<\/td>\n<td width=\"52\">mm<\/td>\n<td colspan=\"2\" width=\"207\">11.0<\/td>\n<td width=\"122\">12.0<\/td>\n<\/tr>\n<tr>\n<td width=\"178\">Kabelgewicht<\/td>\n<td width=\"130\">\u00b110%<\/td>\n<td width=\"52\">kg\/km<\/td>\n<td colspan=\"2\" width=\"207\">105<\/td>\n<td width=\"122\">122<\/td>\n<\/tr>\n<\/tbody>\n<\/table>\n<p><strong><b>\u00a0<\/b><\/strong><\/p>\n<p><strong><b>Mechanische und Umweltleistung<\/b><\/strong><\/p>\n<table>\n<tbody>\n<tr>\n<td width=\"221\"><strong>Artikel<\/strong><\/td>\n<td width=\"205\"><strong>Inhalt<\/strong><\/td>\n<td width=\"264\"><strong>Wert<\/strong><\/td>\n<\/tr>\n<tr>\n<td rowspan=\"2\" width=\"221\">Max. Zugbelastung<\/td>\n<td width=\"205\">Kurzfristig<\/td>\n<td width=\"264\">1500 N \uff08Faserdehnung \u2264 0,6\uff05\uff09<\/td>\n<\/tr>\n<tr>\n<td width=\"205\">Langfristig<\/td>\n<td width=\"264\">600 N<\/td>\n<\/tr>\n<tr>\n<td rowspan=\"2\" width=\"221\">Max. Druckfestigkeit<\/td>\n<td width=\"205\">Kurzfristig<\/td>\n<td width=\"264\">1000 N\/100 mm<\/td>\n<\/tr>\n<tr>\n<td width=\"205\">Langfristig<\/td>\n<td width=\"264\">300N<\/td>\n<\/tr>\n<tr>\n<td rowspan=\"2\" width=\"221\">Min. Biegeradius<\/td>\n<td width=\"205\">Installation<\/td>\n<td width=\"264\">25 x Kabeldurchmesser<\/td>\n<\/tr>\n<tr>\n<td width=\"205\">Betrieb<\/td>\n<td width=\"264\">12,5 x Kabeldurchmesser<\/td>\n<\/tr>\n<tr>\n<td rowspan=\"3\" width=\"221\">Temperaturbereich<\/td>\n<td width=\"205\">Betrieb<\/td>\n<td width=\"264\">-40\u2103 ~ +70\u2103<\/td>\n<\/tr>\n<tr>\n<td width=\"205\">Installation<\/td>\n<td width=\"264\">-20\u2103 ~ +60\u2103<\/td>\n<\/tr>\n<tr>\n<td width=\"205\">Lagerung\/Transport<\/td>\n<td width=\"264\">-40\u2103 ~ +70\u2103<\/td>\n<\/tr>\n<\/tbody>\n<\/table>\n<p>&nbsp;<\/p>\n<p><strong><b>Technische Parameter der optischen Faser-SMF<\/b><\/strong><\/p>\n<table>\n<tbody>\n<tr>\n<td colspan=\"2\" rowspan=\"2\" width=\"335\"><strong>Artikel<\/strong><\/td>\n<td rowspan=\"2\" width=\"146\"><strong>Einheit<\/strong><\/td>\n<td width=\"218\"><strong>Spezifikation<\/strong><\/td>\n<\/tr>\n<tr>\n<td width=\"218\">G. 652D<\/td>\n<\/tr>\n<tr>\n<td rowspan=\"2\" width=\"216\">Modenfelddurchmesser<\/td>\n<td width=\"118\">1310 nm<\/td>\n<td width=\"146\">nm<\/td>\n<td width=\"218\">9,2 \u00b1 0,4<\/td>\n<\/tr>\n<tr>\n<td width=\"118\">1550 nm<\/td>\n<td width=\"146\">nm<\/td>\n<td width=\"218\">10,4 \u00b1 0,5<\/td>\n<\/tr>\n<tr>\n<td colspan=\"2\" width=\"335\">Manteldurchmesser<\/td>\n<td width=\"146\">nm<\/td>\n<td width=\"218\">125,0 \u00b1 0,7<\/td>\n<\/tr>\n<tr>\n<td colspan=\"2\" width=\"335\">Unrundheit der Verkleidung<\/td>\n<td width=\"146\">%<\/td>\n<td width=\"218\">\u22641,0<\/td>\n<\/tr>\n<tr>\n<td colspan=\"2\" width=\"335\">Kernkonzentrizit\u00e4tsfehler<\/td>\n<td width=\"146\">nm<\/td>\n<td width=\"218\">\u22640,6<\/td>\n<\/tr>\n<tr>\n<td colspan=\"2\" width=\"335\">Beschichtungsdurchmesser<\/td>\n<td width=\"146\">nm<\/td>\n<td width=\"218\">242 \u00b1 7<\/td>\n<\/tr>\n<tr>\n<td colspan=\"2\" width=\"335\">Konzentrizit\u00e4tsfehler der Beschichtung\/Umh\u00fcllung<\/td>\n<td width=\"146\">nm<\/td>\n<td width=\"218\">\u226412<\/td>\n<\/tr>\n<tr>\n<td colspan=\"2\" width=\"335\">Kabel-Grenzwellenl\u00e4nge \u03bbcc<\/td>\n<td width=\"146\">nm<\/td>\n<td width=\"218\">\u2264 1260<\/td>\n<\/tr>\n<tr>\n<td rowspan=\"2\" width=\"216\">D\u00e4mpfung<\/td>\n<td width=\"118\">1310 nm<\/td>\n<td width=\"146\">dB\/km<\/td>\n<td width=\"218\">\u22640,35<\/td>\n<\/tr>\n<tr>\n<td width=\"118\">1550 nm<\/td>\n<td width=\"146\">dB\/km<\/td>\n<td width=\"218\">\u22640,21<\/td>\n<\/tr>\n<\/tbody>\n<\/table>","protected":false},"excerpt":{"rendered":"<p>Im 48-96F verseilten B\u00fcndelader-Au\u00dfenkabel ohne Armierung von OMC (GYFTY) befindet sich in der Mitte des Kerns ein FRP-Draht, manchmal mit Polyethylen (PE) ummantelt, als metallfreies Festigkeitselement. Singlemode-\/Multimode-Fasern werden in der B\u00fcndelader positioniert, die aus PBT-Materialien besteht und mit F\u00fcllmasse gef\u00fcllt ist. Die B\u00fcndelader ist mit HDPE-Materialien ummantelt [\u2026]<\/p>","protected":false},"featured_media":11013,"comment_status":"closed","ping_status":"closed","template":"","meta":{"site-sidebar-layout":"default","site-content-layout":"","ast-site-content-layout":"default","site-content-style":"default","site-sidebar-style":"default","ast-global-header-display":"","ast-banner-title-visibility":"","ast-main-header-display":"","ast-hfb-above-header-display":"","ast-hfb-below-header-display":"","ast-hfb-mobile-header-display":"","site-post-title":"","ast-breadcrumbs-content":"","ast-featured-img":"","footer-sml-layout":"","theme-transparent-header-meta":"default","adv-header-id-meta":"","stick-header-meta":"default","header-above-stick-meta":"","header-main-stick-meta":"","header-below-stick-meta":"","astra-migrate-meta-layouts":"set","ast-page-background-enabled":"default","ast-page-background-meta":{"desktop":{"background-color":"var(--ast-global-color-4)","background-image":"","background-repeat":"repeat","background-position":"center center","background-size":"auto","background-attachment":"scroll","background-type":"","background-media":"","overlay-type":"","overlay-color":"","overlay-gradient":""},"tablet":{"background-color":"","background-image":"","background-repeat":"repeat","background-position":"center center","background-size":"auto","background-attachment":"scroll","background-type":"","background-media":"","overlay-type":"","overlay-color":"","overlay-gradient":""},"mobile":{"background-color":"","background-image":"","background-repeat":"repeat","background-position":"center center","background-size":"auto","background-attachment":"scroll","background-type":"","background-media":"","overlay-type":"","overlay-color":"","overlay-gradient":""}},"ast-content-background-meta":{"desktop":{"background-color":"var(--ast-global-color-5)","background-image":"","background-repeat":"repeat","background-position":"center center","background-size":"auto","background-attachment":"scroll","background-type":"","background-media":"","overlay-type":"","overlay-color":"","overlay-gradient":""},"tablet":{"background-color":"var(--ast-global-color-5)","background-image":"","background-repeat":"repeat","background-position":"center center","background-size":"auto","background-attachment":"scroll","background-type":"","background-media":"","overlay-type":"","overlay-color":"","overlay-gradient":""},"mobile":{"background-color":"var(--ast-global-color-5)","background-image":"","background-repeat":"repeat","background-position":"center center","background-size":"auto","background-attachment":"scroll","background-type":"","background-media":"","overlay-type":"","overlay-color":"","overlay-gradient":""}}},"product_cat":[140,124],"product_tag":[],"class_list":{"0":"post-11011","1":"product","2":"type-product","3":"status-publish","4":"has-post-thumbnail","6":"product_cat-no-armored-cable","7":"product_cat-outdoor-cable","8":"desktop-align-left","9":"tablet-align-left","10":"mobile-align-left","11":"ast-product-gallery-layout-horizontal-slider","12":"ast-product-tabs-layout-horizontal","14":"first","15":"instock","16":"shipping-taxable","17":"product-type-simple"},"acf":[],"_links":{"self":[{"href":"https:\/\/www.omccable.com\/de\/wp-json\/wp\/v2\/product\/11011","targetHints":{"allow":["GET"]}}],"collection":[{"href":"https:\/\/www.omccable.com\/de\/wp-json\/wp\/v2\/product"}],"about":[{"href":"https:\/\/www.omccable.com\/de\/wp-json\/wp\/v2\/types\/product"}],"replies":[{"embeddable":true,"href":"https:\/\/www.omccable.com\/de\/wp-json\/wp\/v2\/comments?post=11011"}],"version-history":[{"count":1,"href":"https:\/\/www.omccable.com\/de\/wp-json\/wp\/v2\/product\/11011\/revisions"}],"predecessor-version":[{"id":11014,"href":"https:\/\/www.omccable.com\/de\/wp-json\/wp\/v2\/product\/11011\/revisions\/11014"}],"wp:featuredmedia":[{"embeddable":true,"href":"https:\/\/www.omccable.com\/de\/wp-json\/wp\/v2\/media\/11013"}],"wp:attachment":[{"href":"https:\/\/www.omccable.com\/de\/wp-json\/wp\/v2\/media?parent=11011"}],"wp:term":[{"taxonomy":"product_cat","embeddable":true,"href":"https:\/\/www.omccable.com\/de\/wp-json\/wp\/v2\/product_cat?post=11011"},{"taxonomy":"product_tag","embeddable":true,"href":"https:\/\/www.omccable.com\/de\/wp-json\/wp\/v2\/product_tag?post=11011"}],"curies":[{"name":"wp","href":"https:\/\/api.w.org\/{rel}","templated":true}]}}