{"id":10999,"date":"2024-06-11T13:13:19","date_gmt":"2024-06-11T05:13:19","guid":{"rendered":"https:\/\/www.omccable.com\/?post_type=product&#038;p=10999"},"modified":"2024-06-11T13:13:19","modified_gmt":"2024-06-11T05:13:19","slug":"1224f-unitube-no-armored-duct-cable-gyfxty","status":"publish","type":"product","link":"https:\/\/www.omccable.com\/de\/produkt\/1224f-unitube-no-armored-duct-cable-gyfxty\/","title":{"rendered":"12&amp;24F Unitube Ungepanzertes Kanalkabel GYFXTY"},"content":{"rendered":"<p>Beim GYFXTY-Kabel von OMC werden Singlemode-\/Multimodefasern in der B\u00fcndelader positioniert, die aus PBT-Materialien besteht und mit F\u00fcllmasse gef\u00fcllt ist. Die B\u00fcndelader ist mit PE-Materialien ummantelt, um die Kompaktheit und L\u00e4ngswasserblockierleistung zu gew\u00e4hrleisten. Auf beiden Seiten des Kabelkerns werden zwei parallele FRP-Dr\u00e4hte platziert und dar\u00fcber ein PE-Mantel extrudiert.<\/p>\n<p>&nbsp;<\/p>\n<p><strong><b>Standardfarbe von Faser und Schlauch<\/b><\/strong><\/p>\n<p>Der Farbcode der einzelnen Fasern muss der folgenden Tabelle entsprechen:<\/p>\n<table>\n<tbody>\n<tr>\n<td width=\"179\">Nein.<\/td>\n<td width=\"86\">1<\/td>\n<td width=\"82\">2<\/td>\n<td width=\"82\">3<\/td>\n<td width=\"82\">4<\/td>\n<td width=\"82\">5<\/td>\n<td width=\"75\">6<\/td>\n<\/tr>\n<tr>\n<td width=\"179\">Farbe<\/td>\n<td width=\"86\">Blau<\/td>\n<td width=\"82\">Orange<\/td>\n<td width=\"82\">Gr\u00fcn<\/td>\n<td width=\"82\">Braun<\/td>\n<td width=\"82\">Slate<\/td>\n<td width=\"75\">White<\/td>\n<\/tr>\n<tr>\n<td width=\"179\">Nein.<\/td>\n<td width=\"86\">7<\/td>\n<td width=\"82\">8<\/td>\n<td width=\"82\">9<\/td>\n<td width=\"82\">10<\/td>\n<td width=\"82\">11<\/td>\n<td width=\"75\">12<\/td>\n<\/tr>\n<tr>\n<td width=\"179\">Farbe<\/td>\n<td width=\"86\">Rot<\/td>\n<td width=\"82\">Schwarz<\/td>\n<td width=\"82\">Gelb<\/td>\n<td width=\"82\">Violett<\/td>\n<td width=\"82\">Rosa<\/td>\n<td width=\"75\">Aqua<\/td>\n<\/tr>\n<\/tbody>\n<\/table>\n<p>&nbsp;<\/p>\n<p><strong><b>Kabel<\/b><\/strong><strong><b>\u00a0Strukturparameter<\/b><\/strong><\/p>\n<table>\n<tbody>\n<tr>\n<td colspan=\"2\" width=\"312\"><strong>Artikel<\/strong><\/td>\n<td colspan=\"3\" width=\"358\"><strong>Beschreibung<\/strong><\/td>\n<\/tr>\n<tr>\n<td colspan=\"2\" width=\"312\">Anzahl der Fasern<\/td>\n<td width=\"159\">\u00a0\u00a0\u00a0\u00a0\u00a0\u00a0\u00a0\u00a01-12F<\/td>\n<td colspan=\"2\" width=\"198\">\u00a0\u00a0\u00a0\u00a0\u00a0\u00a0\u00a0\u00a0\u00a0\u00a0\u00a024F<\/td>\n<\/tr>\n<tr>\n<td colspan=\"2\" width=\"312\">Kabeldurchmesser<\/td>\n<td width=\"159\">\u00a0\u00a0\u00a0\u00a0\u00a0\u00a0\u00a06,0 mm<\/td>\n<td colspan=\"2\" width=\"198\">\u00a0\u00a0\u00a0\u00a0\u00a0\u00a0\u00a0\u00a06,5 mm<\/td>\n<\/tr>\n<tr>\n<td width=\"163\">Faser<\/td>\n<td width=\"149\">Typ<\/td>\n<td colspan=\"3\" width=\"358\">\u00a0\u00a0\u00a0\u00a0\u00a0\u00a0\u00a0\u00a0\u00a0\u00a0\u00a0\u00a0\u00a0\u00a0\u00a0\u00a0\u00a0\u00a0G652D<\/td>\n<\/tr>\n<tr>\n<td rowspan=\"2\" width=\"163\">B\u00fcndelader Festigkeitstr\u00e4ger<\/td>\n<td width=\"149\">Material<\/td>\n<td colspan=\"2\" width=\"160\">PBT 2,5 mm Au\u00dfendurchmesser<\/td>\n<td width=\"198\">PBT 3,0 mm Au\u00dfendurchmesser<\/td>\n<\/tr>\n<tr>\n<td width=\"149\">Material<\/td>\n<td colspan=\"3\" width=\"358\">FRP 0,5 mm x 2<\/td>\n<\/tr>\n<tr>\n<td rowspan=\"2\" width=\"163\">Au\u00dfenmantel<\/td>\n<td width=\"149\">Material<\/td>\n<td colspan=\"3\" width=\"358\">PE<\/td>\n<\/tr>\n<tr>\n<td width=\"149\">Farbe<\/td>\n<td colspan=\"3\" width=\"358\">Schwarz<\/td>\n<\/tr>\n<tr>\n<td colspan=\"2\" width=\"312\">Installationstemperaturbereich (\u2103)<\/td>\n<td colspan=\"3\" width=\"358\">-20 ~ +60<\/td>\n<\/tr>\n<tr>\n<td colspan=\"2\" width=\"312\">Betriebs- und Transporttemperatur (\u2103)<\/td>\n<td colspan=\"3\" width=\"358\">-20 ~ +70<\/td>\n<\/tr>\n<\/tbody>\n<\/table>\n<p><strong><b>\u00a0<\/b><\/strong><\/p>\n<p><strong><b>Mechanische und Umweltleistung<\/b><\/strong><\/p>\n<table>\n<tbody>\n<tr>\n<td width=\"228\"><strong>Artikel<\/strong><\/td>\n<td width=\"206\"><strong>Inhalt<\/strong><\/td>\n<td width=\"236\"><strong>Wert<\/strong><\/td>\n<\/tr>\n<tr>\n<td rowspan=\"2\" width=\"228\">Max. Zugbelastung<\/td>\n<td width=\"206\">Kurzfristig<\/td>\n<td width=\"236\">100N Faserdehnung \u2264 0,6%<\/td>\n<\/tr>\n<tr>\n<td width=\"206\">Langfristig<\/td>\n<td width=\"236\">300N<\/td>\n<\/tr>\n<tr>\n<td rowspan=\"2\" width=\"228\">Max. Druckfestigkeit<\/td>\n<td width=\"206\">Kurzfristig<\/td>\n<td width=\"236\">1000N\/100mm<\/td>\n<\/tr>\n<tr>\n<td width=\"206\">Langfristig<\/td>\n<td width=\"236\">300N\/100mm<\/td>\n<\/tr>\n<tr>\n<td rowspan=\"2\" width=\"228\">Min. Biegeradius<\/td>\n<td width=\"206\">Installation<\/td>\n<td width=\"236\">20 x Kabeldurchmesser<\/td>\n<\/tr>\n<tr>\n<td width=\"206\">Betrieb<\/td>\n<td width=\"236\">10 x Kabeldurchmesser<\/td>\n<\/tr>\n<tr>\n<td rowspan=\"3\" width=\"228\">Temperaturbereich<\/td>\n<td width=\"206\">Betrieb<\/td>\n<td width=\"236\">-40\u2103 ~ +70\u2103<\/td>\n<\/tr>\n<tr>\n<td width=\"206\">Installation<\/td>\n<td width=\"236\">-20\u2103 ~ +60\u2103<\/td>\n<\/tr>\n<tr>\n<td width=\"206\">Lagerung\/Transport<\/td>\n<td width=\"236\">-40\u2103 ~ +70\u2103<\/td>\n<\/tr>\n<\/tbody>\n<\/table>\n<p>&nbsp;<\/p>\n<p><strong><b>Technische Parameter der optischen Faser-SMF<\/b><\/strong><\/p>\n<table>\n<tbody>\n<tr>\n<td colspan=\"2\" rowspan=\"2\" width=\"313\"><strong>Artikel<\/strong><\/td>\n<td rowspan=\"2\" width=\"85\"><strong>Einheit<\/strong><\/td>\n<td width=\"264\"><strong>Spezifikation<\/strong><\/td>\n<\/tr>\n<tr>\n<td width=\"264\">G. 652D<\/td>\n<\/tr>\n<tr>\n<td rowspan=\"2\" width=\"199\">Modusfelddurchmesser<\/td>\n<td width=\"113\">1310 nm<\/td>\n<td width=\"85\">nm<\/td>\n<td width=\"264\">Modusfelddurchmesser<\/td>\n<\/tr>\n<tr>\n<td width=\"113\">1550 nm<\/td>\n<td width=\"85\">nm<\/td>\n<td width=\"264\">10,4 \u00b1 0,5<\/td>\n<\/tr>\n<tr>\n<td colspan=\"2\" width=\"313\">Verkleidungsdurchmesser<\/td>\n<td width=\"85\">nm<\/td>\n<td width=\"264\">125,0 \u00b1 0,7<\/td>\n<\/tr>\n<tr>\n<td colspan=\"2\" width=\"313\">Unrundheit der Verkleidung<\/td>\n<td width=\"85\">%<\/td>\n<td width=\"264\">\u22641,0<\/td>\n<\/tr>\n<tr>\n<td colspan=\"2\" width=\"313\">Kernkonzentrizit\u00e4tsfehler<\/td>\n<td width=\"85\">nm<\/td>\n<td width=\"264\">\u22640,6<\/td>\n<\/tr>\n<tr>\n<td colspan=\"2\" width=\"313\">Beschichtungsdurchmesser<\/td>\n<td width=\"85\">nm<\/td>\n<td width=\"264\">242 \u00b1 7<\/td>\n<\/tr>\n<tr>\n<td colspan=\"2\" width=\"313\">Konzentrizit\u00e4tsfehler der Beschichtung\/Verkleidung<\/td>\n<td width=\"85\">nm<\/td>\n<td width=\"264\">\u226412<\/td>\n<\/tr>\n<tr>\n<td colspan=\"2\" width=\"313\">Kabel-Grenzwellenl\u00e4nge \u03bbcc<\/td>\n<td width=\"85\">nm<\/td>\n<td width=\"264\">\u2264 1260<\/td>\n<\/tr>\n<tr>\n<td rowspan=\"2\" width=\"199\">D\u00e4mpfung<\/td>\n<td width=\"113\">1310 nm<\/td>\n<td width=\"85\">dB\/km<\/td>\n<td width=\"264\">D\u00e4mpfung<\/td>\n<\/tr>\n<tr>\n<td width=\"113\">1550 nm<\/td>\n<td width=\"85\">dB\/km<\/td>\n<td width=\"264\">\u00a30.21<\/td>\n<\/tr>\n<\/tbody>\n<\/table>","protected":false},"excerpt":{"rendered":"<p>Beim GYFXTY-Kabel von OMC werden Singlemode-\/Multimodefasern in der B\u00fcndelader positioniert, die aus PBT-Materialien besteht und mit F\u00fcllmasse gef\u00fcllt ist. Die B\u00fcndelader ist mit PE-Materialien ummantelt, um die Kompaktheit und L\u00e4ngswasserblockierleistung zu gew\u00e4hrleisten. Zwei parallele FRP-Dr\u00e4hte werden auf beiden Seiten des Kabelkerns platziert, w\u00e4hrend ein PE [\u2026]<\/p>","protected":false},"featured_media":11001,"comment_status":"closed","ping_status":"closed","template":"","meta":{"site-sidebar-layout":"default","site-content-layout":"","ast-site-content-layout":"default","site-content-style":"default","site-sidebar-style":"default","ast-global-header-display":"","ast-banner-title-visibility":"","ast-main-header-display":"","ast-hfb-above-header-display":"","ast-hfb-below-header-display":"","ast-hfb-mobile-header-display":"","site-post-title":"","ast-breadcrumbs-content":"","ast-featured-img":"","footer-sml-layout":"","theme-transparent-header-meta":"default","adv-header-id-meta":"","stick-header-meta":"default","header-above-stick-meta":"","header-main-stick-meta":"","header-below-stick-meta":"","astra-migrate-meta-layouts":"set","ast-page-background-enabled":"default","ast-page-background-meta":{"desktop":{"background-color":"var(--ast-global-color-4)","background-image":"","background-repeat":"repeat","background-position":"center center","background-size":"auto","background-attachment":"scroll","background-type":"","background-media":"","overlay-type":"","overlay-color":"","overlay-gradient":""},"tablet":{"background-color":"","background-image":"","background-repeat":"repeat","background-position":"center center","background-size":"auto","background-attachment":"scroll","background-type":"","background-media":"","overlay-type":"","overlay-color":"","overlay-gradient":""},"mobile":{"background-color":"","background-image":"","background-repeat":"repeat","background-position":"center center","background-size":"auto","background-attachment":"scroll","background-type":"","background-media":"","overlay-type":"","overlay-color":"","overlay-gradient":""}},"ast-content-background-meta":{"desktop":{"background-color":"var(--ast-global-color-5)","background-image":"","background-repeat":"repeat","background-position":"center center","background-size":"auto","background-attachment":"scroll","background-type":"","background-media":"","overlay-type":"","overlay-color":"","overlay-gradient":""},"tablet":{"background-color":"var(--ast-global-color-5)","background-image":"","background-repeat":"repeat","background-position":"center center","background-size":"auto","background-attachment":"scroll","background-type":"","background-media":"","overlay-type":"","overlay-color":"","overlay-gradient":""},"mobile":{"background-color":"var(--ast-global-color-5)","background-image":"","background-repeat":"repeat","background-position":"center center","background-size":"auto","background-attachment":"scroll","background-type":"","background-media":"","overlay-type":"","overlay-color":"","overlay-gradient":""}}},"product_cat":[140,124],"product_tag":[],"class_list":{"0":"post-10999","1":"product","2":"type-product","3":"status-publish","4":"has-post-thumbnail","6":"product_cat-no-armored-cable","7":"product_cat-outdoor-cable","8":"desktop-align-left","9":"tablet-align-left","10":"mobile-align-left","11":"ast-product-gallery-layout-horizontal-slider","12":"ast-product-tabs-layout-horizontal","14":"first","15":"instock","16":"shipping-taxable","17":"product-type-simple"},"acf":[],"_links":{"self":[{"href":"https:\/\/www.omccable.com\/de\/wp-json\/wp\/v2\/product\/10999","targetHints":{"allow":["GET"]}}],"collection":[{"href":"https:\/\/www.omccable.com\/de\/wp-json\/wp\/v2\/product"}],"about":[{"href":"https:\/\/www.omccable.com\/de\/wp-json\/wp\/v2\/types\/product"}],"replies":[{"embeddable":true,"href":"https:\/\/www.omccable.com\/de\/wp-json\/wp\/v2\/comments?post=10999"}],"version-history":[{"count":1,"href":"https:\/\/www.omccable.com\/de\/wp-json\/wp\/v2\/product\/10999\/revisions"}],"predecessor-version":[{"id":11002,"href":"https:\/\/www.omccable.com\/de\/wp-json\/wp\/v2\/product\/10999\/revisions\/11002"}],"wp:featuredmedia":[{"embeddable":true,"href":"https:\/\/www.omccable.com\/de\/wp-json\/wp\/v2\/media\/11001"}],"wp:attachment":[{"href":"https:\/\/www.omccable.com\/de\/wp-json\/wp\/v2\/media?parent=10999"}],"wp:term":[{"taxonomy":"product_cat","embeddable":true,"href":"https:\/\/www.omccable.com\/de\/wp-json\/wp\/v2\/product_cat?post=10999"},{"taxonomy":"product_tag","embeddable":true,"href":"https:\/\/www.omccable.com\/de\/wp-json\/wp\/v2\/product_tag?post=10999"}],"curies":[{"name":"wp","href":"https:\/\/api.w.org\/{rel}","templated":true}]}}