{"id":10957,"date":"2024-06-04T10:06:20","date_gmt":"2024-06-04T02:06:20","guid":{"rendered":"https:\/\/www.omccable.com\/?post_type=product&#038;p=10957"},"modified":"2025-08-30T11:34:08","modified_gmt":"2025-08-30T03:34:08","slug":"5500n-4-432cores-adss-cable-double-sheath","status":"publish","type":"product","link":"https:\/\/www.omccable.com\/de\/produkt\/5500n-4-432cores-adss-cable-double-sheath\/","title":{"rendered":"5500N 4-432adriges ADSS-Kabel \u2013 Doppelmantel"},"content":{"rendered":"<p>Ein vollst\u00e4ndig dielektrisches selbsttragendes Kabel (ADSS-Kabel) ist eine Art Glasfaserkabel, das speziell f\u00fcr die Luftinstallation an Strommasten und Sendemasten entwickelt wurde. Im Gegensatz zu herk\u00f6mmlichen optischen Kabeln, die zur Festigkeit oder zum Schutz auf metallische Elemente angewiesen sind, enth\u00e4lt ADSS \u00fcberhaupt keine metallischen Komponenten. Dadurch ist es leicht, nicht leitend und resistent gegen elektromagnetische St\u00f6rungen. Aufgrund seines dielektrischen Designs kann es direkt neben Hochspannungsleitungen installiert werden, ohne dass das Risiko elektrischer Gefahren besteht, weshalb es zu einer bevorzugten Wahl f\u00fcr Energieversorger und Telekommunikationsbetreiber weltweit geworden ist.<\/p>\n<p>Als zuverl\u00e4ssiger Glasfaserkabellieferant kann OMC ADSS-Kabel mit 4 bis 432 Adern und unterschiedlichen Spannweiten von 50 m bis 1000 m anbieten.<\/p>\n<p>&nbsp;<\/p>\n<p><strong><b>Merkmale und Vorteile<\/b><\/strong><\/p>\n<p>Nichtmetallische Struktur, gute Isolierung, Blitzschutz<\/p>\n<p>Das Aramidgarn verf\u00fcgt \u00fcber eine hervorragende Produktionstechnologie, eine gleichm\u00e4\u00dfige Kraft, ein hervorragendes Spannungs-Dehnungs-Verhalten, eine hervorragende Schussfestigkeit und beste Anti-Elektro-Korrosionsleistung<\/p>\n<p>Keine Blackout-Konstruktion, Stromleitungsausfall hat keinen Einfluss auf die normale \u00dcbertragung des optischen Kabels<\/p>\n<p>Glatte Form, sodass das Kabel eine hervorragende aerodynamische Leistung aufweist<\/p>\n<p>&nbsp;<\/p>\n<p><strong><b>Kabelstruktur<\/b><\/strong><\/p>\n<table>\n<tbody>\n<tr>\n<td width=\"110\"><strong>Artikel<\/strong><\/td>\n<td colspan=\"2\" width=\"120\"><strong>Inhalt<\/strong><\/td>\n<td width=\"62\"><strong>Einheit<\/strong><\/td>\n<td colspan=\"10\" width=\"418\"><strong>Wert<\/strong><\/td>\n<\/tr>\n<tr>\n<td width=\"110\">Faseranzahl<\/td>\n<td colspan=\"2\" width=\"120\">Zahl<\/td>\n<td width=\"62\">\/<\/td>\n<td width=\"62\">4-8<\/td>\n<td colspan=\"2\" width=\"70\">12-72<\/td>\n<td width=\"72\">96<\/td>\n<td colspan=\"3\" width=\"70\">144<\/td>\n<td colspan=\"2\" width=\"70\">288<\/td>\n<td width=\"72\">432<\/td>\n<\/tr>\n<tr>\n<td width=\"110\">Fasertyp<\/td>\n<td colspan=\"2\" width=\"120\">\/<\/td>\n<td width=\"62\">\/<\/td>\n<td colspan=\"10\" width=\"418\">G652D<\/td>\n<\/tr>\n<tr>\n<td width=\"110\">Kabelstruktur<\/td>\n<td colspan=\"2\" width=\"120\">\/<\/td>\n<td width=\"62\">\/<\/td>\n<td width=\"62\">1+6<\/td>\n<td colspan=\"2\" width=\"70\">1+6<\/td>\n<td width=\"72\">1+8<\/td>\n<td colspan=\"3\" width=\"70\">1+12<\/td>\n<td colspan=\"2\" width=\"70\">1+9+15<\/td>\n<td width=\"72\">1+6+12<\/td>\n<\/tr>\n<tr>\n<td width=\"110\">Fasern pro R\u00f6hre<\/td>\n<td colspan=\"2\" width=\"120\">Z\u00e4hlen<\/td>\n<td width=\"62\">\/<\/td>\n<td width=\"62\">4-8<\/td>\n<td colspan=\"2\" width=\"70\">12<\/td>\n<td width=\"72\">12<\/td>\n<td colspan=\"3\" width=\"70\">12<\/td>\n<td colspan=\"2\" width=\"70\">12<\/td>\n<td width=\"72\">24<\/td>\n<\/tr>\n<tr>\n<td width=\"110\">Faserfarbe<\/td>\n<td colspan=\"2\" width=\"120\">\/<\/td>\n<td width=\"62\">\/<\/td>\n<td colspan=\"10\" width=\"418\">Blau, Orange, Gr\u00fcn, Braun, Grau, Wei\u00df, Rot, Schwarz, Gelb, Violett, Rosa, Aquamarin, Blau*, Orange*, Gr\u00fcn*, Braun*, Grau*, Wei\u00df*,<\/p>\n<p>Rot*, Naturfarben*, Gelb*, Violett*, Rosa*, Aquamarin*, (*: Schwarze Punktmarkierung)<\/td>\n<\/tr>\n<tr>\n<td width=\"110\">F\u00fcllstoff<\/td>\n<td colspan=\"2\" width=\"120\">Material<\/td>\n<td width=\"62\">\/<\/td>\n<td colspan=\"10\" width=\"418\">PP<\/td>\n<\/tr>\n<tr>\n<td rowspan=\"3\" width=\"110\"><strong>\u00a0<\/strong><\/p>\n<p><strong>\u00a0<\/strong><\/p>\n<p><strong>\u00a0<\/strong><\/p>\n<p><strong>\u00a0<\/strong><\/p>\n<p><strong>\u00a0<\/strong><\/p>\n<p>Lose R\u00f6hre<\/td>\n<td colspan=\"2\" width=\"120\">Material<\/td>\n<td width=\"62\">\/<\/td>\n<td colspan=\"10\" width=\"418\">PBT<\/td>\n<\/tr>\n<tr>\n<td colspan=\"2\" width=\"120\">Nenndurchmesser<\/td>\n<td width=\"62\">mm<\/td>\n<td colspan=\"9\" width=\"346\">2.2<\/td>\n<td width=\"72\">2.8<\/td>\n<\/tr>\n<tr>\n<td colspan=\"2\" width=\"120\">Farbe<\/td>\n<td width=\"62\">\/<\/td>\n<td colspan=\"10\" width=\"418\">4-144F: Blau, Orange, Gr\u00fcn, Braun, Grau, Wei\u00df, Rot, Schwarz, Gelb, Violett, Rosa, Aquamarin<\/p>\n<p>288F: Blau, Orange, Gr\u00fcn, Braun, Grau, Wei\u00df, Rot, Schwarz, Gelb, Violett, Rosa, Aquamarin, Blau*, Orange*, Gr\u00fcn*, Braun*, Grau*, Wei\u00df*, Rot*, Natur*, Gelb*, Violett*, Rosa*, Aqua* (*: Streifen (Farbe: Schwarz))<\/p>\n<p>432F: Blau, Orange, Gr\u00fcn, Braun, Grau, Wei\u00df, Rot, Schwarz, Gelb, Violett, Rosa, Aquamarin, Blau*, Orange*, Gr\u00fcn*, Braun*,<\/p>\n<p>Grau*\u3001Wei\u00df*\uff08* : Streifen (Farbe : Schwarz))<\/td>\n<\/tr>\n<tr>\n<td rowspan=\"3\" width=\"110\">Zentrales St\u00e4rkemitglied<\/td>\n<td colspan=\"2\" width=\"120\">Material<\/td>\n<td width=\"62\">\/<\/td>\n<td colspan=\"10\" width=\"418\">FRP- und PE-Kissenschicht (bei Bedarf)<\/td>\n<\/tr>\n<tr>\n<td colspan=\"2\" width=\"120\">Nenndurchmesser<\/td>\n<td width=\"62\">mm<\/td>\n<td width=\"62\">2.4<\/td>\n<td colspan=\"2\" width=\"70\">2.4<\/td>\n<td width=\"72\">3.0<\/td>\n<td colspan=\"3\" width=\"70\">3.0<\/td>\n<td colspan=\"2\" width=\"70\">3.0<\/td>\n<td width=\"72\">2.8<\/td>\n<\/tr>\n<tr>\n<td colspan=\"2\" width=\"120\">PE-Polsterschicht<\/td>\n<td width=\"62\">mm<\/td>\n<td width=\"62\">\u2013<\/td>\n<td colspan=\"2\" width=\"70\">\u2013<\/td>\n<td width=\"72\">3,8 \u00b1 0,2<\/td>\n<td colspan=\"3\" width=\"70\">6,7 \u00b1 0,2<\/td>\n<td colspan=\"2\" width=\"70\">4,2 \u00b1 0,2<\/td>\n<td width=\"72\">\u2013<\/td>\n<\/tr>\n<tr>\n<td width=\"110\">Wasserblockierend<\/td>\n<td colspan=\"3\" width=\"182\">Material<\/td>\n<td colspan=\"10\" width=\"418\">Wasserblockierendes Klebeband<\/td>\n<\/tr>\n<tr>\n<td width=\"110\">Periphere St\u00e4rke<\/p>\n<p>Mitglied<\/td>\n<td colspan=\"3\" width=\"182\">Material<\/td>\n<td colspan=\"10\" width=\"418\">Aramidgarn<\/td>\n<\/tr>\n<tr>\n<td width=\"110\">Rei\u00dfleine<\/td>\n<td colspan=\"3\" width=\"182\">Zahl<\/td>\n<td colspan=\"10\" width=\"418\">3<\/td>\n<\/tr>\n<tr>\n<td rowspan=\"2\" width=\"110\">Innenmantel<\/td>\n<td colspan=\"3\" width=\"182\">Material<\/td>\n<td colspan=\"10\" width=\"418\">HDPE<\/td>\n<\/tr>\n<tr>\n<td colspan=\"3\" width=\"182\">Farbe<\/td>\n<td colspan=\"10\" width=\"418\">Schwarz<\/td>\n<\/tr>\n<tr>\n<td rowspan=\"3\" width=\"110\">Au\u00dfenmantel<\/td>\n<td colspan=\"3\" width=\"182\">Material<\/td>\n<td colspan=\"10\" width=\"418\">HDPE<\/td>\n<\/tr>\n<tr>\n<td colspan=\"3\" width=\"182\">Farbe<\/td>\n<td colspan=\"10\" width=\"418\">Schwarz<\/td>\n<\/tr>\n<tr>\n<td colspan=\"3\" width=\"182\">Dicke (mm)<\/td>\n<td colspan=\"10\" width=\"418\">Nom:2,0<\/td>\n<\/tr>\n<tr>\n<td rowspan=\"2\" width=\"110\">D\u00e4mpfung<\/p>\n<p>(nach Kabel)<\/td>\n<td width=\"91\">1310 nm<\/td>\n<td colspan=\"2\" width=\"91\">dB\/km<\/td>\n<td colspan=\"10\" width=\"418\">\u00a30.36<\/td>\n<\/tr>\n<tr>\n<td width=\"91\">1550 nm<\/td>\n<td colspan=\"2\" width=\"91\">dB\/km<\/td>\n<td colspan=\"10\" width=\"418\">\u00a30.22<\/td>\n<\/tr>\n<tr>\n<td width=\"110\">Kabeldurchmesser<\/td>\n<td width=\"91\">\u00b15%<\/td>\n<td colspan=\"2\" width=\"91\">mm<\/td>\n<td colspan=\"2\" width=\"66\">13.0<\/td>\n<td width=\"66\">13.1<\/td>\n<td colspan=\"2\" width=\"76\">14.5<\/td>\n<td width=\"65\">17.5<\/td>\n<td colspan=\"2\" width=\"66\">20.3<\/td>\n<td colspan=\"2\" width=\"77\">20.9<\/td>\n<\/tr>\n<tr>\n<td width=\"110\">Kabelgewicht<\/td>\n<td width=\"91\">\u00b110%<\/td>\n<td colspan=\"2\" width=\"91\">kg\/km<\/td>\n<td colspan=\"2\" width=\"66\">130<\/td>\n<td width=\"66\">135<\/td>\n<td colspan=\"2\" width=\"76\">167<\/td>\n<td width=\"65\">238<\/td>\n<td colspan=\"2\" width=\"66\">314<\/td>\n<td colspan=\"2\" width=\"77\">329<\/td>\n<\/tr>\n<tr>\n<td width=\"110\">Durchhang<\/td>\n<td width=\"91\">\/<\/td>\n<td colspan=\"2\" width=\"91\">%<\/td>\n<td colspan=\"10\" width=\"418\">1<\/td>\n<\/tr>\n<tr>\n<td width=\"110\">Vereisungsdicke<\/td>\n<td width=\"91\">\/<\/td>\n<td colspan=\"2\" width=\"91\">mm<\/td>\n<td colspan=\"10\" width=\"418\">5mm<\/td>\n<\/tr>\n<tr>\n<td width=\"110\">Windgeschwindigkeit<\/td>\n<td width=\"91\">\/<\/td>\n<td colspan=\"2\" width=\"91\">MS<\/td>\n<td colspan=\"10\" width=\"418\">2,8 m\/s (Max 34 m\/s)<\/td>\n<\/tr>\n<\/tbody>\n<\/table>\n<p><strong><b>\u00a0<\/b><\/strong><\/p>\n<p><strong><b>Standardfarbe von Faser und Schlauch<\/b><\/strong><\/p>\n<p>Der Farbcode der Rohre und der einzelnen Fasern muss der folgenden Tabelle entsprechen:<\/p>\n<table>\n<tbody>\n<tr>\n<td width=\"193\">Nein.<\/td>\n<td width=\"86\">1<\/td>\n<td width=\"86\">2<\/td>\n<td width=\"86\">3<\/td>\n<td width=\"86\">4<\/td>\n<td width=\"86\">5<\/td>\n<td width=\"85\">6<\/td>\n<\/tr>\n<tr>\n<td width=\"193\">Farbe<\/td>\n<td width=\"86\">Blau<\/td>\n<td width=\"86\">Orange<\/td>\n<td width=\"86\">Gr\u00fcn<\/td>\n<td width=\"86\">Braun<\/td>\n<td width=\"86\">Slate<\/td>\n<td width=\"85\">White<\/td>\n<\/tr>\n<tr>\n<td width=\"193\">Nein.<\/td>\n<td width=\"86\">7<\/td>\n<td width=\"86\">8<\/td>\n<td width=\"86\">9<\/td>\n<td width=\"86\">10<\/td>\n<td width=\"86\">11<\/td>\n<td width=\"85\">12<\/td>\n<\/tr>\n<tr>\n<td width=\"193\">Farbe<\/td>\n<td width=\"86\">Rot<\/td>\n<td width=\"86\">Schwarz<\/td>\n<td width=\"86\">Gelb<\/td>\n<td width=\"86\">Violett<\/td>\n<td width=\"86\">Rosa<\/td>\n<td width=\"85\">Aqua<\/td>\n<\/tr>\n<\/tbody>\n<\/table>\n<p>&nbsp;<\/p>\n<p><strong><b>Mechanische und Umweltleistung<\/b><\/strong><\/p>\n<table>\n<tbody>\n<tr>\n<td width=\"221\"><strong>Artikel<\/strong><\/td>\n<td width=\"270\"><strong>Inhalt<\/strong><\/td>\n<td width=\"209\"><strong>Wert<\/strong><\/td>\n<\/tr>\n<tr>\n<td width=\"221\">Max. Zugbelastung<\/td>\n<td width=\"270\">Kurzfristig<\/td>\n<td width=\"209\">5500 N (Faserdehnung \u2264 0,33 %)<\/td>\n<\/tr>\n<tr>\n<td width=\"221\">Max. Druckfestigkeit<\/td>\n<td width=\"270\">Kurzfristig<\/td>\n<td width=\"209\">3000 N\/100 mm<\/td>\n<\/tr>\n<tr>\n<td rowspan=\"2\" width=\"221\">Min. Biegeradius<\/td>\n<td width=\"270\">Installation<\/td>\n<td width=\"209\">20x Kabeldurchmesser<\/td>\n<\/tr>\n<tr>\n<td width=\"270\">Betrieb<\/td>\n<td width=\"209\">10 x Kabeldurchmesser<\/td>\n<\/tr>\n<tr>\n<td rowspan=\"3\" width=\"221\">&nbsp;<\/p>\n<p>Temperaturbereich<\/td>\n<td width=\"270\">Betrieb<\/td>\n<td width=\"209\">-40\u2103 ~ +70\u2103<\/td>\n<\/tr>\n<tr>\n<td width=\"270\">Installation<\/td>\n<td width=\"209\">-40\u2103 ~ +55\u2103<\/td>\n<\/tr>\n<tr>\n<td width=\"270\">Lagerung\/Transport<\/td>\n<td width=\"209\">-40\u2103 ~ +70\u2103<\/td>\n<\/tr>\n<\/tbody>\n<\/table>\n<p>&nbsp;<\/p>\n<p><strong><b>Technische Parameter der optischen Faser-SMF<\/b><\/strong><\/p>\n<table>\n<tbody>\n<tr>\n<td colspan=\"2\" rowspan=\"2\" width=\"457\"><strong>Artikel<\/strong><\/td>\n<td rowspan=\"2\" width=\"84\"><strong>Einheit<\/strong><\/td>\n<td width=\"167\"><strong>Spezifikation<\/strong><\/td>\n<\/tr>\n<tr>\n<td width=\"167\">G. 652D<\/td>\n<\/tr>\n<tr>\n<td rowspan=\"2\" width=\"322\">Modusfelddurchmesser<\/td>\n<td width=\"135\">1310 nm<\/td>\n<td width=\"84\">mm<\/td>\n<td width=\"167\">9,2 \u00b1 0,4<\/td>\n<\/tr>\n<tr>\n<td width=\"135\">1550 nm<\/td>\n<td width=\"84\">mm<\/td>\n<td width=\"167\">10,4 \u00b1 0,5<\/td>\n<\/tr>\n<tr>\n<td colspan=\"2\" width=\"457\">Verkleidungsdurchmesser<\/td>\n<td width=\"84\">mm<\/td>\n<td width=\"167\">125,0 \u00b1 0,7<\/td>\n<\/tr>\n<tr>\n<td colspan=\"2\" width=\"457\">Unrundheit der Verkleidung<\/td>\n<td width=\"84\">%<\/td>\n<td width=\"167\">\u00a31.0<\/td>\n<\/tr>\n<tr>\n<td colspan=\"2\" width=\"457\">Kernkonzentrizit\u00e4tsfehler<\/td>\n<td width=\"84\">mm<\/td>\n<td width=\"167\">\u00a30.6<\/td>\n<\/tr>\n<tr>\n<td colspan=\"2\" width=\"457\">Beschichtungsdurchmesser<\/td>\n<td width=\"84\">mm<\/td>\n<td width=\"167\">242 \u00b1 7<\/td>\n<\/tr>\n<tr>\n<td colspan=\"2\" width=\"457\">Konzentrizit\u00e4tsfehler der Beschichtung\/Verkleidung<\/td>\n<td width=\"84\">mm<\/td>\n<td width=\"167\">\u00a312<\/td>\n<\/tr>\n<tr>\n<td colspan=\"2\" width=\"457\">Kabel-Grenzwellenl\u00e4nge \u03bbcc<\/td>\n<td width=\"84\">nm<\/td>\n<td width=\"167\">\u00a3\u00a01260<\/td>\n<\/tr>\n<tr>\n<td rowspan=\"2\" width=\"322\">D\u00e4mpfung<\/td>\n<td width=\"135\">1310 nm<\/td>\n<td width=\"84\">dB\/km<\/td>\n<td width=\"167\">\u00a30.35<\/td>\n<\/tr>\n<tr>\n<td width=\"135\">1550 nm<\/td>\n<td width=\"84\">dB\/km<\/td>\n<td width=\"167\">\u00a30.21<\/td>\n<\/tr>\n<\/tbody>\n<\/table>","protected":false},"excerpt":{"rendered":"<p>Ein vollst\u00e4ndig dielektrisches selbsttragendes Kabel (ADSS-Kabel) ist eine Art Glasfaserkabel, das speziell f\u00fcr die Luftinstallation an Strommasten und Sendemasten entwickelt wurde. Im Gegensatz zu herk\u00f6mmlichen optischen Kabeln, die zur Festigkeit oder zum Schutz auf metallische Elemente angewiesen sind, enth\u00e4lt ADSS \u00fcberhaupt keine metallischen Komponenten. Dadurch ist es leicht, nicht leitend und resistent gegen elektromagnetische St\u00f6rungen. [\u2026]<\/p>","protected":false},"featured_media":10965,"comment_status":"closed","ping_status":"closed","template":"","meta":{"site-sidebar-layout":"default","site-content-layout":"","ast-site-content-layout":"default","site-content-style":"default","site-sidebar-style":"default","ast-global-header-display":"","ast-banner-title-visibility":"","ast-main-header-display":"","ast-hfb-above-header-display":"","ast-hfb-below-header-display":"","ast-hfb-mobile-header-display":"","site-post-title":"","ast-breadcrumbs-content":"","ast-featured-img":"","footer-sml-layout":"","theme-transparent-header-meta":"default","adv-header-id-meta":"","stick-header-meta":"default","header-above-stick-meta":"","header-main-stick-meta":"","header-below-stick-meta":"","astra-migrate-meta-layouts":"set","ast-page-background-enabled":"default","ast-page-background-meta":{"desktop":{"background-color":"var(--ast-global-color-4)","background-image":"","background-repeat":"repeat","background-position":"center center","background-size":"auto","background-attachment":"scroll","background-type":"","background-media":"","overlay-type":"","overlay-color":"","overlay-gradient":""},"tablet":{"background-color":"","background-image":"","background-repeat":"repeat","background-position":"center center","background-size":"auto","background-attachment":"scroll","background-type":"","background-media":"","overlay-type":"","overlay-color":"","overlay-gradient":""},"mobile":{"background-color":"","background-image":"","background-repeat":"repeat","background-position":"center center","background-size":"auto","background-attachment":"scroll","background-type":"","background-media":"","overlay-type":"","overlay-color":"","overlay-gradient":""}},"ast-content-background-meta":{"desktop":{"background-color":"var(--ast-global-color-5)","background-image":"","background-repeat":"repeat","background-position":"center center","background-size":"auto","background-attachment":"scroll","background-type":"","background-media":"","overlay-type":"","overlay-color":"","overlay-gradient":""},"tablet":{"background-color":"var(--ast-global-color-5)","background-image":"","background-repeat":"repeat","background-position":"center center","background-size":"auto","background-attachment":"scroll","background-type":"","background-media":"","overlay-type":"","overlay-color":"","overlay-gradient":""},"mobile":{"background-color":"var(--ast-global-color-5)","background-image":"","background-repeat":"repeat","background-position":"center center","background-size":"auto","background-attachment":"scroll","background-type":"","background-media":"","overlay-type":"","overlay-color":"","overlay-gradient":""}}},"product_cat":[125,142],"product_tag":[],"class_list":{"0":"post-10957","1":"product","2":"type-product","3":"status-publish","4":"has-post-thumbnail","6":"product_cat-adss-cable","7":"product_cat-adss-cabledouble-sheath","8":"desktop-align-left","9":"tablet-align-left","10":"mobile-align-left","11":"ast-product-gallery-layout-horizontal-slider","12":"ast-product-tabs-layout-horizontal","14":"first","15":"instock","16":"shipping-taxable","17":"product-type-simple"},"acf":[],"_links":{"self":[{"href":"https:\/\/www.omccable.com\/de\/wp-json\/wp\/v2\/product\/10957","targetHints":{"allow":["GET"]}}],"collection":[{"href":"https:\/\/www.omccable.com\/de\/wp-json\/wp\/v2\/product"}],"about":[{"href":"https:\/\/www.omccable.com\/de\/wp-json\/wp\/v2\/types\/product"}],"replies":[{"embeddable":true,"href":"https:\/\/www.omccable.com\/de\/wp-json\/wp\/v2\/comments?post=10957"}],"version-history":[{"count":3,"href":"https:\/\/www.omccable.com\/de\/wp-json\/wp\/v2\/product\/10957\/revisions"}],"predecessor-version":[{"id":13313,"href":"https:\/\/www.omccable.com\/de\/wp-json\/wp\/v2\/product\/10957\/revisions\/13313"}],"wp:featuredmedia":[{"embeddable":true,"href":"https:\/\/www.omccable.com\/de\/wp-json\/wp\/v2\/media\/10965"}],"wp:attachment":[{"href":"https:\/\/www.omccable.com\/de\/wp-json\/wp\/v2\/media?parent=10957"}],"wp:term":[{"taxonomy":"product_cat","embeddable":true,"href":"https:\/\/www.omccable.com\/de\/wp-json\/wp\/v2\/product_cat?post=10957"},{"taxonomy":"product_tag","embeddable":true,"href":"https:\/\/www.omccable.com\/de\/wp-json\/wp\/v2\/product_tag?post=10957"}],"curies":[{"name":"wp","href":"https:\/\/api.w.org\/{rel}","templated":true}]}}