{"id":10939,"date":"2024-06-03T15:20:18","date_gmt":"2024-06-03T07:20:18","guid":{"rendered":"https:\/\/www.omccable.com\/?post_type=product&#038;p=10939"},"modified":"2025-08-30T11:31:22","modified_gmt":"2025-08-30T03:31:22","slug":"50m-span-6496cores-sm-adss-cable-double-sheath","status":"publish","type":"product","link":"https:\/\/www.omccable.com\/de\/produkt\/50m-span-6496cores-sm-adss-cable-double-sheath\/","title":{"rendered":"50 m Spannweite, 64 und 96 Adern, SM-ADSS-Kabel \u2013 Doppelmantel"},"content":{"rendered":"<p>Das 96-adrige ADSS-Kabel von OMC verf\u00fcgt \u00fcber eine doppelt ummantelte Kabelstruktur und einen Kabelk\u00f6rper mit 1+8 R\u00f6hren, um dieses leistungsstarke Installationskabel f\u00fcr Au\u00dfenantennen zu bauen.<\/p>\n<p>Die ADSS-Struktur der optischen Kabel \u00fcbernimmt die verdrillte Struktur der losen R\u00f6hre. 250-um-Lichtwellenleiter werden in eine B\u00fcndelader aus hochmoduligem Polyester eingef\u00fchrt und mit nichtmetallischen Verst\u00e4rkungselementen (FRP) um die Mitte des Kabels gef\u00fcllt, um einen runden Kern zu bilden. Der Spalt im Kern wird mit einer wasserabweisenden Salbe gef\u00fcllt. Zur Verst\u00e4rkung des Garns werden zwei Lagen Aramidgarn verdrillt. Abschlie\u00dfend wird ein Mantel aus Polyethylen (PE) extrudiert.<\/p>\n<p>Diese ADSS-Kabel bieten zuverl\u00e4ssige selbsttragende Leistung f\u00fcr Entfernungen von bis zu 50 m. Wie der Name schon sagt, ist keine St\u00fctze oder Tragleitung erforderlich, sodass die Installation in einem einzigen Durchgang erfolgt, was ADSS zu einer kosteng\u00fcnstigen und einfachen M\u00f6glichkeit zum Aufbau eines Glasfasernetzwerks macht.<\/p>\n<p>&nbsp;<\/p>\n<p><strong><b>Merkmale und Vorteile<\/b><\/strong><\/p>\n<p>Nichtmetallische Struktur, gute Isolierung, Blitzschutz<\/p>\n<p>Das Aramidgarn verf\u00fcgt \u00fcber eine hervorragende Produktionstechnologie, eine gleichm\u00e4\u00dfige Kraft, ein hervorragendes Spannungs-Dehnungs-Verhalten, eine hervorragende Schussfestigkeit und beste Anti-Elektro-Korrosionsleistung<\/p>\n<p>Keine Blackout-Konstruktion, Stromleitungsausfall hat keinen Einfluss auf die normale \u00dcbertragung des optischen Kabels<\/p>\n<p>Glatte Form, sodass das Kabel eine hervorragende aerodynamische Leistung aufweist<\/p>\n<p>&nbsp;<\/p>\n<p><strong><b>Kabelstruktur<\/b><\/strong><\/p>\n<table>\n<tbody>\n<tr>\n<td width=\"179\"><strong>Artikel<\/strong><\/td>\n<td width=\"128\"><strong>Inhalt<\/strong><\/td>\n<td width=\"58\"><strong>Einheit<\/strong><\/td>\n<td colspan=\"2\" width=\"345\"><strong>Wert<\/strong><\/td>\n<\/tr>\n<tr>\n<td width=\"179\">Faseranzahl<\/td>\n<td width=\"128\">Zahl<\/td>\n<td width=\"58\">\/<\/td>\n<td width=\"172\">64<\/td>\n<td width=\"172\">96<\/td>\n<\/tr>\n<tr>\n<td width=\"179\">Fasertyp<\/td>\n<td width=\"128\">\/<\/td>\n<td width=\"58\">\/<\/td>\n<td colspan=\"2\" width=\"345\">G652D<\/td>\n<\/tr>\n<tr>\n<td width=\"179\">Kabelstruktur<\/td>\n<td width=\"128\">\/<\/td>\n<td width=\"58\">\/<\/td>\n<td width=\"172\">1+8<\/td>\n<td width=\"172\">1+12<\/td>\n<\/tr>\n<tr>\n<td width=\"179\">Fasern pro R\u00f6hre<\/td>\n<td width=\"128\">Z\u00e4hlen<\/td>\n<td width=\"58\">\/<\/td>\n<td colspan=\"2\" width=\"345\">8<\/td>\n<\/tr>\n<tr>\n<td rowspan=\"3\" width=\"179\"><strong>\u00a0<\/strong><\/p>\n<p><strong>\u00a0<\/strong><\/p>\n<p>Lose R\u00f6hre<\/td>\n<td width=\"128\">Material<\/td>\n<td width=\"58\">\/<\/td>\n<td colspan=\"2\" width=\"345\">PBT<\/td>\n<\/tr>\n<tr>\n<td width=\"128\">Nenndurchmesser<\/td>\n<td width=\"58\">mm<\/td>\n<td colspan=\"2\" width=\"345\">2.2<\/td>\n<\/tr>\n<tr>\n<td width=\"128\">Farbe<\/td>\n<td width=\"58\">\/<\/td>\n<td colspan=\"2\" width=\"345\">Blau, Orange, Gr\u00fcn, Braun, Grau, Wei\u00df, Rot,<\/p>\n<p>Schwarz, Gelb, Violett, Rosa, Aquamarin<\/td>\n<\/tr>\n<tr>\n<td rowspan=\"2\" width=\"179\"><strong>\u00a0<\/strong><\/p>\n<p>Zentrales St\u00e4rkemitglied<\/td>\n<td width=\"128\">Material<\/td>\n<td width=\"58\">\/<\/td>\n<td colspan=\"2\" width=\"345\">FRP- und PE-Polsterschicht<\/td>\n<\/tr>\n<tr>\n<td width=\"128\">Nenndurchmesser<\/td>\n<td width=\"58\">mm<\/td>\n<td width=\"172\">2.4\/3.8<\/td>\n<td width=\"172\">2.6\/6.6<\/td>\n<\/tr>\n<tr>\n<td width=\"179\">Wasserblockierend<\/td>\n<td width=\"128\">Material<\/td>\n<td width=\"58\">\/<\/td>\n<td colspan=\"2\" width=\"345\">Wasserabweisendes Garn und Klebeband<\/td>\n<\/tr>\n<tr>\n<td width=\"179\">Mitglied der peripheren St\u00e4rke<\/td>\n<td width=\"128\">Material<\/td>\n<td width=\"58\">\/<\/td>\n<td colspan=\"2\" width=\"345\">Aramidgarn<\/td>\n<\/tr>\n<tr>\n<td rowspan=\"3\" width=\"179\"><strong>\u00a0<\/strong><\/p>\n<p>Innenmantel<\/td>\n<td width=\"128\">Material<\/td>\n<td width=\"58\">\/<\/td>\n<td colspan=\"2\" width=\"345\">MDPE<\/td>\n<\/tr>\n<tr>\n<td width=\"128\">Farbe<\/td>\n<td width=\"58\">\/<\/td>\n<td colspan=\"2\" width=\"345\">Schwarz<\/td>\n<\/tr>\n<tr>\n<td width=\"128\">Durchschnittliche Dicke<\/td>\n<td width=\"58\">mm<\/td>\n<td colspan=\"2\" width=\"345\">0.7<\/td>\n<\/tr>\n<tr>\n<td rowspan=\"3\" width=\"179\"><strong>\u00a0<\/strong><\/p>\n<p>Au\u00dfenmantel<\/td>\n<td width=\"128\">Material<\/td>\n<td width=\"58\">\/<\/td>\n<td colspan=\"2\" width=\"345\">MDPE<\/td>\n<\/tr>\n<tr>\n<td width=\"128\">Farbe<\/td>\n<td width=\"58\">\/<\/td>\n<td colspan=\"2\" width=\"345\">Schwarz<\/td>\n<\/tr>\n<tr>\n<td width=\"128\">Durchschnittliche Dicke<\/td>\n<td width=\"58\">mm<\/td>\n<td colspan=\"2\" width=\"345\">1.6<\/td>\n<\/tr>\n<tr>\n<td rowspan=\"2\" width=\"179\"><strong>\u00a0<\/strong><\/p>\n<p>D\u00e4mpfung (nach Kabel)<\/td>\n<td width=\"128\">1310 nm<\/td>\n<td width=\"58\">dB\/km<\/td>\n<td colspan=\"2\" width=\"345\">\u00a30.36<\/td>\n<\/tr>\n<tr>\n<td width=\"128\">1550 nm<\/td>\n<td width=\"58\">dB\/km<\/td>\n<td colspan=\"2\" width=\"345\">\u00a30.22<\/td>\n<\/tr>\n<tr>\n<td width=\"179\">Kabeldurchmesser<\/td>\n<td width=\"128\">\u00b15%<\/td>\n<td width=\"58\">mm<\/td>\n<td width=\"172\">13.3<\/td>\n<td width=\"172\">16.1<\/td>\n<\/tr>\n<tr>\n<td width=\"179\">Kabelgewicht<\/td>\n<td width=\"128\">\u00b17%<\/td>\n<td width=\"58\">kg\/km<\/td>\n<td width=\"172\">135<\/td>\n<td width=\"172\">197<\/td>\n<\/tr>\n<tr>\n<td width=\"179\">Geeignete Spanne<\/td>\n<td width=\"128\">\/<\/td>\n<td width=\"58\">m<\/td>\n<td colspan=\"2\" width=\"345\">50<\/td>\n<\/tr>\n<tr>\n<td width=\"179\">Durchhang<\/td>\n<td width=\"128\">\/<\/td>\n<td width=\"58\">%<\/td>\n<td colspan=\"2\" width=\"345\">1<\/td>\n<\/tr>\n<tr>\n<td width=\"179\">Glasurst\u00e4rke<\/td>\n<td width=\"128\">\/<\/td>\n<td width=\"58\">mm<\/td>\n<td colspan=\"2\" width=\"345\">0<\/td>\n<\/tr>\n<tr>\n<td width=\"179\">Windgeschwindigkeit<\/td>\n<td width=\"128\">\/<\/td>\n<td width=\"58\">MS<\/td>\n<td colspan=\"2\" width=\"345\">25<\/td>\n<\/tr>\n<\/tbody>\n<\/table>\n<p><strong><b>\u00a0<\/b><\/strong><\/p>\n<p><strong><b>Standardfarbe von Faser und Schlauch<\/b><\/strong><\/p>\n<p>Der Farbcode der Rohre und der einzelnen Fasern muss der folgenden Tabelle entsprechen:<\/p>\n<table>\n<tbody>\n<tr>\n<td width=\"183\">Nein.<\/td>\n<td width=\"82\">1<\/td>\n<td width=\"82\">2<\/td>\n<td width=\"82\">3<\/td>\n<td width=\"82\">4<\/td>\n<td width=\"82\">5<\/td>\n<td width=\"80\">6<\/td>\n<\/tr>\n<tr>\n<td width=\"183\">Farbe<\/td>\n<td width=\"82\">Blau<\/td>\n<td width=\"82\">Orange<\/td>\n<td width=\"82\">Gr\u00fcn<\/td>\n<td width=\"82\">Braun<\/td>\n<td width=\"82\">Slate<\/td>\n<td width=\"80\">White<\/td>\n<\/tr>\n<tr>\n<td width=\"183\">Nein.<\/td>\n<td width=\"82\">7<\/td>\n<td width=\"82\">8<\/td>\n<td width=\"82\">9<\/td>\n<td width=\"82\">10<\/td>\n<td width=\"82\">11<\/td>\n<td width=\"80\">12<\/td>\n<\/tr>\n<tr>\n<td width=\"183\">Farbe<\/td>\n<td width=\"82\">Rot<\/td>\n<td width=\"82\">Schwarz<\/td>\n<td width=\"82\">Gelb<\/td>\n<td width=\"82\">Violett<\/td>\n<td width=\"82\">Rosa<\/td>\n<td width=\"80\">Aqua<\/td>\n<\/tr>\n<\/tbody>\n<\/table>\n<p>&nbsp;<\/p>\n<p><strong><b>Mechanische und Umweltleistung<\/b><\/strong><\/p>\n<table>\n<tbody>\n<tr>\n<td width=\"221\"><strong>Artikel<\/strong><\/td>\n<td width=\"270\"><strong>Inhalt<\/strong><\/td>\n<td width=\"221\"><strong>Wert<\/strong><\/td>\n<\/tr>\n<tr>\n<td width=\"221\">Max. Zuglast (64 Kern)<\/td>\n<td width=\"270\">Maximal zul\u00e4ssige Spannung<\/td>\n<td width=\"221\">2000 N (Faserdehnung \u2264 0,33 %)<\/td>\n<\/tr>\n<tr>\n<td width=\"221\">Max. Zugbelastung (96 Kern)<\/td>\n<td width=\"270\">Maximal zul\u00e4ssige Spannung<\/td>\n<td width=\"221\">2300 N (Faserdehnung \u2264 0,33 %)<\/td>\n<\/tr>\n<tr>\n<td rowspan=\"2\" width=\"221\"><strong>\u00a0<\/strong><\/p>\n<p>Max. Druckfestigkeit<\/td>\n<td width=\"270\">Kurzfristig<\/td>\n<td width=\"221\">2200 N\/100 mm<\/td>\n<\/tr>\n<tr>\n<td width=\"270\">Langfristig<\/td>\n<td width=\"221\">700N<\/td>\n<\/tr>\n<tr>\n<td rowspan=\"2\" width=\"221\"><strong>\u00a0<\/strong><\/p>\n<p>Min. Biegeradius<\/td>\n<td width=\"270\">Installation<\/td>\n<td width=\"221\">25 x Kabeldurchmesser<\/td>\n<\/tr>\n<tr>\n<td width=\"270\">Betrieb<\/td>\n<td width=\"221\">15 x Kabeldurchmesser<\/td>\n<\/tr>\n<tr>\n<td rowspan=\"3\" width=\"221\"><strong>\u00a0<\/strong><\/p>\n<p>Temperaturbereich<\/td>\n<td width=\"270\">Betrieb<\/td>\n<td width=\"221\">-40\u2103 ~ +70\u2103<\/td>\n<\/tr>\n<tr>\n<td width=\"270\">Installation<\/td>\n<td width=\"221\">-20\u2103 ~ +60\u2103<\/td>\n<\/tr>\n<tr>\n<td width=\"270\">Lagerung\/Transport<\/td>\n<td width=\"221\">-40\u2103 ~ +70\u2103<\/td>\n<\/tr>\n<\/tbody>\n<\/table>\n<p><strong><b>\u00a0<\/b><\/strong><\/p>\n<p><strong><b>Technische Parameter der optischen Faser-SMF<\/b><\/strong><\/p>\n<table>\n<tbody>\n<tr>\n<td colspan=\"2\" rowspan=\"2\" width=\"457\">Artikel<\/td>\n<td rowspan=\"2\" width=\"84\">Einheit<\/td>\n<td width=\"169\">Spezifikation<\/td>\n<\/tr>\n<tr>\n<td width=\"169\">G. 652D<\/td>\n<\/tr>\n<tr>\n<td rowspan=\"2\" width=\"324\">Modusfelddurchmesser<\/td>\n<td width=\"132\">1310 nm<\/td>\n<td width=\"84\">mm<\/td>\n<td width=\"169\">9,2 \u00b1 0,4<\/td>\n<\/tr>\n<tr>\n<td width=\"132\">1550 nm<\/td>\n<td width=\"84\">mm<\/td>\n<td width=\"169\">10,4 \u00b1 0,5<\/td>\n<\/tr>\n<tr>\n<td colspan=\"2\" width=\"457\">Verkleidungsdurchmesser<\/td>\n<td width=\"84\">mm<\/td>\n<td width=\"169\">125,0 \u00b1 0,7<\/td>\n<\/tr>\n<tr>\n<td colspan=\"2\" width=\"457\">Unrundheit der Verkleidung<\/td>\n<td width=\"84\">%<\/td>\n<td width=\"169\">\u00a31.0<\/td>\n<\/tr>\n<tr>\n<td colspan=\"2\" width=\"457\">Kernkonzentrizit\u00e4tsfehler<\/td>\n<td width=\"84\">mm<\/td>\n<td width=\"169\">\u00a30.6<\/td>\n<\/tr>\n<tr>\n<td colspan=\"2\" width=\"457\">Beschichtungsdurchmesser<\/td>\n<td width=\"84\">mm<\/td>\n<td width=\"169\">242 \u00b1 7<\/td>\n<\/tr>\n<tr>\n<td colspan=\"2\" width=\"457\">Konzentrizit\u00e4tsfehler der Beschichtung\/Verkleidung<\/td>\n<td width=\"84\">mm<\/td>\n<td width=\"169\">\u00a312<\/td>\n<\/tr>\n<tr>\n<td colspan=\"2\" width=\"457\">Kabel-Grenzwellenl\u00e4nge \u03bbcc<\/td>\n<td width=\"84\">nm<\/td>\n<td width=\"169\">\u00a3\u00a01260<\/td>\n<\/tr>\n<tr>\n<td rowspan=\"2\" width=\"324\">D\u00e4mpfung<\/td>\n<td width=\"132\">1310 nm<\/td>\n<td width=\"84\">dB\/km<\/td>\n<td width=\"169\">\u00a30.35<\/td>\n<\/tr>\n<tr>\n<td width=\"132\">1550 nm<\/td>\n<td width=\"84\">dB\/km<\/td>\n<td width=\"169\">\u00a30.21<\/td>\n<\/tr>\n<\/tbody>\n<\/table>","protected":false},"excerpt":{"rendered":"<p>Das 96-adrige ADSS-Kabel von OMC verf\u00fcgt \u00fcber eine doppelt ummantelte Kabelstruktur und einen Kabelk\u00f6rper mit 1+8 R\u00f6hren, um dieses leistungsstarke Installationskabel f\u00fcr Au\u00dfenantennen zu bauen. Die ADSS-Struktur der optischen Kabel \u00fcbernimmt eine verdrillte B\u00fcndeladerstruktur. 250-\u00b5m-Lichtwellenleiter werden in ein B\u00fcndeladerrohr aus hochmoduligem Polyester eingef\u00fchrt und mit nichtmetallischen Verst\u00e4rkungselementen (FRP) um [\u2026] gef\u00fcllt.<\/p>","protected":false},"featured_media":10943,"comment_status":"closed","ping_status":"closed","template":"","meta":{"site-sidebar-layout":"default","site-content-layout":"","ast-site-content-layout":"default","site-content-style":"default","site-sidebar-style":"default","ast-global-header-display":"","ast-banner-title-visibility":"","ast-main-header-display":"","ast-hfb-above-header-display":"","ast-hfb-below-header-display":"","ast-hfb-mobile-header-display":"","site-post-title":"","ast-breadcrumbs-content":"","ast-featured-img":"","footer-sml-layout":"","theme-transparent-header-meta":"default","adv-header-id-meta":"","stick-header-meta":"default","header-above-stick-meta":"","header-main-stick-meta":"","header-below-stick-meta":"","astra-migrate-meta-layouts":"set","ast-page-background-enabled":"default","ast-page-background-meta":{"desktop":{"background-color":"var(--ast-global-color-4)","background-image":"","background-repeat":"repeat","background-position":"center center","background-size":"auto","background-attachment":"scroll","background-type":"","background-media":"","overlay-type":"","overlay-color":"","overlay-gradient":""},"tablet":{"background-color":"","background-image":"","background-repeat":"repeat","background-position":"center center","background-size":"auto","background-attachment":"scroll","background-type":"","background-media":"","overlay-type":"","overlay-color":"","overlay-gradient":""},"mobile":{"background-color":"","background-image":"","background-repeat":"repeat","background-position":"center center","background-size":"auto","background-attachment":"scroll","background-type":"","background-media":"","overlay-type":"","overlay-color":"","overlay-gradient":""}},"ast-content-background-meta":{"desktop":{"background-color":"var(--ast-global-color-5)","background-image":"","background-repeat":"repeat","background-position":"center center","background-size":"auto","background-attachment":"scroll","background-type":"","background-media":"","overlay-type":"","overlay-color":"","overlay-gradient":""},"tablet":{"background-color":"var(--ast-global-color-5)","background-image":"","background-repeat":"repeat","background-position":"center center","background-size":"auto","background-attachment":"scroll","background-type":"","background-media":"","overlay-type":"","overlay-color":"","overlay-gradient":""},"mobile":{"background-color":"var(--ast-global-color-5)","background-image":"","background-repeat":"repeat","background-position":"center center","background-size":"auto","background-attachment":"scroll","background-type":"","background-media":"","overlay-type":"","overlay-color":"","overlay-gradient":""}}},"product_cat":[125,142],"product_tag":[],"class_list":{"0":"post-10939","1":"product","2":"type-product","3":"status-publish","4":"has-post-thumbnail","6":"product_cat-adss-cable","7":"product_cat-adss-cabledouble-sheath","8":"desktop-align-left","9":"tablet-align-left","10":"mobile-align-left","11":"ast-product-gallery-layout-horizontal-slider","12":"ast-product-tabs-layout-horizontal","14":"first","15":"instock","16":"shipping-taxable","17":"product-type-simple"},"acf":[],"_links":{"self":[{"href":"https:\/\/www.omccable.com\/de\/wp-json\/wp\/v2\/product\/10939","targetHints":{"allow":["GET"]}}],"collection":[{"href":"https:\/\/www.omccable.com\/de\/wp-json\/wp\/v2\/product"}],"about":[{"href":"https:\/\/www.omccable.com\/de\/wp-json\/wp\/v2\/types\/product"}],"replies":[{"embeddable":true,"href":"https:\/\/www.omccable.com\/de\/wp-json\/wp\/v2\/comments?post=10939"}],"version-history":[{"count":2,"href":"https:\/\/www.omccable.com\/de\/wp-json\/wp\/v2\/product\/10939\/revisions"}],"predecessor-version":[{"id":13310,"href":"https:\/\/www.omccable.com\/de\/wp-json\/wp\/v2\/product\/10939\/revisions\/13310"}],"wp:featuredmedia":[{"embeddable":true,"href":"https:\/\/www.omccable.com\/de\/wp-json\/wp\/v2\/media\/10943"}],"wp:attachment":[{"href":"https:\/\/www.omccable.com\/de\/wp-json\/wp\/v2\/media?parent=10939"}],"wp:term":[{"taxonomy":"product_cat","embeddable":true,"href":"https:\/\/www.omccable.com\/de\/wp-json\/wp\/v2\/product_cat?post=10939"},{"taxonomy":"product_tag","embeddable":true,"href":"https:\/\/www.omccable.com\/de\/wp-json\/wp\/v2\/product_tag?post=10939"}],"curies":[{"name":"wp","href":"https:\/\/api.w.org\/{rel}","templated":true}]}}