{"id":10935,"date":"2024-06-03T14:33:41","date_gmt":"2024-06-03T06:33:41","guid":{"rendered":"https:\/\/www.omccable.com\/?post_type=product&#038;p=10935"},"modified":"2025-08-30T11:28:47","modified_gmt":"2025-08-30T03:28:47","slug":"200m-span-24f48f-sm-adss-cable-single-sheath","status":"publish","type":"product","link":"https:\/\/www.omccable.com\/de\/produkt\/200m-span-24f48f-sm-adss-cable-single-sheath\/","title":{"rendered":"200 m Spannweite 24F &amp; 48F SM ADSS-Kabel \u2013 Einzelmantel"},"content":{"rendered":"<p>Das 24F&amp;96F SM ADSS-Kabel von OMC wird f\u00fcr den Aufbau dieses leistungsstarken Au\u00dfenantennen-Installationskabels mit einer einmanteligen Kabelstruktur verwendet. Diese ADSS-Kabel bieten zuverl\u00e4ssige Selbstunterst\u00fctzungsleistung f\u00fcr Entfernungen von bis zu 200 m. Daher ist das ADSS-Kabel ideal f\u00fcr die Installation in Verteilungs- und \u00dcbertragungsumgebungen, selbst wenn Live-Line-Installationen erforderlich sind. Wie der Name schon sagt, ist keine St\u00fctze oder Tragleitung erforderlich, sodass die Installation in einem einzigen Durchgang erfolgt, was ADSS zu einer kosteng\u00fcnstigen und einfachen M\u00f6glichkeit zum Aufbau eines Glasfasernetzwerks macht.<\/p>\n<p>&nbsp;<\/p>\n<p><strong><b>Merkmale und Vorteile<\/b><\/strong><\/p>\n<p>Nichtmetallische Struktur, gute Isolierung, Blitzschutz<\/p>\n<p>Das Aramidgarn verf\u00fcgt \u00fcber eine hervorragende Produktionstechnologie, eine gleichm\u00e4\u00dfige Kraft, ein hervorragendes Spannungs-Dehnungs-Verhalten, eine hervorragende Schussfestigkeit und beste Anti-Elektro-Korrosionsleistung<\/p>\n<p>Keine Blackout-Konstruktion, Stromleitungsausfall hat keinen Einfluss auf die normale \u00dcbertragung des optischen Kabels<\/p>\n<p>Glatte Form, sodass das Kabel eine hervorragende aerodynamische Leistung aufweist<\/p>\n<p>&nbsp;<\/p>\n<p><strong><b>Kabelstruktur<\/b><\/strong><\/p>\n<table>\n<tbody>\n<tr>\n<td width=\"110\"><strong>Artikel<\/strong><\/td>\n<td width=\"89\"><strong>Inhalt<\/strong><\/td>\n<td colspan=\"2\" width=\"122\"><strong>Einheit<\/strong><\/td>\n<td colspan=\"3\" width=\"389\"><strong>Wert<\/strong><\/td>\n<\/tr>\n<tr>\n<td width=\"110\">Faseranzahl<\/td>\n<td width=\"89\">Zahl<\/td>\n<td colspan=\"2\" width=\"122\">\/<\/td>\n<td width=\"158\">24<\/td>\n<td colspan=\"2\" width=\"231\">48<\/td>\n<\/tr>\n<tr>\n<td width=\"110\">Fasertyp<\/td>\n<td width=\"89\">\/<\/td>\n<td colspan=\"2\" width=\"122\">\/<\/td>\n<td colspan=\"3\" width=\"389\">G652D<\/td>\n<\/tr>\n<tr>\n<td width=\"110\">Kabelstruktur<\/td>\n<td width=\"89\">\/<\/td>\n<td colspan=\"2\" width=\"122\">\/<\/td>\n<td width=\"158\">1+6<\/td>\n<td colspan=\"2\" width=\"231\">1+6<\/td>\n<\/tr>\n<tr>\n<td width=\"110\">Fasern pro R\u00f6hre<\/td>\n<td width=\"89\">Z\u00e4hlen<\/td>\n<td colspan=\"2\" width=\"122\">\/<\/td>\n<td width=\"158\">6<\/td>\n<td colspan=\"2\" width=\"231\">12<\/td>\n<\/tr>\n<tr>\n<td rowspan=\"3\" width=\"110\">&nbsp;<\/p>\n<p>Lose R\u00f6hre<\/td>\n<td width=\"89\">Material<\/td>\n<td colspan=\"2\" width=\"122\">\/<\/td>\n<td colspan=\"3\" width=\"389\">PBT<\/td>\n<\/tr>\n<tr>\n<td width=\"89\">Nominell<\/p>\n<p>Durchmesser<\/td>\n<td colspan=\"2\" width=\"122\">mm<\/td>\n<td width=\"158\">2.3<\/td>\n<td colspan=\"2\" width=\"231\">2.3<\/td>\n<\/tr>\n<tr>\n<td width=\"89\">Farbe<\/td>\n<td colspan=\"2\" width=\"122\">\/<\/td>\n<td colspan=\"3\" width=\"389\">Blau, Orange, Gr\u00fcn, Braun, Grau, Wei\u00df, Rot, Schwarz, Gelb, Violett, Rosa, Aquamarin<\/td>\n<\/tr>\n<tr>\n<td rowspan=\"3\" width=\"110\">Zentrales St\u00e4rkemitglied<\/td>\n<td width=\"89\">Material<\/td>\n<td colspan=\"2\" width=\"122\">\/<\/td>\n<td colspan=\"3\" width=\"389\">FRP- und PE-Polsterschicht<\/td>\n<\/tr>\n<tr>\n<td width=\"89\">Nominell<\/p>\n<p>Durchmesser<\/td>\n<td colspan=\"2\" width=\"122\">mm<\/td>\n<td width=\"158\">2.5<\/td>\n<td colspan=\"2\" width=\"231\">2.5<\/td>\n<\/tr>\n<tr>\n<td width=\"89\">PE-Kissen<\/td>\n<td colspan=\"2\" width=\"122\">mm<\/td>\n<td colspan=\"3\" width=\"389\">\u2013<\/td>\n<\/tr>\n<tr>\n<td width=\"110\">Wasserblockierend<\/td>\n<td colspan=\"3\" width=\"212\">Material<\/td>\n<td colspan=\"3\" width=\"389\">Wasserabweisendes Garn und Klebeband<\/td>\n<\/tr>\n<tr>\n<td width=\"110\">Peripherie<\/p>\n<p>St\u00e4rkemitglied<\/td>\n<td colspan=\"3\" width=\"212\">Material<\/td>\n<td colspan=\"3\" width=\"389\">Aramidgarn<\/td>\n<\/tr>\n<tr>\n<td rowspan=\"3\" width=\"110\">Scheide<\/td>\n<td colspan=\"3\" width=\"212\">Material<\/td>\n<td colspan=\"3\" width=\"389\">HDPE<\/td>\n<\/tr>\n<tr>\n<td colspan=\"3\" width=\"212\">Farbe<\/td>\n<td colspan=\"3\" width=\"389\">Schwarz<\/td>\n<\/tr>\n<tr>\n<td colspan=\"2\" width=\"117\">Dicke<\/td>\n<td width=\"94\">Mm<\/td>\n<td colspan=\"3\" width=\"389\">Nominell: 1,7<\/td>\n<\/tr>\n<tr>\n<td rowspan=\"2\" width=\"110\">D\u00e4mpfung<\/p>\n<p>(nach Kabel)<\/td>\n<td colspan=\"2\" width=\"117\">1310 nm<\/td>\n<td width=\"94\">dB\/km<\/td>\n<td colspan=\"3\" width=\"389\">\u00a30.36<\/td>\n<\/tr>\n<tr>\n<td colspan=\"2\" width=\"117\">1550 nm<\/td>\n<td width=\"94\">dB\/km<\/td>\n<td colspan=\"3\" width=\"389\">\u00a30.22<\/td>\n<\/tr>\n<tr>\n<td width=\"110\">Kabeldurchmesser<\/td>\n<td colspan=\"2\" width=\"117\">\u00b15%<\/td>\n<td width=\"94\">mm<\/td>\n<td colspan=\"2\" width=\"194\">11.5<\/td>\n<td width=\"194\">11.5<\/td>\n<\/tr>\n<tr>\n<td width=\"110\">Kabelgewicht<\/td>\n<td colspan=\"2\" width=\"117\">\u00b110%<\/td>\n<td width=\"94\">kg\/km<\/td>\n<td colspan=\"2\" width=\"194\">101<\/td>\n<td width=\"194\">104<\/td>\n<\/tr>\n<\/tbody>\n<\/table>\n<p><strong><b>\u00a0<\/b><\/strong><\/p>\n<p><strong><b>Standardfarbe von Faser und Schlauch<\/b><\/strong><\/p>\n<p>Der Farbcode der Rohre und der einzelnen Fasern muss der folgenden Tabelle entsprechen:<\/p>\n<p>&nbsp;<\/p>\n<table>\n<tbody>\n<tr>\n<td width=\"183\">Nein.<\/td>\n<td width=\"82\">1<\/td>\n<td width=\"82\">2<\/td>\n<td width=\"82\">3<\/td>\n<td width=\"82\">4<\/td>\n<td width=\"82\">5<\/td>\n<td width=\"80\">6<\/td>\n<\/tr>\n<tr>\n<td width=\"183\">Farbe<\/td>\n<td width=\"82\">Blau<\/td>\n<td width=\"82\">Orange<\/td>\n<td width=\"82\">Gr\u00fcn<\/td>\n<td width=\"82\">Braun<\/td>\n<td width=\"82\">Slate<\/td>\n<td width=\"80\">White<\/td>\n<\/tr>\n<tr>\n<td width=\"183\">Nein.<\/td>\n<td width=\"82\">7<\/td>\n<td width=\"82\">8<\/td>\n<td width=\"82\">9<\/td>\n<td width=\"82\">10<\/td>\n<td width=\"82\">11<\/td>\n<td width=\"80\">12<\/td>\n<\/tr>\n<tr>\n<td width=\"183\">Farbe<\/td>\n<td width=\"82\">Rot<\/td>\n<td width=\"82\">Schwarz<\/td>\n<td width=\"82\">Gelb<\/td>\n<td width=\"82\">Violett<\/td>\n<td width=\"82\">Rosa<\/td>\n<td width=\"80\">Aqua<\/td>\n<\/tr>\n<\/tbody>\n<\/table>\n<p>&nbsp;<\/p>\n<p><strong><b>Mechanische und Umweltleistung<\/b><\/strong><\/p>\n<table>\n<tbody>\n<tr>\n<td width=\"221\"><strong>Artikel<\/strong><\/td>\n<td width=\"217\"><strong>Inhalt<\/strong><\/td>\n<td width=\"273\"><strong>Wert<\/strong><\/td>\n<\/tr>\n<tr>\n<td width=\"221\">Max. Zugbelastung<\/td>\n<td width=\"217\">Maximal zul\u00e4ssige Spannung<\/td>\n<td width=\"273\">6000N Faserdehnung \u2264 0,33 %<\/td>\n<\/tr>\n<tr>\n<td width=\"221\">Max. Druckfestigkeit<\/td>\n<td width=\"217\">Kurzfristig<\/td>\n<td width=\"273\">2000 N\/100 mm<\/td>\n<\/tr>\n<tr>\n<td rowspan=\"2\" width=\"221\"><strong>\u00a0<\/strong><\/p>\n<p>Min. Biegeradius<\/td>\n<td width=\"217\">Installation<\/td>\n<td width=\"273\">25 x Kabeldurchmesser<\/td>\n<\/tr>\n<tr>\n<td width=\"217\">Betrieb<\/td>\n<td width=\"273\">12,5 x Kabeldurchmesser<\/td>\n<\/tr>\n<tr>\n<td rowspan=\"3\" width=\"221\"><strong>\u00a0<\/strong><\/p>\n<p>Temperaturbereich<\/td>\n<td width=\"217\">Betrieb<\/td>\n<td width=\"273\">-40\u2103 ~ +70\u2103<\/td>\n<\/tr>\n<tr>\n<td width=\"217\">Installation<\/td>\n<td width=\"273\">-20\u2103 ~ +60\u2103<\/td>\n<\/tr>\n<tr>\n<td width=\"217\">Lagerung\/Transport<\/td>\n<td width=\"273\">-40\u2103 ~ +70\u2103<\/td>\n<\/tr>\n<\/tbody>\n<\/table>\n<p>&nbsp;<\/p>\n<p><strong><b>Technische Parameter der optischen Faser-SMF<\/b><\/strong><\/p>\n<table>\n<tbody>\n<tr>\n<td colspan=\"2\" rowspan=\"2\" width=\"457\"><strong>Artikel<\/strong><\/td>\n<td rowspan=\"2\" width=\"84\"><strong>Einheit<\/strong><\/td>\n<td width=\"169\"><strong>Spezifikation<\/strong><\/td>\n<\/tr>\n<tr>\n<td width=\"169\">G. 652D<\/td>\n<\/tr>\n<tr>\n<td rowspan=\"2\" width=\"324\">Modusfelddurchmesser<\/td>\n<td width=\"132\">1310 nm<\/td>\n<td width=\"84\">mm<\/td>\n<td width=\"169\">9,2 \u00b1 0,4<\/td>\n<\/tr>\n<tr>\n<td width=\"132\">1550 nm<\/td>\n<td width=\"84\">mm<\/td>\n<td width=\"169\">10,4 \u00b1 0,5<\/td>\n<\/tr>\n<tr>\n<td colspan=\"2\" width=\"457\">Verkleidungsdurchmesser<\/td>\n<td width=\"84\">mm<\/td>\n<td width=\"169\">125,0 \u00b1 0,7<\/td>\n<\/tr>\n<tr>\n<td colspan=\"2\" width=\"457\">Unrundheit der Verkleidung<\/td>\n<td width=\"84\">%<\/td>\n<td width=\"169\">\u00a31.0<\/td>\n<\/tr>\n<tr>\n<td colspan=\"2\" width=\"457\">Kernkonzentrizit\u00e4tsfehler<\/td>\n<td width=\"84\">mm<\/td>\n<td width=\"169\">\u00a30.6<\/td>\n<\/tr>\n<tr>\n<td colspan=\"2\" width=\"457\">Beschichtungsdurchmesser<\/td>\n<td width=\"84\">mm<\/td>\n<td width=\"169\">242 \u00b1 7<\/td>\n<\/tr>\n<tr>\n<td colspan=\"2\" width=\"457\">Konzentrizit\u00e4tsfehler der Beschichtung\/Verkleidung<\/td>\n<td width=\"84\">mm<\/td>\n<td width=\"169\">\u00a312<\/td>\n<\/tr>\n<tr>\n<td colspan=\"2\" width=\"457\">Kabel-Grenzwellenl\u00e4nge \u03bbcc<\/td>\n<td width=\"84\">nm<\/td>\n<td width=\"169\">\u00a3\u00a01260<\/td>\n<\/tr>\n<tr>\n<td rowspan=\"2\" width=\"324\">D\u00e4mpfung<\/td>\n<td width=\"132\">1310 nm<\/td>\n<td width=\"84\">dB\/km<\/td>\n<td width=\"169\">\u00a30.35<\/td>\n<\/tr>\n<tr>\n<td width=\"132\">1550 nm<\/td>\n<td width=\"84\">dB\/km<\/td>\n<td width=\"169\">\u00a30.21<\/td>\n<\/tr>\n<\/tbody>\n<\/table>","protected":false},"excerpt":{"rendered":"<p>Das 24F&amp;96F SM ADSS-Kabel von OMC wird f\u00fcr den Aufbau dieses leistungsstarken Au\u00dfenantennen-Installationskabels mit einer einmanteligen Kabelstruktur verwendet. Diese ADSS-Kabel bieten zuverl\u00e4ssige Selbstunterst\u00fctzungsleistung f\u00fcr Entfernungen von bis zu 200 m. Daher ist das ADSS-Kabel ideal f\u00fcr die Installation in Verteilungs- und \u00dcbertragungsumgebungen, selbst wenn Live-Line-Installationen erforderlich sind. Da es [\u2026]<\/p>","protected":false},"featured_media":10937,"comment_status":"closed","ping_status":"closed","template":"","meta":{"site-sidebar-layout":"default","site-content-layout":"","ast-site-content-layout":"default","site-content-style":"default","site-sidebar-style":"default","ast-global-header-display":"","ast-banner-title-visibility":"","ast-main-header-display":"","ast-hfb-above-header-display":"","ast-hfb-below-header-display":"","ast-hfb-mobile-header-display":"","site-post-title":"","ast-breadcrumbs-content":"","ast-featured-img":"","footer-sml-layout":"","theme-transparent-header-meta":"default","adv-header-id-meta":"","stick-header-meta":"default","header-above-stick-meta":"","header-main-stick-meta":"","header-below-stick-meta":"","astra-migrate-meta-layouts":"set","ast-page-background-enabled":"default","ast-page-background-meta":{"desktop":{"background-color":"var(--ast-global-color-4)","background-image":"","background-repeat":"repeat","background-position":"center center","background-size":"auto","background-attachment":"scroll","background-type":"","background-media":"","overlay-type":"","overlay-color":"","overlay-gradient":""},"tablet":{"background-color":"","background-image":"","background-repeat":"repeat","background-position":"center center","background-size":"auto","background-attachment":"scroll","background-type":"","background-media":"","overlay-type":"","overlay-color":"","overlay-gradient":""},"mobile":{"background-color":"","background-image":"","background-repeat":"repeat","background-position":"center center","background-size":"auto","background-attachment":"scroll","background-type":"","background-media":"","overlay-type":"","overlay-color":"","overlay-gradient":""}},"ast-content-background-meta":{"desktop":{"background-color":"var(--ast-global-color-5)","background-image":"","background-repeat":"repeat","background-position":"center center","background-size":"auto","background-attachment":"scroll","background-type":"","background-media":"","overlay-type":"","overlay-color":"","overlay-gradient":""},"tablet":{"background-color":"var(--ast-global-color-5)","background-image":"","background-repeat":"repeat","background-position":"center center","background-size":"auto","background-attachment":"scroll","background-type":"","background-media":"","overlay-type":"","overlay-color":"","overlay-gradient":""},"mobile":{"background-color":"var(--ast-global-color-5)","background-image":"","background-repeat":"repeat","background-position":"center center","background-size":"auto","background-attachment":"scroll","background-type":"","background-media":"","overlay-type":"","overlay-color":"","overlay-gradient":""}}},"product_cat":[125,141],"product_tag":[],"class_list":{"0":"post-10935","1":"product","2":"type-product","3":"status-publish","4":"has-post-thumbnail","6":"product_cat-adss-cable","7":"product_cat-adss-cablesingle-sheath","8":"desktop-align-left","9":"tablet-align-left","10":"mobile-align-left","11":"ast-product-gallery-layout-horizontal-slider","12":"ast-product-tabs-layout-horizontal","14":"first","15":"instock","16":"shipping-taxable","17":"product-type-simple"},"acf":[],"_links":{"self":[{"href":"https:\/\/www.omccable.com\/de\/wp-json\/wp\/v2\/product\/10935","targetHints":{"allow":["GET"]}}],"collection":[{"href":"https:\/\/www.omccable.com\/de\/wp-json\/wp\/v2\/product"}],"about":[{"href":"https:\/\/www.omccable.com\/de\/wp-json\/wp\/v2\/types\/product"}],"replies":[{"embeddable":true,"href":"https:\/\/www.omccable.com\/de\/wp-json\/wp\/v2\/comments?post=10935"}],"version-history":[{"count":2,"href":"https:\/\/www.omccable.com\/de\/wp-json\/wp\/v2\/product\/10935\/revisions"}],"predecessor-version":[{"id":13307,"href":"https:\/\/www.omccable.com\/de\/wp-json\/wp\/v2\/product\/10935\/revisions\/13307"}],"wp:featuredmedia":[{"embeddable":true,"href":"https:\/\/www.omccable.com\/de\/wp-json\/wp\/v2\/media\/10937"}],"wp:attachment":[{"href":"https:\/\/www.omccable.com\/de\/wp-json\/wp\/v2\/media?parent=10935"}],"wp:term":[{"taxonomy":"product_cat","embeddable":true,"href":"https:\/\/www.omccable.com\/de\/wp-json\/wp\/v2\/product_cat?post=10935"},{"taxonomy":"product_tag","embeddable":true,"href":"https:\/\/www.omccable.com\/de\/wp-json\/wp\/v2\/product_tag?post=10935"}],"curies":[{"name":"wp","href":"https:\/\/api.w.org\/{rel}","templated":true}]}}