{"id":10931,"date":"2024-06-03T10:46:26","date_gmt":"2024-06-03T02:46:26","guid":{"rendered":"https:\/\/www.omccable.com\/?post_type=product&#038;p=10931"},"modified":"2025-08-30T11:36:40","modified_gmt":"2025-08-30T03:36:40","slug":"100m-span-8-24cores-sm-adss-cable-single-sheath","status":"publish","type":"product","link":"https:\/\/www.omccable.com\/de\/produkt\/100m-span-8-24cores-sm-adss-cable-single-sheath\/","title":{"rendered":"100 m Spannweite, 8\u201324 Adern, SM-ADSS-Kabel, Einzelmantel"},"content":{"rendered":"<p>Das 12- und 24-adrige ADSS-Kabel ist das beliebteste ADSS-Kabel. Es wird eine einmantelige Kabelstruktur mit einem 1+2+4-R\u00f6hren-Kabelk\u00f6rper verwendet, um dieses leistungsstarke Au\u00dfenantennen-Installationskabel zu bauen.<\/p>\n<p>Die ADSS-Struktur der optischen Kabel \u00fcbernimmt die verdrillte Struktur der losen R\u00f6hre. 250-um-Lichtwellenleiter werden in eine B\u00fcndelader aus hochmoduligem Polyester eingef\u00fchrt und mit nichtmetallischen Verst\u00e4rkungselementen (FRP) um die Mitte des Kabels gef\u00fcllt, um einen runden Kern zu bilden. Der Spalt im Kern wird mit einer wasserabweisenden Salbe gef\u00fcllt. Zur Verst\u00e4rkung des Garns werden zwei Lagen Aramidgarn verdrillt, dann werden 2 St\u00fcck Rei\u00dfleinen unter einem Polyethylen (PE)-Mantel positioniert.<\/p>\n<p>Diese ADSS-Kabel bieten zuverl\u00e4ssige Selbstunterst\u00fctzungsleistung f\u00fcr Entfernungen von bis zu 100 m.<\/p>\n<p>Wie der Name schon sagt, enth\u00e4lt ADSS keinerlei metallische Bestandteile. Dadurch ist es leicht, nicht leitend und resistent gegen elektromagnetische St\u00f6rungen. Aufgrund seines dielektrischen Designs kann es direkt neben Hochspannungsleitungen installiert werden, ohne dass das Risiko elektrischer Gefahren besteht, weshalb es zu einer bevorzugten Wahl f\u00fcr Energieversorger und Telekommunikationsbetreiber weltweit geworden ist.<\/p>\n<p>&nbsp;<\/p>\n<p><strong><b>Merkmale und Vorteile<\/b><\/strong><\/p>\n<p>Nichtmetallische Struktur, gute Isolierung, Blitzschutz<\/p>\n<p>Das Aramidgarn verf\u00fcgt \u00fcber eine hervorragende Produktionstechnologie, eine gleichm\u00e4\u00dfige Kraft, ein hervorragendes Spannungs-Dehnungs-Verhalten, eine hervorragende Schussfestigkeit und beste Anti-Elektro-Korrosionsleistung<\/p>\n<p>Keine Blackout-Konstruktion, Stromleitungsausfall hat keinen Einfluss auf die normale \u00dcbertragung des optischen Kabels<\/p>\n<p>Glatte Form, sodass das Kabel eine hervorragende aerodynamische Leistung aufweist<\/p>\n<p>&nbsp;<\/p>\n<p><strong><b>Kabelstruktur<\/b><\/strong><\/p>\n<table>\n<tbody>\n<tr>\n<td width=\"110\"><strong>Artikel<\/strong><\/td>\n<td colspan=\"2\" width=\"84\"><strong>Inhalt<\/strong><\/td>\n<td width=\"54\"><strong>Einheit<\/strong><\/td>\n<td colspan=\"3\" width=\"462\"><strong>Wert<\/strong><\/td>\n<\/tr>\n<tr>\n<td width=\"110\">Faseranzahl<\/td>\n<td colspan=\"2\" width=\"84\">Zahl<\/td>\n<td width=\"54\">\/<\/td>\n<td width=\"154\">8<\/td>\n<td width=\"154\">12<\/td>\n<td width=\"154\">24<\/td>\n<\/tr>\n<tr>\n<td width=\"110\">Fasertyp<\/td>\n<td colspan=\"2\" width=\"84\">\/<\/td>\n<td width=\"54\">\/<\/td>\n<td colspan=\"3\" width=\"462\">G652D<\/td>\n<\/tr>\n<tr>\n<td width=\"110\">Kabelstruktur<\/td>\n<td colspan=\"2\" width=\"84\">\/<\/td>\n<td width=\"54\">\/<\/td>\n<td width=\"154\">1+5<\/td>\n<td width=\"154\">1+5<\/td>\n<td width=\"154\">1+5<\/td>\n<\/tr>\n<tr>\n<td width=\"110\">Fasern pro R\u00f6hre<\/td>\n<td colspan=\"2\" width=\"84\">Z\u00e4hlen<\/td>\n<td width=\"54\">\/<\/td>\n<td width=\"154\">8<\/td>\n<td width=\"154\">12<\/td>\n<td width=\"154\">12<\/td>\n<\/tr>\n<tr>\n<td width=\"110\"><strong>\u00a0<\/strong><\/p>\n<p>Faserfarbe<\/td>\n<td colspan=\"2\" width=\"84\"><strong>\u00a0<\/strong><\/p>\n<p>\/<\/td>\n<td width=\"54\"><strong>\u00a0<\/strong><\/p>\n<p>\/<\/td>\n<td colspan=\"3\" width=\"462\">Blau, Orange, Gr\u00fcn, Braun, Grau, Wei\u00df, Rot, Schwarz, Gelb, Violett,<\/p>\n<p>Rosa\u3001Aqua<\/td>\n<\/tr>\n<tr>\n<td rowspan=\"3\" width=\"110\"><strong>\u00a0<\/strong><\/p>\n<p><strong>\u00a0<\/strong><\/p>\n<p>Lose R\u00f6hre<\/td>\n<td colspan=\"2\" width=\"84\">Material<\/td>\n<td width=\"54\">\/<\/td>\n<td colspan=\"3\" width=\"462\">PBT<\/td>\n<\/tr>\n<tr>\n<td colspan=\"2\" width=\"84\">Nominell<\/p>\n<p>Durchmesser<\/td>\n<td width=\"54\">mm<\/td>\n<td colspan=\"3\" width=\"462\">2.1<\/td>\n<\/tr>\n<tr>\n<td colspan=\"2\" width=\"84\">Farbe<\/td>\n<td width=\"54\">\/<\/td>\n<td colspan=\"3\" width=\"462\">Blau, Orange, Gr\u00fcn, Braun, Grau, Wei\u00df, Rot, Schwarz, Gelb, Violett,<\/p>\n<p>Rosa\u3001Aqua<\/td>\n<\/tr>\n<tr>\n<td rowspan=\"3\" width=\"110\"><strong>\u00a0<\/strong><\/p>\n<p>Zentrales St\u00e4rkemitglied<\/td>\n<td colspan=\"2\" width=\"84\">Material<\/td>\n<td width=\"54\">\/<\/td>\n<td colspan=\"3\" width=\"462\">FRP- und PE-Polsterschicht<\/td>\n<\/tr>\n<tr>\n<td colspan=\"2\" width=\"84\">Nominell<\/p>\n<p>Durchmesser<\/td>\n<td width=\"54\">mm<\/td>\n<td width=\"154\">1.7<\/td>\n<td width=\"154\">1.7<\/td>\n<td width=\"154\">1.7<\/td>\n<\/tr>\n<tr>\n<td colspan=\"2\" width=\"84\">PE-Kissen<\/td>\n<td width=\"54\">mm<\/td>\n<td width=\"154\">\u2013<\/td>\n<td width=\"154\">\u2013<\/td>\n<td width=\"154\">\u2013<\/td>\n<\/tr>\n<tr>\n<td width=\"110\">Wasserblockierend<\/td>\n<td colspan=\"3\" width=\"138\">Material<\/td>\n<td colspan=\"3\" width=\"462\">Wasserabweisendes Garn und Klebeband<\/td>\n<\/tr>\n<tr>\n<td width=\"110\">Peripherie<\/p>\n<p>St\u00e4rkemitglied<\/td>\n<td colspan=\"3\" width=\"138\"><strong>\u00a0<\/strong><\/p>\n<p>Material<\/td>\n<td colspan=\"3\" width=\"462\"><strong>\u00a0<\/strong><\/p>\n<p>Aramidgarn<\/td>\n<\/tr>\n<tr>\n<td width=\"110\">Streifen<\/td>\n<td colspan=\"3\" width=\"138\">Farbe<\/td>\n<td colspan=\"3\" width=\"462\">Gelb<\/td>\n<\/tr>\n<tr>\n<td rowspan=\"3\" width=\"110\">Scheide<\/td>\n<td colspan=\"3\" width=\"138\">Material<\/td>\n<td colspan=\"3\" width=\"462\">MDPE<\/td>\n<\/tr>\n<tr>\n<td colspan=\"3\" width=\"138\">Farbe<\/td>\n<td colspan=\"3\" width=\"462\">Schwarz<\/td>\n<\/tr>\n<tr>\n<td width=\"69\">Dicke<\/td>\n<td colspan=\"2\" width=\"69\">mm<\/td>\n<td colspan=\"3\" width=\"462\">1,75 \u00b1 0,2<\/td>\n<\/tr>\n<tr>\n<td rowspan=\"2\" width=\"110\">D\u00e4mpfung<\/p>\n<p>(nach Kabel)<\/td>\n<td width=\"69\">1310 nm<\/td>\n<td colspan=\"2\" width=\"69\">dB\/km<\/td>\n<td colspan=\"3\" width=\"462\">\u00a30.36<\/td>\n<\/tr>\n<tr>\n<td width=\"69\">1550 nm<\/td>\n<td colspan=\"2\" width=\"69\">dB\/km<\/td>\n<td colspan=\"3\" width=\"462\">\u00a30.22<\/td>\n<\/tr>\n<tr>\n<td width=\"110\">Kabeldurchmesser<\/td>\n<td width=\"69\">\u00b15%<\/td>\n<td colspan=\"2\" width=\"69\">mm<\/td>\n<td width=\"154\">9.9<\/td>\n<td width=\"154\">10.0<\/td>\n<td width=\"154\">10.0<\/td>\n<\/tr>\n<tr>\n<td width=\"110\">Kabelgewicht<\/td>\n<td width=\"69\">\u00b110%<\/td>\n<td colspan=\"2\" width=\"69\">kg\/km<\/td>\n<td width=\"154\">78<\/td>\n<td width=\"154\">79<\/td>\n<td width=\"154\">79<\/td>\n<\/tr>\n<tr>\n<td width=\"110\">Geeignete Spanne<\/td>\n<td width=\"69\">\/<\/td>\n<td colspan=\"2\" width=\"69\">m<\/td>\n<td colspan=\"3\" width=\"462\">100<\/td>\n<\/tr>\n<tr>\n<td width=\"110\">Durchhang<\/td>\n<td width=\"69\">\/<\/td>\n<td colspan=\"2\" width=\"69\">%<\/td>\n<td colspan=\"3\" width=\"462\">1.5<\/td>\n<\/tr>\n<tr>\n<td width=\"110\">Vereisungsdicke<\/td>\n<td width=\"69\">\/<\/td>\n<td colspan=\"2\" width=\"69\">mm<\/td>\n<td colspan=\"3\" width=\"462\">0<\/td>\n<\/tr>\n<tr>\n<td width=\"110\">Windgeschwindigkeit<\/td>\n<td width=\"69\">\/<\/td>\n<td colspan=\"2\" width=\"69\">MS<\/td>\n<td colspan=\"3\" width=\"462\">25<\/td>\n<\/tr>\n<\/tbody>\n<\/table>\n<p><strong><b>\u00a0<\/b><\/strong><\/p>\n<p><strong><b>Standardfarbe von Faser und Schlauch<\/b><\/strong><\/p>\n<p>Der Farbcode der Rohre und der einzelnen Fasern muss der folgenden Tabelle entsprechen:<\/p>\n<table>\n<tbody>\n<tr>\n<td width=\"183\">Nein.<\/td>\n<td width=\"82\">1<\/td>\n<td width=\"82\">2<\/td>\n<td width=\"82\">3<\/td>\n<td width=\"82\">4<\/td>\n<td width=\"82\">5<\/td>\n<td width=\"80\">6<\/td>\n<\/tr>\n<tr>\n<td width=\"183\">Farbe<\/td>\n<td width=\"82\">Blau<\/td>\n<td width=\"82\">Orange<\/td>\n<td width=\"82\">Gr\u00fcn<\/td>\n<td width=\"82\">Braun<\/td>\n<td width=\"82\">Slate<\/td>\n<td width=\"80\">White<\/td>\n<\/tr>\n<tr>\n<td width=\"183\">Nein.<\/td>\n<td width=\"82\">7<\/td>\n<td width=\"82\">8<\/td>\n<td width=\"82\">9<\/td>\n<td width=\"82\">10<\/td>\n<td width=\"82\">11<\/td>\n<td width=\"80\">12<\/td>\n<\/tr>\n<tr>\n<td width=\"183\">Farbe<\/td>\n<td width=\"82\">Rot<\/td>\n<td width=\"82\">Schwarz<\/td>\n<td width=\"82\">Gelb<\/td>\n<td width=\"82\">Violett<\/td>\n<td width=\"82\">Rosa<\/td>\n<td width=\"80\">Aqua<\/td>\n<\/tr>\n<\/tbody>\n<\/table>\n<p>&nbsp;<\/p>\n<p><strong><b>Mechanische und Umweltleistung<\/b><\/strong><\/p>\n<table>\n<tbody>\n<tr>\n<td width=\"218\"><strong>Artikel<\/strong><\/td>\n<td width=\"219\"><strong>Inhalt<\/strong><\/td>\n<td width=\"271\"><strong>Wert<\/strong><\/td>\n<\/tr>\n<tr>\n<td width=\"218\">Max. Zugbelastung<\/td>\n<td width=\"219\">Maximal zul\u00e4ssige Spannung<\/td>\n<td width=\"271\">1700N Faserdehnung \u2264 0,33 %<\/td>\n<\/tr>\n<tr>\n<td width=\"218\">Max. Druckfestigkeit<\/td>\n<td width=\"219\">Kurzfristig<\/td>\n<td width=\"271\">1000 N\/100mm<\/td>\n<\/tr>\n<tr>\n<td rowspan=\"2\" width=\"218\"><strong>\u00a0<\/strong><\/p>\n<p>Min. Biegeradius<\/td>\n<td width=\"219\">Installation<\/td>\n<td width=\"271\">25 x Kabeldurchmesser<\/td>\n<\/tr>\n<tr>\n<td width=\"219\">Betrieb<\/td>\n<td width=\"271\">12,5 x Kabeldurchmesser<\/td>\n<\/tr>\n<tr>\n<td rowspan=\"3\" width=\"218\"><strong>\u00a0<\/strong><\/p>\n<p>Temperaturbereich<\/td>\n<td width=\"219\">Betrieb<\/td>\n<td width=\"271\">-40\u2103 ~ +70\u2103<\/td>\n<\/tr>\n<tr>\n<td width=\"219\">Installation<\/td>\n<td width=\"271\">-20\u2103 ~ +60\u2103<\/td>\n<\/tr>\n<tr>\n<td width=\"219\">Lagerung\/Transport<\/td>\n<td width=\"271\">-40\u2103 ~ +70\u2103<\/td>\n<\/tr>\n<\/tbody>\n<\/table>\n<p><strong><b>\u00a0<\/b><\/strong><\/p>\n<p><strong><b>Technische Parameter der optischen Faser-SMF<\/b><\/strong><\/p>\n<table>\n<tbody>\n<tr>\n<td colspan=\"2\" rowspan=\"2\" width=\"457\">Artikel<\/td>\n<td rowspan=\"2\" width=\"84\">Einheit<\/td>\n<td width=\"169\">Spezifikation<\/td>\n<\/tr>\n<tr>\n<td width=\"169\">G. 652D<\/td>\n<\/tr>\n<tr>\n<td rowspan=\"2\" width=\"324\">Modusfelddurchmesser<\/td>\n<td width=\"132\">1310 nm<\/td>\n<td width=\"84\">mm<\/td>\n<td width=\"169\">9,2 \u00b1 0,4<\/td>\n<\/tr>\n<tr>\n<td width=\"132\">1550 nm<\/td>\n<td width=\"84\">mm<\/td>\n<td width=\"169\">10,4 \u00b1 0,5<\/td>\n<\/tr>\n<tr>\n<td colspan=\"2\" width=\"457\">Verkleidungsdurchmesser<\/td>\n<td width=\"84\">mm<\/td>\n<td width=\"169\">125,0 \u00b1 0,7<\/td>\n<\/tr>\n<tr>\n<td colspan=\"2\" width=\"457\">Unrundheit der Verkleidung<\/td>\n<td width=\"84\">%<\/td>\n<td width=\"169\">\u00a31.0<\/td>\n<\/tr>\n<tr>\n<td colspan=\"2\" width=\"457\">Kernkonzentrizit\u00e4tsfehler<\/td>\n<td width=\"84\">mm<\/td>\n<td width=\"169\">\u00a30.6<\/td>\n<\/tr>\n<tr>\n<td colspan=\"2\" width=\"457\">Beschichtungsdurchmesser<\/td>\n<td width=\"84\">mm<\/td>\n<td width=\"169\">242 \u00b1 7<\/td>\n<\/tr>\n<tr>\n<td colspan=\"2\" width=\"457\">Konzentrizit\u00e4tsfehler der Beschichtung\/Verkleidung<\/td>\n<td width=\"84\">mm<\/td>\n<td width=\"169\">\u00a312<\/td>\n<\/tr>\n<tr>\n<td colspan=\"2\" width=\"457\">Kabel-Grenzwellenl\u00e4nge \u03bbcc<\/td>\n<td width=\"84\">nm<\/td>\n<td width=\"169\">\u00a3\u00a01260<\/td>\n<\/tr>\n<tr>\n<td rowspan=\"2\" width=\"324\">D\u00e4mpfung<\/td>\n<td width=\"132\">1310 nm<\/td>\n<td width=\"84\">dB\/km<\/td>\n<td width=\"169\">\u00a30.35<\/td>\n<\/tr>\n<tr>\n<td width=\"132\">1550 nm<\/td>\n<td width=\"84\">dB\/km<\/td>\n<td width=\"169\">\u00a30.21<\/td>\n<\/tr>\n<\/tbody>\n<\/table>","protected":false},"excerpt":{"rendered":"<p>Das 12- und 24-adrige ADSS-Kabel ist das beliebteste ADSS-Kabel. Es wird eine einmantelige Kabelstruktur mit einem Kabelk\u00f6rper aus 1+2+4 R\u00f6hren verwendet, um dieses leistungsstarke Installationskabel f\u00fcr Au\u00dfenantennen zu bauen. Die ADSS-Struktur der optischen Kabel \u00fcbernimmt eine verdrillte B\u00fcndeladerstruktur. 250-um-Lichtwellenleiter werden in eine B\u00fcndelader aus hochmoduligem Polyester eingelegt und mit [\u2026] gef\u00fcllt.<\/p>","protected":false},"featured_media":10933,"comment_status":"closed","ping_status":"closed","template":"","meta":{"site-sidebar-layout":"default","site-content-layout":"","ast-site-content-layout":"default","site-content-style":"default","site-sidebar-style":"default","ast-global-header-display":"","ast-banner-title-visibility":"","ast-main-header-display":"","ast-hfb-above-header-display":"","ast-hfb-below-header-display":"","ast-hfb-mobile-header-display":"","site-post-title":"","ast-breadcrumbs-content":"","ast-featured-img":"","footer-sml-layout":"","theme-transparent-header-meta":"default","adv-header-id-meta":"","stick-header-meta":"default","header-above-stick-meta":"","header-main-stick-meta":"","header-below-stick-meta":"","astra-migrate-meta-layouts":"set","ast-page-background-enabled":"default","ast-page-background-meta":{"desktop":{"background-color":"var(--ast-global-color-4)","background-image":"","background-repeat":"repeat","background-position":"center center","background-size":"auto","background-attachment":"scroll","background-type":"","background-media":"","overlay-type":"","overlay-color":"","overlay-gradient":""},"tablet":{"background-color":"","background-image":"","background-repeat":"repeat","background-position":"center center","background-size":"auto","background-attachment":"scroll","background-type":"","background-media":"","overlay-type":"","overlay-color":"","overlay-gradient":""},"mobile":{"background-color":"","background-image":"","background-repeat":"repeat","background-position":"center center","background-size":"auto","background-attachment":"scroll","background-type":"","background-media":"","overlay-type":"","overlay-color":"","overlay-gradient":""}},"ast-content-background-meta":{"desktop":{"background-color":"var(--ast-global-color-5)","background-image":"","background-repeat":"repeat","background-position":"center center","background-size":"auto","background-attachment":"scroll","background-type":"","background-media":"","overlay-type":"","overlay-color":"","overlay-gradient":""},"tablet":{"background-color":"var(--ast-global-color-5)","background-image":"","background-repeat":"repeat","background-position":"center center","background-size":"auto","background-attachment":"scroll","background-type":"","background-media":"","overlay-type":"","overlay-color":"","overlay-gradient":""},"mobile":{"background-color":"var(--ast-global-color-5)","background-image":"","background-repeat":"repeat","background-position":"center center","background-size":"auto","background-attachment":"scroll","background-type":"","background-media":"","overlay-type":"","overlay-color":"","overlay-gradient":""}}},"product_cat":[125,141],"product_tag":[],"class_list":{"0":"post-10931","1":"product","2":"type-product","3":"status-publish","4":"has-post-thumbnail","6":"product_cat-adss-cable","7":"product_cat-adss-cablesingle-sheath","8":"desktop-align-left","9":"tablet-align-left","10":"mobile-align-left","11":"ast-product-gallery-layout-horizontal-slider","12":"ast-product-tabs-layout-horizontal","14":"first","15":"instock","16":"shipping-taxable","17":"product-type-simple"},"acf":[],"_links":{"self":[{"href":"https:\/\/www.omccable.com\/de\/wp-json\/wp\/v2\/product\/10931","targetHints":{"allow":["GET"]}}],"collection":[{"href":"https:\/\/www.omccable.com\/de\/wp-json\/wp\/v2\/product"}],"about":[{"href":"https:\/\/www.omccable.com\/de\/wp-json\/wp\/v2\/types\/product"}],"replies":[{"embeddable":true,"href":"https:\/\/www.omccable.com\/de\/wp-json\/wp\/v2\/comments?post=10931"}],"version-history":[{"count":2,"href":"https:\/\/www.omccable.com\/de\/wp-json\/wp\/v2\/product\/10931\/revisions"}],"predecessor-version":[{"id":13315,"href":"https:\/\/www.omccable.com\/de\/wp-json\/wp\/v2\/product\/10931\/revisions\/13315"}],"wp:featuredmedia":[{"embeddable":true,"href":"https:\/\/www.omccable.com\/de\/wp-json\/wp\/v2\/media\/10933"}],"wp:attachment":[{"href":"https:\/\/www.omccable.com\/de\/wp-json\/wp\/v2\/media?parent=10931"}],"wp:term":[{"taxonomy":"product_cat","embeddable":true,"href":"https:\/\/www.omccable.com\/de\/wp-json\/wp\/v2\/product_cat?post=10931"},{"taxonomy":"product_tag","embeddable":true,"href":"https:\/\/www.omccable.com\/de\/wp-json\/wp\/v2\/product_tag?post=10931"}],"curies":[{"name":"wp","href":"https:\/\/api.w.org\/{rel}","templated":true}]}}