{"id":10923,"date":"2024-06-01T09:33:37","date_gmt":"2024-06-01T01:33:37","guid":{"rendered":"https:\/\/www.omccable.com\/?post_type=product&#038;p=10923"},"modified":"2025-08-30T11:27:56","modified_gmt":"2025-08-30T03:27:56","slug":"70m-span-24f96f-sm-adss-cable-single-sheath","status":"publish","type":"product","link":"https:\/\/www.omccable.com\/de\/produkt\/70m-span-24f96f-sm-adss-cable-single-sheath\/","title":{"rendered":"70 m Spannweite 24 F und 96 F SM ADSS-Kabel \u2013 Einzelmantel"},"content":{"rendered":"<p>Die ADSS-Struktur der optischen Kabel nimmt eine verdrillte B\u00fcndeladerstruktur an. 250-um-Lichtwellenleiter werden in eine B\u00fcndelader aus hochmoduligem Polyester eingef\u00fchrt und mit nichtmetallischen Verst\u00e4rkungselementen (FRP) um die Mitte des Kabels gef\u00fcllt, um einen runden Kern zu bilden. Der Spalt im Kern ist mit wasserblockierender Salbe gef\u00fcllt, zwei Lagen Aramidgarn<br \/>\nwerden gedreht, um das Garn zu verst\u00e4rken, dann werden 2 St\u00fcck Rei\u00dfleinen unter einer Polyethylen (PE)-H\u00fclle positioniert.<\/p>\n<p>Das ADSS-Kabel steht f\u00fcr \u201eAll-dielectric Self-supporting Cable\u201c. Es ist daher f\u00fcr die Installation und den Einsatz aus der Luft konzipiert und eignet sich f\u00fcr verschiedene Au\u00dfenanwendungen.<\/p>\n<p>Das 24F&amp;96F SM ADSS-Kabel von OMC wird f\u00fcr den Aufbau dieses leistungsstarken Au\u00dfenantennen-Installationskabels mit einer einmanteligen Kabelstruktur verwendet. Diese ADSS-Kabel bieten zuverl\u00e4ssige Selbstunterst\u00fctzungsleistung f\u00fcr Entfernungen von bis zu 70 m.<\/p>\n<p>&nbsp;<\/p>\n<p><strong><b>Merkmale und Vorteile<\/b><\/strong><\/p>\n<p>Nichtmetallische Struktur, gute Isolierung, Blitzschutz<\/p>\n<p>Das Aramidgarn verf\u00fcgt \u00fcber eine hervorragende Produktionstechnologie, eine gleichm\u00e4\u00dfige Kraft, ein hervorragendes Spannungs-Dehnungs-Verhalten, eine hervorragende Schussfestigkeit und beste Anti-Elektro-Korrosionsleistung<\/p>\n<p>Keine Blackout-Konstruktion, Stromleitungsausfall hat keinen Einfluss auf die normale \u00dcbertragung des optischen Kabels<\/p>\n<p>Glatte Form, sodass das Kabel eine hervorragende aerodynamische Leistung aufweist<\/p>\n<p>&nbsp;<\/p>\n<p><strong><b>Kabelstruktur<\/b><\/strong><\/p>\n<table>\n<tbody>\n<tr>\n<td width=\"160\"><strong>Artikel<\/strong><\/td>\n<td width=\"91\"><strong>Inhalt<\/strong><\/td>\n<td width=\"62\"><strong>Einheit<\/strong><\/td>\n<td colspan=\"3\" width=\"397\"><strong>Wert<\/strong><\/td>\n<\/tr>\n<tr>\n<td width=\"160\">Faseranzahl<\/td>\n<td width=\"91\">Zahl<\/td>\n<td width=\"62\">\/<\/td>\n<td colspan=\"2\" width=\"200\">24<\/td>\n<td width=\"197\">96<\/td>\n<\/tr>\n<tr>\n<td width=\"160\">Fasertyp<\/td>\n<td width=\"91\">\/<\/td>\n<td width=\"62\">\/<\/td>\n<td colspan=\"3\" width=\"397\">G652D<\/td>\n<\/tr>\n<tr>\n<td width=\"160\">Kabelstruktur<\/td>\n<td width=\"91\">\/<\/td>\n<td width=\"62\">\/<\/td>\n<td colspan=\"2\" width=\"200\">1+6<\/td>\n<td width=\"197\">1+8<\/td>\n<\/tr>\n<tr>\n<td width=\"160\">Fasern pro R\u00f6hre<\/td>\n<td width=\"91\">Z\u00e4hlen<\/td>\n<td width=\"62\">\/<\/td>\n<td colspan=\"3\" width=\"397\">12<\/td>\n<\/tr>\n<tr>\n<td rowspan=\"3\" width=\"160\"><strong>\u00a0<\/strong><\/p>\n<p><strong>\u00a0<\/strong><\/p>\n<p>Lose R\u00f6hre<\/td>\n<td width=\"91\">Material<\/td>\n<td width=\"62\">\/<\/td>\n<td colspan=\"3\" width=\"397\">PBT<\/td>\n<\/tr>\n<tr>\n<td width=\"91\">Nominell<\/p>\n<p>Durchmesser<\/td>\n<td width=\"62\">mm<\/td>\n<td colspan=\"3\" width=\"397\">2.2<\/td>\n<\/tr>\n<tr>\n<td width=\"91\">Farbe<\/td>\n<td width=\"62\">\/<\/td>\n<td colspan=\"3\" width=\"397\">Blau, Orange, Gr\u00fcn, Braun, Grau, Wei\u00df, Rot, Schwarz, Gelb,<\/p>\n<p>Violett\u3001Rosa\u3001Aqua<\/td>\n<\/tr>\n<tr>\n<td width=\"160\">Zentrale St\u00e4rke<\/p>\n<p>Mitglied<\/td>\n<td width=\"91\">Material<\/td>\n<td width=\"62\">\/<\/td>\n<td colspan=\"3\" width=\"397\">FRP- und PE-Polsterschicht<\/td>\n<\/tr>\n<tr>\n<td width=\"160\">Wasserblockierend<\/td>\n<td colspan=\"2\" width=\"154\">Material<\/td>\n<td colspan=\"3\" width=\"397\">Wasserabweisendes Garn und Klebeband<\/td>\n<\/tr>\n<tr>\n<td width=\"160\"><strong>\u00a0<\/strong><\/p>\n<p>Mitglied der peripheren St\u00e4rke<\/td>\n<td colspan=\"2\" width=\"154\"><strong>\u00a0<\/strong><\/p>\n<p>Material<\/td>\n<td colspan=\"3\" width=\"397\"><strong>\u00a0<\/strong><\/p>\n<p>Aramidgarn<\/td>\n<\/tr>\n<tr>\n<td width=\"160\">Streifen<\/td>\n<td colspan=\"2\" width=\"154\">Farbe<\/td>\n<td colspan=\"3\" width=\"397\">Orange (Ral 2004)<\/td>\n<\/tr>\n<tr>\n<td rowspan=\"2\" width=\"160\"><strong>\u00a0<\/strong><\/p>\n<p>Scheide<\/td>\n<td colspan=\"2\" width=\"154\">Material<\/td>\n<td colspan=\"3\" width=\"397\">HDPE<\/td>\n<\/tr>\n<tr>\n<td colspan=\"2\" width=\"154\">Farbe<\/td>\n<td colspan=\"3\" width=\"397\">Braun (Ral 8011)<\/td>\n<\/tr>\n<tr>\n<td rowspan=\"2\" width=\"160\">D\u00e4mpfung<\/td>\n<td width=\"91\">1310 nm<\/td>\n<td width=\"62\">dB\/km<\/td>\n<td colspan=\"3\" width=\"397\">\u00a30.35<\/td>\n<\/tr>\n<tr>\n<td width=\"91\">1550 nm<\/td>\n<td width=\"62\">dB\/km<\/td>\n<td colspan=\"3\" width=\"397\">\u00a30.23<\/td>\n<\/tr>\n<tr>\n<td width=\"160\">Kabeldurchmesser<\/td>\n<td width=\"91\">\u00b15%<\/td>\n<td width=\"62\">mm<\/td>\n<td width=\"198\">10.6<\/td>\n<td colspan=\"2\" width=\"198\">Kabeldurchmesser<\/td>\n<\/tr>\n<tr>\n<td width=\"160\">Kabelgewicht<\/td>\n<td width=\"91\">\u00b110%<\/td>\n<td width=\"62\">kg\/km<\/td>\n<td width=\"198\">87<\/td>\n<td colspan=\"2\" width=\"198\">Kabelgewicht<\/td>\n<\/tr>\n<tr>\n<td width=\"160\">Geeignete Spanne<\/td>\n<td width=\"91\">\/<\/td>\n<td width=\"62\">m<\/td>\n<td colspan=\"3\" width=\"397\">70<\/td>\n<\/tr>\n<tr>\n<td width=\"160\">Durchhang<\/td>\n<td width=\"91\">\/<\/td>\n<td width=\"62\">%<\/td>\n<td colspan=\"3\" width=\"397\">\u22651,0<\/td>\n<\/tr>\n<tr>\n<td width=\"160\">Vereisungsdicke<\/td>\n<td width=\"91\">\/<\/td>\n<td width=\"62\">mm<\/td>\n<td colspan=\"3\" width=\"397\">0<\/td>\n<\/tr>\n<tr>\n<td width=\"160\">Windgeschwindigkeit<\/td>\n<td width=\"91\">\/<\/td>\n<td width=\"62\">km\/h<\/td>\n<td colspan=\"3\" width=\"397\">\u226497<\/td>\n<\/tr>\n<\/tbody>\n<\/table>\n<p><strong><b>\u00a0<\/b><\/strong><\/p>\n<p><strong><b>Standardfarbe von Faser und Schlauch<\/b><\/strong><\/p>\n<p>Der Farbcode der Rohre und der einzelnen Fasern muss der folgenden Tabelle entsprechen:<\/p>\n<table>\n<tbody>\n<tr>\n<td width=\"183\">Nein.<\/td>\n<td width=\"82\">1<\/td>\n<td width=\"82\">2<\/td>\n<td width=\"82\">3<\/td>\n<td width=\"82\">4<\/td>\n<td width=\"82\">5<\/td>\n<td width=\"80\">6<\/td>\n<\/tr>\n<tr>\n<td width=\"183\">Farbe<\/td>\n<td width=\"82\">Blau<\/td>\n<td width=\"82\">Orange<\/td>\n<td width=\"82\">Gr\u00fcn<\/td>\n<td width=\"82\">Braun<\/td>\n<td width=\"82\">Slate<\/td>\n<td width=\"80\">White<\/td>\n<\/tr>\n<tr>\n<td width=\"183\">Nein.<\/td>\n<td width=\"82\">7<\/td>\n<td width=\"82\">8<\/td>\n<td width=\"82\">9<\/td>\n<td width=\"82\">10<\/td>\n<td width=\"82\">11<\/td>\n<td width=\"80\">12<\/td>\n<\/tr>\n<tr>\n<td width=\"183\">Farbe<\/td>\n<td width=\"82\">Rot<\/td>\n<td width=\"82\">Schwarz<\/td>\n<td width=\"82\">Gelb<\/td>\n<td width=\"82\">Violett<\/td>\n<td width=\"82\">Rosa<\/td>\n<td width=\"80\">Aqua<\/td>\n<\/tr>\n<\/tbody>\n<\/table>\n<p>&nbsp;<\/p>\n<p><strong><b>Mechanische und Umweltleistung<\/b><\/strong><\/p>\n<table>\n<tbody>\n<tr>\n<td width=\"221\"><strong>Artikel<\/strong><\/td>\n<td width=\"217\"><strong>Inhalt<\/strong><\/td>\n<td width=\"273\"><strong>Wert<\/strong><\/td>\n<\/tr>\n<tr>\n<td width=\"221\">Max. Zugbelastung<\/td>\n<td width=\"217\">Maximal zul\u00e4ssige Spannung<\/td>\n<td width=\"273\">2500 N Faserdehnung \u2264 0,33 %<\/td>\n<\/tr>\n<tr>\n<td width=\"221\">Max. Druckfestigkeit<\/td>\n<td width=\"217\">Kurzfristig<\/td>\n<td width=\"273\">2000 N\/100 mm<\/td>\n<\/tr>\n<tr>\n<td rowspan=\"2\" width=\"221\"><strong>\u00a0<\/strong><\/p>\n<p>Min. Biegeradius<\/td>\n<td width=\"217\">Installation<\/td>\n<td width=\"273\">20 x Kabeldurchmesser<\/td>\n<\/tr>\n<tr>\n<td width=\"217\">Betrieb<\/td>\n<td width=\"273\">10 x Kabeldurchmesser<\/td>\n<\/tr>\n<tr>\n<td rowspan=\"3\" width=\"221\"><strong>\u00a0<\/strong><\/p>\n<p>Temperaturbereich<\/td>\n<td width=\"217\">Betrieb<\/td>\n<td width=\"273\">-20\u2103 ~ +60\u2103<\/td>\n<\/tr>\n<tr>\n<td width=\"217\">Installation<\/td>\n<td width=\"273\">-20\u2103 ~ +60\u2103<\/td>\n<\/tr>\n<tr>\n<td width=\"217\">Lagerung\/Transport<\/td>\n<td width=\"273\">-20\u2103 ~ +60\u2103<\/td>\n<\/tr>\n<\/tbody>\n<\/table>\n<p><strong><b>\u00a0<\/b><\/strong><\/p>\n<p><strong><b>Technische Parameter der optischen Faser-SMF<\/b><\/strong><\/p>\n<table>\n<tbody>\n<tr>\n<td colspan=\"2\" rowspan=\"2\" width=\"457\">Artikel<\/td>\n<td rowspan=\"2\" width=\"84\">Einheit<\/td>\n<td width=\"169\">Spezifikation<\/td>\n<\/tr>\n<tr>\n<td width=\"169\">G. 652D<\/td>\n<\/tr>\n<tr>\n<td rowspan=\"2\" width=\"324\">Modusfelddurchmesser<\/td>\n<td width=\"132\">1310 nm<\/td>\n<td width=\"84\">mm<\/td>\n<td width=\"169\">9,2 \u00b1 0,4<\/td>\n<\/tr>\n<tr>\n<td width=\"132\">1550 nm<\/td>\n<td width=\"84\">mm<\/td>\n<td width=\"169\">10,4 \u00b1 0,5<\/td>\n<\/tr>\n<tr>\n<td colspan=\"2\" width=\"457\">Verkleidungsdurchmesser<\/td>\n<td width=\"84\">mm<\/td>\n<td width=\"169\">125,0 \u00b1 0,7<\/td>\n<\/tr>\n<tr>\n<td colspan=\"2\" width=\"457\">Unrundheit der Verkleidung<\/td>\n<td width=\"84\">%<\/td>\n<td width=\"169\">\u00a31.0<\/td>\n<\/tr>\n<tr>\n<td colspan=\"2\" width=\"457\">Kernkonzentrizit\u00e4tsfehler<\/td>\n<td width=\"84\">mm<\/td>\n<td width=\"169\">\u00a30.6<\/td>\n<\/tr>\n<tr>\n<td colspan=\"2\" width=\"457\">Beschichtungsdurchmesser<\/td>\n<td width=\"84\">mm<\/td>\n<td width=\"169\">242 \u00b1 7<\/td>\n<\/tr>\n<tr>\n<td colspan=\"2\" width=\"457\">Konzentrizit\u00e4tsfehler der Beschichtung\/Verkleidung<\/td>\n<td width=\"84\">mm<\/td>\n<td width=\"169\">\u00a312<\/td>\n<\/tr>\n<tr>\n<td colspan=\"2\" width=\"457\">Kabel-Grenzwellenl\u00e4nge \u03bbcc<\/td>\n<td width=\"84\">nm<\/td>\n<td width=\"169\">\u00a3\u00a01260<\/td>\n<\/tr>\n<tr>\n<td rowspan=\"2\" width=\"324\">D\u00e4mpfung<\/td>\n<td width=\"132\">1310 nm<\/td>\n<td width=\"84\">dB\/km<\/td>\n<td width=\"169\">\u00a30.35<\/td>\n<\/tr>\n<tr>\n<td width=\"132\">1550 nm<\/td>\n<td width=\"84\">dB\/km<\/td>\n<td width=\"169\">\u00a30.21<\/td>\n<\/tr>\n<\/tbody>\n<\/table>","protected":false},"excerpt":{"rendered":"<p>Die ADSS-Struktur der optischen Kabel nimmt eine verdrillte B\u00fcndeladerstruktur an. 250-\u00b5m-Lichtwellenleiter werden in eine B\u00fcndelader aus hochmoduligem Polyester eingef\u00fchrt und mit nichtmetallischen Verst\u00e4rkungselementen (FRP) um die Mitte des Kabels gef\u00fcllt, um einen runden Kern zu bilden. Der Spalt im Kern wird mit wasserblockierender Salbe gef\u00fcllt, zwei [\u2026]<\/p>","protected":false},"featured_media":10924,"comment_status":"closed","ping_status":"closed","template":"","meta":{"site-sidebar-layout":"default","site-content-layout":"","ast-site-content-layout":"default","site-content-style":"default","site-sidebar-style":"default","ast-global-header-display":"","ast-banner-title-visibility":"","ast-main-header-display":"","ast-hfb-above-header-display":"","ast-hfb-below-header-display":"","ast-hfb-mobile-header-display":"","site-post-title":"","ast-breadcrumbs-content":"","ast-featured-img":"","footer-sml-layout":"","theme-transparent-header-meta":"default","adv-header-id-meta":"","stick-header-meta":"default","header-above-stick-meta":"","header-main-stick-meta":"","header-below-stick-meta":"","astra-migrate-meta-layouts":"set","ast-page-background-enabled":"default","ast-page-background-meta":{"desktop":{"background-color":"var(--ast-global-color-4)","background-image":"","background-repeat":"repeat","background-position":"center center","background-size":"auto","background-attachment":"scroll","background-type":"","background-media":"","overlay-type":"","overlay-color":"","overlay-gradient":""},"tablet":{"background-color":"","background-image":"","background-repeat":"repeat","background-position":"center center","background-size":"auto","background-attachment":"scroll","background-type":"","background-media":"","overlay-type":"","overlay-color":"","overlay-gradient":""},"mobile":{"background-color":"","background-image":"","background-repeat":"repeat","background-position":"center center","background-size":"auto","background-attachment":"scroll","background-type":"","background-media":"","overlay-type":"","overlay-color":"","overlay-gradient":""}},"ast-content-background-meta":{"desktop":{"background-color":"var(--ast-global-color-5)","background-image":"","background-repeat":"repeat","background-position":"center center","background-size":"auto","background-attachment":"scroll","background-type":"","background-media":"","overlay-type":"","overlay-color":"","overlay-gradient":""},"tablet":{"background-color":"var(--ast-global-color-5)","background-image":"","background-repeat":"repeat","background-position":"center center","background-size":"auto","background-attachment":"scroll","background-type":"","background-media":"","overlay-type":"","overlay-color":"","overlay-gradient":""},"mobile":{"background-color":"var(--ast-global-color-5)","background-image":"","background-repeat":"repeat","background-position":"center center","background-size":"auto","background-attachment":"scroll","background-type":"","background-media":"","overlay-type":"","overlay-color":"","overlay-gradient":""}}},"product_cat":[125,141],"product_tag":[],"class_list":{"0":"post-10923","1":"product","2":"type-product","3":"status-publish","4":"has-post-thumbnail","6":"product_cat-adss-cable","7":"product_cat-adss-cablesingle-sheath","8":"desktop-align-left","9":"tablet-align-left","10":"mobile-align-left","11":"ast-product-gallery-layout-horizontal-slider","12":"ast-product-tabs-layout-horizontal","14":"first","15":"instock","16":"shipping-taxable","17":"product-type-simple"},"acf":[],"_links":{"self":[{"href":"https:\/\/www.omccable.com\/de\/wp-json\/wp\/v2\/product\/10923","targetHints":{"allow":["GET"]}}],"collection":[{"href":"https:\/\/www.omccable.com\/de\/wp-json\/wp\/v2\/product"}],"about":[{"href":"https:\/\/www.omccable.com\/de\/wp-json\/wp\/v2\/types\/product"}],"replies":[{"embeddable":true,"href":"https:\/\/www.omccable.com\/de\/wp-json\/wp\/v2\/comments?post=10923"}],"version-history":[{"count":2,"href":"https:\/\/www.omccable.com\/de\/wp-json\/wp\/v2\/product\/10923\/revisions"}],"predecessor-version":[{"id":13306,"href":"https:\/\/www.omccable.com\/de\/wp-json\/wp\/v2\/product\/10923\/revisions\/13306"}],"wp:featuredmedia":[{"embeddable":true,"href":"https:\/\/www.omccable.com\/de\/wp-json\/wp\/v2\/media\/10924"}],"wp:attachment":[{"href":"https:\/\/www.omccable.com\/de\/wp-json\/wp\/v2\/media?parent=10923"}],"wp:term":[{"taxonomy":"product_cat","embeddable":true,"href":"https:\/\/www.omccable.com\/de\/wp-json\/wp\/v2\/product_cat?post=10923"},{"taxonomy":"product_tag","embeddable":true,"href":"https:\/\/www.omccable.com\/de\/wp-json\/wp\/v2\/product_tag?post=10923"}],"curies":[{"name":"wp","href":"https:\/\/api.w.org\/{rel}","templated":true}]}}