{"id":10801,"date":"2024-05-04T16:11:42","date_gmt":"2024-05-04T08:11:42","guid":{"rendered":"https:\/\/www.omccable.com\/?post_type=product&#038;p=10801"},"modified":"2024-07-27T11:32:30","modified_gmt":"2024-07-27T03:32:30","slug":"1f-5-0mm-sm-ftth-drop-cable-double-sheath-hdpe-high-tensile","status":"publish","type":"product","link":"https:\/\/www.omccable.com\/de\/produkt\/1f-5-0mm-sm-ftth-drop-cable-double-sheath-hdpe-high-tensile\/","title":{"rendered":"1F 5,0 mm SM FTTH Drop-Kabel \u2013 Doppelmantel HDPE \u2013 hochfest"},"content":{"rendered":"<p>1F 5,0 mm SM FTTH Drop-Kabel \u2013 HDPE-Hochzugkabel mit doppelter Ummantelung. Verwenden Sie ein Unterkabel mit einem Au\u00dfendurchmesser von 2,0 mm als optisches Kommunikationsmedium. Das Unterkabel ist mit einer Schicht Aramidgarn als Festigkeitstr\u00e4gereinheiten umwickelt. Zwei parallele FRP-Dr\u00e4hte werden auf beiden Seiten des Kabelkerns platziert, w\u00e4hrend ein HDPE-Mantel dar\u00fcber extrudiert wird.<\/p>\n<p>&nbsp;<\/p>\n<p><strong>Kabelstruktur und Parameter<\/strong><\/p>\n<table>\n<tbody>\n<tr>\n<td width=\"168\"><strong><b>Artikel<\/b><\/strong><\/td>\n<td width=\"123\"><strong><b>Inhalt<\/b><\/strong><\/td>\n<td width=\"123\"><strong><b>Einheit<\/b><\/strong><\/td>\n<td width=\"252\"><strong><b>Wert<\/b><\/strong><\/td>\n<\/tr>\n<tr>\n<td rowspan=\"2\" width=\"168\">Optische Faser<\/td>\n<td width=\"123\">Modellnummer<\/td>\n<td width=\"123\">\/<\/td>\n<td width=\"252\">G657A2<\/td>\n<\/tr>\n<tr>\n<td width=\"123\">Zahl<\/td>\n<td width=\"123\">\/<\/td>\n<td width=\"252\">1<\/td>\n<\/tr>\n<tr>\n<td rowspan=\"3\" width=\"168\">Enger Puffer<\/td>\n<td width=\"123\">Farbe<\/td>\n<td width=\"123\">\/<\/td>\n<td width=\"252\">Blau<\/td>\n<\/tr>\n<tr>\n<td width=\"123\">Material<\/td>\n<td width=\"123\">\/<\/td>\n<td width=\"252\">LSZH<\/td>\n<\/tr>\n<tr>\n<td width=\"123\">Durchmesser<\/td>\n<td width=\"123\">mm<\/td>\n<td width=\"252\">0,9 \u00b1 0,05<\/td>\n<\/tr>\n<tr>\n<td rowspan=\"4\" width=\"168\">Unterkabel<\/td>\n<td width=\"123\">Kraftmitglied<\/td>\n<td width=\"123\">\/<\/td>\n<td width=\"252\">Aramidgarn<\/td>\n<\/tr>\n<tr>\n<td width=\"123\">Mantelfarbe<\/td>\n<td width=\"123\">\/<\/td>\n<td width=\"252\">White<\/td>\n<\/tr>\n<tr>\n<td width=\"123\">Mantelmaterial<\/td>\n<td width=\"123\">\/<\/td>\n<td width=\"252\">LSZH<\/td>\n<\/tr>\n<tr>\n<td width=\"123\">Durchmesser<\/td>\n<td width=\"123\">mm<\/td>\n<td width=\"252\">2,0 \u00b1 0,1<\/td>\n<\/tr>\n<tr>\n<td rowspan=\"4\" width=\"168\">Au\u00dfenmantel<\/td>\n<td width=\"123\">Kraftmitglied<\/td>\n<td width=\"123\">\/<\/td>\n<td width=\"252\">Aramidgarn+FRPs<\/td>\n<\/tr>\n<tr>\n<td width=\"123\">Mantelfarbe<\/td>\n<td width=\"123\">\/<\/td>\n<td width=\"252\">Schwarz<\/td>\n<\/tr>\n<tr>\n<td width=\"123\">Mantelmaterial<\/td>\n<td width=\"123\">\/<\/td>\n<td width=\"252\">HDPE<\/td>\n<\/tr>\n<tr>\n<td width=\"123\">Durchmesser<\/td>\n<td width=\"123\">mm<\/td>\n<td width=\"252\">5,0 \u00b1 0,3<\/td>\n<\/tr>\n<tr>\n<td colspan=\"2\" width=\"291\">Kabelgewicht<\/td>\n<td width=\"123\">KG\/KM<\/td>\n<td width=\"252\">22<\/td>\n<\/tr>\n<\/tbody>\n<\/table>\n<p>&nbsp;<\/p>\n<p><strong><b>KABELMECHANISCHE PARAMETER<\/b><\/strong><\/p>\n<table>\n<tbody>\n<tr>\n<td width=\"207\"><strong>Artikel<\/strong><\/td>\n<td width=\"216\"><strong>Inhalt<\/strong><\/td>\n<td width=\"256\"><strong>Wert<\/strong><\/td>\n<\/tr>\n<tr>\n<td rowspan=\"2\" width=\"207\">Zuglast<\/td>\n<td width=\"216\">Kurzfristig<\/td>\n<td width=\"256\">800N Faserdehnung \u22640,33 %<\/td>\n<\/tr>\n<tr>\n<td width=\"216\">Langfristig<\/td>\n<td width=\"256\">400N<\/td>\n<\/tr>\n<tr>\n<td rowspan=\"2\" width=\"207\">Druckfestigkeit<\/td>\n<td width=\"216\">Kurzfristig<\/td>\n<td width=\"256\">1000<\/td>\n<\/tr>\n<tr>\n<td width=\"216\">Langfristig<\/td>\n<td width=\"256\">300<\/td>\n<\/tr>\n<tr>\n<td rowspan=\"2\" width=\"207\">Min. Biegeradius<\/td>\n<td width=\"216\">Installation<\/td>\n<td width=\"256\">30 x Kabeldurchmesser<\/td>\n<\/tr>\n<tr>\n<td width=\"216\">Betrieb<\/td>\n<td width=\"256\">15 x Kabeldurchmesser<\/td>\n<\/tr>\n<\/tbody>\n<\/table>\n<p><strong>\u00a0<\/strong><\/p>\n<p><strong><b>UMWELTPARAMETER<\/b><\/strong><\/p>\n<table>\n<tbody>\n<tr>\n<td width=\"151\"><strong>Artikel<\/strong><\/td>\n<td width=\"264\"><strong>Standard<\/strong><\/td>\n<td width=\"257\"><strong>Spezifikation<\/strong><\/td>\n<\/tr>\n<tr>\n<td rowspan=\"2\" width=\"151\">Umwelt<\/td>\n<td width=\"264\">IEC-60794-1-22-F5B<\/td>\n<td width=\"257\">Kein Eindringen von Wasser<\/td>\n<\/tr>\n<tr>\n<td width=\"264\">IEC-60794-1-22-F9<\/td>\n<td width=\"257\">\u22640,1 dB\/km max. D\u00e4mpfungs\u00e4nderung erlaubt<\/td>\n<\/tr>\n<tr>\n<td width=\"151\">Anwendungstemperaturbereich<\/td>\n<td width=\"264\">Anwendungstemperaturbereich\u2103<\/td>\n<td width=\"257\">Betrieb:  \u2013 10 \u2103 ~ +70 \u2103<\/p>\n<p>Installation: -40\u2103 bis +70\u2103<\/p>\n<p>Lagerung\/Transport:  \u2013 40 \u2103 ~ +70 \u2103<\/td>\n<\/tr>\n<\/tbody>\n<\/table>\n<p>&nbsp;<\/p>\n<p><strong><b>Art und Eigenschaften optischer Fasern<\/b><\/strong><\/p>\n<table>\n<tbody>\n<tr>\n<td rowspan=\"2\" width=\"167\"><strong><b>Parameter<\/b><\/strong><\/td>\n<td rowspan=\"2\" width=\"95\"><strong><b>Bedingungen<\/b><\/strong><\/td>\n<td rowspan=\"2\" width=\"84\"><strong><b>Einheiten<\/b><\/strong><\/td>\n<td colspan=\"4\" width=\"328\"><strong><b>Wert<\/b><\/strong><\/td>\n<\/tr>\n<tr>\n<td width=\"84\"><strong><b>G652D<\/b><\/strong><\/td>\n<td width=\"84\"><strong><b>G657A1<\/b><\/strong><\/td>\n<td width=\"84\"><strong><b>G657A2<\/b><\/strong><\/td>\n<td width=\"75\"><strong><b>G657B3<\/b><\/strong><\/td>\n<\/tr>\n<tr>\n<td colspan=\"3\" width=\"347\"><strong><b>Optische Spezifikation<\/b><\/strong><\/td>\n<td colspan=\"4\" width=\"328\"><strong><b>\u3000<\/b><\/strong><\/td>\n<\/tr>\n<tr>\n<td rowspan=\"4\" width=\"167\">D\u00e4mpfung<\/td>\n<td width=\"95\">1310 nm<\/td>\n<td width=\"84\">dB\/km<\/td>\n<td width=\"84\">\u22640,350<\/td>\n<td width=\"84\">\u22640,350<\/td>\n<td width=\"84\">\u22640,350<\/td>\n<td width=\"75\">\u22640,350<\/td>\n<\/tr>\n<tr>\n<td width=\"95\">1383 nm<\/td>\n<td width=\"84\">dB\/km<\/td>\n<td width=\"84\">\u22640,330<\/td>\n<td width=\"84\">\u22640,350<\/td>\n<td width=\"84\">\u22640,350<\/td>\n<td width=\"75\">\u22640,350<\/td>\n<\/tr>\n<tr>\n<td width=\"95\">1550 nm<\/td>\n<td width=\"84\">dB\/km<\/td>\n<td width=\"84\">\u22640,210<\/td>\n<td width=\"84\">\u22640,210<\/td>\n<td width=\"84\">\u22640,210<\/td>\n<td width=\"75\">\u22640,210<\/td>\n<\/tr>\n<tr>\n<td width=\"95\">1625 nm<\/td>\n<td width=\"84\">dB\/km<\/td>\n<td width=\"84\">\u22640,240<\/td>\n<td width=\"84\">\u22640,230<\/td>\n<td width=\"84\">\u22640,230<\/td>\n<td width=\"75\">\u22640,230<\/td>\n<\/tr>\n<tr>\n<td rowspan=\"3\" width=\"167\">D\u00e4mpfung vs. Wellenl\u00e4nge<\/td>\n<td width=\"95\">1310 nm VS. 1285-1330 nm<\/td>\n<td width=\"84\">dB\/km<\/td>\n<td width=\"84\">\u22640,04<\/td>\n<td width=\"84\">\u22640,04<\/td>\n<td width=\"84\">\u22640,05<\/td>\n<td width=\"75\">\u22640,03<\/td>\n<\/tr>\n<tr>\n<td width=\"95\">1550 nm VS. 1525\u20131575 nm<\/td>\n<td width=\"84\">dB\/km<\/td>\n<td width=\"84\">\u22640,03<\/td>\n<td width=\"84\">\u22640,03<\/td>\n<td width=\"84\">\u22640,04<\/td>\n<td width=\"75\">\u22640,02<\/td>\n<\/tr>\n<tr>\n<td width=\"95\">1550 nm VS. 1480-1580 nm<\/td>\n<td width=\"84\">dB\/km<\/td>\n<td width=\"84\">\u22640,04<\/td>\n<td width=\"84\">\u2013<\/td>\n<td width=\"84\">\u2013<\/td>\n<td width=\"75\">\u2013<\/td>\n<\/tr>\n<tr>\n<td width=\"167\">Nulldispersionswellenl\u00e4nge<\/td>\n<td rowspan=\"2\" width=\"95\">\\<\/td>\n<td width=\"84\">nm<\/td>\n<td width=\"84\">1300-1324<\/td>\n<td width=\"84\">1300-1324<\/td>\n<td width=\"84\">1300-1324<\/td>\n<td width=\"75\">1300-1324<\/td>\n<\/tr>\n<tr>\n<td width=\"167\">Nulldispersionssteigung<\/td>\n<td width=\"84\">ps\/(nm<sup>2<\/sup>\u00b7km)<\/td>\n<td width=\"84\">0.073-0.092<\/td>\n<td width=\"84\">0.073-0.092<\/td>\n<td width=\"84\">0.073-0.092<\/td>\n<td width=\"75\">\u22640,092<\/td>\n<\/tr>\n<tr>\n<td rowspan=\"2\" width=\"167\">Streuung<\/td>\n<td width=\"95\">1550 nm<\/td>\n<td width=\"84\">ps\/(nm\u00b7km)<\/td>\n<td width=\"84\">13.3-18.6<\/td>\n<td width=\"84\">13.3-18.6<\/td>\n<td width=\"84\">13.3-18.6<\/td>\n<td width=\"75\">&nbsp;<\/td>\n<\/tr>\n<tr>\n<td width=\"95\">1625 nm<\/td>\n<td width=\"84\">ps\/(nm\u00b7km)<\/td>\n<td width=\"84\">17.2-23.7<\/td>\n<td width=\"84\">17.2-23.7<\/td>\n<td width=\"84\">17.2-23.7<\/td>\n<td width=\"75\">&nbsp;<\/td>\n<\/tr>\n<tr>\n<td colspan=\"2\" width=\"262\">Polarisationsmodendispersion (PMD)<\/td>\n<td width=\"84\">ps\/\u221akm<\/td>\n<td width=\"84\">\u22640,2<\/td>\n<td width=\"84\">\u22640,2<\/td>\n<td width=\"84\">\u22640,2<\/td>\n<td width=\"75\">\u22640,2<\/td>\n<\/tr>\n<tr>\n<td width=\"167\">Grenzwellenl\u00e4nge \u03bbcc<\/td>\n<td width=\"95\">\u2013<\/td>\n<td width=\"84\">nm<\/td>\n<td width=\"84\">\u22641260<\/td>\n<td width=\"84\">\u22641260<\/td>\n<td width=\"84\">\u22641260<\/td>\n<td width=\"75\">\u22641260<\/td>\n<\/tr>\n<tr>\n<td rowspan=\"2\" width=\"167\">Modenfelddurchmesser (MFD)<\/td>\n<td width=\"95\">1310 nm<\/td>\n<td width=\"84\">\u03bcm<\/td>\n<td width=\"84\">9,2 \u00b1 0,4<\/td>\n<td width=\"84\">9,2 \u00b1 0,4<\/td>\n<td width=\"84\">8,6 \u00b1 0,4<\/td>\n<td width=\"75\">8,6 \u00b1 0,4<\/td>\n<\/tr>\n<tr>\n<td width=\"95\">1550 nm<\/td>\n<td width=\"84\">\u03bcm<\/td>\n<td width=\"84\">10,4 \u00b1 0,5<\/td>\n<td width=\"84\">10,4 \u00b1 0,5<\/td>\n<td width=\"84\">9,6 \u00b1 0,5<\/td>\n<td width=\"75\">9,6 \u00b1 0,5<\/td>\n<\/tr>\n<tr>\n<td rowspan=\"2\" width=\"167\">D\u00e4mpfungsdiskontinuit\u00e4t<\/td>\n<td width=\"95\">1310 nm<\/td>\n<td width=\"84\">dB<\/td>\n<td width=\"84\">\u22640,03<\/td>\n<td width=\"84\">\u22640,03<\/td>\n<td width=\"84\">\u22640,03<\/td>\n<td width=\"75\">\u22640,03<\/td>\n<\/tr>\n<tr>\n<td width=\"95\">1550 nm<\/td>\n<td width=\"84\">dB<\/td>\n<td width=\"84\">\u22640,03<\/td>\n<td width=\"84\">\u22640,03<\/td>\n<td width=\"84\">\u22640,03<\/td>\n<td width=\"75\">\u22640,03<\/td>\n<\/tr>\n<tr>\n<td rowspan=\"2\" width=\"167\">Bidirektionale D\u00e4mpfung<\/td>\n<td width=\"95\">1310 nm<\/td>\n<td width=\"84\">dB\/km<\/td>\n<td width=\"84\">\u22640,04<\/td>\n<td width=\"84\">&nbsp;<\/td>\n<td width=\"84\">&nbsp;<\/td>\n<td width=\"75\">\u22640,05<\/td>\n<\/tr>\n<tr>\n<td width=\"95\">1550 nm<\/td>\n<td width=\"84\">dB\/km<\/td>\n<td width=\"84\">\u22640,04<\/td>\n<td width=\"84\">&nbsp;<\/td>\n<td width=\"84\">&nbsp;<\/td>\n<td width=\"75\">\u22640,05<\/td>\n<\/tr>\n<tr>\n<td colspan=\"3\" width=\"347\"><strong><b>Geometrisch<\/b><\/strong><\/td>\n<td colspan=\"4\" width=\"328\">&nbsp;<\/td>\n<\/tr>\n<tr>\n<td colspan=\"2\" width=\"262\">Manteldurchmesser<\/td>\n<td width=\"84\">\u03bcm<\/td>\n<td width=\"84\">125\u00b10,7<\/td>\n<td width=\"84\">125\u00b10,7<\/td>\n<td width=\"84\">125\u00b10,7<\/td>\n<td width=\"75\">125\u00b10,7<\/td>\n<\/tr>\n<tr>\n<td colspan=\"2\" width=\"262\">Unrundheit der Verkleidung<\/td>\n<td width=\"84\">%<\/td>\n<td width=\"84\">\u22641,0<\/td>\n<td width=\"84\">\u22641,0<\/td>\n<td width=\"84\">\u22640,8<\/td>\n<td width=\"75\">\u22640,7<\/td>\n<\/tr>\n<tr>\n<td colspan=\"2\" width=\"262\">Kern-\/Mantel-Konzentrizit\u00e4tsfehler<\/td>\n<td width=\"84\">\u03bcm<\/td>\n<td width=\"84\">\u22640,6<\/td>\n<td width=\"84\">\u22640,5<\/td>\n<td width=\"84\">\u22640,5<\/td>\n<td width=\"75\">\u22640,5<\/td>\n<\/tr>\n<tr>\n<td colspan=\"2\" rowspan=\"2\" width=\"262\">Beschichtungsdurchmesser (ungef\u00e4rbt)<\/td>\n<td width=\"84\">\u03bcm<\/td>\n<td colspan=\"4\" width=\"328\">242\u00b17 (Standard)<\/td>\n<\/tr>\n<tr>\n<td width=\"84\">\u03bcm<\/td>\n<td colspan=\"4\" width=\"328\">200\u00b110 (optional)<\/td>\n<\/tr>\n<tr>\n<td colspan=\"2\" width=\"262\">Konzentrizit\u00e4tsfehler der Beschichtung\/Verkleidung<\/td>\n<td width=\"84\">\u03bcm<\/td>\n<td width=\"84\">\u226412<\/td>\n<td width=\"84\">\u226412<\/td>\n<td width=\"84\">\u226412<\/td>\n<td width=\"75\">\u226412<\/td>\n<\/tr>\n<tr>\n<td colspan=\"2\" width=\"262\">Locken<\/td>\n<td width=\"84\">m<\/td>\n<td width=\"84\">\u22654<\/td>\n<td width=\"84\">\u22654<\/td>\n<td width=\"84\">\u22654<\/td>\n<td width=\"75\">\u22654<\/td>\n<\/tr>\n<tr>\n<td colspan=\"3\" width=\"347\"><strong><b>Umwelt (1550 nm, 1625 nm)<\/b><\/strong><\/td>\n<td colspan=\"4\" width=\"328\">&nbsp;<\/td>\n<\/tr>\n<tr>\n<td width=\"167\">Temperaturwechsel<\/td>\n<td width=\"95\">-60\u2103 bis +85\u2103<\/td>\n<td width=\"84\">dB\/km<\/td>\n<td width=\"84\">\u22640,03<\/td>\n<td width=\"84\">\u22640,05<\/td>\n<td width=\"84\">\u22640,05<\/td>\n<td width=\"75\">\u22640,05<\/td>\n<\/tr>\n<tr>\n<td width=\"167\">Hohe Temperatur &amp;<\/p>\n<p>Hohe Luftfeuchtigkeit<\/td>\n<td width=\"95\">85\u2103, 85% RH, 30 Tage<\/td>\n<td width=\"84\">dB\/km<\/td>\n<td width=\"84\">\u22640,03<\/td>\n<td width=\"84\">\u22640,05<\/td>\n<td width=\"84\">\u22640,05<\/td>\n<td width=\"75\">\u22640,05<\/td>\n<\/tr>\n<tr>\n<td width=\"167\">Eintauchen in Wasser<\/td>\n<td width=\"95\">23\u2103, 30 Tage<\/td>\n<td width=\"84\">dB\/km<\/td>\n<td width=\"84\">\u22640,03<\/td>\n<td width=\"84\">\u22640,05<\/td>\n<td width=\"84\">\u22640,05<\/td>\n<td width=\"75\">\u22640,05<\/td>\n<\/tr>\n<tr>\n<td width=\"167\">Hochtemperaturalterung<\/td>\n<td width=\"95\">85\u2103, 30 Tage<\/td>\n<td width=\"84\">dB\/km<\/td>\n<td width=\"84\">\u22640,03<\/td>\n<td width=\"84\">\u22640,05<\/td>\n<td width=\"84\">\u22640,05<\/td>\n<td width=\"75\">\u22640,05<\/td>\n<\/tr>\n<\/tbody>\n<\/table>","protected":false},"excerpt":{"rendered":"<p>1F 5,0 mm SM FTTH Drop-Kabel \u2013 HDPE-Hochzugkabel mit doppelter Ummantelung. Verwenden Sie ein Unterkabel mit einem Au\u00dfendurchmesser von 2,0 mm als optisches Kommunikationsmedium. Das Unterkabel ist mit einer Schicht Aramidgarn als Festigkeitstr\u00e4gereinheiten umwickelt. Zwei parallele FRP-Dr\u00e4hte werden auf beiden Seiten des Kabelkerns platziert, w\u00e4hrend ein HDPE-Mantel dar\u00fcber extrudiert wird.   Kabelstruktur und Parameterelemente [\u2026]<\/p>","protected":false},"featured_media":10803,"comment_status":"closed","ping_status":"closed","template":"","meta":{"site-sidebar-layout":"default","site-content-layout":"","ast-site-content-layout":"default","site-content-style":"default","site-sidebar-style":"default","ast-global-header-display":"","ast-banner-title-visibility":"","ast-main-header-display":"","ast-hfb-above-header-display":"","ast-hfb-below-header-display":"","ast-hfb-mobile-header-display":"","site-post-title":"","ast-breadcrumbs-content":"","ast-featured-img":"","footer-sml-layout":"","theme-transparent-header-meta":"default","adv-header-id-meta":"","stick-header-meta":"default","header-above-stick-meta":"","header-main-stick-meta":"","header-below-stick-meta":"","astra-migrate-meta-layouts":"set","ast-page-background-enabled":"default","ast-page-background-meta":{"desktop":{"background-color":"var(--ast-global-color-4)","background-image":"","background-repeat":"repeat","background-position":"center center","background-size":"auto","background-attachment":"scroll","background-type":"","background-media":"","overlay-type":"","overlay-color":"","overlay-gradient":""},"tablet":{"background-color":"","background-image":"","background-repeat":"repeat","background-position":"center center","background-size":"auto","background-attachment":"scroll","background-type":"","background-media":"","overlay-type":"","overlay-color":"","overlay-gradient":""},"mobile":{"background-color":"","background-image":"","background-repeat":"repeat","background-position":"center center","background-size":"auto","background-attachment":"scroll","background-type":"","background-media":"","overlay-type":"","overlay-color":"","overlay-gradient":""}},"ast-content-background-meta":{"desktop":{"background-color":"var(--ast-global-color-5)","background-image":"","background-repeat":"repeat","background-position":"center center","background-size":"auto","background-attachment":"scroll","background-type":"","background-media":"","overlay-type":"","overlay-color":"","overlay-gradient":""},"tablet":{"background-color":"var(--ast-global-color-5)","background-image":"","background-repeat":"repeat","background-position":"center center","background-size":"auto","background-attachment":"scroll","background-type":"","background-media":"","overlay-type":"","overlay-color":"","overlay-gradient":""},"mobile":{"background-color":"var(--ast-global-color-5)","background-image":"","background-repeat":"repeat","background-position":"center center","background-size":"auto","background-attachment":"scroll","background-type":"","background-media":"","overlay-type":"","overlay-color":"","overlay-gradient":""}}},"product_cat":[165,122],"product_tag":[],"class_list":{"0":"post-10801","1":"product","2":"type-product","3":"status-publish","4":"has-post-thumbnail","6":"product_cat-double-sheath-ftth-drop-cable","7":"product_cat-ftth-drop-cable","8":"desktop-align-left","9":"tablet-align-left","10":"mobile-align-left","11":"ast-product-gallery-layout-horizontal-slider","12":"ast-product-tabs-layout-horizontal","14":"first","15":"instock","16":"shipping-taxable","17":"product-type-simple"},"acf":[],"_links":{"self":[{"href":"https:\/\/www.omccable.com\/de\/wp-json\/wp\/v2\/product\/10801","targetHints":{"allow":["GET"]}}],"collection":[{"href":"https:\/\/www.omccable.com\/de\/wp-json\/wp\/v2\/product"}],"about":[{"href":"https:\/\/www.omccable.com\/de\/wp-json\/wp\/v2\/types\/product"}],"replies":[{"embeddable":true,"href":"https:\/\/www.omccable.com\/de\/wp-json\/wp\/v2\/comments?post=10801"}],"version-history":[{"count":2,"href":"https:\/\/www.omccable.com\/de\/wp-json\/wp\/v2\/product\/10801\/revisions"}],"predecessor-version":[{"id":11875,"href":"https:\/\/www.omccable.com\/de\/wp-json\/wp\/v2\/product\/10801\/revisions\/11875"}],"wp:featuredmedia":[{"embeddable":true,"href":"https:\/\/www.omccable.com\/de\/wp-json\/wp\/v2\/media\/10803"}],"wp:attachment":[{"href":"https:\/\/www.omccable.com\/de\/wp-json\/wp\/v2\/media?parent=10801"}],"wp:term":[{"taxonomy":"product_cat","embeddable":true,"href":"https:\/\/www.omccable.com\/de\/wp-json\/wp\/v2\/product_cat?post=10801"},{"taxonomy":"product_tag","embeddable":true,"href":"https:\/\/www.omccable.com\/de\/wp-json\/wp\/v2\/product_tag?post=10801"}],"curies":[{"name":"wp","href":"https:\/\/api.w.org\/{rel}","templated":true}]}}